{"id":5261,"date":"2025-04-22T10:20:08","date_gmt":"2025-04-22T10:20:08","guid":{"rendered":"https:\/\/landuchem.com\/?page_id=5261"},"modified":"2025-08-27T02:50:36","modified_gmt":"2025-08-27T02:50:36","slug":"kanitlanmis-dusuk-cevresel-ayak-izine-sahip-urunler","status":"publish","type":"page","link":"https:\/\/landuchem.com\/tr\/surdurulebilirlik\/gezegenimiz-surdurulebilir-yasam-taahhudumuz\/kanitlanmis-dusuk-cevresel-ayak-izine-sahip-urunler\/","title":{"rendered":"Kan\u0131tlanm\u0131\u015f D\u00fc\u015f\u00fck \u00c7evresel Ayak \u0130zine Sahip \u00dcr\u00fcnler"},"content":{"rendered":"<div data-elementor-type=\"wp-page\" data-elementor-id=\"5261\" class=\"elementor elementor-5261\" data-elementor-post-type=\"page\">\n\t\t\t\t<div class=\"elementor-element elementor-element-4f03674 e-flex e-con-boxed e-con e-parent\" data-id=\"4f03674\" data-element_type=\"container\" data-settings=\"{&quot;background_background&quot;:&quot;classic&quot;,&quot;ekit_has_onepagescroll_dot&quot;:&quot;yes&quot;}\">\n\t\t\t\t\t<div class=\"e-con-inner\">\n\t\t\t\t\t<\/div>\n\t\t\t\t<\/div>\n\t\t<div class=\"elementor-element elementor-element-81264fc e-flex e-con-boxed e-con e-parent\" data-id=\"81264fc\" data-element_type=\"container\" data-settings=\"{&quot;background_background&quot;:&quot;classic&quot;,&quot;ekit_has_onepagescroll_dot&quot;:&quot;yes&quot;}\">\n\t\t\t\t\t<div class=\"e-con-inner\">\n\t\t\t\t<div class=\"elementor-element elementor-element-0977cad elementor-widget elementor-widget-heading\" data-id=\"0977cad\" data-element_type=\"widget\" data-settings=\"{&quot;ekit_we_effect_on&quot;:&quot;none&quot;}\" data-widget_type=\"heading.default\">\n\t\t\t\t<div class=\"elementor-widget-container\">\n\t\t\t\t\t<h2 class=\"elementor-heading-title elementor-size-default\">\u00c7evre Dostu Katk\u0131 Maddeleri ve Minimum \u00c7evresel Etki<\/h2>\t\t\t\t<\/div>\n\t\t\t\t<\/div>\n\t\t\t\t<div class=\"elementor-element elementor-element-247cd03 elementor-widget__width-initial elementor-widget-mobile__width-initial elementor-widget elementor-widget-text-editor\" data-id=\"247cd03\" data-element_type=\"widget\" data-settings=\"{&quot;ekit_we_effect_on&quot;:&quot;none&quot;}\" data-widget_type=\"text-editor.default\">\n\t\t\t\t<div class=\"elementor-widget-container\">\n\t\t\t\t\t\t\t\t\t\u00c7evresel bilincin sekt\u00f6r tart\u0131\u015fmalar\u0131n\u0131n \u00f6n planda oldu\u011fu bir d\u00f6nemde, kimyasal katk\u0131 \u00fcretim sekt\u00f6r\u00fc artan bir denetimle kar\u015f\u0131 kar\u015f\u0131ya. LANDU NOVASTAR \u00e7evre dostu katk\u0131 maddeleri, kirlili\u011fe katk\u0131da bulunmadan biyolojik olarak par\u00e7alanabilir do\u011fas\u0131yla y\u00fckselen bir y\u0131ld\u0131zd\u0131r ve minimum \u00e7evresel etki i\u00e7in umut \u0131\u015f\u0131\u011f\u0131 sunar.\t\t\t\t\t\t\t\t<\/div>\n\t\t\t\t<\/div>\n\t\t\t\t\t<\/div>\n\t\t\t\t<\/div>\n\t\t<div class=\"elementor-element elementor-element-d73a14d e-flex e-con-boxed e-con e-child\" data-id=\"d73a14d\" data-element_type=\"container\" data-settings=\"{&quot;ekit_has_onepagescroll_dot&quot;:&quot;yes&quot;}\">\n\t\t\t\t\t<div class=\"e-con-inner\">\n\t\t\t\t<div class=\"elementor-element elementor-element-4cedc72 elementor-view-default elementor-widget elementor-widget-icon\" data-id=\"4cedc72\" data-element_type=\"widget\" data-settings=\"{&quot;ekit_we_effect_on&quot;:&quot;none&quot;}\" data-widget_type=\"icon.default\">\n\t\t\t\t<div class=\"elementor-widget-container\">\n\t\t\t\t\t\t\t<div class=\"elementor-icon-wrapper\">\n\t\t\t<div class=\"elementor-icon\">\n\t\t\t<svg xmlns=\"http:\/\/www.w3.org\/2000\/svg\" id=\"_&#x56FE;&#x5C42;_2\" data-name=\"&#x56FE;&#x5C42; 2\" viewbox=\"0 0 111.69 167.53\"><defs><style>      .cls-1 {        fill: #fad8be;      }      .cls-1, .cls-2 {        stroke-width: 0px;      }      .cls-2 {        fill: #f47b25;      }    <\/style><\/defs><g id=\"_&#x56FE;&#x5C42;_1-2\" data-name=\"&#x56FE;&#x5C42; 1\"><g><circle class=\"cls-1\" cx=\"55.84\" cy=\"55.84\" r=\"55.84\"><\/circle><circle class=\"cls-2\" cx=\"55.84\" cy=\"111.69\" r=\"55.84\"><\/circle><\/g><\/g><\/svg>\t\t\t<\/div>\n\t\t<\/div>\n\t\t\t\t\t\t<\/div>\n\t\t\t\t<\/div>\n\t\t<div class=\"elementor-element elementor-element-7d8835c e-con-full e-flex e-con e-child\" data-id=\"7d8835c\" data-element_type=\"container\" data-settings=\"{&quot;ekit_has_onepagescroll_dot&quot;:&quot;yes&quot;}\">\n\t\t\t\t<div class=\"elementor-element elementor-element-6682c51 elementor-widget elementor-widget-heading\" data-id=\"6682c51\" data-element_type=\"widget\" data-settings=\"{&quot;ekit_we_effect_on&quot;:&quot;none&quot;}\" data-widget_type=\"heading.default\">\n\t\t\t\t<div class=\"elementor-widget-container\">\n\t\t\t\t\t<h2 class=\"elementor-heading-title elementor-size-default\">LANDU NOVASTAR'\u0131n Ye\u015fil Kimyaya Ba\u011fl\u0131l\u0131\u011f\u0131<\/h2>\t\t\t\t<\/div>\n\t\t\t\t<\/div>\n\t\t\t\t<\/div>\n\t\t\t\t\t<\/div>\n\t\t\t\t<\/div>\n\t\t<div class=\"elementor-element elementor-element-831378a e-flex e-con-boxed e-con e-parent\" data-id=\"831378a\" data-element_type=\"container\" data-settings=\"{&quot;ekit_has_onepagescroll_dot&quot;:&quot;yes&quot;}\">\n\t\t\t\t\t<div class=\"e-con-inner\">\n\t\t<div class=\"elementor-element elementor-element-ade1c49 e-con-full e-flex e-con e-child\" data-id=\"ade1c49\" data-element_type=\"container\" data-settings=\"{&quot;ekit_has_onepagescroll_dot&quot;:&quot;yes&quot;}\">\n\t\t\t\t<div class=\"elementor-element elementor-element-79a58a6 elementor-widget elementor-widget-image\" data-id=\"79a58a6\" data-element_type=\"widget\" data-settings=\"{&quot;ekit_we_effect_on&quot;:&quot;none&quot;}\" data-widget_type=\"image.default\">\n\t\t\t\t<div class=\"elementor-widget-container\">\n\t\t\t\t\t\t\t\t\t\t\t\t\t\t\t<img fetchpriority=\"high\" decoding=\"async\" width=\"800\" height=\"533\" src=\"https:\/\/landuchem.com\/wp-content\/uploads\/2025\/04\/construction-worker-pouring-a-wet-concret-1024x682.jpg\" class=\"attachment-large size-large wp-image-5331\" alt=\"Bir in\u015faat i\u015f\u00e7isi \u0131slak beton d\u00f6k\u00fcyor\" srcset=\"https:\/\/landuchem.com\/wp-content\/uploads\/2025\/04\/construction-worker-pouring-a-wet-concret-1024x682.jpg 1024w, https:\/\/landuchem.com\/wp-content\/uploads\/2025\/04\/construction-worker-pouring-a-wet-concret-300x200.jpg 300w, https:\/\/landuchem.com\/wp-content\/uploads\/2025\/04\/construction-worker-pouring-a-wet-concret-768x512.jpg 768w, https:\/\/landuchem.com\/wp-content\/uploads\/2025\/04\/construction-worker-pouring-a-wet-concret-1536x1024.jpg 1536w, https:\/\/landuchem.com\/wp-content\/uploads\/2025\/04\/construction-worker-pouring-a-wet-concret.jpg 2000w\" sizes=\"(max-width: 800px) 100vw, 800px\" \/>\t\t\t\t\t\t\t\t\t\t\t\t\t\t\t<\/div>\n\t\t\t\t<\/div>\n\t\t\t\t<\/div>\n\t\t<div class=\"elementor-element elementor-element-60e0c4c e-con-full e-flex e-con e-child\" data-id=\"60e0c4c\" data-element_type=\"container\" data-settings=\"{&quot;ekit_has_onepagescroll_dot&quot;:&quot;yes&quot;}\">\n\t\t\t\t<div class=\"elementor-element elementor-element-476d542 elementor-widget elementor-widget-heading\" data-id=\"476d542\" data-element_type=\"widget\" data-settings=\"{&quot;ekit_we_effect_on&quot;:&quot;none&quot;}\" data-widget_type=\"heading.default\">\n\t\t\t\t<div class=\"elementor-widget-container\">\n\t\t\t\t\t<h3 class=\"elementor-heading-title elementor-size-default\">NOVASTAR\u2019\u0131n Yenilenebilir Katk\u0131 Maddeleri Karbon Sal\u0131n\u0131m\u0131n\u0131 Azalt\u0131yor<\/h3>\t\t\t\t<\/div>\n\t\t\t\t<\/div>\n\t\t\t\t<div class=\"elementor-element elementor-element-88b352d elementor-widget elementor-widget-text-editor\" data-id=\"88b352d\" data-element_type=\"widget\" data-settings=\"{&quot;ekit_we_effect_on&quot;:&quot;none&quot;}\" data-widget_type=\"text-editor.default\">\n\t\t\t\t<div class=\"elementor-widget-container\">\n\t\t\t\t\t\t\t\t\t<p>NOVASTAR katk\u0131 maddesi \u00fcretimi, petrol bazl\u0131 malzemeler yerine yenilenebilir kaynaklar\u0131n g\u00fcc\u00fcnden yararlan\u0131r ve karbon emisyonlar\u0131n\u0131 azaltma potansiyeli sunar. \u00d6rne\u011fin, <em><strong>Formaldehit i\u00e7ermeyen polikarboksilat s\u00fcperplastikler<\/strong><\/em> beton performans\u0131n\u0131 optimize etmek, su kullan\u0131m\u0131n\u0131 minimize etmek ve dayan\u0131kl\u0131l\u0131\u011f\u0131 art\u0131rmak \u00fczere tasarlanm\u0131\u015ft\u0131r. Bu, \u00fcretim ve uygulama s\u0131ras\u0131nda enerji t\u00fcketimini azalt\u0131r ve sera gaz\u0131 emisyonlar\u0131n\u0131 d\u00fc\u015f\u00fcr\u00fcr.<\/p>\t\t\t\t\t\t\t\t<\/div>\n\t\t\t\t<\/div>\n\t\t\t\t<\/div>\n\t\t\t\t\t<\/div>\n\t\t\t\t<\/div>\n\t\t<div class=\"elementor-element elementor-element-b257c80 e-flex e-con-boxed e-con e-parent\" data-id=\"b257c80\" data-element_type=\"container\" data-settings=\"{&quot;ekit_has_onepagescroll_dot&quot;:&quot;yes&quot;}\">\n\t\t\t\t\t<div class=\"e-con-inner\">\n\t\t<div class=\"elementor-element elementor-element-41eaf3d e-con-full e-flex e-con e-child\" data-id=\"41eaf3d\" data-element_type=\"container\" data-settings=\"{&quot;ekit_has_onepagescroll_dot&quot;:&quot;yes&quot;}\">\n\t\t\t\t<div class=\"elementor-element elementor-element-7728410 elementor-widget elementor-widget-image\" data-id=\"7728410\" data-element_type=\"widget\" data-settings=\"{&quot;ekit_we_effect_on&quot;:&quot;none&quot;}\" data-widget_type=\"image.default\">\n\t\t\t\t<div class=\"elementor-widget-container\">\n\t\t\t\t\t\t\t\t\t\t\t\t\t\t\t<img decoding=\"async\" width=\"800\" height=\"450\" src=\"https:\/\/landuchem.com\/wp-content\/uploads\/2025\/04\/Sustainable-development-1024x576.jpg\" class=\"attachment-large size-large wp-image-5334\" alt=\"S\u00fcrd\u00fcr\u00fclebilir kalk\u0131nma\" srcset=\"https:\/\/landuchem.com\/wp-content\/uploads\/2025\/04\/Sustainable-development-1024x576.jpg 1024w, https:\/\/landuchem.com\/wp-content\/uploads\/2025\/04\/Sustainable-development-300x169.jpg 300w, https:\/\/landuchem.com\/wp-content\/uploads\/2025\/04\/Sustainable-development-768x432.jpg 768w, https:\/\/landuchem.com\/wp-content\/uploads\/2025\/04\/Sustainable-development-1536x864.jpg 1536w, https:\/\/landuchem.com\/wp-content\/uploads\/2025\/04\/Sustainable-development.jpg 1920w\" sizes=\"(max-width: 800px) 100vw, 800px\" \/>\t\t\t\t\t\t\t\t\t\t\t\t\t\t\t<\/div>\n\t\t\t\t<\/div>\n\t\t\t\t<\/div>\n\t\t<div class=\"elementor-element elementor-element-dfb0fbd e-con-full e-flex e-con e-child\" data-id=\"dfb0fbd\" data-element_type=\"container\" data-settings=\"{&quot;ekit_has_onepagescroll_dot&quot;:&quot;yes&quot;}\">\n\t\t\t\t<div class=\"elementor-element elementor-element-ff0208a elementor-widget elementor-widget-heading\" data-id=\"ff0208a\" data-element_type=\"widget\" data-settings=\"{&quot;ekit_we_effect_on&quot;:&quot;none&quot;}\" data-widget_type=\"heading.default\">\n\t\t\t\t<div class=\"elementor-widget-container\">\n\t\t\t\t\t<h3 class=\"elementor-heading-title elementor-size-default\">Net-S\u0131f\u0131r Hedeflerinden S\u0131f\u0131r At\u0131k Hedeflerine<\/h3>\t\t\t\t<\/div>\n\t\t\t\t<\/div>\n\t\t\t\t<div class=\"elementor-element elementor-element-7473d0a elementor-widget elementor-widget-text-editor\" data-id=\"7473d0a\" data-element_type=\"widget\" data-settings=\"{&quot;ekit_we_effect_on&quot;:&quot;none&quot;}\" data-widget_type=\"text-editor.default\">\n\t\t\t\t<div class=\"elementor-widget-container\">\n\t\t\t\t\t\t\t\t\t<p>Tedarik zincirimizin emisyon azaltma ve net-s\u0131f\u0131r hedefleri belirlemesini ama\u00e7l\u0131yoruz. LANDU fabrikalar\u0131, <em><strong>MVR i\u015flemleri<\/strong><\/em> s\u0131f\u0131r at\u0131k emisyonlar\u0131 ve ISO 14000 uyumu i\u00e7in tan\u0131tt\u0131. Bu geli\u015fmi\u015f tesis, geleneksel buharla\u015ft\u0131rma y\u00f6ntemlerine k\u0131yasla 50% ila 80% aras\u0131nda enerji tasarrufu sa\u011flar, at\u0131klar\u0131 ve emisyonlar\u0131 en aza indirir ve LANDU'nun su ar\u0131t\u0131m\u0131nda s\u0131v\u0131 at\u0131k bo\u015faltma hedeflerine destek oldu\u011funu g\u00f6sterir.<\/p>\t\t\t\t\t\t\t\t<\/div>\n\t\t\t\t<\/div>\n\t\t\t\t<\/div>\n\t\t\t\t\t<\/div>\n\t\t\t\t<\/div>\n\t\t<div class=\"elementor-element elementor-element-1ab39d1 e-flex e-con-boxed e-con e-parent\" data-id=\"1ab39d1\" data-element_type=\"container\" data-settings=\"{&quot;ekit_has_onepagescroll_dot&quot;:&quot;yes&quot;}\">\n\t\t\t\t\t<div class=\"e-con-inner\">\n\t\t<div class=\"elementor-element elementor-element-5463735 e-con-full e-flex e-con e-child\" data-id=\"5463735\" data-element_type=\"container\" data-settings=\"{&quot;ekit_has_onepagescroll_dot&quot;:&quot;yes&quot;}\">\n\t\t\t\t<div class=\"elementor-element elementor-element-197bfca elementor-widget elementor-widget-image\" data-id=\"197bfca\" data-element_type=\"widget\" data-settings=\"{&quot;ekit_we_effect_on&quot;:&quot;none&quot;}\" data-widget_type=\"image.default\">\n\t\t\t\t<div class=\"elementor-widget-container\">\n\t\t\t\t\t\t\t\t\t\t\t\t\t\t\t<img decoding=\"async\" width=\"800\" height=\"533\" src=\"https:\/\/landuchem.com\/wp-content\/uploads\/2025\/04\/environmental-concept-crystal-earth-on-forest-moss-with-fern-and-sunlight-environment-1024x682.jpg\" class=\"attachment-large size-large wp-image-5335\" alt=\"\u00c7evresel kavram - Orman yosunu \u00fczerinde kristal D\u00fcnya, e\u011frelti otu ve g\u00fcne\u015f \u0131\u015f\u0131\u011f\u0131yla \u00e7evre\" srcset=\"https:\/\/landuchem.com\/wp-content\/uploads\/2025\/04\/environmental-concept-crystal-earth-on-forest-moss-with-fern-and-sunlight-environment-1024x682.jpg 1024w, https:\/\/landuchem.com\/wp-content\/uploads\/2025\/04\/environmental-concept-crystal-earth-on-forest-moss-with-fern-and-sunlight-environment-300x200.jpg 300w, https:\/\/landuchem.com\/wp-content\/uploads\/2025\/04\/environmental-concept-crystal-earth-on-forest-moss-with-fern-and-sunlight-environment-768x511.jpg 768w, https:\/\/landuchem.com\/wp-content\/uploads\/2025\/04\/environmental-concept-crystal-earth-on-forest-moss-with-fern-and-sunlight-environment-1536x1023.jpg 1536w, https:\/\/landuchem.com\/wp-content\/uploads\/2025\/04\/environmental-concept-crystal-earth-on-forest-moss-with-fern-and-sunlight-environment.jpg 2000w\" sizes=\"(max-width: 800px) 100vw, 800px\" \/>\t\t\t\t\t\t\t\t\t\t\t\t\t\t\t<\/div>\n\t\t\t\t<\/div>\n\t\t\t\t<\/div>\n\t\t<div class=\"elementor-element elementor-element-09f8348 e-con-full e-flex e-con e-child\" data-id=\"09f8348\" data-element_type=\"container\" data-settings=\"{&quot;ekit_has_onepagescroll_dot&quot;:&quot;yes&quot;}\">\n\t\t\t\t<div class=\"elementor-element elementor-element-f806b7d elementor-widget elementor-widget-heading\" data-id=\"f806b7d\" data-element_type=\"widget\" data-settings=\"{&quot;ekit_we_effect_on&quot;:&quot;none&quot;}\" data-widget_type=\"heading.default\">\n\t\t\t\t<div class=\"elementor-widget-container\">\n\t\t\t\t\t<h3 class=\"elementor-heading-title elementor-size-default\">Payla\u015f\u0131lan Bilgi, Payla\u015f\u0131lan Sorumluluk<\/h3>\t\t\t\t<\/div>\n\t\t\t\t<\/div>\n\t\t\t\t<div class=\"elementor-element elementor-element-5677614 elementor-widget elementor-widget-text-editor\" data-id=\"5677614\" data-element_type=\"widget\" data-settings=\"{&quot;ekit_we_effect_on&quot;:&quot;none&quot;}\" data-widget_type=\"text-editor.default\">\n\t\t\t\t<div class=\"elementor-widget-container\">\n\t\t\t\t\t\t\t\t\t  K\u00fcresel s\u00fcrd\u00fcr\u00fclebilirlik hedeflerimizle uyumlu olarak, LANDU tedarik\u00e7ilerin operasyonlar\u0131n\u0131n genel \u00e7evresel ayak izinde kritik rol oynad\u0131\u011f\u0131n\u0131 kabul eder. Bu nedenle, onlara sera gaz\u0131 emisyonlar\u0131n\u0131 azaltmak i\u00e7in etkili stratejiler ve teknolojiler uygulamalar\u0131nda aktif olarak yard\u0131mc\u0131 oluyoruz. Bilgimizi ve yenilik\u00e7i ara\u00e7lara eri\u015fimimizi payla\u015fmaya hi\u00e7bir \u00e7aba esirgemiyoruz, net-s\u0131f\u0131r ve daha ye\u015fil bir gelecek i\u00e7in birlikte \u00e7al\u0131\u015fan bir a\u011f kuruyoruz.\t\t\t\t\t\t\t\t<\/div>\n\t\t\t\t<\/div>\n\t\t\t\t<\/div>\n\t\t\t\t\t<\/div>\n\t\t\t\t<\/div>\n\t\t\t\t<\/div>","protected":false},"excerpt":{"rendered":"<p>Eco-Friendly Additives with Minimal Environmental Impact In an era where environmental consciousness is at the forefront of industry discussion, the chemical additive manufacturing sector faces growing scrutiny. LANDU NOVASTAR eco-friendly additives are a rising star due to their biodegradable nature without contributing to pollution, offering a glimmer of hope for minimal environmental impact. LANDU NOVASTAR&#8217;s [&hellip;]<\/p>","protected":false},"author":1,"featured_media":0,"parent":4553,"menu_order":0,"comment_status":"closed","ping_status":"closed","template":"elementor_header_footer","meta":{"footnotes":""},"class_list":["post-5261","page","type-page","status-publish","hentry"],"_links":{"self":[{"href":"https:\/\/landuchem.com\/tr\/wp-json\/wp\/v2\/pages\/5261","targetHints":{"allow":["GET"]}}],"collection":[{"href":"https:\/\/landuchem.com\/tr\/wp-json\/wp\/v2\/pages"}],"about":[{"href":"https:\/\/landuchem.com\/tr\/wp-json\/wp\/v2\/types\/page"}],"author":[{"embeddable":true,"href":"https:\/\/landuchem.com\/tr\/wp-json\/wp\/v2\/users\/1"}],"replies":[{"embeddable":true,"href":"https:\/\/landuchem.com\/tr\/wp-json\/wp\/v2\/comments?post=5261"}],"version-history":[{"count":22,"href":"https:\/\/landuchem.com\/tr\/wp-json\/wp\/v2\/pages\/5261\/revisions"}],"predecessor-version":[{"id":13051,"href":"https:\/\/landuchem.com\/tr\/wp-json\/wp\/v2\/pages\/5261\/revisions\/13051"}],"up":[{"embeddable":true,"href":"https:\/\/landuchem.com\/tr\/wp-json\/wp\/v2\/pages\/4553"}],"wp:attachment":[{"href":"https:\/\/landuchem.com\/tr\/wp-json\/wp\/v2\/media?parent=5261"}],"curies":[{"name":"wp","href":"https:\/\/api.w.org\/{rel}","templated":true}]}}