{"id":3648,"date":"2025-04-19T05:09:54","date_gmt":"2025-04-19T05:09:54","guid":{"rendered":"https:\/\/landuchem.com\/?page_id=3648"},"modified":"2025-08-27T03:38:24","modified_gmt":"2025-08-27T03:38:24","slug":"satis-oncesi-hizmet","status":"publish","type":"page","link":"https:\/\/landuchem.com\/tr\/nova-star-hakkinda\/hizmet\/satis-oncesi-hizmet\/","title":{"rendered":"Sat\u0131\u015f \u00d6ncesi Hizmet"},"content":{"rendered":"<div data-elementor-type=\"wp-page\" data-elementor-id=\"3648\" class=\"elementor elementor-3648\" data-elementor-post-type=\"page\">\n\t\t\t\t<div class=\"elementor-element elementor-element-2051b3c e-flex e-con-boxed e-con e-parent\" data-id=\"2051b3c\" data-element_type=\"container\" data-settings=\"{&quot;background_background&quot;:&quot;classic&quot;,&quot;ekit_has_onepagescroll_dot&quot;:&quot;yes&quot;}\">\n\t\t\t\t\t<div class=\"e-con-inner\">\n\t\t\t\t<div class=\"elementor-element elementor-element-a2226f6 elementor-widget__width-initial elementor-widget elementor-widget-text-editor\" data-id=\"a2226f6\" data-element_type=\"widget\" data-settings=\"{&quot;ekit_we_effect_on&quot;:&quot;none&quot;}\" data-widget_type=\"text-editor.default\">\n\t\t\t\t<div class=\"elementor-widget-container\">\n\t\t\t\t\t\t\t\t\t<div data-page-id=\"YXfCd6cw3oQsfux4mvLca0jFnpU\" data-lark-html-role=\"root\" data-docx-has-block-data=\"false\"><div class=\"ace-line ace-line old-record-id-DJqBdNgAJoMSUvxGlbPchTibnVc\">LANDU'da m\u00fc\u015fteri memnuniyeti, yapt\u0131\u011f\u0131m\u0131z her \u015feyin merkezindedir. \u00d6zverili ekibimiz, m\u00fckemmel se\u00e7imi yapman\u0131za yard\u0131mc\u0131 olmak i\u00e7in ki\u015fiselle\u015ftirilmi\u015f sat\u0131\u015f \u00f6ncesi dan\u0131\u015fmanl\u0131klar sa\u011flar.<\/div><\/div>\t\t\t\t\t\t\t\t<\/div>\n\t\t\t\t<\/div>\n\t\t\t\t\t<\/div>\n\t\t\t\t<\/div>\n\t\t<div class=\"elementor-element elementor-element-0474ee4 e-grid e-con-boxed e-con e-parent\" data-id=\"0474ee4\" data-element_type=\"container\" data-settings=\"{&quot;ekit_has_onepagescroll_dot&quot;:&quot;yes&quot;}\">\n\t\t\t\t\t<div class=\"e-con-inner\">\n\t\t<div class=\"elementor-element elementor-element-1966395 e-con-full e-flex e-con e-child\" data-id=\"1966395\" data-element_type=\"container\" data-settings=\"{&quot;ekit_has_onepagescroll_dot&quot;:&quot;yes&quot;}\">\n\t\t\t\t<div class=\"elementor-element elementor-element-4daccdc elementor-widget__width-initial elementor-widget-mobile__width-initial elementor-widget elementor-widget-image\" data-id=\"4daccdc\" data-element_type=\"widget\" data-settings=\"{&quot;ekit_we_effect_on&quot;:&quot;none&quot;}\" data-widget_type=\"image.default\">\n\t\t\t\t<div class=\"elementor-widget-container\">\n\t\t\t\t\t\t\t\t\t\t\t\t\t\t\t<img fetchpriority=\"high\" decoding=\"async\" width=\"800\" height=\"533\" src=\"https:\/\/landuchem.com\/wp-content\/uploads\/2025\/04\/Innovative-Solution-Non-Surface-Treated-1024x682.jpg\" class=\"attachment-large size-large wp-image-6415\" alt=\"Yenilik\u00e7i-\u00c7\u00f6z\u00fcm-Surface-Treated-De\u011fil\" srcset=\"https:\/\/landuchem.com\/wp-content\/uploads\/2025\/04\/Innovative-Solution-Non-Surface-Treated-1024x682.jpg 1024w, https:\/\/landuchem.com\/wp-content\/uploads\/2025\/04\/Innovative-Solution-Non-Surface-Treated-300x200.jpg 300w, https:\/\/landuchem.com\/wp-content\/uploads\/2025\/04\/Innovative-Solution-Non-Surface-Treated-768x512.jpg 768w, https:\/\/landuchem.com\/wp-content\/uploads\/2025\/04\/Innovative-Solution-Non-Surface-Treated.jpg 1400w\" sizes=\"(max-width: 800px) 100vw, 800px\" \/>\t\t\t\t\t\t\t\t\t\t\t\t\t\t\t<\/div>\n\t\t\t\t<\/div>\n\t\t<div class=\"elementor-element elementor-element-da4a131 e-con-full e-flex e-con e-child\" data-id=\"da4a131\" data-element_type=\"container\" data-settings=\"{&quot;ekit_has_onepagescroll_dot&quot;:&quot;yes&quot;}\">\n\t\t\t\t<div class=\"elementor-element elementor-element-a2edb21 elementor-widget elementor-widget-heading\" data-id=\"a2edb21\" data-element_type=\"widget\" data-settings=\"{&quot;ekit_we_effect_on&quot;:&quot;none&quot;}\" data-widget_type=\"heading.default\">\n\t\t\t\t<div class=\"elementor-widget-container\">\n\t\t\t\t\t<h2 class=\"elementor-heading-title elementor-size-default\">\u00dccretsiz Dan\u0131\u015fmanl\u0131k ve Teknik Destek<\/h2>\t\t\t\t<\/div>\n\t\t\t\t<\/div>\n\t\t\t\t<div class=\"elementor-element elementor-element-56c6c3b elementor-widget elementor-widget-text-editor\" data-id=\"56c6c3b\" data-element_type=\"widget\" data-settings=\"{&quot;ekit_we_effect_on&quot;:&quot;none&quot;}\" data-widget_type=\"text-editor.default\">\n\t\t\t\t<div class=\"elementor-widget-container\">\n\t\t\t\t\t\t\t\t\t<p>LANDU, iklim, co\u011frafya, ticaret politikalar\u0131 ve \u00fcr\u00fcn al\u0131\u015fkanl\u0131klar\u0131 gibi b\u00f6lgesel \u00f6zelliklere g\u00f6re b\u00f6lgesel sat\u0131\u015f y\u00f6neticileri atad\u0131. NOVASTAR, katk\u0131 maddesi modifikasyonu ve form\u00fclasyon geli\u015ftirmeye derinlemesine inen profesyonel kimyagerlerimizle kapsaml\u0131 bir destek sistemi kurar. En \u00f6nemlisi, LANDU NOVASTAR, sipari\u015f vermeden \u00f6nce sorununuzu \u00e7\u00f6zmek i\u00e7in \u00dcCRETS\u0130Z dan\u0131\u015fmanl\u0131k ve teknik destek sunar.<\/p>\t\t\t\t\t\t\t\t<\/div>\n\t\t\t\t<\/div>\n\t\t\t\t<div class=\"elementor-element elementor-element-7c81fb9 elementor-align-left elementor-widget elementor-widget-button\" data-id=\"7c81fb9\" data-element_type=\"widget\" data-settings=\"{&quot;ekit_we_effect_on&quot;:&quot;none&quot;}\" data-widget_type=\"button.default\">\n\t\t\t\t<div class=\"elementor-widget-container\">\n\t\t\t\t\t\t\t\t\t<div class=\"elementor-button-wrapper\">\n\t\t\t\t\t<a class=\"elementor-button elementor-button-link elementor-size-sm\" href=\"https:\/\/landuchem.com\/tr\/curl-too-many-subrequests\/\" target=\"_blank\">\n\t\t\t\t\t\t<span class=\"elementor-button-content-wrapper\">\n\t\t\t\t\t\t\t\t\t<span class=\"elementor-button-text\">Bize ula\u015f\u0131n!<\/span>\n\t\t\t\t\t<\/span>\n\t\t\t\t\t<\/a>\n\t\t\t\t<\/div>\n\t\t\t\t\t\t\t\t<\/div>\n\t\t\t\t<\/div>\n\t\t\t\t<\/div>\n\t\t\t\t<\/div>\n\t\t<div class=\"elementor-element elementor-element-31d3051 e-con-full e-flex e-con e-child\" data-id=\"31d3051\" data-element_type=\"container\" data-settings=\"{&quot;ekit_has_onepagescroll_dot&quot;:&quot;yes&quot;}\">\n\t\t\t\t<div class=\"elementor-element elementor-element-4c17855 elementor-widget__width-initial elementor-widget-mobile__width-initial elementor-widget elementor-widget-image\" data-id=\"4c17855\" data-element_type=\"widget\" data-settings=\"{&quot;ekit_we_effect_on&quot;:&quot;none&quot;}\" data-widget_type=\"image.default\">\n\t\t\t\t<div class=\"elementor-widget-container\">\n\t\t\t\t\t\t\t\t\t\t\t\t\t\t\t<img decoding=\"async\" width=\"800\" height=\"451\" src=\"https:\/\/landuchem.com\/wp-content\/uploads\/2025\/04\/Detailed-Guidance-Through-Documents-and-Videos-1024x577.jpg\" class=\"attachment-large size-large wp-image-7083\" alt=\"Dok\u00fcmanlar ve Videolar ile Detayl\u0131 Rehberlik\" srcset=\"https:\/\/landuchem.com\/wp-content\/uploads\/2025\/04\/Detailed-Guidance-Through-Documents-and-Videos-1024x577.jpg 1024w, https:\/\/landuchem.com\/wp-content\/uploads\/2025\/04\/Detailed-Guidance-Through-Documents-and-Videos-300x169.jpg 300w, https:\/\/landuchem.com\/wp-content\/uploads\/2025\/04\/Detailed-Guidance-Through-Documents-and-Videos-768x432.jpg 768w, https:\/\/landuchem.com\/wp-content\/uploads\/2025\/04\/Detailed-Guidance-Through-Documents-and-Videos-1536x865.jpg 1536w, https:\/\/landuchem.com\/wp-content\/uploads\/2025\/04\/Detailed-Guidance-Through-Documents-and-Videos.jpg 1920w\" sizes=\"(max-width: 800px) 100vw, 800px\" \/>\t\t\t\t\t\t\t\t\t\t\t\t\t\t\t<\/div>\n\t\t\t\t<\/div>\n\t\t<div class=\"elementor-element elementor-element-41b4587 e-con-full e-flex e-con e-child\" data-id=\"41b4587\" data-element_type=\"container\" data-settings=\"{&quot;ekit_has_onepagescroll_dot&quot;:&quot;yes&quot;}\">\n\t\t\t\t<div class=\"elementor-element elementor-element-1a2b382 elementor-widget elementor-widget-heading\" data-id=\"1a2b382\" data-element_type=\"widget\" data-settings=\"{&quot;ekit_we_effect_on&quot;:&quot;none&quot;}\" data-widget_type=\"heading.default\">\n\t\t\t\t<div class=\"elementor-widget-container\">\n\t\t\t\t\t<h2 class=\"elementor-heading-title elementor-size-default\">Belgeler ve Videolar ile Detayl\u0131 Rehberlik<\/h2>\t\t\t\t<\/div>\n\t\t\t\t<\/div>\n\t\t\t\t<div class=\"elementor-element elementor-element-4e13482 elementor-widget elementor-widget-text-editor\" data-id=\"4e13482\" data-element_type=\"widget\" data-settings=\"{&quot;ekit_we_effect_on&quot;:&quot;none&quot;}\" data-widget_type=\"text-editor.default\">\n\t\t\t\t<div class=\"elementor-widget-container\">\n\t\t\t\t\t\t\t\t\tLANDU'nun temel hizmeti, test raporlar\u0131 ve teknik veri sayfalar\u0131 gibi detayl\u0131 belgeleri sa\u011flar. Ayr\u0131ca, NOVASTAR \u00fcr\u00fcnleri hakk\u0131nda bilgi edinmenizi kolayla\u015ft\u0131rmak i\u00e7in, LANDU \u00f6zel bir hizmet ba\u015flatt\u0131 ve ihtiya\u00e7lar\u0131n\u0131za g\u00f6re videolar olu\u015fturdu. Anla\u015f\u0131lmas\u0131 kolay ve basit olan bu videolar, kullan\u0131m e\u011fitimleri, performans g\u00f6sterimleri, incelemeler ve amino asit ve sitrik asit bazl\u0131 al\u00e7\u0131 geciktiriciler gibi \u00e7e\u015fitli \u00fcr\u00fcnler aras\u0131ndaki kar\u015f\u0131la\u015ft\u0131rmalar\u0131 i\u00e7erir.\t\t\t\t\t\t\t\t<\/div>\n\t\t\t\t<\/div>\n\t\t\t\t<div class=\"elementor-element elementor-element-9c67579 elementor-align-left elementor-widget elementor-widget-button\" data-id=\"9c67579\" data-element_type=\"widget\" data-settings=\"{&quot;ekit_we_effect_on&quot;:&quot;none&quot;}\" data-widget_type=\"button.default\">\n\t\t\t\t<div class=\"elementor-widget-container\">\n\t\t\t\t\t\t\t\t\t<div class=\"elementor-button-wrapper\">\n\t\t\t\t\t<a class=\"elementor-button elementor-button-link elementor-size-sm\" href=\"https:\/\/landuchem.com\/tr\/nova-star-hakkinda\/video\/\" target=\"_blank\">\n\t\t\t\t\t\t<span class=\"elementor-button-content-wrapper\">\n\t\t\t\t\t\t\t\t\t<span class=\"elementor-button-text\">Novastar\u2122 videosunu inceleyin<\/span>\n\t\t\t\t\t<\/span>\n\t\t\t\t\t<\/a>\n\t\t\t\t<\/div>\n\t\t\t\t\t\t\t\t<\/div>\n\t\t\t\t<\/div>\n\t\t\t\t<\/div>\n\t\t\t\t<\/div>\n\t\t<div class=\"elementor-element elementor-element-11ce1f6 e-con-full e-flex e-con e-child\" data-id=\"11ce1f6\" data-element_type=\"container\" data-settings=\"{&quot;ekit_has_onepagescroll_dot&quot;:&quot;yes&quot;}\">\n\t\t\t\t<div class=\"elementor-element elementor-element-7b18b6a elementor-widget__width-initial elementor-widget-mobile__width-initial elementor-widget elementor-widget-image\" data-id=\"7b18b6a\" data-element_type=\"widget\" data-settings=\"{&quot;ekit_we_effect_on&quot;:&quot;none&quot;}\" data-widget_type=\"image.default\">\n\t\t\t\t<div class=\"elementor-widget-container\">\n\t\t\t\t\t\t\t\t\t\t\t\t\t\t\t<img decoding=\"async\" width=\"800\" height=\"533\" src=\"https:\/\/landuchem.com\/wp-content\/uploads\/2025\/04\/NOVASTAR-product-family-1024x682.jpg\" class=\"attachment-large size-large wp-image-6864\" alt=\"NOVASTAR-\u00fcr\u00fcn ailesi\" srcset=\"https:\/\/landuchem.com\/wp-content\/uploads\/2025\/04\/NOVASTAR-product-family-1024x682.jpg 1024w, https:\/\/landuchem.com\/wp-content\/uploads\/2025\/04\/NOVASTAR-product-family-300x200.jpg 300w, https:\/\/landuchem.com\/wp-content\/uploads\/2025\/04\/NOVASTAR-product-family-768x512.jpg 768w, https:\/\/landuchem.com\/wp-content\/uploads\/2025\/04\/NOVASTAR-product-family.jpg 1400w\" sizes=\"(max-width: 800px) 100vw, 800px\" \/>\t\t\t\t\t\t\t\t\t\t\t\t\t\t\t<\/div>\n\t\t\t\t<\/div>\n\t\t<div class=\"elementor-element elementor-element-c1e1c35 e-con-full e-flex e-con e-child\" data-id=\"c1e1c35\" data-element_type=\"container\" data-settings=\"{&quot;ekit_has_onepagescroll_dot&quot;:&quot;yes&quot;}\">\n\t\t\t\t<div class=\"elementor-element elementor-element-bfc9a00 elementor-widget elementor-widget-heading\" data-id=\"bfc9a00\" data-element_type=\"widget\" data-settings=\"{&quot;ekit_we_effect_on&quot;:&quot;none&quot;}\" data-widget_type=\"heading.default\">\n\t\t\t\t<div class=\"elementor-widget-container\">\n\t\t\t\t\t<h2 class=\"elementor-heading-title elementor-size-default\">Test Raporu ile Birlikte \u00dccretsiz Numune<\/h2>\t\t\t\t<\/div>\n\t\t\t\t<\/div>\n\t\t\t\t<div class=\"elementor-element elementor-element-1cf0a6c elementor-widget elementor-widget-text-editor\" data-id=\"1cf0a6c\" data-element_type=\"widget\" data-settings=\"{&quot;ekit_we_effect_on&quot;:&quot;none&quot;}\" data-widget_type=\"text-editor.default\">\n\t\t\t\t<div class=\"elementor-widget-container\">\n\t\t\t\t\t\t\t\t\t<p>LANDU, \u00fccretsiz numuneler sa\u011flar ve \u00fccretsiz kargo ile deneme ve deneyimleme imkan\u0131 sunar. Numune ihtiya\u00e7lar\u0131n\u0131z\u0131 kar\u015f\u0131lamazsa, NOVASTAR katk\u0131 maddelerinin yeterince iyi performans g\u00f6sterene kadar \u00fccretsiz optimizasyon ve modifikasyon hizmeti sunar\u0131z. Belirli \u00f6zellikler \u00fczerinde test raporu talep eden m\u00fc\u015fterilerimiz i\u00e7in, yenilik\u00e7i g\u00fcc\u00fcm\u00fcz\u00fc tan\u0131tmak ve tam anlam\u0131yla i\u015fbirli\u011fi yapmak isteriz.<\/p>\t\t\t\t\t\t\t\t<\/div>\n\t\t\t\t<\/div>\n\t\t\t\t<div class=\"elementor-element elementor-element-339a272 elementor-align-left elementor-widget elementor-widget-button\" data-id=\"339a272\" data-element_type=\"widget\" data-settings=\"{&quot;ekit_we_effect_on&quot;:&quot;none&quot;}\" data-widget_type=\"button.default\">\n\t\t\t\t<div class=\"elementor-widget-container\">\n\t\t\t\t\t\t\t\t\t<div class=\"elementor-button-wrapper\">\n\t\t\t\t\t<a class=\"elementor-button elementor-button-link elementor-size-sm\" href=\"https:\/\/landuchem.com\/tr\/curl-too-many-subrequests\/\" target=\"_blank\">\n\t\t\t\t\t\t<span class=\"elementor-button-content-wrapper\">\n\t\t\t\t\t\t\t\t\t<span class=\"elementor-button-text\">\u00dccretsiz numune al\u0131n<\/span>\n\t\t\t\t\t<\/span>\n\t\t\t\t\t<\/a>\n\t\t\t\t<\/div>\n\t\t\t\t\t\t\t\t<\/div>\n\t\t\t\t<\/div>\n\t\t\t\t<\/div>\n\t\t\t\t<\/div>\n\t\t\t\t\t<\/div>\n\t\t\t\t<\/div>\n\t\t<div class=\"elementor-element elementor-element-a1d8283 e-flex e-con-boxed e-con e-parent\" data-id=\"a1d8283\" data-element_type=\"container\" data-settings=\"{&quot;ekit_has_onepagescroll_dot&quot;:&quot;yes&quot;}\">\n\t\t\t\t\t<div class=\"e-con-inner\">\n\t\t<div class=\"elementor-element elementor-element-1ff1f3a e-con-full e-flex e-con e-child\" data-id=\"1ff1f3a\" data-element_type=\"container\" data-settings=\"{&quot;ekit_has_onepagescroll_dot&quot;:&quot;yes&quot;}\">\n\t\t\t\t<div class=\"elementor-element elementor-element-ad0f2a2 elementor-widget elementor-widget-heading\" data-id=\"ad0f2a2\" data-element_type=\"widget\" data-settings=\"{&quot;ekit_we_effect_on&quot;:&quot;none&quot;}\" data-widget_type=\"heading.default\">\n\t\t\t\t<div class=\"elementor-widget-container\">\n\t\t\t\t\t<h3 class=\"elementor-heading-title elementor-size-default\">Sat\u0131\u015f \u00d6ncesi Do\u011fru Yap\u0131ld\u0131: Daha Ak\u0131ll\u0131 Kararlar, Daha G\u00fc\u00e7l\u00fc Ortakl\u0131klar<\/h3>\t\t\t\t<\/div>\n\t\t\t\t<\/div>\n\t\t\t\t<div class=\"elementor-element elementor-element-3c892d1 elementor-widget elementor-widget-text-editor\" data-id=\"3c892d1\" data-element_type=\"widget\" data-settings=\"{&quot;ekit_we_effect_on&quot;:&quot;none&quot;}\" data-widget_type=\"text-editor.default\">\n\t\t\t\t<div class=\"elementor-widget-container\">\n\t\t\t\t\t\t\t\t\tLANDU sadece \u00fcr\u00fcnlerle s\u0131n\u0131rl\u0131 de\u011fildir\u2014ba\u015flang\u0131\u00e7tan itibaren sizinle ortakl\u0131k kurar\u0131z. Uzman sat\u0131\u015f \u00f6ncesi hizmetlerimiz, g\u00fcvenle karar vermenize yard\u0131mc\u0131 olur, uzun vadeli ba\u015far\u0131y\u0131 kalite, uzmanl\u0131k ve sars\u0131lmaz destek ile sa\u011flar.\t\t\t\t\t\t\t\t<\/div>\n\t\t\t\t<\/div>\n\t\t\t\t<\/div>\n\t\t<div class=\"elementor-element elementor-element-dba4949 e-con-full e-flex e-con e-child\" data-id=\"dba4949\" data-element_type=\"container\" data-settings=\"{&quot;ekit_has_onepagescroll_dot&quot;:&quot;yes&quot;}\">\n\t\t\t\t<div class=\"elementor-element elementor-element-ff23a43 elementor-align-right elementor-mobile-align-center elementor-widget elementor-widget-button\" data-id=\"ff23a43\" data-element_type=\"widget\" data-settings=\"{&quot;ekit_we_effect_on&quot;:&quot;none&quot;}\" data-widget_type=\"button.default\">\n\t\t\t\t<div class=\"elementor-widget-container\">\n\t\t\t\t\t\t\t\t\t<div class=\"elementor-button-wrapper\">\n\t\t\t\t\t<a class=\"elementor-button elementor-button-link elementor-size-sm\" href=\"https:\/\/landuchem.com\/tr\/curl-too-many-subrequests\/\" target=\"_blank\">\n\t\t\t\t\t\t<span class=\"elementor-button-content-wrapper\">\n\t\t\t\t\t\t\t\t\t<span class=\"elementor-button-text\">Geri bildirimde bulunun<\/span>\n\t\t\t\t\t<\/span>\n\t\t\t\t\t<\/a>\n\t\t\t\t<\/div>\n\t\t\t\t\t\t\t\t<\/div>\n\t\t\t\t<\/div>\n\t\t\t\t<\/div>\n\t\t\t\t\t<\/div>\n\t\t\t\t<\/div>\n\t\t\t\t<\/div>","protected":false},"excerpt":{"rendered":"<p>At LANDU, customer satisfaction is at the heart of everything we do. Our dedicated team provides personalized pre-sale consultations to help you make the perfect choice. Free Consultation and Technical Support LANDU assigned regional sales managers for precision district characteristics, such as weather, geography, trade policies, and product habits and tendencies. NOVASTAR builds a comprehensive [&hellip;]<\/p>","protected":false},"author":1,"featured_media":0,"parent":494,"menu_order":0,"comment_status":"closed","ping_status":"closed","template":"elementor_header_footer","meta":{"footnotes":""},"class_list":["post-3648","page","type-page","status-publish","hentry"],"_links":{"self":[{"href":"https:\/\/landuchem.com\/tr\/wp-json\/wp\/v2\/pages\/3648","targetHints":{"allow":["GET"]}}],"collection":[{"href":"https:\/\/landuchem.com\/tr\/wp-json\/wp\/v2\/pages"}],"about":[{"href":"https:\/\/landuchem.com\/tr\/wp-json\/wp\/v2\/types\/page"}],"author":[{"embeddable":true,"href":"https:\/\/landuchem.com\/tr\/wp-json\/wp\/v2\/users\/1"}],"replies":[{"embeddable":true,"href":"https:\/\/landuchem.com\/tr\/wp-json\/wp\/v2\/comments?post=3648"}],"version-history":[{"count":20,"href":"https:\/\/landuchem.com\/tr\/wp-json\/wp\/v2\/pages\/3648\/revisions"}],"predecessor-version":[{"id":13111,"href":"https:\/\/landuchem.com\/tr\/wp-json\/wp\/v2\/pages\/3648\/revisions\/13111"}],"up":[{"embeddable":true,"href":"https:\/\/landuchem.com\/tr\/wp-json\/wp\/v2\/pages\/494"}],"wp:attachment":[{"href":"https:\/\/landuchem.com\/tr\/wp-json\/wp\/v2\/media?parent=3648"}],"curies":[{"name":"wp","href":"https:\/\/api.w.org\/{rel}","templated":true}]}}