{"id":5143,"date":"2025-04-22T09:21:12","date_gmt":"2025-04-22T09:21:12","guid":{"rendered":"https:\/\/landuchem.com\/?page_id=5143"},"modified":"2025-08-27T03:05:08","modified_gmt":"2025-08-27T03:05:08","slug":"globala-utmaningar-och-hallbara-losningar","status":"publish","type":"page","link":"https:\/\/landuchem.com\/sv\/hallbarhet\/planet-vart-engagemang-for-hallbart-liv\/globala-utmaningar-och-hallbara-losningar\/","title":{"rendered":"Globala Utmaningar och H\u00e5llbara L\u00f6sningar"},"content":{"rendered":"<div data-elementor-type=\"wp-page\" data-elementor-id=\"5143\" class=\"elementor elementor-5143\" data-elementor-post-type=\"page\">\n\t\t\t\t<div class=\"elementor-element elementor-element-4f03674 e-flex e-con-boxed e-con e-parent\" data-id=\"4f03674\" data-element_type=\"container\" data-settings=\"{&quot;background_background&quot;:&quot;classic&quot;,&quot;ekit_has_onepagescroll_dot&quot;:&quot;yes&quot;}\">\n\t\t\t\t\t<div class=\"e-con-inner\">\n\t\t\t\t\t<\/div>\n\t\t\t\t<\/div>\n\t\t<div class=\"elementor-element elementor-element-6df1b60 e-flex e-con-boxed e-con e-parent\" data-id=\"6df1b60\" data-element_type=\"container\" data-settings=\"{&quot;ekit_has_onepagescroll_dot&quot;:&quot;yes&quot;}\">\n\t\t\t\t\t<div class=\"e-con-inner\">\n\t\t<div class=\"elementor-element elementor-element-c51a482 e-con-full e-flex e-con e-child\" data-id=\"c51a482\" data-element_type=\"container\" data-settings=\"{&quot;ekit_has_onepagescroll_dot&quot;:&quot;yes&quot;}\">\n\t\t<div class=\"elementor-element elementor-element-5e3bead e-con-full e-flex e-con e-child\" data-id=\"5e3bead\" data-element_type=\"container\" data-settings=\"{&quot;ekit_has_onepagescroll_dot&quot;:&quot;yes&quot;}\">\n\t\t\t\t<div class=\"elementor-element elementor-element-7936fad elementor-view-default elementor-widget elementor-widget-icon\" data-id=\"7936fad\" data-element_type=\"widget\" data-settings=\"{&quot;ekit_we_effect_on&quot;:&quot;none&quot;}\" data-widget_type=\"icon.default\">\n\t\t\t\t<div class=\"elementor-widget-container\">\n\t\t\t\t\t\t\t<div class=\"elementor-icon-wrapper\">\n\t\t\t<div class=\"elementor-icon\">\n\t\t\t<svg xmlns=\"http:\/\/www.w3.org\/2000\/svg\" id=\"_&#x56FE;&#x5C42;_2\" data-name=\"&#x56FE;&#x5C42; 2\" viewbox=\"0 0 111.69 167.53\"><defs><style>      .cls-1 {        fill: #fad8be;      }      .cls-1, .cls-2 {        stroke-width: 0px;      }      .cls-2 {        fill: #f47b25;      }    <\/style><\/defs><g id=\"_&#x56FE;&#x5C42;_1-2\" data-name=\"&#x56FE;&#x5C42; 1\"><g><circle class=\"cls-1\" cx=\"55.84\" cy=\"55.84\" r=\"55.84\"><\/circle><circle class=\"cls-2\" cx=\"55.84\" cy=\"111.69\" r=\"55.84\"><\/circle><\/g><\/g><\/svg>\t\t\t<\/div>\n\t\t<\/div>\n\t\t\t\t\t\t<\/div>\n\t\t\t\t<\/div>\n\t\t<div class=\"elementor-element elementor-element-2131a80 e-con-full e-flex e-con e-child\" data-id=\"2131a80\" data-element_type=\"container\" data-settings=\"{&quot;ekit_has_onepagescroll_dot&quot;:&quot;yes&quot;}\">\n\t\t\t\t<div class=\"elementor-element elementor-element-7589b6d elementor-widget elementor-widget-heading\" data-id=\"7589b6d\" data-element_type=\"widget\" data-settings=\"{&quot;ekit_we_effect_on&quot;:&quot;none&quot;}\" data-widget_type=\"heading.default\">\n\t\t\t\t<div class=\"elementor-widget-container\">\n\t\t\t\t\t<h2 class=\"elementor-heading-title elementor-size-default\">Att ta itu med globala utmaningar med h\u00e5llbara l\u00f6sningar<\/h2>\t\t\t\t<\/div>\n\t\t\t\t<\/div>\n\t\t\t\t<\/div>\n\t\t\t\t<\/div>\n\t\t\t\t<div class=\"elementor-element elementor-element-bf97e5e elementor-widget elementor-widget-text-editor\" data-id=\"bf97e5e\" data-element_type=\"widget\" data-settings=\"{&quot;ekit_we_effect_on&quot;:&quot;none&quot;}\" data-widget_type=\"text-editor.default\">\n\t\t\t\t<div class=\"elementor-widget-container\">\n\t\t\t\t\t\t\t\t\t<p>Enligt EPA:s 2020 AirToxScreen-data lider ungef\u00e4r 320 miljoner m\u00e4nniskor av en livstidsrisk f\u00f6r cancer fr\u00e5n utomhusexponering f\u00f6r formaldehyd. Detta \u00e4r inte det enda problemet vi st\u00e5r inf\u00f6r. Globala utmaningar, inklusive stigande temperaturer, vattenkvalitetsproblem och f\u00f6rsurning, hotar i \u00f6kande grad. D\u00e4rf\u00f6r tar LANDU ansvar f\u00f6r att erbjuda h\u00e5llbara l\u00f6sningar f\u00f6r att g\u00f6ra skillnad.<\/p>\t\t\t\t\t\t\t\t<\/div>\n\t\t\t\t<\/div>\n\t\t\t\t<div class=\"elementor-element elementor-element-b6d9cce elementor-widget elementor-widget-heading\" data-id=\"b6d9cce\" data-element_type=\"widget\" data-settings=\"{&quot;ekit_we_effect_on&quot;:&quot;none&quot;}\" data-widget_type=\"heading.default\">\n\t\t\t\t<div class=\"elementor-widget-container\">\n\t\t\t\t\t<h2 class=\"elementor-heading-title elementor-size-default\">LANDU NOVASTARs engagemang f\u00f6r milj\u00f6ansvar <\/h2>\t\t\t\t<\/div>\n\t\t\t\t<\/div>\n\t\t\t\t<div class=\"elementor-element elementor-element-0f3da64 elementor-widget elementor-widget-text-editor\" data-id=\"0f3da64\" data-element_type=\"widget\" data-settings=\"{&quot;ekit_we_effect_on&quot;:&quot;none&quot;}\" data-widget_type=\"text-editor.default\">\n\t\t\t\t<div class=\"elementor-widget-container\">\n\t\t\t\t\t\t\t\t\t<p>\u201cV\u00e5rt tidigare arbete visade oss att man dramatiskt kan \u00f6ka betongens prestanda med till\u00e4gg av bara 0,01 \u2013 0,1 procent NOVASTAR Polycarboxylate Superplasticizer\u201d sade LANDU CTO Mr. Sun, som leder forskningen och utvecklingen av h\u00e5llbara l\u00f6sningar. Detta \u00e4r ett exempel p\u00e5 att faktiskt g\u00f6ra f\u00f6r\u00e4ndringar, och denna optimering medf\u00f6r en rad f\u00f6rdelar, inklusive en formaldehydfri struktur.<\/p>\t\t\t\t\t\t\t\t<\/div>\n\t\t\t\t<\/div>\n\t\t\t\t<\/div>\n\t\t<div class=\"elementor-element elementor-element-7a593ba e-con-full e-flex e-con e-child\" data-id=\"7a593ba\" data-element_type=\"container\" data-settings=\"{&quot;ekit_has_onepagescroll_dot&quot;:&quot;yes&quot;}\">\n\t\t\t\t<div class=\"elementor-element elementor-element-27a574f elementor-widget elementor-widget-image\" data-id=\"27a574f\" data-element_type=\"widget\" data-settings=\"{&quot;ekit_we_effect_on&quot;:&quot;none&quot;}\" data-widget_type=\"image.default\">\n\t\t\t\t<div class=\"elementor-widget-container\">\n\t\t\t\t\t\t\t\t\t\t\t\t\t\t\t<img fetchpriority=\"high\" decoding=\"async\" width=\"800\" height=\"533\" src=\"https:\/\/landuchem.com\/wp-content\/uploads\/2025\/04\/coal-power-plant-high-pipes-emitting-black-poisonous-smoke-moving-upwards-1024x682.jpg\" class=\"attachment-large size-large wp-image-5235\" alt=\"Kolkraftverks h\u00f6ga skoror som avger svart giftig r\u00f6k som r\u00f6r sig upp\u00e5t\" srcset=\"https:\/\/landuchem.com\/wp-content\/uploads\/2025\/04\/coal-power-plant-high-pipes-emitting-black-poisonous-smoke-moving-upwards-1024x682.jpg 1024w, https:\/\/landuchem.com\/wp-content\/uploads\/2025\/04\/coal-power-plant-high-pipes-emitting-black-poisonous-smoke-moving-upwards-300x200.jpg 300w, https:\/\/landuchem.com\/wp-content\/uploads\/2025\/04\/coal-power-plant-high-pipes-emitting-black-poisonous-smoke-moving-upwards-768x512.jpg 768w, https:\/\/landuchem.com\/wp-content\/uploads\/2025\/04\/coal-power-plant-high-pipes-emitting-black-poisonous-smoke-moving-upwards-1536x1024.jpg 1536w, https:\/\/landuchem.com\/wp-content\/uploads\/2025\/04\/coal-power-plant-high-pipes-emitting-black-poisonous-smoke-moving-upwards.jpg 2000w\" sizes=\"(max-width: 800px) 100vw, 800px\" \/>\t\t\t\t\t\t\t\t\t\t\t\t\t\t\t<\/div>\n\t\t\t\t<\/div>\n\t\t\t\t<\/div>\n\t\t\t\t\t<\/div>\n\t\t\t\t<\/div>\n\t\t<div class=\"elementor-element elementor-element-62d5ac7 e-flex e-con-boxed e-con e-parent\" data-id=\"62d5ac7\" data-element_type=\"container\" data-settings=\"{&quot;ekit_has_onepagescroll_dot&quot;:&quot;yes&quot;}\">\n\t\t\t\t\t<div class=\"e-con-inner\">\n\t\t<div class=\"elementor-element elementor-element-225ac59 e-con-full e-flex e-con e-child\" data-id=\"225ac59\" data-element_type=\"container\" data-settings=\"{&quot;background_background&quot;:&quot;classic&quot;,&quot;ekit_has_onepagescroll_dot&quot;:&quot;yes&quot;}\">\n\t\t<div class=\"elementor-element elementor-element-4de87ac e-con-full e-flex e-con e-child\" data-id=\"4de87ac\" data-element_type=\"container\" data-settings=\"{&quot;ekit_has_onepagescroll_dot&quot;:&quot;yes&quot;}\">\n\t\t\t\t<div class=\"elementor-element elementor-element-5a452d8 elementor-widget elementor-widget-image\" data-id=\"5a452d8\" data-element_type=\"widget\" data-settings=\"{&quot;ekit_we_effect_on&quot;:&quot;none&quot;}\" data-widget_type=\"image.default\">\n\t\t\t\t<div class=\"elementor-widget-container\">\n\t\t\t\t\t\t\t\t\t\t\t\t\t\t\t<img decoding=\"async\" width=\"800\" height=\"533\" src=\"https:\/\/landuchem.com\/wp-content\/uploads\/2025\/04\/Innovative-Solution-Non-Surface-Treated-1024x682.jpg\" class=\"attachment-large size-large wp-image-6415\" alt=\"Innovativ-L\u00f6sning-Ingen-Ytbehandling\" srcset=\"https:\/\/landuchem.com\/wp-content\/uploads\/2025\/04\/Innovative-Solution-Non-Surface-Treated-1024x682.jpg 1024w, https:\/\/landuchem.com\/wp-content\/uploads\/2025\/04\/Innovative-Solution-Non-Surface-Treated-300x200.jpg 300w, https:\/\/landuchem.com\/wp-content\/uploads\/2025\/04\/Innovative-Solution-Non-Surface-Treated-768x512.jpg 768w, https:\/\/landuchem.com\/wp-content\/uploads\/2025\/04\/Innovative-Solution-Non-Surface-Treated.jpg 1400w\" sizes=\"(max-width: 800px) 100vw, 800px\" \/>\t\t\t\t\t\t\t\t\t\t\t\t\t\t\t<\/div>\n\t\t\t\t<\/div>\n\t\t\t\t<\/div>\n\t\t<div class=\"elementor-element elementor-element-283f9c0 e-con-full e-flex e-con e-child\" data-id=\"283f9c0\" data-element_type=\"container\" data-settings=\"{&quot;ekit_has_onepagescroll_dot&quot;:&quot;yes&quot;}\">\n\t\t\t\t<div class=\"elementor-element elementor-element-426973a elementor-widget-mobile__width-initial elementor-widget elementor-widget-text-editor\" data-id=\"426973a\" data-element_type=\"widget\" data-settings=\"{&quot;ekit_we_effect_on&quot;:&quot;none&quot;}\" data-widget_type=\"text-editor.default\">\n\t\t\t\t<div class=\"elementor-widget-container\">\n\t\t\t\t\t\t\t\t\t<p>Ett team av kemiska och milj\u00f6vetenskapliga forskare vid NOVASTAR arbetar tillsammans f\u00f6r att designa, syntetisera och testa de b\u00e4sta kandidaterna f\u00f6r att effektivt f\u00f6rb\u00e4ttra prestandan hos byggmaterial som torrm\u00f6rtel och kakelklister utan att orsaka f\u00f6roreningar och milj\u00f6belastning. Dessutom har LANDU f\u00f6r att fastst\u00e4lla additives milj\u00f6p\u00e5verkan genomf\u00f6rt toxicitets- och biolognedbrytbarhetstester i v\u00e5rt Laboratorium f\u00f6r milj\u00f6toxikologi.<\/p><div data-page-id=\"FDBjdBSK0o1BaAx0VMAc12Pwnjb\" data-lark-html-role=\"root\" data-docx-has-block-data=\"false\"><div class=\"ace-line ace-line old-record-id-AIo9diD9joC0EIxPkz8cEPhQngf\">Med fokus p\u00e5 gr\u00f6n kemi hela v\u00e4gen, lovar LANDU att kombinera materialvetenskapliga och milj\u00f6vetenskapliga experters f\u00f6rm\u00e5ga att hitta h\u00e5llbara l\u00f6sningar p\u00e5 ett samarbetsvilligt och produktivt s\u00e4tt.<\/div><\/div>\t\t\t\t\t\t\t\t<\/div>\n\t\t\t\t<\/div>\n\t\t\t\t<\/div>\n\t\t\t\t<\/div>\n\t\t\t\t\t<\/div>\n\t\t\t\t<\/div>\n\t\t\t\t<\/div>","protected":false},"excerpt":{"rendered":"<p>Addressing Global Challenges with Sustainable Solutions According to EPA&#8217;s 2020 AirToxScreen data, some 320 million people suffer from a lifetime cancer risk from outdoor exposure to formaldehyde. This is not the only problem we are facing. Global challenges, including rising temperatures, water quality issues, and acidification, are increasingly threatening. Therefore, LANDU shoulders the responsibility to [&hellip;]<\/p>","protected":false},"author":1,"featured_media":0,"parent":4553,"menu_order":0,"comment_status":"closed","ping_status":"closed","template":"elementor_header_footer","meta":{"footnotes":""},"class_list":["post-5143","page","type-page","status-publish","hentry"],"_links":{"self":[{"href":"https:\/\/landuchem.com\/sv\/wp-json\/wp\/v2\/pages\/5143","targetHints":{"allow":["GET"]}}],"collection":[{"href":"https:\/\/landuchem.com\/sv\/wp-json\/wp\/v2\/pages"}],"about":[{"href":"https:\/\/landuchem.com\/sv\/wp-json\/wp\/v2\/types\/page"}],"author":[{"embeddable":true,"href":"https:\/\/landuchem.com\/sv\/wp-json\/wp\/v2\/users\/1"}],"replies":[{"embeddable":true,"href":"https:\/\/landuchem.com\/sv\/wp-json\/wp\/v2\/comments?post=5143"}],"version-history":[{"count":26,"href":"https:\/\/landuchem.com\/sv\/wp-json\/wp\/v2\/pages\/5143\/revisions"}],"predecessor-version":[{"id":13061,"href":"https:\/\/landuchem.com\/sv\/wp-json\/wp\/v2\/pages\/5143\/revisions\/13061"}],"up":[{"embeddable":true,"href":"https:\/\/landuchem.com\/sv\/wp-json\/wp\/v2\/pages\/4553"}],"wp:attachment":[{"href":"https:\/\/landuchem.com\/sv\/wp-json\/wp\/v2\/media?parent=5143"}],"curies":[{"name":"wp","href":"https:\/\/api.w.org\/{rel}","templated":true}]}}