{"id":3647,"date":"2025-04-19T05:10:03","date_gmt":"2025-04-19T05:10:03","guid":{"rendered":"https:\/\/landuchem.com\/?page_id=3647"},"modified":"2025-08-27T03:35:44","modified_gmt":"2025-08-27T03:35:44","slug":"eftermarknadstjanst","status":"publish","type":"page","link":"https:\/\/landuchem.com\/sv\/om-nova-star\/tjanst\/eftermarknadstjanst\/","title":{"rendered":"Eftermarknadstj\u00e4nst"},"content":{"rendered":"<div data-elementor-type=\"wp-page\" data-elementor-id=\"3647\" class=\"elementor elementor-3647\" data-elementor-post-type=\"page\">\n\t\t\t\t<div class=\"elementor-element elementor-element-83034f9 e-flex e-con-boxed e-con e-parent\" data-id=\"83034f9\" data-element_type=\"container\" data-settings=\"{&quot;background_background&quot;:&quot;classic&quot;,&quot;ekit_has_onepagescroll_dot&quot;:&quot;yes&quot;}\">\n\t\t\t\t\t<div class=\"e-con-inner\">\n\t\t\t\t\t<\/div>\n\t\t\t\t<\/div>\n\t\t<div class=\"elementor-element elementor-element-bf115eb e-flex e-con-boxed e-con e-parent\" data-id=\"bf115eb\" data-element_type=\"container\" data-settings=\"{&quot;ekit_has_onepagescroll_dot&quot;:&quot;yes&quot;}\">\n\t\t\t\t\t<div class=\"e-con-inner\">\n\t\t<div class=\"elementor-element elementor-element-cc36c5d e-con-full e-flex e-con e-child\" data-id=\"cc36c5d\" data-element_type=\"container\" data-settings=\"{&quot;ekit_has_onepagescroll_dot&quot;:&quot;yes&quot;}\">\n\t\t\t\t<div class=\"elementor-element elementor-element-5a9b389 elementor-widget elementor-widget-image\" data-id=\"5a9b389\" data-element_type=\"widget\" data-settings=\"{&quot;ekit_we_effect_on&quot;:&quot;none&quot;}\" data-widget_type=\"image.default\">\n\t\t\t\t<div class=\"elementor-widget-container\">\n\t\t\t\t\t\t\t\t\t\t\t\t\t\t\t<img fetchpriority=\"high\" decoding=\"async\" width=\"800\" height=\"533\" src=\"https:\/\/landuchem.com\/wp-content\/uploads\/2025\/04\/NOVASTAR-Laboratory-personnel-1024x682.jpg\" class=\"attachment-large size-large wp-image-6810\" alt=\"NOVASTAR-Laboratoriepersonal\" srcset=\"https:\/\/landuchem.com\/wp-content\/uploads\/2025\/04\/NOVASTAR-Laboratory-personnel-1024x682.jpg 1024w, https:\/\/landuchem.com\/wp-content\/uploads\/2025\/04\/NOVASTAR-Laboratory-personnel-300x200.jpg 300w, https:\/\/landuchem.com\/wp-content\/uploads\/2025\/04\/NOVASTAR-Laboratory-personnel-768x512.jpg 768w, https:\/\/landuchem.com\/wp-content\/uploads\/2025\/04\/NOVASTAR-Laboratory-personnel.jpg 1400w\" sizes=\"(max-width: 800px) 100vw, 800px\" \/>\t\t\t\t\t\t\t\t\t\t\t\t\t\t\t<\/div>\n\t\t\t\t<\/div>\n\t\t\t\t<\/div>\n\t\t<div class=\"elementor-element elementor-element-9aa9c5a e-con-full e-flex e-con e-child\" data-id=\"9aa9c5a\" data-element_type=\"container\" data-settings=\"{&quot;ekit_has_onepagescroll_dot&quot;:&quot;yes&quot;}\">\n\t\t<div class=\"elementor-element elementor-element-2492f90 e-con-full e-flex e-con e-child\" data-id=\"2492f90\" data-element_type=\"container\" data-settings=\"{&quot;ekit_has_onepagescroll_dot&quot;:&quot;yes&quot;}\">\n\t\t\t\t<div class=\"elementor-element elementor-element-cbace70 elementor-view-default elementor-widget elementor-widget-icon\" data-id=\"cbace70\" data-element_type=\"widget\" data-settings=\"{&quot;ekit_we_effect_on&quot;:&quot;none&quot;}\" data-widget_type=\"icon.default\">\n\t\t\t\t<div class=\"elementor-widget-container\">\n\t\t\t\t\t\t\t<div class=\"elementor-icon-wrapper\">\n\t\t\t<div class=\"elementor-icon\">\n\t\t\t<svg xmlns=\"http:\/\/www.w3.org\/2000\/svg\" id=\"_&#x56FE;&#x5C42;_2\" data-name=\"&#x56FE;&#x5C42; 2\" viewbox=\"0 0 111.69 167.53\"><defs><style>      .cls-1 {        fill: #fad8be;      }      .cls-1, .cls-2 {        stroke-width: 0px;      }      .cls-2 {        fill: #f47b25;      }    <\/style><\/defs><g id=\"_&#x56FE;&#x5C42;_1-2\" data-name=\"&#x56FE;&#x5C42; 1\"><g><circle class=\"cls-1\" cx=\"55.84\" cy=\"55.84\" r=\"55.84\"><\/circle><circle class=\"cls-2\" cx=\"55.84\" cy=\"111.69\" r=\"55.84\"><\/circle><\/g><\/g><\/svg>\t\t\t<\/div>\n\t\t<\/div>\n\t\t\t\t\t\t<\/div>\n\t\t\t\t<\/div>\n\t\t<div class=\"elementor-element elementor-element-5eea8b6 e-con-full e-flex e-con e-child\" data-id=\"5eea8b6\" data-element_type=\"container\" data-settings=\"{&quot;ekit_has_onepagescroll_dot&quot;:&quot;yes&quot;}\">\n\t\t\t\t<div class=\"elementor-element elementor-element-90fe95a elementor-widget elementor-widget-heading\" data-id=\"90fe95a\" data-element_type=\"widget\" data-settings=\"{&quot;ekit_we_effect_on&quot;:&quot;none&quot;}\" data-widget_type=\"heading.default\">\n\t\t\t\t<div class=\"elementor-widget-container\">\n\t\t\t\t\t<h2 class=\"elementor-heading-title elementor-size-default\">LANDU Eftermarknadstj\u00e4nst f\u00f6r O\u00f6vertr\u00e4ffad Kundn\u00f6jdhet<\/h2>\t\t\t\t<\/div>\n\t\t\t\t<\/div>\n\t\t\t\t<\/div>\n\t\t\t\t<\/div>\n\t\t\t\t<div class=\"elementor-element elementor-element-137c256 elementor-widget elementor-widget-text-editor\" data-id=\"137c256\" data-element_type=\"widget\" data-settings=\"{&quot;ekit_we_effect_on&quot;:&quot;none&quot;}\" data-widget_type=\"text-editor.default\">\n\t\t\t\t<div class=\"elementor-widget-container\">\n\t\t\t\t\t\t\t\t\t<p>Eftermarknadstj\u00e4nst g\u00f6r LANDU NOVASTAR till skillnad fr\u00e5n v\u00e5ra konkurrenter tack vare v\u00e5r snabba \u00e5tg\u00e4rd och snabbhet i att hantera v\u00e5ra kunders bekymmer. Kundn\u00f6jdhet \u00e4r mer \u00e4n bara ett glatt k\u00f6p\u2014det handlar om exceptionell kvalitet, verkligt v\u00e4rde, s\u00f6ml\u00f6s support och att \u00f6vertr\u00e4ffa f\u00f6rv\u00e4ntningarna vid varje steg. P\u00e5 LANDU levererar vi inte bara produkter\u2014vi levererar fullst\u00e4ndig sinnesro. V\u00e5r helhetsl\u00f6sning f\u00f6r eftermarknadssupport s\u00e4kerst\u00e4ller snabb probleml\u00f6sning, expertunderh\u00e5ll och kontinuerlig produktkvalitet, s\u00e5 att din upplevelse f\u00f6rblir felfri l\u00e5ngt efter k\u00f6pet.<\/p>\t\t\t\t\t\t\t\t<\/div>\n\t\t\t\t<\/div>\n\t\t\t\t<div class=\"elementor-element elementor-element-c5ea5b3 elementor-widget elementor-widget-heading\" data-id=\"c5ea5b3\" data-element_type=\"widget\" data-settings=\"{&quot;ekit_we_effect_on&quot;:&quot;none&quot;}\" data-widget_type=\"heading.default\">\n\t\t\t\t<div class=\"elementor-widget-container\">\n\t\t\t\t\t<h3 class=\"elementor-heading-title elementor-size-default\">Vad som g\u00f6r oss unika<\/h3>\t\t\t\t<\/div>\n\t\t\t\t<\/div>\n\t\t<div class=\"elementor-element elementor-element-3adeefc e-con-full e-grid e-con e-child\" data-id=\"3adeefc\" data-element_type=\"container\" data-settings=\"{&quot;ekit_has_onepagescroll_dot&quot;:&quot;yes&quot;}\">\n\t\t<div class=\"elementor-element elementor-element-1c49876 e-con-full e-flex e-con e-child\" data-id=\"1c49876\" data-element_type=\"container\" data-settings=\"{&quot;background_background&quot;:&quot;classic&quot;,&quot;ekit_has_onepagescroll_dot&quot;:&quot;yes&quot;}\">\n\t\t\t\t<div class=\"elementor-element elementor-element-ee3d7e5 elementor-widget elementor-widget-heading\" data-id=\"ee3d7e5\" data-element_type=\"widget\" data-settings=\"{&quot;ekit_we_effect_on&quot;:&quot;none&quot;}\" data-widget_type=\"heading.default\">\n\t\t\t\t<div class=\"elementor-widget-container\">\n\t\t\t\t\t<h3 class=\"elementor-heading-title elementor-size-default\">Fabriks- och produktinspektioner<\/h3>\t\t\t\t<\/div>\n\t\t\t\t<\/div>\n\t\t\t\t<div class=\"elementor-element elementor-element-7b68211 elementor-widget elementor-widget-text-editor\" data-id=\"7b68211\" data-element_type=\"widget\" data-settings=\"{&quot;ekit_we_effect_on&quot;:&quot;none&quot;}\" data-widget_type=\"text-editor.default\">\n\t\t\t\t<div class=\"elementor-widget-container\">\n\t\t\t\t\t\t\t\t\tIdentifiera och \u00e5tg\u00e4rda potentiella kvalitetsproblem.\t\t\t\t\t\t\t\t<\/div>\n\t\t\t\t<\/div>\n\t\t\t\t<\/div>\n\t\t<div class=\"elementor-element elementor-element-6210cd3 e-con-full e-flex e-con e-child\" data-id=\"6210cd3\" data-element_type=\"container\" data-settings=\"{&quot;background_background&quot;:&quot;classic&quot;,&quot;ekit_has_onepagescroll_dot&quot;:&quot;yes&quot;}\">\n\t\t\t\t<div class=\"elementor-element elementor-element-b7a9141 elementor-widget elementor-widget-heading\" data-id=\"b7a9141\" data-element_type=\"widget\" data-settings=\"{&quot;ekit_we_effect_on&quot;:&quot;none&quot;}\" data-widget_type=\"heading.default\">\n\t\t\t\t<div class=\"elementor-widget-container\">\n\t\t\t\t\t<h3 class=\"elementor-heading-title elementor-size-default\">Dygnet runt experttj\u00e4nst f\u00f6r kunder<\/h3>\t\t\t\t<\/div>\n\t\t\t\t<\/div>\n\t\t\t\t<div class=\"elementor-element elementor-element-d13daa0 elementor-widget elementor-widget-text-editor\" data-id=\"d13daa0\" data-element_type=\"widget\" data-settings=\"{&quot;ekit_we_effect_on&quot;:&quot;none&quot;}\" data-widget_type=\"text-editor.default\">\n\t\t\t\t<div class=\"elementor-widget-container\">\n\t\t\t\t\t\t\t\t\tAlltid h\u00e4r n\u00e4r du beh\u00f6ver oss\t\t\t\t\t\t\t\t<\/div>\n\t\t\t\t<\/div>\n\t\t\t\t<\/div>\n\t\t<div class=\"elementor-element elementor-element-9dd85bd e-con-full e-flex e-con e-child\" data-id=\"9dd85bd\" data-element_type=\"container\" data-settings=\"{&quot;background_background&quot;:&quot;classic&quot;,&quot;ekit_has_onepagescroll_dot&quot;:&quot;yes&quot;}\">\n\t\t\t\t<div class=\"elementor-element elementor-element-509456d elementor-widget elementor-widget-heading\" data-id=\"509456d\" data-element_type=\"widget\" data-settings=\"{&quot;ekit_we_effect_on&quot;:&quot;none&quot;}\" data-widget_type=\"heading.default\">\n\t\t\t\t<div class=\"elementor-widget-container\">\n\t\t\t\t\t<h3 class=\"elementor-heading-title elementor-size-default\">Onsite-utbildning &amp; kunskapsdelning<\/h3>\t\t\t\t<\/div>\n\t\t\t\t<\/div>\n\t\t\t\t<div class=\"elementor-element elementor-element-071b179 elementor-widget elementor-widget-text-editor\" data-id=\"071b179\" data-element_type=\"widget\" data-settings=\"{&quot;ekit_we_effect_on&quot;:&quot;none&quot;}\" data-widget_type=\"text-editor.default\">\n\t\t\t\t<div class=\"elementor-widget-container\">\n\t\t\t\t\t\t\t\t\tF\u00e5 ut det mesta av din investering\t\t\t\t\t\t\t\t<\/div>\n\t\t\t\t<\/div>\n\t\t\t\t<\/div>\n\t\t<div class=\"elementor-element elementor-element-028048a e-con-full e-flex e-con e-child\" data-id=\"028048a\" data-element_type=\"container\" data-settings=\"{&quot;background_background&quot;:&quot;classic&quot;,&quot;ekit_has_onepagescroll_dot&quot;:&quot;yes&quot;}\">\n\t\t\t\t<div class=\"elementor-element elementor-element-79f2f25 elementor-widget elementor-widget-heading\" data-id=\"79f2f25\" data-element_type=\"widget\" data-settings=\"{&quot;ekit_we_effect_on&quot;:&quot;none&quot;}\" data-widget_type=\"heading.default\">\n\t\t\t\t<div class=\"elementor-widget-container\">\n\t\t\t\t\t<h3 class=\"elementor-heading-title elementor-size-default\">Snabba l\u00f6sningar f\u00f6r snabb respons<\/h3>\t\t\t\t<\/div>\n\t\t\t\t<\/div>\n\t\t\t\t<div class=\"elementor-element elementor-element-217ee8b elementor-widget elementor-widget-text-editor\" data-id=\"217ee8b\" data-element_type=\"widget\" data-settings=\"{&quot;ekit_we_effect_on&quot;:&quot;none&quot;}\" data-widget_type=\"text-editor.default\">\n\t\t\t\t<div class=\"elementor-widget-container\">\n\t\t\t\t\t\t\t\t\t<div data-page-id=\"PvAwdeUZLoKrSPxQOzicCRQ2nIc\" data-lark-html-role=\"root\" data-docx-has-block-data=\"false\"><div class=\"old-record-id-Syt3dJhumoZomyxGR2iczcwbnPe\">F\u00f6r att vi vet att f\u00f6rseningar kostar dig pengar<\/div><\/div>\t\t\t\t\t\t\t\t<\/div>\n\t\t\t\t<\/div>\n\t\t\t\t<\/div>\n\t\t\t\t<\/div>\n\t\t\t\t<\/div>\n\t\t\t\t\t<\/div>\n\t\t\t\t<\/div>\n\t\t<div class=\"elementor-element elementor-element-e200906 e-flex e-con-boxed e-con e-parent\" data-id=\"e200906\" data-element_type=\"container\" data-settings=\"{&quot;ekit_has_onepagescroll_dot&quot;:&quot;yes&quot;}\">\n\t\t\t\t\t<div class=\"e-con-inner\">\n\t\t\t\t<div class=\"elementor-element elementor-element-c78c569 elementor-widget-divider--view-line elementor-widget elementor-widget-divider\" data-id=\"c78c569\" data-element_type=\"widget\" data-settings=\"{&quot;ekit_we_effect_on&quot;:&quot;none&quot;}\" data-widget_type=\"divider.default\">\n\t\t\t\t<div class=\"elementor-widget-container\">\n\t\t\t\t\t\t\t<div class=\"elementor-divider\">\n\t\t\t<span class=\"elementor-divider-separator\">\n\t\t\t\t\t\t<\/span>\n\t\t<\/div>\n\t\t\t\t\t\t<\/div>\n\t\t\t\t<\/div>\n\t\t\t\t\t<\/div>\n\t\t\t\t<\/div>\n\t\t<div class=\"elementor-element elementor-element-75f6be4 e-flex e-con-boxed e-con e-parent\" data-id=\"75f6be4\" data-element_type=\"container\" data-settings=\"{&quot;ekit_has_onepagescroll_dot&quot;:&quot;yes&quot;}\">\n\t\t\t\t\t<div class=\"e-con-inner\">\n\t\t<div class=\"elementor-element elementor-element-86cc7d2 e-con-full e-flex e-con e-child\" data-id=\"86cc7d2\" data-element_type=\"container\" data-settings=\"{&quot;ekit_has_onepagescroll_dot&quot;:&quot;yes&quot;}\">\n\t\t\t\t<div class=\"elementor-element elementor-element-55149bd elementor-widget elementor-widget-heading\" data-id=\"55149bd\" data-element_type=\"widget\" data-settings=\"{&quot;ekit_we_effect_on&quot;:&quot;none&quot;}\" data-widget_type=\"heading.default\">\n\t\t\t\t<div class=\"elementor-widget-container\">\n\t\t\t\t\t<h3 class=\"elementor-heading-title elementor-size-default\">Feedbackkanal: Din feedback formar LANDU:s framtid<\/h3>\t\t\t\t<\/div>\n\t\t\t\t<\/div>\n\t\t\t\t<div class=\"elementor-element elementor-element-26a3436 elementor-widget elementor-widget-text-editor\" data-id=\"26a3436\" data-element_type=\"widget\" data-settings=\"{&quot;ekit_we_effect_on&quot;:&quot;none&quot;}\" data-widget_type=\"text-editor.default\">\n\t\t\t\t<div class=\"elementor-widget-container\">\n\t\t\t\t\t\t\t\t\tLANDU:s eftermarknadsteam ansvarar f\u00f6r att samla v\u00e4rdefull feedback fr\u00e5n v\u00e5ra kunder och \u00e4r oumb\u00e4rligt f\u00f6r att utveckla nya produkter och f\u00f6rb\u00e4ttra den totala servicen i framtiden. Om du upplever missn\u00f6je eller ol\u00e4genhet under samarbetet eller hittar information som g\u00f6r dig uppr\u00f6rd eller vilseledd, tveka inte att kontakta oss, s\u00e5 har vi m\u00f6jlighet att r\u00e4tta till och f\u00f6rb\u00e4ttra det.\t\t\t\t\t\t\t\t<\/div>\n\t\t\t\t<\/div>\n\t\t\t\t<\/div>\n\t\t<div class=\"elementor-element elementor-element-021b388 e-con-full e-flex e-con e-child\" data-id=\"021b388\" data-element_type=\"container\" data-settings=\"{&quot;ekit_has_onepagescroll_dot&quot;:&quot;yes&quot;}\">\n\t\t\t\t<div class=\"elementor-element elementor-element-2fb33a0 elementor-align-right elementor-mobile-align-justify elementor-widget elementor-widget-button\" data-id=\"2fb33a0\" data-element_type=\"widget\" data-settings=\"{&quot;ekit_we_effect_on&quot;:&quot;none&quot;}\" data-widget_type=\"button.default\">\n\t\t\t\t<div class=\"elementor-widget-container\">\n\t\t\t\t\t\t\t\t\t<div class=\"elementor-button-wrapper\">\n\t\t\t\t\t<a class=\"elementor-button elementor-button-link elementor-size-sm\" href=\"https:\/\/landuchem.com\/sv\/curl-too-many-subrequests\/\" target=\"_blank\">\n\t\t\t\t\t\t<span class=\"elementor-button-content-wrapper\">\n\t\t\t\t\t\t\t\t\t<span class=\"elementor-button-text\">Ge oss feedback<\/span>\n\t\t\t\t\t<\/span>\n\t\t\t\t\t<\/a>\n\t\t\t\t<\/div>\n\t\t\t\t\t\t\t\t<\/div>\n\t\t\t\t<\/div>\n\t\t\t\t<\/div>\n\t\t\t\t\t<\/div>\n\t\t\t\t<\/div>\n\t\t\t\t<\/div>","protected":false},"excerpt":{"rendered":"<p>LANDU After-Sales Service for Unmatched Customer Satisfaction After-sales service sets LANDU NOVASTAR apart from our competitors due to our prompt action and speed in handling our customers&#8217; concerns. Customer satisfaction is more than just a happy purchase\u2014it\u2019s about exceptional quality, real value, seamless support, and exceeding expectations at every step. At LANDU, we don\u2019t just [&hellip;]<\/p>","protected":false},"author":1,"featured_media":0,"parent":494,"menu_order":0,"comment_status":"closed","ping_status":"closed","template":"elementor_header_footer","meta":{"footnotes":""},"class_list":["post-3647","page","type-page","status-publish","hentry"],"_links":{"self":[{"href":"https:\/\/landuchem.com\/sv\/wp-json\/wp\/v2\/pages\/3647","targetHints":{"allow":["GET"]}}],"collection":[{"href":"https:\/\/landuchem.com\/sv\/wp-json\/wp\/v2\/pages"}],"about":[{"href":"https:\/\/landuchem.com\/sv\/wp-json\/wp\/v2\/types\/page"}],"author":[{"embeddable":true,"href":"https:\/\/landuchem.com\/sv\/wp-json\/wp\/v2\/users\/1"}],"replies":[{"embeddable":true,"href":"https:\/\/landuchem.com\/sv\/wp-json\/wp\/v2\/comments?post=3647"}],"version-history":[{"count":23,"href":"https:\/\/landuchem.com\/sv\/wp-json\/wp\/v2\/pages\/3647\/revisions"}],"predecessor-version":[{"id":13107,"href":"https:\/\/landuchem.com\/sv\/wp-json\/wp\/v2\/pages\/3647\/revisions\/13107"}],"up":[{"embeddable":true,"href":"https:\/\/landuchem.com\/sv\/wp-json\/wp\/v2\/pages\/494"}],"wp:attachment":[{"href":"https:\/\/landuchem.com\/sv\/wp-json\/wp\/v2\/media?parent=3647"}],"curies":[{"name":"wp","href":"https:\/\/api.w.org\/{rel}","templated":true}]}}