{"id":10274,"date":"2025-04-28T12:45:28","date_gmt":"2025-04-28T12:45:28","guid":{"rendered":"https:\/\/landuchem.com\/?page_id=10274"},"modified":"2025-08-26T08:15:18","modified_gmt":"2025-08-26T08:15:18","slug":"samhallsengagemang-och-bidrag","status":"publish","type":"page","link":"https:\/\/landuchem.com\/sv\/hallbarhet\/manniskor-vi-ar-engagerade-i-att-bry-oss-om\/samhallsengagemang-och-bidrag\/","title":{"rendered":"Samh\u00e4llsengagemang och Bidrag"},"content":{"rendered":"<div data-elementor-type=\"wp-page\" data-elementor-id=\"10274\" class=\"elementor elementor-10274\" data-elementor-post-type=\"page\">\n\t\t\t\t<div class=\"elementor-element elementor-element-b8ed35a e-flex e-con-boxed e-con e-parent\" data-id=\"b8ed35a\" data-element_type=\"container\" data-settings=\"{&quot;background_background&quot;:&quot;classic&quot;,&quot;ekit_has_onepagescroll_dot&quot;:&quot;yes&quot;}\">\n\t\t\t\t\t<div class=\"e-con-inner\">\n\t\t\t\t<div class=\"elementor-element elementor-element-a72b32f elementor-widget elementor-widget-heading\" data-id=\"a72b32f\" data-element_type=\"widget\" data-settings=\"{&quot;ekit_we_effect_on&quot;:&quot;none&quot;}\" data-widget_type=\"heading.default\">\n\t\t\t\t<div class=\"elementor-widget-container\">\n\t\t\t\t\t<h1 class=\"elementor-heading-title elementor-size-default\">Samh\u00e4llsengagemang och Bidrag<\/h1>\t\t\t\t<\/div>\n\t\t\t\t<\/div>\n\t\t\t\t<div class=\"elementor-element elementor-element-c986241 elementor-widget__width-initial elementor-widget elementor-widget-text-editor\" data-id=\"c986241\" data-element_type=\"widget\" data-settings=\"{&quot;ekit_we_effect_on&quot;:&quot;none&quot;}\" data-widget_type=\"text-editor.default\">\n\t\t\t\t<div class=\"elementor-widget-container\">\n\t\t\t\t\t\t\t\t\t<p>V\u00e5rt f\u00f6retags sociala ansvar (CSR) \u00e4r en grundl\u00e4ggande del av v\u00e5rt engagemang f\u00f6r och bidrag till en h\u00e5llbar framtid.<\/p>\t\t\t\t\t\t\t\t<\/div>\n\t\t\t\t<\/div>\n\t\t\t\t\t<\/div>\n\t\t\t\t<\/div>\n\t\t<div class=\"elementor-element elementor-element-01a78e7 e-flex e-con-boxed e-con e-parent\" data-id=\"01a78e7\" data-element_type=\"container\" data-settings=\"{&quot;ekit_has_onepagescroll_dot&quot;:&quot;yes&quot;}\">\n\t\t\t\t\t<div class=\"e-con-inner\">\n\t\t<div class=\"elementor-element elementor-element-01b9b7e e-con-full e-flex e-con e-child\" data-id=\"01b9b7e\" data-element_type=\"container\" data-settings=\"{&quot;ekit_has_onepagescroll_dot&quot;:&quot;yes&quot;}\">\n\t\t<div class=\"elementor-element elementor-element-def1aae e-con-full e-flex e-con e-child\" data-id=\"def1aae\" data-element_type=\"container\" data-settings=\"{&quot;ekit_has_onepagescroll_dot&quot;:&quot;yes&quot;}\">\n\t\t\t\t<div class=\"elementor-element elementor-element-011bb68 elementor-view-default elementor-widget elementor-widget-icon\" data-id=\"011bb68\" data-element_type=\"widget\" data-settings=\"{&quot;ekit_we_effect_on&quot;:&quot;none&quot;}\" data-widget_type=\"icon.default\">\n\t\t\t\t<div class=\"elementor-widget-container\">\n\t\t\t\t\t\t\t<div class=\"elementor-icon-wrapper\">\n\t\t\t<div class=\"elementor-icon\">\n\t\t\t<svg xmlns=\"http:\/\/www.w3.org\/2000\/svg\" id=\"_&#x56FE;&#x5C42;_2\" data-name=\"&#x56FE;&#x5C42; 2\" viewbox=\"0 0 111.69 167.53\"><defs><style>      .cls-1 {        fill: #fad8be;      }      .cls-1, .cls-2 {        stroke-width: 0px;      }      .cls-2 {        fill: #f47b25;      }    <\/style><\/defs><g id=\"_&#x56FE;&#x5C42;_1-2\" data-name=\"&#x56FE;&#x5C42; 1\"><g><circle class=\"cls-1\" cx=\"55.84\" cy=\"55.84\" r=\"55.84\"><\/circle><circle class=\"cls-2\" cx=\"55.84\" cy=\"111.69\" r=\"55.84\"><\/circle><\/g><\/g><\/svg>\t\t\t<\/div>\n\t\t<\/div>\n\t\t\t\t\t\t<\/div>\n\t\t\t\t<\/div>\n\t\t<div class=\"elementor-element elementor-element-62e1097 e-con-full e-flex e-con e-child\" data-id=\"62e1097\" data-element_type=\"container\" data-settings=\"{&quot;ekit_has_onepagescroll_dot&quot;:&quot;yes&quot;}\">\n\t\t\t\t<div class=\"elementor-element elementor-element-82bfbfc elementor-widget elementor-widget-heading\" data-id=\"82bfbfc\" data-element_type=\"widget\" data-settings=\"{&quot;ekit_we_effect_on&quot;:&quot;none&quot;}\" data-widget_type=\"heading.default\">\n\t\t\t\t<div class=\"elementor-widget-container\">\n\t\t\t\t\t<h2 class=\"elementor-heading-title elementor-size-default\">Ansvarsfull tillverkningsverksamhet<\/h2>\t\t\t\t<\/div>\n\t\t\t\t<\/div>\n\t\t\t\t<\/div>\n\t\t\t\t<\/div>\n\t\t\t\t<div class=\"elementor-element elementor-element-ba9c8c1 elementor-widget__width-initial elementor-widget elementor-widget-text-editor\" data-id=\"ba9c8c1\" data-element_type=\"widget\" data-settings=\"{&quot;ekit_we_effect_on&quot;:&quot;none&quot;}\" data-widget_type=\"text-editor.default\">\n\t\t\t\t<div class=\"elementor-widget-container\">\n\t\t\t\t\t\t\t\t\t<p>Det f\u00f6rsta steget f\u00f6r att uppfylla socialt ansvar \u00e4r att fullg\u00f6ra f\u00f6retagets skyldigheter v\u00e4l. Vi f\u00f6ljer strikt produktions- och driftskrav f\u00f6r f\u00f6retag som fastst\u00e4lls av lokala lagar och regler, \u00e4r engagerade i att minska milj\u00f6f\u00f6roreningar i det lokala omr\u00e5det och str\u00e4var efter att hantera relationen med det lokala samh\u00e4llet v\u00e4l.<\/p>\t\t\t\t\t\t\t\t<\/div>\n\t\t\t\t<\/div>\n\t\t\t\t<\/div>\n\t\t<div class=\"elementor-element elementor-element-f1217bf e-con-full e-flex e-con e-child\" data-id=\"f1217bf\" data-element_type=\"container\" data-settings=\"{&quot;ekit_has_onepagescroll_dot&quot;:&quot;yes&quot;}\">\n\t\t\t\t<div class=\"elementor-element elementor-element-0b1d572 elementor-widget elementor-widget-image\" data-id=\"0b1d572\" data-element_type=\"widget\" data-settings=\"{&quot;ekit_we_effect_on&quot;:&quot;none&quot;}\" data-widget_type=\"image.default\">\n\t\t\t\t<div class=\"elementor-widget-container\">\n\t\t\t\t\t\t\t\t\t\t\t\t\t\t\t<img fetchpriority=\"high\" decoding=\"async\" width=\"800\" height=\"533\" src=\"https:\/\/landuchem.com\/wp-content\/uploads\/2025\/04\/esg-environmental-social-management-policy-green-heart-in-the-palms--1024x682.jpg\" class=\"attachment-large size-large wp-image-10289\" alt=\"ESG milj\u00f6m\u00e4ssig social f\u00f6rvaltningspolicy. Gr\u00f6nt hj\u00e4rta i handflatorna.\" srcset=\"https:\/\/landuchem.com\/wp-content\/uploads\/2025\/04\/esg-environmental-social-management-policy-green-heart-in-the-palms--1024x682.jpg 1024w, https:\/\/landuchem.com\/wp-content\/uploads\/2025\/04\/esg-environmental-social-management-policy-green-heart-in-the-palms--300x200.jpg 300w, https:\/\/landuchem.com\/wp-content\/uploads\/2025\/04\/esg-environmental-social-management-policy-green-heart-in-the-palms--768x512.jpg 768w, https:\/\/landuchem.com\/wp-content\/uploads\/2025\/04\/esg-environmental-social-management-policy-green-heart-in-the-palms--1536x1024.jpg 1536w, https:\/\/landuchem.com\/wp-content\/uploads\/2025\/04\/esg-environmental-social-management-policy-green-heart-in-the-palms-.jpg 2000w\" sizes=\"(max-width: 800px) 100vw, 800px\" \/>\t\t\t\t\t\t\t\t\t\t\t\t\t\t\t<\/div>\n\t\t\t\t<\/div>\n\t\t\t\t<\/div>\n\t\t\t\t\t<\/div>\n\t\t\t\t<\/div>\n\t\t<div class=\"elementor-element elementor-element-b294607 e-grid e-con-boxed e-con e-parent\" data-id=\"b294607\" data-element_type=\"container\" data-settings=\"{&quot;ekit_has_onepagescroll_dot&quot;:&quot;yes&quot;}\">\n\t\t\t\t\t<div class=\"e-con-inner\">\n\t\t<div class=\"elementor-element elementor-element-d5d513c e-con-full e-flex e-con e-child\" data-id=\"d5d513c\" data-element_type=\"container\" data-settings=\"{&quot;ekit_has_onepagescroll_dot&quot;:&quot;yes&quot;}\">\n\t\t\t\t<div class=\"elementor-element elementor-element-5060f06 elementor-widget elementor-widget-text-editor\" data-id=\"5060f06\" data-element_type=\"widget\" data-settings=\"{&quot;ekit_we_effect_on&quot;:&quot;none&quot;}\" data-widget_type=\"text-editor.default\">\n\t\t\t\t<div class=\"elementor-widget-container\">\n\t\t\t\t\t\t\t\t\tV\u00e5rt f\u00f6retag f\u00f6ljer strikt lagar och regler i lokal verksamhet.\t\t\t\t\t\t\t\t<\/div>\n\t\t\t\t<\/div>\n\t\t\t\t<\/div>\n\t\t<div class=\"elementor-element elementor-element-9840be3 e-con-full e-flex e-con e-child\" data-id=\"9840be3\" data-element_type=\"container\" data-settings=\"{&quot;ekit_has_onepagescroll_dot&quot;:&quot;yes&quot;}\">\n\t\t\t\t<div class=\"elementor-element elementor-element-e3c90a5 elementor-widget elementor-widget-text-editor\" data-id=\"e3c90a5\" data-element_type=\"widget\" data-settings=\"{&quot;ekit_we_effect_on&quot;:&quot;none&quot;}\" data-widget_type=\"text-editor.default\">\n\t\t\t\t<div class=\"elementor-widget-container\">\n\t\t\t\t\t\t\t\t\tF\u00f6renas f\u00f6r att bek\u00e4mpa lokal f\u00f6rorening. Anst\u00e4llda volont\u00e4rar f\u00f6r att hj\u00e4lpa till med \u00e5tervinning av produktionsavfall och delar b\u00e4sta praxis fr\u00e5n kemiindustrin f\u00f6r att g\u00f6ra \u00e5tervinningsprocessen s\u00e4krare f\u00f6r alla f\u00f6reningsvolont\u00e4rer.\t\t\t\t\t\t\t\t<\/div>\n\t\t\t\t<\/div>\n\t\t\t\t<\/div>\n\t\t<div class=\"elementor-element elementor-element-a218f3b e-con-full e-flex e-con e-child\" data-id=\"a218f3b\" data-element_type=\"container\" data-settings=\"{&quot;ekit_has_onepagescroll_dot&quot;:&quot;yes&quot;}\">\n\t\t\t\t<div class=\"elementor-element elementor-element-7044946 elementor-widget elementor-widget-text-editor\" data-id=\"7044946\" data-element_type=\"widget\" data-settings=\"{&quot;ekit_we_effect_on&quot;:&quot;none&quot;}\" data-widget_type=\"text-editor.default\">\n\t\t\t\t<div class=\"elementor-widget-container\">\n\t\t\t\t\t\t\t\t\tP\u00e5 NOVASTAR l\u00e4gger vi stor vikt vid v\u00e5ra relationer med lokala samh\u00e4llen, s\u00e4rskilt d\u00e4r v\u00e5ra verksamheter och fabriker \u00e4r bel\u00e4gna. Vi genomf\u00f6r regelbundna revisioner av varje fabriks prestanda f\u00f6r att s\u00e4kerst\u00e4lla att det lokala samh\u00e4llet \u00e4r informerat och involverat. \t\t\t\t\t\t\t\t<\/div>\n\t\t\t\t<\/div>\n\t\t\t\t<\/div>\n\t\t\t\t\t<\/div>\n\t\t\t\t<\/div>\n\t\t<div class=\"elementor-element elementor-element-cd21dbe e-flex e-con-boxed e-con e-parent\" data-id=\"cd21dbe\" data-element_type=\"container\" data-settings=\"{&quot;background_background&quot;:&quot;classic&quot;,&quot;ekit_has_onepagescroll_dot&quot;:&quot;yes&quot;}\">\n\t\t\t\t\t<div class=\"e-con-inner\">\n\t\t<div class=\"elementor-element elementor-element-0b32905 e-con-full e-flex e-con e-child\" data-id=\"0b32905\" data-element_type=\"container\" data-settings=\"{&quot;ekit_has_onepagescroll_dot&quot;:&quot;yes&quot;}\">\n\t\t\t\t<div class=\"elementor-element elementor-element-7fcd2ec elementor-view-default elementor-widget elementor-widget-icon\" data-id=\"7fcd2ec\" data-element_type=\"widget\" data-settings=\"{&quot;ekit_we_effect_on&quot;:&quot;none&quot;}\" data-widget_type=\"icon.default\">\n\t\t\t\t<div class=\"elementor-widget-container\">\n\t\t\t\t\t\t\t<div class=\"elementor-icon-wrapper\">\n\t\t\t<div class=\"elementor-icon\">\n\t\t\t<svg xmlns=\"http:\/\/www.w3.org\/2000\/svg\" id=\"_&#x56FE;&#x5C42;_2\" data-name=\"&#x56FE;&#x5C42; 2\" viewbox=\"0 0 111.69 167.53\"><defs><style>      .cls-1 {        fill: #fad8be;      }      .cls-1, .cls-2 {        stroke-width: 0px;      }      .cls-2 {        fill: #f47b25;      }    <\/style><\/defs><g id=\"_&#x56FE;&#x5C42;_1-2\" data-name=\"&#x56FE;&#x5C42; 1\"><g><circle class=\"cls-1\" cx=\"55.84\" cy=\"55.84\" r=\"55.84\"><\/circle><circle class=\"cls-2\" cx=\"55.84\" cy=\"111.69\" r=\"55.84\"><\/circle><\/g><\/g><\/svg>\t\t\t<\/div>\n\t\t<\/div>\n\t\t\t\t\t\t<\/div>\n\t\t\t\t<\/div>\n\t\t<div class=\"elementor-element elementor-element-31d6f28 e-con-full e-flex e-con e-child\" data-id=\"31d6f28\" data-element_type=\"container\" data-settings=\"{&quot;ekit_has_onepagescroll_dot&quot;:&quot;yes&quot;}\">\n\t\t\t\t<div class=\"elementor-element elementor-element-a93371c elementor-widget elementor-widget-heading\" data-id=\"a93371c\" data-element_type=\"widget\" data-settings=\"{&quot;ekit_we_effect_on&quot;:&quot;none&quot;}\" data-widget_type=\"heading.default\">\n\t\t\t\t<div class=\"elementor-widget-container\">\n\t\t\t\t\t<h2 class=\"elementor-heading-title elementor-size-default\">St\u00f6d f\u00f6r lokal byggnation och utveckling<\/h2>\t\t\t\t<\/div>\n\t\t\t\t<\/div>\n\t\t\t\t<\/div>\n\t\t\t\t<\/div>\n\t\t\t\t<div class=\"elementor-element elementor-element-8b8497c elementor-widget__width-initial elementor-widget elementor-widget-text-editor\" data-id=\"8b8497c\" data-element_type=\"widget\" data-settings=\"{&quot;ekit_we_effect_on&quot;:&quot;none&quot;}\" data-widget_type=\"text-editor.default\">\n\t\t\t\t<div class=\"elementor-widget-container\">\n\t\t\t\t\t\t\t\t\tP\u00e5 NOVASTAR erk\u00e4nner vi att v\u00e5r framg\u00e5ng \u00e4r djupt sammanl\u00e4nkad med v\u00e4lst\u00e5ndet i de samh\u00e4llen d\u00e4r vi verkar. Ut\u00f6ver aff\u00e4rstillv\u00e4xt \u00e4r vi dedikerade till att skapa varaktigt socialt v\u00e4rde genom att investera i lokal infrastruktur och utbildningsm\u00f6jligheter. V\u00e5ra initiativ fokuserar p\u00e5 att bygga motst\u00e5ndskraftiga samh\u00e4llen, fr\u00e4mja inkluderande tillv\u00e4xt och s\u00e4kerst\u00e4lla h\u00e5llbar utveckling f\u00f6r framtida generationer.\t\t\t\t\t\t\t\t<\/div>\n\t\t\t\t<\/div>\n\t\t<div class=\"elementor-element elementor-element-5db46b7 e-con-full e-flex e-con e-child\" data-id=\"5db46b7\" data-element_type=\"container\" data-settings=\"{&quot;ekit_has_onepagescroll_dot&quot;:&quot;yes&quot;}\">\n\t\t<div class=\"elementor-element elementor-element-15c8607 e-con-full e-flex e-con e-child\" data-id=\"15c8607\" data-element_type=\"container\" data-settings=\"{&quot;ekit_has_onepagescroll_dot&quot;:&quot;yes&quot;}\">\n\t\t\t\t<div class=\"elementor-element elementor-element-3d8989a elementor-widget elementor-widget-image\" data-id=\"3d8989a\" data-element_type=\"widget\" data-settings=\"{&quot;ekit_we_effect_on&quot;:&quot;none&quot;}\" data-widget_type=\"image.default\">\n\t\t\t\t<div class=\"elementor-widget-container\">\n\t\t\t\t\t\t\t\t\t\t\t\t\t\t\t<img decoding=\"async\" width=\"800\" height=\"532\" src=\"https:\/\/landuchem.com\/wp-content\/uploads\/2025\/04\/workers-operating-asphalt-paver-machine-during-road-construction-and-repairing-works-1024x681.jpg\" class=\"attachment-large size-large wp-image-10293\" alt=\"Arbetare som anv\u00e4nder asfaltl\u00e4ggningsmaskin under v\u00e4garbete och reparationer\" srcset=\"https:\/\/landuchem.com\/wp-content\/uploads\/2025\/04\/workers-operating-asphalt-paver-machine-during-road-construction-and-repairing-works-1024x681.jpg 1024w, https:\/\/landuchem.com\/wp-content\/uploads\/2025\/04\/workers-operating-asphalt-paver-machine-during-road-construction-and-repairing-works-300x200.jpg 300w, https:\/\/landuchem.com\/wp-content\/uploads\/2025\/04\/workers-operating-asphalt-paver-machine-during-road-construction-and-repairing-works-768x511.jpg 768w, https:\/\/landuchem.com\/wp-content\/uploads\/2025\/04\/workers-operating-asphalt-paver-machine-during-road-construction-and-repairing-works-1536x1021.jpg 1536w, https:\/\/landuchem.com\/wp-content\/uploads\/2025\/04\/workers-operating-asphalt-paver-machine-during-road-construction-and-repairing-works.jpg 2000w\" sizes=\"(max-width: 800px) 100vw, 800px\" \/>\t\t\t\t\t\t\t\t\t\t\t\t\t\t\t<\/div>\n\t\t\t\t<\/div>\n\t\t\t\t<\/div>\n\t\t<div class=\"elementor-element elementor-element-406f415 e-con-full e-flex e-con e-child\" data-id=\"406f415\" data-element_type=\"container\" data-settings=\"{&quot;ekit_has_onepagescroll_dot&quot;:&quot;yes&quot;}\">\n\t\t\t\t<div class=\"elementor-element elementor-element-c9e63f6 elementor-widget elementor-widget-heading\" data-id=\"c9e63f6\" data-element_type=\"widget\" data-settings=\"{&quot;ekit_we_effect_on&quot;:&quot;none&quot;}\" data-widget_type=\"heading.default\">\n\t\t\t\t<div class=\"elementor-widget-container\">\n\t\t\t\t\t<h3 class=\"elementor-heading-title elementor-size-default\">1. St\u00e4rka lokal infrastruktur<\/h3>\t\t\t\t<\/div>\n\t\t\t\t<\/div>\n\t\t\t\t<div class=\"elementor-element elementor-element-2b7c194 elementor-widget elementor-widget-text-editor\" data-id=\"2b7c194\" data-element_type=\"widget\" data-settings=\"{&quot;ekit_we_effect_on&quot;:&quot;none&quot;}\" data-widget_type=\"text-editor.default\">\n\t\t\t\t<div class=\"elementor-widget-container\">\n\t\t\t\t\t\t\t\t\tVi samarbetar med regeringar och icke-statliga organisationer f\u00f6r att f\u00f6rb\u00e4ttra kritisk infrastruktur, s\u00e5 att samh\u00e4llen f\u00e5r tillg\u00e5ng till viktiga tj\u00e4nster. Partnerskap i v\u00e4gbyggnad och broreparationer f\u00f6r att f\u00f6rb\u00e4ttra r\u00f6rlighet och ekonomisk tillg\u00e5ng.\t\t\t\t\t\t\t\t<\/div>\n\t\t\t\t<\/div>\n\t\t\t\t<\/div>\n\t\t\t\t<\/div>\n\t\t<div class=\"elementor-element elementor-element-b50e368 e-con-full e-flex e-con e-child\" data-id=\"b50e368\" data-element_type=\"container\" data-settings=\"{&quot;ekit_has_onepagescroll_dot&quot;:&quot;yes&quot;}\">\n\t\t<div class=\"elementor-element elementor-element-b5ae74a e-con-full e-flex e-con e-child\" data-id=\"b5ae74a\" data-element_type=\"container\" data-settings=\"{&quot;ekit_has_onepagescroll_dot&quot;:&quot;yes&quot;}\">\n\t\t\t\t<div class=\"elementor-element elementor-element-094dca1 elementor-widget elementor-widget-image\" data-id=\"094dca1\" data-element_type=\"widget\" data-settings=\"{&quot;ekit_we_effect_on&quot;:&quot;none&quot;}\" data-widget_type=\"image.default\">\n\t\t\t\t<div class=\"elementor-widget-container\">\n\t\t\t\t\t\t\t\t\t\t\t\t\t\t\t<img decoding=\"async\" width=\"800\" height=\"533\" src=\"https:\/\/landuchem.com\/wp-content\/uploads\/2025\/04\/happy-asian-children-girl-with-wind-turbine-in-the-garden-1024x682.jpg\" class=\"attachment-large size-large wp-image-10294\" alt=\"Glada asiatiska barnflicka med vindkraftverk i tr\u00e4dg\u00e5rden\" srcset=\"https:\/\/landuchem.com\/wp-content\/uploads\/2025\/04\/happy-asian-children-girl-with-wind-turbine-in-the-garden-1024x682.jpg 1024w, https:\/\/landuchem.com\/wp-content\/uploads\/2025\/04\/happy-asian-children-girl-with-wind-turbine-in-the-garden-300x200.jpg 300w, https:\/\/landuchem.com\/wp-content\/uploads\/2025\/04\/happy-asian-children-girl-with-wind-turbine-in-the-garden-768x512.jpg 768w, https:\/\/landuchem.com\/wp-content\/uploads\/2025\/04\/happy-asian-children-girl-with-wind-turbine-in-the-garden-1536x1024.jpg 1536w, https:\/\/landuchem.com\/wp-content\/uploads\/2025\/04\/happy-asian-children-girl-with-wind-turbine-in-the-garden.jpg 2000w\" sizes=\"(max-width: 800px) 100vw, 800px\" \/>\t\t\t\t\t\t\t\t\t\t\t\t\t\t\t<\/div>\n\t\t\t\t<\/div>\n\t\t\t\t<\/div>\n\t\t<div class=\"elementor-element elementor-element-1442c75 e-con-full e-flex e-con e-child\" data-id=\"1442c75\" data-element_type=\"container\" data-settings=\"{&quot;ekit_has_onepagescroll_dot&quot;:&quot;yes&quot;}\">\n\t\t\t\t<div class=\"elementor-element elementor-element-60bf04f elementor-widget elementor-widget-heading\" data-id=\"60bf04f\" data-element_type=\"widget\" data-settings=\"{&quot;ekit_we_effect_on&quot;:&quot;none&quot;}\" data-widget_type=\"heading.default\">\n\t\t\t\t<div class=\"elementor-widget-container\">\n\t\t\t\t\t<h3 class=\"elementor-heading-title elementor-size-default\">2. St\u00e4rka utbildning &amp; kompetensutveckling<\/h3>\t\t\t\t<\/div>\n\t\t\t\t<\/div>\n\t\t\t\t<div class=\"elementor-element elementor-element-16960ac elementor-widget elementor-widget-text-editor\" data-id=\"16960ac\" data-element_type=\"widget\" data-settings=\"{&quot;ekit_we_effect_on&quot;:&quot;none&quot;}\" data-widget_type=\"text-editor.default\">\n\t\t\t\t<div class=\"elementor-widget-container\">\n\t\t\t\t\t\t\t\t\tUtbildning \u00e4r grunden f\u00f6r social utveckling. Vi investerar i framtidsinriktad l\u00e4rande genom att erbjuda ekonomiskt st\u00f6d och mentorskap till h\u00f6gpotentialstudenter inom tekniska och yrkesinriktade omr\u00e5den. Samarbetar med yrkesskolor f\u00f6r att erbjuda certifierade kompetensprogram (t.ex. f\u00f6rnybar energi, avancerad tillverkning) som \u00e4r i linje med branschens behov.\t\t\t\t\t\t\t\t<\/div>\n\t\t\t\t<\/div>\n\t\t\t\t<\/div>\n\t\t\t\t<\/div>\n\t\t\t\t\t<\/div>\n\t\t\t\t<\/div>\n\t\t\t\t<\/div>","protected":false},"excerpt":{"rendered":"<p>Community Engagement and Contribution Our corporate social responsibility (CSR) is a fundamental element of our commitment to and contribution towards a sustainable future. Responsible Manufacturing Operation The first point of fulfilling social responsibility is to fulfill the duties of the enterprise itself well. We strictly abide by the production operation requirements for enterprises stipulated by [&hellip;]<\/p>","protected":false},"author":1,"featured_media":0,"parent":4745,"menu_order":0,"comment_status":"closed","ping_status":"closed","template":"elementor_header_footer","meta":{"footnotes":""},"class_list":["post-10274","page","type-page","status-publish","hentry"],"_links":{"self":[{"href":"https:\/\/landuchem.com\/sv\/wp-json\/wp\/v2\/pages\/10274","targetHints":{"allow":["GET"]}}],"collection":[{"href":"https:\/\/landuchem.com\/sv\/wp-json\/wp\/v2\/pages"}],"about":[{"href":"https:\/\/landuchem.com\/sv\/wp-json\/wp\/v2\/types\/page"}],"author":[{"embeddable":true,"href":"https:\/\/landuchem.com\/sv\/wp-json\/wp\/v2\/users\/1"}],"replies":[{"embeddable":true,"href":"https:\/\/landuchem.com\/sv\/wp-json\/wp\/v2\/comments?post=10274"}],"version-history":[{"count":11,"href":"https:\/\/landuchem.com\/sv\/wp-json\/wp\/v2\/pages\/10274\/revisions"}],"predecessor-version":[{"id":12980,"href":"https:\/\/landuchem.com\/sv\/wp-json\/wp\/v2\/pages\/10274\/revisions\/12980"}],"up":[{"embeddable":true,"href":"https:\/\/landuchem.com\/sv\/wp-json\/wp\/v2\/pages\/4745"}],"wp:attachment":[{"href":"https:\/\/landuchem.com\/sv\/wp-json\/wp\/v2\/media?parent=10274"}],"curies":[{"name":"wp","href":"https:\/\/api.w.org\/{rel}","templated":true}]}}