{"id":10152,"date":"2025-04-28T10:27:10","date_gmt":"2025-04-28T10:27:10","guid":{"rendered":"https:\/\/landuchem.com\/?page_id=10152"},"modified":"2025-08-27T02:08:56","modified_gmt":"2025-08-27T02:08:56","slug":"samarbeta-om-utbildning-partnerskap-for-kunskap","status":"publish","type":"page","link":"https:\/\/landuchem.com\/sv\/hallbarhet\/valstand-som-starker-samhallet-och-ekonomin\/samarbeta-om-utbildning-partnerskap-for-kunskap\/","title":{"rendered":"Samarbete om Utbildning: Partnerskap f\u00f6r Kunskap"},"content":{"rendered":"<div data-elementor-type=\"wp-page\" data-elementor-id=\"10152\" class=\"elementor elementor-10152\" data-elementor-post-type=\"page\">\n\t\t\t\t<div class=\"elementor-element elementor-element-b8ed35a e-flex e-con-boxed e-con e-parent\" data-id=\"b8ed35a\" data-element_type=\"container\" data-settings=\"{&quot;background_background&quot;:&quot;classic&quot;,&quot;ekit_has_onepagescroll_dot&quot;:&quot;yes&quot;}\">\n\t\t\t\t\t<div class=\"e-con-inner\">\n\t\t\t\t<div class=\"elementor-element elementor-element-a72b32f elementor-widget elementor-widget-heading\" data-id=\"a72b32f\" data-element_type=\"widget\" data-settings=\"{&quot;ekit_we_effect_on&quot;:&quot;none&quot;}\" data-widget_type=\"heading.default\">\n\t\t\t\t<div class=\"elementor-widget-container\">\n\t\t\t\t\t<h1 class=\"elementor-heading-title elementor-size-default\">Samarbete om Utbildning: Partnerskap f\u00f6r Kunskap<\/h1>\t\t\t\t<\/div>\n\t\t\t\t<\/div>\n\t\t\t\t\t<\/div>\n\t\t\t\t<\/div>\n\t\t<div class=\"elementor-element elementor-element-01a78e7 e-flex e-con-boxed e-con e-parent\" data-id=\"01a78e7\" data-element_type=\"container\" data-settings=\"{&quot;ekit_has_onepagescroll_dot&quot;:&quot;yes&quot;}\">\n\t\t\t\t\t<div class=\"e-con-inner\">\n\t\t<div class=\"elementor-element elementor-element-f1217bf e-con-full e-flex e-con e-child\" data-id=\"f1217bf\" data-element_type=\"container\" data-settings=\"{&quot;ekit_has_onepagescroll_dot&quot;:&quot;yes&quot;}\">\n\t\t\t\t<div class=\"elementor-element elementor-element-3153a80 elementor-widget elementor-widget-image\" data-id=\"3153a80\" data-element_type=\"widget\" data-settings=\"{&quot;ekit_we_effect_on&quot;:&quot;none&quot;}\" data-widget_type=\"image.default\">\n\t\t\t\t<div class=\"elementor-widget-container\">\n\t\t\t\t\t\t\t\t\t\t\t\t\t\t\t<img fetchpriority=\"high\" decoding=\"async\" width=\"800\" height=\"533\" src=\"https:\/\/landuchem.com\/wp-content\/uploads\/2025\/04\/analysis-presentation-diverse-business-team-strategy-meeting-professional-training-seminar-1024x682.jpg\" class=\"attachment-large size-large wp-image-10163\" alt=\"analyspresentation m\u00e5ngsidig aff\u00e4rsteamstrategim\u00f6te professionell utbildningsseminarium\" srcset=\"https:\/\/landuchem.com\/wp-content\/uploads\/2025\/04\/analysis-presentation-diverse-business-team-strategy-meeting-professional-training-seminar-1024x682.jpg 1024w, https:\/\/landuchem.com\/wp-content\/uploads\/2025\/04\/analysis-presentation-diverse-business-team-strategy-meeting-professional-training-seminar-300x200.jpg 300w, https:\/\/landuchem.com\/wp-content\/uploads\/2025\/04\/analysis-presentation-diverse-business-team-strategy-meeting-professional-training-seminar-768x512.jpg 768w, https:\/\/landuchem.com\/wp-content\/uploads\/2025\/04\/analysis-presentation-diverse-business-team-strategy-meeting-professional-training-seminar-1536x1024.jpg 1536w, https:\/\/landuchem.com\/wp-content\/uploads\/2025\/04\/analysis-presentation-diverse-business-team-strategy-meeting-professional-training-seminar.jpg 2000w\" sizes=\"(max-width: 800px) 100vw, 800px\" \/>\t\t\t\t\t\t\t\t\t\t\t\t\t\t\t<\/div>\n\t\t\t\t<\/div>\n\t\t\t\t<\/div>\n\t\t<div class=\"elementor-element elementor-element-01b9b7e e-con-full e-flex e-con e-child\" data-id=\"01b9b7e\" data-element_type=\"container\" data-settings=\"{&quot;ekit_has_onepagescroll_dot&quot;:&quot;yes&quot;}\">\n\t\t<div class=\"elementor-element elementor-element-def1aae e-con-full e-flex e-con e-child\" data-id=\"def1aae\" data-element_type=\"container\" data-settings=\"{&quot;ekit_has_onepagescroll_dot&quot;:&quot;yes&quot;}\">\n\t\t\t\t<div class=\"elementor-element elementor-element-011bb68 elementor-view-default elementor-widget elementor-widget-icon\" data-id=\"011bb68\" data-element_type=\"widget\" data-settings=\"{&quot;ekit_we_effect_on&quot;:&quot;none&quot;}\" data-widget_type=\"icon.default\">\n\t\t\t\t<div class=\"elementor-widget-container\">\n\t\t\t\t\t\t\t<div class=\"elementor-icon-wrapper\">\n\t\t\t<div class=\"elementor-icon\">\n\t\t\t<svg xmlns=\"http:\/\/www.w3.org\/2000\/svg\" id=\"_&#x56FE;&#x5C42;_2\" data-name=\"&#x56FE;&#x5C42; 2\" viewbox=\"0 0 111.69 167.53\"><defs><style>      .cls-1 {        fill: #fad8be;      }      .cls-1, .cls-2 {        stroke-width: 0px;      }      .cls-2 {        fill: #f47b25;      }    <\/style><\/defs><g id=\"_&#x56FE;&#x5C42;_1-2\" data-name=\"&#x56FE;&#x5C42; 1\"><g><circle class=\"cls-1\" cx=\"55.84\" cy=\"55.84\" r=\"55.84\"><\/circle><circle class=\"cls-2\" cx=\"55.84\" cy=\"111.69\" r=\"55.84\"><\/circle><\/g><\/g><\/svg>\t\t\t<\/div>\n\t\t<\/div>\n\t\t\t\t\t\t<\/div>\n\t\t\t\t<\/div>\n\t\t<div class=\"elementor-element elementor-element-62e1097 e-con-full e-flex e-con e-child\" data-id=\"62e1097\" data-element_type=\"container\" data-settings=\"{&quot;ekit_has_onepagescroll_dot&quot;:&quot;yes&quot;}\">\n\t\t\t\t<div class=\"elementor-element elementor-element-82bfbfc elementor-widget elementor-widget-heading\" data-id=\"82bfbfc\" data-element_type=\"widget\" data-settings=\"{&quot;ekit_we_effect_on&quot;:&quot;none&quot;}\" data-widget_type=\"heading.default\">\n\t\t\t\t<div class=\"elementor-widget-container\">\n\t\t\t\t\t<h2 class=\"elementor-heading-title elementor-size-default\">LANDU Utbildning och Tr\u00e4ning<\/h2>\t\t\t\t<\/div>\n\t\t\t\t<\/div>\n\t\t\t\t<\/div>\n\t\t\t\t<\/div>\n\t\t\t\t<div class=\"elementor-element elementor-element-ba9c8c1 elementor-widget__width-initial elementor-widget elementor-widget-text-editor\" data-id=\"ba9c8c1\" data-element_type=\"widget\" data-settings=\"{&quot;ekit_we_effect_on&quot;:&quot;none&quot;}\" data-widget_type=\"text-editor.default\">\n\t\t\t\t<div class=\"elementor-widget-container\">\n\t\t\t\t\t\t\t\t\t<p>P\u00e5 LANDU tror vi att utbildning, yrkesutbildning och livsl\u00e5ngt l\u00e4rande \u00e4r centrala pelare f\u00f6r anst\u00e4llningsbarhet, anst\u00e4llning av arbetare och h\u00e5llbar f\u00f6retagsutveckling. V\u00e5r utmaning som utbildare \u00e4r dock hur man g\u00f6r resurser mer tillg\u00e4ngliga f\u00f6r fler m\u00e4nniskor \u00f6ver hela v\u00e4rlden.<\/p>\t\t\t\t\t\t\t\t<\/div>\n\t\t\t\t<\/div>\n\t\t\t\t<\/div>\n\t\t\t\t\t<\/div>\n\t\t\t\t<\/div>\n\t\t<div class=\"elementor-element elementor-element-cdd4f62 e-flex e-con-boxed e-con e-child\" data-id=\"cdd4f62\" data-element_type=\"container\" data-settings=\"{&quot;background_background&quot;:&quot;classic&quot;,&quot;ekit_has_onepagescroll_dot&quot;:&quot;yes&quot;}\">\n\t\t\t\t\t<div class=\"e-con-inner\">\n\t\t\t\t<div class=\"elementor-element elementor-element-2fd94f0 elementor-view-default elementor-widget elementor-widget-icon\" data-id=\"2fd94f0\" data-element_type=\"widget\" data-settings=\"{&quot;ekit_we_effect_on&quot;:&quot;none&quot;}\" data-widget_type=\"icon.default\">\n\t\t\t\t<div class=\"elementor-widget-container\">\n\t\t\t\t\t\t\t<div class=\"elementor-icon-wrapper\">\n\t\t\t<div class=\"elementor-icon\">\n\t\t\t<svg xmlns=\"http:\/\/www.w3.org\/2000\/svg\" id=\"_&#x56FE;&#x5C42;_2\" data-name=\"&#x56FE;&#x5C42; 2\" viewbox=\"0 0 111.69 167.53\"><defs><style>      .cls-1 {        fill: #fad8be;      }      .cls-1, .cls-2 {        stroke-width: 0px;      }      .cls-2 {        fill: #f47b25;      }    <\/style><\/defs><g id=\"_&#x56FE;&#x5C42;_1-2\" data-name=\"&#x56FE;&#x5C42; 1\"><g><circle class=\"cls-1\" cx=\"55.84\" cy=\"55.84\" r=\"55.84\"><\/circle><circle class=\"cls-2\" cx=\"55.84\" cy=\"111.69\" r=\"55.84\"><\/circle><\/g><\/g><\/svg>\t\t\t<\/div>\n\t\t<\/div>\n\t\t\t\t\t\t<\/div>\n\t\t\t\t<\/div>\n\t\t<div class=\"elementor-element elementor-element-ce91f25 e-con-full e-flex e-con e-child\" data-id=\"ce91f25\" data-element_type=\"container\" data-settings=\"{&quot;ekit_has_onepagescroll_dot&quot;:&quot;yes&quot;}\">\n\t\t\t\t<div class=\"elementor-element elementor-element-f6e1022 elementor-widget elementor-widget-heading\" data-id=\"f6e1022\" data-element_type=\"widget\" data-settings=\"{&quot;ekit_we_effect_on&quot;:&quot;none&quot;}\" data-widget_type=\"heading.default\">\n\t\t\t\t<div class=\"elementor-widget-container\">\n\t\t\t\t\t<h2 class=\"elementor-heading-title elementor-size-default\">Genomf\u00f6rande av utbildningsprojekt genom partnerskap och samarbeten<\/h2>\t\t\t\t<\/div>\n\t\t\t\t<\/div>\n\t\t\t\t<\/div>\n\t\t\t\t\t<\/div>\n\t\t\t\t<\/div>\n\t\t<div class=\"elementor-element elementor-element-67131e5 e-grid e-con-boxed e-con e-parent\" data-id=\"67131e5\" data-element_type=\"container\" data-settings=\"{&quot;background_background&quot;:&quot;classic&quot;,&quot;ekit_has_onepagescroll_dot&quot;:&quot;yes&quot;}\">\n\t\t\t\t\t<div class=\"e-con-inner\">\n\t\t<div class=\"elementor-element elementor-element-eb6d371 e-con-full e-flex e-con e-child\" data-id=\"eb6d371\" data-element_type=\"container\" data-settings=\"{&quot;ekit_has_onepagescroll_dot&quot;:&quot;yes&quot;}\">\n\t\t<div class=\"elementor-element elementor-element-7f28e32 e-con-full e-flex e-con e-child\" data-id=\"7f28e32\" data-element_type=\"container\" data-settings=\"{&quot;ekit_has_onepagescroll_dot&quot;:&quot;yes&quot;}\">\n\t\t\t\t<div class=\"elementor-element elementor-element-b4ff7a4 elementor-widget elementor-widget-heading\" data-id=\"b4ff7a4\" data-element_type=\"widget\" data-settings=\"{&quot;ekit_we_effect_on&quot;:&quot;none&quot;}\" data-widget_type=\"heading.default\">\n\t\t\t\t<div class=\"elementor-widget-container\">\n\t\t\t\t\t<h3 class=\"elementor-heading-title elementor-size-default\">Offline offentlig f\u00f6rel\u00e4sning<\/h3>\t\t\t\t<\/div>\n\t\t\t\t<\/div>\n\t\t\t\t<div class=\"elementor-element elementor-element-74ba137 elementor-widget elementor-widget-text-editor\" data-id=\"74ba137\" data-element_type=\"widget\" data-settings=\"{&quot;ekit_we_effect_on&quot;:&quot;none&quot;}\" data-widget_type=\"text-editor.default\">\n\t\t\t\t<div class=\"elementor-widget-container\">\n\t\t\t\t\t\t\t\t\tGenom \u00f6ppningssamh\u00e4llsutbildningens form av offentlig f\u00f6rel\u00e4sning genomf\u00f6rde LANDU \u2018bygdens byggnadskurs\u2019 och organiserade ingenj\u00f6rer fr\u00e5n LANDU NOVASTAR-teamet och v\u00e5rt partnerskapsn\u00e4tverk f\u00f6r att tillhandah\u00e5lla teknisk tr\u00e4ning f\u00f6r l\u00e4nets byggnadsteam, med projektomarbetningsgraden minskad med 35%.\t\t\t\t\t\t\t\t<\/div>\n\t\t\t\t<\/div>\n\t\t\t\t<\/div>\n\t\t<div class=\"elementor-element elementor-element-bbb340f e-con-full e-flex e-con e-child\" data-id=\"bbb340f\" data-element_type=\"container\" data-settings=\"{&quot;ekit_has_onepagescroll_dot&quot;:&quot;yes&quot;}\">\n\t\t\t\t<div class=\"elementor-element elementor-element-a88ab2c elementor-widget elementor-widget-image\" data-id=\"a88ab2c\" data-element_type=\"widget\" data-settings=\"{&quot;ekit_we_effect_on&quot;:&quot;none&quot;}\" data-widget_type=\"image.default\">\n\t\t\t\t<div class=\"elementor-widget-container\">\n\t\t\t\t\t\t\t\t\t\t\t\t\t\t\t<img decoding=\"async\" width=\"800\" height=\"533\" src=\"https:\/\/landuchem.com\/wp-content\/uploads\/2025\/04\/rear-view-of-caucasian-businessman-giving-presentation-in-front-of-audience-in-auditorium-1024x682.jpg\" class=\"attachment-large size-large wp-image-10165\" alt=\"Baksidan av en kaukasisk aff\u00e4rsman som h\u00e5ller presentation framf\u00f6r publik i auditorium\" srcset=\"https:\/\/landuchem.com\/wp-content\/uploads\/2025\/04\/rear-view-of-caucasian-businessman-giving-presentation-in-front-of-audience-in-auditorium-1024x682.jpg 1024w, https:\/\/landuchem.com\/wp-content\/uploads\/2025\/04\/rear-view-of-caucasian-businessman-giving-presentation-in-front-of-audience-in-auditorium-300x200.jpg 300w, https:\/\/landuchem.com\/wp-content\/uploads\/2025\/04\/rear-view-of-caucasian-businessman-giving-presentation-in-front-of-audience-in-auditorium-768x512.jpg 768w, https:\/\/landuchem.com\/wp-content\/uploads\/2025\/04\/rear-view-of-caucasian-businessman-giving-presentation-in-front-of-audience-in-auditorium-1536x1024.jpg 1536w, https:\/\/landuchem.com\/wp-content\/uploads\/2025\/04\/rear-view-of-caucasian-businessman-giving-presentation-in-front-of-audience-in-auditorium.jpg 2000w\" sizes=\"(max-width: 800px) 100vw, 800px\" \/>\t\t\t\t\t\t\t\t\t\t\t\t\t\t\t<\/div>\n\t\t\t\t<\/div>\n\t\t\t\t<\/div>\n\t\t\t\t<\/div>\n\t\t<div class=\"elementor-element elementor-element-244d1a6 e-con-full e-flex e-con e-child\" data-id=\"244d1a6\" data-element_type=\"container\" data-settings=\"{&quot;ekit_has_onepagescroll_dot&quot;:&quot;yes&quot;}\">\n\t\t<div class=\"elementor-element elementor-element-02d49eb e-con-full e-flex e-con e-child\" data-id=\"02d49eb\" data-element_type=\"container\" data-settings=\"{&quot;ekit_has_onepagescroll_dot&quot;:&quot;yes&quot;}\">\n\t\t\t\t<div class=\"elementor-element elementor-element-fdb449b elementor-widget elementor-widget-heading\" data-id=\"fdb449b\" data-element_type=\"widget\" data-settings=\"{&quot;ekit_we_effect_on&quot;:&quot;none&quot;}\" data-widget_type=\"heading.default\">\n\t\t\t\t<div class=\"elementor-widget-container\">\n\t\t\t\t\t<h3 class=\"elementor-heading-title elementor-size-default\">Online utbildningssamarbete Meta-rymd<\/h3>\t\t\t\t<\/div>\n\t\t\t\t<\/div>\n\t\t\t\t<div class=\"elementor-element elementor-element-b316769 elementor-widget elementor-widget-text-editor\" data-id=\"b316769\" data-element_type=\"widget\" data-settings=\"{&quot;ekit_we_effect_on&quot;:&quot;none&quot;}\" data-widget_type=\"text-editor.default\">\n\t\t\t\t<div class=\"elementor-widget-container\">\n\t\t\t\t\t\t\t\t\tLANDU kommer att bygga en korridor av tillsatsmaterialens historia f\u00f6r byggmaterial f\u00f6r studenter som specialiserar sig p\u00e5 Materialkemi, eller alla som \u00e4r intresserade av denna bransch. Vi vill fungera som en bro f\u00f6r att fylla gapet mellan v\u00e5r praktiska kunskap och de yngre generationernas tankar f\u00f6r att bryta ut fler innovativa och effektiva genombrott.\t\t\t\t\t\t\t\t<\/div>\n\t\t\t\t<\/div>\n\t\t\t\t<\/div>\n\t\t<div class=\"elementor-element elementor-element-7ff3826 e-con-full e-flex e-con e-child\" data-id=\"7ff3826\" data-element_type=\"container\" data-settings=\"{&quot;ekit_has_onepagescroll_dot&quot;:&quot;yes&quot;}\">\n\t\t\t\t<div class=\"elementor-element elementor-element-5ecc432 elementor-widget elementor-widget-image\" data-id=\"5ecc432\" data-element_type=\"widget\" data-settings=\"{&quot;ekit_we_effect_on&quot;:&quot;none&quot;}\" data-widget_type=\"image.default\">\n\t\t\t\t<div class=\"elementor-widget-container\">\n\t\t\t\t\t\t\t\t\t\t\t\t\t\t\t<img decoding=\"async\" width=\"800\" height=\"533\" src=\"https:\/\/landuchem.com\/wp-content\/uploads\/2025\/04\/online-education--1024x682.jpg\" class=\"attachment-large size-large wp-image-10166\" alt=\"online utbildning.\" srcset=\"https:\/\/landuchem.com\/wp-content\/uploads\/2025\/04\/online-education--1024x682.jpg 1024w, https:\/\/landuchem.com\/wp-content\/uploads\/2025\/04\/online-education--300x200.jpg 300w, https:\/\/landuchem.com\/wp-content\/uploads\/2025\/04\/online-education--768x512.jpg 768w, https:\/\/landuchem.com\/wp-content\/uploads\/2025\/04\/online-education--1536x1024.jpg 1536w, https:\/\/landuchem.com\/wp-content\/uploads\/2025\/04\/online-education-.jpg 2000w\" sizes=\"(max-width: 800px) 100vw, 800px\" \/>\t\t\t\t\t\t\t\t\t\t\t\t\t\t\t<\/div>\n\t\t\t\t<\/div>\n\t\t\t\t<\/div>\n\t\t\t\t<\/div>\n\t\t\t\t\t<\/div>\n\t\t\t\t<\/div>\n\t\t\t\t<\/div>","protected":false},"excerpt":{"rendered":"<p>Collaborate on Education: Partnering for Knowledge LANDU Education and Training At LANDU, we believe that education, vocational training, and lifelong learning are central pillars of employability, employment of workers, and sustainable enterprise development. However, our challenge as educators is how to make resources more accessible to more people across the world. Implementing Education Projects Through [&hellip;]<\/p>","protected":false},"author":1,"featured_media":0,"parent":10136,"menu_order":0,"comment_status":"closed","ping_status":"closed","template":"elementor_header_footer","meta":{"footnotes":""},"class_list":["post-10152","page","type-page","status-publish","hentry"],"_links":{"self":[{"href":"https:\/\/landuchem.com\/sv\/wp-json\/wp\/v2\/pages\/10152","targetHints":{"allow":["GET"]}}],"collection":[{"href":"https:\/\/landuchem.com\/sv\/wp-json\/wp\/v2\/pages"}],"about":[{"href":"https:\/\/landuchem.com\/sv\/wp-json\/wp\/v2\/types\/page"}],"author":[{"embeddable":true,"href":"https:\/\/landuchem.com\/sv\/wp-json\/wp\/v2\/users\/1"}],"replies":[{"embeddable":true,"href":"https:\/\/landuchem.com\/sv\/wp-json\/wp\/v2\/comments?post=10152"}],"version-history":[{"count":20,"href":"https:\/\/landuchem.com\/sv\/wp-json\/wp\/v2\/pages\/10152\/revisions"}],"predecessor-version":[{"id":13003,"href":"https:\/\/landuchem.com\/sv\/wp-json\/wp\/v2\/pages\/10152\/revisions\/13003"}],"up":[{"embeddable":true,"href":"https:\/\/landuchem.com\/sv\/wp-json\/wp\/v2\/pages\/10136"}],"wp:attachment":[{"href":"https:\/\/landuchem.com\/sv\/wp-json\/wp\/v2\/media?parent=10152"}],"curies":[{"name":"wp","href":"https:\/\/api.w.org\/{rel}","templated":true}]}}