{"id":4553,"date":"2025-04-22T08:17:00","date_gmt":"2025-04-22T08:17:00","guid":{"rendered":"https:\/\/landuchem.com\/?page_id=4553"},"modified":"2025-08-27T03:06:03","modified_gmt":"2025-08-27T03:06:03","slug":"planet-naso-zavezanost-trajnostnemu-zivljenju","status":"publish","type":"page","link":"https:\/\/landuchem.com\/sl\/trajnost\/planet-naso-zavezanost-trajnostnemu-zivljenju\/","title":{"rendered":"Planet: Na\u0161a zaveza k trajnostnemu \u017eivljenju"},"content":{"rendered":"<div data-elementor-type=\"wp-page\" data-elementor-id=\"4553\" class=\"elementor elementor-4553\" data-elementor-post-type=\"page\">\n\t\t\t\t\t\t<section class=\"elementor-section elementor-top-section elementor-element elementor-element-ee3f289 elementor-reverse-mobile elementor-section-boxed elementor-section-height-default elementor-section-height-default\" data-id=\"ee3f289\" data-element_type=\"section\" data-settings=\"{&quot;background_background&quot;:&quot;classic&quot;,&quot;ekit_has_onepagescroll_dot&quot;:&quot;yes&quot;}\">\n\t\t\t\t\t\t\t<div class=\"elementor-background-overlay\"><\/div>\n\t\t\t\t\t\t\t<div class=\"elementor-container elementor-column-gap-default\">\n\t\t\t\t\t<div class=\"elementor-column elementor-col-100 elementor-top-column elementor-element elementor-element-eb28f2f\" data-id=\"eb28f2f\" data-element_type=\"column\">\n\t\t\t<div class=\"elementor-widget-wrap elementor-element-populated\">\n\t\t\t\t\t\t<section class=\"elementor-section elementor-inner-section elementor-element elementor-element-848d030 elementor-section-content-middle elementor-section-boxed elementor-section-height-default elementor-section-height-default\" data-id=\"848d030\" data-element_type=\"section\" data-settings=\"{&quot;ekit_has_onepagescroll_dot&quot;:&quot;yes&quot;}\">\n\t\t\t\t\t\t<div class=\"elementor-container elementor-column-gap-default\">\n\t\t\t\t\t<div class=\"elementor-column elementor-col-100 elementor-inner-column elementor-element elementor-element-13769ef\" data-id=\"13769ef\" data-element_type=\"column\">\n\t\t\t<div class=\"elementor-widget-wrap elementor-element-populated\">\n\t\t\t\t\t\t\t<\/div>\n\t\t<\/div>\n\t\t\t\t\t<\/div>\n\t\t<\/section>\n\t\t\t\t\t<\/div>\n\t\t<\/div>\n\t\t\t\t\t<\/div>\n\t\t<\/section>\n\t\t<div class=\"elementor-element elementor-element-dfabd60 e-flex e-con-boxed e-con e-parent\" data-id=\"dfabd60\" data-element_type=\"container\" data-settings=\"{&quot;ekit_has_onepagescroll_dot&quot;:&quot;yes&quot;}\">\n\t\t\t\t\t<div class=\"e-con-inner\">\n\t\t<div class=\"elementor-element elementor-element-fd87ad9 e-con-full e-flex e-con e-child\" data-id=\"fd87ad9\" data-element_type=\"container\" data-settings=\"{&quot;ekit_has_onepagescroll_dot&quot;:&quot;yes&quot;}\">\n\t\t<div class=\"elementor-element elementor-element-24be839 e-con-full e-flex e-con e-child\" data-id=\"24be839\" data-element_type=\"container\" data-settings=\"{&quot;ekit_has_onepagescroll_dot&quot;:&quot;yes&quot;}\">\n\t\t\t\t<div class=\"elementor-element elementor-element-3908a27 elementor-view-default elementor-widget elementor-widget-icon\" data-id=\"3908a27\" data-element_type=\"widget\" data-settings=\"{&quot;ekit_we_effect_on&quot;:&quot;none&quot;}\" data-widget_type=\"icon.default\">\n\t\t\t\t<div class=\"elementor-widget-container\">\n\t\t\t\t\t\t\t<div class=\"elementor-icon-wrapper\">\n\t\t\t<div class=\"elementor-icon\">\n\t\t\t<svg xmlns=\"http:\/\/www.w3.org\/2000\/svg\" id=\"_&#x56FE;&#x5C42;_2\" data-name=\"&#x56FE;&#x5C42; 2\" viewbox=\"0 0 111.69 167.53\"><defs><style>      .cls-1 {        fill: #fad8be;      }      .cls-1, .cls-2 {        stroke-width: 0px;      }      .cls-2 {        fill: #f47b25;      }    <\/style><\/defs><g id=\"_&#x56FE;&#x5C42;_1-2\" data-name=\"&#x56FE;&#x5C42; 1\"><g><circle class=\"cls-1\" cx=\"55.84\" cy=\"55.84\" r=\"55.84\"><\/circle><circle class=\"cls-2\" cx=\"55.84\" cy=\"111.69\" r=\"55.84\"><\/circle><\/g><\/g><\/svg>\t\t\t<\/div>\n\t\t<\/div>\n\t\t\t\t\t\t<\/div>\n\t\t\t\t<\/div>\n\t\t<div class=\"elementor-element elementor-element-8d50052 e-con-full e-flex e-con e-child\" data-id=\"8d50052\" data-element_type=\"container\" data-settings=\"{&quot;ekit_has_onepagescroll_dot&quot;:&quot;yes&quot;}\">\n\t\t\t\t<div class=\"elementor-element elementor-element-458bc1d elementor-widget elementor-widget-heading\" data-id=\"458bc1d\" data-element_type=\"widget\" data-settings=\"{&quot;ekit_we_effect_on&quot;:&quot;none&quot;}\" data-widget_type=\"heading.default\">\n\t\t\t\t<div class=\"elementor-widget-container\">\n\t\t\t\t\t<h2 class=\"elementor-heading-title elementor-size-default\">Trajnostni razvoj pri LANDU: Zavezanost NOVASTARja k okolju<\/h2>\t\t\t\t<\/div>\n\t\t\t\t<\/div>\n\t\t\t\t<\/div>\n\t\t\t\t<\/div>\n\t\t\t\t<div class=\"elementor-element elementor-element-f5b813d elementor-widget elementor-widget-spacer\" data-id=\"f5b813d\" data-element_type=\"widget\" data-settings=\"{&quot;ekit_we_effect_on&quot;:&quot;none&quot;}\" data-widget_type=\"spacer.default\">\n\t\t\t\t<div class=\"elementor-widget-container\">\n\t\t\t\t\t\t\t<div class=\"elementor-spacer\">\n\t\t\t<div class=\"elementor-spacer-inner\"><\/div>\n\t\t<\/div>\n\t\t\t\t\t\t<\/div>\n\t\t\t\t<\/div>\n\t\t\t\t<div class=\"elementor-element elementor-element-d29c836 elementor-widget elementor-widget-text-editor\" data-id=\"d29c836\" data-element_type=\"widget\" data-settings=\"{&quot;ekit_we_effect_on&quot;:&quot;none&quot;}\" data-widget_type=\"text-editor.default\">\n\t\t\t\t<div class=\"elementor-widget-container\">\n\t\t\t\t\t\t\t\t\t<p>Re\u0161evanje okoljskih sprememb zahteva usklajena prizadevanja, in LANDU ne bo ostal ob strani te borbe. Ena najbolj pere\u010dih okoljskih izzivov je podnebne spremembe, ki jih povzro\u010dajo \u010dlove\u0161ke dejavnosti, kot je kurjenje fosilnih goriv, kar ima daljnose\u017ene posledice, vklju\u010dno s pogostej\u0161imi naravnimi nesre\u010dami. Ta pojav postavlja LANDU na pot trajnostnih re\u0161itev, da prispeva k za\u0161\u010diti na\u0161ega dragocenega doma in ga ohranja za prihodnje generacije.<\/p>\t\t\t\t\t\t\t\t<\/div>\n\t\t\t\t<\/div>\n\t\t\t\t<\/div>\n\t\t<div class=\"elementor-element elementor-element-cc9967a e-con-full e-flex e-con e-child\" data-id=\"cc9967a\" data-element_type=\"container\" data-settings=\"{&quot;ekit_has_onepagescroll_dot&quot;:&quot;yes&quot;}\">\n\t\t<div class=\"elementor-element elementor-element-983f88c e-con-full e-flex e-con e-child\" data-id=\"983f88c\" data-element_type=\"container\" data-settings=\"{&quot;ekit_has_onepagescroll_dot&quot;:&quot;yes&quot;}\">\n\t\t\t\t<div class=\"elementor-element elementor-element-1801b4d elementor-widget elementor-widget-image\" data-id=\"1801b4d\" data-element_type=\"widget\" data-settings=\"{&quot;ekit_we_effect_on&quot;:&quot;none&quot;}\" data-widget_type=\"image.default\">\n\t\t\t\t<div class=\"elementor-widget-container\">\n\t\t\t\t\t\t\t\t\t\t\t\t\t\t\t<img fetchpriority=\"high\" decoding=\"async\" width=\"800\" height=\"533\" src=\"https:\/\/landuchem.com\/wp-content\/uploads\/2025\/04\/melting-glacier-ice-floating-in-lake-in-fjallsarlon-iceland-1024x682.jpg\" class=\"attachment-large size-large wp-image-5055\" alt=\"taljenje ledene \u010drpalke, ki plava v jezeru Fjallsarlon, Islandija\" srcset=\"https:\/\/landuchem.com\/wp-content\/uploads\/2025\/04\/melting-glacier-ice-floating-in-lake-in-fjallsarlon-iceland-1024x682.jpg 1024w, https:\/\/landuchem.com\/wp-content\/uploads\/2025\/04\/melting-glacier-ice-floating-in-lake-in-fjallsarlon-iceland-300x200.jpg 300w, https:\/\/landuchem.com\/wp-content\/uploads\/2025\/04\/melting-glacier-ice-floating-in-lake-in-fjallsarlon-iceland-768x512.jpg 768w, https:\/\/landuchem.com\/wp-content\/uploads\/2025\/04\/melting-glacier-ice-floating-in-lake-in-fjallsarlon-iceland-1536x1024.jpg 1536w, https:\/\/landuchem.com\/wp-content\/uploads\/2025\/04\/melting-glacier-ice-floating-in-lake-in-fjallsarlon-iceland.jpg 2000w\" sizes=\"(max-width: 800px) 100vw, 800px\" \/>\t\t\t\t\t\t\t\t\t\t\t\t\t\t\t<\/div>\n\t\t\t\t<\/div>\n\t\t\t\t<div class=\"elementor-element elementor-element-b1e5ae6 elementor-widget elementor-widget-image\" data-id=\"b1e5ae6\" data-element_type=\"widget\" data-settings=\"{&quot;ekit_we_effect_on&quot;:&quot;none&quot;}\" data-widget_type=\"image.default\">\n\t\t\t\t<div class=\"elementor-widget-container\">\n\t\t\t\t\t\t\t\t\t\t\t\t\t\t\t<img decoding=\"async\" width=\"800\" height=\"534\" src=\"https:\/\/landuchem.com\/wp-content\/uploads\/2025\/04\/plastic-garbage-floating-on-water-surface-showing-environmental-pollution-problem-in-the-sea-1024x683.jpg\" class=\"attachment-large size-large wp-image-5063\" alt=\"Plasti\u010dni odpadki, ki plavajo na povr\u0161ini vode, prikazujejo problem onesna\u017eevanja okolja v morju\" srcset=\"https:\/\/landuchem.com\/wp-content\/uploads\/2025\/04\/plastic-garbage-floating-on-water-surface-showing-environmental-pollution-problem-in-the-sea-1024x683.jpg 1024w, https:\/\/landuchem.com\/wp-content\/uploads\/2025\/04\/plastic-garbage-floating-on-water-surface-showing-environmental-pollution-problem-in-the-sea-300x200.jpg 300w, https:\/\/landuchem.com\/wp-content\/uploads\/2025\/04\/plastic-garbage-floating-on-water-surface-showing-environmental-pollution-problem-in-the-sea-768x512.jpg 768w, https:\/\/landuchem.com\/wp-content\/uploads\/2025\/04\/plastic-garbage-floating-on-water-surface-showing-environmental-pollution-problem-in-the-sea-1536x1025.jpg 1536w, https:\/\/landuchem.com\/wp-content\/uploads\/2025\/04\/plastic-garbage-floating-on-water-surface-showing-environmental-pollution-problem-in-the-sea.jpg 2000w\" sizes=\"(max-width: 800px) 100vw, 800px\" \/>\t\t\t\t\t\t\t\t\t\t\t\t\t\t\t<\/div>\n\t\t\t\t<\/div>\n\t\t\t\t<\/div>\n\t\t<div class=\"elementor-element elementor-element-fb18a2e e-con-full e-flex e-con e-child\" data-id=\"fb18a2e\" data-element_type=\"container\" data-settings=\"{&quot;ekit_has_onepagescroll_dot&quot;:&quot;yes&quot;}\">\n\t\t\t\t<div class=\"elementor-element elementor-element-8ac2570 elementor-widget elementor-widget-image\" data-id=\"8ac2570\" data-element_type=\"widget\" data-settings=\"{&quot;ekit_we_effect_on&quot;:&quot;none&quot;}\" data-widget_type=\"image.default\">\n\t\t\t\t<div class=\"elementor-widget-container\">\n\t\t\t\t\t\t\t\t\t\t\t\t\t\t\t<img decoding=\"async\" width=\"800\" height=\"534\" src=\"https:\/\/landuchem.com\/wp-content\/uploads\/2025\/04\/sand-dunes-in-the-desert-1024x683.jpg\" class=\"attachment-large size-large wp-image-5059\" alt=\"Pe\u0161\u010dene dine v pu\u0161\u010davi\" srcset=\"https:\/\/landuchem.com\/wp-content\/uploads\/2025\/04\/sand-dunes-in-the-desert-1024x683.jpg 1024w, https:\/\/landuchem.com\/wp-content\/uploads\/2025\/04\/sand-dunes-in-the-desert-300x200.jpg 300w, https:\/\/landuchem.com\/wp-content\/uploads\/2025\/04\/sand-dunes-in-the-desert-768x512.jpg 768w, https:\/\/landuchem.com\/wp-content\/uploads\/2025\/04\/sand-dunes-in-the-desert-1536x1025.jpg 1536w, https:\/\/landuchem.com\/wp-content\/uploads\/2025\/04\/sand-dunes-in-the-desert.jpg 2000w\" sizes=\"(max-width: 800px) 100vw, 800px\" \/>\t\t\t\t\t\t\t\t\t\t\t\t\t\t\t<\/div>\n\t\t\t\t<\/div>\n\t\t\t\t<div class=\"elementor-element elementor-element-5691843 elementor-widget elementor-widget-image\" data-id=\"5691843\" data-element_type=\"widget\" data-settings=\"{&quot;ekit_we_effect_on&quot;:&quot;none&quot;}\" data-widget_type=\"image.default\">\n\t\t\t\t<div class=\"elementor-widget-container\">\n\t\t\t\t\t\t\t\t\t\t\t\t\t\t\t<img loading=\"lazy\" decoding=\"async\" width=\"800\" height=\"487\" src=\"https:\/\/landuchem.com\/wp-content\/uploads\/2025\/04\/view-of-the-pollution-in-shanghai-1024x623.jpg\" class=\"attachment-large size-large wp-image-5064\" alt=\"Pogled na onesna\u017eenje v \u0160anghaju\" srcset=\"https:\/\/landuchem.com\/wp-content\/uploads\/2025\/04\/view-of-the-pollution-in-shanghai-1024x623.jpg 1024w, https:\/\/landuchem.com\/wp-content\/uploads\/2025\/04\/view-of-the-pollution-in-shanghai-300x182.jpg 300w, https:\/\/landuchem.com\/wp-content\/uploads\/2025\/04\/view-of-the-pollution-in-shanghai-768x467.jpg 768w, https:\/\/landuchem.com\/wp-content\/uploads\/2025\/04\/view-of-the-pollution-in-shanghai-1536x934.jpg 1536w, https:\/\/landuchem.com\/wp-content\/uploads\/2025\/04\/view-of-the-pollution-in-shanghai.jpg 2000w\" sizes=\"(max-width: 800px) 100vw, 800px\" \/>\t\t\t\t\t\t\t\t\t\t\t\t\t\t\t<\/div>\n\t\t\t\t<\/div>\n\t\t\t\t<\/div>\n\t\t\t\t<\/div>\n\t\t\t\t\t<\/div>\n\t\t\t\t<\/div>\n\t\t<div class=\"elementor-element elementor-element-a170ae8 e-flex e-con-boxed e-con e-child\" data-id=\"a170ae8\" data-element_type=\"container\" data-settings=\"{&quot;background_background&quot;:&quot;classic&quot;,&quot;ekit_has_onepagescroll_dot&quot;:&quot;yes&quot;}\">\n\t\t\t\t\t<div class=\"e-con-inner\">\n\t\t\t\t<div class=\"elementor-element elementor-element-0dd1a7c elementor-view-default elementor-widget elementor-widget-icon\" data-id=\"0dd1a7c\" data-element_type=\"widget\" data-settings=\"{&quot;ekit_we_effect_on&quot;:&quot;none&quot;}\" data-widget_type=\"icon.default\">\n\t\t\t\t<div class=\"elementor-widget-container\">\n\t\t\t\t\t\t\t<div class=\"elementor-icon-wrapper\">\n\t\t\t<div class=\"elementor-icon\">\n\t\t\t<svg xmlns=\"http:\/\/www.w3.org\/2000\/svg\" id=\"_&#x56FE;&#x5C42;_2\" data-name=\"&#x56FE;&#x5C42; 2\" viewbox=\"0 0 111.69 167.53\"><defs><style>      .cls-1 {        fill: #fad8be;      }      .cls-1, .cls-2 {        stroke-width: 0px;      }      .cls-2 {        fill: #f47b25;      }    <\/style><\/defs><g id=\"_&#x56FE;&#x5C42;_1-2\" data-name=\"&#x56FE;&#x5C42; 1\"><g><circle class=\"cls-1\" cx=\"55.84\" cy=\"55.84\" r=\"55.84\"><\/circle><circle class=\"cls-2\" cx=\"55.84\" cy=\"111.69\" r=\"55.84\"><\/circle><\/g><\/g><\/svg>\t\t\t<\/div>\n\t\t<\/div>\n\t\t\t\t\t\t<\/div>\n\t\t\t\t<\/div>\n\t\t<div class=\"elementor-element elementor-element-119d277 e-con-full e-flex e-con e-child\" data-id=\"119d277\" data-element_type=\"container\" data-settings=\"{&quot;ekit_has_onepagescroll_dot&quot;:&quot;yes&quot;}\">\n\t\t\t\t<div class=\"elementor-element elementor-element-152dcbd elementor-widget elementor-widget-heading\" data-id=\"152dcbd\" data-element_type=\"widget\" data-settings=\"{&quot;ekit_we_effect_on&quot;:&quot;none&quot;}\" data-widget_type=\"heading.default\">\n\t\t\t\t<div class=\"elementor-widget-container\">\n\t\t\t\t\t<h2 class=\"elementor-heading-title elementor-size-default\">Delovanje za trajnostno prihodnost: Sprejemanje okolju prijaznih praks<\/h2>\t\t\t\t<\/div>\n\t\t\t\t<\/div>\n\t\t\t\t<\/div>\n\t\t\t\t\t<\/div>\n\t\t\t\t<\/div>\n\t\t<div class=\"elementor-element elementor-element-e22da7a e-flex e-con-boxed e-con e-parent\" data-id=\"e22da7a\" data-element_type=\"container\" data-settings=\"{&quot;background_background&quot;:&quot;classic&quot;,&quot;ekit_has_onepagescroll_dot&quot;:&quot;yes&quot;}\">\n\t\t\t\t\t<div class=\"e-con-inner\">\n\t\t<div class=\"elementor-element elementor-element-df462c4 e-grid e-con-full e-con e-child\" data-id=\"df462c4\" data-element_type=\"container\" data-settings=\"{&quot;ekit_has_onepagescroll_dot&quot;:&quot;yes&quot;}\">\n\t\t<div class=\"elementor-element elementor-element-e674372 e-con-full e-flex e-con e-child\" data-id=\"e674372\" data-element_type=\"container\" data-settings=\"{&quot;ekit_has_onepagescroll_dot&quot;:&quot;yes&quot;}\">\n\t\t\t\t<div class=\"elementor-element elementor-element-fa6598c elementor-widget elementor-widget-image\" data-id=\"fa6598c\" data-element_type=\"widget\" data-settings=\"{&quot;ekit_we_effect_on&quot;:&quot;none&quot;}\" data-widget_type=\"image.default\">\n\t\t\t\t<div class=\"elementor-widget-container\">\n\t\t\t\t\t\t\t\t\t\t\t\t\t\t\t<img loading=\"lazy\" decoding=\"async\" width=\"800\" height=\"533\" src=\"https:\/\/landuchem.com\/wp-content\/uploads\/2025\/04\/green-sprouts-have-sprouted-in-the-ground-1024x682.jpg\" class=\"attachment-large size-large wp-image-5132\" alt=\"Zeleni poganjki so vzklili v zemlji\" srcset=\"https:\/\/landuchem.com\/wp-content\/uploads\/2025\/04\/green-sprouts-have-sprouted-in-the-ground-1024x682.jpg 1024w, https:\/\/landuchem.com\/wp-content\/uploads\/2025\/04\/green-sprouts-have-sprouted-in-the-ground-300x200.jpg 300w, https:\/\/landuchem.com\/wp-content\/uploads\/2025\/04\/green-sprouts-have-sprouted-in-the-ground-768x512.jpg 768w, https:\/\/landuchem.com\/wp-content\/uploads\/2025\/04\/green-sprouts-have-sprouted-in-the-ground-1536x1024.jpg 1536w, https:\/\/landuchem.com\/wp-content\/uploads\/2025\/04\/green-sprouts-have-sprouted-in-the-ground.jpg 2000w\" sizes=\"(max-width: 800px) 100vw, 800px\" \/>\t\t\t\t\t\t\t\t\t\t\t\t\t\t\t<\/div>\n\t\t\t\t<\/div>\n\t\t\t\t<div class=\"elementor-element elementor-element-3f23be0 elementor-widget elementor-widget-heading\" data-id=\"3f23be0\" data-element_type=\"widget\" data-settings=\"{&quot;ekit_we_effect_on&quot;:&quot;none&quot;}\" data-widget_type=\"heading.default\">\n\t\t\t\t<div class=\"elementor-widget-container\">\n\t\t\t\t\t<h2 class=\"elementor-heading-title elementor-size-default\">Globalni izzivi in trajnostne re\u0161itve<\/h2>\t\t\t\t<\/div>\n\t\t\t\t<\/div>\n\t\t\t\t<div class=\"elementor-element elementor-element-9fc114b elementor-widget elementor-widget-text-editor\" data-id=\"9fc114b\" data-element_type=\"widget\" data-settings=\"{&quot;ekit_we_effect_on&quot;:&quot;none&quot;}\" data-widget_type=\"text-editor.default\">\n\t\t\t\t<div class=\"elementor-widget-container\">\n\t\t\t\t\t\t\t\t\tLANDU predstavlja trajnostne re\u0161itve z nizko dozo in zeleno strukturo izdelkov, s \u010dimer dokazuje svojo zavezanost re\u0161evanju izzivov in ustvarjanju bolj\u0161ega sveta.\t\t\t\t\t\t\t\t<\/div>\n\t\t\t\t<\/div>\n\t\t\t\t<div class=\"elementor-element elementor-element-d040c4e elementor-widget elementor-widget-button\" data-id=\"d040c4e\" data-element_type=\"widget\" data-settings=\"{&quot;ekit_we_effect_on&quot;:&quot;none&quot;}\" data-widget_type=\"button.default\">\n\t\t\t\t<div class=\"elementor-widget-container\">\n\t\t\t\t\t\t\t\t\t<div class=\"elementor-button-wrapper\">\n\t\t\t\t\t<a class=\"elementor-button elementor-button-link elementor-size-sm\" href=\"https:\/\/landuchem.com\/sl\/trajnost\/planet-naso-zavezanost-trajnostnemu-zivljenju\/globalni-izzivi-in-trajnostne-resitve\/\" target=\"_blank\">\n\t\t\t\t\t\t<span class=\"elementor-button-content-wrapper\">\n\t\t\t\t\t\t\t\t\t<span class=\"elementor-button-text\">Preberite ve\u010d<\/span>\n\t\t\t\t\t<\/span>\n\t\t\t\t\t<\/a>\n\t\t\t\t<\/div>\n\t\t\t\t\t\t\t\t<\/div>\n\t\t\t\t<\/div>\n\t\t\t\t<\/div>\n\t\t<div class=\"elementor-element elementor-element-17111b8 e-con-full e-flex e-con e-child\" data-id=\"17111b8\" data-element_type=\"container\" data-settings=\"{&quot;ekit_has_onepagescroll_dot&quot;:&quot;yes&quot;}\">\n\t\t\t\t<div class=\"elementor-element elementor-element-011e6e8 elementor-widget elementor-widget-image\" data-id=\"011e6e8\" data-element_type=\"widget\" data-settings=\"{&quot;ekit_we_effect_on&quot;:&quot;none&quot;}\" data-widget_type=\"image.default\">\n\t\t\t\t<div class=\"elementor-widget-container\">\n\t\t\t\t\t\t\t\t\t\t\t\t\t\t\t<img loading=\"lazy\" decoding=\"async\" width=\"800\" height=\"533\" src=\"https:\/\/landuchem.com\/wp-content\/uploads\/2025\/04\/business-team-working-virtual-modern-smartphone-to-reduce-co2-emissions-carbon-footprint-1024x682.jpg\" class=\"attachment-large size-large wp-image-5090\" alt=\"Poslovna ekipa dela na sodobnem pametnem telefonu za zmanj\u0161anje emisij CO2 in oglji\u010dnega odtisa\" srcset=\"https:\/\/landuchem.com\/wp-content\/uploads\/2025\/04\/business-team-working-virtual-modern-smartphone-to-reduce-co2-emissions-carbon-footprint-1024x682.jpg 1024w, https:\/\/landuchem.com\/wp-content\/uploads\/2025\/04\/business-team-working-virtual-modern-smartphone-to-reduce-co2-emissions-carbon-footprint-300x200.jpg 300w, https:\/\/landuchem.com\/wp-content\/uploads\/2025\/04\/business-team-working-virtual-modern-smartphone-to-reduce-co2-emissions-carbon-footprint-768x512.jpg 768w, https:\/\/landuchem.com\/wp-content\/uploads\/2025\/04\/business-team-working-virtual-modern-smartphone-to-reduce-co2-emissions-carbon-footprint-1536x1024.jpg 1536w, https:\/\/landuchem.com\/wp-content\/uploads\/2025\/04\/business-team-working-virtual-modern-smartphone-to-reduce-co2-emissions-carbon-footprint.jpg 2000w\" sizes=\"(max-width: 800px) 100vw, 800px\" \/>\t\t\t\t\t\t\t\t\t\t\t\t\t\t\t<\/div>\n\t\t\t\t<\/div>\n\t\t\t\t<div class=\"elementor-element elementor-element-725bc0c elementor-widget elementor-widget-heading\" data-id=\"725bc0c\" data-element_type=\"widget\" data-settings=\"{&quot;ekit_we_effect_on&quot;:&quot;none&quot;}\" data-widget_type=\"heading.default\">\n\t\t\t\t<div class=\"elementor-widget-container\">\n\t\t\t\t\t<h2 class=\"elementor-heading-title elementor-size-default\">Izdelki z dokazano nizkim okoljskim odtisom<\/h2>\t\t\t\t<\/div>\n\t\t\t\t<\/div>\n\t\t\t\t<div class=\"elementor-element elementor-element-f6d18b0 elementor-widget elementor-widget-text-editor\" data-id=\"f6d18b0\" data-element_type=\"widget\" data-settings=\"{&quot;ekit_we_effect_on&quot;:&quot;none&quot;}\" data-widget_type=\"text-editor.default\">\n\t\t\t\t<div class=\"elementor-widget-container\">\n\t\t\t\t\t\t\t\t\tOkolju prijazni dodatki LANDU NOVASTAR zmanj\u0161ujejo okoljsko \u0161kodo z biorazgradljivimi formulami in obnovljivimi viri, kar zmanj\u0161uje emisije ogljika. Vklju\u010dujemo prakse neto ni\u010d \u2013 kot so obdelava MVR in partnerstva z dobavitelji \u2013 za zmanj\u0161anje odpadkov, porabe energije in emisij v celotni dobavni verigi.\t\t\t\t\t\t\t\t<\/div>\n\t\t\t\t<\/div>\n\t\t\t\t<div class=\"elementor-element elementor-element-93bcf42 elementor-widget elementor-widget-button\" data-id=\"93bcf42\" data-element_type=\"widget\" data-settings=\"{&quot;ekit_we_effect_on&quot;:&quot;none&quot;}\" data-widget_type=\"button.default\">\n\t\t\t\t<div class=\"elementor-widget-container\">\n\t\t\t\t\t\t\t\t\t<div class=\"elementor-button-wrapper\">\n\t\t\t\t\t<a class=\"elementor-button elementor-button-link elementor-size-sm\" href=\"https:\/\/landuchem.com\/sl\/trajnost\/planet-naso-zavezanost-trajnostnemu-zivljenju\/izdelki-z-dokazano-nizkim-vplivom-na-okolje\/\" target=\"_blank\">\n\t\t\t\t\t\t<span class=\"elementor-button-content-wrapper\">\n\t\t\t\t\t\t\t\t\t<span class=\"elementor-button-text\">Preberite ve\u010d<\/span>\n\t\t\t\t\t<\/span>\n\t\t\t\t\t<\/a>\n\t\t\t\t<\/div>\n\t\t\t\t\t\t\t\t<\/div>\n\t\t\t\t<\/div>\n\t\t\t\t<\/div>\n\t\t<div class=\"elementor-element elementor-element-0356a07 e-con-full e-flex e-con e-child\" data-id=\"0356a07\" data-element_type=\"container\" data-settings=\"{&quot;ekit_has_onepagescroll_dot&quot;:&quot;yes&quot;}\">\n\t\t\t\t<div class=\"elementor-element elementor-element-8799a05 elementor-widget elementor-widget-image\" data-id=\"8799a05\" data-element_type=\"widget\" data-settings=\"{&quot;ekit_we_effect_on&quot;:&quot;none&quot;}\" data-widget_type=\"image.default\">\n\t\t\t\t<div class=\"elementor-widget-container\">\n\t\t\t\t\t\t\t\t\t\t\t\t\t\t\t<img loading=\"lazy\" decoding=\"async\" width=\"800\" height=\"523\" src=\"https:\/\/landuchem.com\/wp-content\/uploads\/2025\/04\/deal-handshake-of-business-1024x670.jpg\" class=\"attachment-large size-large wp-image-5131\" alt=\"Poslovni podpis pogodbe\" srcset=\"https:\/\/landuchem.com\/wp-content\/uploads\/2025\/04\/deal-handshake-of-business-1024x670.jpg 1024w, https:\/\/landuchem.com\/wp-content\/uploads\/2025\/04\/deal-handshake-of-business-300x196.jpg 300w, https:\/\/landuchem.com\/wp-content\/uploads\/2025\/04\/deal-handshake-of-business-768x502.jpg 768w, https:\/\/landuchem.com\/wp-content\/uploads\/2025\/04\/deal-handshake-of-business-1536x1005.jpg 1536w, https:\/\/landuchem.com\/wp-content\/uploads\/2025\/04\/deal-handshake-of-business.jpg 2000w\" sizes=\"(max-width: 800px) 100vw, 800px\" \/>\t\t\t\t\t\t\t\t\t\t\t\t\t\t\t<\/div>\n\t\t\t\t<\/div>\n\t\t\t\t<div class=\"elementor-element elementor-element-65b9b1c elementor-widget elementor-widget-heading\" data-id=\"65b9b1c\" data-element_type=\"widget\" data-settings=\"{&quot;ekit_we_effect_on&quot;:&quot;none&quot;}\" data-widget_type=\"heading.default\">\n\t\t\t\t<div class=\"elementor-widget-container\">\n\t\t\t\t\t<h2 class=\"elementor-heading-title elementor-size-default\">Vidiki trajnosti v re\u0161itvah za stranke<\/h2>\t\t\t\t<\/div>\n\t\t\t\t<\/div>\n\t\t\t\t<div class=\"elementor-element elementor-element-285a4b9 elementor-widget elementor-widget-text-editor\" data-id=\"285a4b9\" data-element_type=\"widget\" data-settings=\"{&quot;ekit_we_effect_on&quot;:&quot;none&quot;}\" data-widget_type=\"text-editor.default\">\n\t\t\t\t<div class=\"elementor-widget-container\">\n\t\t\t\t\t\t\t\t\t<p>Pri LANDU NOVASTAR pomagamo strankam vgraditi trajnost v poslovanje z okolju prijaznimi re\u0161itvami in kro\u017enimi praksami. Skupaj zmanj\u0161ujemo vpliv na okolje \u2013 od zelenih nalo\u017eb do inovacij pri odpadkih \u2013 in spodbujamo skupni uspeh.<\/p>\t\t\t\t\t\t\t\t<\/div>\n\t\t\t\t<\/div>\n\t\t\t\t<div class=\"elementor-element elementor-element-4d3f660 elementor-widget elementor-widget-button\" data-id=\"4d3f660\" data-element_type=\"widget\" data-settings=\"{&quot;ekit_we_effect_on&quot;:&quot;none&quot;}\" data-widget_type=\"button.default\">\n\t\t\t\t<div class=\"elementor-widget-container\">\n\t\t\t\t\t\t\t\t\t<div class=\"elementor-button-wrapper\">\n\t\t\t\t\t<a class=\"elementor-button elementor-button-link elementor-size-sm\" href=\"https:\/\/landuchem.com\/sl\/trajnost\/planet-naso-zavezanost-trajnostnemu-zivljenju\/trajnostni-vidiki-v-resitvah-za-stranke\/\" target=\"_blank\">\n\t\t\t\t\t\t<span class=\"elementor-button-content-wrapper\">\n\t\t\t\t\t\t\t\t\t<span class=\"elementor-button-text\">Preberite ve\u010d<\/span>\n\t\t\t\t\t<\/span>\n\t\t\t\t\t<\/a>\n\t\t\t\t<\/div>\n\t\t\t\t\t\t\t\t<\/div>\n\t\t\t\t<\/div>\n\t\t\t\t<\/div>\n\t\t\t\t<\/div>\n\t\t\t\t\t<\/div>\n\t\t\t\t<\/div>\n\t\t\t\t<\/div>","protected":false},"excerpt":{"rendered":"<p>Sustainability at LANDU: NOVASTAR&#8217;s Commitment to the Environment Addressing environmental change requires concerted efforts, and LANDU won&#8217;t stay out of this fight. One of the most pressing environmental challenges is climate change caused by human activities, such as the burning of fossil fuels, leading to far-reaching consequences, including more frequent natural disasters. This phenomenon sets [&hellip;]<\/p>","protected":false},"author":1,"featured_media":0,"parent":496,"menu_order":0,"comment_status":"closed","ping_status":"closed","template":"elementor_header_footer","meta":{"footnotes":""},"class_list":["post-4553","page","type-page","status-publish","hentry"],"_links":{"self":[{"href":"https:\/\/landuchem.com\/sl\/wp-json\/wp\/v2\/pages\/4553","targetHints":{"allow":["GET"]}}],"collection":[{"href":"https:\/\/landuchem.com\/sl\/wp-json\/wp\/v2\/pages"}],"about":[{"href":"https:\/\/landuchem.com\/sl\/wp-json\/wp\/v2\/types\/page"}],"author":[{"embeddable":true,"href":"https:\/\/landuchem.com\/sl\/wp-json\/wp\/v2\/users\/1"}],"replies":[{"embeddable":true,"href":"https:\/\/landuchem.com\/sl\/wp-json\/wp\/v2\/comments?post=4553"}],"version-history":[{"count":30,"href":"https:\/\/landuchem.com\/sl\/wp-json\/wp\/v2\/pages\/4553\/revisions"}],"predecessor-version":[{"id":13062,"href":"https:\/\/landuchem.com\/sl\/wp-json\/wp\/v2\/pages\/4553\/revisions\/13062"}],"up":[{"embeddable":true,"href":"https:\/\/landuchem.com\/sl\/wp-json\/wp\/v2\/pages\/496"}],"wp:attachment":[{"href":"https:\/\/landuchem.com\/sl\/wp-json\/wp\/v2\/media?parent=4553"}],"curies":[{"name":"wp","href":"https:\/\/api.w.org\/{rel}","templated":true}]}}