{"id":3648,"date":"2025-04-19T05:09:54","date_gmt":"2025-04-19T05:09:54","guid":{"rendered":"https:\/\/landuchem.com\/?page_id=3648"},"modified":"2025-08-27T03:38:24","modified_gmt":"2025-08-27T03:38:24","slug":"predprodajna-storitev","status":"publish","type":"page","link":"https:\/\/landuchem.com\/sl\/o-nova-star\/storitev\/predprodajna-storitev\/","title":{"rendered":"Predprodajna storitev"},"content":{"rendered":"<div data-elementor-type=\"wp-page\" data-elementor-id=\"3648\" class=\"elementor elementor-3648\" data-elementor-post-type=\"page\">\n\t\t\t\t<div class=\"elementor-element elementor-element-2051b3c e-flex e-con-boxed e-con e-parent\" data-id=\"2051b3c\" data-element_type=\"container\" data-settings=\"{&quot;background_background&quot;:&quot;classic&quot;,&quot;ekit_has_onepagescroll_dot&quot;:&quot;yes&quot;}\">\n\t\t\t\t\t<div class=\"e-con-inner\">\n\t\t\t\t<div class=\"elementor-element elementor-element-a2226f6 elementor-widget__width-initial elementor-widget elementor-widget-text-editor\" data-id=\"a2226f6\" data-element_type=\"widget\" data-settings=\"{&quot;ekit_we_effect_on&quot;:&quot;none&quot;}\" data-widget_type=\"text-editor.default\">\n\t\t\t\t<div class=\"elementor-widget-container\">\n\t\t\t\t\t\t\t\t\t<div data-page-id=\"YXfCd6cw3oQsfux4mvLca0jFnpU\" data-lark-html-role=\"root\" data-docx-has-block-data=\"false\"><div class=\"ace-line ace-line old-record-id-DJqBdNgAJoMSUvxGlbPchTibnVc\">Pri LANDU je zadovoljstvo strank v sredi\u0161\u010du vsega, kar po\u010dnemo. Na\u0161a predana ekipa zagotavlja osebne predprodajne svetovalne storitve, da vam pomaga pri izbiri popolnega izdelka.<\/div><\/div>\t\t\t\t\t\t\t\t<\/div>\n\t\t\t\t<\/div>\n\t\t\t\t\t<\/div>\n\t\t\t\t<\/div>\n\t\t<div class=\"elementor-element elementor-element-0474ee4 e-grid e-con-boxed e-con e-parent\" data-id=\"0474ee4\" data-element_type=\"container\" data-settings=\"{&quot;ekit_has_onepagescroll_dot&quot;:&quot;yes&quot;}\">\n\t\t\t\t\t<div class=\"e-con-inner\">\n\t\t<div class=\"elementor-element elementor-element-1966395 e-con-full e-flex e-con e-child\" data-id=\"1966395\" data-element_type=\"container\" data-settings=\"{&quot;ekit_has_onepagescroll_dot&quot;:&quot;yes&quot;}\">\n\t\t\t\t<div class=\"elementor-element elementor-element-4daccdc elementor-widget__width-initial elementor-widget-mobile__width-initial elementor-widget elementor-widget-image\" data-id=\"4daccdc\" data-element_type=\"widget\" data-settings=\"{&quot;ekit_we_effect_on&quot;:&quot;none&quot;}\" data-widget_type=\"image.default\">\n\t\t\t\t<div class=\"elementor-widget-container\">\n\t\t\t\t\t\t\t\t\t\t\t\t\t\t\t<img fetchpriority=\"high\" decoding=\"async\" width=\"800\" height=\"533\" src=\"https:\/\/landuchem.com\/wp-content\/uploads\/2025\/04\/Innovative-Solution-Non-Surface-Treated-1024x682.jpg\" class=\"attachment-large size-large wp-image-6415\" alt=\"Inovativno-Re\u0161itev-Ne Povr\u0161insko Obdelana\" srcset=\"https:\/\/landuchem.com\/wp-content\/uploads\/2025\/04\/Innovative-Solution-Non-Surface-Treated-1024x682.jpg 1024w, https:\/\/landuchem.com\/wp-content\/uploads\/2025\/04\/Innovative-Solution-Non-Surface-Treated-300x200.jpg 300w, https:\/\/landuchem.com\/wp-content\/uploads\/2025\/04\/Innovative-Solution-Non-Surface-Treated-768x512.jpg 768w, https:\/\/landuchem.com\/wp-content\/uploads\/2025\/04\/Innovative-Solution-Non-Surface-Treated.jpg 1400w\" sizes=\"(max-width: 800px) 100vw, 800px\" \/>\t\t\t\t\t\t\t\t\t\t\t\t\t\t\t<\/div>\n\t\t\t\t<\/div>\n\t\t<div class=\"elementor-element elementor-element-da4a131 e-con-full e-flex e-con e-child\" data-id=\"da4a131\" data-element_type=\"container\" data-settings=\"{&quot;ekit_has_onepagescroll_dot&quot;:&quot;yes&quot;}\">\n\t\t\t\t<div class=\"elementor-element elementor-element-a2edb21 elementor-widget elementor-widget-heading\" data-id=\"a2edb21\" data-element_type=\"widget\" data-settings=\"{&quot;ekit_we_effect_on&quot;:&quot;none&quot;}\" data-widget_type=\"heading.default\">\n\t\t\t\t<div class=\"elementor-widget-container\">\n\t\t\t\t\t<h2 class=\"elementor-heading-title elementor-size-default\">Brezpla\u010dno svetovanje in tehni\u010dno podporo<\/h2>\t\t\t\t<\/div>\n\t\t\t\t<\/div>\n\t\t\t\t<div class=\"elementor-element elementor-element-56c6c3b elementor-widget elementor-widget-text-editor\" data-id=\"56c6c3b\" data-element_type=\"widget\" data-settings=\"{&quot;ekit_we_effect_on&quot;:&quot;none&quot;}\" data-widget_type=\"text-editor.default\">\n\t\t\t\t<div class=\"elementor-widget-container\">\n\t\t\t\t\t\t\t\t\t<p>LANDU je dodelil regionalne prodajne vodje za natan\u010dne zna\u010dilnosti okro\u017eij, kot so vreme, geografija, trgovinske politike ter navade in tendence izdelkov. NOVASTAR gradi celovit podporni sistem z na\u0161imi strokovnimi kemiki, ki se poglabljajo v dodatke za modifikacijo in razvoj formulacij. Najpomembneje je, da LANDU NOVASTAR ponuja BREZPLA\u010cNE svetovalne in tehni\u010dne storitve za re\u0161evanje va\u0161ih te\u017eav pred naro\u010dilom.<\/p>\t\t\t\t\t\t\t\t<\/div>\n\t\t\t\t<\/div>\n\t\t\t\t<div class=\"elementor-element elementor-element-7c81fb9 elementor-align-left elementor-widget elementor-widget-button\" data-id=\"7c81fb9\" data-element_type=\"widget\" data-settings=\"{&quot;ekit_we_effect_on&quot;:&quot;none&quot;}\" data-widget_type=\"button.default\">\n\t\t\t\t<div class=\"elementor-widget-container\">\n\t\t\t\t\t\t\t\t\t<div class=\"elementor-button-wrapper\">\n\t\t\t\t\t<a class=\"elementor-button elementor-button-link elementor-size-sm\" href=\"https:\/\/landuchem.com\/sl\/kontaktirajte-nas\/\" target=\"_blank\">\n\t\t\t\t\t\t<span class=\"elementor-button-content-wrapper\">\n\t\t\t\t\t\t\t\t\t<span class=\"elementor-button-text\">Kontaktirajte zdaj!<\/span>\n\t\t\t\t\t<\/span>\n\t\t\t\t\t<\/a>\n\t\t\t\t<\/div>\n\t\t\t\t\t\t\t\t<\/div>\n\t\t\t\t<\/div>\n\t\t\t\t<\/div>\n\t\t\t\t<\/div>\n\t\t<div class=\"elementor-element elementor-element-31d3051 e-con-full e-flex e-con e-child\" data-id=\"31d3051\" data-element_type=\"container\" data-settings=\"{&quot;ekit_has_onepagescroll_dot&quot;:&quot;yes&quot;}\">\n\t\t\t\t<div class=\"elementor-element elementor-element-4c17855 elementor-widget__width-initial elementor-widget-mobile__width-initial elementor-widget elementor-widget-image\" data-id=\"4c17855\" data-element_type=\"widget\" data-settings=\"{&quot;ekit_we_effect_on&quot;:&quot;none&quot;}\" data-widget_type=\"image.default\">\n\t\t\t\t<div class=\"elementor-widget-container\">\n\t\t\t\t\t\t\t\t\t\t\t\t\t\t\t<img decoding=\"async\" width=\"800\" height=\"451\" src=\"https:\/\/landuchem.com\/wp-content\/uploads\/2025\/04\/Detailed-Guidance-Through-Documents-and-Videos-1024x577.jpg\" class=\"attachment-large size-large wp-image-7083\" alt=\"Podrobno vodstvo skozi dokumente in videoposnetke\" srcset=\"https:\/\/landuchem.com\/wp-content\/uploads\/2025\/04\/Detailed-Guidance-Through-Documents-and-Videos-1024x577.jpg 1024w, https:\/\/landuchem.com\/wp-content\/uploads\/2025\/04\/Detailed-Guidance-Through-Documents-and-Videos-300x169.jpg 300w, https:\/\/landuchem.com\/wp-content\/uploads\/2025\/04\/Detailed-Guidance-Through-Documents-and-Videos-768x432.jpg 768w, https:\/\/landuchem.com\/wp-content\/uploads\/2025\/04\/Detailed-Guidance-Through-Documents-and-Videos-1536x865.jpg 1536w, https:\/\/landuchem.com\/wp-content\/uploads\/2025\/04\/Detailed-Guidance-Through-Documents-and-Videos.jpg 1920w\" sizes=\"(max-width: 800px) 100vw, 800px\" \/>\t\t\t\t\t\t\t\t\t\t\t\t\t\t\t<\/div>\n\t\t\t\t<\/div>\n\t\t<div class=\"elementor-element elementor-element-41b4587 e-con-full e-flex e-con e-child\" data-id=\"41b4587\" data-element_type=\"container\" data-settings=\"{&quot;ekit_has_onepagescroll_dot&quot;:&quot;yes&quot;}\">\n\t\t\t\t<div class=\"elementor-element elementor-element-1a2b382 elementor-widget elementor-widget-heading\" data-id=\"1a2b382\" data-element_type=\"widget\" data-settings=\"{&quot;ekit_we_effect_on&quot;:&quot;none&quot;}\" data-widget_type=\"heading.default\">\n\t\t\t\t<div class=\"elementor-widget-container\">\n\t\t\t\t\t<h2 class=\"elementor-heading-title elementor-size-default\">Podrobno vodstvo skozi dokumente in videoposnetke<\/h2>\t\t\t\t<\/div>\n\t\t\t\t<\/div>\n\t\t\t\t<div class=\"elementor-element elementor-element-4e13482 elementor-widget elementor-widget-text-editor\" data-id=\"4e13482\" data-element_type=\"widget\" data-settings=\"{&quot;ekit_we_effect_on&quot;:&quot;none&quot;}\" data-widget_type=\"text-editor.default\">\n\t\t\t\t<div class=\"elementor-widget-container\">\n\t\t\t\t\t\t\t\t\tOsnovna storitev LANDU zagotavlja podrobne dokumente, kot so poro\u010dila o testih in tehni\u010dne podatkovne liste. Poleg tega je LANDU uvedel posebno storitev za ustvarjanje videoposnetkov glede na va\u0161e zahteve, da bi vam olaj\u0161al spoznavanje izdelkov NOVASTAR. Enostavni in razumljivi videi vklju\u010dujejo navodila za uporabo, prikaze zmogljivosti, ocene in primerjave med razli\u010dnimi izdelki, kot so apnenci in citratni apnenci za upo\u010dasnjevalce za mav\u010dno maso.\t\t\t\t\t\t\t\t<\/div>\n\t\t\t\t<\/div>\n\t\t\t\t<div class=\"elementor-element elementor-element-9c67579 elementor-align-left elementor-widget elementor-widget-button\" data-id=\"9c67579\" data-element_type=\"widget\" data-settings=\"{&quot;ekit_we_effect_on&quot;:&quot;none&quot;}\" data-widget_type=\"button.default\">\n\t\t\t\t<div class=\"elementor-widget-container\">\n\t\t\t\t\t\t\t\t\t<div class=\"elementor-button-wrapper\">\n\t\t\t\t\t<a class=\"elementor-button elementor-button-link elementor-size-sm\" href=\"https:\/\/landuchem.com\/sl\/o-nova-star\/video\/\" target=\"_blank\">\n\t\t\t\t\t\t<span class=\"elementor-button-content-wrapper\">\n\t\t\t\t\t\t\t\t\t<span class=\"elementor-button-text\">Oglejte si videoposnetek Novastar\u2122<\/span>\n\t\t\t\t\t<\/span>\n\t\t\t\t\t<\/a>\n\t\t\t\t<\/div>\n\t\t\t\t\t\t\t\t<\/div>\n\t\t\t\t<\/div>\n\t\t\t\t<\/div>\n\t\t\t\t<\/div>\n\t\t<div class=\"elementor-element elementor-element-11ce1f6 e-con-full e-flex e-con e-child\" data-id=\"11ce1f6\" data-element_type=\"container\" data-settings=\"{&quot;ekit_has_onepagescroll_dot&quot;:&quot;yes&quot;}\">\n\t\t\t\t<div class=\"elementor-element elementor-element-7b18b6a elementor-widget__width-initial elementor-widget-mobile__width-initial elementor-widget elementor-widget-image\" data-id=\"7b18b6a\" data-element_type=\"widget\" data-settings=\"{&quot;ekit_we_effect_on&quot;:&quot;none&quot;}\" data-widget_type=\"image.default\">\n\t\t\t\t<div class=\"elementor-widget-container\">\n\t\t\t\t\t\t\t\t\t\t\t\t\t\t\t<img decoding=\"async\" width=\"800\" height=\"533\" src=\"https:\/\/landuchem.com\/wp-content\/uploads\/2025\/04\/NOVASTAR-product-family-1024x682.jpg\" class=\"attachment-large size-large wp-image-6864\" alt=\"Dru\u017eina izdelkov NOVASTAR\" srcset=\"https:\/\/landuchem.com\/wp-content\/uploads\/2025\/04\/NOVASTAR-product-family-1024x682.jpg 1024w, https:\/\/landuchem.com\/wp-content\/uploads\/2025\/04\/NOVASTAR-product-family-300x200.jpg 300w, https:\/\/landuchem.com\/wp-content\/uploads\/2025\/04\/NOVASTAR-product-family-768x512.jpg 768w, https:\/\/landuchem.com\/wp-content\/uploads\/2025\/04\/NOVASTAR-product-family.jpg 1400w\" sizes=\"(max-width: 800px) 100vw, 800px\" \/>\t\t\t\t\t\t\t\t\t\t\t\t\t\t\t<\/div>\n\t\t\t\t<\/div>\n\t\t<div class=\"elementor-element elementor-element-c1e1c35 e-con-full e-flex e-con e-child\" data-id=\"c1e1c35\" data-element_type=\"container\" data-settings=\"{&quot;ekit_has_onepagescroll_dot&quot;:&quot;yes&quot;}\">\n\t\t\t\t<div class=\"elementor-element elementor-element-bfc9a00 elementor-widget elementor-widget-heading\" data-id=\"bfc9a00\" data-element_type=\"widget\" data-settings=\"{&quot;ekit_we_effect_on&quot;:&quot;none&quot;}\" data-widget_type=\"heading.default\">\n\t\t\t\t<div class=\"elementor-widget-container\">\n\t\t\t\t\t<h2 class=\"elementor-heading-title elementor-size-default\">Brezpla\u010den vzorec skupaj z poro\u010dilom o testiranju<\/h2>\t\t\t\t<\/div>\n\t\t\t\t<\/div>\n\t\t\t\t<div class=\"elementor-element elementor-element-1cf0a6c elementor-widget elementor-widget-text-editor\" data-id=\"1cf0a6c\" data-element_type=\"widget\" data-settings=\"{&quot;ekit_we_effect_on&quot;:&quot;none&quot;}\" data-widget_type=\"text-editor.default\">\n\t\t\t\t<div class=\"elementor-widget-container\">\n\t\t\t\t\t\t\t\t\t<p>LANDU zagotavlja brezpla\u010dne vzorce z brezpla\u010dno dostavo, kar pomeni, da ni stro\u0161kov za preizku\u0161anje in izku\u0161njo dodatkov NOVASTAR. \u010ce vzorec ne izpolni va\u0161ih zahtev, nudimo brezpla\u010dno optimizacijo in modifikacijo, dokler dodatki NOVASTAR ne bodo zadostno delovali. Za stranke, ki zahtevajo specifi\u010dno poro\u010dilo o testiranju glede dolo\u010denih specifikacij, \u017eelimo predstaviti na\u0161o inovativno silo za popolno sodelovanje.<\/p>\t\t\t\t\t\t\t\t<\/div>\n\t\t\t\t<\/div>\n\t\t\t\t<div class=\"elementor-element elementor-element-339a272 elementor-align-left elementor-widget elementor-widget-button\" data-id=\"339a272\" data-element_type=\"widget\" data-settings=\"{&quot;ekit_we_effect_on&quot;:&quot;none&quot;}\" data-widget_type=\"button.default\">\n\t\t\t\t<div class=\"elementor-widget-container\">\n\t\t\t\t\t\t\t\t\t<div class=\"elementor-button-wrapper\">\n\t\t\t\t\t<a class=\"elementor-button elementor-button-link elementor-size-sm\" href=\"https:\/\/landuchem.com\/sl\/kontaktirajte-nas\/\" target=\"_blank\">\n\t\t\t\t\t\t<span class=\"elementor-button-content-wrapper\">\n\t\t\t\t\t\t\t\t\t<span class=\"elementor-button-text\">Pridobite brezpla\u010dne vzorce<\/span>\n\t\t\t\t\t<\/span>\n\t\t\t\t\t<\/a>\n\t\t\t\t<\/div>\n\t\t\t\t\t\t\t\t<\/div>\n\t\t\t\t<\/div>\n\t\t\t\t<\/div>\n\t\t\t\t<\/div>\n\t\t\t\t\t<\/div>\n\t\t\t\t<\/div>\n\t\t<div class=\"elementor-element elementor-element-a1d8283 e-flex e-con-boxed e-con e-parent\" data-id=\"a1d8283\" data-element_type=\"container\" data-settings=\"{&quot;ekit_has_onepagescroll_dot&quot;:&quot;yes&quot;}\">\n\t\t\t\t\t<div class=\"e-con-inner\">\n\t\t<div class=\"elementor-element elementor-element-1ff1f3a e-con-full e-flex e-con e-child\" data-id=\"1ff1f3a\" data-element_type=\"container\" data-settings=\"{&quot;ekit_has_onepagescroll_dot&quot;:&quot;yes&quot;}\">\n\t\t\t\t<div class=\"elementor-element elementor-element-ad0f2a2 elementor-widget elementor-widget-heading\" data-id=\"ad0f2a2\" data-element_type=\"widget\" data-settings=\"{&quot;ekit_we_effect_on&quot;:&quot;none&quot;}\" data-widget_type=\"heading.default\">\n\t\t\t\t<div class=\"elementor-widget-container\">\n\t\t\t\t\t<h3 class=\"elementor-heading-title elementor-size-default\">Predprodaja na pravi na\u010din: Pametnej\u0161e odlo\u010ditve, mo\u010dnej\u0161a partnerstva<\/h3>\t\t\t\t<\/div>\n\t\t\t\t<\/div>\n\t\t\t\t<div class=\"elementor-element elementor-element-3c892d1 elementor-widget elementor-widget-text-editor\" data-id=\"3c892d1\" data-element_type=\"widget\" data-settings=\"{&quot;ekit_we_effect_on&quot;:&quot;none&quot;}\" data-widget_type=\"text-editor.default\">\n\t\t\t\t<div class=\"elementor-widget-container\">\n\t\t\t\t\t\t\t\t\tLANDU presega zgolj izdelke \u2014 sodelujemo z vami \u017ee od za\u010detka. Na\u0161e strokovne predprodajne storitve vam pomagajo sprejemati samozavestne odlo\u010ditve, zagotavljajo dolgoro\u010dni uspeh skozi kakovost, strokovnost in neomajno podporo.\t\t\t\t\t\t\t\t<\/div>\n\t\t\t\t<\/div>\n\t\t\t\t<\/div>\n\t\t<div class=\"elementor-element elementor-element-dba4949 e-con-full e-flex e-con e-child\" data-id=\"dba4949\" data-element_type=\"container\" data-settings=\"{&quot;ekit_has_onepagescroll_dot&quot;:&quot;yes&quot;}\">\n\t\t\t\t<div class=\"elementor-element elementor-element-ff23a43 elementor-align-right elementor-mobile-align-center elementor-widget elementor-widget-button\" data-id=\"ff23a43\" data-element_type=\"widget\" data-settings=\"{&quot;ekit_we_effect_on&quot;:&quot;none&quot;}\" data-widget_type=\"button.default\">\n\t\t\t\t<div class=\"elementor-widget-container\">\n\t\t\t\t\t\t\t\t\t<div class=\"elementor-button-wrapper\">\n\t\t\t\t\t<a class=\"elementor-button elementor-button-link elementor-size-sm\" href=\"https:\/\/landuchem.com\/sl\/kontaktirajte-nas\/\" target=\"_blank\">\n\t\t\t\t\t\t<span class=\"elementor-button-content-wrapper\">\n\t\t\t\t\t\t\t\t\t<span class=\"elementor-button-text\">Dajte nam povratne informacije<\/span>\n\t\t\t\t\t<\/span>\n\t\t\t\t\t<\/a>\n\t\t\t\t<\/div>\n\t\t\t\t\t\t\t\t<\/div>\n\t\t\t\t<\/div>\n\t\t\t\t<\/div>\n\t\t\t\t\t<\/div>\n\t\t\t\t<\/div>\n\t\t\t\t<\/div>","protected":false},"excerpt":{"rendered":"<p>At LANDU, customer satisfaction is at the heart of everything we do. Our dedicated team provides personalized pre-sale consultations to help you make the perfect choice. Free Consultation and Technical Support LANDU assigned regional sales managers for precision district characteristics, such as weather, geography, trade policies, and product habits and tendencies. NOVASTAR builds a comprehensive [&hellip;]<\/p>","protected":false},"author":1,"featured_media":0,"parent":494,"menu_order":0,"comment_status":"closed","ping_status":"closed","template":"elementor_header_footer","meta":{"footnotes":""},"class_list":["post-3648","page","type-page","status-publish","hentry"],"_links":{"self":[{"href":"https:\/\/landuchem.com\/sl\/wp-json\/wp\/v2\/pages\/3648","targetHints":{"allow":["GET"]}}],"collection":[{"href":"https:\/\/landuchem.com\/sl\/wp-json\/wp\/v2\/pages"}],"about":[{"href":"https:\/\/landuchem.com\/sl\/wp-json\/wp\/v2\/types\/page"}],"author":[{"embeddable":true,"href":"https:\/\/landuchem.com\/sl\/wp-json\/wp\/v2\/users\/1"}],"replies":[{"embeddable":true,"href":"https:\/\/landuchem.com\/sl\/wp-json\/wp\/v2\/comments?post=3648"}],"version-history":[{"count":20,"href":"https:\/\/landuchem.com\/sl\/wp-json\/wp\/v2\/pages\/3648\/revisions"}],"predecessor-version":[{"id":13111,"href":"https:\/\/landuchem.com\/sl\/wp-json\/wp\/v2\/pages\/3648\/revisions\/13111"}],"up":[{"embeddable":true,"href":"https:\/\/landuchem.com\/sl\/wp-json\/wp\/v2\/pages\/494"}],"wp:attachment":[{"href":"https:\/\/landuchem.com\/sl\/wp-json\/wp\/v2\/media?parent=3648"}],"curies":[{"name":"wp","href":"https:\/\/api.w.org\/{rel}","templated":true}]}}