{"id":7089,"date":"2025-04-24T12:03:09","date_gmt":"2025-04-24T12:03:09","guid":{"rendered":"https:\/\/landuchem.com\/?page_id=7089"},"modified":"2025-08-27T02:34:14","modified_gmt":"2025-08-27T02:34:14","slug":"sluzby-vyrobneho-kontraktu","status":"publish","type":"page","link":"https:\/\/landuchem.com\/sk\/o-nova-hviezda\/sluzba\/sluzby-vyrobneho-kontraktu\/","title":{"rendered":"Slu\u017eby kontraktnej v\u00fdroby"},"content":{"rendered":"<div data-elementor-type=\"wp-page\" data-elementor-id=\"7089\" class=\"elementor elementor-7089\" data-elementor-post-type=\"page\">\n\t\t\t\t<div class=\"elementor-element elementor-element-2051b3c e-flex e-con-boxed e-con e-parent\" data-id=\"2051b3c\" data-element_type=\"container\" data-settings=\"{&quot;background_background&quot;:&quot;classic&quot;,&quot;ekit_has_onepagescroll_dot&quot;:&quot;yes&quot;}\">\n\t\t\t\t\t<div class=\"e-con-inner\">\n\t\t\t\t\t<\/div>\n\t\t\t\t<\/div>\n\t\t<div class=\"elementor-element elementor-element-756ee92 e-flex e-con-boxed e-con e-parent\" data-id=\"756ee92\" data-element_type=\"container\" data-settings=\"{&quot;ekit_has_onepagescroll_dot&quot;:&quot;yes&quot;}\">\n\t\t\t\t\t<div class=\"e-con-inner\">\n\t\t<div class=\"elementor-element elementor-element-86844c5 e-con-full e-flex e-con e-child\" data-id=\"86844c5\" data-element_type=\"container\" data-settings=\"{&quot;ekit_has_onepagescroll_dot&quot;:&quot;yes&quot;}\">\n\t\t<div class=\"elementor-element elementor-element-bb01686 e-con-full e-flex e-con e-child\" data-id=\"bb01686\" data-element_type=\"container\" data-settings=\"{&quot;ekit_has_onepagescroll_dot&quot;:&quot;yes&quot;}\">\n\t\t\t\t<div class=\"elementor-element elementor-element-7ee3621 elementor-view-default elementor-widget elementor-widget-icon\" data-id=\"7ee3621\" data-element_type=\"widget\" data-settings=\"{&quot;ekit_we_effect_on&quot;:&quot;none&quot;}\" data-widget_type=\"icon.default\">\n\t\t\t\t<div class=\"elementor-widget-container\">\n\t\t\t\t\t\t\t<div class=\"elementor-icon-wrapper\">\n\t\t\t<div class=\"elementor-icon\">\n\t\t\t<svg xmlns=\"http:\/\/www.w3.org\/2000\/svg\" id=\"_&#x56FE;&#x5C42;_2\" data-name=\"&#x56FE;&#x5C42; 2\" viewbox=\"0 0 111.69 167.53\"><defs><style>      .cls-1 {        fill: #fad8be;      }      .cls-1, .cls-2 {        stroke-width: 0px;      }      .cls-2 {        fill: #f47b25;      }    <\/style><\/defs><g id=\"_&#x56FE;&#x5C42;_1-2\" data-name=\"&#x56FE;&#x5C42; 1\"><g><circle class=\"cls-1\" cx=\"55.84\" cy=\"55.84\" r=\"55.84\"><\/circle><circle class=\"cls-2\" cx=\"55.84\" cy=\"111.69\" r=\"55.84\"><\/circle><\/g><\/g><\/svg>\t\t\t<\/div>\n\t\t<\/div>\n\t\t\t\t\t\t<\/div>\n\t\t\t\t<\/div>\n\t\t<div class=\"elementor-element elementor-element-1aa069b e-con-full e-flex e-con e-child\" data-id=\"1aa069b\" data-element_type=\"container\" data-settings=\"{&quot;ekit_has_onepagescroll_dot&quot;:&quot;yes&quot;}\">\n\t\t\t\t<div class=\"elementor-element elementor-element-8bab612 elementor-widget elementor-widget-heading\" data-id=\"8bab612\" data-element_type=\"widget\" data-settings=\"{&quot;ekit_we_effect_on&quot;:&quot;none&quot;}\" data-widget_type=\"heading.default\">\n\t\t\t\t<div class=\"elementor-widget-container\">\n\t\t\t\t\t<h2 class=\"elementor-heading-title elementor-size-default\">Nezrovnate\u013en\u00e1 kvalita a slu\u017eba<\/h2>\t\t\t\t<\/div>\n\t\t\t\t<\/div>\n\t\t\t\t<\/div>\n\t\t\t\t<\/div>\n\t\t\t\t<div class=\"elementor-element elementor-element-9474a03 elementor-widget elementor-widget-text-editor\" data-id=\"9474a03\" data-element_type=\"widget\" data-settings=\"{&quot;ekit_we_effect_on&quot;:&quot;none&quot;}\" data-widget_type=\"text-editor.default\">\n\t\t\t\t<div class=\"elementor-widget-container\">\n\t\t\t\t\t\t\t\t\t<p>LANDU ukon\u010duje probl\u00e9my s kvalitou z dvoch poh\u013eadov, v\u00fdberu surov\u00edn a monitorovania v\u00fdrobn\u00e9ho procesu. Spolupracujeme s d\u00f4veryhodn\u00fdmi partnermi, s ktor\u00fdmi m\u00e1me dlhoro\u010dn\u00e9 sk\u00fasenosti, zabezpe\u010duj\u00fac spo\u013eahliv\u00fd dod\u00e1vky surov\u00edn a elimin\u00e1ciu n\u00edzkej kvality na za\u010diatku. Okrem toho LANDU zaviedol sofistikovan\u00e9 zariadenia pre stabiln\u00fa, udr\u017eate\u013en\u00fa a kontrolovate\u013en\u00fa v\u00fdrobu na\u0161ich pr\u00edsad NOVASTAR.<\/p>\t\t\t\t\t\t\t\t<\/div>\n\t\t\t\t<\/div>\n\t\t\t\t<div class=\"elementor-element elementor-element-f5c57f2 elementor-widget elementor-widget-button\" data-id=\"f5c57f2\" data-element_type=\"widget\" data-settings=\"{&quot;ekit_we_effect_on&quot;:&quot;none&quot;}\" data-widget_type=\"button.default\">\n\t\t\t\t<div class=\"elementor-widget-container\">\n\t\t\t\t\t\t\t\t\t<div class=\"elementor-button-wrapper\">\n\t\t\t\t\t<a class=\"elementor-button elementor-button-link elementor-size-sm\" href=\"https:\/\/landuchem.com\/sk\/kontaktujte-nas\/\" target=\"_blank\">\n\t\t\t\t\t\t<span class=\"elementor-button-content-wrapper\">\n\t\t\t\t\t\t\t\t\t<span class=\"elementor-button-text\">Kontaktujte Landu teraz<\/span>\n\t\t\t\t\t<\/span>\n\t\t\t\t\t<\/a>\n\t\t\t\t<\/div>\n\t\t\t\t\t\t\t\t<\/div>\n\t\t\t\t<\/div>\n\t\t\t\t<\/div>\n\t\t<div class=\"elementor-element elementor-element-dfdb166 e-con-full e-flex e-con e-child\" data-id=\"dfdb166\" data-element_type=\"container\" data-settings=\"{&quot;ekit_has_onepagescroll_dot&quot;:&quot;yes&quot;}\">\n\t\t<div class=\"elementor-element elementor-element-cf9a6d7 e-con-full e-flex e-con e-child\" data-id=\"cf9a6d7\" data-element_type=\"container\" data-settings=\"{&quot;ekit_has_onepagescroll_dot&quot;:&quot;yes&quot;}\">\n\t\t\t\t<div class=\"elementor-element elementor-element-115a662 elementor-widget elementor-widget-image\" data-id=\"115a662\" data-element_type=\"widget\" data-settings=\"{&quot;ekit_we_effect_on&quot;:&quot;none&quot;}\" data-widget_type=\"image.default\">\n\t\t\t\t<div class=\"elementor-widget-container\">\n\t\t\t\t\t\t\t\t\t\t\t\t\t\t\t<img fetchpriority=\"high\" decoding=\"async\" width=\"800\" height=\"533\" src=\"https:\/\/landuchem.com\/wp-content\/uploads\/2025\/04\/NOVASTAR-Factory-3.webp\" class=\"attachment-large size-large wp-image-7093\" alt=\"NOVASTAR-Factory\" srcset=\"https:\/\/landuchem.com\/wp-content\/uploads\/2025\/04\/NOVASTAR-Factory-3.webp 800w, https:\/\/landuchem.com\/wp-content\/uploads\/2025\/04\/NOVASTAR-Factory-3-300x200.webp 300w, https:\/\/landuchem.com\/wp-content\/uploads\/2025\/04\/NOVASTAR-Factory-3-768x512.webp 768w\" sizes=\"(max-width: 800px) 100vw, 800px\" \/>\t\t\t\t\t\t\t\t\t\t\t\t\t\t\t<\/div>\n\t\t\t\t<\/div>\n\t\t\t\t<\/div>\n\t\t<div class=\"elementor-element elementor-element-c811f6a e-con-full e-flex e-con e-child\" data-id=\"c811f6a\" data-element_type=\"container\" data-settings=\"{&quot;ekit_has_onepagescroll_dot&quot;:&quot;yes&quot;}\">\n\t\t\t\t<div class=\"elementor-element elementor-element-9bcf0bb elementor-widget elementor-widget-image\" data-id=\"9bcf0bb\" data-element_type=\"widget\" data-settings=\"{&quot;ekit_we_effect_on&quot;:&quot;none&quot;}\" data-widget_type=\"image.default\">\n\t\t\t\t<div class=\"elementor-widget-container\">\n\t\t\t\t\t\t\t\t\t\t\t\t\t\t\t<img decoding=\"async\" width=\"800\" height=\"533\" src=\"https:\/\/landuchem.com\/wp-content\/uploads\/2025\/04\/NOVASTAR-Factory-2-1.webp\" class=\"attachment-large size-large wp-image-7092\" alt=\"NOVASTAR-Factory-2\" srcset=\"https:\/\/landuchem.com\/wp-content\/uploads\/2025\/04\/NOVASTAR-Factory-2-1.webp 800w, https:\/\/landuchem.com\/wp-content\/uploads\/2025\/04\/NOVASTAR-Factory-2-1-300x200.webp 300w, https:\/\/landuchem.com\/wp-content\/uploads\/2025\/04\/NOVASTAR-Factory-2-1-768x512.webp 768w\" sizes=\"(max-width: 800px) 100vw, 800px\" \/>\t\t\t\t\t\t\t\t\t\t\t\t\t\t\t<\/div>\n\t\t\t\t<\/div>\n\t\t\t\t<div class=\"elementor-element elementor-element-228f1c9 elementor-widget elementor-widget-image\" data-id=\"228f1c9\" data-element_type=\"widget\" data-settings=\"{&quot;ekit_we_effect_on&quot;:&quot;none&quot;}\" data-widget_type=\"image.default\">\n\t\t\t\t<div class=\"elementor-widget-container\">\n\t\t\t\t\t\t\t\t\t\t\t\t\t\t\t<img decoding=\"async\" width=\"800\" height=\"533\" src=\"https:\/\/landuchem.com\/wp-content\/uploads\/2025\/04\/NOVASTAR-Factory-1-1.webp\" class=\"attachment-large size-large wp-image-7094\" alt=\"NOVASTAR-Factory-1\" srcset=\"https:\/\/landuchem.com\/wp-content\/uploads\/2025\/04\/NOVASTAR-Factory-1-1.webp 800w, https:\/\/landuchem.com\/wp-content\/uploads\/2025\/04\/NOVASTAR-Factory-1-1-300x200.webp 300w, https:\/\/landuchem.com\/wp-content\/uploads\/2025\/04\/NOVASTAR-Factory-1-1-768x512.webp 768w\" sizes=\"(max-width: 800px) 100vw, 800px\" \/>\t\t\t\t\t\t\t\t\t\t\t\t\t\t\t<\/div>\n\t\t\t\t<\/div>\n\t\t\t\t<\/div>\n\t\t\t\t<\/div>\n\t\t\t\t\t<\/div>\n\t\t\t\t<\/div>\n\t\t<div class=\"elementor-element elementor-element-9b38b49 e-grid e-con-boxed e-con e-parent\" data-id=\"9b38b49\" data-element_type=\"container\" data-settings=\"{&quot;background_background&quot;:&quot;classic&quot;,&quot;ekit_has_onepagescroll_dot&quot;:&quot;yes&quot;}\">\n\t\t\t\t\t<div class=\"e-con-inner\">\n\t\t<div class=\"elementor-element elementor-element-ff57437 e-con-full e-flex e-con e-child\" data-id=\"ff57437\" data-element_type=\"container\" data-settings=\"{&quot;ekit_has_onepagescroll_dot&quot;:&quot;yes&quot;}\">\n\t\t\t\t<div class=\"elementor-element elementor-element-445fe64 elementor-widget__width-initial elementor-widget-mobile__width-initial elementor-widget elementor-widget-image\" data-id=\"445fe64\" data-element_type=\"widget\" data-settings=\"{&quot;ekit_we_effect_on&quot;:&quot;none&quot;}\" data-widget_type=\"image.default\">\n\t\t\t\t<div class=\"elementor-widget-container\">\n\t\t\t\t\t\t\t\t\t\t\t\t\t\t\t<img loading=\"lazy\" decoding=\"async\" width=\"800\" height=\"534\" src=\"https:\/\/landuchem.com\/wp-content\/uploads\/2025\/04\/Novastar-Product-Shipment-1024x683.jpg\" class=\"attachment-large size-large wp-image-7096\" alt=\"Novastar-Produkt - Odoslanie\" srcset=\"https:\/\/landuchem.com\/wp-content\/uploads\/2025\/04\/Novastar-Product-Shipment-1024x683.jpg 1024w, https:\/\/landuchem.com\/wp-content\/uploads\/2025\/04\/Novastar-Product-Shipment-300x200.jpg 300w, https:\/\/landuchem.com\/wp-content\/uploads\/2025\/04\/Novastar-Product-Shipment-768x512.jpg 768w, https:\/\/landuchem.com\/wp-content\/uploads\/2025\/04\/Novastar-Product-Shipment-1536x1024.jpg 1536w, https:\/\/landuchem.com\/wp-content\/uploads\/2025\/04\/Novastar-Product-Shipment.jpg 1920w\" sizes=\"(max-width: 800px) 100vw, 800px\" \/>\t\t\t\t\t\t\t\t\t\t\t\t\t\t\t<\/div>\n\t\t\t\t<\/div>\n\t\t<div class=\"elementor-element elementor-element-e8c55b8 e-con-full e-flex e-con e-child\" data-id=\"e8c55b8\" data-element_type=\"container\" data-settings=\"{&quot;ekit_has_onepagescroll_dot&quot;:&quot;yes&quot;}\">\n\t\t\t\t<div class=\"elementor-element elementor-element-bec81ed elementor-widget elementor-widget-heading\" data-id=\"bec81ed\" data-element_type=\"widget\" data-settings=\"{&quot;ekit_we_effect_on&quot;:&quot;none&quot;}\" data-widget_type=\"heading.default\">\n\t\t\t\t<div class=\"elementor-widget-container\">\n\t\t\t\t\t<h2 class=\"elementor-heading-title elementor-size-default\">Flexibiln\u00e9 platby a r\u00fdchle doru\u010denie<\/h2>\t\t\t\t<\/div>\n\t\t\t\t<\/div>\n\t\t\t\t<div class=\"elementor-element elementor-element-4447262 elementor-widget elementor-widget-text-editor\" data-id=\"4447262\" data-element_type=\"widget\" data-settings=\"{&quot;ekit_we_effect_on&quot;:&quot;none&quot;}\" data-widget_type=\"text-editor.default\">\n\t\t\t\t<div class=\"elementor-widget-container\">\n\t\t\t\t\t\t\t\t\t<p>Duch zmluvy LANDU n\u00e1s podnecuje k presk\u00famavaniu \u010fal\u0161\u00edch platobn\u00fdch kan\u00e1lov pod\u013ea n\u00e1rodn\u00fdch podmienok, pri\u010dom zabezpe\u010duje r\u00fdchle a presn\u00e9 doru\u010denie. S k\u013e\u00fa\u010dov\u00fdmi hodnotami d\u00f4veryhodnosti, usilovnosti a oddanosti v korpor\u00e1tnej kult\u00fare LANDU udr\u017eiavame nulov\u00fa toleranciu vo\u010di ak\u00e9muko\u013evek oneskoreniu projektu sp\u00f4soben\u00e9mu neefekt\u00edvnym riaden\u00edm logistiky.<\/p>\t\t\t\t\t\t\t\t<\/div>\n\t\t\t\t<\/div>\n\t\t\t\t<\/div>\n\t\t\t\t<\/div>\n\t\t<div class=\"elementor-element elementor-element-fc8866c e-con-full e-flex e-con e-child\" data-id=\"fc8866c\" data-element_type=\"container\" data-settings=\"{&quot;ekit_has_onepagescroll_dot&quot;:&quot;yes&quot;}\">\n\t\t\t\t<div class=\"elementor-element elementor-element-3d68df3 elementor-widget__width-initial elementor-widget-mobile__width-initial elementor-widget elementor-widget-image\" data-id=\"3d68df3\" data-element_type=\"widget\" data-settings=\"{&quot;ekit_we_effect_on&quot;:&quot;none&quot;}\" data-widget_type=\"image.default\">\n\t\t\t\t<div class=\"elementor-widget-container\">\n\t\t\t\t\t\t\t\t\t\t\t\t\t\t\t<img loading=\"lazy\" decoding=\"async\" width=\"800\" height=\"533\" src=\"https:\/\/landuchem.com\/wp-content\/uploads\/2025\/04\/NOVASTAR-Innovative-Spirit-1-1024x682.jpg\" class=\"attachment-large size-large wp-image-7098\" alt=\"NOVASTAR-Inovat\u00edvny-duch-1\" srcset=\"https:\/\/landuchem.com\/wp-content\/uploads\/2025\/04\/NOVASTAR-Innovative-Spirit-1-1024x682.jpg 1024w, https:\/\/landuchem.com\/wp-content\/uploads\/2025\/04\/NOVASTAR-Innovative-Spirit-1-300x200.jpg 300w, https:\/\/landuchem.com\/wp-content\/uploads\/2025\/04\/NOVASTAR-Innovative-Spirit-1-768x512.jpg 768w, https:\/\/landuchem.com\/wp-content\/uploads\/2025\/04\/NOVASTAR-Innovative-Spirit-1.jpg 1400w\" sizes=\"(max-width: 800px) 100vw, 800px\" \/>\t\t\t\t\t\t\t\t\t\t\t\t\t\t\t<\/div>\n\t\t\t\t<\/div>\n\t\t<div class=\"elementor-element elementor-element-323538b e-con-full e-flex e-con e-child\" data-id=\"323538b\" data-element_type=\"container\" data-settings=\"{&quot;ekit_has_onepagescroll_dot&quot;:&quot;yes&quot;}\">\n\t\t\t\t<div class=\"elementor-element elementor-element-77a40a1 elementor-widget elementor-widget-heading\" data-id=\"77a40a1\" data-element_type=\"widget\" data-settings=\"{&quot;ekit_we_effect_on&quot;:&quot;none&quot;}\" data-widget_type=\"heading.default\">\n\t\t\t\t<div class=\"elementor-widget-container\">\n\t\t\t\t\t<h2 class=\"elementor-heading-title elementor-size-default\">Technick\u00e1 podpora<\/h2>\t\t\t\t<\/div>\n\t\t\t\t<\/div>\n\t\t\t\t<div class=\"elementor-element elementor-element-4883b01 elementor-widget elementor-widget-text-editor\" data-id=\"4883b01\" data-element_type=\"widget\" data-settings=\"{&quot;ekit_we_effect_on&quot;:&quot;none&quot;}\" data-widget_type=\"text-editor.default\">\n\t\t\t\t<div class=\"elementor-widget-container\">\n\t\t\t\t\t\t\t\t\tOkrem jednoduch\u00fdch transakci\u00ed venuje LANDU rovnak\u00fa pozornos\u0165 va\u0161im \u0161pecifick\u00fdm po\u017eiadavk\u00e1m. Technick\u00e1 podpora NOVASTAR od LANDU premie\u0148a va\u0161u v\u00edziu na realitu, \u010di u\u017e potrebujete jedine\u010dn\u00fd n\u00e1vrh chemickej \u0161trukt\u00fary alebo \u0161pecializovan\u00fa formul\u00e1ciu. S komplexnou v\u00fdrobnou expert\u00edzou NOVASTAR zabezpe\u010dujeme, aby va\u0161e produkty sp\u013a\u0148ali najvy\u0161\u0161ie \u0161tandardy kvality a z\u00e1rove\u0148 dr\u017eali krok s va\u0161imi rozv\u00edjaj\u00facimi sa podnikate\u013esk\u00fdmi potrebami.\t\t\t\t\t\t\t\t<\/div>\n\t\t\t\t<\/div>\n\t\t\t\t<\/div>\n\t\t\t\t<\/div>\n\t\t<div class=\"elementor-element elementor-element-8aba3a3 e-con-full e-flex e-con e-child\" data-id=\"8aba3a3\" data-element_type=\"container\" data-settings=\"{&quot;ekit_has_onepagescroll_dot&quot;:&quot;yes&quot;}\">\n\t\t\t\t<div class=\"elementor-element elementor-element-3f12d8d elementor-widget__width-initial elementor-widget-mobile__width-initial elementor-widget elementor-widget-image\" data-id=\"3f12d8d\" data-element_type=\"widget\" data-settings=\"{&quot;ekit_we_effect_on&quot;:&quot;none&quot;}\" data-widget_type=\"image.default\">\n\t\t\t\t<div class=\"elementor-widget-container\">\n\t\t\t\t\t\t\t\t\t\t\t\t\t\t\t<img loading=\"lazy\" decoding=\"async\" width=\"800\" height=\"534\" src=\"https:\/\/landuchem.com\/wp-content\/uploads\/2025\/04\/LANDU-Warehouse-1024x683.jpg\" class=\"attachment-large size-large wp-image-7097\" alt=\"LANDU-Sklad\" srcset=\"https:\/\/landuchem.com\/wp-content\/uploads\/2025\/04\/LANDU-Warehouse-1024x683.jpg 1024w, https:\/\/landuchem.com\/wp-content\/uploads\/2025\/04\/LANDU-Warehouse-300x200.jpg 300w, https:\/\/landuchem.com\/wp-content\/uploads\/2025\/04\/LANDU-Warehouse-768x512.jpg 768w, https:\/\/landuchem.com\/wp-content\/uploads\/2025\/04\/LANDU-Warehouse-1536x1024.jpg 1536w, https:\/\/landuchem.com\/wp-content\/uploads\/2025\/04\/LANDU-Warehouse.jpg 1920w\" sizes=\"(max-width: 800px) 100vw, 800px\" \/>\t\t\t\t\t\t\t\t\t\t\t\t\t\t\t<\/div>\n\t\t\t\t<\/div>\n\t\t<div class=\"elementor-element elementor-element-55fde7c e-con-full e-flex e-con e-child\" data-id=\"55fde7c\" data-element_type=\"container\" data-settings=\"{&quot;ekit_has_onepagescroll_dot&quot;:&quot;yes&quot;}\">\n\t\t\t\t<div class=\"elementor-element elementor-element-df25396 elementor-widget elementor-widget-heading\" data-id=\"df25396\" data-element_type=\"widget\" data-settings=\"{&quot;ekit_we_effect_on&quot;:&quot;none&quot;}\" data-widget_type=\"heading.default\">\n\t\t\t\t<div class=\"elementor-widget-container\">\n\t\t\t\t\t<h2 class=\"elementor-heading-title elementor-size-default\">Ve\u013ekoobchodn\u00e9 objedn\u00e1vky<\/h2>\t\t\t\t<\/div>\n\t\t\t\t<\/div>\n\t\t\t\t<div class=\"elementor-element elementor-element-844eac1 elementor-widget elementor-widget-text-editor\" data-id=\"844eac1\" data-element_type=\"widget\" data-settings=\"{&quot;ekit_we_effect_on&quot;:&quot;none&quot;}\" data-widget_type=\"text-editor.default\">\n\t\t\t\t<div class=\"elementor-widget-container\">\n\t\t\t\t\t\t\t\t\tS ve\u013ek\u00fdmi skladmi o rozlohe 15 000 metrov \u0161tvorcov\u00fdch na podporu na\u0161ej silnej produktivity s ro\u010dnou kapacitou 75 000 ton je LANDU NOVASTAR plne schopn\u00fd zvl\u00e1dnu\u0165 ak\u00e9ko\u013evek ve\u013ekoobchodn\u00e9 objedn\u00e1vky bez oneskorenia alebo nekonzistentn\u00e9ho produktu.\t\t\t\t\t\t\t\t<\/div>\n\t\t\t\t<\/div>\n\t\t\t\t<\/div>\n\t\t\t\t<\/div>\n\t\t<div class=\"elementor-element elementor-element-ed24156 e-con-full e-flex e-con e-child\" data-id=\"ed24156\" data-element_type=\"container\" data-settings=\"{&quot;ekit_has_onepagescroll_dot&quot;:&quot;yes&quot;}\">\n\t\t\t\t<div class=\"elementor-element elementor-element-2f7b903 elementor-widget__width-initial elementor-widget-mobile__width-initial elementor-widget elementor-widget-image\" data-id=\"2f7b903\" data-element_type=\"widget\" data-settings=\"{&quot;ekit_we_effect_on&quot;:&quot;none&quot;}\" data-widget_type=\"image.default\">\n\t\t\t\t<div class=\"elementor-widget-container\">\n\t\t\t\t\t\t\t\t\t\t\t\t\t\t\t<img loading=\"lazy\" decoding=\"async\" width=\"800\" height=\"600\" src=\"https:\/\/landuchem.com\/wp-content\/uploads\/2025\/04\/Novastar-European-Coatings-Show-ECS-2025-1024x768.jpg\" class=\"attachment-large size-large wp-image-6418\" alt=\"Novastar-Eur\u00f3pske-n\u00e1tierky-Prehliadka-ECS- 2025\" srcset=\"https:\/\/landuchem.com\/wp-content\/uploads\/2025\/04\/Novastar-European-Coatings-Show-ECS-2025-1024x768.jpg 1024w, https:\/\/landuchem.com\/wp-content\/uploads\/2025\/04\/Novastar-European-Coatings-Show-ECS-2025-300x225.jpg 300w, https:\/\/landuchem.com\/wp-content\/uploads\/2025\/04\/Novastar-European-Coatings-Show-ECS-2025-768x576.jpg 768w, https:\/\/landuchem.com\/wp-content\/uploads\/2025\/04\/Novastar-European-Coatings-Show-ECS-2025-1536x1152.jpg 1536w, https:\/\/landuchem.com\/wp-content\/uploads\/2025\/04\/Novastar-European-Coatings-Show-ECS-2025-2048x1536.jpg 2048w\" sizes=\"(max-width: 800px) 100vw, 800px\" \/>\t\t\t\t\t\t\t\t\t\t\t\t\t\t\t<\/div>\n\t\t\t\t<\/div>\n\t\t<div class=\"elementor-element elementor-element-fea4c27 e-con-full e-flex e-con e-child\" data-id=\"fea4c27\" data-element_type=\"container\" data-settings=\"{&quot;ekit_has_onepagescroll_dot&quot;:&quot;yes&quot;}\">\n\t\t\t\t<div class=\"elementor-element elementor-element-6e7e2d7 elementor-widget elementor-widget-heading\" data-id=\"6e7e2d7\" data-element_type=\"widget\" data-settings=\"{&quot;ekit_we_effect_on&quot;:&quot;none&quot;}\" data-widget_type=\"heading.default\">\n\t\t\t\t<div class=\"elementor-widget-container\">\n\t\t\t\t\t<h2 class=\"elementor-heading-title elementor-size-default\">Distribu\u010dn\u00e1 sie\u0165<\/h2>\t\t\t\t<\/div>\n\t\t\t\t<\/div>\n\t\t\t\t<div class=\"elementor-element elementor-element-025b0f2 elementor-widget elementor-widget-text-editor\" data-id=\"025b0f2\" data-element_type=\"widget\" data-settings=\"{&quot;ekit_we_effect_on&quot;:&quot;none&quot;}\" data-widget_type=\"text-editor.default\">\n\t\t\t\t<div class=\"elementor-widget-container\">\n\t\t\t\t\t\t\t\t\tLANDU NOVASTAR m\u00e1 viac ako desa\u0165ro\u010dn\u00e9 sk\u00fasenosti s spolupr\u00e1cou na medzin\u00e1rodnom trhu. Na\u0161a vyspel\u00e1 distribu\u010dn\u00e1 sie\u0165 bola roz\u0161\u00edren\u00e1 na viac ako 60 kraj\u00edn a regi\u00f3nov, vr\u00e1tane Latinskej Ameriky, Ruska, Eur\u00f3py, Afriky a Bl\u00edzkeho v\u00fdchodu. Kontaktujte n\u00e1s a dozviete sa viac o na\u0161ich politik\u00e1ch agent\u00far a sta\u0148te sa jedn\u00fdm z na\u0161ich partnerov.\t\t\t\t\t\t\t\t<\/div>\n\t\t\t\t<\/div>\n\t\t\t\t<\/div>\n\t\t\t\t<\/div>\n\t\t\t\t\t<\/div>\n\t\t\t\t<\/div>\n\t\t\t\t<\/div>","protected":false},"excerpt":{"rendered":"<p>Unmatched Quality and Service LANDU put an end to quality issues from two perspectives, raw material selection and production process monitoring. We work with trustworthy partners that we&#8217;ve had over the years, ensuring a reliable supply of raw materials and eliminating poor quality at the beginning. Besides, LANDU has introduced sophisticated facilities for a stable, [&hellip;]<\/p>","protected":false},"author":1,"featured_media":0,"parent":494,"menu_order":0,"comment_status":"closed","ping_status":"closed","template":"elementor_header_footer","meta":{"footnotes":""},"class_list":["post-7089","page","type-page","status-publish","hentry"],"_links":{"self":[{"href":"https:\/\/landuchem.com\/sk\/wp-json\/wp\/v2\/pages\/7089","targetHints":{"allow":["GET"]}}],"collection":[{"href":"https:\/\/landuchem.com\/sk\/wp-json\/wp\/v2\/pages"}],"about":[{"href":"https:\/\/landuchem.com\/sk\/wp-json\/wp\/v2\/types\/page"}],"author":[{"embeddable":true,"href":"https:\/\/landuchem.com\/sk\/wp-json\/wp\/v2\/users\/1"}],"replies":[{"embeddable":true,"href":"https:\/\/landuchem.com\/sk\/wp-json\/wp\/v2\/comments?post=7089"}],"version-history":[{"count":26,"href":"https:\/\/landuchem.com\/sk\/wp-json\/wp\/v2\/pages\/7089\/revisions"}],"predecessor-version":[{"id":13032,"href":"https:\/\/landuchem.com\/sk\/wp-json\/wp\/v2\/pages\/7089\/revisions\/13032"}],"up":[{"embeddable":true,"href":"https:\/\/landuchem.com\/sk\/wp-json\/wp\/v2\/pages\/494"}],"wp:attachment":[{"href":"https:\/\/landuchem.com\/sk\/wp-json\/wp\/v2\/media?parent=7089"}],"curies":[{"name":"wp","href":"https:\/\/api.w.org\/{rel}","templated":true}]}}