{"id":3647,"date":"2025-04-19T05:10:03","date_gmt":"2025-04-19T05:10:03","guid":{"rendered":"https:\/\/landuchem.com\/?page_id=3647"},"modified":"2025-08-27T03:35:44","modified_gmt":"2025-08-27T03:35:44","slug":"servis-po-predaji","status":"publish","type":"page","link":"https:\/\/landuchem.com\/sk\/o-nova-hviezda\/sluzba\/servis-po-predaji\/","title":{"rendered":"Popredajn\u00e1 slu\u017eba"},"content":{"rendered":"<div data-elementor-type=\"wp-page\" data-elementor-id=\"3647\" class=\"elementor elementor-3647\" data-elementor-post-type=\"page\">\n\t\t\t\t<div class=\"elementor-element elementor-element-83034f9 e-flex e-con-boxed e-con e-parent\" data-id=\"83034f9\" data-element_type=\"container\" data-settings=\"{&quot;background_background&quot;:&quot;classic&quot;,&quot;ekit_has_onepagescroll_dot&quot;:&quot;yes&quot;}\">\n\t\t\t\t\t<div class=\"e-con-inner\">\n\t\t\t\t\t<\/div>\n\t\t\t\t<\/div>\n\t\t<div class=\"elementor-element elementor-element-bf115eb e-flex e-con-boxed e-con e-parent\" data-id=\"bf115eb\" data-element_type=\"container\" data-settings=\"{&quot;ekit_has_onepagescroll_dot&quot;:&quot;yes&quot;}\">\n\t\t\t\t\t<div class=\"e-con-inner\">\n\t\t<div class=\"elementor-element elementor-element-cc36c5d e-con-full e-flex e-con e-child\" data-id=\"cc36c5d\" data-element_type=\"container\" data-settings=\"{&quot;ekit_has_onepagescroll_dot&quot;:&quot;yes&quot;}\">\n\t\t\t\t<div class=\"elementor-element elementor-element-5a9b389 elementor-widget elementor-widget-image\" data-id=\"5a9b389\" data-element_type=\"widget\" data-settings=\"{&quot;ekit_we_effect_on&quot;:&quot;none&quot;}\" data-widget_type=\"image.default\">\n\t\t\t\t<div class=\"elementor-widget-container\">\n\t\t\t\t\t\t\t\t\t\t\t\t\t\t\t<img fetchpriority=\"high\" decoding=\"async\" width=\"800\" height=\"533\" src=\"https:\/\/landuchem.com\/wp-content\/uploads\/2025\/04\/NOVASTAR-Laboratory-personnel-1024x682.jpg\" class=\"attachment-large size-large wp-image-6810\" alt=\"NOVASTAR-Laborat\u00f3rny person\u00e1l\" srcset=\"https:\/\/landuchem.com\/wp-content\/uploads\/2025\/04\/NOVASTAR-Laboratory-personnel-1024x682.jpg 1024w, https:\/\/landuchem.com\/wp-content\/uploads\/2025\/04\/NOVASTAR-Laboratory-personnel-300x200.jpg 300w, https:\/\/landuchem.com\/wp-content\/uploads\/2025\/04\/NOVASTAR-Laboratory-personnel-768x512.jpg 768w, https:\/\/landuchem.com\/wp-content\/uploads\/2025\/04\/NOVASTAR-Laboratory-personnel.jpg 1400w\" sizes=\"(max-width: 800px) 100vw, 800px\" \/>\t\t\t\t\t\t\t\t\t\t\t\t\t\t\t<\/div>\n\t\t\t\t<\/div>\n\t\t\t\t<\/div>\n\t\t<div class=\"elementor-element elementor-element-9aa9c5a e-con-full e-flex e-con e-child\" data-id=\"9aa9c5a\" data-element_type=\"container\" data-settings=\"{&quot;ekit_has_onepagescroll_dot&quot;:&quot;yes&quot;}\">\n\t\t<div class=\"elementor-element elementor-element-2492f90 e-con-full e-flex e-con e-child\" data-id=\"2492f90\" data-element_type=\"container\" data-settings=\"{&quot;ekit_has_onepagescroll_dot&quot;:&quot;yes&quot;}\">\n\t\t\t\t<div class=\"elementor-element elementor-element-cbace70 elementor-view-default elementor-widget elementor-widget-icon\" data-id=\"cbace70\" data-element_type=\"widget\" data-settings=\"{&quot;ekit_we_effect_on&quot;:&quot;none&quot;}\" data-widget_type=\"icon.default\">\n\t\t\t\t<div class=\"elementor-widget-container\">\n\t\t\t\t\t\t\t<div class=\"elementor-icon-wrapper\">\n\t\t\t<div class=\"elementor-icon\">\n\t\t\t<svg xmlns=\"http:\/\/www.w3.org\/2000\/svg\" id=\"_&#x56FE;&#x5C42;_2\" data-name=\"&#x56FE;&#x5C42; 2\" viewbox=\"0 0 111.69 167.53\"><defs><style>      .cls-1 {        fill: #fad8be;      }      .cls-1, .cls-2 {        stroke-width: 0px;      }      .cls-2 {        fill: #f47b25;      }    <\/style><\/defs><g id=\"_&#x56FE;&#x5C42;_1-2\" data-name=\"&#x56FE;&#x5C42; 1\"><g><circle class=\"cls-1\" cx=\"55.84\" cy=\"55.84\" r=\"55.84\"><\/circle><circle class=\"cls-2\" cx=\"55.84\" cy=\"111.69\" r=\"55.84\"><\/circle><\/g><\/g><\/svg>\t\t\t<\/div>\n\t\t<\/div>\n\t\t\t\t\t\t<\/div>\n\t\t\t\t<\/div>\n\t\t<div class=\"elementor-element elementor-element-5eea8b6 e-con-full e-flex e-con e-child\" data-id=\"5eea8b6\" data-element_type=\"container\" data-settings=\"{&quot;ekit_has_onepagescroll_dot&quot;:&quot;yes&quot;}\">\n\t\t\t\t<div class=\"elementor-element elementor-element-90fe95a elementor-widget elementor-widget-heading\" data-id=\"90fe95a\" data-element_type=\"widget\" data-settings=\"{&quot;ekit_we_effect_on&quot;:&quot;none&quot;}\" data-widget_type=\"heading.default\">\n\t\t\t\t<div class=\"elementor-widget-container\">\n\t\t\t\t\t<h2 class=\"elementor-heading-title elementor-size-default\">LANDU Servis po predaji pre bezkonkuren\u010dn\u00fa spokojnos\u0165 z\u00e1kazn\u00edkov<\/h2>\t\t\t\t<\/div>\n\t\t\t\t<\/div>\n\t\t\t\t<\/div>\n\t\t\t\t<\/div>\n\t\t\t\t<div class=\"elementor-element elementor-element-137c256 elementor-widget elementor-widget-text-editor\" data-id=\"137c256\" data-element_type=\"widget\" data-settings=\"{&quot;ekit_we_effect_on&quot;:&quot;none&quot;}\" data-widget_type=\"text-editor.default\">\n\t\t\t\t<div class=\"elementor-widget-container\">\n\t\t\t\t\t\t\t\t\t<p>Servis po predaji odli\u0161uje LANDU NOVASTAR od na\u0161ich konkurentov v\u010faka na\u0161ej r\u00fdchlej reakcii a r\u00fdchlosti pri rie\u0161en\u00ed probl\u00e9mov na\u0161ich z\u00e1kazn\u00edkov. Spokojnos\u0165 z\u00e1kazn\u00edka je viac ne\u017e len \u0161\u0165astn\u00fd n\u00e1kup \u2013 ide o v\u00fdnimo\u010dn\u00fa kvalitu, skuto\u010dn\u00fa hodnotu, bezprobl\u00e9mov\u00fa podporu a prekro\u010denie o\u010dak\u00e1van\u00ed na ka\u017edom kroku. V LANDU nezasielame len produkty \u2013 dod\u00e1vame \u00fapln\u00fd pokoj na du\u0161i. N\u00e1\u0161 komplexn\u00fd servis po predaji zabezpe\u010duje r\u00fdchle rie\u0161enie probl\u00e9mov, odborn\u00fa \u00fadr\u017ebu a neust\u00e1lu excelentnos\u0165 produktov, aby v\u00e1\u0161 z\u00e1\u017eitok zostal bezchybn\u00fd dlho po predaji.<\/p>\t\t\t\t\t\t\t\t<\/div>\n\t\t\t\t<\/div>\n\t\t\t\t<div class=\"elementor-element elementor-element-c5ea5b3 elementor-widget elementor-widget-heading\" data-id=\"c5ea5b3\" data-element_type=\"widget\" data-settings=\"{&quot;ekit_we_effect_on&quot;:&quot;none&quot;}\" data-widget_type=\"heading.default\">\n\t\t\t\t<div class=\"elementor-widget-container\">\n\t\t\t\t\t<h3 class=\"elementor-heading-title elementor-size-default\">\u010co n\u00e1s odli\u0161uje<\/h3>\t\t\t\t<\/div>\n\t\t\t\t<\/div>\n\t\t<div class=\"elementor-element elementor-element-3adeefc e-con-full e-grid e-con e-child\" data-id=\"3adeefc\" data-element_type=\"container\" data-settings=\"{&quot;ekit_has_onepagescroll_dot&quot;:&quot;yes&quot;}\">\n\t\t<div class=\"elementor-element elementor-element-1c49876 e-con-full e-flex e-con e-child\" data-id=\"1c49876\" data-element_type=\"container\" data-settings=\"{&quot;background_background&quot;:&quot;classic&quot;,&quot;ekit_has_onepagescroll_dot&quot;:&quot;yes&quot;}\">\n\t\t\t\t<div class=\"elementor-element elementor-element-ee3d7e5 elementor-widget elementor-widget-heading\" data-id=\"ee3d7e5\" data-element_type=\"widget\" data-settings=\"{&quot;ekit_we_effect_on&quot;:&quot;none&quot;}\" data-widget_type=\"heading.default\">\n\t\t\t\t<div class=\"elementor-widget-container\">\n\t\t\t\t\t<h3 class=\"elementor-heading-title elementor-size-default\">In\u0161pekcie tov\u00e1rne a produktov<\/h3>\t\t\t\t<\/div>\n\t\t\t\t<\/div>\n\t\t\t\t<div class=\"elementor-element elementor-element-7b68211 elementor-widget elementor-widget-text-editor\" data-id=\"7b68211\" data-element_type=\"widget\" data-settings=\"{&quot;ekit_we_effect_on&quot;:&quot;none&quot;}\" data-widget_type=\"text-editor.default\">\n\t\t\t\t<div class=\"elementor-widget-container\">\n\t\t\t\t\t\t\t\t\tIdentifikova\u0165 a rie\u0161i\u0165 potenci\u00e1lne probl\u00e9my s kvalitou.\t\t\t\t\t\t\t\t<\/div>\n\t\t\t\t<\/div>\n\t\t\t\t<\/div>\n\t\t<div class=\"elementor-element elementor-element-6210cd3 e-con-full e-flex e-con e-child\" data-id=\"6210cd3\" data-element_type=\"container\" data-settings=\"{&quot;background_background&quot;:&quot;classic&quot;,&quot;ekit_has_onepagescroll_dot&quot;:&quot;yes&quot;}\">\n\t\t\t\t<div class=\"elementor-element elementor-element-b7a9141 elementor-widget elementor-widget-heading\" data-id=\"b7a9141\" data-element_type=\"widget\" data-settings=\"{&quot;ekit_we_effect_on&quot;:&quot;none&quot;}\" data-widget_type=\"heading.default\">\n\t\t\t\t<div class=\"elementor-widget-container\">\n\t\t\t\t\t<h3 class=\"elementor-heading-title elementor-size-default\">Nepretr\u017eit\u00e1 24\/7 odborn\u00e1 z\u00e1kazn\u00edcka podpora<\/h3>\t\t\t\t<\/div>\n\t\t\t\t<\/div>\n\t\t\t\t<div class=\"elementor-element elementor-element-d13daa0 elementor-widget elementor-widget-text-editor\" data-id=\"d13daa0\" data-element_type=\"widget\" data-settings=\"{&quot;ekit_we_effect_on&quot;:&quot;none&quot;}\" data-widget_type=\"text-editor.default\">\n\t\t\t\t<div class=\"elementor-widget-container\">\n\t\t\t\t\t\t\t\t\tV\u017edy tu, ke\u010f n\u00e1s potrebujete\t\t\t\t\t\t\t\t<\/div>\n\t\t\t\t<\/div>\n\t\t\t\t<\/div>\n\t\t<div class=\"elementor-element elementor-element-9dd85bd e-con-full e-flex e-con e-child\" data-id=\"9dd85bd\" data-element_type=\"container\" data-settings=\"{&quot;background_background&quot;:&quot;classic&quot;,&quot;ekit_has_onepagescroll_dot&quot;:&quot;yes&quot;}\">\n\t\t\t\t<div class=\"elementor-element elementor-element-509456d elementor-widget elementor-widget-heading\" data-id=\"509456d\" data-element_type=\"widget\" data-settings=\"{&quot;ekit_we_effect_on&quot;:&quot;none&quot;}\" data-widget_type=\"heading.default\">\n\t\t\t\t<div class=\"elementor-widget-container\">\n\t\t\t\t\t<h3 class=\"elementor-heading-title elementor-size-default\">\u0160kolenia na mieste a zdie\u013eanie znalost\u00ed<\/h3>\t\t\t\t<\/div>\n\t\t\t\t<\/div>\n\t\t\t\t<div class=\"elementor-element elementor-element-071b179 elementor-widget elementor-widget-text-editor\" data-id=\"071b179\" data-element_type=\"widget\" data-settings=\"{&quot;ekit_we_effect_on&quot;:&quot;none&quot;}\" data-widget_type=\"text-editor.default\">\n\t\t\t\t<div class=\"elementor-widget-container\">\n\t\t\t\t\t\t\t\t\tMaximalizujte vyu\u017eitie svojej invest\u00edcie\t\t\t\t\t\t\t\t<\/div>\n\t\t\t\t<\/div>\n\t\t\t\t<\/div>\n\t\t<div class=\"elementor-element elementor-element-028048a e-con-full e-flex e-con e-child\" data-id=\"028048a\" data-element_type=\"container\" data-settings=\"{&quot;background_background&quot;:&quot;classic&quot;,&quot;ekit_has_onepagescroll_dot&quot;:&quot;yes&quot;}\">\n\t\t\t\t<div class=\"elementor-element elementor-element-79f2f25 elementor-widget elementor-widget-heading\" data-id=\"79f2f25\" data-element_type=\"widget\" data-settings=\"{&quot;ekit_we_effect_on&quot;:&quot;none&quot;}\" data-widget_type=\"heading.default\">\n\t\t\t\t<div class=\"elementor-widget-container\">\n\t\t\t\t\t<h3 class=\"elementor-heading-title elementor-size-default\">R\u00fdchle reak\u010dn\u00e9 rie\u0161enia<\/h3>\t\t\t\t<\/div>\n\t\t\t\t<\/div>\n\t\t\t\t<div class=\"elementor-element elementor-element-217ee8b elementor-widget elementor-widget-text-editor\" data-id=\"217ee8b\" data-element_type=\"widget\" data-settings=\"{&quot;ekit_we_effect_on&quot;:&quot;none&quot;}\" data-widget_type=\"text-editor.default\">\n\t\t\t\t<div class=\"elementor-widget-container\">\n\t\t\t\t\t\t\t\t\t<div data-page-id=\"PvAwdeUZLoKrSPxQOzicCRQ2nIc\" data-lark-html-role=\"root\" data-docx-has-block-data=\"false\"><div class=\"old-record-id-Syt3dJhumoZomyxGR2iczcwbnPe\">Preto\u017ee vieme, \u017ee oneskorenia v\u00e1s stoja peniaze<\/div><\/div>\t\t\t\t\t\t\t\t<\/div>\n\t\t\t\t<\/div>\n\t\t\t\t<\/div>\n\t\t\t\t<\/div>\n\t\t\t\t<\/div>\n\t\t\t\t\t<\/div>\n\t\t\t\t<\/div>\n\t\t<div class=\"elementor-element elementor-element-e200906 e-flex e-con-boxed e-con e-parent\" data-id=\"e200906\" data-element_type=\"container\" data-settings=\"{&quot;ekit_has_onepagescroll_dot&quot;:&quot;yes&quot;}\">\n\t\t\t\t\t<div class=\"e-con-inner\">\n\t\t\t\t<div class=\"elementor-element elementor-element-c78c569 elementor-widget-divider--view-line elementor-widget elementor-widget-divider\" data-id=\"c78c569\" data-element_type=\"widget\" data-settings=\"{&quot;ekit_we_effect_on&quot;:&quot;none&quot;}\" data-widget_type=\"divider.default\">\n\t\t\t\t<div class=\"elementor-widget-container\">\n\t\t\t\t\t\t\t<div class=\"elementor-divider\">\n\t\t\t<span class=\"elementor-divider-separator\">\n\t\t\t\t\t\t<\/span>\n\t\t<\/div>\n\t\t\t\t\t\t<\/div>\n\t\t\t\t<\/div>\n\t\t\t\t\t<\/div>\n\t\t\t\t<\/div>\n\t\t<div class=\"elementor-element elementor-element-75f6be4 e-flex e-con-boxed e-con e-parent\" data-id=\"75f6be4\" data-element_type=\"container\" data-settings=\"{&quot;ekit_has_onepagescroll_dot&quot;:&quot;yes&quot;}\">\n\t\t\t\t\t<div class=\"e-con-inner\">\n\t\t<div class=\"elementor-element elementor-element-86cc7d2 e-con-full e-flex e-con e-child\" data-id=\"86cc7d2\" data-element_type=\"container\" data-settings=\"{&quot;ekit_has_onepagescroll_dot&quot;:&quot;yes&quot;}\">\n\t\t\t\t<div class=\"elementor-element elementor-element-55149bd elementor-widget elementor-widget-heading\" data-id=\"55149bd\" data-element_type=\"widget\" data-settings=\"{&quot;ekit_we_effect_on&quot;:&quot;none&quot;}\" data-widget_type=\"heading.default\">\n\t\t\t\t<div class=\"elementor-widget-container\">\n\t\t\t\t\t<h3 class=\"elementor-heading-title elementor-size-default\">Kan\u00e1l sp\u00e4tnej v\u00e4zby: Va\u0161a sp\u00e4tn\u00e1 v\u00e4zba formuje bud\u00facnos\u0165 LANDU<\/h3>\t\t\t\t<\/div>\n\t\t\t\t<\/div>\n\t\t\t\t<div class=\"elementor-element elementor-element-26a3436 elementor-widget elementor-widget-text-editor\" data-id=\"26a3436\" data-element_type=\"widget\" data-settings=\"{&quot;ekit_we_effect_on&quot;:&quot;none&quot;}\" data-widget_type=\"text-editor.default\">\n\t\t\t\t<div class=\"elementor-widget-container\">\n\t\t\t\t\t\t\t\t\tT\u00edm servisu po predaji LANDU je zodpovedn\u00fd za zbieranie cennej sp\u00e4tnej v\u00e4zby od na\u0161ich z\u00e1kazn\u00edkov a je nevyhnutn\u00fd pri v\u00fdvoji nov\u00fdch produktov a zlep\u0161ovan\u00ed komplexn\u00e9ho servisu v bud\u00facnosti. Ak po\u010das spolupr\u00e1ce za\u017eijete nespokojnos\u0165 alebo nepr\u00edjemnosti alebo n\u00e1jdete ak\u00e9ko\u013evek inform\u00e1cie, ktor\u00e9 v\u00e1s rozru\u0161ia alebo uv\u00e1dzaj\u00fa na omyl, nev\u00e1hajte n\u00e1s kontaktova\u0165, aby sme mali mo\u017enos\u0165 to opravi\u0165 a zlep\u0161i\u0165.\t\t\t\t\t\t\t\t<\/div>\n\t\t\t\t<\/div>\n\t\t\t\t<\/div>\n\t\t<div class=\"elementor-element elementor-element-021b388 e-con-full e-flex e-con e-child\" data-id=\"021b388\" data-element_type=\"container\" data-settings=\"{&quot;ekit_has_onepagescroll_dot&quot;:&quot;yes&quot;}\">\n\t\t\t\t<div class=\"elementor-element elementor-element-2fb33a0 elementor-align-right elementor-mobile-align-justify elementor-widget elementor-widget-button\" data-id=\"2fb33a0\" data-element_type=\"widget\" data-settings=\"{&quot;ekit_we_effect_on&quot;:&quot;none&quot;}\" data-widget_type=\"button.default\">\n\t\t\t\t<div class=\"elementor-widget-container\">\n\t\t\t\t\t\t\t\t\t<div class=\"elementor-button-wrapper\">\n\t\t\t\t\t<a class=\"elementor-button elementor-button-link elementor-size-sm\" href=\"https:\/\/landuchem.com\/sk\/kontaktujte-nas\/\" target=\"_blank\">\n\t\t\t\t\t\t<span class=\"elementor-button-content-wrapper\">\n\t\t\t\t\t\t\t\t\t<span class=\"elementor-button-text\">Dajte n\u00e1m sp\u00e4tn\u00fa v\u00e4zbu<\/span>\n\t\t\t\t\t<\/span>\n\t\t\t\t\t<\/a>\n\t\t\t\t<\/div>\n\t\t\t\t\t\t\t\t<\/div>\n\t\t\t\t<\/div>\n\t\t\t\t<\/div>\n\t\t\t\t\t<\/div>\n\t\t\t\t<\/div>\n\t\t\t\t<\/div>","protected":false},"excerpt":{"rendered":"<p>LANDU After-Sales Service for Unmatched Customer Satisfaction After-sales service sets LANDU NOVASTAR apart from our competitors due to our prompt action and speed in handling our customers&#8217; concerns. Customer satisfaction is more than just a happy purchase\u2014it\u2019s about exceptional quality, real value, seamless support, and exceeding expectations at every step. At LANDU, we don\u2019t just [&hellip;]<\/p>","protected":false},"author":1,"featured_media":0,"parent":494,"menu_order":0,"comment_status":"closed","ping_status":"closed","template":"elementor_header_footer","meta":{"footnotes":""},"class_list":["post-3647","page","type-page","status-publish","hentry"],"_links":{"self":[{"href":"https:\/\/landuchem.com\/sk\/wp-json\/wp\/v2\/pages\/3647","targetHints":{"allow":["GET"]}}],"collection":[{"href":"https:\/\/landuchem.com\/sk\/wp-json\/wp\/v2\/pages"}],"about":[{"href":"https:\/\/landuchem.com\/sk\/wp-json\/wp\/v2\/types\/page"}],"author":[{"embeddable":true,"href":"https:\/\/landuchem.com\/sk\/wp-json\/wp\/v2\/users\/1"}],"replies":[{"embeddable":true,"href":"https:\/\/landuchem.com\/sk\/wp-json\/wp\/v2\/comments?post=3647"}],"version-history":[{"count":23,"href":"https:\/\/landuchem.com\/sk\/wp-json\/wp\/v2\/pages\/3647\/revisions"}],"predecessor-version":[{"id":13107,"href":"https:\/\/landuchem.com\/sk\/wp-json\/wp\/v2\/pages\/3647\/revisions\/13107"}],"up":[{"embeddable":true,"href":"https:\/\/landuchem.com\/sk\/wp-json\/wp\/v2\/pages\/494"}],"wp:attachment":[{"href":"https:\/\/landuchem.com\/sk\/wp-json\/wp\/v2\/media?parent=3647"}],"curies":[{"name":"wp","href":"https:\/\/api.w.org\/{rel}","templated":true}]}}