{"id":10307,"date":"2025-04-28T13:05:39","date_gmt":"2025-04-28T13:05:39","guid":{"rendered":"https:\/\/landuchem.com\/?page_id=10307"},"modified":"2025-08-26T08:00:13","modified_gmt":"2025-08-26T08:00:13","slug":"bezpecnost-a-rozvoj-zamestnancov","status":"publish","type":"page","link":"https:\/\/landuchem.com\/sk\/udrzatelnost\/ludia-o-ktorych-sa-starame\/bezpecnost-a-rozvoj-zamestnancov\/","title":{"rendered":"Bezpe\u010dnos\u0165 a rozvoj zamestnancov"},"content":{"rendered":"<div data-elementor-type=\"wp-page\" data-elementor-id=\"10307\" class=\"elementor elementor-10307\" data-elementor-post-type=\"page\">\n\t\t\t\t<div class=\"elementor-element elementor-element-b8ed35a e-flex e-con-boxed e-con e-parent\" data-id=\"b8ed35a\" data-element_type=\"container\" data-settings=\"{&quot;background_background&quot;:&quot;classic&quot;,&quot;ekit_has_onepagescroll_dot&quot;:&quot;yes&quot;}\">\n\t\t\t\t\t<div class=\"e-con-inner\">\n\t\t\t\t<div class=\"elementor-element elementor-element-a72b32f elementor-widget elementor-widget-heading\" data-id=\"a72b32f\" data-element_type=\"widget\" data-settings=\"{&quot;ekit_we_effect_on&quot;:&quot;none&quot;}\" data-widget_type=\"heading.default\">\n\t\t\t\t<div class=\"elementor-widget-container\">\n\t\t\t\t\t<h1 class=\"elementor-heading-title elementor-size-default\">Bezpe\u010dnos\u0165 a rozvoj zamestnancov<\/h1>\t\t\t\t<\/div>\n\t\t\t\t<\/div>\n\t\t\t\t<div class=\"elementor-element elementor-element-c986241 elementor-widget__width-initial elementor-widget elementor-widget-text-editor\" data-id=\"c986241\" data-element_type=\"widget\" data-settings=\"{&quot;ekit_we_effect_on&quot;:&quot;none&quot;}\" data-widget_type=\"text-editor.default\">\n\t\t\t\t<div class=\"elementor-widget-container\">\n\t\t\t\t\t\t\t\t\tV NOVASTAR nie je to, \u010do z\u00edskavate, len \u010diastka mzdy, ale aj kari\u00e9rne \u00faspechy, na ktor\u00e9 m\u00f4\u017eete by\u0165 hrd\u00ed cel\u00fd \u017eivot.\t\t\t\t\t\t\t\t<\/div>\n\t\t\t\t<\/div>\n\t\t\t\t\t<\/div>\n\t\t\t\t<\/div>\n\t\t<div class=\"elementor-element elementor-element-008e414 e-flex e-con-boxed e-con e-child\" data-id=\"008e414\" data-element_type=\"container\" data-settings=\"{&quot;ekit_has_onepagescroll_dot&quot;:&quot;yes&quot;}\">\n\t\t\t\t\t<div class=\"e-con-inner\">\n\t\t<div class=\"elementor-element elementor-element-10e7543 e-con-full e-flex e-con e-child\" data-id=\"10e7543\" data-element_type=\"container\" data-settings=\"{&quot;ekit_has_onepagescroll_dot&quot;:&quot;yes&quot;}\">\n\t\t<div class=\"elementor-element elementor-element-f67fb1c e-con-full e-flex e-con e-child\" data-id=\"f67fb1c\" data-element_type=\"container\" data-settings=\"{&quot;ekit_has_onepagescroll_dot&quot;:&quot;yes&quot;}\">\n\t\t\t\t<div class=\"elementor-element elementor-element-d962b87 elementor-view-default elementor-widget elementor-widget-icon\" data-id=\"d962b87\" data-element_type=\"widget\" data-settings=\"{&quot;ekit_we_effect_on&quot;:&quot;none&quot;}\" data-widget_type=\"icon.default\">\n\t\t\t\t<div class=\"elementor-widget-container\">\n\t\t\t\t\t\t\t<div class=\"elementor-icon-wrapper\">\n\t\t\t<div class=\"elementor-icon\">\n\t\t\t<svg xmlns=\"http:\/\/www.w3.org\/2000\/svg\" id=\"_&#x56FE;&#x5C42;_2\" data-name=\"&#x56FE;&#x5C42; 2\" viewbox=\"0 0 111.69 167.53\"><defs><style>      .cls-1 {        fill: #fad8be;      }      .cls-1, .cls-2 {        stroke-width: 0px;      }      .cls-2 {        fill: #f47b25;      }    <\/style><\/defs><g id=\"_&#x56FE;&#x5C42;_1-2\" data-name=\"&#x56FE;&#x5C42; 1\"><g><circle class=\"cls-1\" cx=\"55.84\" cy=\"55.84\" r=\"55.84\"><\/circle><circle class=\"cls-2\" cx=\"55.84\" cy=\"111.69\" r=\"55.84\"><\/circle><\/g><\/g><\/svg>\t\t\t<\/div>\n\t\t<\/div>\n\t\t\t\t\t\t<\/div>\n\t\t\t\t<\/div>\n\t\t<div class=\"elementor-element elementor-element-f66089b e-con-full e-flex e-con e-child\" data-id=\"f66089b\" data-element_type=\"container\" data-settings=\"{&quot;ekit_has_onepagescroll_dot&quot;:&quot;yes&quot;}\">\n\t\t\t\t<div class=\"elementor-element elementor-element-1f81126 elementor-widget elementor-widget-heading\" data-id=\"1f81126\" data-element_type=\"widget\" data-settings=\"{&quot;ekit_we_effect_on&quot;:&quot;none&quot;}\" data-widget_type=\"heading.default\">\n\t\t\t\t<div class=\"elementor-widget-container\">\n\t\t\t\t\t<h2 class=\"elementor-heading-title elementor-size-default\">Z\u00e1v\u00e4zok k bezpe\u010dnosti a zdraviu na pracovisku<\/h2>\t\t\t\t<\/div>\n\t\t\t\t<\/div>\n\t\t\t\t<\/div>\n\t\t\t\t<\/div>\n\t\t\t\t<div class=\"elementor-element elementor-element-146d27f elementor-widget elementor-widget-text-editor\" data-id=\"146d27f\" data-element_type=\"widget\" data-settings=\"{&quot;ekit_we_effect_on&quot;:&quot;none&quot;}\" data-widget_type=\"text-editor.default\">\n\t\t\t\t<div class=\"elementor-widget-container\">\n\t\t\t\t\t\t\t\t\tV NOVASTAR \u201eBezpe\u010dnos\u0165 na prvom mieste\u201c nie je len slogan. Je to ka\u017edodenn\u00e1 prax, ktor\u00e1 chr\u00e1ni na\u0161ich \u013eud\u00ed, na\u0161ich partnerov a n\u00e1\u0161 biznis. Podporovan\u00edm kult\u00fary spolo\u010dnej zodpovednosti a ostra\u017eitosti zabezpe\u010dujeme, \u017ee ka\u017ed\u00fd \u010dlen t\u00edmu sa bezpe\u010dne vr\u00e1ti domov a z\u00e1rove\u0148 prispieva k produkt\u00edvnemu a udr\u017eate\u013en\u00e9mu pracovisku. N\u00e1\u0161 z\u00e1v\u00e4zok k bezpe\u010dnosti presahuje s\u00falad \u2013 je to z\u00e1kladn\u00e1 hodnota zakorenen\u00e1 v ka\u017edom aspekte na\u0161ich oper\u00e1ci\u00ed.\t\t\t\t\t\t\t\t<\/div>\n\t\t\t\t<\/div>\n\t\t\t\t<div class=\"elementor-element elementor-element-04fbf21 elementor-icon-list--layout-traditional elementor-list-item-link-full_width elementor-widget elementor-widget-icon-list\" data-id=\"04fbf21\" data-element_type=\"widget\" data-settings=\"{&quot;ekit_we_effect_on&quot;:&quot;none&quot;}\" data-widget_type=\"icon-list.default\">\n\t\t\t\t<div class=\"elementor-widget-container\">\n\t\t\t\t\t\t\t<ul class=\"elementor-icon-list-items\">\n\t\t\t\t\t\t\t<li class=\"elementor-icon-list-item\">\n\t\t\t\t\t\t\t\t\t\t\t<span class=\"elementor-icon-list-icon\">\n\t\t\t\t\t\t\t<svg aria-hidden=\"true\" class=\"e-font-icon-svg e-fas-check\" viewbox=\"0 0 512 512\" xmlns=\"http:\/\/www.w3.org\/2000\/svg\"><path d=\"M173.898 439.404l-166.4-166.4c-9.997-9.997-9.997-26.206 0-36.204l36.203-36.204c9.997-9.998 26.207-9.998 36.204 0L192 312.69 432.095 72.596c9.997-9.997 26.207-9.997 36.204 0l36.203 36.204c9.997 9.997 9.997 26.206 0 36.204l-294.4 294.401c-9.998 9.997-26.207 9.997-36.204-.001z\"><\/path><\/svg>\t\t\t\t\t\t<\/span>\n\t\t\t\t\t\t\t\t\t\t<span class=\"elementor-icon-list-text\">Pr\u00edsne dodr\u017eiavanie glob\u00e1lnych a miestnych bezpe\u010dnostn\u00fdch \u0161tandardov, zabezpe\u010duj\u00fac s\u00falad s najnov\u0161\u00edmi priemyseln\u00fdmi predpismi.<\/span>\n\t\t\t\t\t\t\t\t\t<\/li>\n\t\t\t\t\t\t\t\t<li class=\"elementor-icon-list-item\">\n\t\t\t\t\t\t\t\t\t\t\t<span class=\"elementor-icon-list-icon\">\n\t\t\t\t\t\t\t<svg aria-hidden=\"true\" class=\"e-font-icon-svg e-fas-check\" viewbox=\"0 0 512 512\" xmlns=\"http:\/\/www.w3.org\/2000\/svg\"><path d=\"M173.898 439.404l-166.4-166.4c-9.997-9.997-9.997-26.206 0-36.204l36.203-36.204c9.997-9.998 26.207-9.998 36.204 0L192 312.69 432.095 72.596c9.997-9.997 26.207-9.997 36.204 0l36.203 36.204c9.997 9.997 9.997 26.206 0 36.204l-294.4 294.401c-9.998 9.997-26.207 9.997-36.204-.001z\"><\/path><\/svg>\t\t\t\t\t\t<\/span>\n\t\t\t\t\t\t\t\t\t\t<span class=\"elementor-icon-list-text\">Povinn\u00e9 bezpe\u010dnostn\u00e9 \u0161kolenia, cvi\u010denia v n\u00fadzi a programy zameran\u00e9 na roz\u0161irovanie povedomia o rizik\u00e1ch \u0161pecifick\u00fdch pre roly, aby sme posilnili zamestnancov vedomos\u0165ami na bezpe\u010dn\u00fa pr\u00e1cu.<\/span>\n\t\t\t\t\t\t\t\t\t<\/li>\n\t\t\t\t\t\t\t\t<li class=\"elementor-icon-list-item\">\n\t\t\t\t\t\t\t\t\t\t\t<span class=\"elementor-icon-list-icon\">\n\t\t\t\t\t\t\t<svg aria-hidden=\"true\" class=\"e-font-icon-svg e-fas-check\" viewbox=\"0 0 512 512\" xmlns=\"http:\/\/www.w3.org\/2000\/svg\"><path d=\"M173.898 439.404l-166.4-166.4c-9.997-9.997-9.997-26.206 0-36.204l36.203-36.204c9.997-9.998 26.207-9.998 36.204 0L192 312.69 432.095 72.596c9.997-9.997 26.207-9.997 36.204 0l36.203 36.204c9.997 9.997 9.997 26.206 0 36.204l-294.4 294.401c-9.998 9.997-26.207 9.997-36.204-.001z\"><\/path><\/svg>\t\t\t\t\t\t<\/span>\n\t\t\t\t\t\t\t\t\t\t<span class=\"elementor-icon-list-text\">Implement\u00e1cia bezpe\u010dnostn\u00fdch anal\u00fdz pr\u00e1ce, bezpe\u010dnostn\u00fdch bari\u00e9r a \"Stop Work Authority\" \u2013 zabezpe\u010duj\u00fac, \u017ee ka\u017ed\u00fd zamestnanec m\u00e1 pr\u00e1vo zastavi\u0165 oper\u00e1cie, ak vznikn\u00fa nebezpe\u010dn\u00e9 podmienky.<\/span>\n\t\t\t\t\t\t\t\t\t<\/li>\n\t\t\t\t\t\t<\/ul>\n\t\t\t\t\t\t<\/div>\n\t\t\t\t<\/div>\n\t\t\t\t<\/div>\n\t\t<div class=\"elementor-element elementor-element-5e60c29 e-con-full e-flex e-con e-child\" data-id=\"5e60c29\" data-element_type=\"container\" data-settings=\"{&quot;ekit_has_onepagescroll_dot&quot;:&quot;yes&quot;}\">\n\t\t\t\t<div class=\"elementor-element elementor-element-07df2eb elementor-widget elementor-widget-image\" data-id=\"07df2eb\" data-element_type=\"widget\" data-settings=\"{&quot;ekit_we_effect_on&quot;:&quot;none&quot;}\" data-widget_type=\"image.default\">\n\t\t\t\t<div class=\"elementor-widget-container\">\n\t\t\t\t\t\t\t\t\t\t\t\t\t\t\t<img fetchpriority=\"high\" decoding=\"async\" width=\"800\" height=\"600\" src=\"https:\/\/landuchem.com\/wp-content\/uploads\/2025\/04\/Novastar-European-Coatings-Show.jpg\" class=\"attachment-large size-large wp-image-8205\" alt=\"V\u00fdstava Novastar-European-Coatings-Show\" srcset=\"https:\/\/landuchem.com\/wp-content\/uploads\/2025\/04\/Novastar-European-Coatings-Show.jpg 1000w, https:\/\/landuchem.com\/wp-content\/uploads\/2025\/04\/Novastar-European-Coatings-Show-300x225.jpg 300w, https:\/\/landuchem.com\/wp-content\/uploads\/2025\/04\/Novastar-European-Coatings-Show-768x576.jpg 768w\" sizes=\"(max-width: 800px) 100vw, 800px\" \/>\t\t\t\t\t\t\t\t\t\t\t\t\t\t\t<\/div>\n\t\t\t\t<\/div>\n\t\t\t\t<\/div>\n\t\t\t\t\t<\/div>\n\t\t\t\t<\/div>\n\t\t<div class=\"elementor-element elementor-element-cd21dbe e-flex e-con-boxed e-con e-parent\" data-id=\"cd21dbe\" data-element_type=\"container\" data-settings=\"{&quot;background_background&quot;:&quot;classic&quot;,&quot;ekit_has_onepagescroll_dot&quot;:&quot;yes&quot;}\">\n\t\t\t\t\t<div class=\"e-con-inner\">\n\t\t<div class=\"elementor-element elementor-element-b50e368 e-con-full e-flex e-con e-child\" data-id=\"b50e368\" data-element_type=\"container\" data-settings=\"{&quot;ekit_has_onepagescroll_dot&quot;:&quot;yes&quot;}\">\n\t\t<div class=\"elementor-element elementor-element-c424513 e-con-full e-flex e-con e-child\" data-id=\"c424513\" data-element_type=\"container\" data-settings=\"{&quot;ekit_has_onepagescroll_dot&quot;:&quot;yes&quot;}\">\n\t\t\t\t<div class=\"elementor-element elementor-element-a7fdd7a elementor-view-default elementor-widget elementor-widget-icon\" data-id=\"a7fdd7a\" data-element_type=\"widget\" data-settings=\"{&quot;ekit_we_effect_on&quot;:&quot;none&quot;}\" data-widget_type=\"icon.default\">\n\t\t\t\t<div class=\"elementor-widget-container\">\n\t\t\t\t\t\t\t<div class=\"elementor-icon-wrapper\">\n\t\t\t<div class=\"elementor-icon\">\n\t\t\t<svg xmlns=\"http:\/\/www.w3.org\/2000\/svg\" id=\"_&#x56FE;&#x5C42;_2\" data-name=\"&#x56FE;&#x5C42; 2\" viewbox=\"0 0 111.69 167.53\"><defs><style>      .cls-1 {        fill: #fad8be;      }      .cls-1, .cls-2 {        stroke-width: 0px;      }      .cls-2 {        fill: #f47b25;      }    <\/style><\/defs><g id=\"_&#x56FE;&#x5C42;_1-2\" data-name=\"&#x56FE;&#x5C42; 1\"><g><circle class=\"cls-1\" cx=\"55.84\" cy=\"55.84\" r=\"55.84\"><\/circle><circle class=\"cls-2\" cx=\"55.84\" cy=\"111.69\" r=\"55.84\"><\/circle><\/g><\/g><\/svg>\t\t\t<\/div>\n\t\t<\/div>\n\t\t\t\t\t\t<\/div>\n\t\t\t\t<\/div>\n\t\t<div class=\"elementor-element elementor-element-7bb10c3 e-con-full e-flex e-con e-child\" data-id=\"7bb10c3\" data-element_type=\"container\" data-settings=\"{&quot;ekit_has_onepagescroll_dot&quot;:&quot;yes&quot;}\">\n\t\t\t\t<div class=\"elementor-element elementor-element-95758a9 elementor-widget elementor-widget-heading\" data-id=\"95758a9\" data-element_type=\"widget\" data-settings=\"{&quot;ekit_we_effect_on&quot;:&quot;none&quot;}\" data-widget_type=\"heading.default\">\n\t\t\t\t<div class=\"elementor-widget-container\">\n\t\t\t\t\t<h2 class=\"elementor-heading-title elementor-size-default\">Zr\u00fdchlenie rozvoja kari\u00e9ry zamestnancov <\/h2>\t\t\t\t<\/div>\n\t\t\t\t<\/div>\n\t\t\t\t<\/div>\n\t\t\t\t<\/div>\n\t\t\t\t<div class=\"elementor-element elementor-element-16960ac elementor-widget__width-initial elementor-widget elementor-widget-text-editor\" data-id=\"16960ac\" data-element_type=\"widget\" data-settings=\"{&quot;ekit_we_effect_on&quot;:&quot;none&quot;}\" data-widget_type=\"text-editor.default\">\n\t\t\t\t<div class=\"elementor-widget-container\">\n\t\t\t\t\t\t\t\t\tSme si dobre vedom\u00ed, \u017ee talent je k\u013e\u00fa\u010dovou hnacou silou rozvoja podniku. Preto spolo\u010dnos\u0165 zaviedla s\u00e9riu opatren\u00ed na poskytovanie r\u00f4znorod\u00fdch ciest rastu pre zamestnancov: \t\t\t\t\t\t\t\t<\/div>\n\t\t\t\t<\/div>\n\t\t<div class=\"elementor-element elementor-element-1360721 e-grid e-con-full e-con e-child\" data-id=\"1360721\" data-element_type=\"container\" data-settings=\"{&quot;ekit_has_onepagescroll_dot&quot;:&quot;yes&quot;}\">\n\t\t<div class=\"elementor-element elementor-element-81083f3 e-con-full e-flex e-con e-child\" data-id=\"81083f3\" data-element_type=\"container\" data-settings=\"{&quot;ekit_has_onepagescroll_dot&quot;:&quot;yes&quot;}\">\n\t\t\t\t<div class=\"elementor-element elementor-element-ec1e398 elementor-widget elementor-widget-text-editor\" data-id=\"ec1e398\" data-element_type=\"widget\" data-settings=\"{&quot;ekit_we_effect_on&quot;:&quot;none&quot;}\" data-widget_type=\"text-editor.default\">\n\t\t\t\t<div class=\"elementor-widget-container\">\n\t\t\t\t\t\t\t\t\t<div data-page-id=\"QfiFdHk0mo0NOdxNB3pcDDq5nbe\" data-lark-html-role=\"root\" data-docx-has-block-data=\"false\"><div>Ro\u010dne vy\u010dle\u0148ova\u0165 \u0161peci\u00e1lne \u0161kolenia na poskytovanie najmodernej\u0161\u00edch technol\u00f3gi\u00ed v odvetv\u00ed.<\/div><\/div>\t\t\t\t\t\t\t\t<\/div>\n\t\t\t\t<\/div>\n\t\t\t\t<\/div>\n\t\t<div class=\"elementor-element elementor-element-d630cf2 e-con-full e-flex e-con e-child\" data-id=\"d630cf2\" data-element_type=\"container\" data-settings=\"{&quot;ekit_has_onepagescroll_dot&quot;:&quot;yes&quot;}\">\n\t\t\t\t<div class=\"elementor-element elementor-element-cb0ac7f elementor-widget elementor-widget-text-editor\" data-id=\"cb0ac7f\" data-element_type=\"widget\" data-settings=\"{&quot;ekit_we_effect_on&quot;:&quot;none&quot;}\" data-widget_type=\"text-editor.default\">\n\t\t\t\t<div class=\"elementor-widget-container\">\n\t\t\t\t\t\t\t\t\t<div data-page-id=\"QfiFdHk0mo0NOdxNB3pcDDq5nbe\" data-lark-html-role=\"root\" data-docx-has-block-data=\"false\"><div>Zriadi\u0165 intern\u00fd syst\u00e9m mentorstva, pri\u010dom vrcholov\u00fd mana\u017ement bude p\u00f4sobi\u0165 ako poradcovia pre rozvoj kari\u00e9ry.<\/div><\/div>\t\t\t\t\t\t\t\t<\/div>\n\t\t\t\t<\/div>\n\t\t\t\t<\/div>\n\t\t<div class=\"elementor-element elementor-element-fe92ca9 e-con-full e-flex e-con e-child\" data-id=\"fe92ca9\" data-element_type=\"container\" data-settings=\"{&quot;ekit_has_onepagescroll_dot&quot;:&quot;yes&quot;}\">\n\t\t\t\t<div class=\"elementor-element elementor-element-152f7d2 elementor-widget elementor-widget-text-editor\" data-id=\"152f7d2\" data-element_type=\"widget\" data-settings=\"{&quot;ekit_we_effect_on&quot;:&quot;none&quot;}\" data-widget_type=\"text-editor.default\">\n\t\t\t\t<div class=\"elementor-widget-container\">\n\t\t\t\t\t\t\t\t\t<div data-page-id=\"QfiFdHk0mo0NOdxNB3pcDDq5nbe\" data-lark-html-role=\"root\" data-docx-has-block-data=\"false\"><div>Zriadi\u0165 ro\u010dn\u00fd inova\u010dn\u00fd fond na podporu v\u00fdskumn\u00fdch a v\u00fdvojov\u00fdch projektov zamestnancov.<\/div><\/div>\t\t\t\t\t\t\t\t<\/div>\n\t\t\t\t<\/div>\n\t\t\t\t<\/div>\n\t\t\t\t<\/div>\n\t\t\t\t<\/div>\n\t\t<div class=\"elementor-element elementor-element-c25eca6 e-con-full e-flex e-con e-child\" data-id=\"c25eca6\" data-element_type=\"container\" data-settings=\"{&quot;ekit_has_onepagescroll_dot&quot;:&quot;yes&quot;}\">\n\t\t<div class=\"elementor-element elementor-element-ca69f97 e-con-full e-flex e-con e-child\" data-id=\"ca69f97\" data-element_type=\"container\" data-settings=\"{&quot;ekit_has_onepagescroll_dot&quot;:&quot;yes&quot;}\">\n\t\t\t\t<div class=\"elementor-element elementor-element-3a58a66 elementor-widget elementor-widget-image\" data-id=\"3a58a66\" data-element_type=\"widget\" data-settings=\"{&quot;ekit_we_effect_on&quot;:&quot;none&quot;}\" data-widget_type=\"image.default\">\n\t\t\t\t<div class=\"elementor-widget-container\">\n\t\t\t\t\t\t\t\t\t\t\t\t\t\t\t<img decoding=\"async\" width=\"800\" height=\"533\" src=\"https:\/\/landuchem.com\/wp-content\/uploads\/2025\/04\/promotion-at-work-or-social-status-present-an-employee-with-a-promotion--1024x682.jpg\" class=\"attachment-large size-large wp-image-10333\" alt=\"Pov\u00fd\u0161enie v pr\u00e1ci alebo spolo\u010densk\u00fd status. Pov\u00fd\u0161enie zamestnanca.\" srcset=\"https:\/\/landuchem.com\/wp-content\/uploads\/2025\/04\/promotion-at-work-or-social-status-present-an-employee-with-a-promotion--1024x682.jpg 1024w, https:\/\/landuchem.com\/wp-content\/uploads\/2025\/04\/promotion-at-work-or-social-status-present-an-employee-with-a-promotion--300x200.jpg 300w, https:\/\/landuchem.com\/wp-content\/uploads\/2025\/04\/promotion-at-work-or-social-status-present-an-employee-with-a-promotion--768x512.jpg 768w, https:\/\/landuchem.com\/wp-content\/uploads\/2025\/04\/promotion-at-work-or-social-status-present-an-employee-with-a-promotion--1536x1024.jpg 1536w, https:\/\/landuchem.com\/wp-content\/uploads\/2025\/04\/promotion-at-work-or-social-status-present-an-employee-with-a-promotion-.jpg 2000w\" sizes=\"(max-width: 800px) 100vw, 800px\" \/>\t\t\t\t\t\t\t\t\t\t\t\t\t\t\t<\/div>\n\t\t\t\t<\/div>\n\t\t\t\t<\/div>\n\t\t<div class=\"elementor-element elementor-element-d85c7c5 e-con-full e-flex e-con e-child\" data-id=\"d85c7c5\" data-element_type=\"container\" data-settings=\"{&quot;ekit_has_onepagescroll_dot&quot;:&quot;yes&quot;}\">\n\t\t<div class=\"elementor-element elementor-element-afe72e9 e-con-full e-flex e-con e-child\" data-id=\"afe72e9\" data-element_type=\"container\" data-settings=\"{&quot;ekit_has_onepagescroll_dot&quot;:&quot;yes&quot;}\">\n\t\t\t\t<div class=\"elementor-element elementor-element-ceeb5d7 elementor-view-default elementor-widget elementor-widget-icon\" data-id=\"ceeb5d7\" data-element_type=\"widget\" data-settings=\"{&quot;ekit_we_effect_on&quot;:&quot;none&quot;}\" data-widget_type=\"icon.default\">\n\t\t\t\t<div class=\"elementor-widget-container\">\n\t\t\t\t\t\t\t<div class=\"elementor-icon-wrapper\">\n\t\t\t<div class=\"elementor-icon\">\n\t\t\t<svg xmlns=\"http:\/\/www.w3.org\/2000\/svg\" id=\"_&#x56FE;&#x5C42;_2\" data-name=\"&#x56FE;&#x5C42; 2\" viewbox=\"0 0 111.69 167.53\"><defs><style>      .cls-1 {        fill: #fad8be;      }      .cls-1, .cls-2 {        stroke-width: 0px;      }      .cls-2 {        fill: #f47b25;      }    <\/style><\/defs><g id=\"_&#x56FE;&#x5C42;_1-2\" data-name=\"&#x56FE;&#x5C42; 1\"><g><circle class=\"cls-1\" cx=\"55.84\" cy=\"55.84\" r=\"55.84\"><\/circle><circle class=\"cls-2\" cx=\"55.84\" cy=\"111.69\" r=\"55.84\"><\/circle><\/g><\/g><\/svg>\t\t\t<\/div>\n\t\t<\/div>\n\t\t\t\t\t\t<\/div>\n\t\t\t\t<\/div>\n\t\t<div class=\"elementor-element elementor-element-6de34e1 e-con-full e-flex e-con e-child\" data-id=\"6de34e1\" data-element_type=\"container\" data-settings=\"{&quot;ekit_has_onepagescroll_dot&quot;:&quot;yes&quot;}\">\n\t\t\t\t<div class=\"elementor-element elementor-element-39146f3 elementor-widget elementor-widget-heading\" data-id=\"39146f3\" data-element_type=\"widget\" data-settings=\"{&quot;ekit_we_effect_on&quot;:&quot;none&quot;}\" data-widget_type=\"heading.default\">\n\t\t\t\t<div class=\"elementor-widget-container\">\n\t\t\t\t\t<h2 class=\"elementor-heading-title elementor-size-default\">Komplexn\u00fd syst\u00e9m pov\u00fd\u0161en\u00ed a benefitov pre zamestnancov<\/h2>\t\t\t\t<\/div>\n\t\t\t\t<\/div>\n\t\t\t\t<\/div>\n\t\t\t\t<\/div>\n\t\t\t\t<div class=\"elementor-element elementor-element-4de7f03 elementor-widget elementor-widget-text-editor\" data-id=\"4de7f03\" data-element_type=\"widget\" data-settings=\"{&quot;ekit_we_effect_on&quot;:&quot;none&quot;}\" data-widget_type=\"text-editor.default\">\n\t\t\t\t<div class=\"elementor-widget-container\">\n\t\t\t\t\t\t\t\t\t<p>Implementujeme paraleln\u00fd mechanizmus pov\u00fd\u0161en\u00ed \u201eprofesion\u00e1lna sekvencia + mana\u017e\u00e9rska sekvencia\u201c. Profesion\u00e1lni a technick\u00ed talenti m\u00f4\u017eu by\u0165 pov\u00fd\u0161en\u00ed na hlavn\u00e9ho experta a mana\u017e\u00e9rski talenti m\u00f4\u017eu vst\u00fapi\u0165 do r\u00fdchleho pov\u00fd\u0161enia prostredn\u00edctvom ro\u010dn\u00e9ho hodnotenia talentov. V\u0161etky poz\u00edcie s\u00fa otvoren\u00e9 konkurencii, aby sa zabezpe\u010dila spravodlivos\u0165 a transparentnos\u0165.<\/p><p>Pon\u00fakame bal\u00edk odme\u0148ovania a benefitov \u201ep\u00e4\u0165 v jednom\u201c, ktor\u00fd zabezpe\u010duje, \u017ee zamestnanci zdie\u013eaj\u00fa plody rozvoja, vr\u00e1tane konkurencieschopnej odmeny, pl\u00e1nu zdravotnej ochrany, syst\u00e9mu zabezpe\u010denia \u017eivota, flexibiln\u00e9ho bal\u00edka benefitov a projektov humanit\u00e1rnej starostlivosti.<\/p>\t\t\t\t\t\t\t\t<\/div>\n\t\t\t\t<\/div>\n\t\t\t\t<\/div>\n\t\t\t\t<\/div>\n\t\t\t\t\t<\/div>\n\t\t\t\t<\/div>\n\t\t\t\t<\/div>","protected":false},"excerpt":{"rendered":"<p>Employee Safety and Development At NOVASTAR, what you gain is not only a salary figure but also career achievements that you can be proud of for a lifetime. Commitment to Workplace Safety &amp; Health At NOVASTAR, &#8220;Safety First&#8221; is not just a slogan. It is a daily practice that protects our people, our partners, and [&hellip;]<\/p>","protected":false},"author":1,"featured_media":0,"parent":4745,"menu_order":0,"comment_status":"closed","ping_status":"closed","template":"elementor_header_footer","meta":{"footnotes":""},"class_list":["post-10307","page","type-page","status-publish","hentry"],"_links":{"self":[{"href":"https:\/\/landuchem.com\/sk\/wp-json\/wp\/v2\/pages\/10307","targetHints":{"allow":["GET"]}}],"collection":[{"href":"https:\/\/landuchem.com\/sk\/wp-json\/wp\/v2\/pages"}],"about":[{"href":"https:\/\/landuchem.com\/sk\/wp-json\/wp\/v2\/types\/page"}],"author":[{"embeddable":true,"href":"https:\/\/landuchem.com\/sk\/wp-json\/wp\/v2\/users\/1"}],"replies":[{"embeddable":true,"href":"https:\/\/landuchem.com\/sk\/wp-json\/wp\/v2\/comments?post=10307"}],"version-history":[{"count":14,"href":"https:\/\/landuchem.com\/sk\/wp-json\/wp\/v2\/pages\/10307\/revisions"}],"predecessor-version":[{"id":12977,"href":"https:\/\/landuchem.com\/sk\/wp-json\/wp\/v2\/pages\/10307\/revisions\/12977"}],"up":[{"embeddable":true,"href":"https:\/\/landuchem.com\/sk\/wp-json\/wp\/v2\/pages\/4745"}],"wp:attachment":[{"href":"https:\/\/landuchem.com\/sk\/wp-json\/wp\/v2\/media?parent=10307"}],"curies":[{"name":"wp","href":"https:\/\/api.w.org\/{rel}","templated":true}]}}