{"id":10274,"date":"2025-04-28T12:45:28","date_gmt":"2025-04-28T12:45:28","guid":{"rendered":"https:\/\/landuchem.com\/?page_id=10274"},"modified":"2025-08-26T08:15:18","modified_gmt":"2025-08-26T08:15:18","slug":"zapojenie-komunity-a-prispevok","status":"publish","type":"page","link":"https:\/\/landuchem.com\/sk\/udrzatelnost\/ludia-o-ktorych-sa-starame\/zapojenie-komunity-a-prispevok\/","title":{"rendered":"Zapojenie komunity a pr\u00edspevok"},"content":{"rendered":"<div data-elementor-type=\"wp-page\" data-elementor-id=\"10274\" class=\"elementor elementor-10274\" data-elementor-post-type=\"page\">\n\t\t\t\t<div class=\"elementor-element elementor-element-b8ed35a e-flex e-con-boxed e-con e-parent\" data-id=\"b8ed35a\" data-element_type=\"container\" data-settings=\"{&quot;background_background&quot;:&quot;classic&quot;,&quot;ekit_has_onepagescroll_dot&quot;:&quot;yes&quot;}\">\n\t\t\t\t\t<div class=\"e-con-inner\">\n\t\t\t\t<div class=\"elementor-element elementor-element-a72b32f elementor-widget elementor-widget-heading\" data-id=\"a72b32f\" data-element_type=\"widget\" data-settings=\"{&quot;ekit_we_effect_on&quot;:&quot;none&quot;}\" data-widget_type=\"heading.default\">\n\t\t\t\t<div class=\"elementor-widget-container\">\n\t\t\t\t\t<h1 class=\"elementor-heading-title elementor-size-default\">Zapojenie komunity a pr\u00edspevok<\/h1>\t\t\t\t<\/div>\n\t\t\t\t<\/div>\n\t\t\t\t<div class=\"elementor-element elementor-element-c986241 elementor-widget__width-initial elementor-widget elementor-widget-text-editor\" data-id=\"c986241\" data-element_type=\"widget\" data-settings=\"{&quot;ekit_we_effect_on&quot;:&quot;none&quot;}\" data-widget_type=\"text-editor.default\">\n\t\t\t\t<div class=\"elementor-widget-container\">\n\t\t\t\t\t\t\t\t\t<p>Na\u0161a korpor\u00e1tna spolo\u010densk\u00e1 zodpovednos\u0165 (CSR) je z\u00e1kladn\u00fdm prvkom n\u00e1\u0161ho z\u00e1v\u00e4zku a pr\u00edspevku k udr\u017eate\u013enej bud\u00facnosti.<\/p>\t\t\t\t\t\t\t\t<\/div>\n\t\t\t\t<\/div>\n\t\t\t\t\t<\/div>\n\t\t\t\t<\/div>\n\t\t<div class=\"elementor-element elementor-element-01a78e7 e-flex e-con-boxed e-con e-parent\" data-id=\"01a78e7\" data-element_type=\"container\" data-settings=\"{&quot;ekit_has_onepagescroll_dot&quot;:&quot;yes&quot;}\">\n\t\t\t\t\t<div class=\"e-con-inner\">\n\t\t<div class=\"elementor-element elementor-element-01b9b7e e-con-full e-flex e-con e-child\" data-id=\"01b9b7e\" data-element_type=\"container\" data-settings=\"{&quot;ekit_has_onepagescroll_dot&quot;:&quot;yes&quot;}\">\n\t\t<div class=\"elementor-element elementor-element-def1aae e-con-full e-flex e-con e-child\" data-id=\"def1aae\" data-element_type=\"container\" data-settings=\"{&quot;ekit_has_onepagescroll_dot&quot;:&quot;yes&quot;}\">\n\t\t\t\t<div class=\"elementor-element elementor-element-011bb68 elementor-view-default elementor-widget elementor-widget-icon\" data-id=\"011bb68\" data-element_type=\"widget\" data-settings=\"{&quot;ekit_we_effect_on&quot;:&quot;none&quot;}\" data-widget_type=\"icon.default\">\n\t\t\t\t<div class=\"elementor-widget-container\">\n\t\t\t\t\t\t\t<div class=\"elementor-icon-wrapper\">\n\t\t\t<div class=\"elementor-icon\">\n\t\t\t<svg xmlns=\"http:\/\/www.w3.org\/2000\/svg\" id=\"_&#x56FE;&#x5C42;_2\" data-name=\"&#x56FE;&#x5C42; 2\" viewbox=\"0 0 111.69 167.53\"><defs><style>      .cls-1 {        fill: #fad8be;      }      .cls-1, .cls-2 {        stroke-width: 0px;      }      .cls-2 {        fill: #f47b25;      }    <\/style><\/defs><g id=\"_&#x56FE;&#x5C42;_1-2\" data-name=\"&#x56FE;&#x5C42; 1\"><g><circle class=\"cls-1\" cx=\"55.84\" cy=\"55.84\" r=\"55.84\"><\/circle><circle class=\"cls-2\" cx=\"55.84\" cy=\"111.69\" r=\"55.84\"><\/circle><\/g><\/g><\/svg>\t\t\t<\/div>\n\t\t<\/div>\n\t\t\t\t\t\t<\/div>\n\t\t\t\t<\/div>\n\t\t<div class=\"elementor-element elementor-element-62e1097 e-con-full e-flex e-con e-child\" data-id=\"62e1097\" data-element_type=\"container\" data-settings=\"{&quot;ekit_has_onepagescroll_dot&quot;:&quot;yes&quot;}\">\n\t\t\t\t<div class=\"elementor-element elementor-element-82bfbfc elementor-widget elementor-widget-heading\" data-id=\"82bfbfc\" data-element_type=\"widget\" data-settings=\"{&quot;ekit_we_effect_on&quot;:&quot;none&quot;}\" data-widget_type=\"heading.default\">\n\t\t\t\t<div class=\"elementor-widget-container\">\n\t\t\t\t\t<h2 class=\"elementor-heading-title elementor-size-default\">Zodpovedn\u00e1 v\u00fdrobn\u00e1 prev\u00e1dzka<\/h2>\t\t\t\t<\/div>\n\t\t\t\t<\/div>\n\t\t\t\t<\/div>\n\t\t\t\t<\/div>\n\t\t\t\t<div class=\"elementor-element elementor-element-ba9c8c1 elementor-widget__width-initial elementor-widget elementor-widget-text-editor\" data-id=\"ba9c8c1\" data-element_type=\"widget\" data-settings=\"{&quot;ekit_we_effect_on&quot;:&quot;none&quot;}\" data-widget_type=\"text-editor.default\">\n\t\t\t\t<div class=\"elementor-widget-container\">\n\t\t\t\t\t\t\t\t\t<p>Prv\u00fdm bodom plnenia spolo\u010denskej zodpovednosti je dobre plni\u0165 povinnosti samotn\u00e9ho podniku. Pr\u00edsne dodr\u017eiavame po\u017eiadavky na v\u00fdrobn\u00fa prev\u00e1dzku stanoven\u00e9 miestnymi z\u00e1konmi a predpismi, sme odhodlan\u00ed zni\u017eova\u0165 environment\u00e1lne zne\u010distenie v miestnej oblasti a usilujeme sa dobre riadi\u0165 vz\u0165ah s miestnou komunitou.<\/p>\t\t\t\t\t\t\t\t<\/div>\n\t\t\t\t<\/div>\n\t\t\t\t<\/div>\n\t\t<div class=\"elementor-element elementor-element-f1217bf e-con-full e-flex e-con e-child\" data-id=\"f1217bf\" data-element_type=\"container\" data-settings=\"{&quot;ekit_has_onepagescroll_dot&quot;:&quot;yes&quot;}\">\n\t\t\t\t<div class=\"elementor-element elementor-element-0b1d572 elementor-widget elementor-widget-image\" data-id=\"0b1d572\" data-element_type=\"widget\" data-settings=\"{&quot;ekit_we_effect_on&quot;:&quot;none&quot;}\" data-widget_type=\"image.default\">\n\t\t\t\t<div class=\"elementor-widget-container\">\n\t\t\t\t\t\t\t\t\t\t\t\t\t\t\t<img fetchpriority=\"high\" decoding=\"async\" width=\"800\" height=\"533\" src=\"https:\/\/landuchem.com\/wp-content\/uploads\/2025\/04\/esg-environmental-social-management-policy-green-heart-in-the-palms--1024x682.jpg\" class=\"attachment-large size-large wp-image-10289\" alt=\"Politika environment\u00e1lneho a soci\u00e1lneho riadenia ESG. Zelen\u00e9 srdce v dlaniach.\" srcset=\"https:\/\/landuchem.com\/wp-content\/uploads\/2025\/04\/esg-environmental-social-management-policy-green-heart-in-the-palms--1024x682.jpg 1024w, https:\/\/landuchem.com\/wp-content\/uploads\/2025\/04\/esg-environmental-social-management-policy-green-heart-in-the-palms--300x200.jpg 300w, https:\/\/landuchem.com\/wp-content\/uploads\/2025\/04\/esg-environmental-social-management-policy-green-heart-in-the-palms--768x512.jpg 768w, https:\/\/landuchem.com\/wp-content\/uploads\/2025\/04\/esg-environmental-social-management-policy-green-heart-in-the-palms--1536x1024.jpg 1536w, https:\/\/landuchem.com\/wp-content\/uploads\/2025\/04\/esg-environmental-social-management-policy-green-heart-in-the-palms-.jpg 2000w\" sizes=\"(max-width: 800px) 100vw, 800px\" \/>\t\t\t\t\t\t\t\t\t\t\t\t\t\t\t<\/div>\n\t\t\t\t<\/div>\n\t\t\t\t<\/div>\n\t\t\t\t\t<\/div>\n\t\t\t\t<\/div>\n\t\t<div class=\"elementor-element elementor-element-b294607 e-grid e-con-boxed e-con e-parent\" data-id=\"b294607\" data-element_type=\"container\" data-settings=\"{&quot;ekit_has_onepagescroll_dot&quot;:&quot;yes&quot;}\">\n\t\t\t\t\t<div class=\"e-con-inner\">\n\t\t<div class=\"elementor-element elementor-element-d5d513c e-con-full e-flex e-con e-child\" data-id=\"d5d513c\" data-element_type=\"container\" data-settings=\"{&quot;ekit_has_onepagescroll_dot&quot;:&quot;yes&quot;}\">\n\t\t\t\t<div class=\"elementor-element elementor-element-5060f06 elementor-widget elementor-widget-text-editor\" data-id=\"5060f06\" data-element_type=\"widget\" data-settings=\"{&quot;ekit_we_effect_on&quot;:&quot;none&quot;}\" data-widget_type=\"text-editor.default\">\n\t\t\t\t<div class=\"elementor-widget-container\">\n\t\t\t\t\t\t\t\t\tN\u00e1\u0161 podnik pr\u00edsne dodr\u017eiava z\u00e1kony a predpisy v miestnych oper\u00e1ci\u00e1ch.\t\t\t\t\t\t\t\t<\/div>\n\t\t\t\t<\/div>\n\t\t\t\t<\/div>\n\t\t<div class=\"elementor-element elementor-element-9840be3 e-con-full e-flex e-con e-child\" data-id=\"9840be3\" data-element_type=\"container\" data-settings=\"{&quot;ekit_has_onepagescroll_dot&quot;:&quot;yes&quot;}\">\n\t\t\t\t<div class=\"elementor-element elementor-element-e3c90a5 elementor-widget elementor-widget-text-editor\" data-id=\"e3c90a5\" data-element_type=\"widget\" data-settings=\"{&quot;ekit_we_effect_on&quot;:&quot;none&quot;}\" data-widget_type=\"text-editor.default\">\n\t\t\t\t<div class=\"elementor-widget-container\">\n\t\t\t\t\t\t\t\t\tZjednotenie na boj proti miestnemu zne\u010disteniu. Zamestnanci dobrovo\u013ene pom\u00e1haj\u00fa s recykl\u00e1ciou v\u00fdrobn\u00fdch odpadov a zdie\u013eaj\u00fa najlep\u0161ie praktiky z chemick\u00e9ho priemyslu, aby bol recykla\u010dn\u00fd proces bezpe\u010dnej\u0161\u00ed pre v\u0161etk\u00fdch dobrovo\u013en\u00edkov zdru\u017eenia.\t\t\t\t\t\t\t\t<\/div>\n\t\t\t\t<\/div>\n\t\t\t\t<\/div>\n\t\t<div class=\"elementor-element elementor-element-a218f3b e-con-full e-flex e-con e-child\" data-id=\"a218f3b\" data-element_type=\"container\" data-settings=\"{&quot;ekit_has_onepagescroll_dot&quot;:&quot;yes&quot;}\">\n\t\t\t\t<div class=\"elementor-element elementor-element-7044946 elementor-widget elementor-widget-text-editor\" data-id=\"7044946\" data-element_type=\"widget\" data-settings=\"{&quot;ekit_we_effect_on&quot;:&quot;none&quot;}\" data-widget_type=\"text-editor.default\">\n\t\t\t\t<div class=\"elementor-widget-container\">\n\t\t\t\t\t\t\t\t\tV spolo\u010dnosti NOVASTAR kladieme ve\u013ek\u00fd d\u00f4raz na na\u0161e vz\u0165ahy s miestnymi komunitami, najm\u00e4 tam, kde sa nach\u00e1dzaj\u00fa na\u0161e prev\u00e1dzky a tov\u00e1rne. Pravidelne auditujeme v\u00fdkon ka\u017edej tov\u00e1rne, aby sme zabezpe\u010dili informovanos\u0165 a zapojenie miestnej komunity. \t\t\t\t\t\t\t\t<\/div>\n\t\t\t\t<\/div>\n\t\t\t\t<\/div>\n\t\t\t\t\t<\/div>\n\t\t\t\t<\/div>\n\t\t<div class=\"elementor-element elementor-element-cd21dbe e-flex e-con-boxed e-con e-parent\" data-id=\"cd21dbe\" data-element_type=\"container\" data-settings=\"{&quot;background_background&quot;:&quot;classic&quot;,&quot;ekit_has_onepagescroll_dot&quot;:&quot;yes&quot;}\">\n\t\t\t\t\t<div class=\"e-con-inner\">\n\t\t<div class=\"elementor-element elementor-element-0b32905 e-con-full e-flex e-con e-child\" data-id=\"0b32905\" data-element_type=\"container\" data-settings=\"{&quot;ekit_has_onepagescroll_dot&quot;:&quot;yes&quot;}\">\n\t\t\t\t<div class=\"elementor-element elementor-element-7fcd2ec elementor-view-default elementor-widget elementor-widget-icon\" data-id=\"7fcd2ec\" data-element_type=\"widget\" data-settings=\"{&quot;ekit_we_effect_on&quot;:&quot;none&quot;}\" data-widget_type=\"icon.default\">\n\t\t\t\t<div class=\"elementor-widget-container\">\n\t\t\t\t\t\t\t<div class=\"elementor-icon-wrapper\">\n\t\t\t<div class=\"elementor-icon\">\n\t\t\t<svg xmlns=\"http:\/\/www.w3.org\/2000\/svg\" id=\"_&#x56FE;&#x5C42;_2\" data-name=\"&#x56FE;&#x5C42; 2\" viewbox=\"0 0 111.69 167.53\"><defs><style>      .cls-1 {        fill: #fad8be;      }      .cls-1, .cls-2 {        stroke-width: 0px;      }      .cls-2 {        fill: #f47b25;      }    <\/style><\/defs><g id=\"_&#x56FE;&#x5C42;_1-2\" data-name=\"&#x56FE;&#x5C42; 1\"><g><circle class=\"cls-1\" cx=\"55.84\" cy=\"55.84\" r=\"55.84\"><\/circle><circle class=\"cls-2\" cx=\"55.84\" cy=\"111.69\" r=\"55.84\"><\/circle><\/g><\/g><\/svg>\t\t\t<\/div>\n\t\t<\/div>\n\t\t\t\t\t\t<\/div>\n\t\t\t\t<\/div>\n\t\t<div class=\"elementor-element elementor-element-31d6f28 e-con-full e-flex e-con e-child\" data-id=\"31d6f28\" data-element_type=\"container\" data-settings=\"{&quot;ekit_has_onepagescroll_dot&quot;:&quot;yes&quot;}\">\n\t\t\t\t<div class=\"elementor-element elementor-element-a93371c elementor-widget elementor-widget-heading\" data-id=\"a93371c\" data-element_type=\"widget\" data-settings=\"{&quot;ekit_we_effect_on&quot;:&quot;none&quot;}\" data-widget_type=\"heading.default\">\n\t\t\t\t<div class=\"elementor-widget-container\">\n\t\t\t\t\t<h2 class=\"elementor-heading-title elementor-size-default\">Podpora miestnej v\u00fdstavby a rozvoja<\/h2>\t\t\t\t<\/div>\n\t\t\t\t<\/div>\n\t\t\t\t<\/div>\n\t\t\t\t<\/div>\n\t\t\t\t<div class=\"elementor-element elementor-element-8b8497c elementor-widget__width-initial elementor-widget elementor-widget-text-editor\" data-id=\"8b8497c\" data-element_type=\"widget\" data-settings=\"{&quot;ekit_we_effect_on&quot;:&quot;none&quot;}\" data-widget_type=\"text-editor.default\">\n\t\t\t\t<div class=\"elementor-widget-container\">\n\t\t\t\t\t\t\t\t\tV spolo\u010dnosti NOVASTAR si uvedomujeme, \u017ee n\u00e1\u0161 \u00faspech je hlboko prepojen\u00fd s prosperitou komun\u00edt, v ktor\u00fdch p\u00f4sob\u00edme. Okrem rastu podnikania sme odhodlan\u00ed vytv\u00e1ra\u0165 trval\u00fa soci\u00e1lnu hodnotu investovan\u00edm do miestnej infra\u0161trukt\u00fary a vzdel\u00e1vania. Na\u0161e iniciat\u00edvy sa zameriavaj\u00fa na budovanie odoln\u00fdch komun\u00edt, podporu inkluz\u00edvneho rastu a zabezpe\u010denie udr\u017eate\u013en\u00e9ho rozvoja pre bud\u00face gener\u00e1cie.\t\t\t\t\t\t\t\t<\/div>\n\t\t\t\t<\/div>\n\t\t<div class=\"elementor-element elementor-element-5db46b7 e-con-full e-flex e-con e-child\" data-id=\"5db46b7\" data-element_type=\"container\" data-settings=\"{&quot;ekit_has_onepagescroll_dot&quot;:&quot;yes&quot;}\">\n\t\t<div class=\"elementor-element elementor-element-15c8607 e-con-full e-flex e-con e-child\" data-id=\"15c8607\" data-element_type=\"container\" data-settings=\"{&quot;ekit_has_onepagescroll_dot&quot;:&quot;yes&quot;}\">\n\t\t\t\t<div class=\"elementor-element elementor-element-3d8989a elementor-widget elementor-widget-image\" data-id=\"3d8989a\" data-element_type=\"widget\" data-settings=\"{&quot;ekit_we_effect_on&quot;:&quot;none&quot;}\" data-widget_type=\"image.default\">\n\t\t\t\t<div class=\"elementor-widget-container\">\n\t\t\t\t\t\t\t\t\t\t\t\t\t\t\t<img decoding=\"async\" width=\"800\" height=\"532\" src=\"https:\/\/landuchem.com\/wp-content\/uploads\/2025\/04\/workers-operating-asphalt-paver-machine-during-road-construction-and-repairing-works-1024x681.jpg\" class=\"attachment-large size-large wp-image-10293\" alt=\"Pracovn\u00edci obsluhuj\u00faci asfaltov\u00fa fr\u00e9zu po\u010das v\u00fdstavby a opr\u00e1v ciest\" srcset=\"https:\/\/landuchem.com\/wp-content\/uploads\/2025\/04\/workers-operating-asphalt-paver-machine-during-road-construction-and-repairing-works-1024x681.jpg 1024w, https:\/\/landuchem.com\/wp-content\/uploads\/2025\/04\/workers-operating-asphalt-paver-machine-during-road-construction-and-repairing-works-300x200.jpg 300w, https:\/\/landuchem.com\/wp-content\/uploads\/2025\/04\/workers-operating-asphalt-paver-machine-during-road-construction-and-repairing-works-768x511.jpg 768w, https:\/\/landuchem.com\/wp-content\/uploads\/2025\/04\/workers-operating-asphalt-paver-machine-during-road-construction-and-repairing-works-1536x1021.jpg 1536w, https:\/\/landuchem.com\/wp-content\/uploads\/2025\/04\/workers-operating-asphalt-paver-machine-during-road-construction-and-repairing-works.jpg 2000w\" sizes=\"(max-width: 800px) 100vw, 800px\" \/>\t\t\t\t\t\t\t\t\t\t\t\t\t\t\t<\/div>\n\t\t\t\t<\/div>\n\t\t\t\t<\/div>\n\t\t<div class=\"elementor-element elementor-element-406f415 e-con-full e-flex e-con e-child\" data-id=\"406f415\" data-element_type=\"container\" data-settings=\"{&quot;ekit_has_onepagescroll_dot&quot;:&quot;yes&quot;}\">\n\t\t\t\t<div class=\"elementor-element elementor-element-c9e63f6 elementor-widget elementor-widget-heading\" data-id=\"c9e63f6\" data-element_type=\"widget\" data-settings=\"{&quot;ekit_we_effect_on&quot;:&quot;none&quot;}\" data-widget_type=\"heading.default\">\n\t\t\t\t<div class=\"elementor-widget-container\">\n\t\t\t\t\t<h3 class=\"elementor-heading-title elementor-size-default\">1. Posil\u0148ovanie miestnej infra\u0161trukt\u00fary<\/h3>\t\t\t\t<\/div>\n\t\t\t\t<\/div>\n\t\t\t\t<div class=\"elementor-element elementor-element-2b7c194 elementor-widget elementor-widget-text-editor\" data-id=\"2b7c194\" data-element_type=\"widget\" data-settings=\"{&quot;ekit_we_effect_on&quot;:&quot;none&quot;}\" data-widget_type=\"text-editor.default\">\n\t\t\t\t<div class=\"elementor-widget-container\">\n\t\t\t\t\t\t\t\t\tSpolupracujeme s vl\u00e1dami a neziskov\u00fdmi organiz\u00e1ciami na moderniz\u00e1cii k\u013e\u00fa\u010dovej infra\u0161trukt\u00fary, aby mali komunity pr\u00edstup k z\u00e1kladn\u00fdm slu\u017eb\u00e1m. Partner\u00edme pri v\u00fdstavbe ciest a oprav\u00e1ch mostov na zlep\u0161enie mobility a ekonomick\u00e9ho pr\u00edstupu.\t\t\t\t\t\t\t\t<\/div>\n\t\t\t\t<\/div>\n\t\t\t\t<\/div>\n\t\t\t\t<\/div>\n\t\t<div class=\"elementor-element elementor-element-b50e368 e-con-full e-flex e-con e-child\" data-id=\"b50e368\" data-element_type=\"container\" data-settings=\"{&quot;ekit_has_onepagescroll_dot&quot;:&quot;yes&quot;}\">\n\t\t<div class=\"elementor-element elementor-element-b5ae74a e-con-full e-flex e-con e-child\" data-id=\"b5ae74a\" data-element_type=\"container\" data-settings=\"{&quot;ekit_has_onepagescroll_dot&quot;:&quot;yes&quot;}\">\n\t\t\t\t<div class=\"elementor-element elementor-element-094dca1 elementor-widget elementor-widget-image\" data-id=\"094dca1\" data-element_type=\"widget\" data-settings=\"{&quot;ekit_we_effect_on&quot;:&quot;none&quot;}\" data-widget_type=\"image.default\">\n\t\t\t\t<div class=\"elementor-widget-container\">\n\t\t\t\t\t\t\t\t\t\t\t\t\t\t\t<img decoding=\"async\" width=\"800\" height=\"533\" src=\"https:\/\/landuchem.com\/wp-content\/uploads\/2025\/04\/happy-asian-children-girl-with-wind-turbine-in-the-garden-1024x682.jpg\" class=\"attachment-large size-large wp-image-10294\" alt=\"\u0160\u0165astn\u00e9 \u00e1zijsk\u00e9 diev\u010datko s veternou turb\u00ednou v z\u00e1hrade\" srcset=\"https:\/\/landuchem.com\/wp-content\/uploads\/2025\/04\/happy-asian-children-girl-with-wind-turbine-in-the-garden-1024x682.jpg 1024w, https:\/\/landuchem.com\/wp-content\/uploads\/2025\/04\/happy-asian-children-girl-with-wind-turbine-in-the-garden-300x200.jpg 300w, https:\/\/landuchem.com\/wp-content\/uploads\/2025\/04\/happy-asian-children-girl-with-wind-turbine-in-the-garden-768x512.jpg 768w, https:\/\/landuchem.com\/wp-content\/uploads\/2025\/04\/happy-asian-children-girl-with-wind-turbine-in-the-garden-1536x1024.jpg 1536w, https:\/\/landuchem.com\/wp-content\/uploads\/2025\/04\/happy-asian-children-girl-with-wind-turbine-in-the-garden.jpg 2000w\" sizes=\"(max-width: 800px) 100vw, 800px\" \/>\t\t\t\t\t\t\t\t\t\t\t\t\t\t\t<\/div>\n\t\t\t\t<\/div>\n\t\t\t\t<\/div>\n\t\t<div class=\"elementor-element elementor-element-1442c75 e-con-full e-flex e-con e-child\" data-id=\"1442c75\" data-element_type=\"container\" data-settings=\"{&quot;ekit_has_onepagescroll_dot&quot;:&quot;yes&quot;}\">\n\t\t\t\t<div class=\"elementor-element elementor-element-60bf04f elementor-widget elementor-widget-heading\" data-id=\"60bf04f\" data-element_type=\"widget\" data-settings=\"{&quot;ekit_we_effect_on&quot;:&quot;none&quot;}\" data-widget_type=\"heading.default\">\n\t\t\t\t<div class=\"elementor-widget-container\">\n\t\t\t\t\t<h3 class=\"elementor-heading-title elementor-size-default\">2. Posil\u0148ovanie vzdel\u00e1vania a rozvoja zru\u010dnost\u00ed<\/h3>\t\t\t\t<\/div>\n\t\t\t\t<\/div>\n\t\t\t\t<div class=\"elementor-element elementor-element-16960ac elementor-widget elementor-widget-text-editor\" data-id=\"16960ac\" data-element_type=\"widget\" data-settings=\"{&quot;ekit_we_effect_on&quot;:&quot;none&quot;}\" data-widget_type=\"text-editor.default\">\n\t\t\t\t<div class=\"elementor-widget-container\">\n\t\t\t\t\t\t\t\t\tVzdelanie je z\u00e1kladom soci\u00e1lneho rozvoja. Investujeme do bud\u00facnosti pripraven\u00e9ho vzdel\u00e1vania poskytovan\u00edm finan\u010dnej pomoci a mentorstva \u0161tudentom s vysok\u00fdm potenci\u00e1lom v technick\u00fdch a odborn\u00fdch oblastiach. Partner\u00edme s odborn\u00fdmi in\u0161tit\u00faciami na ponuku certifikovan\u00fdch programov zru\u010dnost\u00ed (napr\u00edklad obnovite\u013en\u00e1 energia, pokro\u010dil\u00e1 v\u00fdroba), ktor\u00e9 s\u00fa v s\u00falade s potrebami priemyslu.\t\t\t\t\t\t\t\t<\/div>\n\t\t\t\t<\/div>\n\t\t\t\t<\/div>\n\t\t\t\t<\/div>\n\t\t\t\t\t<\/div>\n\t\t\t\t<\/div>\n\t\t\t\t<\/div>","protected":false},"excerpt":{"rendered":"<p>Community Engagement and Contribution Our corporate social responsibility (CSR) is a fundamental element of our commitment to and contribution towards a sustainable future. Responsible Manufacturing Operation The first point of fulfilling social responsibility is to fulfill the duties of the enterprise itself well. We strictly abide by the production operation requirements for enterprises stipulated by [&hellip;]<\/p>","protected":false},"author":1,"featured_media":0,"parent":4745,"menu_order":0,"comment_status":"closed","ping_status":"closed","template":"elementor_header_footer","meta":{"footnotes":""},"class_list":["post-10274","page","type-page","status-publish","hentry"],"_links":{"self":[{"href":"https:\/\/landuchem.com\/sk\/wp-json\/wp\/v2\/pages\/10274","targetHints":{"allow":["GET"]}}],"collection":[{"href":"https:\/\/landuchem.com\/sk\/wp-json\/wp\/v2\/pages"}],"about":[{"href":"https:\/\/landuchem.com\/sk\/wp-json\/wp\/v2\/types\/page"}],"author":[{"embeddable":true,"href":"https:\/\/landuchem.com\/sk\/wp-json\/wp\/v2\/users\/1"}],"replies":[{"embeddable":true,"href":"https:\/\/landuchem.com\/sk\/wp-json\/wp\/v2\/comments?post=10274"}],"version-history":[{"count":11,"href":"https:\/\/landuchem.com\/sk\/wp-json\/wp\/v2\/pages\/10274\/revisions"}],"predecessor-version":[{"id":12980,"href":"https:\/\/landuchem.com\/sk\/wp-json\/wp\/v2\/pages\/10274\/revisions\/12980"}],"up":[{"embeddable":true,"href":"https:\/\/landuchem.com\/sk\/wp-json\/wp\/v2\/pages\/4745"}],"wp:attachment":[{"href":"https:\/\/landuchem.com\/sk\/wp-json\/wp\/v2\/media?parent=10274"}],"curies":[{"name":"wp","href":"https:\/\/api.w.org\/{rel}","templated":true}]}}