{"id":8957,"date":"2025-04-27T10:05:06","date_gmt":"2025-04-27T10:05:06","guid":{"rendered":"https:\/\/landuchem.com\/?page_id=8957"},"modified":"2025-08-27T02:13:36","modified_gmt":"2025-08-27T02:13:36","slug":"locuri-de-munca-si-efecte-de-ripple-economice","status":"publish","type":"page","link":"https:\/\/landuchem.com\/ro\/sustenabilitate\/prosperitate-care-stimuleaza-societatea-si-economia\/locuri-de-munca-si-efecte-de-ripple-economice\/","title":{"rendered":"Locuri de munc\u0103 \u0219i efecte economice de ripple"},"content":{"rendered":"<div data-elementor-type=\"wp-page\" data-elementor-id=\"8957\" class=\"elementor elementor-8957\" data-elementor-post-type=\"page\">\n\t\t\t\t<div class=\"elementor-element elementor-element-b8ed35a e-flex e-con-boxed e-con e-parent\" data-id=\"b8ed35a\" data-element_type=\"container\" data-settings=\"{&quot;background_background&quot;:&quot;classic&quot;,&quot;ekit_has_onepagescroll_dot&quot;:&quot;yes&quot;}\">\n\t\t\t\t\t<div class=\"e-con-inner\">\n\t\t\t\t<div class=\"elementor-element elementor-element-a72b32f elementor-widget elementor-widget-heading\" data-id=\"a72b32f\" data-element_type=\"widget\" data-settings=\"{&quot;ekit_we_effect_on&quot;:&quot;none&quot;}\" data-widget_type=\"heading.default\">\n\t\t\t\t<div class=\"elementor-widget-container\">\n\t\t\t\t\t<h1 class=\"elementor-heading-title elementor-size-default\">Locuri de munc\u0103 \u0219i efecte economice de ripple<\/h1>\t\t\t\t<\/div>\n\t\t\t\t<\/div>\n\t\t\t\t\t<\/div>\n\t\t\t\t<\/div>\n\t\t<div class=\"elementor-element elementor-element-fab71a8 e-flex e-con-boxed e-con e-child\" data-id=\"fab71a8\" data-element_type=\"container\" data-settings=\"{&quot;ekit_has_onepagescroll_dot&quot;:&quot;yes&quot;}\">\n\t\t\t\t\t<div class=\"e-con-inner\">\n\t\t<div class=\"elementor-element elementor-element-d2ef574 e-con-full e-flex e-con e-child\" data-id=\"d2ef574\" data-element_type=\"container\" data-settings=\"{&quot;ekit_has_onepagescroll_dot&quot;:&quot;yes&quot;}\">\n\t\t<div class=\"elementor-element elementor-element-43f9e23 e-con-full e-flex e-con e-child\" data-id=\"43f9e23\" data-element_type=\"container\" data-settings=\"{&quot;ekit_has_onepagescroll_dot&quot;:&quot;yes&quot;}\">\n\t\t\t\t<div class=\"elementor-element elementor-element-7efc05d elementor-view-default elementor-widget elementor-widget-icon\" data-id=\"7efc05d\" data-element_type=\"widget\" data-settings=\"{&quot;ekit_we_effect_on&quot;:&quot;none&quot;}\" data-widget_type=\"icon.default\">\n\t\t\t\t<div class=\"elementor-widget-container\">\n\t\t\t\t\t\t\t<div class=\"elementor-icon-wrapper\">\n\t\t\t<div class=\"elementor-icon\">\n\t\t\t<svg xmlns=\"http:\/\/www.w3.org\/2000\/svg\" id=\"_&#x56FE;&#x5C42;_2\" data-name=\"&#x56FE;&#x5C42; 2\" viewbox=\"0 0 111.69 167.53\"><defs><style>      .cls-1 {        fill: #fad8be;      }      .cls-1, .cls-2 {        stroke-width: 0px;      }      .cls-2 {        fill: #f47b25;      }    <\/style><\/defs><g id=\"_&#x56FE;&#x5C42;_1-2\" data-name=\"&#x56FE;&#x5C42; 1\"><g><circle class=\"cls-1\" cx=\"55.84\" cy=\"55.84\" r=\"55.84\"><\/circle><circle class=\"cls-2\" cx=\"55.84\" cy=\"111.69\" r=\"55.84\"><\/circle><\/g><\/g><\/svg>\t\t\t<\/div>\n\t\t<\/div>\n\t\t\t\t\t\t<\/div>\n\t\t\t\t<\/div>\n\t\t<div class=\"elementor-element elementor-element-a3a2d73 e-con-full e-flex e-con e-child\" data-id=\"a3a2d73\" data-element_type=\"container\" data-settings=\"{&quot;ekit_has_onepagescroll_dot&quot;:&quot;yes&quot;}\">\n\t\t\t\t<div class=\"elementor-element elementor-element-0595a9b elementor-widget elementor-widget-heading\" data-id=\"0595a9b\" data-element_type=\"widget\" data-settings=\"{&quot;ekit_we_effect_on&quot;:&quot;none&quot;}\" data-widget_type=\"heading.default\">\n\t\t\t\t<div class=\"elementor-widget-container\">\n\t\t\t\t\t<h2 class=\"elementor-heading-title elementor-size-default\">Programul de Angajare Local\u0103 \u0219i Dezvoltare a Competen\u021belor<\/h2>\t\t\t\t<\/div>\n\t\t\t\t<\/div>\n\t\t\t\t<\/div>\n\t\t\t\t<\/div>\n\t\t\t\t<div class=\"elementor-element elementor-element-fe25c6b elementor-widget__width-initial elementor-widget elementor-widget-text-editor\" data-id=\"fe25c6b\" data-element_type=\"widget\" data-settings=\"{&quot;ekit_we_effect_on&quot;:&quot;none&quot;}\" data-widget_type=\"text-editor.default\">\n\t\t\t\t<div class=\"elementor-widget-container\">\n\t\t\t\t\t\t\t\t\tLANDU are o \u00een\u021belegere profund\u0103 \u0219i preocup\u0103ri legate de societatea modern\u0103 care se confrunt\u0103 cu probleme, inclusiv o for\u021b\u0103 de munc\u0103 \u00een \u00eemb\u0103tr\u00e2nire, cre\u0219tere sc\u0103zut\u0103 a productivit\u0103\u021bii muncii, disparit\u0103\u021bi regionale persistente \u0219i penurie generalizat\u0103 de for\u021b\u0103 de munc\u0103. Am decis s\u0103 lu\u0103m m\u0103suri concrete pentru a face diferen\u021ba \u0219i astfel am implementat Programul de Angajare Local\u0103 \u0219i Dezvoltare a Competen\u021belor.\t\t\t\t\t\t\t\t<\/div>\n\t\t\t\t<\/div>\n\t\t\t\t<div class=\"elementor-element elementor-element-5c8eed4 elementor-widget-divider--view-line elementor-widget elementor-widget-divider\" data-id=\"5c8eed4\" data-element_type=\"widget\" data-settings=\"{&quot;ekit_we_effect_on&quot;:&quot;none&quot;}\" data-widget_type=\"divider.default\">\n\t\t\t\t<div class=\"elementor-widget-container\">\n\t\t\t\t\t\t\t<div class=\"elementor-divider\">\n\t\t\t<span class=\"elementor-divider-separator\">\n\t\t\t\t\t\t<\/span>\n\t\t<\/div>\n\t\t\t\t\t\t<\/div>\n\t\t\t\t<\/div>\n\t\t\t\t<\/div>\n\t\t<div class=\"elementor-element elementor-element-f7d65ca e-con-full e-flex e-con e-child\" data-id=\"f7d65ca\" data-element_type=\"container\" data-settings=\"{&quot;ekit_has_onepagescroll_dot&quot;:&quot;yes&quot;}\">\n\t\t\t\t<div class=\"elementor-element elementor-element-244deb1 elementor-widget elementor-widget-image\" data-id=\"244deb1\" data-element_type=\"widget\" data-settings=\"{&quot;ekit_we_effect_on&quot;:&quot;none&quot;}\" data-widget_type=\"image.default\">\n\t\t\t\t<div class=\"elementor-widget-container\">\n\t\t\t\t\t\t\t\t\t\t\t\t\t\t\t<img fetchpriority=\"high\" decoding=\"async\" width=\"800\" height=\"534\" src=\"https:\/\/landuchem.com\/wp-content\/uploads\/2025\/04\/lgbt-community-in-society-1024x684.jpg\" class=\"attachment-large size-large wp-image-10140\" alt=\"Comunitatea LGBT+ \u00een societate\" srcset=\"https:\/\/landuchem.com\/wp-content\/uploads\/2025\/04\/lgbt-community-in-society-1024x684.jpg 1024w, https:\/\/landuchem.com\/wp-content\/uploads\/2025\/04\/lgbt-community-in-society-300x200.jpg 300w, https:\/\/landuchem.com\/wp-content\/uploads\/2025\/04\/lgbt-community-in-society-768x513.jpg 768w, https:\/\/landuchem.com\/wp-content\/uploads\/2025\/04\/lgbt-community-in-society-1536x1026.jpg 1536w, https:\/\/landuchem.com\/wp-content\/uploads\/2025\/04\/lgbt-community-in-society.jpg 2000w\" sizes=\"(max-width: 800px) 100vw, 800px\" \/>\t\t\t\t\t\t\t\t\t\t\t\t\t\t\t<\/div>\n\t\t\t\t<\/div>\n\t\t\t\t<\/div>\n\t\t\t\t\t<\/div>\n\t\t\t\t<\/div>\n\t\t<div class=\"elementor-element elementor-element-163bac2 e-flex e-con-boxed e-con e-parent\" data-id=\"163bac2\" data-element_type=\"container\" data-settings=\"{&quot;background_background&quot;:&quot;classic&quot;,&quot;ekit_has_onepagescroll_dot&quot;:&quot;yes&quot;}\">\n\t\t\t\t\t<div class=\"e-con-inner\">\n\t\t<div class=\"elementor-element elementor-element-545c506 e-con-full e-flex e-con e-child\" data-id=\"545c506\" data-element_type=\"container\" data-settings=\"{&quot;ekit_has_onepagescroll_dot&quot;:&quot;yes&quot;}\">\n\t\t\t\t<div class=\"elementor-element elementor-element-b7acf18 elementor-widget elementor-widget-image\" data-id=\"b7acf18\" data-element_type=\"widget\" data-settings=\"{&quot;ekit_we_effect_on&quot;:&quot;none&quot;}\" data-widget_type=\"image.default\">\n\t\t\t\t<div class=\"elementor-widget-container\">\n\t\t\t\t\t\t\t\t\t\t\t\t\t\t\t<img decoding=\"async\" width=\"800\" height=\"533\" src=\"https:\/\/landuchem.com\/wp-content\/uploads\/2025\/04\/digital-illustration-of-the-network-and-data-concept-in-the-hands-in-3d-1024x682.jpg\" class=\"attachment-large size-large wp-image-10139\" alt=\"Ilustra\u021bie digital\u0103 a conceptului de re\u021bea \u0219i date \u00een m\u00e2ini \u00een 3D\" srcset=\"https:\/\/landuchem.com\/wp-content\/uploads\/2025\/04\/digital-illustration-of-the-network-and-data-concept-in-the-hands-in-3d-1024x682.jpg 1024w, https:\/\/landuchem.com\/wp-content\/uploads\/2025\/04\/digital-illustration-of-the-network-and-data-concept-in-the-hands-in-3d-300x200.jpg 300w, https:\/\/landuchem.com\/wp-content\/uploads\/2025\/04\/digital-illustration-of-the-network-and-data-concept-in-the-hands-in-3d-768x512.jpg 768w, https:\/\/landuchem.com\/wp-content\/uploads\/2025\/04\/digital-illustration-of-the-network-and-data-concept-in-the-hands-in-3d-1536x1024.jpg 1536w, https:\/\/landuchem.com\/wp-content\/uploads\/2025\/04\/digital-illustration-of-the-network-and-data-concept-in-the-hands-in-3d.jpg 2000w\" sizes=\"(max-width: 800px) 100vw, 800px\" \/>\t\t\t\t\t\t\t\t\t\t\t\t\t\t\t<\/div>\n\t\t\t\t<\/div>\n\t\t\t\t<\/div>\n\t\t<div class=\"elementor-element elementor-element-4722480 e-con-full e-flex e-con e-child\" data-id=\"4722480\" data-element_type=\"container\" data-settings=\"{&quot;ekit_has_onepagescroll_dot&quot;:&quot;yes&quot;}\">\n\t\t\t\t<div class=\"elementor-element elementor-element-901a9e8 elementor-widget elementor-widget-text-editor\" data-id=\"901a9e8\" data-element_type=\"widget\" data-settings=\"{&quot;ekit_we_effect_on&quot;:&quot;none&quot;}\" data-widget_type=\"text-editor.default\">\n\t\t\t\t<div class=\"elementor-widget-container\">\n\t\t\t\t\t\t\t\t\t<p>LANDU crede c\u0103 angajarea local\u0103 este o modalitate eficient\u0103 de a promova modernizarea industrial\u0103, care atrage talente de \u00eenalt\u0103 calitate \u00een domeniul manufacturii s\u0103 se stabileasc\u0103. \u00cen mod specific, LANDU, \u00eempreun\u0103 cu partenerii no\u0219tri de \u00eencredere, a atras 12 companii upstream \u0219i downstream \u00een trei ani prin planuri de formare \u021bintite.<\/p>\t\t\t\t\t\t\t\t<\/div>\n\t\t\t\t<\/div>\n\t\t\t\t<div class=\"elementor-element elementor-element-44f82b4 elementor-widget-divider--view-line elementor-widget elementor-widget-divider\" data-id=\"44f82b4\" data-element_type=\"widget\" data-settings=\"{&quot;ekit_we_effect_on&quot;:&quot;none&quot;}\" data-widget_type=\"divider.default\">\n\t\t\t\t<div class=\"elementor-widget-container\">\n\t\t\t\t\t\t\t<div class=\"elementor-divider\">\n\t\t\t<span class=\"elementor-divider-separator\">\n\t\t\t\t\t\t<\/span>\n\t\t<\/div>\n\t\t\t\t\t\t<\/div>\n\t\t\t\t<\/div>\n\t\t\t\t<div class=\"elementor-element elementor-element-b472c50 elementor-widget elementor-widget-text-editor\" data-id=\"b472c50\" data-element_type=\"widget\" data-settings=\"{&quot;ekit_we_effect_on&quot;:&quot;none&quot;}\" data-widget_type=\"text-editor.default\">\n\t\t\t\t<div class=\"elementor-widget-container\">\n\t\t\t\t\t\t\t\t\tSus\u021binem c\u0103 dezvoltarea competen\u021belor este esen\u021bial\u0103 pentru a aborda oportunit\u0103\u021bile \u0219i provoc\u0103rile pentru a r\u0103spunde noilor cerin\u021be ale economiilor \u00een schimbare \u0219i tehnologiilor noi \u00een contextul globaliz\u0103rii. Principiile \u0219i valorile muncii decente ghideaz\u0103 proiectarea \u0219i livrarea dezvolt\u0103rii competen\u021belor \u0219i reprezint\u0103 o modalitate eficient\u0103 de a gestiona tranzi\u021biile social justificate. \t\t\t\t\t\t\t\t<\/div>\n\t\t\t\t<\/div>\n\t\t\t\t<\/div>\n\t\t\t\t\t<\/div>\n\t\t\t\t<\/div>\n\t\t\t\t<\/div>","protected":false},"excerpt":{"rendered":"<p>Jobs and Economic Ripple Effects Local Employment and Skill Development Program LANDU has a deep understanding and concerns about modern society facing problems, including an aging workforce, low labor productivity growth, persistent regional disparities, and pervasive labor shortage. We decided to take concrete actions to make a difference, and thus implemented the Local Employment and [&hellip;]<\/p>","protected":false},"author":1,"featured_media":0,"parent":10136,"menu_order":0,"comment_status":"closed","ping_status":"closed","template":"elementor_header_footer","meta":{"footnotes":""},"class_list":["post-8957","page","type-page","status-publish","hentry"],"_links":{"self":[{"href":"https:\/\/landuchem.com\/ro\/wp-json\/wp\/v2\/pages\/8957","targetHints":{"allow":["GET"]}}],"collection":[{"href":"https:\/\/landuchem.com\/ro\/wp-json\/wp\/v2\/pages"}],"about":[{"href":"https:\/\/landuchem.com\/ro\/wp-json\/wp\/v2\/types\/page"}],"author":[{"embeddable":true,"href":"https:\/\/landuchem.com\/ro\/wp-json\/wp\/v2\/users\/1"}],"replies":[{"embeddable":true,"href":"https:\/\/landuchem.com\/ro\/wp-json\/wp\/v2\/comments?post=8957"}],"version-history":[{"count":20,"href":"https:\/\/landuchem.com\/ro\/wp-json\/wp\/v2\/pages\/8957\/revisions"}],"predecessor-version":[{"id":13007,"href":"https:\/\/landuchem.com\/ro\/wp-json\/wp\/v2\/pages\/8957\/revisions\/13007"}],"up":[{"embeddable":true,"href":"https:\/\/landuchem.com\/ro\/wp-json\/wp\/v2\/pages\/10136"}],"wp:attachment":[{"href":"https:\/\/landuchem.com\/ro\/wp-json\/wp\/v2\/media?parent=8957"}],"curies":[{"name":"wp","href":"https:\/\/api.w.org\/{rel}","templated":true}]}}