{"id":5261,"date":"2025-04-22T10:20:08","date_gmt":"2025-04-22T10:20:08","guid":{"rendered":"https:\/\/landuchem.com\/?page_id=5261"},"modified":"2025-08-27T02:50:36","modified_gmt":"2025-08-27T02:50:36","slug":"produse-cu-amprente-de-mediu-dovedit-scazute","status":"publish","type":"page","link":"https:\/\/landuchem.com\/ro\/sustenabilitate\/planeta-noastra-angajamentul-nostru-pentru-un-mod-de-viata-durabil\/produse-cu-amprente-de-mediu-dovedit-scazute\/","title":{"rendered":"Produse cu amprente ecologice dovedite sc\u0103zute"},"content":{"rendered":"<div data-elementor-type=\"wp-page\" data-elementor-id=\"5261\" class=\"elementor elementor-5261\" data-elementor-post-type=\"page\">\n\t\t\t\t<div class=\"elementor-element elementor-element-4f03674 e-flex e-con-boxed e-con e-parent\" data-id=\"4f03674\" data-element_type=\"container\" data-settings=\"{&quot;background_background&quot;:&quot;classic&quot;,&quot;ekit_has_onepagescroll_dot&quot;:&quot;yes&quot;}\">\n\t\t\t\t\t<div class=\"e-con-inner\">\n\t\t\t\t\t<\/div>\n\t\t\t\t<\/div>\n\t\t<div class=\"elementor-element elementor-element-81264fc e-flex e-con-boxed e-con e-parent\" data-id=\"81264fc\" data-element_type=\"container\" data-settings=\"{&quot;background_background&quot;:&quot;classic&quot;,&quot;ekit_has_onepagescroll_dot&quot;:&quot;yes&quot;}\">\n\t\t\t\t\t<div class=\"e-con-inner\">\n\t\t\t\t<div class=\"elementor-element elementor-element-0977cad elementor-widget elementor-widget-heading\" data-id=\"0977cad\" data-element_type=\"widget\" data-settings=\"{&quot;ekit_we_effect_on&quot;:&quot;none&quot;}\" data-widget_type=\"heading.default\">\n\t\t\t\t<div class=\"elementor-widget-container\">\n\t\t\t\t\t<h2 class=\"elementor-heading-title elementor-size-default\">Aditivi ecologici cu impact minim asupra mediului<\/h2>\t\t\t\t<\/div>\n\t\t\t\t<\/div>\n\t\t\t\t<div class=\"elementor-element elementor-element-247cd03 elementor-widget__width-initial elementor-widget-mobile__width-initial elementor-widget elementor-widget-text-editor\" data-id=\"247cd03\" data-element_type=\"widget\" data-settings=\"{&quot;ekit_we_effect_on&quot;:&quot;none&quot;}\" data-widget_type=\"text-editor.default\">\n\t\t\t\t<div class=\"elementor-widget-container\">\n\t\t\t\t\t\t\t\t\t\u00centr-o er\u0103 \u00een care con\u0219tientizarea mediului este \u00een prim-planul discu\u021biei industriale, sectorul fabric\u0103rii de aditivi chimici se confrunt\u0103 cu o supraveghere tot mai strict\u0103. Aditivii ecologici LANDU NOVASTAR sunt o stea \u00een ascensiune datorit\u0103 naturii lor biodegradabile, f\u0103r\u0103 a contribui la poluare, oferind o raz\u0103 de speran\u021b\u0103 pentru un impact minim asupra mediului.\t\t\t\t\t\t\t\t<\/div>\n\t\t\t\t<\/div>\n\t\t\t\t\t<\/div>\n\t\t\t\t<\/div>\n\t\t<div class=\"elementor-element elementor-element-d73a14d e-flex e-con-boxed e-con e-child\" data-id=\"d73a14d\" data-element_type=\"container\" data-settings=\"{&quot;ekit_has_onepagescroll_dot&quot;:&quot;yes&quot;}\">\n\t\t\t\t\t<div class=\"e-con-inner\">\n\t\t\t\t<div class=\"elementor-element elementor-element-4cedc72 elementor-view-default elementor-widget elementor-widget-icon\" data-id=\"4cedc72\" data-element_type=\"widget\" data-settings=\"{&quot;ekit_we_effect_on&quot;:&quot;none&quot;}\" data-widget_type=\"icon.default\">\n\t\t\t\t<div class=\"elementor-widget-container\">\n\t\t\t\t\t\t\t<div class=\"elementor-icon-wrapper\">\n\t\t\t<div class=\"elementor-icon\">\n\t\t\t<svg xmlns=\"http:\/\/www.w3.org\/2000\/svg\" id=\"_&#x56FE;&#x5C42;_2\" data-name=\"&#x56FE;&#x5C42; 2\" viewbox=\"0 0 111.69 167.53\"><defs><style>      .cls-1 {        fill: #fad8be;      }      .cls-1, .cls-2 {        stroke-width: 0px;      }      .cls-2 {        fill: #f47b25;      }    <\/style><\/defs><g id=\"_&#x56FE;&#x5C42;_1-2\" data-name=\"&#x56FE;&#x5C42; 1\"><g><circle class=\"cls-1\" cx=\"55.84\" cy=\"55.84\" r=\"55.84\"><\/circle><circle class=\"cls-2\" cx=\"55.84\" cy=\"111.69\" r=\"55.84\"><\/circle><\/g><\/g><\/svg>\t\t\t<\/div>\n\t\t<\/div>\n\t\t\t\t\t\t<\/div>\n\t\t\t\t<\/div>\n\t\t<div class=\"elementor-element elementor-element-7d8835c e-con-full e-flex e-con e-child\" data-id=\"7d8835c\" data-element_type=\"container\" data-settings=\"{&quot;ekit_has_onepagescroll_dot&quot;:&quot;yes&quot;}\">\n\t\t\t\t<div class=\"elementor-element elementor-element-6682c51 elementor-widget elementor-widget-heading\" data-id=\"6682c51\" data-element_type=\"widget\" data-settings=\"{&quot;ekit_we_effect_on&quot;:&quot;none&quot;}\" data-widget_type=\"heading.default\">\n\t\t\t\t<div class=\"elementor-widget-container\">\n\t\t\t\t\t<h2 class=\"elementor-heading-title elementor-size-default\">Dedicarea LANDU NOVASTAR pentru chimia verde<\/h2>\t\t\t\t<\/div>\n\t\t\t\t<\/div>\n\t\t\t\t<\/div>\n\t\t\t\t\t<\/div>\n\t\t\t\t<\/div>\n\t\t<div class=\"elementor-element elementor-element-831378a e-flex e-con-boxed e-con e-parent\" data-id=\"831378a\" data-element_type=\"container\" data-settings=\"{&quot;ekit_has_onepagescroll_dot&quot;:&quot;yes&quot;}\">\n\t\t\t\t\t<div class=\"e-con-inner\">\n\t\t<div class=\"elementor-element elementor-element-ade1c49 e-con-full e-flex e-con e-child\" data-id=\"ade1c49\" data-element_type=\"container\" data-settings=\"{&quot;ekit_has_onepagescroll_dot&quot;:&quot;yes&quot;}\">\n\t\t\t\t<div class=\"elementor-element elementor-element-79a58a6 elementor-widget elementor-widget-image\" data-id=\"79a58a6\" data-element_type=\"widget\" data-settings=\"{&quot;ekit_we_effect_on&quot;:&quot;none&quot;}\" data-widget_type=\"image.default\">\n\t\t\t\t<div class=\"elementor-widget-container\">\n\t\t\t\t\t\t\t\t\t\t\t\t\t\t\t<img fetchpriority=\"high\" decoding=\"async\" width=\"800\" height=\"533\" src=\"https:\/\/landuchem.com\/wp-content\/uploads\/2025\/04\/construction-worker-pouring-a-wet-concret-1024x682.jpg\" class=\"attachment-large size-large wp-image-5331\" alt=\"Lucr\u0103tor \u00een construc\u021bii turn\u00e2nd beton umed\" srcset=\"https:\/\/landuchem.com\/wp-content\/uploads\/2025\/04\/construction-worker-pouring-a-wet-concret-1024x682.jpg 1024w, https:\/\/landuchem.com\/wp-content\/uploads\/2025\/04\/construction-worker-pouring-a-wet-concret-300x200.jpg 300w, https:\/\/landuchem.com\/wp-content\/uploads\/2025\/04\/construction-worker-pouring-a-wet-concret-768x512.jpg 768w, https:\/\/landuchem.com\/wp-content\/uploads\/2025\/04\/construction-worker-pouring-a-wet-concret-1536x1024.jpg 1536w, https:\/\/landuchem.com\/wp-content\/uploads\/2025\/04\/construction-worker-pouring-a-wet-concret.jpg 2000w\" sizes=\"(max-width: 800px) 100vw, 800px\" \/>\t\t\t\t\t\t\t\t\t\t\t\t\t\t\t<\/div>\n\t\t\t\t<\/div>\n\t\t\t\t<\/div>\n\t\t<div class=\"elementor-element elementor-element-60e0c4c e-con-full e-flex e-con e-child\" data-id=\"60e0c4c\" data-element_type=\"container\" data-settings=\"{&quot;ekit_has_onepagescroll_dot&quot;:&quot;yes&quot;}\">\n\t\t\t\t<div class=\"elementor-element elementor-element-476d542 elementor-widget elementor-widget-heading\" data-id=\"476d542\" data-element_type=\"widget\" data-settings=\"{&quot;ekit_we_effect_on&quot;:&quot;none&quot;}\" data-widget_type=\"heading.default\">\n\t\t\t\t<div class=\"elementor-widget-container\">\n\t\t\t\t\t<h3 class=\"elementor-heading-title elementor-size-default\">Aditivii regenerabili NOVASTAR reduc emisiile de carbon<\/h3>\t\t\t\t<\/div>\n\t\t\t\t<\/div>\n\t\t\t\t<div class=\"elementor-element elementor-element-88b352d elementor-widget elementor-widget-text-editor\" data-id=\"88b352d\" data-element_type=\"widget\" data-settings=\"{&quot;ekit_we_effect_on&quot;:&quot;none&quot;}\" data-widget_type=\"text-editor.default\">\n\t\t\t\t<div class=\"elementor-widget-container\">\n\t\t\t\t\t\t\t\t\t<p>Produc\u021bia de aditivi NOVASTAR valorific\u0103 puterea resurselor regenerabile \u00een loc de materiale pe baz\u0103 de petrol, oferind un poten\u021bial mare de reducere a emisiilor de carbon. De exemplu, ale noastre <em><strong>Superplastifian\u021bi policarboxilati f\u0103r\u0103 formaldehid\u0103<\/strong><\/em> sunt proiecta\u021bi pentru a optimiza performan\u021ba betonului, minimiz\u00e2nd utilizarea de ap\u0103 \u0219i sporind durabilitatea. Acest lucru duce la reducerea consumului de energie \u0219i a emisiilor de gaze cu efect de ser\u0103 \u00een timpul produc\u021biei \u0219i aplic\u0103rii.<\/p>\t\t\t\t\t\t\t\t<\/div>\n\t\t\t\t<\/div>\n\t\t\t\t<\/div>\n\t\t\t\t\t<\/div>\n\t\t\t\t<\/div>\n\t\t<div class=\"elementor-element elementor-element-b257c80 e-flex e-con-boxed e-con e-parent\" data-id=\"b257c80\" data-element_type=\"container\" data-settings=\"{&quot;ekit_has_onepagescroll_dot&quot;:&quot;yes&quot;}\">\n\t\t\t\t\t<div class=\"e-con-inner\">\n\t\t<div class=\"elementor-element elementor-element-41eaf3d e-con-full e-flex e-con e-child\" data-id=\"41eaf3d\" data-element_type=\"container\" data-settings=\"{&quot;ekit_has_onepagescroll_dot&quot;:&quot;yes&quot;}\">\n\t\t\t\t<div class=\"elementor-element elementor-element-7728410 elementor-widget elementor-widget-image\" data-id=\"7728410\" data-element_type=\"widget\" data-settings=\"{&quot;ekit_we_effect_on&quot;:&quot;none&quot;}\" data-widget_type=\"image.default\">\n\t\t\t\t<div class=\"elementor-widget-container\">\n\t\t\t\t\t\t\t\t\t\t\t\t\t\t\t<img decoding=\"async\" width=\"800\" height=\"450\" src=\"https:\/\/landuchem.com\/wp-content\/uploads\/2025\/04\/Sustainable-development-1024x576.jpg\" class=\"attachment-large size-large wp-image-5334\" alt=\"Dezvoltare durabil\u0103\" srcset=\"https:\/\/landuchem.com\/wp-content\/uploads\/2025\/04\/Sustainable-development-1024x576.jpg 1024w, https:\/\/landuchem.com\/wp-content\/uploads\/2025\/04\/Sustainable-development-300x169.jpg 300w, https:\/\/landuchem.com\/wp-content\/uploads\/2025\/04\/Sustainable-development-768x432.jpg 768w, https:\/\/landuchem.com\/wp-content\/uploads\/2025\/04\/Sustainable-development-1536x864.jpg 1536w, https:\/\/landuchem.com\/wp-content\/uploads\/2025\/04\/Sustainable-development.jpg 1920w\" sizes=\"(max-width: 800px) 100vw, 800px\" \/>\t\t\t\t\t\t\t\t\t\t\t\t\t\t\t<\/div>\n\t\t\t\t<\/div>\n\t\t\t\t<\/div>\n\t\t<div class=\"elementor-element elementor-element-dfb0fbd e-con-full e-flex e-con e-child\" data-id=\"dfb0fbd\" data-element_type=\"container\" data-settings=\"{&quot;ekit_has_onepagescroll_dot&quot;:&quot;yes&quot;}\">\n\t\t\t\t<div class=\"elementor-element elementor-element-ff0208a elementor-widget elementor-widget-heading\" data-id=\"ff0208a\" data-element_type=\"widget\" data-settings=\"{&quot;ekit_we_effect_on&quot;:&quot;none&quot;}\" data-widget_type=\"heading.default\">\n\t\t\t\t<div class=\"elementor-widget-container\">\n\t\t\t\t\t<h3 class=\"elementor-heading-title elementor-size-default\">De la Obiective Net-Zero la Zero De\u0219euri<\/h3>\t\t\t\t<\/div>\n\t\t\t\t<\/div>\n\t\t\t\t<div class=\"elementor-element elementor-element-7473d0a elementor-widget elementor-widget-text-editor\" data-id=\"7473d0a\" data-element_type=\"widget\" data-settings=\"{&quot;ekit_we_effect_on&quot;:&quot;none&quot;}\" data-widget_type=\"text-editor.default\">\n\t\t\t\t<div class=\"elementor-widget-container\">\n\t\t\t\t\t\t\t\t\t<p>Ne propunem ca lan\u021bul nostru de aprovizionare s\u0103 stabileasc\u0103 obiective de reducere a emisiilor \u0219i de net-zero. Fabricile LANDU au introdus <em><strong>Tratament MVR<\/strong><\/em> pentru emisii zero de de\u0219euri \u0219i conformitate cu ISO 14000. Aceast\u0103 facilitate avansat\u0103 realizeaz\u0103 economii de energie de p\u00e2n\u0103 la 50% p\u00e2n\u0103 la 80% comparativ cu metodele tradi\u021bionale de evaporare, minimiz\u00e2nd de\u0219eurile \u0219i emisiile \u0219i demonstr\u00e2nd sprijinul LANDU pentru obiectivele de deversare zero a lichidelor \u00een tratarea apei.<\/p>\t\t\t\t\t\t\t\t<\/div>\n\t\t\t\t<\/div>\n\t\t\t\t<\/div>\n\t\t\t\t\t<\/div>\n\t\t\t\t<\/div>\n\t\t<div class=\"elementor-element elementor-element-1ab39d1 e-flex e-con-boxed e-con e-parent\" data-id=\"1ab39d1\" data-element_type=\"container\" data-settings=\"{&quot;ekit_has_onepagescroll_dot&quot;:&quot;yes&quot;}\">\n\t\t\t\t\t<div class=\"e-con-inner\">\n\t\t<div class=\"elementor-element elementor-element-5463735 e-con-full e-flex e-con e-child\" data-id=\"5463735\" data-element_type=\"container\" data-settings=\"{&quot;ekit_has_onepagescroll_dot&quot;:&quot;yes&quot;}\">\n\t\t\t\t<div class=\"elementor-element elementor-element-197bfca elementor-widget elementor-widget-image\" data-id=\"197bfca\" data-element_type=\"widget\" data-settings=\"{&quot;ekit_we_effect_on&quot;:&quot;none&quot;}\" data-widget_type=\"image.default\">\n\t\t\t\t<div class=\"elementor-widget-container\">\n\t\t\t\t\t\t\t\t\t\t\t\t\t\t\t<img decoding=\"async\" width=\"800\" height=\"533\" src=\"https:\/\/landuchem.com\/wp-content\/uploads\/2025\/04\/environmental-concept-crystal-earth-on-forest-moss-with-fern-and-sunlight-environment-1024x682.jpg\" class=\"attachment-large size-large wp-image-5335\" alt=\"Concept de mediu - P\u0103m\u00e2nt de cristal pe mu\u0219chi de p\u0103dure cu ferigi \u0219i raze de soare - mediu\" srcset=\"https:\/\/landuchem.com\/wp-content\/uploads\/2025\/04\/environmental-concept-crystal-earth-on-forest-moss-with-fern-and-sunlight-environment-1024x682.jpg 1024w, https:\/\/landuchem.com\/wp-content\/uploads\/2025\/04\/environmental-concept-crystal-earth-on-forest-moss-with-fern-and-sunlight-environment-300x200.jpg 300w, https:\/\/landuchem.com\/wp-content\/uploads\/2025\/04\/environmental-concept-crystal-earth-on-forest-moss-with-fern-and-sunlight-environment-768x511.jpg 768w, https:\/\/landuchem.com\/wp-content\/uploads\/2025\/04\/environmental-concept-crystal-earth-on-forest-moss-with-fern-and-sunlight-environment-1536x1023.jpg 1536w, https:\/\/landuchem.com\/wp-content\/uploads\/2025\/04\/environmental-concept-crystal-earth-on-forest-moss-with-fern-and-sunlight-environment.jpg 2000w\" sizes=\"(max-width: 800px) 100vw, 800px\" \/>\t\t\t\t\t\t\t\t\t\t\t\t\t\t\t<\/div>\n\t\t\t\t<\/div>\n\t\t\t\t<\/div>\n\t\t<div class=\"elementor-element elementor-element-09f8348 e-con-full e-flex e-con e-child\" data-id=\"09f8348\" data-element_type=\"container\" data-settings=\"{&quot;ekit_has_onepagescroll_dot&quot;:&quot;yes&quot;}\">\n\t\t\t\t<div class=\"elementor-element elementor-element-f806b7d elementor-widget elementor-widget-heading\" data-id=\"f806b7d\" data-element_type=\"widget\" data-settings=\"{&quot;ekit_we_effect_on&quot;:&quot;none&quot;}\" data-widget_type=\"heading.default\">\n\t\t\t\t<div class=\"elementor-widget-container\">\n\t\t\t\t\t<h3 class=\"elementor-heading-title elementor-size-default\">Cunoa\u0219tere comun\u0103, responsabilitate comun\u0103<\/h3>\t\t\t\t<\/div>\n\t\t\t\t<\/div>\n\t\t\t\t<div class=\"elementor-element elementor-element-5677614 elementor-widget elementor-widget-text-editor\" data-id=\"5677614\" data-element_type=\"widget\" data-settings=\"{&quot;ekit_we_effect_on&quot;:&quot;none&quot;}\" data-widget_type=\"text-editor.default\">\n\t\t\t\t<div class=\"elementor-widget-container\">\n\t\t\t\t\t\t\t\t\t  Aliniindu-se cu obiectivele noastre globale de durabilitate, LANDU recunoa\u0219te rolul critic pe care \u00eel joac\u0103 furnizorii \u00een amprenta lor de mediu general\u0103. De aceea, \u00eei ajut\u0103m activ s\u0103 implementeze strategii \u0219i tehnologii eficiente pentru reducerea emisiilor de gaze cu efect de ser\u0103. Nu facem economie de eforturi pentru a \u00eemp\u0103rt\u0103\u0219i cuno\u0219tin\u021bele noastre \u0219i accesul la instrumente inovatoare, stabilind o re\u021bea care lupt\u0103 \u00eempreun\u0103 pentru net-zero \u0219i un viitor mai verde.\t\t\t\t\t\t\t\t<\/div>\n\t\t\t\t<\/div>\n\t\t\t\t<\/div>\n\t\t\t\t\t<\/div>\n\t\t\t\t<\/div>\n\t\t\t\t<\/div>","protected":false},"excerpt":{"rendered":"<p>Eco-Friendly Additives with Minimal Environmental Impact In an era where environmental consciousness is at the forefront of industry discussion, the chemical additive manufacturing sector faces growing scrutiny. LANDU NOVASTAR eco-friendly additives are a rising star due to their biodegradable nature without contributing to pollution, offering a glimmer of hope for minimal environmental impact. LANDU NOVASTAR&#8217;s [&hellip;]<\/p>","protected":false},"author":1,"featured_media":0,"parent":4553,"menu_order":0,"comment_status":"closed","ping_status":"closed","template":"elementor_header_footer","meta":{"footnotes":""},"class_list":["post-5261","page","type-page","status-publish","hentry"],"_links":{"self":[{"href":"https:\/\/landuchem.com\/ro\/wp-json\/wp\/v2\/pages\/5261","targetHints":{"allow":["GET"]}}],"collection":[{"href":"https:\/\/landuchem.com\/ro\/wp-json\/wp\/v2\/pages"}],"about":[{"href":"https:\/\/landuchem.com\/ro\/wp-json\/wp\/v2\/types\/page"}],"author":[{"embeddable":true,"href":"https:\/\/landuchem.com\/ro\/wp-json\/wp\/v2\/users\/1"}],"replies":[{"embeddable":true,"href":"https:\/\/landuchem.com\/ro\/wp-json\/wp\/v2\/comments?post=5261"}],"version-history":[{"count":22,"href":"https:\/\/landuchem.com\/ro\/wp-json\/wp\/v2\/pages\/5261\/revisions"}],"predecessor-version":[{"id":13051,"href":"https:\/\/landuchem.com\/ro\/wp-json\/wp\/v2\/pages\/5261\/revisions\/13051"}],"up":[{"embeddable":true,"href":"https:\/\/landuchem.com\/ro\/wp-json\/wp\/v2\/pages\/4553"}],"wp:attachment":[{"href":"https:\/\/landuchem.com\/ro\/wp-json\/wp\/v2\/media?parent=5261"}],"curies":[{"name":"wp","href":"https:\/\/api.w.org\/{rel}","templated":true}]}}