{"id":3647,"date":"2025-04-19T05:10:03","date_gmt":"2025-04-19T05:10:03","guid":{"rendered":"https:\/\/landuchem.com\/?page_id=3647"},"modified":"2025-08-27T03:35:44","modified_gmt":"2025-08-27T03:35:44","slug":"serviciu-post-vanzare","status":"publish","type":"page","link":"https:\/\/landuchem.com\/ro\/despre-nova-star\/serviciu\/serviciu-post-vanzare\/","title":{"rendered":"Serviciu post-v\u00e2nzare"},"content":{"rendered":"<div data-elementor-type=\"wp-page\" data-elementor-id=\"3647\" class=\"elementor elementor-3647\" data-elementor-post-type=\"page\">\n\t\t\t\t<div class=\"elementor-element elementor-element-83034f9 e-flex e-con-boxed e-con e-parent\" data-id=\"83034f9\" data-element_type=\"container\" data-settings=\"{&quot;background_background&quot;:&quot;classic&quot;,&quot;ekit_has_onepagescroll_dot&quot;:&quot;yes&quot;}\">\n\t\t\t\t\t<div class=\"e-con-inner\">\n\t\t\t\t\t<\/div>\n\t\t\t\t<\/div>\n\t\t<div class=\"elementor-element elementor-element-bf115eb e-flex e-con-boxed e-con e-parent\" data-id=\"bf115eb\" data-element_type=\"container\" data-settings=\"{&quot;ekit_has_onepagescroll_dot&quot;:&quot;yes&quot;}\">\n\t\t\t\t\t<div class=\"e-con-inner\">\n\t\t<div class=\"elementor-element elementor-element-cc36c5d e-con-full e-flex e-con e-child\" data-id=\"cc36c5d\" data-element_type=\"container\" data-settings=\"{&quot;ekit_has_onepagescroll_dot&quot;:&quot;yes&quot;}\">\n\t\t\t\t<div class=\"elementor-element elementor-element-5a9b389 elementor-widget elementor-widget-image\" data-id=\"5a9b389\" data-element_type=\"widget\" data-settings=\"{&quot;ekit_we_effect_on&quot;:&quot;none&quot;}\" data-widget_type=\"image.default\">\n\t\t\t\t<div class=\"elementor-widget-container\">\n\t\t\t\t\t\t\t\t\t\t\t\t\t\t\t<img fetchpriority=\"high\" decoding=\"async\" width=\"800\" height=\"533\" src=\"https:\/\/landuchem.com\/wp-content\/uploads\/2025\/04\/NOVASTAR-Laboratory-personnel-1024x682.jpg\" class=\"attachment-large size-large wp-image-6810\" alt=\"PERSONAL LABORATOR NOVASTAR\" srcset=\"https:\/\/landuchem.com\/wp-content\/uploads\/2025\/04\/NOVASTAR-Laboratory-personnel-1024x682.jpg 1024w, https:\/\/landuchem.com\/wp-content\/uploads\/2025\/04\/NOVASTAR-Laboratory-personnel-300x200.jpg 300w, https:\/\/landuchem.com\/wp-content\/uploads\/2025\/04\/NOVASTAR-Laboratory-personnel-768x512.jpg 768w, https:\/\/landuchem.com\/wp-content\/uploads\/2025\/04\/NOVASTAR-Laboratory-personnel.jpg 1400w\" sizes=\"(max-width: 800px) 100vw, 800px\" \/>\t\t\t\t\t\t\t\t\t\t\t\t\t\t\t<\/div>\n\t\t\t\t<\/div>\n\t\t\t\t<\/div>\n\t\t<div class=\"elementor-element elementor-element-9aa9c5a e-con-full e-flex e-con e-child\" data-id=\"9aa9c5a\" data-element_type=\"container\" data-settings=\"{&quot;ekit_has_onepagescroll_dot&quot;:&quot;yes&quot;}\">\n\t\t<div class=\"elementor-element elementor-element-2492f90 e-con-full e-flex e-con e-child\" data-id=\"2492f90\" data-element_type=\"container\" data-settings=\"{&quot;ekit_has_onepagescroll_dot&quot;:&quot;yes&quot;}\">\n\t\t\t\t<div class=\"elementor-element elementor-element-cbace70 elementor-view-default elementor-widget elementor-widget-icon\" data-id=\"cbace70\" data-element_type=\"widget\" data-settings=\"{&quot;ekit_we_effect_on&quot;:&quot;none&quot;}\" data-widget_type=\"icon.default\">\n\t\t\t\t<div class=\"elementor-widget-container\">\n\t\t\t\t\t\t\t<div class=\"elementor-icon-wrapper\">\n\t\t\t<div class=\"elementor-icon\">\n\t\t\t<svg xmlns=\"http:\/\/www.w3.org\/2000\/svg\" id=\"_&#x56FE;&#x5C42;_2\" data-name=\"&#x56FE;&#x5C42; 2\" viewbox=\"0 0 111.69 167.53\"><defs><style>      .cls-1 {        fill: #fad8be;      }      .cls-1, .cls-2 {        stroke-width: 0px;      }      .cls-2 {        fill: #f47b25;      }    <\/style><\/defs><g id=\"_&#x56FE;&#x5C42;_1-2\" data-name=\"&#x56FE;&#x5C42; 1\"><g><circle class=\"cls-1\" cx=\"55.84\" cy=\"55.84\" r=\"55.84\"><\/circle><circle class=\"cls-2\" cx=\"55.84\" cy=\"111.69\" r=\"55.84\"><\/circle><\/g><\/g><\/svg>\t\t\t<\/div>\n\t\t<\/div>\n\t\t\t\t\t\t<\/div>\n\t\t\t\t<\/div>\n\t\t<div class=\"elementor-element elementor-element-5eea8b6 e-con-full e-flex e-con e-child\" data-id=\"5eea8b6\" data-element_type=\"container\" data-settings=\"{&quot;ekit_has_onepagescroll_dot&quot;:&quot;yes&quot;}\">\n\t\t\t\t<div class=\"elementor-element elementor-element-90fe95a elementor-widget elementor-widget-heading\" data-id=\"90fe95a\" data-element_type=\"widget\" data-settings=\"{&quot;ekit_we_effect_on&quot;:&quot;none&quot;}\" data-widget_type=\"heading.default\">\n\t\t\t\t<div class=\"elementor-widget-container\">\n\t\t\t\t\t<h2 class=\"elementor-heading-title elementor-size-default\">Serviciul Post-V\u00e2nzare LANDU pentru Satisfac\u021bie Excep\u021bional\u0103 a Clien\u021bilor<\/h2>\t\t\t\t<\/div>\n\t\t\t\t<\/div>\n\t\t\t\t<\/div>\n\t\t\t\t<\/div>\n\t\t\t\t<div class=\"elementor-element elementor-element-137c256 elementor-widget elementor-widget-text-editor\" data-id=\"137c256\" data-element_type=\"widget\" data-settings=\"{&quot;ekit_we_effect_on&quot;:&quot;none&quot;}\" data-widget_type=\"text-editor.default\">\n\t\t\t\t<div class=\"elementor-widget-container\">\n\t\t\t\t\t\t\t\t\t<p>Serviciul post-v\u00e2nzare diferen\u021biaz\u0103 LANDU NOVASTAR de concuren\u021b\u0103 datorit\u0103 ac\u021biunii noastre rapide \u0219i vitezei \u00een gestionarea preocup\u0103rilor clien\u021bilor no\u0219tri. Satisfac\u021bia clientului \u00eenseamn\u0103 mai mult dec\u00e2t o achizi\u021bie fericit\u0103 \u2014 este despre calitate excep\u021bional\u0103, valoare real\u0103, suport f\u0103r\u0103 \u00eentreruperi \u0219i dep\u0103\u0219irea a\u0219tept\u0103rilor la fiecare pas. La LANDU, nu livr\u0103m doar produse \u2014 oferim lini\u0219te deplin\u0103. Suportul nostru complet post-v\u00e2nzare asigur\u0103 rezolvarea rapid\u0103 a problemelor, \u00eentre\u021binere de specialitate \u0219i excelen\u021b\u0103 continu\u0103 a produselor, astfel \u00eenc\u00e2t experien\u021ba ta s\u0103 r\u0103m\u00e2n\u0103 impecabil\u0103 mult timp dup\u0103 v\u00e2nzare.<\/p>\t\t\t\t\t\t\t\t<\/div>\n\t\t\t\t<\/div>\n\t\t\t\t<div class=\"elementor-element elementor-element-c5ea5b3 elementor-widget elementor-widget-heading\" data-id=\"c5ea5b3\" data-element_type=\"widget\" data-settings=\"{&quot;ekit_we_effect_on&quot;:&quot;none&quot;}\" data-widget_type=\"heading.default\">\n\t\t\t\t<div class=\"elementor-widget-container\">\n\t\t\t\t\t<h3 class=\"elementor-heading-title elementor-size-default\">Ce Ne Diferentiaz\u0103<\/h3>\t\t\t\t<\/div>\n\t\t\t\t<\/div>\n\t\t<div class=\"elementor-element elementor-element-3adeefc e-con-full e-grid e-con e-child\" data-id=\"3adeefc\" data-element_type=\"container\" data-settings=\"{&quot;ekit_has_onepagescroll_dot&quot;:&quot;yes&quot;}\">\n\t\t<div class=\"elementor-element elementor-element-1c49876 e-con-full e-flex e-con e-child\" data-id=\"1c49876\" data-element_type=\"container\" data-settings=\"{&quot;background_background&quot;:&quot;classic&quot;,&quot;ekit_has_onepagescroll_dot&quot;:&quot;yes&quot;}\">\n\t\t\t\t<div class=\"elementor-element elementor-element-ee3d7e5 elementor-widget elementor-widget-heading\" data-id=\"ee3d7e5\" data-element_type=\"widget\" data-settings=\"{&quot;ekit_we_effect_on&quot;:&quot;none&quot;}\" data-widget_type=\"heading.default\">\n\t\t\t\t<div class=\"elementor-widget-container\">\n\t\t\t\t\t<h3 class=\"elementor-heading-title elementor-size-default\">Inspec\u021bii ale fabricii \u0219i ale produselor<\/h3>\t\t\t\t<\/div>\n\t\t\t\t<\/div>\n\t\t\t\t<div class=\"elementor-element elementor-element-7b68211 elementor-widget elementor-widget-text-editor\" data-id=\"7b68211\" data-element_type=\"widget\" data-settings=\"{&quot;ekit_we_effect_on&quot;:&quot;none&quot;}\" data-widget_type=\"text-editor.default\">\n\t\t\t\t<div class=\"elementor-widget-container\">\n\t\t\t\t\t\t\t\t\tIdentificarea \u0219i abordarea poten\u021bialelor probleme de calitate.\t\t\t\t\t\t\t\t<\/div>\n\t\t\t\t<\/div>\n\t\t\t\t<\/div>\n\t\t<div class=\"elementor-element elementor-element-6210cd3 e-con-full e-flex e-con e-child\" data-id=\"6210cd3\" data-element_type=\"container\" data-settings=\"{&quot;background_background&quot;:&quot;classic&quot;,&quot;ekit_has_onepagescroll_dot&quot;:&quot;yes&quot;}\">\n\t\t\t\t<div class=\"elementor-element elementor-element-b7a9141 elementor-widget elementor-widget-heading\" data-id=\"b7a9141\" data-element_type=\"widget\" data-settings=\"{&quot;ekit_we_effect_on&quot;:&quot;none&quot;}\" data-widget_type=\"heading.default\">\n\t\t\t\t<div class=\"elementor-widget-container\">\n\t\t\t\t\t<h3 class=\"elementor-heading-title elementor-size-default\">Serviciu de asisten\u021b\u0103 pentru clien\u021bi 24\/7<\/h3>\t\t\t\t<\/div>\n\t\t\t\t<\/div>\n\t\t\t\t<div class=\"elementor-element elementor-element-d13daa0 elementor-widget elementor-widget-text-editor\" data-id=\"d13daa0\" data-element_type=\"widget\" data-settings=\"{&quot;ekit_we_effect_on&quot;:&quot;none&quot;}\" data-widget_type=\"text-editor.default\">\n\t\t\t\t<div class=\"elementor-widget-container\">\n\t\t\t\t\t\t\t\t\t\u00centotdeauna aici c\u00e2nd ai nevoie de noi\t\t\t\t\t\t\t\t<\/div>\n\t\t\t\t<\/div>\n\t\t\t\t<\/div>\n\t\t<div class=\"elementor-element elementor-element-9dd85bd e-con-full e-flex e-con e-child\" data-id=\"9dd85bd\" data-element_type=\"container\" data-settings=\"{&quot;background_background&quot;:&quot;classic&quot;,&quot;ekit_has_onepagescroll_dot&quot;:&quot;yes&quot;}\">\n\t\t\t\t<div class=\"elementor-element elementor-element-509456d elementor-widget elementor-widget-heading\" data-id=\"509456d\" data-element_type=\"widget\" data-settings=\"{&quot;ekit_we_effect_on&quot;:&quot;none&quot;}\" data-widget_type=\"heading.default\">\n\t\t\t\t<div class=\"elementor-widget-container\">\n\t\t\t\t\t<h3 class=\"elementor-heading-title elementor-size-default\">Instruire la fa\u021ba locului \u0219i partajare de cuno\u0219tin\u021be<\/h3>\t\t\t\t<\/div>\n\t\t\t\t<\/div>\n\t\t\t\t<div class=\"elementor-element elementor-element-071b179 elementor-widget elementor-widget-text-editor\" data-id=\"071b179\" data-element_type=\"widget\" data-settings=\"{&quot;ekit_we_effect_on&quot;:&quot;none&quot;}\" data-widget_type=\"text-editor.default\">\n\t\t\t\t<div class=\"elementor-widget-container\">\n\t\t\t\t\t\t\t\t\tOb\u021bine maximum din investi\u021bia ta\t\t\t\t\t\t\t\t<\/div>\n\t\t\t\t<\/div>\n\t\t\t\t<\/div>\n\t\t<div class=\"elementor-element elementor-element-028048a e-con-full e-flex e-con e-child\" data-id=\"028048a\" data-element_type=\"container\" data-settings=\"{&quot;background_background&quot;:&quot;classic&quot;,&quot;ekit_has_onepagescroll_dot&quot;:&quot;yes&quot;}\">\n\t\t\t\t<div class=\"elementor-element elementor-element-79f2f25 elementor-widget elementor-widget-heading\" data-id=\"79f2f25\" data-element_type=\"widget\" data-settings=\"{&quot;ekit_we_effect_on&quot;:&quot;none&quot;}\" data-widget_type=\"heading.default\">\n\t\t\t\t<div class=\"elementor-widget-container\">\n\t\t\t\t\t<h3 class=\"elementor-heading-title elementor-size-default\">Solu\u021bii de r\u0103spuns rapid<\/h3>\t\t\t\t<\/div>\n\t\t\t\t<\/div>\n\t\t\t\t<div class=\"elementor-element elementor-element-217ee8b elementor-widget elementor-widget-text-editor\" data-id=\"217ee8b\" data-element_type=\"widget\" data-settings=\"{&quot;ekit_we_effect_on&quot;:&quot;none&quot;}\" data-widget_type=\"text-editor.default\">\n\t\t\t\t<div class=\"elementor-widget-container\">\n\t\t\t\t\t\t\t\t\t<div data-page-id=\"PvAwdeUZLoKrSPxQOzicCRQ2nIc\" data-lark-html-role=\"root\" data-docx-has-block-data=\"false\"><div class=\"old-record-id-Syt3dJhumoZomyxGR2iczcwbnPe\">Pentru c\u0103 \u0219tim c\u0103 \u00eent\u00e2rzierile \u00ee\u021bi cost\u0103 bani<\/div><\/div>\t\t\t\t\t\t\t\t<\/div>\n\t\t\t\t<\/div>\n\t\t\t\t<\/div>\n\t\t\t\t<\/div>\n\t\t\t\t<\/div>\n\t\t\t\t\t<\/div>\n\t\t\t\t<\/div>\n\t\t<div class=\"elementor-element elementor-element-e200906 e-flex e-con-boxed e-con e-parent\" data-id=\"e200906\" data-element_type=\"container\" data-settings=\"{&quot;ekit_has_onepagescroll_dot&quot;:&quot;yes&quot;}\">\n\t\t\t\t\t<div class=\"e-con-inner\">\n\t\t\t\t<div class=\"elementor-element elementor-element-c78c569 elementor-widget-divider--view-line elementor-widget elementor-widget-divider\" data-id=\"c78c569\" data-element_type=\"widget\" data-settings=\"{&quot;ekit_we_effect_on&quot;:&quot;none&quot;}\" data-widget_type=\"divider.default\">\n\t\t\t\t<div class=\"elementor-widget-container\">\n\t\t\t\t\t\t\t<div class=\"elementor-divider\">\n\t\t\t<span class=\"elementor-divider-separator\">\n\t\t\t\t\t\t<\/span>\n\t\t<\/div>\n\t\t\t\t\t\t<\/div>\n\t\t\t\t<\/div>\n\t\t\t\t\t<\/div>\n\t\t\t\t<\/div>\n\t\t<div class=\"elementor-element elementor-element-75f6be4 e-flex e-con-boxed e-con e-parent\" data-id=\"75f6be4\" data-element_type=\"container\" data-settings=\"{&quot;ekit_has_onepagescroll_dot&quot;:&quot;yes&quot;}\">\n\t\t\t\t\t<div class=\"e-con-inner\">\n\t\t<div class=\"elementor-element elementor-element-86cc7d2 e-con-full e-flex e-con e-child\" data-id=\"86cc7d2\" data-element_type=\"container\" data-settings=\"{&quot;ekit_has_onepagescroll_dot&quot;:&quot;yes&quot;}\">\n\t\t\t\t<div class=\"elementor-element elementor-element-55149bd elementor-widget elementor-widget-heading\" data-id=\"55149bd\" data-element_type=\"widget\" data-settings=\"{&quot;ekit_we_effect_on&quot;:&quot;none&quot;}\" data-widget_type=\"heading.default\">\n\t\t\t\t<div class=\"elementor-widget-container\">\n\t\t\t\t\t<h3 class=\"elementor-heading-title elementor-size-default\">Canal de feedback: Feedback-ul t\u0103u modeleaz\u0103 viitorul LANDU<\/h3>\t\t\t\t<\/div>\n\t\t\t\t<\/div>\n\t\t\t\t<div class=\"elementor-element elementor-element-26a3436 elementor-widget elementor-widget-text-editor\" data-id=\"26a3436\" data-element_type=\"widget\" data-settings=\"{&quot;ekit_we_effect_on&quot;:&quot;none&quot;}\" data-widget_type=\"text-editor.default\">\n\t\t\t\t<div class=\"elementor-widget-container\">\n\t\t\t\t\t\t\t\t\tEchipa de servicii post-v\u00e2nzare LANDU este responsabil\u0103 pentru colectarea feedback-ului valoros de la clien\u021bi \u0219i este indispensabil\u0103 \u00een dezvoltarea de noi produse \u0219i \u00eembun\u0103t\u0103\u021birea serviciilor complete \u00een viitor. Dac\u0103 \u00eent\u00e2mpini orice nemul\u021bumire sau inconvenient \u00een timpul colabor\u0103rii sau g\u0103se\u0219ti informa\u021bii care te sup\u0103r\u0103 sau te induc \u00een eroare, nu ezita s\u0103 ne contactezi, astfel \u00eenc\u00e2t s\u0103 avem \u0219ansa s\u0103 corect\u0103m \u0219i s\u0103 \u00eembun\u0103t\u0103\u021bim.\t\t\t\t\t\t\t\t<\/div>\n\t\t\t\t<\/div>\n\t\t\t\t<\/div>\n\t\t<div class=\"elementor-element elementor-element-021b388 e-con-full e-flex e-con e-child\" data-id=\"021b388\" data-element_type=\"container\" data-settings=\"{&quot;ekit_has_onepagescroll_dot&quot;:&quot;yes&quot;}\">\n\t\t\t\t<div class=\"elementor-element elementor-element-2fb33a0 elementor-align-right elementor-mobile-align-justify elementor-widget elementor-widget-button\" data-id=\"2fb33a0\" data-element_type=\"widget\" data-settings=\"{&quot;ekit_we_effect_on&quot;:&quot;none&quot;}\" data-widget_type=\"button.default\">\n\t\t\t\t<div class=\"elementor-widget-container\">\n\t\t\t\t\t\t\t\t\t<div class=\"elementor-button-wrapper\">\n\t\t\t\t\t<a class=\"elementor-button elementor-button-link elementor-size-sm\" href=\"https:\/\/landuchem.com\/ro\/contactati-ne\/\" target=\"_blank\">\n\t\t\t\t\t\t<span class=\"elementor-button-content-wrapper\">\n\t\t\t\t\t\t\t\t\t<span class=\"elementor-button-text\">Ofer\u0103-ne feedback<\/span>\n\t\t\t\t\t<\/span>\n\t\t\t\t\t<\/a>\n\t\t\t\t<\/div>\n\t\t\t\t\t\t\t\t<\/div>\n\t\t\t\t<\/div>\n\t\t\t\t<\/div>\n\t\t\t\t\t<\/div>\n\t\t\t\t<\/div>\n\t\t\t\t<\/div>","protected":false},"excerpt":{"rendered":"<p>LANDU After-Sales Service for Unmatched Customer Satisfaction After-sales service sets LANDU NOVASTAR apart from our competitors due to our prompt action and speed in handling our customers&#8217; concerns. Customer satisfaction is more than just a happy purchase\u2014it\u2019s about exceptional quality, real value, seamless support, and exceeding expectations at every step. At LANDU, we don\u2019t just [&hellip;]<\/p>","protected":false},"author":1,"featured_media":0,"parent":494,"menu_order":0,"comment_status":"closed","ping_status":"closed","template":"elementor_header_footer","meta":{"footnotes":""},"class_list":["post-3647","page","type-page","status-publish","hentry"],"_links":{"self":[{"href":"https:\/\/landuchem.com\/ro\/wp-json\/wp\/v2\/pages\/3647","targetHints":{"allow":["GET"]}}],"collection":[{"href":"https:\/\/landuchem.com\/ro\/wp-json\/wp\/v2\/pages"}],"about":[{"href":"https:\/\/landuchem.com\/ro\/wp-json\/wp\/v2\/types\/page"}],"author":[{"embeddable":true,"href":"https:\/\/landuchem.com\/ro\/wp-json\/wp\/v2\/users\/1"}],"replies":[{"embeddable":true,"href":"https:\/\/landuchem.com\/ro\/wp-json\/wp\/v2\/comments?post=3647"}],"version-history":[{"count":23,"href":"https:\/\/landuchem.com\/ro\/wp-json\/wp\/v2\/pages\/3647\/revisions"}],"predecessor-version":[{"id":13107,"href":"https:\/\/landuchem.com\/ro\/wp-json\/wp\/v2\/pages\/3647\/revisions\/13107"}],"up":[{"embeddable":true,"href":"https:\/\/landuchem.com\/ro\/wp-json\/wp\/v2\/pages\/494"}],"wp:attachment":[{"href":"https:\/\/landuchem.com\/ro\/wp-json\/wp\/v2\/media?parent=3647"}],"curies":[{"name":"wp","href":"https:\/\/api.w.org\/{rel}","templated":true}]}}