{"id":10308,"date":"2025-04-28T13:03:30","date_gmt":"2025-04-28T13:03:30","guid":{"rendered":"https:\/\/landuchem.com\/?page_id=10308"},"modified":"2025-08-26T08:06:02","modified_gmt":"2025-08-26T08:06:02","slug":"etica-corporativa-si-transparenta","status":"publish","type":"page","link":"https:\/\/landuchem.com\/ro\/sustenabilitate\/oameni-pentru-care-ne-angajam-sa-avem-grija\/etica-corporativa-si-transparenta\/","title":{"rendered":"Etica corporativ\u0103 \u0219i Transparen\u021ba"},"content":{"rendered":"<div data-elementor-type=\"wp-page\" data-elementor-id=\"10308\" class=\"elementor elementor-10308\" data-elementor-post-type=\"page\">\n\t\t\t\t<div class=\"elementor-element elementor-element-b8ed35a e-flex e-con-boxed e-con e-parent\" data-id=\"b8ed35a\" data-element_type=\"container\" data-settings=\"{&quot;background_background&quot;:&quot;classic&quot;,&quot;ekit_has_onepagescroll_dot&quot;:&quot;yes&quot;}\">\n\t\t\t\t\t<div class=\"e-con-inner\">\n\t\t\t\t<div class=\"elementor-element elementor-element-a72b32f elementor-widget elementor-widget-heading\" data-id=\"a72b32f\" data-element_type=\"widget\" data-settings=\"{&quot;ekit_we_effect_on&quot;:&quot;none&quot;}\" data-widget_type=\"heading.default\">\n\t\t\t\t<div class=\"elementor-widget-container\">\n\t\t\t\t\t<h1 class=\"elementor-heading-title elementor-size-default\">Etica corporativ\u0103 \u0219i Transparen\u021ba<\/h1>\t\t\t\t<\/div>\n\t\t\t\t<\/div>\n\t\t\t\t<div class=\"elementor-element elementor-element-c986241 elementor-widget__width-initial elementor-widget elementor-widget-text-editor\" data-id=\"c986241\" data-element_type=\"widget\" data-settings=\"{&quot;ekit_we_effect_on&quot;:&quot;none&quot;}\" data-widget_type=\"text-editor.default\">\n\t\t\t\t<div class=\"elementor-widget-container\">\n\t\t\t\t\t\t\t\t\t<p>NOVASTAR ader\u0103 la principiile de onestitate, fiabilitate \u0219i operare etic\u0103 \u0219i se angajeaz\u0103 s\u0103 \u00eembun\u0103t\u0103\u021beasc\u0103 transparen\u021ba opera\u021bional\u0103 pentru a c\u00e2\u0219tiga \u00eencrederea social\u0103.<\/p>\t\t\t\t\t\t\t\t<\/div>\n\t\t\t\t<\/div>\n\t\t\t\t\t<\/div>\n\t\t\t\t<\/div>\n\t\t<div class=\"elementor-element elementor-element-01a78e7 e-flex e-con-boxed e-con e-parent\" data-id=\"01a78e7\" data-element_type=\"container\" data-settings=\"{&quot;ekit_has_onepagescroll_dot&quot;:&quot;yes&quot;}\">\n\t\t\t\t\t<div class=\"e-con-inner\">\n\t\t<div class=\"elementor-element elementor-element-01b9b7e e-con-full e-flex e-con e-child\" data-id=\"01b9b7e\" data-element_type=\"container\" data-settings=\"{&quot;ekit_has_onepagescroll_dot&quot;:&quot;yes&quot;}\">\n\t\t<div class=\"elementor-element elementor-element-def1aae e-con-full e-flex e-con e-child\" data-id=\"def1aae\" data-element_type=\"container\" data-settings=\"{&quot;ekit_has_onepagescroll_dot&quot;:&quot;yes&quot;}\">\n\t\t\t\t<div class=\"elementor-element elementor-element-011bb68 elementor-view-default elementor-widget elementor-widget-icon\" data-id=\"011bb68\" data-element_type=\"widget\" data-settings=\"{&quot;ekit_we_effect_on&quot;:&quot;none&quot;}\" data-widget_type=\"icon.default\">\n\t\t\t\t<div class=\"elementor-widget-container\">\n\t\t\t\t\t\t\t<div class=\"elementor-icon-wrapper\">\n\t\t\t<div class=\"elementor-icon\">\n\t\t\t<svg xmlns=\"http:\/\/www.w3.org\/2000\/svg\" id=\"_&#x56FE;&#x5C42;_2\" data-name=\"&#x56FE;&#x5C42; 2\" viewbox=\"0 0 111.69 167.53\"><defs><style>      .cls-1 {        fill: #fad8be;      }      .cls-1, .cls-2 {        stroke-width: 0px;      }      .cls-2 {        fill: #f47b25;      }    <\/style><\/defs><g id=\"_&#x56FE;&#x5C42;_1-2\" data-name=\"&#x56FE;&#x5C42; 1\"><g><circle class=\"cls-1\" cx=\"55.84\" cy=\"55.84\" r=\"55.84\"><\/circle><circle class=\"cls-2\" cx=\"55.84\" cy=\"111.69\" r=\"55.84\"><\/circle><\/g><\/g><\/svg>\t\t\t<\/div>\n\t\t<\/div>\n\t\t\t\t\t\t<\/div>\n\t\t\t\t<\/div>\n\t\t<div class=\"elementor-element elementor-element-62e1097 e-con-full e-flex e-con e-child\" data-id=\"62e1097\" data-element_type=\"container\" data-settings=\"{&quot;ekit_has_onepagescroll_dot&quot;:&quot;yes&quot;}\">\n\t\t\t\t<div class=\"elementor-element elementor-element-82bfbfc elementor-widget elementor-widget-heading\" data-id=\"82bfbfc\" data-element_type=\"widget\" data-settings=\"{&quot;ekit_we_effect_on&quot;:&quot;none&quot;}\" data-widget_type=\"heading.default\">\n\t\t\t\t<div class=\"elementor-widget-container\">\n\t\t\t\t\t<h2 class=\"elementor-heading-title elementor-size-default\">Onestitate \u0219i Transparen\u021b\u0103: Fa\u021b\u0103 de Clien\u021bi \u0219i Angaja\u021bi<\/h2>\t\t\t\t<\/div>\n\t\t\t\t<\/div>\n\t\t\t\t<\/div>\n\t\t\t\t<\/div>\n\t\t<div class=\"elementor-element elementor-element-f1217bf e-con-full e-flex e-con e-child\" data-id=\"f1217bf\" data-element_type=\"container\" data-settings=\"{&quot;ekit_has_onepagescroll_dot&quot;:&quot;yes&quot;}\">\n\t\t\t\t<div class=\"elementor-element elementor-element-bd38386 elementor-widget__width-initial elementor-widget elementor-widget-text-editor\" data-id=\"bd38386\" data-element_type=\"widget\" data-settings=\"{&quot;ekit_we_effect_on&quot;:&quot;none&quot;}\" data-widget_type=\"text-editor.default\">\n\t\t\t\t<div class=\"elementor-widget-container\">\n\t\t\t\t\t\t\t\t\t<p>La NOVASTAR, credem cu t\u0103rie c\u0103 re\u021binerea informa\u021biilor erodeaz\u0103 \u00eencrederea, fie cu clien\u021bii, fie cu echipa noastr\u0103. De aceea, prioritiz\u0103m transparen\u021ba total\u0103 \u00een fiecare etap\u0103 a procesului de tranzac\u021bie, \u00eemp\u0103rt\u0103\u0219ind deschis.<\/p>\t\t\t\t\t\t\t\t<\/div>\n\t\t\t\t<\/div>\n\t\t\t\t<\/div>\n\t\t\t\t<\/div>\n\t\t<div class=\"elementor-element elementor-element-8c2f8c6 e-con-full e-flex e-con e-child\" data-id=\"8c2f8c6\" data-element_type=\"container\" data-settings=\"{&quot;ekit_has_onepagescroll_dot&quot;:&quot;yes&quot;}\">\n\t\t<div class=\"elementor-element elementor-element-2a77d75 e-con-full e-flex e-con e-child\" data-id=\"2a77d75\" data-element_type=\"container\" data-settings=\"{&quot;ekit_has_onepagescroll_dot&quot;:&quot;yes&quot;}\">\n\t\t\t\t<div class=\"elementor-element elementor-element-6242198 elementor-widget elementor-widget-image\" data-id=\"6242198\" data-element_type=\"widget\" data-settings=\"{&quot;ekit_we_effect_on&quot;:&quot;none&quot;}\" data-widget_type=\"image.default\">\n\t\t\t\t<div class=\"elementor-widget-container\">\n\t\t\t\t\t\t\t\t\t\t\t\t\t\t\t<img fetchpriority=\"high\" decoding=\"async\" width=\"800\" height=\"533\" src=\"https:\/\/landuchem.com\/wp-content\/uploads\/2025\/04\/business-executives-shaking-hands-1024x682.jpg\" class=\"attachment-large size-large wp-image-10318\" alt=\"Executivi de afaceri str\u00e2ng\u00e2nd m\u00e2inile\" srcset=\"https:\/\/landuchem.com\/wp-content\/uploads\/2025\/04\/business-executives-shaking-hands-1024x682.jpg 1024w, https:\/\/landuchem.com\/wp-content\/uploads\/2025\/04\/business-executives-shaking-hands-300x200.jpg 300w, https:\/\/landuchem.com\/wp-content\/uploads\/2025\/04\/business-executives-shaking-hands-768x512.jpg 768w, https:\/\/landuchem.com\/wp-content\/uploads\/2025\/04\/business-executives-shaking-hands-1536x1024.jpg 1536w, https:\/\/landuchem.com\/wp-content\/uploads\/2025\/04\/business-executives-shaking-hands.jpg 2000w\" sizes=\"(max-width: 800px) 100vw, 800px\" \/>\t\t\t\t\t\t\t\t\t\t\t\t\t\t\t<\/div>\n\t\t\t\t<\/div>\n\t\t\t\t<\/div>\n\t\t<div class=\"elementor-element elementor-element-4578461 e-con-full e-flex e-con e-child\" data-id=\"4578461\" data-element_type=\"container\" data-settings=\"{&quot;ekit_has_onepagescroll_dot&quot;:&quot;yes&quot;}\">\n\t\t\t\t<div class=\"elementor-element elementor-element-3977fe3 elementor-widget__width-initial elementor-widget elementor-widget-text-editor\" data-id=\"3977fe3\" data-element_type=\"widget\" data-settings=\"{&quot;ekit_we_effect_on&quot;:&quot;none&quot;}\" data-widget_type=\"text-editor.default\">\n\t\t\t\t<div class=\"elementor-widget-container\">\n\t\t\t\t\t\t\t\t\tA fi sincer cu clien\u021bii implic\u0103 mai mult dec\u00e2t simpla spus\u0103 a adev\u0103rului. Include transparen\u021b\u0103, integritate \u0219i fiabilitate, toate fiind fundamentale pentru c\u00e2\u0219tigarea \u00eencrederii clien\u021bilor. Pentru clien\u021bii no\u0219tri, furniz\u0103m urm\u0103toarele informa\u021bii pentru a asigura transparen\u021ba \u0219i integritatea tranzac\u021biei. \t\t\t\t\t\t\t\t<\/div>\n\t\t\t\t<\/div>\n\t\t\t\t<div class=\"elementor-element elementor-element-0be5ace elementor-icon-list--layout-traditional elementor-list-item-link-full_width elementor-widget elementor-widget-icon-list\" data-id=\"0be5ace\" data-element_type=\"widget\" data-settings=\"{&quot;ekit_we_effect_on&quot;:&quot;none&quot;}\" data-widget_type=\"icon-list.default\">\n\t\t\t\t<div class=\"elementor-widget-container\">\n\t\t\t\t\t\t\t<ul class=\"elementor-icon-list-items\">\n\t\t\t\t\t\t\t<li class=\"elementor-icon-list-item\">\n\t\t\t\t\t\t\t\t\t\t\t<span class=\"elementor-icon-list-icon\">\n\t\t\t\t\t\t\t<svg aria-hidden=\"true\" class=\"e-font-icon-svg e-fas-check\" viewbox=\"0 0 512 512\" xmlns=\"http:\/\/www.w3.org\/2000\/svg\"><path d=\"M173.898 439.404l-166.4-166.4c-9.997-9.997-9.997-26.206 0-36.204l36.203-36.204c9.997-9.998 26.207-9.998 36.204 0L192 312.69 432.095 72.596c9.997-9.997 26.207-9.997 36.204 0l36.203 36.204c9.997 9.997 9.997 26.206 0 36.204l-294.4 294.401c-9.998 9.997-26.207 9.997-36.204-.001z\"><\/path><\/svg>\t\t\t\t\t\t<\/span>\n\t\t\t\t\t\t\t\t\t\t<span class=\"elementor-icon-list-text\">Structuri de pre\u021buri clare, f\u0103r\u0103 costuri ascunse<\/span>\n\t\t\t\t\t\t\t\t\t<\/li>\n\t\t\t\t\t\t\t\t<li class=\"elementor-icon-list-item\">\n\t\t\t\t\t\t\t\t\t\t\t<span class=\"elementor-icon-list-icon\">\n\t\t\t\t\t\t\t<svg aria-hidden=\"true\" class=\"e-font-icon-svg e-fas-check\" viewbox=\"0 0 512 512\" xmlns=\"http:\/\/www.w3.org\/2000\/svg\"><path d=\"M173.898 439.404l-166.4-166.4c-9.997-9.997-9.997-26.206 0-36.204l36.203-36.204c9.997-9.998 26.207-9.998 36.204 0L192 312.69 432.095 72.596c9.997-9.997 26.207-9.997 36.204 0l36.203 36.204c9.997 9.997 9.997 26.206 0 36.204l-294.4 294.401c-9.998 9.997-26.207 9.997-36.204-.001z\"><\/path><\/svg>\t\t\t\t\t\t<\/span>\n\t\t\t\t\t\t\t\t\t\t<span class=\"elementor-icon-list-text\">Detalii complete despre produs (inclusiv Fise Tehnice)<\/span>\n\t\t\t\t\t\t\t\t\t<\/li>\n\t\t\t\t\t\t\t\t<li class=\"elementor-icon-list-item\">\n\t\t\t\t\t\t\t\t\t\t\t<span class=\"elementor-icon-list-icon\">\n\t\t\t\t\t\t\t<svg aria-hidden=\"true\" class=\"e-font-icon-svg e-fas-check\" viewbox=\"0 0 512 512\" xmlns=\"http:\/\/www.w3.org\/2000\/svg\"><path d=\"M173.898 439.404l-166.4-166.4c-9.997-9.997-9.997-26.206 0-36.204l36.203-36.204c9.997-9.998 26.207-9.998 36.204 0L192 312.69 432.095 72.596c9.997-9.997 26.207-9.997 36.204 0l36.203 36.204c9.997 9.997 9.997 26.206 0 36.204l-294.4 294.401c-9.998 9.997-26.207 9.997-36.204-.001z\"><\/path><\/svg>\t\t\t\t\t\t<\/span>\n\t\t\t\t\t\t\t\t\t\t<span class=\"elementor-icon-list-text\">Practici etice de munc\u0103 \u0219i sustenabilitate<\/span>\n\t\t\t\t\t\t\t\t\t<\/li>\n\t\t\t\t\t\t<\/ul>\n\t\t\t\t\t\t<\/div>\n\t\t\t\t<\/div>\n\t\t\t\t<\/div>\n\t\t\t\t<\/div>\n\t\t<div class=\"elementor-element elementor-element-f23d88e e-con-full e-flex e-con e-child\" data-id=\"f23d88e\" data-element_type=\"container\" data-settings=\"{&quot;ekit_has_onepagescroll_dot&quot;:&quot;yes&quot;}\">\n\t\t<div class=\"elementor-element elementor-element-652ee15 e-con-full e-flex e-con e-child\" data-id=\"652ee15\" data-element_type=\"container\" data-settings=\"{&quot;ekit_has_onepagescroll_dot&quot;:&quot;yes&quot;}\">\n\t\t\t\t<div class=\"elementor-element elementor-element-e91b27a elementor-widget elementor-widget-image\" data-id=\"e91b27a\" data-element_type=\"widget\" data-settings=\"{&quot;ekit_we_effect_on&quot;:&quot;none&quot;}\" data-widget_type=\"image.default\">\n\t\t\t\t<div class=\"elementor-widget-container\">\n\t\t\t\t\t\t\t\t\t\t\t\t\t\t\t<img decoding=\"async\" width=\"800\" height=\"534\" src=\"https:\/\/landuchem.com\/wp-content\/uploads\/2025\/04\/hands-community-and-link-team-together-global-community-of-cooperation-on-blue-sky-group-diversit-1024x683.jpg\" class=\"attachment-large size-large wp-image-10367\" alt=\"M\u00e2ini, comunitate \u0219i echip\u0103 conectat\u0103, comunitate global\u0103 de cooperare pe cer albastru. Diversitatea grupului\" srcset=\"https:\/\/landuchem.com\/wp-content\/uploads\/2025\/04\/hands-community-and-link-team-together-global-community-of-cooperation-on-blue-sky-group-diversit-1024x683.jpg 1024w, https:\/\/landuchem.com\/wp-content\/uploads\/2025\/04\/hands-community-and-link-team-together-global-community-of-cooperation-on-blue-sky-group-diversit-300x200.jpg 300w, https:\/\/landuchem.com\/wp-content\/uploads\/2025\/04\/hands-community-and-link-team-together-global-community-of-cooperation-on-blue-sky-group-diversit-768x512.jpg 768w, https:\/\/landuchem.com\/wp-content\/uploads\/2025\/04\/hands-community-and-link-team-together-global-community-of-cooperation-on-blue-sky-group-diversit-1536x1025.jpg 1536w, https:\/\/landuchem.com\/wp-content\/uploads\/2025\/04\/hands-community-and-link-team-together-global-community-of-cooperation-on-blue-sky-group-diversit.jpg 2000w\" sizes=\"(max-width: 800px) 100vw, 800px\" \/>\t\t\t\t\t\t\t\t\t\t\t\t\t\t\t<\/div>\n\t\t\t\t<\/div>\n\t\t\t\t<\/div>\n\t\t<div class=\"elementor-element elementor-element-0c2bb50 e-con-full e-flex e-con e-child\" data-id=\"0c2bb50\" data-element_type=\"container\" data-settings=\"{&quot;ekit_has_onepagescroll_dot&quot;:&quot;yes&quot;}\">\n\t\t\t\t<div class=\"elementor-element elementor-element-8a4cd0d elementor-widget__width-initial elementor-widget elementor-widget-text-editor\" data-id=\"8a4cd0d\" data-element_type=\"widget\" data-settings=\"{&quot;ekit_we_effect_on&quot;:&quot;none&quot;}\" data-widget_type=\"text-editor.default\">\n\t\t\t\t<div class=\"elementor-widget-container\">\n\t\t\t\t\t\t\t\t\tIntern, promov\u0103m accesul deschis la informa\u021bii, asigur\u00e2nd tuturor angaja\u021bilor vizibilitate egal\u0103 asupra datelor relevante. Credem c\u0103, oferind un teren de joc echitabil, putem \u00eemputernici echipa noastr\u0103 s\u0103 ia decizii mai \u00een\u021belepte. Abord\u0103ri includ:\t\t\t\t\t\t\t\t<\/div>\n\t\t\t\t<\/div>\n\t\t\t\t<div class=\"elementor-element elementor-element-88040a1 elementor-icon-list--layout-traditional elementor-list-item-link-full_width elementor-widget elementor-widget-icon-list\" data-id=\"88040a1\" data-element_type=\"widget\" data-settings=\"{&quot;ekit_we_effect_on&quot;:&quot;none&quot;}\" data-widget_type=\"icon-list.default\">\n\t\t\t\t<div class=\"elementor-widget-container\">\n\t\t\t\t\t\t\t<ul class=\"elementor-icon-list-items\">\n\t\t\t\t\t\t\t<li class=\"elementor-icon-list-item\">\n\t\t\t\t\t\t\t\t\t\t\t<span class=\"elementor-icon-list-icon\">\n\t\t\t\t\t\t\t<svg aria-hidden=\"true\" class=\"e-font-icon-svg e-fas-check\" viewbox=\"0 0 512 512\" xmlns=\"http:\/\/www.w3.org\/2000\/svg\"><path d=\"M173.898 439.404l-166.4-166.4c-9.997-9.997-9.997-26.206 0-36.204l36.203-36.204c9.997-9.998 26.207-9.998 36.204 0L192 312.69 432.095 72.596c9.997-9.997 26.207-9.997 36.204 0l36.203 36.204c9.997 9.997 9.997 26.206 0 36.204l-294.4 294.401c-9.998 9.997-26.207 9.997-36.204-.001z\"><\/path><\/svg>\t\t\t\t\t\t<\/span>\n\t\t\t\t\t\t\t\t\t\t<span class=\"elementor-icon-list-text\">Eliminarea muncii redundante prin eficientizarea schimbului de cuno\u0219tin\u021be.<\/span>\n\t\t\t\t\t\t\t\t\t<\/li>\n\t\t\t\t\t\t\t\t<li class=\"elementor-icon-list-item\">\n\t\t\t\t\t\t\t\t\t\t\t<span class=\"elementor-icon-list-icon\">\n\t\t\t\t\t\t\t<svg aria-hidden=\"true\" class=\"e-font-icon-svg e-fas-check\" viewbox=\"0 0 512 512\" xmlns=\"http:\/\/www.w3.org\/2000\/svg\"><path d=\"M173.898 439.404l-166.4-166.4c-9.997-9.997-9.997-26.206 0-36.204l36.203-36.204c9.997-9.998 26.207-9.998 36.204 0L192 312.69 432.095 72.596c9.997-9.997 26.207-9.997 36.204 0l36.203 36.204c9.997 9.997 9.997 26.206 0 36.204l-294.4 294.401c-9.998 9.997-26.207 9.997-36.204-.001z\"><\/path><\/svg>\t\t\t\t\t\t<\/span>\n\t\t\t\t\t\t\t\t\t\t<span class=\"elementor-icon-list-text\">\u00cent\u0103rirea colabor\u0103rii prin comunicare eficient\u0103 \u0219i transparent\u0103.<\/span>\n\t\t\t\t\t\t\t\t\t<\/li>\n\t\t\t\t\t\t<\/ul>\n\t\t\t\t\t\t<\/div>\n\t\t\t\t<\/div>\n\t\t\t\t<div class=\"elementor-element elementor-element-14037d0 elementor-widget__width-initial elementor-widget elementor-widget-text-editor\" data-id=\"14037d0\" data-element_type=\"widget\" data-settings=\"{&quot;ekit_we_effect_on&quot;:&quot;none&quot;}\" data-widget_type=\"text-editor.default\">\n\t\t\t\t<div class=\"elementor-widget-container\">\n\t\t\t\t\t\t\t\t\tPrin eliminarea barierelor informa\u021bionale, nu vorbim doar despre \u00eencredere \u2014 o construim \u00een fiecare interac\u021biune, cre\u00e2nd o funda\u021bie pentru rela\u021bii mai solide \u0219i succes durabil.\t\t\t\t\t\t\t\t<\/div>\n\t\t\t\t<\/div>\n\t\t\t\t<\/div>\n\t\t\t\t<\/div>\n\t\t\t\t\t<\/div>\n\t\t\t\t<\/div>\n\t\t<div class=\"elementor-element elementor-element-e9cc026 e-flex e-con-boxed e-con e-parent\" data-id=\"e9cc026\" data-element_type=\"container\" data-settings=\"{&quot;background_background&quot;:&quot;classic&quot;,&quot;ekit_has_onepagescroll_dot&quot;:&quot;yes&quot;}\">\n\t\t\t\t\t<div class=\"e-con-inner\">\n\t\t<div class=\"elementor-element elementor-element-e7dc99c e-con-full e-flex e-con e-child\" data-id=\"e7dc99c\" data-element_type=\"container\" data-settings=\"{&quot;ekit_has_onepagescroll_dot&quot;:&quot;yes&quot;}\">\n\t\t<div class=\"elementor-element elementor-element-33c459c e-con-full e-flex e-con e-child\" data-id=\"33c459c\" data-element_type=\"container\" data-settings=\"{&quot;ekit_has_onepagescroll_dot&quot;:&quot;yes&quot;}\">\n\t\t\t\t<div class=\"elementor-element elementor-element-204de90 elementor-view-default elementor-widget elementor-widget-icon\" data-id=\"204de90\" data-element_type=\"widget\" data-settings=\"{&quot;ekit_we_effect_on&quot;:&quot;none&quot;}\" data-widget_type=\"icon.default\">\n\t\t\t\t<div class=\"elementor-widget-container\">\n\t\t\t\t\t\t\t<div class=\"elementor-icon-wrapper\">\n\t\t\t<div class=\"elementor-icon\">\n\t\t\t<svg xmlns=\"http:\/\/www.w3.org\/2000\/svg\" id=\"_&#x56FE;&#x5C42;_2\" data-name=\"&#x56FE;&#x5C42; 2\" viewbox=\"0 0 111.69 167.53\"><defs><style>      .cls-1 {        fill: #fad8be;      }      .cls-1, .cls-2 {        stroke-width: 0px;      }      .cls-2 {        fill: #f47b25;      }    <\/style><\/defs><g id=\"_&#x56FE;&#x5C42;_1-2\" data-name=\"&#x56FE;&#x5C42; 1\"><g><circle class=\"cls-1\" cx=\"55.84\" cy=\"55.84\" r=\"55.84\"><\/circle><circle class=\"cls-2\" cx=\"55.84\" cy=\"111.69\" r=\"55.84\"><\/circle><\/g><\/g><\/svg>\t\t\t<\/div>\n\t\t<\/div>\n\t\t\t\t\t\t<\/div>\n\t\t\t\t<\/div>\n\t\t<div class=\"elementor-element elementor-element-da94fb9 e-con-full e-flex e-con e-child\" data-id=\"da94fb9\" data-element_type=\"container\" data-settings=\"{&quot;ekit_has_onepagescroll_dot&quot;:&quot;yes&quot;}\">\n\t\t\t\t<div class=\"elementor-element elementor-element-deab8e4 elementor-widget elementor-widget-heading\" data-id=\"deab8e4\" data-element_type=\"widget\" data-settings=\"{&quot;ekit_we_effect_on&quot;:&quot;none&quot;}\" data-widget_type=\"heading.default\">\n\t\t\t\t<div class=\"elementor-widget-container\">\n\t\t\t\t\t<h2 class=\"elementor-heading-title elementor-size-default\">Respectul \u0219i Protec\u021bia Drepturilor Omului<\/h2>\t\t\t\t<\/div>\n\t\t\t\t<\/div>\n\t\t\t\t<\/div>\n\t\t\t\t<\/div>\n\t\t\t\t<div class=\"elementor-element elementor-element-c90155b elementor-widget elementor-widget-text-editor\" data-id=\"c90155b\" data-element_type=\"widget\" data-settings=\"{&quot;ekit_we_effect_on&quot;:&quot;none&quot;}\" data-widget_type=\"text-editor.default\">\n\t\t\t\t<div class=\"elementor-widget-container\">\n\t\t\t\t\t\t\t\t\t<p>NOVASTAR este dedicat\u0103 promov\u0103rii unui mediu de lucru sigur, divers \u0219i incluziv, care s\u0103 \u00eemputerniceasc\u0103 echipa noastr\u0103 global\u0103 s\u0103 prospere. Cultiv\u0103m un mediu \u00een care fiecare individ se simte valorificat, \u00eencurajat s\u0103 contribuie cu idei \u0219i inspirat s\u0103 provoace conven\u021biile. Angajamentul nostru \u00eent\u0103re\u0219te importan\u021ba tratamentului egal pentru to\u021bi angaja\u021bii, indiferent de v\u00e2rst\u0103, ras\u0103, na\u021bionalitate, identitate de gen sau orientare sexual\u0103.<\/p><p>De exemplu, recunosc\u00e2nd egalitatea de gen ca un drept fundamental al omului, promov\u0103m activ \u00eemputernicirea economic\u0103 a femeilor \u0219i oportunit\u0103\u021bi egale. La NOVASTAR, sus\u021binem principiul salariului egal pentru munc\u0103 egal\u0103 \u0219i men\u021binem o politic\u0103 de toleran\u021b\u0103 zero fa\u021b\u0103 de orice form\u0103 de h\u0103r\u021buire fizic\u0103 sau sexual\u0103.<\/p>\t\t\t\t\t\t\t\t<\/div>\n\t\t\t\t<\/div>\n\t\t\t\t<\/div>\n\t\t<div class=\"elementor-element elementor-element-45676c6 e-con-full e-flex e-con e-child\" data-id=\"45676c6\" data-element_type=\"container\" data-settings=\"{&quot;ekit_has_onepagescroll_dot&quot;:&quot;yes&quot;}\">\n\t\t\t\t<div class=\"elementor-element elementor-element-1895703 elementor-widget elementor-widget-image\" data-id=\"1895703\" data-element_type=\"widget\" data-settings=\"{&quot;ekit_we_effect_on&quot;:&quot;none&quot;}\" data-widget_type=\"image.default\">\n\t\t\t\t<div class=\"elementor-widget-container\">\n\t\t\t\t\t\t\t\t\t\t\t\t\t\t\t<img decoding=\"async\" width=\"800\" height=\"504\" src=\"https:\/\/landuchem.com\/wp-content\/uploads\/2025\/04\/people-connected-by-a-network-business-structure-interaction-between-employees-or-community-members-1024x645.jpg\" class=\"attachment-large size-large wp-image-10185\" alt=\"Persoane conectate printr-o structur\u0103 de afaceri \u00een re\u021bea. Interac\u021biune \u00eentre angaja\u021bi sau membri ai comunit\u0103\u021bii\" srcset=\"https:\/\/landuchem.com\/wp-content\/uploads\/2025\/04\/people-connected-by-a-network-business-structure-interaction-between-employees-or-community-members-1024x645.jpg 1024w, https:\/\/landuchem.com\/wp-content\/uploads\/2025\/04\/people-connected-by-a-network-business-structure-interaction-between-employees-or-community-members-300x189.jpg 300w, https:\/\/landuchem.com\/wp-content\/uploads\/2025\/04\/people-connected-by-a-network-business-structure-interaction-between-employees-or-community-members-768x484.jpg 768w, https:\/\/landuchem.com\/wp-content\/uploads\/2025\/04\/people-connected-by-a-network-business-structure-interaction-between-employees-or-community-members-1536x968.jpg 1536w, https:\/\/landuchem.com\/wp-content\/uploads\/2025\/04\/people-connected-by-a-network-business-structure-interaction-between-employees-or-community-members.jpg 2000w\" sizes=\"(max-width: 800px) 100vw, 800px\" \/>\t\t\t\t\t\t\t\t\t\t\t\t\t\t\t<\/div>\n\t\t\t\t<\/div>\n\t\t\t\t<\/div>\n\t\t\t\t\t<\/div>\n\t\t\t\t<\/div>\n\t\t\t\t<\/div>","protected":false},"excerpt":{"rendered":"<p>Corporate Ethics and Transparency NOVASTAR adheres to the principles of honesty, trustworthiness, and ethical operation, and is committed to enhancing operational transparency to win social trust. Honesty and Transparency: Towards Customers and Employees At NOVASTAR, we firmly believe that withholding information erodes trust, whether with customers or our team. That\u2019s why we prioritize full transparency [&hellip;]<\/p>","protected":false},"author":1,"featured_media":0,"parent":4745,"menu_order":0,"comment_status":"closed","ping_status":"closed","template":"elementor_header_footer","meta":{"footnotes":""},"class_list":["post-10308","page","type-page","status-publish","hentry"],"_links":{"self":[{"href":"https:\/\/landuchem.com\/ro\/wp-json\/wp\/v2\/pages\/10308","targetHints":{"allow":["GET"]}}],"collection":[{"href":"https:\/\/landuchem.com\/ro\/wp-json\/wp\/v2\/pages"}],"about":[{"href":"https:\/\/landuchem.com\/ro\/wp-json\/wp\/v2\/types\/page"}],"author":[{"embeddable":true,"href":"https:\/\/landuchem.com\/ro\/wp-json\/wp\/v2\/users\/1"}],"replies":[{"embeddable":true,"href":"https:\/\/landuchem.com\/ro\/wp-json\/wp\/v2\/comments?post=10308"}],"version-history":[{"count":18,"href":"https:\/\/landuchem.com\/ro\/wp-json\/wp\/v2\/pages\/10308\/revisions"}],"predecessor-version":[{"id":12978,"href":"https:\/\/landuchem.com\/ro\/wp-json\/wp\/v2\/pages\/10308\/revisions\/12978"}],"up":[{"embeddable":true,"href":"https:\/\/landuchem.com\/ro\/wp-json\/wp\/v2\/pages\/4745"}],"wp:attachment":[{"href":"https:\/\/landuchem.com\/ro\/wp-json\/wp\/v2\/media?parent=10308"}],"curies":[{"name":"wp","href":"https:\/\/api.w.org\/{rel}","templated":true}]}}