{"id":10274,"date":"2025-04-28T12:45:28","date_gmt":"2025-04-28T12:45:28","guid":{"rendered":"https:\/\/landuchem.com\/?page_id=10274"},"modified":"2025-08-26T08:15:18","modified_gmt":"2025-08-26T08:15:18","slug":"implicarea-si-contributia-comunitara","status":"publish","type":"page","link":"https:\/\/landuchem.com\/ro\/sustenabilitate\/oameni-pentru-care-ne-angajam-sa-avem-grija\/implicarea-si-contributia-comunitara\/","title":{"rendered":"Implicarea \u0219i Contribu\u021bia Comunit\u0103\u021bii"},"content":{"rendered":"<div data-elementor-type=\"wp-page\" data-elementor-id=\"10274\" class=\"elementor elementor-10274\" data-elementor-post-type=\"page\">\n\t\t\t\t<div class=\"elementor-element elementor-element-b8ed35a e-flex e-con-boxed e-con e-parent\" data-id=\"b8ed35a\" data-element_type=\"container\" data-settings=\"{&quot;background_background&quot;:&quot;classic&quot;,&quot;ekit_has_onepagescroll_dot&quot;:&quot;yes&quot;}\">\n\t\t\t\t\t<div class=\"e-con-inner\">\n\t\t\t\t<div class=\"elementor-element elementor-element-a72b32f elementor-widget elementor-widget-heading\" data-id=\"a72b32f\" data-element_type=\"widget\" data-settings=\"{&quot;ekit_we_effect_on&quot;:&quot;none&quot;}\" data-widget_type=\"heading.default\">\n\t\t\t\t<div class=\"elementor-widget-container\">\n\t\t\t\t\t<h1 class=\"elementor-heading-title elementor-size-default\">Implicarea \u0219i Contribu\u021bia Comunit\u0103\u021bii<\/h1>\t\t\t\t<\/div>\n\t\t\t\t<\/div>\n\t\t\t\t<div class=\"elementor-element elementor-element-c986241 elementor-widget__width-initial elementor-widget elementor-widget-text-editor\" data-id=\"c986241\" data-element_type=\"widget\" data-settings=\"{&quot;ekit_we_effect_on&quot;:&quot;none&quot;}\" data-widget_type=\"text-editor.default\">\n\t\t\t\t<div class=\"elementor-widget-container\">\n\t\t\t\t\t\t\t\t\t<p>Responsabilitatea social\u0103 corporativ\u0103 (CSR) este un element fundamental al angajamentului nostru \u0219i contribu\u021biei noastre c\u0103tre un viitor durabil.<\/p>\t\t\t\t\t\t\t\t<\/div>\n\t\t\t\t<\/div>\n\t\t\t\t\t<\/div>\n\t\t\t\t<\/div>\n\t\t<div class=\"elementor-element elementor-element-01a78e7 e-flex e-con-boxed e-con e-parent\" data-id=\"01a78e7\" data-element_type=\"container\" data-settings=\"{&quot;ekit_has_onepagescroll_dot&quot;:&quot;yes&quot;}\">\n\t\t\t\t\t<div class=\"e-con-inner\">\n\t\t<div class=\"elementor-element elementor-element-01b9b7e e-con-full e-flex e-con e-child\" data-id=\"01b9b7e\" data-element_type=\"container\" data-settings=\"{&quot;ekit_has_onepagescroll_dot&quot;:&quot;yes&quot;}\">\n\t\t<div class=\"elementor-element elementor-element-def1aae e-con-full e-flex e-con e-child\" data-id=\"def1aae\" data-element_type=\"container\" data-settings=\"{&quot;ekit_has_onepagescroll_dot&quot;:&quot;yes&quot;}\">\n\t\t\t\t<div class=\"elementor-element elementor-element-011bb68 elementor-view-default elementor-widget elementor-widget-icon\" data-id=\"011bb68\" data-element_type=\"widget\" data-settings=\"{&quot;ekit_we_effect_on&quot;:&quot;none&quot;}\" data-widget_type=\"icon.default\">\n\t\t\t\t<div class=\"elementor-widget-container\">\n\t\t\t\t\t\t\t<div class=\"elementor-icon-wrapper\">\n\t\t\t<div class=\"elementor-icon\">\n\t\t\t<svg xmlns=\"http:\/\/www.w3.org\/2000\/svg\" id=\"_&#x56FE;&#x5C42;_2\" data-name=\"&#x56FE;&#x5C42; 2\" viewbox=\"0 0 111.69 167.53\"><defs><style>      .cls-1 {        fill: #fad8be;      }      .cls-1, .cls-2 {        stroke-width: 0px;      }      .cls-2 {        fill: #f47b25;      }    <\/style><\/defs><g id=\"_&#x56FE;&#x5C42;_1-2\" data-name=\"&#x56FE;&#x5C42; 1\"><g><circle class=\"cls-1\" cx=\"55.84\" cy=\"55.84\" r=\"55.84\"><\/circle><circle class=\"cls-2\" cx=\"55.84\" cy=\"111.69\" r=\"55.84\"><\/circle><\/g><\/g><\/svg>\t\t\t<\/div>\n\t\t<\/div>\n\t\t\t\t\t\t<\/div>\n\t\t\t\t<\/div>\n\t\t<div class=\"elementor-element elementor-element-62e1097 e-con-full e-flex e-con e-child\" data-id=\"62e1097\" data-element_type=\"container\" data-settings=\"{&quot;ekit_has_onepagescroll_dot&quot;:&quot;yes&quot;}\">\n\t\t\t\t<div class=\"elementor-element elementor-element-82bfbfc elementor-widget elementor-widget-heading\" data-id=\"82bfbfc\" data-element_type=\"widget\" data-settings=\"{&quot;ekit_we_effect_on&quot;:&quot;none&quot;}\" data-widget_type=\"heading.default\">\n\t\t\t\t<div class=\"elementor-widget-container\">\n\t\t\t\t\t<h2 class=\"elementor-heading-title elementor-size-default\">Opera\u021biuni de fabrica\u021bie responsabil\u0103<\/h2>\t\t\t\t<\/div>\n\t\t\t\t<\/div>\n\t\t\t\t<\/div>\n\t\t\t\t<\/div>\n\t\t\t\t<div class=\"elementor-element elementor-element-ba9c8c1 elementor-widget__width-initial elementor-widget elementor-widget-text-editor\" data-id=\"ba9c8c1\" data-element_type=\"widget\" data-settings=\"{&quot;ekit_we_effect_on&quot;:&quot;none&quot;}\" data-widget_type=\"text-editor.default\">\n\t\t\t\t<div class=\"elementor-widget-container\">\n\t\t\t\t\t\t\t\t\t<p>Primul punct pentru \u00eendeplinirea responsabilit\u0103\u021bii sociale este s\u0103 \u00eendeplinim bine \u00eendatoririle propriei \u00eentreprinderi. Respect\u0103m strict cerin\u021bele de operare \u00een produc\u021bie stipulate de legile \u0219i reglement\u0103rile locale, ne angaj\u0103m s\u0103 reducem poluarea mediului \u00een zona local\u0103 \u0219i ne str\u0103duim s\u0103 gestion\u0103m bine rela\u021bia cu comunitatea local\u0103.<\/p>\t\t\t\t\t\t\t\t<\/div>\n\t\t\t\t<\/div>\n\t\t\t\t<\/div>\n\t\t<div class=\"elementor-element elementor-element-f1217bf e-con-full e-flex e-con e-child\" data-id=\"f1217bf\" data-element_type=\"container\" data-settings=\"{&quot;ekit_has_onepagescroll_dot&quot;:&quot;yes&quot;}\">\n\t\t\t\t<div class=\"elementor-element elementor-element-0b1d572 elementor-widget elementor-widget-image\" data-id=\"0b1d572\" data-element_type=\"widget\" data-settings=\"{&quot;ekit_we_effect_on&quot;:&quot;none&quot;}\" data-widget_type=\"image.default\">\n\t\t\t\t<div class=\"elementor-widget-container\">\n\t\t\t\t\t\t\t\t\t\t\t\t\t\t\t<img fetchpriority=\"high\" decoding=\"async\" width=\"800\" height=\"533\" src=\"https:\/\/landuchem.com\/wp-content\/uploads\/2025\/04\/esg-environmental-social-management-policy-green-heart-in-the-palms--1024x682.jpg\" class=\"attachment-large size-large wp-image-10289\" alt=\"Politic\u0103 ESG de management social \u0219i de mediu. Inim\u0103 verde \u00een palme.\" srcset=\"https:\/\/landuchem.com\/wp-content\/uploads\/2025\/04\/esg-environmental-social-management-policy-green-heart-in-the-palms--1024x682.jpg 1024w, https:\/\/landuchem.com\/wp-content\/uploads\/2025\/04\/esg-environmental-social-management-policy-green-heart-in-the-palms--300x200.jpg 300w, https:\/\/landuchem.com\/wp-content\/uploads\/2025\/04\/esg-environmental-social-management-policy-green-heart-in-the-palms--768x512.jpg 768w, https:\/\/landuchem.com\/wp-content\/uploads\/2025\/04\/esg-environmental-social-management-policy-green-heart-in-the-palms--1536x1024.jpg 1536w, https:\/\/landuchem.com\/wp-content\/uploads\/2025\/04\/esg-environmental-social-management-policy-green-heart-in-the-palms-.jpg 2000w\" sizes=\"(max-width: 800px) 100vw, 800px\" \/>\t\t\t\t\t\t\t\t\t\t\t\t\t\t\t<\/div>\n\t\t\t\t<\/div>\n\t\t\t\t<\/div>\n\t\t\t\t\t<\/div>\n\t\t\t\t<\/div>\n\t\t<div class=\"elementor-element elementor-element-b294607 e-grid e-con-boxed e-con e-parent\" data-id=\"b294607\" data-element_type=\"container\" data-settings=\"{&quot;ekit_has_onepagescroll_dot&quot;:&quot;yes&quot;}\">\n\t\t\t\t\t<div class=\"e-con-inner\">\n\t\t<div class=\"elementor-element elementor-element-d5d513c e-con-full e-flex e-con e-child\" data-id=\"d5d513c\" data-element_type=\"container\" data-settings=\"{&quot;ekit_has_onepagescroll_dot&quot;:&quot;yes&quot;}\">\n\t\t\t\t<div class=\"elementor-element elementor-element-5060f06 elementor-widget elementor-widget-text-editor\" data-id=\"5060f06\" data-element_type=\"widget\" data-settings=\"{&quot;ekit_we_effect_on&quot;:&quot;none&quot;}\" data-widget_type=\"text-editor.default\">\n\t\t\t\t<div class=\"elementor-widget-container\">\n\t\t\t\t\t\t\t\t\t\u00centreprinderea noastr\u0103 respect\u0103 strict legile \u0219i reglement\u0103rile \u00een opera\u021biunile locale.\t\t\t\t\t\t\t\t<\/div>\n\t\t\t\t<\/div>\n\t\t\t\t<\/div>\n\t\t<div class=\"elementor-element elementor-element-9840be3 e-con-full e-flex e-con e-child\" data-id=\"9840be3\" data-element_type=\"container\" data-settings=\"{&quot;ekit_has_onepagescroll_dot&quot;:&quot;yes&quot;}\">\n\t\t\t\t<div class=\"elementor-element elementor-element-e3c90a5 elementor-widget elementor-widget-text-editor\" data-id=\"e3c90a5\" data-element_type=\"widget\" data-settings=\"{&quot;ekit_we_effect_on&quot;:&quot;none&quot;}\" data-widget_type=\"text-editor.default\">\n\t\t\t\t<div class=\"elementor-widget-container\">\n\t\t\t\t\t\t\t\t\tUni\u021bi pentru a combate poluarea local\u0103. Angaja\u021bii se voluntarizeaz\u0103 pentru a ajuta la reciclarea de\u0219eurilor de produc\u021bie \u0219i \u00eemp\u0103rt\u0103\u0219esc cele mai bune practici din industria chimic\u0103 pentru a face procesul de reciclare mai sigur pentru to\u021bi voluntarii asocia\u021biei.\t\t\t\t\t\t\t\t<\/div>\n\t\t\t\t<\/div>\n\t\t\t\t<\/div>\n\t\t<div class=\"elementor-element elementor-element-a218f3b e-con-full e-flex e-con e-child\" data-id=\"a218f3b\" data-element_type=\"container\" data-settings=\"{&quot;ekit_has_onepagescroll_dot&quot;:&quot;yes&quot;}\">\n\t\t\t\t<div class=\"elementor-element elementor-element-7044946 elementor-widget elementor-widget-text-editor\" data-id=\"7044946\" data-element_type=\"widget\" data-settings=\"{&quot;ekit_we_effect_on&quot;:&quot;none&quot;}\" data-widget_type=\"text-editor.default\">\n\t\t\t\t<div class=\"elementor-widget-container\">\n\t\t\t\t\t\t\t\t\tLa NOVASTAR, acord\u0103m o mare importan\u021b\u0103 rela\u021biilor noastre cu comunit\u0103\u021bile locale, \u00een special acolo unde se afl\u0103 opera\u021biunile \u0219i fabricile noastre. Audit\u0103m regulat performan\u021ba fiec\u0103rei fabrici pentru a asigura informarea \u0219i implicarea comunit\u0103\u021bii locale. \t\t\t\t\t\t\t\t<\/div>\n\t\t\t\t<\/div>\n\t\t\t\t<\/div>\n\t\t\t\t\t<\/div>\n\t\t\t\t<\/div>\n\t\t<div class=\"elementor-element elementor-element-cd21dbe e-flex e-con-boxed e-con e-parent\" data-id=\"cd21dbe\" data-element_type=\"container\" data-settings=\"{&quot;background_background&quot;:&quot;classic&quot;,&quot;ekit_has_onepagescroll_dot&quot;:&quot;yes&quot;}\">\n\t\t\t\t\t<div class=\"e-con-inner\">\n\t\t<div class=\"elementor-element elementor-element-0b32905 e-con-full e-flex e-con e-child\" data-id=\"0b32905\" data-element_type=\"container\" data-settings=\"{&quot;ekit_has_onepagescroll_dot&quot;:&quot;yes&quot;}\">\n\t\t\t\t<div class=\"elementor-element elementor-element-7fcd2ec elementor-view-default elementor-widget elementor-widget-icon\" data-id=\"7fcd2ec\" data-element_type=\"widget\" data-settings=\"{&quot;ekit_we_effect_on&quot;:&quot;none&quot;}\" data-widget_type=\"icon.default\">\n\t\t\t\t<div class=\"elementor-widget-container\">\n\t\t\t\t\t\t\t<div class=\"elementor-icon-wrapper\">\n\t\t\t<div class=\"elementor-icon\">\n\t\t\t<svg xmlns=\"http:\/\/www.w3.org\/2000\/svg\" id=\"_&#x56FE;&#x5C42;_2\" data-name=\"&#x56FE;&#x5C42; 2\" viewbox=\"0 0 111.69 167.53\"><defs><style>      .cls-1 {        fill: #fad8be;      }      .cls-1, .cls-2 {        stroke-width: 0px;      }      .cls-2 {        fill: #f47b25;      }    <\/style><\/defs><g id=\"_&#x56FE;&#x5C42;_1-2\" data-name=\"&#x56FE;&#x5C42; 1\"><g><circle class=\"cls-1\" cx=\"55.84\" cy=\"55.84\" r=\"55.84\"><\/circle><circle class=\"cls-2\" cx=\"55.84\" cy=\"111.69\" r=\"55.84\"><\/circle><\/g><\/g><\/svg>\t\t\t<\/div>\n\t\t<\/div>\n\t\t\t\t\t\t<\/div>\n\t\t\t\t<\/div>\n\t\t<div class=\"elementor-element elementor-element-31d6f28 e-con-full e-flex e-con e-child\" data-id=\"31d6f28\" data-element_type=\"container\" data-settings=\"{&quot;ekit_has_onepagescroll_dot&quot;:&quot;yes&quot;}\">\n\t\t\t\t<div class=\"elementor-element elementor-element-a93371c elementor-widget elementor-widget-heading\" data-id=\"a93371c\" data-element_type=\"widget\" data-settings=\"{&quot;ekit_we_effect_on&quot;:&quot;none&quot;}\" data-widget_type=\"heading.default\">\n\t\t\t\t<div class=\"elementor-widget-container\">\n\t\t\t\t\t<h2 class=\"elementor-heading-title elementor-size-default\">Sprijin pentru construc\u021bia \u0219i dezvoltarea local\u0103<\/h2>\t\t\t\t<\/div>\n\t\t\t\t<\/div>\n\t\t\t\t<\/div>\n\t\t\t\t<\/div>\n\t\t\t\t<div class=\"elementor-element elementor-element-8b8497c elementor-widget__width-initial elementor-widget elementor-widget-text-editor\" data-id=\"8b8497c\" data-element_type=\"widget\" data-settings=\"{&quot;ekit_we_effect_on&quot;:&quot;none&quot;}\" data-widget_type=\"text-editor.default\">\n\t\t\t\t<div class=\"elementor-widget-container\">\n\t\t\t\t\t\t\t\t\tLa NOVASTAR, recunoa\u0219tem c\u0103 succesul nostru este profund legat de prosperitatea comunit\u0103\u021bilor \u00een care oper\u0103m. Dincolo de cre\u0219terea afacerii, suntem dedica\u021bi cre\u0103rii unei valori sociale durabile prin investi\u021bii \u00een infrastructura local\u0103 \u0219i \u00een \u00eemputernicirea educa\u021biei. Ini\u021biativele noastre se concentreaz\u0103 pe construirea de comunit\u0103\u021bi reziliente, promovarea cre\u0219terii incluzive \u0219i asigurarea dezvolt\u0103rii durabile pentru genera\u021biile viitoare.\t\t\t\t\t\t\t\t<\/div>\n\t\t\t\t<\/div>\n\t\t<div class=\"elementor-element elementor-element-5db46b7 e-con-full e-flex e-con e-child\" data-id=\"5db46b7\" data-element_type=\"container\" data-settings=\"{&quot;ekit_has_onepagescroll_dot&quot;:&quot;yes&quot;}\">\n\t\t<div class=\"elementor-element elementor-element-15c8607 e-con-full e-flex e-con e-child\" data-id=\"15c8607\" data-element_type=\"container\" data-settings=\"{&quot;ekit_has_onepagescroll_dot&quot;:&quot;yes&quot;}\">\n\t\t\t\t<div class=\"elementor-element elementor-element-3d8989a elementor-widget elementor-widget-image\" data-id=\"3d8989a\" data-element_type=\"widget\" data-settings=\"{&quot;ekit_we_effect_on&quot;:&quot;none&quot;}\" data-widget_type=\"image.default\">\n\t\t\t\t<div class=\"elementor-widget-container\">\n\t\t\t\t\t\t\t\t\t\t\t\t\t\t\t<img decoding=\"async\" width=\"800\" height=\"532\" src=\"https:\/\/landuchem.com\/wp-content\/uploads\/2025\/04\/workers-operating-asphalt-paver-machine-during-road-construction-and-repairing-works-1024x681.jpg\" class=\"attachment-large size-large wp-image-10293\" alt=\"Lucr\u0103tori care opereaz\u0103 ma\u0219ina de asfaltat \u00een timpul construc\u021biei \u0219i repara\u021biilor drumurilor\" srcset=\"https:\/\/landuchem.com\/wp-content\/uploads\/2025\/04\/workers-operating-asphalt-paver-machine-during-road-construction-and-repairing-works-1024x681.jpg 1024w, https:\/\/landuchem.com\/wp-content\/uploads\/2025\/04\/workers-operating-asphalt-paver-machine-during-road-construction-and-repairing-works-300x200.jpg 300w, https:\/\/landuchem.com\/wp-content\/uploads\/2025\/04\/workers-operating-asphalt-paver-machine-during-road-construction-and-repairing-works-768x511.jpg 768w, https:\/\/landuchem.com\/wp-content\/uploads\/2025\/04\/workers-operating-asphalt-paver-machine-during-road-construction-and-repairing-works-1536x1021.jpg 1536w, https:\/\/landuchem.com\/wp-content\/uploads\/2025\/04\/workers-operating-asphalt-paver-machine-during-road-construction-and-repairing-works.jpg 2000w\" sizes=\"(max-width: 800px) 100vw, 800px\" \/>\t\t\t\t\t\t\t\t\t\t\t\t\t\t\t<\/div>\n\t\t\t\t<\/div>\n\t\t\t\t<\/div>\n\t\t<div class=\"elementor-element elementor-element-406f415 e-con-full e-flex e-con e-child\" data-id=\"406f415\" data-element_type=\"container\" data-settings=\"{&quot;ekit_has_onepagescroll_dot&quot;:&quot;yes&quot;}\">\n\t\t\t\t<div class=\"elementor-element elementor-element-c9e63f6 elementor-widget elementor-widget-heading\" data-id=\"c9e63f6\" data-element_type=\"widget\" data-settings=\"{&quot;ekit_we_effect_on&quot;:&quot;none&quot;}\" data-widget_type=\"heading.default\">\n\t\t\t\t<div class=\"elementor-widget-container\">\n\t\t\t\t\t<h3 class=\"elementor-heading-title elementor-size-default\">1. Consolidarea infrastructurii locale<\/h3>\t\t\t\t<\/div>\n\t\t\t\t<\/div>\n\t\t\t\t<div class=\"elementor-element elementor-element-2b7c194 elementor-widget elementor-widget-text-editor\" data-id=\"2b7c194\" data-element_type=\"widget\" data-settings=\"{&quot;ekit_we_effect_on&quot;:&quot;none&quot;}\" data-widget_type=\"text-editor.default\">\n\t\t\t\t<div class=\"elementor-widget-container\">\n\t\t\t\t\t\t\t\t\tColabor\u0103m cu guvernele \u0219i ONG-urile pentru modernizarea infrastructurii critice, asigur\u00e2nd accesul comunit\u0103\u021bilor la servicii esen\u021biale. Parteneriat \u00een construc\u021bia de drumuri \u0219i repara\u021bii de poduri pentru a \u00eembun\u0103t\u0103\u021bi mobilitatea \u0219i accesul economic.\t\t\t\t\t\t\t\t<\/div>\n\t\t\t\t<\/div>\n\t\t\t\t<\/div>\n\t\t\t\t<\/div>\n\t\t<div class=\"elementor-element elementor-element-b50e368 e-con-full e-flex e-con e-child\" data-id=\"b50e368\" data-element_type=\"container\" data-settings=\"{&quot;ekit_has_onepagescroll_dot&quot;:&quot;yes&quot;}\">\n\t\t<div class=\"elementor-element elementor-element-b5ae74a e-con-full e-flex e-con e-child\" data-id=\"b5ae74a\" data-element_type=\"container\" data-settings=\"{&quot;ekit_has_onepagescroll_dot&quot;:&quot;yes&quot;}\">\n\t\t\t\t<div class=\"elementor-element elementor-element-094dca1 elementor-widget elementor-widget-image\" data-id=\"094dca1\" data-element_type=\"widget\" data-settings=\"{&quot;ekit_we_effect_on&quot;:&quot;none&quot;}\" data-widget_type=\"image.default\">\n\t\t\t\t<div class=\"elementor-widget-container\">\n\t\t\t\t\t\t\t\t\t\t\t\t\t\t\t<img decoding=\"async\" width=\"800\" height=\"533\" src=\"https:\/\/landuchem.com\/wp-content\/uploads\/2025\/04\/happy-asian-children-girl-with-wind-turbine-in-the-garden-1024x682.jpg\" class=\"attachment-large size-large wp-image-10294\" alt=\"Feti\u021b\u0103 asiatic\u0103 fericit\u0103 cu turbin\u0103 eolian\u0103 \u00een gr\u0103din\u0103\" srcset=\"https:\/\/landuchem.com\/wp-content\/uploads\/2025\/04\/happy-asian-children-girl-with-wind-turbine-in-the-garden-1024x682.jpg 1024w, https:\/\/landuchem.com\/wp-content\/uploads\/2025\/04\/happy-asian-children-girl-with-wind-turbine-in-the-garden-300x200.jpg 300w, https:\/\/landuchem.com\/wp-content\/uploads\/2025\/04\/happy-asian-children-girl-with-wind-turbine-in-the-garden-768x512.jpg 768w, https:\/\/landuchem.com\/wp-content\/uploads\/2025\/04\/happy-asian-children-girl-with-wind-turbine-in-the-garden-1536x1024.jpg 1536w, https:\/\/landuchem.com\/wp-content\/uploads\/2025\/04\/happy-asian-children-girl-with-wind-turbine-in-the-garden.jpg 2000w\" sizes=\"(max-width: 800px) 100vw, 800px\" \/>\t\t\t\t\t\t\t\t\t\t\t\t\t\t\t<\/div>\n\t\t\t\t<\/div>\n\t\t\t\t<\/div>\n\t\t<div class=\"elementor-element elementor-element-1442c75 e-con-full e-flex e-con e-child\" data-id=\"1442c75\" data-element_type=\"container\" data-settings=\"{&quot;ekit_has_onepagescroll_dot&quot;:&quot;yes&quot;}\">\n\t\t\t\t<div class=\"elementor-element elementor-element-60bf04f elementor-widget elementor-widget-heading\" data-id=\"60bf04f\" data-element_type=\"widget\" data-settings=\"{&quot;ekit_we_effect_on&quot;:&quot;none&quot;}\" data-widget_type=\"heading.default\">\n\t\t\t\t<div class=\"elementor-widget-container\">\n\t\t\t\t\t<h3 class=\"elementor-heading-title elementor-size-default\">2. \u00cemputernicirea educa\u021biei \u0219i dezvoltarea abilit\u0103\u021bilor<\/h3>\t\t\t\t<\/div>\n\t\t\t\t<\/div>\n\t\t\t\t<div class=\"elementor-element elementor-element-16960ac elementor-widget elementor-widget-text-editor\" data-id=\"16960ac\" data-element_type=\"widget\" data-settings=\"{&quot;ekit_we_effect_on&quot;:&quot;none&quot;}\" data-widget_type=\"text-editor.default\">\n\t\t\t\t<div class=\"elementor-widget-container\">\n\t\t\t\t\t\t\t\t\tEduca\u021bia este fundamentul dezvolt\u0103rii sociale. Investim \u00een \u00eenv\u0103\u021bare preg\u0103tit\u0103 pentru viitor, oferind ajutor financiar \u0219i mentorat elevilor cu poten\u021bial \u00een domenii tehnice \u0219i voca\u021bionale. Colabor\u0103m cu institute voca\u021bionale pentru a oferi programe de calificare certificate (de exemplu, energie regenerabil\u0103, fabrica\u021bie avansat\u0103) care s\u0103 corespund\u0103 nevoilor industriei.\t\t\t\t\t\t\t\t<\/div>\n\t\t\t\t<\/div>\n\t\t\t\t<\/div>\n\t\t\t\t<\/div>\n\t\t\t\t\t<\/div>\n\t\t\t\t<\/div>\n\t\t\t\t<\/div>","protected":false},"excerpt":{"rendered":"<p>Community Engagement and Contribution Our corporate social responsibility (CSR) is a fundamental element of our commitment to and contribution towards a sustainable future. Responsible Manufacturing Operation The first point of fulfilling social responsibility is to fulfill the duties of the enterprise itself well. We strictly abide by the production operation requirements for enterprises stipulated by [&hellip;]<\/p>","protected":false},"author":1,"featured_media":0,"parent":4745,"menu_order":0,"comment_status":"closed","ping_status":"closed","template":"elementor_header_footer","meta":{"footnotes":""},"class_list":["post-10274","page","type-page","status-publish","hentry"],"_links":{"self":[{"href":"https:\/\/landuchem.com\/ro\/wp-json\/wp\/v2\/pages\/10274","targetHints":{"allow":["GET"]}}],"collection":[{"href":"https:\/\/landuchem.com\/ro\/wp-json\/wp\/v2\/pages"}],"about":[{"href":"https:\/\/landuchem.com\/ro\/wp-json\/wp\/v2\/types\/page"}],"author":[{"embeddable":true,"href":"https:\/\/landuchem.com\/ro\/wp-json\/wp\/v2\/users\/1"}],"replies":[{"embeddable":true,"href":"https:\/\/landuchem.com\/ro\/wp-json\/wp\/v2\/comments?post=10274"}],"version-history":[{"count":11,"href":"https:\/\/landuchem.com\/ro\/wp-json\/wp\/v2\/pages\/10274\/revisions"}],"predecessor-version":[{"id":12980,"href":"https:\/\/landuchem.com\/ro\/wp-json\/wp\/v2\/pages\/10274\/revisions\/12980"}],"up":[{"embeddable":true,"href":"https:\/\/landuchem.com\/ro\/wp-json\/wp\/v2\/pages\/4745"}],"wp:attachment":[{"href":"https:\/\/landuchem.com\/ro\/wp-json\/wp\/v2\/media?parent=10274"}],"curies":[{"name":"wp","href":"https:\/\/api.w.org\/{rel}","templated":true}]}}