{"id":10176,"date":"2025-04-28T11:01:49","date_gmt":"2025-04-28T11:01:49","guid":{"rendered":"https:\/\/landuchem.com\/?page_id=10176"},"modified":"2025-08-27T02:05:00","modified_gmt":"2025-08-27T02:05:00","slug":"sprijin-si-parteneriat-pentru-sponsorizare","status":"publish","type":"page","link":"https:\/\/landuchem.com\/ro\/sustenabilitate\/prosperitate-care-stimuleaza-societatea-si-economia\/sprijin-si-parteneriat-pentru-sponsorizare\/","title":{"rendered":"Sponsorizare: Sprijin \u0219i parteneriat"},"content":{"rendered":"<div data-elementor-type=\"wp-page\" data-elementor-id=\"10176\" class=\"elementor elementor-10176\" data-elementor-post-type=\"page\">\n\t\t\t\t<div class=\"elementor-element elementor-element-b8ed35a e-flex e-con-boxed e-con e-parent\" data-id=\"b8ed35a\" data-element_type=\"container\" data-settings=\"{&quot;background_background&quot;:&quot;classic&quot;,&quot;ekit_has_onepagescroll_dot&quot;:&quot;yes&quot;}\">\n\t\t\t\t\t<div class=\"e-con-inner\">\n\t\t\t\t<div class=\"elementor-element elementor-element-a72b32f elementor-widget elementor-widget-heading\" data-id=\"a72b32f\" data-element_type=\"widget\" data-settings=\"{&quot;ekit_we_effect_on&quot;:&quot;none&quot;}\" data-widget_type=\"heading.default\">\n\t\t\t\t<div class=\"elementor-widget-container\">\n\t\t\t\t\t<h1 class=\"elementor-heading-title elementor-size-default\">Sponsorizare: Sprijin \u0219i parteneriat<\/h1>\t\t\t\t<\/div>\n\t\t\t\t<\/div>\n\t\t\t\t<div class=\"elementor-element elementor-element-3db6ea5 elementor-widget__width-initial elementor-widget-mobile__width-initial elementor-widget elementor-widget-text-editor\" data-id=\"3db6ea5\" data-element_type=\"widget\" data-settings=\"{&quot;ekit_we_effect_on&quot;:&quot;none&quot;}\" data-widget_type=\"text-editor.default\">\n\t\t\t\t<div class=\"elementor-widget-container\">\n\t\t\t\t\t\t\t\t\t<p>Dintr-un sentiment de responsabilitate social\u0103, LANDU a r\u0103spuns apelului de a participa la urm\u0103toza faz\u0103 a dezvolt\u0103rii societale, contribuind la sponsorizarea corporativ\u0103 a organiza\u021biilor care lucreaz\u0103 pentru avansarea angajamentelor fa\u021b\u0103 de sustenabilitate, sprijinul comunit\u0103\u021bii \u0219i binele social general.<\/p>\t\t\t\t\t\t\t\t<\/div>\n\t\t\t\t<\/div>\n\t\t\t\t\t<\/div>\n\t\t\t\t<\/div>\n\t\t<div class=\"elementor-element elementor-element-1f0e05c e-flex e-con-boxed e-con e-child\" data-id=\"1f0e05c\" data-element_type=\"container\" data-settings=\"{&quot;ekit_has_onepagescroll_dot&quot;:&quot;yes&quot;}\">\n\t\t\t\t\t<div class=\"e-con-inner\">\n\t\t\t\t<div class=\"elementor-element elementor-element-1a9a615 elementor-view-default elementor-widget elementor-widget-icon\" data-id=\"1a9a615\" data-element_type=\"widget\" data-settings=\"{&quot;ekit_we_effect_on&quot;:&quot;none&quot;}\" data-widget_type=\"icon.default\">\n\t\t\t\t<div class=\"elementor-widget-container\">\n\t\t\t\t\t\t\t<div class=\"elementor-icon-wrapper\">\n\t\t\t<div class=\"elementor-icon\">\n\t\t\t<svg xmlns=\"http:\/\/www.w3.org\/2000\/svg\" id=\"_&#x56FE;&#x5C42;_2\" data-name=\"&#x56FE;&#x5C42; 2\" viewbox=\"0 0 111.69 167.53\"><defs><style>      .cls-1 {        fill: #fad8be;      }      .cls-1, .cls-2 {        stroke-width: 0px;      }      .cls-2 {        fill: #f47b25;      }    <\/style><\/defs><g id=\"_&#x56FE;&#x5C42;_1-2\" data-name=\"&#x56FE;&#x5C42; 1\"><g><circle class=\"cls-1\" cx=\"55.84\" cy=\"55.84\" r=\"55.84\"><\/circle><circle class=\"cls-2\" cx=\"55.84\" cy=\"111.69\" r=\"55.84\"><\/circle><\/g><\/g><\/svg>\t\t\t<\/div>\n\t\t<\/div>\n\t\t\t\t\t\t<\/div>\n\t\t\t\t<\/div>\n\t\t<div class=\"elementor-element elementor-element-fb7861f e-con-full e-flex e-con e-child\" data-id=\"fb7861f\" data-element_type=\"container\" data-settings=\"{&quot;ekit_has_onepagescroll_dot&quot;:&quot;yes&quot;}\">\n\t\t\t\t<div class=\"elementor-element elementor-element-1b9853f elementor-widget elementor-widget-heading\" data-id=\"1b9853f\" data-element_type=\"widget\" data-settings=\"{&quot;ekit_we_effect_on&quot;:&quot;none&quot;}\" data-widget_type=\"heading.default\">\n\t\t\t\t<div class=\"elementor-widget-container\">\n\t\t\t\t\t<h2 class=\"elementor-heading-title elementor-size-default\">Programul de Parteneriat pentru Inovare Colaborativ\u0103 \u00eentre Industrie-Universitate-Cercetare<\/h2>\t\t\t\t<\/div>\n\t\t\t\t<\/div>\n\t\t\t\t<\/div>\n\t\t\t\t\t<\/div>\n\t\t\t\t<\/div>\n\t\t<div class=\"elementor-element elementor-element-0742b3c e-grid e-con-boxed e-con e-parent\" data-id=\"0742b3c\" data-element_type=\"container\" data-settings=\"{&quot;ekit_has_onepagescroll_dot&quot;:&quot;yes&quot;}\">\n\t\t\t\t\t<div class=\"e-con-inner\">\n\t\t<div class=\"elementor-element elementor-element-fe1fbfc e-con-full e-flex e-con e-child\" data-id=\"fe1fbfc\" data-element_type=\"container\" data-settings=\"{&quot;ekit_has_onepagescroll_dot&quot;:&quot;yes&quot;}\">\n\t\t\t\t<div class=\"elementor-element elementor-element-27f8c1b elementor-widget elementor-widget-text-editor\" data-id=\"27f8c1b\" data-element_type=\"widget\" data-settings=\"{&quot;ekit_we_effect_on&quot;:&quot;none&quot;}\" data-widget_type=\"text-editor.default\">\n\t\t\t\t<div class=\"elementor-widget-container\">\n\t\t\t\t\t\t\t\t\tLANDU a investit \u00een cercetare \u0219i dezvoltare pentru a promova aplicarea industrial\u0103 a 3 tehnologii cu emisii reduse de carbon, cum ar fi cre\u0219terea ratei de \u00eenlocuire a materiilor prime cu agen\u021bi de reducere a apei pe baz\u0103 de biomas\u0103 la 35%.\t\t\t\t\t\t\t\t<\/div>\n\t\t\t\t<\/div>\n\t\t\t\t<\/div>\n\t\t<div class=\"elementor-element elementor-element-b4ae44e e-con-full e-flex e-con e-child\" data-id=\"b4ae44e\" data-element_type=\"container\" data-settings=\"{&quot;ekit_has_onepagescroll_dot&quot;:&quot;yes&quot;}\">\n\t\t\t\t<div class=\"elementor-element elementor-element-ec0c148 elementor-widget elementor-widget-text-editor\" data-id=\"ec0c148\" data-element_type=\"widget\" data-settings=\"{&quot;ekit_we_effect_on&quot;:&quot;none&quot;}\" data-widget_type=\"text-editor.default\">\n\t\t\t\t<div class=\"elementor-widget-container\">\n\t\t\t\t\t\t\t\t\tAm oferit servicii de partajare a echipamentelor pilot pentru 12 startup-uri din Shandong \u0219i am incubat cu succes proiecte de agen\u021bi hidrofobi nano-airegol.\t\t\t\t\t\t\t\t<\/div>\n\t\t\t\t<\/div>\n\t\t\t\t<\/div>\n\t\t<div class=\"elementor-element elementor-element-a33147e e-con-full e-flex e-con e-child\" data-id=\"a33147e\" data-element_type=\"container\" data-settings=\"{&quot;ekit_has_onepagescroll_dot&quot;:&quot;yes&quot;}\">\n\t\t\t\t<div class=\"elementor-element elementor-element-f59571d elementor-widget elementor-widget-text-editor\" data-id=\"f59571d\" data-element_type=\"widget\" data-settings=\"{&quot;ekit_we_effect_on&quot;:&quot;none&quot;}\" data-widget_type=\"text-editor.default\">\n\t\t\t\t<div class=\"elementor-widget-container\">\n\t\t\t\t\t\t\t\t\tLANDU particip\u0103 la revizuirea standardelor industriale \u0219i promoveaz\u0103 unificarea metodelor de calcul al emisiilor de carbon.\t\t\t\t\t\t\t\t<\/div>\n\t\t\t\t<\/div>\n\t\t\t\t<\/div>\n\t\t\t\t\t<\/div>\n\t\t\t\t<\/div>\n\t\t<div class=\"elementor-element elementor-element-fab71a8 e-flex e-con-boxed e-con e-child\" data-id=\"fab71a8\" data-element_type=\"container\" data-settings=\"{&quot;ekit_has_onepagescroll_dot&quot;:&quot;yes&quot;}\">\n\t\t\t\t\t<div class=\"e-con-inner\">\n\t\t<div class=\"elementor-element elementor-element-d2ef574 e-con-full e-flex e-con e-child\" data-id=\"d2ef574\" data-element_type=\"container\" data-settings=\"{&quot;ekit_has_onepagescroll_dot&quot;:&quot;yes&quot;}\">\n\t\t<div class=\"elementor-element elementor-element-43f9e23 e-con-full e-flex e-con e-child\" data-id=\"43f9e23\" data-element_type=\"container\" data-settings=\"{&quot;ekit_has_onepagescroll_dot&quot;:&quot;yes&quot;}\">\n\t\t\t\t<div class=\"elementor-element elementor-element-7efc05d elementor-view-default elementor-widget elementor-widget-icon\" data-id=\"7efc05d\" data-element_type=\"widget\" data-settings=\"{&quot;ekit_we_effect_on&quot;:&quot;none&quot;}\" data-widget_type=\"icon.default\">\n\t\t\t\t<div class=\"elementor-widget-container\">\n\t\t\t\t\t\t\t<div class=\"elementor-icon-wrapper\">\n\t\t\t<div class=\"elementor-icon\">\n\t\t\t<svg xmlns=\"http:\/\/www.w3.org\/2000\/svg\" id=\"_&#x56FE;&#x5C42;_2\" data-name=\"&#x56FE;&#x5C42; 2\" viewbox=\"0 0 111.69 167.53\"><defs><style>      .cls-1 {        fill: #fad8be;      }      .cls-1, .cls-2 {        stroke-width: 0px;      }      .cls-2 {        fill: #f47b25;      }    <\/style><\/defs><g id=\"_&#x56FE;&#x5C42;_1-2\" data-name=\"&#x56FE;&#x5C42; 1\"><g><circle class=\"cls-1\" cx=\"55.84\" cy=\"55.84\" r=\"55.84\"><\/circle><circle class=\"cls-2\" cx=\"55.84\" cy=\"111.69\" r=\"55.84\"><\/circle><\/g><\/g><\/svg>\t\t\t<\/div>\n\t\t<\/div>\n\t\t\t\t\t\t<\/div>\n\t\t\t\t<\/div>\n\t\t<div class=\"elementor-element elementor-element-a3a2d73 e-con-full e-flex e-con e-child\" data-id=\"a3a2d73\" data-element_type=\"container\" data-settings=\"{&quot;ekit_has_onepagescroll_dot&quot;:&quot;yes&quot;}\">\n\t\t\t\t<div class=\"elementor-element elementor-element-0595a9b elementor-widget elementor-widget-heading\" data-id=\"0595a9b\" data-element_type=\"widget\" data-settings=\"{&quot;ekit_we_effect_on&quot;:&quot;none&quot;}\" data-widget_type=\"heading.default\">\n\t\t\t\t<div class=\"elementor-widget-container\">\n\t\t\t\t\t<h2 class=\"elementor-heading-title elementor-size-default\">Proiectul de \u00cemputernicire pentru Dezvoltarea Durabil\u0103 a Comunit\u0103\u021bilor<\/h2>\t\t\t\t<\/div>\n\t\t\t\t<\/div>\n\t\t\t\t<\/div>\n\t\t\t\t<\/div>\n\t\t\t\t<div class=\"elementor-element elementor-element-29e1887 elementor-widget elementor-widget-text-editor\" data-id=\"29e1887\" data-element_type=\"widget\" data-settings=\"{&quot;ekit_we_effect_on&quot;:&quot;none&quot;}\" data-widget_type=\"text-editor.default\">\n\t\t\t\t<div class=\"elementor-widget-container\">\n\t\t\t\t\t\t\t\t\t<p>LANDU a donat un repelent de ap\u0103 extrem de impermeabil pentru a ajuta 17 sate \u00eendep\u0103rtate s\u0103 construiasc\u0103 rezervoare cu 40% pentru o rezisten\u021b\u0103 mai bun\u0103 la intemperii. Programul nostru de formare \u201cAtelier de Chimie Verde\u201d a fost implementat \u0219i a instruit \u00een total 326 de chimi\u0219ti \u0219i operatori certifica\u021bi, care au st\u0103p\u00e2nit tehnologii de produc\u021bie mai curat\u0103 pentru industrie.<\/p>\t\t\t\t\t\t\t\t<\/div>\n\t\t\t\t<\/div>\n\t\t\t\t<\/div>\n\t\t<div class=\"elementor-element elementor-element-f7d65ca e-con-full e-flex e-con e-child\" data-id=\"f7d65ca\" data-element_type=\"container\" data-settings=\"{&quot;ekit_has_onepagescroll_dot&quot;:&quot;yes&quot;}\">\n\t\t\t\t<div class=\"elementor-element elementor-element-244deb1 elementor-widget elementor-widget-image\" data-id=\"244deb1\" data-element_type=\"widget\" data-settings=\"{&quot;ekit_we_effect_on&quot;:&quot;none&quot;}\" data-widget_type=\"image.default\">\n\t\t\t\t<div class=\"elementor-widget-container\">\n\t\t\t\t\t\t\t\t\t\t\t\t\t\t\t<img fetchpriority=\"high\" decoding=\"async\" width=\"800\" height=\"533\" src=\"https:\/\/landuchem.com\/wp-content\/uploads\/2025\/04\/reservoirs-1024x682.jpg\" class=\"attachment-large size-large wp-image-10187\" alt=\"rezervoare\" srcset=\"https:\/\/landuchem.com\/wp-content\/uploads\/2025\/04\/reservoirs-1024x682.jpg 1024w, https:\/\/landuchem.com\/wp-content\/uploads\/2025\/04\/reservoirs-300x200.jpg 300w, https:\/\/landuchem.com\/wp-content\/uploads\/2025\/04\/reservoirs-768x512.jpg 768w, https:\/\/landuchem.com\/wp-content\/uploads\/2025\/04\/reservoirs-1536x1024.jpg 1536w, https:\/\/landuchem.com\/wp-content\/uploads\/2025\/04\/reservoirs.jpg 2000w\" sizes=\"(max-width: 800px) 100vw, 800px\" \/>\t\t\t\t\t\t\t\t\t\t\t\t\t\t\t<\/div>\n\t\t\t\t<\/div>\n\t\t\t\t<\/div>\n\t\t\t\t\t<\/div>\n\t\t\t\t<\/div>\n\t\t<div class=\"elementor-element elementor-element-95b6d4c e-flex e-con-boxed e-con e-child\" data-id=\"95b6d4c\" data-element_type=\"container\" data-settings=\"{&quot;ekit_has_onepagescroll_dot&quot;:&quot;yes&quot;}\">\n\t\t\t\t\t<div class=\"e-con-inner\">\n\t\t<div class=\"elementor-element elementor-element-b91cbbc e-con-full e-flex e-con e-child\" data-id=\"b91cbbc\" data-element_type=\"container\" data-settings=\"{&quot;ekit_has_onepagescroll_dot&quot;:&quot;yes&quot;}\">\n\t\t\t\t<div class=\"elementor-element elementor-element-af0a330 elementor-widget elementor-widget-image\" data-id=\"af0a330\" data-element_type=\"widget\" data-settings=\"{&quot;ekit_we_effect_on&quot;:&quot;none&quot;}\" data-widget_type=\"image.default\">\n\t\t\t\t<div class=\"elementor-widget-container\">\n\t\t\t\t\t\t\t\t\t\t\t\t\t\t\t<img decoding=\"async\" width=\"800\" height=\"533\" src=\"https:\/\/landuchem.com\/wp-content\/uploads\/2025\/04\/symbol-of-waste-recycling-with-green-leaves-environmental-protection-concept-recycle-icon-environm-1024x682.jpg\" class=\"attachment-large size-large wp-image-10198\" alt=\"Simbol de reciclare a de\u0219eurilor cu frunze verzi. concept de protec\u021bie a mediului. Iconi\u021b\u0103 de reciclare Mediu\" srcset=\"https:\/\/landuchem.com\/wp-content\/uploads\/2025\/04\/symbol-of-waste-recycling-with-green-leaves-environmental-protection-concept-recycle-icon-environm-1024x682.jpg 1024w, https:\/\/landuchem.com\/wp-content\/uploads\/2025\/04\/symbol-of-waste-recycling-with-green-leaves-environmental-protection-concept-recycle-icon-environm-300x200.jpg 300w, https:\/\/landuchem.com\/wp-content\/uploads\/2025\/04\/symbol-of-waste-recycling-with-green-leaves-environmental-protection-concept-recycle-icon-environm-768x512.jpg 768w, https:\/\/landuchem.com\/wp-content\/uploads\/2025\/04\/symbol-of-waste-recycling-with-green-leaves-environmental-protection-concept-recycle-icon-environm-1536x1024.jpg 1536w, https:\/\/landuchem.com\/wp-content\/uploads\/2025\/04\/symbol-of-waste-recycling-with-green-leaves-environmental-protection-concept-recycle-icon-environm.jpg 2000w\" sizes=\"(max-width: 800px) 100vw, 800px\" \/>\t\t\t\t\t\t\t\t\t\t\t\t\t\t\t<\/div>\n\t\t\t\t<\/div>\n\t\t\t\t<\/div>\n\t\t<div class=\"elementor-element elementor-element-764a597 e-con-full e-flex e-con e-child\" data-id=\"764a597\" data-element_type=\"container\" data-settings=\"{&quot;ekit_has_onepagescroll_dot&quot;:&quot;yes&quot;}\">\n\t\t<div class=\"elementor-element elementor-element-2ba7cb9 e-con-full e-flex e-con e-child\" data-id=\"2ba7cb9\" data-element_type=\"container\" data-settings=\"{&quot;ekit_has_onepagescroll_dot&quot;:&quot;yes&quot;}\">\n\t\t\t\t<div class=\"elementor-element elementor-element-1c30308 elementor-view-default elementor-widget elementor-widget-icon\" data-id=\"1c30308\" data-element_type=\"widget\" data-settings=\"{&quot;ekit_we_effect_on&quot;:&quot;none&quot;}\" data-widget_type=\"icon.default\">\n\t\t\t\t<div class=\"elementor-widget-container\">\n\t\t\t\t\t\t\t<div class=\"elementor-icon-wrapper\">\n\t\t\t<div class=\"elementor-icon\">\n\t\t\t<svg xmlns=\"http:\/\/www.w3.org\/2000\/svg\" id=\"_&#x56FE;&#x5C42;_2\" data-name=\"&#x56FE;&#x5C42; 2\" viewbox=\"0 0 111.69 167.53\"><defs><style>      .cls-1 {        fill: #fad8be;      }      .cls-1, .cls-2 {        stroke-width: 0px;      }      .cls-2 {        fill: #f47b25;      }    <\/style><\/defs><g id=\"_&#x56FE;&#x5C42;_1-2\" data-name=\"&#x56FE;&#x5C42; 1\"><g><circle class=\"cls-1\" cx=\"55.84\" cy=\"55.84\" r=\"55.84\"><\/circle><circle class=\"cls-2\" cx=\"55.84\" cy=\"111.69\" r=\"55.84\"><\/circle><\/g><\/g><\/svg>\t\t\t<\/div>\n\t\t<\/div>\n\t\t\t\t\t\t<\/div>\n\t\t\t\t<\/div>\n\t\t<div class=\"elementor-element elementor-element-0219ea6 e-con-full e-flex e-con e-child\" data-id=\"0219ea6\" data-element_type=\"container\" data-settings=\"{&quot;ekit_has_onepagescroll_dot&quot;:&quot;yes&quot;}\">\n\t\t\t\t<div class=\"elementor-element elementor-element-cb4651a elementor-widget elementor-widget-heading\" data-id=\"cb4651a\" data-element_type=\"widget\" data-settings=\"{&quot;ekit_we_effect_on&quot;:&quot;none&quot;}\" data-widget_type=\"heading.default\">\n\t\t\t\t<div class=\"elementor-widget-container\">\n\t\t\t\t\t<h2 class=\"elementor-heading-title elementor-size-default\">\nIni\u021biativa de Co-construc\u021bie a Ecosistemului Industrial<\/h2>\t\t\t\t<\/div>\n\t\t\t\t<\/div>\n\t\t\t\t<\/div>\n\t\t\t\t<\/div>\n\t\t\t\t<div class=\"elementor-element elementor-element-93548cb elementor-widget elementor-widget-text-editor\" data-id=\"93548cb\" data-element_type=\"widget\" data-settings=\"{&quot;ekit_we_effect_on&quot;:&quot;none&quot;}\" data-widget_type=\"text-editor.default\">\n\t\t\t\t<div class=\"elementor-widget-container\">\n\t\t\t\t\t\t\t\t\t<p>LANDU inten\u021bioneaz\u0103 s\u0103 lanseze Programul de Parteneriat pentru Neutralitatea Carbonului \u00een Beton, av\u00e2nd ca scop furnizarea de servicii de contabilizare a carbonului \u0219i personalizarea solu\u021biilor sinergice pentru reduc\u0103torii de ap\u0103 \u0219i amestecurile, reduc\u00e2nd amprenta de carbon medie \u0219i oferind un viitor mai bun.<\/p>\t\t\t\t\t\t\t\t<\/div>\n\t\t\t\t<\/div>\n\t\t\t\t<\/div>\n\t\t\t\t\t<\/div>\n\t\t\t\t<\/div>\n\t\t\t\t<\/div>","protected":false},"excerpt":{"rendered":"<p>Sponsorship: Supporting and Partnering Out of a sense of social responsibility, LANDU has been answering the call to participate in the next phase of societal development, contributing to corporate sponsorship of organizations working to advance commitments to sustainability, community support, and the overall social good. Industry-University-Research Collaborative Innovation Partnership Program LANDU has invested in R&#038;D [&hellip;]<\/p>","protected":false},"author":1,"featured_media":0,"parent":10136,"menu_order":0,"comment_status":"closed","ping_status":"closed","template":"elementor_header_footer","meta":{"footnotes":""},"class_list":["post-10176","page","type-page","status-publish","hentry"],"_links":{"self":[{"href":"https:\/\/landuchem.com\/ro\/wp-json\/wp\/v2\/pages\/10176","targetHints":{"allow":["GET"]}}],"collection":[{"href":"https:\/\/landuchem.com\/ro\/wp-json\/wp\/v2\/pages"}],"about":[{"href":"https:\/\/landuchem.com\/ro\/wp-json\/wp\/v2\/types\/page"}],"author":[{"embeddable":true,"href":"https:\/\/landuchem.com\/ro\/wp-json\/wp\/v2\/users\/1"}],"replies":[{"embeddable":true,"href":"https:\/\/landuchem.com\/ro\/wp-json\/wp\/v2\/comments?post=10176"}],"version-history":[{"count":17,"href":"https:\/\/landuchem.com\/ro\/wp-json\/wp\/v2\/pages\/10176\/revisions"}],"predecessor-version":[{"id":12998,"href":"https:\/\/landuchem.com\/ro\/wp-json\/wp\/v2\/pages\/10176\/revisions\/12998"}],"up":[{"embeddable":true,"href":"https:\/\/landuchem.com\/ro\/wp-json\/wp\/v2\/pages\/10136"}],"wp:attachment":[{"href":"https:\/\/landuchem.com\/ro\/wp-json\/wp\/v2\/media?parent=10176"}],"curies":[{"name":"wp","href":"https:\/\/api.w.org\/{rel}","templated":true}]}}