{"id":10176,"date":"2025-04-28T11:01:49","date_gmt":"2025-04-28T11:01:49","guid":{"rendered":"https:\/\/landuchem.com\/?page_id=10176"},"modified":"2025-08-27T02:05:00","modified_gmt":"2025-08-27T02:05:00","slug":"apoio-a-patrocinios-e-parcerias","status":"publish","type":"page","link":"https:\/\/landuchem.com\/pt_br\/sustentabilidade\/sociedade-e-economia-impulsionando-a-prosperidade\/apoio-a-patrocinios-e-parcerias\/","title":{"rendered":"Patroc\u00ednio: Apoio e Parceria"},"content":{"rendered":"<div data-elementor-type=\"wp-page\" data-elementor-id=\"10176\" class=\"elementor elementor-10176\" data-elementor-post-type=\"page\">\n\t\t\t\t<div class=\"elementor-element elementor-element-b8ed35a e-flex e-con-boxed e-con e-parent\" data-id=\"b8ed35a\" data-element_type=\"container\" data-settings=\"{&quot;background_background&quot;:&quot;classic&quot;,&quot;ekit_has_onepagescroll_dot&quot;:&quot;yes&quot;}\">\n\t\t\t\t\t<div class=\"e-con-inner\">\n\t\t\t\t<div class=\"elementor-element elementor-element-a72b32f elementor-widget elementor-widget-heading\" data-id=\"a72b32f\" data-element_type=\"widget\" data-settings=\"{&quot;ekit_we_effect_on&quot;:&quot;none&quot;}\" data-widget_type=\"heading.default\">\n\t\t\t\t<div class=\"elementor-widget-container\">\n\t\t\t\t\t<h1 class=\"elementor-heading-title elementor-size-default\">Patroc\u00ednio: Apoio e Parceria<\/h1>\t\t\t\t<\/div>\n\t\t\t\t<\/div>\n\t\t\t\t<div class=\"elementor-element elementor-element-3db6ea5 elementor-widget__width-initial elementor-widget-mobile__width-initial elementor-widget elementor-widget-text-editor\" data-id=\"3db6ea5\" data-element_type=\"widget\" data-settings=\"{&quot;ekit_we_effect_on&quot;:&quot;none&quot;}\" data-widget_type=\"text-editor.default\">\n\t\t\t\t<div class=\"elementor-widget-container\">\n\t\t\t\t\t\t\t\t\t<p>Por um senso de responsabilidade social, a LANDU tem atendido ao chamado para participar da pr\u00f3xima fase do desenvolvimento societal, contribuindo para patroc\u00ednios corporativos de organiza\u00e7\u00f5es que trabalham para avan\u00e7ar compromissos com sustentabilidade, apoio \u00e0 comunidade e o bem social como um todo.<\/p>\t\t\t\t\t\t\t\t<\/div>\n\t\t\t\t<\/div>\n\t\t\t\t\t<\/div>\n\t\t\t\t<\/div>\n\t\t<div class=\"elementor-element elementor-element-1f0e05c e-flex e-con-boxed e-con e-child\" data-id=\"1f0e05c\" data-element_type=\"container\" data-settings=\"{&quot;ekit_has_onepagescroll_dot&quot;:&quot;yes&quot;}\">\n\t\t\t\t\t<div class=\"e-con-inner\">\n\t\t\t\t<div class=\"elementor-element elementor-element-1a9a615 elementor-view-default elementor-widget elementor-widget-icon\" data-id=\"1a9a615\" data-element_type=\"widget\" data-settings=\"{&quot;ekit_we_effect_on&quot;:&quot;none&quot;}\" data-widget_type=\"icon.default\">\n\t\t\t\t<div class=\"elementor-widget-container\">\n\t\t\t\t\t\t\t<div class=\"elementor-icon-wrapper\">\n\t\t\t<div class=\"elementor-icon\">\n\t\t\t<svg xmlns=\"http:\/\/www.w3.org\/2000\/svg\" id=\"_&#x56FE;&#x5C42;_2\" data-name=\"&#x56FE;&#x5C42; 2\" viewbox=\"0 0 111.69 167.53\"><defs><style>      .cls-1 {        fill: #fad8be;      }      .cls-1, .cls-2 {        stroke-width: 0px;      }      .cls-2 {        fill: #f47b25;      }    <\/style><\/defs><g id=\"_&#x56FE;&#x5C42;_1-2\" data-name=\"&#x56FE;&#x5C42; 1\"><g><circle class=\"cls-1\" cx=\"55.84\" cy=\"55.84\" r=\"55.84\"><\/circle><circle class=\"cls-2\" cx=\"55.84\" cy=\"111.69\" r=\"55.84\"><\/circle><\/g><\/g><\/svg>\t\t\t<\/div>\n\t\t<\/div>\n\t\t\t\t\t\t<\/div>\n\t\t\t\t<\/div>\n\t\t<div class=\"elementor-element elementor-element-fb7861f e-con-full e-flex e-con e-child\" data-id=\"fb7861f\" data-element_type=\"container\" data-settings=\"{&quot;ekit_has_onepagescroll_dot&quot;:&quot;yes&quot;}\">\n\t\t\t\t<div class=\"elementor-element elementor-element-1b9853f elementor-widget elementor-widget-heading\" data-id=\"1b9853f\" data-element_type=\"widget\" data-settings=\"{&quot;ekit_we_effect_on&quot;:&quot;none&quot;}\" data-widget_type=\"heading.default\">\n\t\t\t\t<div class=\"elementor-widget-container\">\n\t\t\t\t\t<h2 class=\"elementor-heading-title elementor-size-default\">Programa de Parceria de Inova\u00e7\u00e3o Colaborativa Ind\u00fastria-Universidade-Pesquisa<\/h2>\t\t\t\t<\/div>\n\t\t\t\t<\/div>\n\t\t\t\t<\/div>\n\t\t\t\t\t<\/div>\n\t\t\t\t<\/div>\n\t\t<div class=\"elementor-element elementor-element-0742b3c e-grid e-con-boxed e-con e-parent\" data-id=\"0742b3c\" data-element_type=\"container\" data-settings=\"{&quot;ekit_has_onepagescroll_dot&quot;:&quot;yes&quot;}\">\n\t\t\t\t\t<div class=\"e-con-inner\">\n\t\t<div class=\"elementor-element elementor-element-fe1fbfc e-con-full e-flex e-con e-child\" data-id=\"fe1fbfc\" data-element_type=\"container\" data-settings=\"{&quot;ekit_has_onepagescroll_dot&quot;:&quot;yes&quot;}\">\n\t\t\t\t<div class=\"elementor-element elementor-element-27f8c1b elementor-widget elementor-widget-text-editor\" data-id=\"27f8c1b\" data-element_type=\"widget\" data-settings=\"{&quot;ekit_we_effect_on&quot;:&quot;none&quot;}\" data-widget_type=\"text-editor.default\">\n\t\t\t\t<div class=\"elementor-widget-container\">\n\t\t\t\t\t\t\t\t\tA LANDU investiu em P&amp;D para promover a aplica\u00e7\u00e3o industrial de 3 tecnologias de baixo carbono, como o aumento da taxa de substitui\u00e7\u00e3o de mat\u00e9rias-primas por agentes redutores de \u00e1gua de origem biol\u00f3gica para 35%.\t\t\t\t\t\t\t\t<\/div>\n\t\t\t\t<\/div>\n\t\t\t\t<\/div>\n\t\t<div class=\"elementor-element elementor-element-b4ae44e e-con-full e-flex e-con e-child\" data-id=\"b4ae44e\" data-element_type=\"container\" data-settings=\"{&quot;ekit_has_onepagescroll_dot&quot;:&quot;yes&quot;}\">\n\t\t\t\t<div class=\"elementor-element elementor-element-ec0c148 elementor-widget elementor-widget-text-editor\" data-id=\"ec0c148\" data-element_type=\"widget\" data-settings=\"{&quot;ekit_we_effect_on&quot;:&quot;none&quot;}\" data-widget_type=\"text-editor.default\">\n\t\t\t\t<div class=\"elementor-widget-container\">\n\t\t\t\t\t\t\t\t\tFornecemos servi\u00e7os de compartilhamento de equipamentos piloto para 12 startups em Shandong e incubamos com sucesso projetos de agentes hidrof\u00f3bicos de aerogel nano.\t\t\t\t\t\t\t\t<\/div>\n\t\t\t\t<\/div>\n\t\t\t\t<\/div>\n\t\t<div class=\"elementor-element elementor-element-a33147e e-con-full e-flex e-con e-child\" data-id=\"a33147e\" data-element_type=\"container\" data-settings=\"{&quot;ekit_has_onepagescroll_dot&quot;:&quot;yes&quot;}\">\n\t\t\t\t<div class=\"elementor-element elementor-element-f59571d elementor-widget elementor-widget-text-editor\" data-id=\"f59571d\" data-element_type=\"widget\" data-settings=\"{&quot;ekit_we_effect_on&quot;:&quot;none&quot;}\" data-widget_type=\"text-editor.default\">\n\t\t\t\t<div class=\"elementor-widget-container\">\n\t\t\t\t\t\t\t\t\tA LANDU participa da revis\u00e3o de normas industriais e promove a unifica\u00e7\u00e3o dos m\u00e9todos de contabiliza\u00e7\u00e3o de emiss\u00f5es de carbono.\t\t\t\t\t\t\t\t<\/div>\n\t\t\t\t<\/div>\n\t\t\t\t<\/div>\n\t\t\t\t\t<\/div>\n\t\t\t\t<\/div>\n\t\t<div class=\"elementor-element elementor-element-fab71a8 e-flex e-con-boxed e-con e-child\" data-id=\"fab71a8\" data-element_type=\"container\" data-settings=\"{&quot;ekit_has_onepagescroll_dot&quot;:&quot;yes&quot;}\">\n\t\t\t\t\t<div class=\"e-con-inner\">\n\t\t<div class=\"elementor-element elementor-element-d2ef574 e-con-full e-flex e-con e-child\" data-id=\"d2ef574\" data-element_type=\"container\" data-settings=\"{&quot;ekit_has_onepagescroll_dot&quot;:&quot;yes&quot;}\">\n\t\t<div class=\"elementor-element elementor-element-43f9e23 e-con-full e-flex e-con e-child\" data-id=\"43f9e23\" data-element_type=\"container\" data-settings=\"{&quot;ekit_has_onepagescroll_dot&quot;:&quot;yes&quot;}\">\n\t\t\t\t<div class=\"elementor-element elementor-element-7efc05d elementor-view-default elementor-widget elementor-widget-icon\" data-id=\"7efc05d\" data-element_type=\"widget\" data-settings=\"{&quot;ekit_we_effect_on&quot;:&quot;none&quot;}\" data-widget_type=\"icon.default\">\n\t\t\t\t<div class=\"elementor-widget-container\">\n\t\t\t\t\t\t\t<div class=\"elementor-icon-wrapper\">\n\t\t\t<div class=\"elementor-icon\">\n\t\t\t<svg xmlns=\"http:\/\/www.w3.org\/2000\/svg\" id=\"_&#x56FE;&#x5C42;_2\" data-name=\"&#x56FE;&#x5C42; 2\" viewbox=\"0 0 111.69 167.53\"><defs><style>      .cls-1 {        fill: #fad8be;      }      .cls-1, .cls-2 {        stroke-width: 0px;      }      .cls-2 {        fill: #f47b25;      }    <\/style><\/defs><g id=\"_&#x56FE;&#x5C42;_1-2\" data-name=\"&#x56FE;&#x5C42; 1\"><g><circle class=\"cls-1\" cx=\"55.84\" cy=\"55.84\" r=\"55.84\"><\/circle><circle class=\"cls-2\" cx=\"55.84\" cy=\"111.69\" r=\"55.84\"><\/circle><\/g><\/g><\/svg>\t\t\t<\/div>\n\t\t<\/div>\n\t\t\t\t\t\t<\/div>\n\t\t\t\t<\/div>\n\t\t<div class=\"elementor-element elementor-element-a3a2d73 e-con-full e-flex e-con e-child\" data-id=\"a3a2d73\" data-element_type=\"container\" data-settings=\"{&quot;ekit_has_onepagescroll_dot&quot;:&quot;yes&quot;}\">\n\t\t\t\t<div class=\"elementor-element elementor-element-0595a9b elementor-widget elementor-widget-heading\" data-id=\"0595a9b\" data-element_type=\"widget\" data-settings=\"{&quot;ekit_we_effect_on&quot;:&quot;none&quot;}\" data-widget_type=\"heading.default\">\n\t\t\t\t<div class=\"elementor-widget-container\">\n\t\t\t\t\t<h2 class=\"elementor-heading-title elementor-size-default\">Projeto de Capacita\u00e7\u00e3o para o Desenvolvimento Sustent\u00e1vel da Comunidade<\/h2>\t\t\t\t<\/div>\n\t\t\t\t<\/div>\n\t\t\t\t<\/div>\n\t\t\t\t<\/div>\n\t\t\t\t<div class=\"elementor-element elementor-element-29e1887 elementor-widget elementor-widget-text-editor\" data-id=\"29e1887\" data-element_type=\"widget\" data-settings=\"{&quot;ekit_we_effect_on&quot;:&quot;none&quot;}\" data-widget_type=\"text-editor.default\">\n\t\t\t\t<div class=\"elementor-widget-container\">\n\t\t\t\t\t\t\t\t\t<p>A LANDU doou um repelente de \u00e1gua altamente imperme\u00e1vel para ajudar 17 vilarejos remotos a construir reservat\u00f3rios com 40% de resist\u00eancia melhorada ao clima. Nosso programa de treinamento \u201cOficina de Qu\u00edmica Verde\u201d foi criado e j\u00e1 formou um total de 326 qu\u00edmicos e operadores certificados que dominaram tecnologias de produ\u00e7\u00e3o mais limpa para a ind\u00fastria.<\/p>\t\t\t\t\t\t\t\t<\/div>\n\t\t\t\t<\/div>\n\t\t\t\t<\/div>\n\t\t<div class=\"elementor-element elementor-element-f7d65ca e-con-full e-flex e-con e-child\" data-id=\"f7d65ca\" data-element_type=\"container\" data-settings=\"{&quot;ekit_has_onepagescroll_dot&quot;:&quot;yes&quot;}\">\n\t\t\t\t<div class=\"elementor-element elementor-element-244deb1 elementor-widget elementor-widget-image\" data-id=\"244deb1\" data-element_type=\"widget\" data-settings=\"{&quot;ekit_we_effect_on&quot;:&quot;none&quot;}\" data-widget_type=\"image.default\">\n\t\t\t\t<div class=\"elementor-widget-container\">\n\t\t\t\t\t\t\t\t\t\t\t\t\t\t\t<img fetchpriority=\"high\" decoding=\"async\" width=\"800\" height=\"533\" src=\"https:\/\/landuchem.com\/wp-content\/uploads\/2025\/04\/reservoirs-1024x682.jpg\" class=\"attachment-large size-large wp-image-10187\" alt=\"reservat\u00f3rios\" srcset=\"https:\/\/landuchem.com\/wp-content\/uploads\/2025\/04\/reservoirs-1024x682.jpg 1024w, https:\/\/landuchem.com\/wp-content\/uploads\/2025\/04\/reservoirs-300x200.jpg 300w, https:\/\/landuchem.com\/wp-content\/uploads\/2025\/04\/reservoirs-768x512.jpg 768w, https:\/\/landuchem.com\/wp-content\/uploads\/2025\/04\/reservoirs-1536x1024.jpg 1536w, https:\/\/landuchem.com\/wp-content\/uploads\/2025\/04\/reservoirs.jpg 2000w\" sizes=\"(max-width: 800px) 100vw, 800px\" \/>\t\t\t\t\t\t\t\t\t\t\t\t\t\t\t<\/div>\n\t\t\t\t<\/div>\n\t\t\t\t<\/div>\n\t\t\t\t\t<\/div>\n\t\t\t\t<\/div>\n\t\t<div class=\"elementor-element elementor-element-95b6d4c e-flex e-con-boxed e-con e-child\" data-id=\"95b6d4c\" data-element_type=\"container\" data-settings=\"{&quot;ekit_has_onepagescroll_dot&quot;:&quot;yes&quot;}\">\n\t\t\t\t\t<div class=\"e-con-inner\">\n\t\t<div class=\"elementor-element elementor-element-b91cbbc e-con-full e-flex e-con e-child\" data-id=\"b91cbbc\" data-element_type=\"container\" data-settings=\"{&quot;ekit_has_onepagescroll_dot&quot;:&quot;yes&quot;}\">\n\t\t\t\t<div class=\"elementor-element elementor-element-af0a330 elementor-widget elementor-widget-image\" data-id=\"af0a330\" data-element_type=\"widget\" data-settings=\"{&quot;ekit_we_effect_on&quot;:&quot;none&quot;}\" data-widget_type=\"image.default\">\n\t\t\t\t<div class=\"elementor-widget-container\">\n\t\t\t\t\t\t\t\t\t\t\t\t\t\t\t<img decoding=\"async\" width=\"800\" height=\"533\" src=\"https:\/\/landuchem.com\/wp-content\/uploads\/2025\/04\/symbol-of-waste-recycling-with-green-leaves-environmental-protection-concept-recycle-icon-environm-1024x682.jpg\" class=\"attachment-large size-large wp-image-10198\" alt=\"S\u00edmbolo de reciclagem de res\u00edduos com folhas verdes. conceito de prote\u00e7\u00e3o ambiental. \u00cdcone de Reciclagem Meio Ambiente\" srcset=\"https:\/\/landuchem.com\/wp-content\/uploads\/2025\/04\/symbol-of-waste-recycling-with-green-leaves-environmental-protection-concept-recycle-icon-environm-1024x682.jpg 1024w, https:\/\/landuchem.com\/wp-content\/uploads\/2025\/04\/symbol-of-waste-recycling-with-green-leaves-environmental-protection-concept-recycle-icon-environm-300x200.jpg 300w, https:\/\/landuchem.com\/wp-content\/uploads\/2025\/04\/symbol-of-waste-recycling-with-green-leaves-environmental-protection-concept-recycle-icon-environm-768x512.jpg 768w, https:\/\/landuchem.com\/wp-content\/uploads\/2025\/04\/symbol-of-waste-recycling-with-green-leaves-environmental-protection-concept-recycle-icon-environm-1536x1024.jpg 1536w, https:\/\/landuchem.com\/wp-content\/uploads\/2025\/04\/symbol-of-waste-recycling-with-green-leaves-environmental-protection-concept-recycle-icon-environm.jpg 2000w\" sizes=\"(max-width: 800px) 100vw, 800px\" \/>\t\t\t\t\t\t\t\t\t\t\t\t\t\t\t<\/div>\n\t\t\t\t<\/div>\n\t\t\t\t<\/div>\n\t\t<div class=\"elementor-element elementor-element-764a597 e-con-full e-flex e-con e-child\" data-id=\"764a597\" data-element_type=\"container\" data-settings=\"{&quot;ekit_has_onepagescroll_dot&quot;:&quot;yes&quot;}\">\n\t\t<div class=\"elementor-element elementor-element-2ba7cb9 e-con-full e-flex e-con e-child\" data-id=\"2ba7cb9\" data-element_type=\"container\" data-settings=\"{&quot;ekit_has_onepagescroll_dot&quot;:&quot;yes&quot;}\">\n\t\t\t\t<div class=\"elementor-element elementor-element-1c30308 elementor-view-default elementor-widget elementor-widget-icon\" data-id=\"1c30308\" data-element_type=\"widget\" data-settings=\"{&quot;ekit_we_effect_on&quot;:&quot;none&quot;}\" data-widget_type=\"icon.default\">\n\t\t\t\t<div class=\"elementor-widget-container\">\n\t\t\t\t\t\t\t<div class=\"elementor-icon-wrapper\">\n\t\t\t<div class=\"elementor-icon\">\n\t\t\t<svg xmlns=\"http:\/\/www.w3.org\/2000\/svg\" id=\"_&#x56FE;&#x5C42;_2\" data-name=\"&#x56FE;&#x5C42; 2\" viewbox=\"0 0 111.69 167.53\"><defs><style>      .cls-1 {        fill: #fad8be;      }      .cls-1, .cls-2 {        stroke-width: 0px;      }      .cls-2 {        fill: #f47b25;      }    <\/style><\/defs><g id=\"_&#x56FE;&#x5C42;_1-2\" data-name=\"&#x56FE;&#x5C42; 1\"><g><circle class=\"cls-1\" cx=\"55.84\" cy=\"55.84\" r=\"55.84\"><\/circle><circle class=\"cls-2\" cx=\"55.84\" cy=\"111.69\" r=\"55.84\"><\/circle><\/g><\/g><\/svg>\t\t\t<\/div>\n\t\t<\/div>\n\t\t\t\t\t\t<\/div>\n\t\t\t\t<\/div>\n\t\t<div class=\"elementor-element elementor-element-0219ea6 e-con-full e-flex e-con e-child\" data-id=\"0219ea6\" data-element_type=\"container\" data-settings=\"{&quot;ekit_has_onepagescroll_dot&quot;:&quot;yes&quot;}\">\n\t\t\t\t<div class=\"elementor-element elementor-element-cb4651a elementor-widget elementor-widget-heading\" data-id=\"cb4651a\" data-element_type=\"widget\" data-settings=\"{&quot;ekit_we_effect_on&quot;:&quot;none&quot;}\" data-widget_type=\"heading.default\">\n\t\t\t\t<div class=\"elementor-widget-container\">\n\t\t\t\t\t<h2 class=\"elementor-heading-title elementor-size-default\">\nIniciativa de Co-constru\u00e7\u00e3o do Ecossistema Industrial<\/h2>\t\t\t\t<\/div>\n\t\t\t\t<\/div>\n\t\t\t\t<\/div>\n\t\t\t\t<\/div>\n\t\t\t\t<div class=\"elementor-element elementor-element-93548cb elementor-widget elementor-widget-text-editor\" data-id=\"93548cb\" data-element_type=\"widget\" data-settings=\"{&quot;ekit_we_effect_on&quot;:&quot;none&quot;}\" data-widget_type=\"text-editor.default\">\n\t\t\t\t<div class=\"elementor-widget-container\">\n\t\t\t\t\t\t\t\t\t<p>A LANDU planeja lan\u00e7ar o Programa de Parceria para Neutralidade de Carbono no Concreto, com o objetivo de fornecer servi\u00e7os de contabiliza\u00e7\u00e3o de carbono e solu\u00e7\u00f5es sin\u00e9rgicas personalizadas para redutores de \u00e1gua e misturas, reduzindo a pegada de carbono m\u00e9dia e entregando um futuro melhor.<\/p>\t\t\t\t\t\t\t\t<\/div>\n\t\t\t\t<\/div>\n\t\t\t\t<\/div>\n\t\t\t\t\t<\/div>\n\t\t\t\t<\/div>\n\t\t\t\t<\/div>","protected":false},"excerpt":{"rendered":"<p>Sponsorship: Supporting and Partnering Out of a sense of social responsibility, LANDU has been answering the call to participate in the next phase of societal development, contributing to corporate sponsorship of organizations working to advance commitments to sustainability, community support, and the overall social good. Industry-University-Research Collaborative Innovation Partnership Program LANDU has invested in R&#038;D [&hellip;]<\/p>","protected":false},"author":1,"featured_media":0,"parent":10136,"menu_order":0,"comment_status":"closed","ping_status":"closed","template":"elementor_header_footer","meta":{"footnotes":""},"class_list":["post-10176","page","type-page","status-publish","hentry"],"_links":{"self":[{"href":"https:\/\/landuchem.com\/pt_br\/wp-json\/wp\/v2\/pages\/10176","targetHints":{"allow":["GET"]}}],"collection":[{"href":"https:\/\/landuchem.com\/pt_br\/wp-json\/wp\/v2\/pages"}],"about":[{"href":"https:\/\/landuchem.com\/pt_br\/wp-json\/wp\/v2\/types\/page"}],"author":[{"embeddable":true,"href":"https:\/\/landuchem.com\/pt_br\/wp-json\/wp\/v2\/users\/1"}],"replies":[{"embeddable":true,"href":"https:\/\/landuchem.com\/pt_br\/wp-json\/wp\/v2\/comments?post=10176"}],"version-history":[{"count":17,"href":"https:\/\/landuchem.com\/pt_br\/wp-json\/wp\/v2\/pages\/10176\/revisions"}],"predecessor-version":[{"id":12998,"href":"https:\/\/landuchem.com\/pt_br\/wp-json\/wp\/v2\/pages\/10176\/revisions\/12998"}],"up":[{"embeddable":true,"href":"https:\/\/landuchem.com\/pt_br\/wp-json\/wp\/v2\/pages\/10136"}],"wp:attachment":[{"href":"https:\/\/landuchem.com\/pt_br\/wp-json\/wp\/v2\/media?parent=10176"}],"curies":[{"name":"wp","href":"https:\/\/api.w.org\/{rel}","templated":true}]}}