{"id":10136,"date":"2025-04-28T10:07:23","date_gmt":"2025-04-28T10:07:23","guid":{"rendered":"https:\/\/landuchem.com\/?page_id=10136"},"modified":"2025-08-27T02:10:01","modified_gmt":"2025-08-27T02:10:01","slug":"sociedade-e-economia-impulsionando-a-prosperidade","status":"publish","type":"page","link":"https:\/\/landuchem.com\/pt_br\/sustentabilidade\/sociedade-e-economia-impulsionando-a-prosperidade\/","title":{"rendered":"Prosperidade: Impulsionando a Sociedade e a Economia"},"content":{"rendered":"<div data-elementor-type=\"wp-page\" data-elementor-id=\"10136\" class=\"elementor elementor-10136\" data-elementor-post-type=\"page\">\n\t\t\t\t\t\t<section class=\"elementor-section elementor-top-section elementor-element elementor-element-ee3f289 elementor-reverse-mobile elementor-section-boxed elementor-section-height-default elementor-section-height-default\" data-id=\"ee3f289\" data-element_type=\"section\" data-settings=\"{&quot;background_background&quot;:&quot;classic&quot;,&quot;ekit_has_onepagescroll_dot&quot;:&quot;yes&quot;}\">\n\t\t\t\t\t\t\t<div class=\"elementor-background-overlay\"><\/div>\n\t\t\t\t\t\t\t<div class=\"elementor-container elementor-column-gap-default\">\n\t\t\t\t\t<div class=\"elementor-column elementor-col-100 elementor-top-column elementor-element elementor-element-eb28f2f\" data-id=\"eb28f2f\" data-element_type=\"column\">\n\t\t\t<div class=\"elementor-widget-wrap elementor-element-populated\">\n\t\t\t\t\t\t<section class=\"elementor-section elementor-inner-section elementor-element elementor-element-848d030 elementor-section-content-middle elementor-section-boxed elementor-section-height-default elementor-section-height-default\" data-id=\"848d030\" data-element_type=\"section\" data-settings=\"{&quot;ekit_has_onepagescroll_dot&quot;:&quot;yes&quot;}\">\n\t\t\t\t\t\t<div class=\"elementor-container elementor-column-gap-default\">\n\t\t\t\t\t<div class=\"elementor-column elementor-col-100 elementor-inner-column elementor-element elementor-element-13769ef\" data-id=\"13769ef\" data-element_type=\"column\">\n\t\t\t<div class=\"elementor-widget-wrap elementor-element-populated\">\n\t\t\t\t\t\t\t<\/div>\n\t\t<\/div>\n\t\t\t\t\t<\/div>\n\t\t<\/section>\n\t\t\t\t\t<\/div>\n\t\t<\/div>\n\t\t\t\t\t<\/div>\n\t\t<\/section>\n\t\t<div class=\"elementor-element elementor-element-e22da7a e-flex e-con-boxed e-con e-parent\" data-id=\"e22da7a\" data-element_type=\"container\" data-settings=\"{&quot;background_background&quot;:&quot;classic&quot;,&quot;ekit_has_onepagescroll_dot&quot;:&quot;yes&quot;}\">\n\t\t\t\t\t<div class=\"e-con-inner\">\n\t\t<div class=\"elementor-element elementor-element-df462c4 e-grid e-con-full e-con e-child\" data-id=\"df462c4\" data-element_type=\"container\" data-settings=\"{&quot;ekit_has_onepagescroll_dot&quot;:&quot;yes&quot;}\">\n\t\t<div class=\"elementor-element elementor-element-e674372 e-con-full e-flex e-con e-child\" data-id=\"e674372\" data-element_type=\"container\" data-settings=\"{&quot;ekit_has_onepagescroll_dot&quot;:&quot;yes&quot;}\">\n\t\t\t\t<div class=\"elementor-element elementor-element-fa6598c elementor-widget elementor-widget-image\" data-id=\"fa6598c\" data-element_type=\"widget\" data-settings=\"{&quot;ekit_we_effect_on&quot;:&quot;none&quot;}\" data-widget_type=\"image.default\">\n\t\t\t\t<div class=\"elementor-widget-container\">\n\t\t\t\t\t\t\t\t\t\t\t\t\t\t\t<img fetchpriority=\"high\" decoding=\"async\" width=\"800\" height=\"533\" src=\"https:\/\/landuchem.com\/wp-content\/uploads\/2025\/04\/kids-playing-1024x682.jpg\" class=\"attachment-large size-large wp-image-10146\" alt=\"Crian\u00e7as brincando\" srcset=\"https:\/\/landuchem.com\/wp-content\/uploads\/2025\/04\/kids-playing-1024x682.jpg 1024w, https:\/\/landuchem.com\/wp-content\/uploads\/2025\/04\/kids-playing-300x200.jpg 300w, https:\/\/landuchem.com\/wp-content\/uploads\/2025\/04\/kids-playing-768x512.jpg 768w, https:\/\/landuchem.com\/wp-content\/uploads\/2025\/04\/kids-playing-1536x1024.jpg 1536w, https:\/\/landuchem.com\/wp-content\/uploads\/2025\/04\/kids-playing.jpg 2000w\" sizes=\"(max-width: 800px) 100vw, 800px\" \/>\t\t\t\t\t\t\t\t\t\t\t\t\t\t\t<\/div>\n\t\t\t\t<\/div>\n\t\t\t\t<div class=\"elementor-element elementor-element-3f23be0 elementor-widget elementor-widget-heading\" data-id=\"3f23be0\" data-element_type=\"widget\" data-settings=\"{&quot;ekit_we_effect_on&quot;:&quot;none&quot;}\" data-widget_type=\"heading.default\">\n\t\t\t\t<div class=\"elementor-widget-container\">\n\t\t\t\t\t<h2 class=\"elementor-heading-title elementor-size-default\">Colabora\u00e7\u00e3o na Educa\u00e7\u00e3o: Parceria pelo Conhecimento<\/h2>\t\t\t\t<\/div>\n\t\t\t\t<\/div>\n\t\t\t\t<div class=\"elementor-element elementor-element-9fc114b elementor-widget elementor-widget-text-editor\" data-id=\"9fc114b\" data-element_type=\"widget\" data-settings=\"{&quot;ekit_we_effect_on&quot;:&quot;none&quot;}\" data-widget_type=\"text-editor.default\">\n\t\t\t\t<div class=\"elementor-widget-container\">\n\t\t\t\t\t\t\t\t\tLANDU impulsiona a prosperidade por meio de parcerias educacionais: palestras presenciais reduzem retrabalho 35%, espa\u00e7o meta online conecta inova\u00e7\u00e3o entre ind\u00fastria e academia.\t\t\t\t\t\t\t\t<\/div>\n\t\t\t\t<\/div>\n\t\t\t\t<div class=\"elementor-element elementor-element-d040c4e elementor-widget elementor-widget-button\" data-id=\"d040c4e\" data-element_type=\"widget\" data-settings=\"{&quot;ekit_we_effect_on&quot;:&quot;none&quot;}\" data-widget_type=\"button.default\">\n\t\t\t\t<div class=\"elementor-widget-container\">\n\t\t\t\t\t\t\t\t\t<div class=\"elementor-button-wrapper\">\n\t\t\t\t\t<a class=\"elementor-button elementor-button-link elementor-size-sm\" href=\"https:\/\/landuchem.com\/pt_br\/sustentabilidade\/sociedade-e-economia-impulsionando-a-prosperidade\/colaborar-na-educacao-parceria-pelo-conhecimento\/\" target=\"_blank\">\n\t\t\t\t\t\t<span class=\"elementor-button-content-wrapper\">\n\t\t\t\t\t\t\t\t\t<span class=\"elementor-button-text\">Saiba mais<\/span>\n\t\t\t\t\t<\/span>\n\t\t\t\t\t<\/a>\n\t\t\t\t<\/div>\n\t\t\t\t\t\t\t\t<\/div>\n\t\t\t\t<\/div>\n\t\t\t\t<\/div>\n\t\t<div class=\"elementor-element elementor-element-17111b8 e-con-full e-flex e-con e-child\" data-id=\"17111b8\" data-element_type=\"container\" data-settings=\"{&quot;ekit_has_onepagescroll_dot&quot;:&quot;yes&quot;}\">\n\t\t\t\t<div class=\"elementor-element elementor-element-011e6e8 elementor-widget elementor-widget-image\" data-id=\"011e6e8\" data-element_type=\"widget\" data-settings=\"{&quot;ekit_we_effect_on&quot;:&quot;none&quot;}\" data-widget_type=\"image.default\">\n\t\t\t\t<div class=\"elementor-widget-container\">\n\t\t\t\t\t\t\t\t\t\t\t\t\t\t\t<img decoding=\"async\" width=\"800\" height=\"535\" src=\"https:\/\/landuchem.com\/wp-content\/uploads\/2025\/04\/leader-influencer-role-model-followers-concept--1024x685.jpg\" class=\"attachment-large size-large wp-image-10147\" alt=\"L\u00edder, influenciador, modelo a seguir, conceito de seguidores.\" srcset=\"https:\/\/landuchem.com\/wp-content\/uploads\/2025\/04\/leader-influencer-role-model-followers-concept--1024x685.jpg 1024w, https:\/\/landuchem.com\/wp-content\/uploads\/2025\/04\/leader-influencer-role-model-followers-concept--300x201.jpg 300w, https:\/\/landuchem.com\/wp-content\/uploads\/2025\/04\/leader-influencer-role-model-followers-concept--768x513.jpg 768w, https:\/\/landuchem.com\/wp-content\/uploads\/2025\/04\/leader-influencer-role-model-followers-concept--1536x1027.jpg 1536w, https:\/\/landuchem.com\/wp-content\/uploads\/2025\/04\/leader-influencer-role-model-followers-concept-.jpg 2000w\" sizes=\"(max-width: 800px) 100vw, 800px\" \/>\t\t\t\t\t\t\t\t\t\t\t\t\t\t\t<\/div>\n\t\t\t\t<\/div>\n\t\t\t\t<div class=\"elementor-element elementor-element-725bc0c elementor-widget elementor-widget-heading\" data-id=\"725bc0c\" data-element_type=\"widget\" data-settings=\"{&quot;ekit_we_effect_on&quot;:&quot;none&quot;}\" data-widget_type=\"heading.default\">\n\t\t\t\t<div class=\"elementor-widget-container\">\n\t\t\t\t\t<h2 class=\"elementor-heading-title elementor-size-default\">Empregos e Efeitos Econ\u00f4micos em Cadeia<\/h2>\t\t\t\t<\/div>\n\t\t\t\t<\/div>\n\t\t\t\t<div class=\"elementor-element elementor-element-f6d18b0 elementor-widget elementor-widget-text-editor\" data-id=\"f6d18b0\" data-element_type=\"widget\" data-settings=\"{&quot;ekit_we_effect_on&quot;:&quot;none&quot;}\" data-widget_type=\"text-editor.default\">\n\t\t\t\t<div class=\"elementor-widget-container\">\n\t\t\t\t\t\t\t\t\tO Programa de Emprego Local e Desenvolvimento de Habilidades da LANDU enfrenta a escassez de for\u00e7a de trabalho, popula\u00e7\u00f5es envelhecidas e lacunas regionais por meio de treinamentos direcionados e melhorias industriais.\t\t\t\t\t\t\t\t<\/div>\n\t\t\t\t<\/div>\n\t\t\t\t<div class=\"elementor-element elementor-element-93bcf42 elementor-widget elementor-widget-button\" data-id=\"93bcf42\" data-element_type=\"widget\" data-settings=\"{&quot;ekit_we_effect_on&quot;:&quot;none&quot;}\" data-widget_type=\"button.default\">\n\t\t\t\t<div class=\"elementor-widget-container\">\n\t\t\t\t\t\t\t\t\t<div class=\"elementor-button-wrapper\">\n\t\t\t\t\t<a class=\"elementor-button elementor-button-link elementor-size-sm\" href=\"https:\/\/landuchem.com\/pt_br\/sustentabilidade\/sociedade-e-economia-impulsionando-a-prosperidade\/impactos-economicos-e-de-empregos\/\" target=\"_blank\">\n\t\t\t\t\t\t<span class=\"elementor-button-content-wrapper\">\n\t\t\t\t\t\t\t\t\t<span class=\"elementor-button-text\">Saiba mais<\/span>\n\t\t\t\t\t<\/span>\n\t\t\t\t\t<\/a>\n\t\t\t\t<\/div>\n\t\t\t\t\t\t\t\t<\/div>\n\t\t\t\t<\/div>\n\t\t\t\t<\/div>\n\t\t<div class=\"elementor-element elementor-element-0356a07 e-con-full e-flex e-con e-child\" data-id=\"0356a07\" data-element_type=\"container\" data-settings=\"{&quot;ekit_has_onepagescroll_dot&quot;:&quot;yes&quot;}\">\n\t\t\t\t<div class=\"elementor-element elementor-element-8799a05 elementor-widget elementor-widget-image\" data-id=\"8799a05\" data-element_type=\"widget\" data-settings=\"{&quot;ekit_we_effect_on&quot;:&quot;none&quot;}\" data-widget_type=\"image.default\">\n\t\t\t\t<div class=\"elementor-widget-container\">\n\t\t\t\t\t\t\t\t\t\t\t\t\t\t\t<img decoding=\"async\" width=\"800\" height=\"533\" src=\"https:\/\/landuchem.com\/wp-content\/uploads\/2025\/04\/support-young-asian-businessman-shaking-hands-with-partner-after-completion-and-successful-financia-1024x682.jpg\" class=\"attachment-large size-large wp-image-10148\" alt=\"Apoio, jovem empres\u00e1rio asi\u00e1tico apertando as m\u00e3os com parceiro ap\u00f3s conclus\u00e3o e financiamento bem-sucedido\" srcset=\"https:\/\/landuchem.com\/wp-content\/uploads\/2025\/04\/support-young-asian-businessman-shaking-hands-with-partner-after-completion-and-successful-financia-1024x682.jpg 1024w, https:\/\/landuchem.com\/wp-content\/uploads\/2025\/04\/support-young-asian-businessman-shaking-hands-with-partner-after-completion-and-successful-financia-300x200.jpg 300w, https:\/\/landuchem.com\/wp-content\/uploads\/2025\/04\/support-young-asian-businessman-shaking-hands-with-partner-after-completion-and-successful-financia-768x512.jpg 768w, https:\/\/landuchem.com\/wp-content\/uploads\/2025\/04\/support-young-asian-businessman-shaking-hands-with-partner-after-completion-and-successful-financia-1536x1024.jpg 1536w, https:\/\/landuchem.com\/wp-content\/uploads\/2025\/04\/support-young-asian-businessman-shaking-hands-with-partner-after-completion-and-successful-financia.jpg 2000w\" sizes=\"(max-width: 800px) 100vw, 800px\" \/>\t\t\t\t\t\t\t\t\t\t\t\t\t\t\t<\/div>\n\t\t\t\t<\/div>\n\t\t\t\t<div class=\"elementor-element elementor-element-65b9b1c elementor-widget elementor-widget-heading\" data-id=\"65b9b1c\" data-element_type=\"widget\" data-settings=\"{&quot;ekit_we_effect_on&quot;:&quot;none&quot;}\" data-widget_type=\"heading.default\">\n\t\t\t\t<div class=\"elementor-widget-container\">\n\t\t\t\t\t<h2 class=\"elementor-heading-title elementor-size-default\">Patroc\u00ednio: Apoio e Parceria<\/h2>\t\t\t\t<\/div>\n\t\t\t\t<\/div>\n\t\t\t\t<div class=\"elementor-element elementor-element-285a4b9 elementor-widget elementor-widget-text-editor\" data-id=\"285a4b9\" data-element_type=\"widget\" data-settings=\"{&quot;ekit_we_effect_on&quot;:&quot;none&quot;}\" data-widget_type=\"text-editor.default\">\n\t\t\t\t<div class=\"elementor-widget-container\">\n\t\t\t\t\t\t\t\t\tLANDU impulsiona a prosperidade por meio de tecnologia de baixo carbono, programas de resili\u00eancia rural e treinamento em qu\u00edmica verde para o desenvolvimento sustent\u00e1vel.\t\t\t\t\t\t\t\t<\/div>\n\t\t\t\t<\/div>\n\t\t\t\t<div class=\"elementor-element elementor-element-4d3f660 elementor-widget elementor-widget-button\" data-id=\"4d3f660\" data-element_type=\"widget\" data-settings=\"{&quot;ekit_we_effect_on&quot;:&quot;none&quot;}\" data-widget_type=\"button.default\">\n\t\t\t\t<div class=\"elementor-widget-container\">\n\t\t\t\t\t\t\t\t\t<div class=\"elementor-button-wrapper\">\n\t\t\t\t\t<a class=\"elementor-button elementor-button-link elementor-size-sm\" href=\"https:\/\/landuchem.com\/pt_br\/sustentabilidade\/sociedade-e-economia-impulsionando-a-prosperidade\/apoio-a-patrocinios-e-parcerias\/\" target=\"_blank\">\n\t\t\t\t\t\t<span class=\"elementor-button-content-wrapper\">\n\t\t\t\t\t\t\t\t\t<span class=\"elementor-button-text\">Saiba mais<\/span>\n\t\t\t\t\t<\/span>\n\t\t\t\t\t<\/a>\n\t\t\t\t<\/div>\n\t\t\t\t\t\t\t\t<\/div>\n\t\t\t\t<\/div>\n\t\t\t\t<\/div>\n\t\t\t\t<\/div>\n\t\t\t\t\t<\/div>\n\t\t\t\t<\/div>\n\t\t\t\t<\/div>","protected":false},"excerpt":{"rendered":"<p>Collaborate on Education: Partnering for Knowledge LANDU drives prosperity through education partnerships: offline lectures cut rework 35%, online meta-space bridges industry-academia innovation. Learn more Jobs and Economic Ripple Effects LANDU&#8217;s Local Employment and Skill Development Program tackles workforce shortages, aging populations, and regional gaps through targeted training and industrial upgrades. Learn more Sponsorship: Supporting and [&hellip;]<\/p>","protected":false},"author":1,"featured_media":0,"parent":496,"menu_order":0,"comment_status":"closed","ping_status":"closed","template":"elementor_header_footer","meta":{"footnotes":""},"class_list":["post-10136","page","type-page","status-publish","hentry"],"_links":{"self":[{"href":"https:\/\/landuchem.com\/pt_br\/wp-json\/wp\/v2\/pages\/10136","targetHints":{"allow":["GET"]}}],"collection":[{"href":"https:\/\/landuchem.com\/pt_br\/wp-json\/wp\/v2\/pages"}],"about":[{"href":"https:\/\/landuchem.com\/pt_br\/wp-json\/wp\/v2\/types\/page"}],"author":[{"embeddable":true,"href":"https:\/\/landuchem.com\/pt_br\/wp-json\/wp\/v2\/users\/1"}],"replies":[{"embeddable":true,"href":"https:\/\/landuchem.com\/pt_br\/wp-json\/wp\/v2\/comments?post=10136"}],"version-history":[{"count":14,"href":"https:\/\/landuchem.com\/pt_br\/wp-json\/wp\/v2\/pages\/10136\/revisions"}],"predecessor-version":[{"id":13004,"href":"https:\/\/landuchem.com\/pt_br\/wp-json\/wp\/v2\/pages\/10136\/revisions\/13004"}],"up":[{"embeddable":true,"href":"https:\/\/landuchem.com\/pt_br\/wp-json\/wp\/v2\/pages\/496"}],"wp:attachment":[{"href":"https:\/\/landuchem.com\/pt_br\/wp-json\/wp\/v2\/media?parent=10136"}],"curies":[{"name":"wp","href":"https:\/\/api.w.org\/{rel}","templated":true}]}}