{"id":6121,"date":"2025-04-23T09:59:38","date_gmt":"2025-04-23T09:59:38","guid":{"rendered":"https:\/\/landuchem.com\/?page_id=6121"},"modified":"2025-08-27T02:47:51","modified_gmt":"2025-08-27T02:47:51","slug":"aspekty-zrownowazonego-rozwoju-w-rozwiazaniach-dla-klientow","status":"publish","type":"page","link":"https:\/\/landuchem.com\/pl\/zrownowazony-rozwoj\/planeta-nasze-zobowiazanie-do-zrownowazonego-zycia\/aspekty-zrownowazonego-rozwoju-w-rozwiazaniach-dla-klientow\/","title":{"rendered":"Aspekty zr\u00f3wnowa\u017conego rozwoju w rozwi\u0105zaniach dla klient\u00f3w"},"content":{"rendered":"<div data-elementor-type=\"wp-page\" data-elementor-id=\"6121\" class=\"elementor elementor-6121\" data-elementor-post-type=\"page\">\n\t\t\t\t<div class=\"elementor-element elementor-element-4f03674 e-flex e-con-boxed e-con e-parent\" data-id=\"4f03674\" data-element_type=\"container\" data-settings=\"{&quot;background_background&quot;:&quot;classic&quot;,&quot;ekit_has_onepagescroll_dot&quot;:&quot;yes&quot;}\">\n\t\t\t\t\t<div class=\"e-con-inner\">\n\t\t\t\t\t<\/div>\n\t\t\t\t<\/div>\n\t\t<div class=\"elementor-element elementor-element-7f3f3d2 e-flex e-con-boxed e-con e-parent\" data-id=\"7f3f3d2\" data-element_type=\"container\" data-settings=\"{&quot;background_background&quot;:&quot;classic&quot;,&quot;ekit_has_onepagescroll_dot&quot;:&quot;yes&quot;}\">\n\t\t\t\t\t<div class=\"e-con-inner\">\n\t\t\t\t<div class=\"elementor-element elementor-element-1bd67c3 elementor-widget elementor-widget-heading\" data-id=\"1bd67c3\" data-element_type=\"widget\" data-settings=\"{&quot;ekit_we_effect_on&quot;:&quot;none&quot;}\" data-widget_type=\"heading.default\">\n\t\t\t\t<div class=\"elementor-widget-container\">\n\t\t\t\t\t<h2 class=\"elementor-heading-title elementor-size-default\">Integracja zr\u00f3wnowa\u017conego rozwoju w obs\u0142udze klienta<\/h2>\t\t\t\t<\/div>\n\t\t\t\t<\/div>\n\t\t\t\t<div class=\"elementor-element elementor-element-0c99e3c elementor-widget__width-initial elementor-widget-mobile__width-initial elementor-widget elementor-widget-text-editor\" data-id=\"0c99e3c\" data-element_type=\"widget\" data-settings=\"{&quot;ekit_we_effect_on&quot;:&quot;none&quot;}\" data-widget_type=\"text-editor.default\">\n\t\t\t\t<div class=\"elementor-widget-container\">\n\t\t\t\t\t\t\t\t\t<p>W LANDU NOVASTAR rozpoznajemy, \u017ce zr\u00f3wnowa\u017cony rozw\u00f3j to wsp\u00f3lna podr\u00f3\u017c. W miar\u0119 jak nasza \u015bwiadomo\u015b\u0107 ryzyk klimatycznych i wra\u017cliwo\u015bci zasob\u00f3w ro\u015bnie, LANDU stosuje podej\u015bcia do rozwi\u0105za\u0144 dla klient\u00f3w, kt\u00f3re s\u0105 g\u0142\u0119boko zakorzenione we wsp\u00f3\u0142pracy, gdzie pracujemy rami\u0119 w rami\u0119 z klientami, aby integrowa\u0107 praktyki przyjazne \u015brodowisku w ich operacje.<\/p>\t\t\t\t\t\t\t\t<\/div>\n\t\t\t\t<\/div>\n\t\t\t\t\t<\/div>\n\t\t\t\t<\/div>\n\t\t<div class=\"elementor-element elementor-element-e2329f5 e-flex e-con-boxed e-con e-parent\" data-id=\"e2329f5\" data-element_type=\"container\" data-settings=\"{&quot;ekit_has_onepagescroll_dot&quot;:&quot;yes&quot;}\">\n\t\t\t\t\t<div class=\"e-con-inner\">\n\t\t<div class=\"elementor-element elementor-element-afb98b7 e-con-full e-flex e-con e-child\" data-id=\"afb98b7\" data-element_type=\"container\" data-settings=\"{&quot;ekit_has_onepagescroll_dot&quot;:&quot;yes&quot;}\">\n\t\t\t\t<div class=\"elementor-element elementor-element-aaf0bfe elementor-view-default elementor-widget elementor-widget-icon\" data-id=\"aaf0bfe\" data-element_type=\"widget\" data-settings=\"{&quot;ekit_we_effect_on&quot;:&quot;none&quot;}\" data-widget_type=\"icon.default\">\n\t\t\t\t<div class=\"elementor-widget-container\">\n\t\t\t\t\t\t\t<div class=\"elementor-icon-wrapper\">\n\t\t\t<div class=\"elementor-icon\">\n\t\t\t<svg xmlns=\"http:\/\/www.w3.org\/2000\/svg\" id=\"_&#x56FE;&#x5C42;_2\" data-name=\"&#x56FE;&#x5C42; 2\" viewbox=\"0 0 111.69 167.53\"><defs><style>      .cls-1 {        fill: #fad8be;      }      .cls-1, .cls-2 {        stroke-width: 0px;      }      .cls-2 {        fill: #f47b25;      }    <\/style><\/defs><g id=\"_&#x56FE;&#x5C42;_1-2\" data-name=\"&#x56FE;&#x5C42; 1\"><g><circle class=\"cls-1\" cx=\"55.84\" cy=\"55.84\" r=\"55.84\"><\/circle><circle class=\"cls-2\" cx=\"55.84\" cy=\"111.69\" r=\"55.84\"><\/circle><\/g><\/g><\/svg>\t\t\t<\/div>\n\t\t<\/div>\n\t\t\t\t\t\t<\/div>\n\t\t\t\t<\/div>\n\t\t<div class=\"elementor-element elementor-element-3053e06 e-con-full e-flex e-con e-child\" data-id=\"3053e06\" data-element_type=\"container\" data-settings=\"{&quot;ekit_has_onepagescroll_dot&quot;:&quot;yes&quot;}\">\n\t\t\t\t<div class=\"elementor-element elementor-element-2cc2f4a elementor-widget elementor-widget-heading\" data-id=\"2cc2f4a\" data-element_type=\"widget\" data-settings=\"{&quot;ekit_we_effect_on&quot;:&quot;none&quot;}\" data-widget_type=\"heading.default\">\n\t\t\t\t<div class=\"elementor-widget-container\">\n\t\t\t\t\t<h2 class=\"elementor-heading-title elementor-size-default\">Kolektywne podej\u015bcie LANDU NOVASTAR do zr\u00f3wnowa\u017conego rozwoju<\/h2>\t\t\t\t<\/div>\n\t\t\t\t<\/div>\n\t\t\t\t<\/div>\n\t\t\t\t<\/div>\n\t\t\t\t\t<\/div>\n\t\t\t\t<\/div>\n\t\t<div class=\"elementor-element elementor-element-62d5ac7 e-flex e-con-boxed e-con e-parent\" data-id=\"62d5ac7\" data-element_type=\"container\" data-settings=\"{&quot;ekit_has_onepagescroll_dot&quot;:&quot;yes&quot;}\">\n\t\t\t\t\t<div class=\"e-con-inner\">\n\t\t<div class=\"elementor-element elementor-element-225ac59 e-con-full e-flex e-con e-child\" data-id=\"225ac59\" data-element_type=\"container\" data-settings=\"{&quot;background_background&quot;:&quot;classic&quot;,&quot;ekit_has_onepagescroll_dot&quot;:&quot;yes&quot;}\">\n\t\t<div class=\"elementor-element elementor-element-4de87ac e-con-full e-flex e-con e-child\" data-id=\"4de87ac\" data-element_type=\"container\" data-settings=\"{&quot;ekit_has_onepagescroll_dot&quot;:&quot;yes&quot;}\">\n\t\t\t\t<div class=\"elementor-element elementor-element-5a452d8 elementor-widget__width-inherit elementor-widget elementor-widget-image\" data-id=\"5a452d8\" data-element_type=\"widget\" data-settings=\"{&quot;ekit_we_effect_on&quot;:&quot;none&quot;}\" data-widget_type=\"image.default\">\n\t\t\t\t<div class=\"elementor-widget-container\">\n\t\t\t\t\t\t\t\t\t\t\t\t\t\t\t<img fetchpriority=\"high\" decoding=\"async\" width=\"800\" height=\"533\" src=\"https:\/\/landuchem.com\/wp-content\/uploads\/2025\/04\/business-people-working-examining-waste-recyclable-separation-divided-bin-in-the-office--1024x682.jpg\" class=\"attachment-large size-large wp-image-6202\" alt=\"Biznesmeni pracuj\u0105cy przy segregacji odpad\u00f3w w biurze,\" srcset=\"https:\/\/landuchem.com\/wp-content\/uploads\/2025\/04\/business-people-working-examining-waste-recyclable-separation-divided-bin-in-the-office--1024x682.jpg 1024w, https:\/\/landuchem.com\/wp-content\/uploads\/2025\/04\/business-people-working-examining-waste-recyclable-separation-divided-bin-in-the-office--300x200.jpg 300w, https:\/\/landuchem.com\/wp-content\/uploads\/2025\/04\/business-people-working-examining-waste-recyclable-separation-divided-bin-in-the-office--768x512.jpg 768w, https:\/\/landuchem.com\/wp-content\/uploads\/2025\/04\/business-people-working-examining-waste-recyclable-separation-divided-bin-in-the-office--1536x1024.jpg 1536w, https:\/\/landuchem.com\/wp-content\/uploads\/2025\/04\/business-people-working-examining-waste-recyclable-separation-divided-bin-in-the-office-.jpg 2000w\" sizes=\"(max-width: 800px) 100vw, 800px\" \/>\t\t\t\t\t\t\t\t\t\t\t\t\t\t\t<\/div>\n\t\t\t\t<\/div>\n\t\t\t\t<\/div>\n\t\t<div class=\"elementor-element elementor-element-283f9c0 e-con-full e-flex e-con e-child\" data-id=\"283f9c0\" data-element_type=\"container\" data-settings=\"{&quot;ekit_has_onepagescroll_dot&quot;:&quot;yes&quot;}\">\n\t\t\t\t<div class=\"elementor-element elementor-element-595dc2e elementor-widget elementor-widget-heading\" data-id=\"595dc2e\" data-element_type=\"widget\" data-settings=\"{&quot;ekit_we_effect_on&quot;:&quot;none&quot;}\" data-widget_type=\"heading.default\">\n\t\t\t\t<div class=\"elementor-widget-container\">\n\t\t\t\t\t<h3 class=\"elementor-heading-title elementor-size-default\">Praktyki biznesowe zr\u00f3wnowa\u017conego rozwoju<\/h3>\t\t\t\t<\/div>\n\t\t\t\t<\/div>\n\t\t\t\t<div class=\"elementor-element elementor-element-426973a elementor-widget-mobile__width-initial elementor-widget elementor-widget-text-editor\" data-id=\"426973a\" data-element_type=\"widget\" data-settings=\"{&quot;ekit_we_effect_on&quot;:&quot;none&quot;}\" data-widget_type=\"text-editor.default\">\n\t\t\t\t<div class=\"elementor-widget-container\">\n\t\t\t\t\t\t\t\t\tLANDU kieruje si\u0119 r\u00f3\u017cnymi kierunkami w stron\u0119 produkt\u00f3w, us\u0142ug i praktyk przyjaznych \u015brodowisku, kt\u00f3re odpowiadaj\u0105 na obawy konsument\u00f3w, jednocze\u015bnie korzystaj\u0105c dla \u015brodowiska. LANDU nadal bada zarz\u0105dzanie cyklem \u017cycia produktu, zach\u0119caj\u0105c do recyklingu, ponownego wykorzystania lub odpowiedzialnej utylizacji. Te inicjatywy pomagaj\u0105 nam przyczynia\u0107 si\u0119 do gospodarki obiegowej, spe\u0142niaj\u0105c jednocze\u015bnie wymagania klient\u00f3w.\t\t\t\t\t\t\t\t<\/div>\n\t\t\t\t<\/div>\n\t\t\t\t<\/div>\n\t\t\t\t<\/div>\n\t\t\t\t\t<\/div>\n\t\t\t\t<\/div>\n\t\t<div class=\"elementor-element elementor-element-9c629ba e-flex e-con-boxed e-con e-parent\" data-id=\"9c629ba\" data-element_type=\"container\" data-settings=\"{&quot;ekit_has_onepagescroll_dot&quot;:&quot;yes&quot;}\">\n\t\t\t\t\t<div class=\"e-con-inner\">\n\t\t<div class=\"elementor-element elementor-element-83e462a e-con-full e-flex e-con e-child\" data-id=\"83e462a\" data-element_type=\"container\" data-settings=\"{&quot;background_background&quot;:&quot;classic&quot;,&quot;ekit_has_onepagescroll_dot&quot;:&quot;yes&quot;}\">\n\t\t<div class=\"elementor-element elementor-element-c9d4dba e-con-full e-flex e-con e-child\" data-id=\"c9d4dba\" data-element_type=\"container\" data-settings=\"{&quot;ekit_has_onepagescroll_dot&quot;:&quot;yes&quot;}\">\n\t\t\t\t<div class=\"elementor-element elementor-element-32047ef elementor-widget__width-inherit elementor-widget elementor-widget-image\" data-id=\"32047ef\" data-element_type=\"widget\" data-settings=\"{&quot;ekit_we_effect_on&quot;:&quot;none&quot;}\" data-widget_type=\"image.default\">\n\t\t\t\t<div class=\"elementor-widget-container\">\n\t\t\t\t\t\t\t\t\t\t\t\t\t\t\t<img decoding=\"async\" width=\"800\" height=\"533\" src=\"https:\/\/landuchem.com\/wp-content\/uploads\/2025\/04\/aerial-view-of-blue-colored-forest-lake-in-poland-1024x682.jpg\" class=\"attachment-large size-large wp-image-6203\" alt=\"Widok z lotu ptaka na jezioro w lesie o niebieskim kolorze w Polsce\" srcset=\"https:\/\/landuchem.com\/wp-content\/uploads\/2025\/04\/aerial-view-of-blue-colored-forest-lake-in-poland-1024x682.jpg 1024w, https:\/\/landuchem.com\/wp-content\/uploads\/2025\/04\/aerial-view-of-blue-colored-forest-lake-in-poland-300x200.jpg 300w, https:\/\/landuchem.com\/wp-content\/uploads\/2025\/04\/aerial-view-of-blue-colored-forest-lake-in-poland-768x512.jpg 768w, https:\/\/landuchem.com\/wp-content\/uploads\/2025\/04\/aerial-view-of-blue-colored-forest-lake-in-poland-1536x1024.jpg 1536w, https:\/\/landuchem.com\/wp-content\/uploads\/2025\/04\/aerial-view-of-blue-colored-forest-lake-in-poland.jpg 2000w\" sizes=\"(max-width: 800px) 100vw, 800px\" \/>\t\t\t\t\t\t\t\t\t\t\t\t\t\t\t<\/div>\n\t\t\t\t<\/div>\n\t\t\t\t<\/div>\n\t\t<div class=\"elementor-element elementor-element-8055f6f e-con-full e-flex e-con e-child\" data-id=\"8055f6f\" data-element_type=\"container\" data-settings=\"{&quot;ekit_has_onepagescroll_dot&quot;:&quot;yes&quot;}\">\n\t\t\t\t<div class=\"elementor-element elementor-element-661c207 elementor-widget elementor-widget-heading\" data-id=\"661c207\" data-element_type=\"widget\" data-settings=\"{&quot;ekit_we_effect_on&quot;:&quot;none&quot;}\" data-widget_type=\"heading.default\">\n\t\t\t\t<div class=\"elementor-widget-container\">\n\t\t\t\t\t<h3 class=\"elementor-heading-title elementor-size-default\">Lobbing i wsparcie<\/h3>\t\t\t\t<\/div>\n\t\t\t\t<\/div>\n\t\t\t\t<div class=\"elementor-element elementor-element-f4bca92 elementor-widget elementor-widget-text-editor\" data-id=\"f4bca92\" data-element_type=\"widget\" data-settings=\"{&quot;ekit_we_effect_on&quot;:&quot;none&quot;}\" data-widget_type=\"text-editor.default\">\n\t\t\t\t<div class=\"elementor-widget-container\">\n\t\t\t\t\t\t\t\t\tLANDU promuje zr\u00f3wnowa\u017cony rozw\u00f3j, aby zwi\u0119kszy\u0107 warto\u015b\u0107 \u017cyciow\u0105 klienta i zmniejszy\u0107 wp\u0142yw na \u015brodowisko. Dzi\u0119ki tym dzia\u0142aniom budujemy i piel\u0119gnujemy relacje z naszymi klientami, umo\u017cliwiaj\u0105c im osi\u0105gni\u0119cie zr\u00f3wnowa\u017conego rozwoju, zapewniaj\u0105c standardy ekologiczne i wspieraj\u0105c organizacje w zielonym rozwoju.\t\t\t\t\t\t\t\t<\/div>\n\t\t\t\t<\/div>\n\t\t\t\t<\/div>\n\t\t\t\t<\/div>\n\t\t\t\t\t<\/div>\n\t\t\t\t<\/div>\n\t\t<div class=\"elementor-element elementor-element-05d8508 e-flex e-con-boxed e-con e-parent\" data-id=\"05d8508\" data-element_type=\"container\" data-settings=\"{&quot;ekit_has_onepagescroll_dot&quot;:&quot;yes&quot;}\">\n\t\t\t\t\t<div class=\"e-con-inner\">\n\t\t<div class=\"elementor-element elementor-element-d48beec e-con-full e-flex e-con e-child\" data-id=\"d48beec\" data-element_type=\"container\" data-settings=\"{&quot;background_background&quot;:&quot;classic&quot;,&quot;ekit_has_onepagescroll_dot&quot;:&quot;yes&quot;}\">\n\t\t<div class=\"elementor-element elementor-element-7a93235 e-con-full e-flex e-con e-child\" data-id=\"7a93235\" data-element_type=\"container\" data-settings=\"{&quot;ekit_has_onepagescroll_dot&quot;:&quot;yes&quot;}\">\n\t\t\t\t<div class=\"elementor-element elementor-element-16b5d17 elementor-widget__width-inherit elementor-widget elementor-widget-image\" data-id=\"16b5d17\" data-element_type=\"widget\" data-settings=\"{&quot;ekit_we_effect_on&quot;:&quot;none&quot;}\" data-widget_type=\"image.default\">\n\t\t\t\t<div class=\"elementor-widget-container\">\n\t\t\t\t\t\t\t\t\t\t\t\t\t\t\t<img decoding=\"async\" width=\"800\" height=\"534\" src=\"https:\/\/landuchem.com\/wp-content\/uploads\/2025\/04\/landu-factory-1024x683.jpg\" class=\"attachment-large size-large wp-image-6204\" alt=\"landu-fabryka\" srcset=\"https:\/\/landuchem.com\/wp-content\/uploads\/2025\/04\/landu-factory-1024x683.jpg 1024w, https:\/\/landuchem.com\/wp-content\/uploads\/2025\/04\/landu-factory-300x200.jpg 300w, https:\/\/landuchem.com\/wp-content\/uploads\/2025\/04\/landu-factory-768x512.jpg 768w, https:\/\/landuchem.com\/wp-content\/uploads\/2025\/04\/landu-factory-1536x1024.jpg 1536w, https:\/\/landuchem.com\/wp-content\/uploads\/2025\/04\/landu-factory-2048x1365.jpg 2048w\" sizes=\"(max-width: 800px) 100vw, 800px\" \/>\t\t\t\t\t\t\t\t\t\t\t\t\t\t\t<\/div>\n\t\t\t\t<\/div>\n\t\t\t\t<\/div>\n\t\t<div class=\"elementor-element elementor-element-58614c6 e-con-full e-flex e-con e-child\" data-id=\"58614c6\" data-element_type=\"container\" data-settings=\"{&quot;ekit_has_onepagescroll_dot&quot;:&quot;yes&quot;}\">\n\t\t\t\t<div class=\"elementor-element elementor-element-5ce2663 elementor-widget elementor-widget-heading\" data-id=\"5ce2663\" data-element_type=\"widget\" data-settings=\"{&quot;ekit_we_effect_on&quot;:&quot;none&quot;}\" data-widget_type=\"heading.default\">\n\t\t\t\t<div class=\"elementor-widget-container\">\n\t\t\t\t\t<h3 class=\"elementor-heading-title elementor-size-default\">\u015acie\u017cki inwestycyjne<\/h3>\t\t\t\t<\/div>\n\t\t\t\t<\/div>\n\t\t\t\t<div class=\"elementor-element elementor-element-8f48361 elementor-widget elementor-widget-text-editor\" data-id=\"8f48361\" data-element_type=\"widget\" data-settings=\"{&quot;ekit_we_effect_on&quot;:&quot;none&quot;}\" data-widget_type=\"text-editor.default\">\n\t\t\t\t<div class=\"elementor-widget-container\">\n\t\t\t\t\t\t\t\t\tLANDU pozostaje na czele d\u0142ugoterminowej \u015bcie\u017cki realizacji zapotrzebowania na zr\u00f3wnowa\u017cone inwestycje. Sponsoringi mog\u0105 pozytywnie wp\u0142ywa\u0107 na \u015brodowisko i potwierdza\u0107 nasze zaanga\u017cowanie wobec klient\u00f3w i partner\u00f3w. Jeste\u015bmy odpowiedzialni za wprowadzanie wymiernych zmian w walce ze zmianami klimatycznymi, takich jak dotacje na projekty sadzenia drzew oraz inwestycje w urz\u0105dzenia do oczyszczania gaz\u00f3w odlotowych i \u015bciek\u00f3w.\t\t\t\t\t\t\t\t<\/div>\n\t\t\t\t<\/div>\n\t\t\t\t<\/div>\n\t\t\t\t<\/div>\n\t\t\t\t\t<\/div>\n\t\t\t\t<\/div>\n\t\t\t\t<\/div>","protected":false},"excerpt":{"rendered":"<p>Integrating Sustainability into Customer Success At LANDU NOVASTAR, we recognize that sustainability is a shared journey. As our awareness of climate risks and resource vulnerability is increasing, LANDU carries approaches to customer solutions that are deeply rooted in collaboration, where we work hand-in-hand with clients to integrate eco-friendly practices into their operations. LANDU NOVASTAR&#8217;s Collaborative [&hellip;]<\/p>","protected":false},"author":1,"featured_media":0,"parent":4553,"menu_order":0,"comment_status":"closed","ping_status":"closed","template":"elementor_header_footer","meta":{"footnotes":""},"class_list":["post-6121","page","type-page","status-publish","hentry"],"_links":{"self":[{"href":"https:\/\/landuchem.com\/pl\/wp-json\/wp\/v2\/pages\/6121","targetHints":{"allow":["GET"]}}],"collection":[{"href":"https:\/\/landuchem.com\/pl\/wp-json\/wp\/v2\/pages"}],"about":[{"href":"https:\/\/landuchem.com\/pl\/wp-json\/wp\/v2\/types\/page"}],"author":[{"embeddable":true,"href":"https:\/\/landuchem.com\/pl\/wp-json\/wp\/v2\/users\/1"}],"replies":[{"embeddable":true,"href":"https:\/\/landuchem.com\/pl\/wp-json\/wp\/v2\/comments?post=6121"}],"version-history":[{"count":13,"href":"https:\/\/landuchem.com\/pl\/wp-json\/wp\/v2\/pages\/6121\/revisions"}],"predecessor-version":[{"id":13047,"href":"https:\/\/landuchem.com\/pl\/wp-json\/wp\/v2\/pages\/6121\/revisions\/13047"}],"up":[{"embeddable":true,"href":"https:\/\/landuchem.com\/pl\/wp-json\/wp\/v2\/pages\/4553"}],"wp:attachment":[{"href":"https:\/\/landuchem.com\/pl\/wp-json\/wp\/v2\/media?parent=6121"}],"curies":[{"name":"wp","href":"https:\/\/api.w.org\/{rel}","templated":true}]}}