{"id":10307,"date":"2025-04-28T13:05:39","date_gmt":"2025-04-28T13:05:39","guid":{"rendered":"https:\/\/landuchem.com\/?page_id=10307"},"modified":"2025-08-26T08:00:13","modified_gmt":"2025-08-26T08:00:13","slug":"bezpieczenstwo-i-rozwoj-pracownikow","status":"publish","type":"page","link":"https:\/\/landuchem.com\/pl\/zrownowazony-rozwoj\/ludzie-ktorym-jestesmy-zobowiazani-zapewnic-opieke\/bezpieczenstwo-i-rozwoj-pracownikow\/","title":{"rendered":"Bezpiecze\u0144stwo i rozw\u00f3j pracownik\u00f3w"},"content":{"rendered":"<div data-elementor-type=\"wp-page\" data-elementor-id=\"10307\" class=\"elementor elementor-10307\" data-elementor-post-type=\"page\">\n\t\t\t\t<div class=\"elementor-element elementor-element-b8ed35a e-flex e-con-boxed e-con e-parent\" data-id=\"b8ed35a\" data-element_type=\"container\" data-settings=\"{&quot;background_background&quot;:&quot;classic&quot;,&quot;ekit_has_onepagescroll_dot&quot;:&quot;yes&quot;}\">\n\t\t\t\t\t<div class=\"e-con-inner\">\n\t\t\t\t<div class=\"elementor-element elementor-element-a72b32f elementor-widget elementor-widget-heading\" data-id=\"a72b32f\" data-element_type=\"widget\" data-settings=\"{&quot;ekit_we_effect_on&quot;:&quot;none&quot;}\" data-widget_type=\"heading.default\">\n\t\t\t\t<div class=\"elementor-widget-container\">\n\t\t\t\t\t<h1 class=\"elementor-heading-title elementor-size-default\">Bezpiecze\u0144stwo i rozw\u00f3j pracownik\u00f3w<\/h1>\t\t\t\t<\/div>\n\t\t\t\t<\/div>\n\t\t\t\t<div class=\"elementor-element elementor-element-c986241 elementor-widget__width-initial elementor-widget elementor-widget-text-editor\" data-id=\"c986241\" data-element_type=\"widget\" data-settings=\"{&quot;ekit_we_effect_on&quot;:&quot;none&quot;}\" data-widget_type=\"text-editor.default\">\n\t\t\t\t<div class=\"elementor-widget-container\">\n\t\t\t\t\t\t\t\t\tW NOVASTAR, to co zyskujesz, to nie tylko kwota wynagrodzenia, ale tak\u017ce osi\u0105gni\u0119cia zawodowe, z kt\u00f3rych mo\u017cesz by\u0107 dumny przez ca\u0142e \u017cycie.\t\t\t\t\t\t\t\t<\/div>\n\t\t\t\t<\/div>\n\t\t\t\t\t<\/div>\n\t\t\t\t<\/div>\n\t\t<div class=\"elementor-element elementor-element-008e414 e-flex e-con-boxed e-con e-child\" data-id=\"008e414\" data-element_type=\"container\" data-settings=\"{&quot;ekit_has_onepagescroll_dot&quot;:&quot;yes&quot;}\">\n\t\t\t\t\t<div class=\"e-con-inner\">\n\t\t<div class=\"elementor-element elementor-element-10e7543 e-con-full e-flex e-con e-child\" data-id=\"10e7543\" data-element_type=\"container\" data-settings=\"{&quot;ekit_has_onepagescroll_dot&quot;:&quot;yes&quot;}\">\n\t\t<div class=\"elementor-element elementor-element-f67fb1c e-con-full e-flex e-con e-child\" data-id=\"f67fb1c\" data-element_type=\"container\" data-settings=\"{&quot;ekit_has_onepagescroll_dot&quot;:&quot;yes&quot;}\">\n\t\t\t\t<div class=\"elementor-element elementor-element-d962b87 elementor-view-default elementor-widget elementor-widget-icon\" data-id=\"d962b87\" data-element_type=\"widget\" data-settings=\"{&quot;ekit_we_effect_on&quot;:&quot;none&quot;}\" data-widget_type=\"icon.default\">\n\t\t\t\t<div class=\"elementor-widget-container\">\n\t\t\t\t\t\t\t<div class=\"elementor-icon-wrapper\">\n\t\t\t<div class=\"elementor-icon\">\n\t\t\t<svg xmlns=\"http:\/\/www.w3.org\/2000\/svg\" id=\"_&#x56FE;&#x5C42;_2\" data-name=\"&#x56FE;&#x5C42; 2\" viewbox=\"0 0 111.69 167.53\"><defs><style>      .cls-1 {        fill: #fad8be;      }      .cls-1, .cls-2 {        stroke-width: 0px;      }      .cls-2 {        fill: #f47b25;      }    <\/style><\/defs><g id=\"_&#x56FE;&#x5C42;_1-2\" data-name=\"&#x56FE;&#x5C42; 1\"><g><circle class=\"cls-1\" cx=\"55.84\" cy=\"55.84\" r=\"55.84\"><\/circle><circle class=\"cls-2\" cx=\"55.84\" cy=\"111.69\" r=\"55.84\"><\/circle><\/g><\/g><\/svg>\t\t\t<\/div>\n\t\t<\/div>\n\t\t\t\t\t\t<\/div>\n\t\t\t\t<\/div>\n\t\t<div class=\"elementor-element elementor-element-f66089b e-con-full e-flex e-con e-child\" data-id=\"f66089b\" data-element_type=\"container\" data-settings=\"{&quot;ekit_has_onepagescroll_dot&quot;:&quot;yes&quot;}\">\n\t\t\t\t<div class=\"elementor-element elementor-element-1f81126 elementor-widget elementor-widget-heading\" data-id=\"1f81126\" data-element_type=\"widget\" data-settings=\"{&quot;ekit_we_effect_on&quot;:&quot;none&quot;}\" data-widget_type=\"heading.default\">\n\t\t\t\t<div class=\"elementor-widget-container\">\n\t\t\t\t\t<h2 class=\"elementor-heading-title elementor-size-default\">Zaanga\u017cowanie w Bezpiecze\u0144stwo i Higien\u0119 Pracy<\/h2>\t\t\t\t<\/div>\n\t\t\t\t<\/div>\n\t\t\t\t<\/div>\n\t\t\t\t<\/div>\n\t\t\t\t<div class=\"elementor-element elementor-element-146d27f elementor-widget elementor-widget-text-editor\" data-id=\"146d27f\" data-element_type=\"widget\" data-settings=\"{&quot;ekit_we_effect_on&quot;:&quot;none&quot;}\" data-widget_type=\"text-editor.default\">\n\t\t\t\t<div class=\"elementor-widget-container\">\n\t\t\t\t\t\t\t\t\tW NOVASTAR, \u201eBezpiecze\u0144stwo na pierwszym miejscu\u201d to nie tylko slogan. To codzienna praktyka, kt\u00f3ra chroni naszych pracownik\u00f3w, naszych partner\u00f3w i nasz biznes. Poprzez wsp\u00f3lne poczucie odpowiedzialno\u015bci i kultur\u0119 czujno\u015bci, zapewniamy, \u017ce ka\u017cdy cz\u0142onek zespo\u0142u wraca do domu bezpiecznie, jednocze\u015bnie przyczyniaj\u0105c si\u0119 do produktywnego i zr\u00f3wnowa\u017conego miejsca pracy. Nasze zaanga\u017cowanie w bezpiecze\u0144stwo wykracza poza zgodno\u015b\u0107 \u2014 jest to podstawowa warto\u015b\u0107 zakorzeniona w ka\u017cdym aspekcie naszej dzia\u0142alno\u015bci.\t\t\t\t\t\t\t\t<\/div>\n\t\t\t\t<\/div>\n\t\t\t\t<div class=\"elementor-element elementor-element-04fbf21 elementor-icon-list--layout-traditional elementor-list-item-link-full_width elementor-widget elementor-widget-icon-list\" data-id=\"04fbf21\" data-element_type=\"widget\" data-settings=\"{&quot;ekit_we_effect_on&quot;:&quot;none&quot;}\" data-widget_type=\"icon-list.default\">\n\t\t\t\t<div class=\"elementor-widget-container\">\n\t\t\t\t\t\t\t<ul class=\"elementor-icon-list-items\">\n\t\t\t\t\t\t\t<li class=\"elementor-icon-list-item\">\n\t\t\t\t\t\t\t\t\t\t\t<span class=\"elementor-icon-list-icon\">\n\t\t\t\t\t\t\t<svg aria-hidden=\"true\" class=\"e-font-icon-svg e-fas-check\" viewbox=\"0 0 512 512\" xmlns=\"http:\/\/www.w3.org\/2000\/svg\"><path d=\"M173.898 439.404l-166.4-166.4c-9.997-9.997-9.997-26.206 0-36.204l36.203-36.204c9.997-9.998 26.207-9.998 36.204 0L192 312.69 432.095 72.596c9.997-9.997 26.207-9.997 36.204 0l36.203 36.204c9.997 9.997 9.997 26.206 0 36.204l-294.4 294.401c-9.998 9.997-26.207 9.997-36.204-.001z\"><\/path><\/svg>\t\t\t\t\t\t<\/span>\n\t\t\t\t\t\t\t\t\t\t<span class=\"elementor-icon-list-text\">\u015acis\u0142e przestrzeganie globalnych i lokalnych standard\u00f3w bezpiecze\u0144stwa, zapewniaj\u0105ce zgodno\u015b\u0107 z najnowszymi regulacjami bran\u017cowymi.<\/span>\n\t\t\t\t\t\t\t\t\t<\/li>\n\t\t\t\t\t\t\t\t<li class=\"elementor-icon-list-item\">\n\t\t\t\t\t\t\t\t\t\t\t<span class=\"elementor-icon-list-icon\">\n\t\t\t\t\t\t\t<svg aria-hidden=\"true\" class=\"e-font-icon-svg e-fas-check\" viewbox=\"0 0 512 512\" xmlns=\"http:\/\/www.w3.org\/2000\/svg\"><path d=\"M173.898 439.404l-166.4-166.4c-9.997-9.997-9.997-26.206 0-36.204l36.203-36.204c9.997-9.998 26.207-9.998 36.204 0L192 312.69 432.095 72.596c9.997-9.997 26.207-9.997 36.204 0l36.203 36.204c9.997 9.997 9.997 26.206 0 36.204l-294.4 294.401c-9.998 9.997-26.207 9.997-36.204-.001z\"><\/path><\/svg>\t\t\t\t\t\t<\/span>\n\t\t\t\t\t\t\t\t\t\t<span class=\"elementor-icon-list-text\">Obowi\u0105zkowe szkolenia z zakresu bezpiecze\u0144stwa, \u0107wiczenia awaryjne oraz programy podnosz\u0105ce \u015bwiadomo\u015b\u0107 zagro\u017ce\u0144 specyficznych dla r\u00f3l, aby wyposa\u017cy\u0107 pracownik\u00f3w w wiedz\u0119 do bezpiecznej pracy.<\/span>\n\t\t\t\t\t\t\t\t\t<\/li>\n\t\t\t\t\t\t\t\t<li class=\"elementor-icon-list-item\">\n\t\t\t\t\t\t\t\t\t\t\t<span class=\"elementor-icon-list-icon\">\n\t\t\t\t\t\t\t<svg aria-hidden=\"true\" class=\"e-font-icon-svg e-fas-check\" viewbox=\"0 0 512 512\" xmlns=\"http:\/\/www.w3.org\/2000\/svg\"><path d=\"M173.898 439.404l-166.4-166.4c-9.997-9.997-9.997-26.206 0-36.204l36.203-36.204c9.997-9.998 26.207-9.998 36.204 0L192 312.69 432.095 72.596c9.997-9.997 26.207-9.997 36.204 0l36.203 36.204c9.997 9.997 9.997 26.206 0 36.204l-294.4 294.401c-9.998 9.997-26.207 9.997-36.204-.001z\"><\/path><\/svg>\t\t\t\t\t\t<\/span>\n\t\t\t\t\t\t\t\t\t\t<span class=\"elementor-icon-list-text\">Wdro\u017cenie bezpiecznych analiz stanowisk pracy, barier bezpiecze\u0144stwa oraz \u201eUprawnienia do zatrzymania pracy\u201d \u2014 zapewniaj\u0105ce, \u017ce ka\u017cdy pracownik ma prawo zatrzyma\u0107 operacje, je\u015bli pojawi\u0105 si\u0119 niebezpieczne warunki.<\/span>\n\t\t\t\t\t\t\t\t\t<\/li>\n\t\t\t\t\t\t<\/ul>\n\t\t\t\t\t\t<\/div>\n\t\t\t\t<\/div>\n\t\t\t\t<\/div>\n\t\t<div class=\"elementor-element elementor-element-5e60c29 e-con-full e-flex e-con e-child\" data-id=\"5e60c29\" data-element_type=\"container\" data-settings=\"{&quot;ekit_has_onepagescroll_dot&quot;:&quot;yes&quot;}\">\n\t\t\t\t<div class=\"elementor-element elementor-element-07df2eb elementor-widget elementor-widget-image\" data-id=\"07df2eb\" data-element_type=\"widget\" data-settings=\"{&quot;ekit_we_effect_on&quot;:&quot;none&quot;}\" data-widget_type=\"image.default\">\n\t\t\t\t<div class=\"elementor-widget-container\">\n\t\t\t\t\t\t\t\t\t\t\t\t\t\t\t<img fetchpriority=\"high\" decoding=\"async\" width=\"800\" height=\"600\" src=\"https:\/\/landuchem.com\/wp-content\/uploads\/2025\/04\/Novastar-European-Coatings-Show.jpg\" class=\"attachment-large size-large wp-image-8205\" alt=\"Pokaz europejski NovaStar-European-Coatings-Show\" srcset=\"https:\/\/landuchem.com\/wp-content\/uploads\/2025\/04\/Novastar-European-Coatings-Show.jpg 1000w, https:\/\/landuchem.com\/wp-content\/uploads\/2025\/04\/Novastar-European-Coatings-Show-300x225.jpg 300w, https:\/\/landuchem.com\/wp-content\/uploads\/2025\/04\/Novastar-European-Coatings-Show-768x576.jpg 768w\" sizes=\"(max-width: 800px) 100vw, 800px\" \/>\t\t\t\t\t\t\t\t\t\t\t\t\t\t\t<\/div>\n\t\t\t\t<\/div>\n\t\t\t\t<\/div>\n\t\t\t\t\t<\/div>\n\t\t\t\t<\/div>\n\t\t<div class=\"elementor-element elementor-element-cd21dbe e-flex e-con-boxed e-con e-parent\" data-id=\"cd21dbe\" data-element_type=\"container\" data-settings=\"{&quot;background_background&quot;:&quot;classic&quot;,&quot;ekit_has_onepagescroll_dot&quot;:&quot;yes&quot;}\">\n\t\t\t\t\t<div class=\"e-con-inner\">\n\t\t<div class=\"elementor-element elementor-element-b50e368 e-con-full e-flex e-con e-child\" data-id=\"b50e368\" data-element_type=\"container\" data-settings=\"{&quot;ekit_has_onepagescroll_dot&quot;:&quot;yes&quot;}\">\n\t\t<div class=\"elementor-element elementor-element-c424513 e-con-full e-flex e-con e-child\" data-id=\"c424513\" data-element_type=\"container\" data-settings=\"{&quot;ekit_has_onepagescroll_dot&quot;:&quot;yes&quot;}\">\n\t\t\t\t<div class=\"elementor-element elementor-element-a7fdd7a elementor-view-default elementor-widget elementor-widget-icon\" data-id=\"a7fdd7a\" data-element_type=\"widget\" data-settings=\"{&quot;ekit_we_effect_on&quot;:&quot;none&quot;}\" data-widget_type=\"icon.default\">\n\t\t\t\t<div class=\"elementor-widget-container\">\n\t\t\t\t\t\t\t<div class=\"elementor-icon-wrapper\">\n\t\t\t<div class=\"elementor-icon\">\n\t\t\t<svg xmlns=\"http:\/\/www.w3.org\/2000\/svg\" id=\"_&#x56FE;&#x5C42;_2\" data-name=\"&#x56FE;&#x5C42; 2\" viewbox=\"0 0 111.69 167.53\"><defs><style>      .cls-1 {        fill: #fad8be;      }      .cls-1, .cls-2 {        stroke-width: 0px;      }      .cls-2 {        fill: #f47b25;      }    <\/style><\/defs><g id=\"_&#x56FE;&#x5C42;_1-2\" data-name=\"&#x56FE;&#x5C42; 1\"><g><circle class=\"cls-1\" cx=\"55.84\" cy=\"55.84\" r=\"55.84\"><\/circle><circle class=\"cls-2\" cx=\"55.84\" cy=\"111.69\" r=\"55.84\"><\/circle><\/g><\/g><\/svg>\t\t\t<\/div>\n\t\t<\/div>\n\t\t\t\t\t\t<\/div>\n\t\t\t\t<\/div>\n\t\t<div class=\"elementor-element elementor-element-7bb10c3 e-con-full e-flex e-con e-child\" data-id=\"7bb10c3\" data-element_type=\"container\" data-settings=\"{&quot;ekit_has_onepagescroll_dot&quot;:&quot;yes&quot;}\">\n\t\t\t\t<div class=\"elementor-element elementor-element-95758a9 elementor-widget elementor-widget-heading\" data-id=\"95758a9\" data-element_type=\"widget\" data-settings=\"{&quot;ekit_we_effect_on&quot;:&quot;none&quot;}\" data-widget_type=\"heading.default\">\n\t\t\t\t<div class=\"elementor-widget-container\">\n\t\t\t\t\t<h2 class=\"elementor-heading-title elementor-size-default\">Przyspieszenie rozwoju kariery pracownik\u00f3w <\/h2>\t\t\t\t<\/div>\n\t\t\t\t<\/div>\n\t\t\t\t<\/div>\n\t\t\t\t<\/div>\n\t\t\t\t<div class=\"elementor-element elementor-element-16960ac elementor-widget__width-initial elementor-widget elementor-widget-text-editor\" data-id=\"16960ac\" data-element_type=\"widget\" data-settings=\"{&quot;ekit_we_effect_on&quot;:&quot;none&quot;}\" data-widget_type=\"text-editor.default\">\n\t\t\t\t<div class=\"elementor-widget-container\">\n\t\t\t\t\t\t\t\t\tJeste\u015bmy \u015bwiadomi, \u017ce talent jest g\u0142\u00f3wn\u0105 si\u0142\u0105 nap\u0119dow\u0105 rozwoju przedsi\u0119biorstwa. Dlatego firma wprowadzi\u0142a szereg dzia\u0142a\u0144, aby zapewni\u0107 pracownikom r\u00f3\u017cnorodne \u015bcie\u017cki rozwoju: \t\t\t\t\t\t\t\t<\/div>\n\t\t\t\t<\/div>\n\t\t<div class=\"elementor-element elementor-element-1360721 e-grid e-con-full e-con e-child\" data-id=\"1360721\" data-element_type=\"container\" data-settings=\"{&quot;ekit_has_onepagescroll_dot&quot;:&quot;yes&quot;}\">\n\t\t<div class=\"elementor-element elementor-element-81083f3 e-con-full e-flex e-con e-child\" data-id=\"81083f3\" data-element_type=\"container\" data-settings=\"{&quot;ekit_has_onepagescroll_dot&quot;:&quot;yes&quot;}\">\n\t\t\t\t<div class=\"elementor-element elementor-element-ec1e398 elementor-widget elementor-widget-text-editor\" data-id=\"ec1e398\" data-element_type=\"widget\" data-settings=\"{&quot;ekit_we_effect_on&quot;:&quot;none&quot;}\" data-widget_type=\"text-editor.default\">\n\t\t\t\t<div class=\"elementor-widget-container\">\n\t\t\t\t\t\t\t\t\t<div data-page-id=\"QfiFdHk0mo0NOdxNB3pcDDq5nbe\" data-lark-html-role=\"root\" data-docx-has-block-data=\"false\"><div>Przydzielanie specjalnych funduszy szkoleniowych co roku, aby zapewni\u0107 pracownikom dost\u0119p do najnowszych technologii bran\u017cowych.<\/div><\/div>\t\t\t\t\t\t\t\t<\/div>\n\t\t\t\t<\/div>\n\t\t\t\t<\/div>\n\t\t<div class=\"elementor-element elementor-element-d630cf2 e-con-full e-flex e-con e-child\" data-id=\"d630cf2\" data-element_type=\"container\" data-settings=\"{&quot;ekit_has_onepagescroll_dot&quot;:&quot;yes&quot;}\">\n\t\t\t\t<div class=\"elementor-element elementor-element-cb0ac7f elementor-widget elementor-widget-text-editor\" data-id=\"cb0ac7f\" data-element_type=\"widget\" data-settings=\"{&quot;ekit_we_effect_on&quot;:&quot;none&quot;}\" data-widget_type=\"text-editor.default\">\n\t\t\t\t<div class=\"elementor-widget-container\">\n\t\t\t\t\t\t\t\t\t<div data-page-id=\"QfiFdHk0mo0NOdxNB3pcDDq5nbe\" data-lark-html-role=\"root\" data-docx-has-block-data=\"false\"><div>Ustanowienie wewn\u0119trznego systemu mentoringowego, w kt\u00f3rym zesp\u00f3\u0142 wy\u017cszej kadry zarz\u0105dzaj\u0105cej pe\u0142ni rol\u0119 doradc\u00f3w rozwoju kariery.<\/div><\/div>\t\t\t\t\t\t\t\t<\/div>\n\t\t\t\t<\/div>\n\t\t\t\t<\/div>\n\t\t<div class=\"elementor-element elementor-element-fe92ca9 e-con-full e-flex e-con e-child\" data-id=\"fe92ca9\" data-element_type=\"container\" data-settings=\"{&quot;ekit_has_onepagescroll_dot&quot;:&quot;yes&quot;}\">\n\t\t\t\t<div class=\"elementor-element elementor-element-152f7d2 elementor-widget elementor-widget-text-editor\" data-id=\"152f7d2\" data-element_type=\"widget\" data-settings=\"{&quot;ekit_we_effect_on&quot;:&quot;none&quot;}\" data-widget_type=\"text-editor.default\">\n\t\t\t\t<div class=\"elementor-widget-container\">\n\t\t\t\t\t\t\t\t\t<div data-page-id=\"QfiFdHk0mo0NOdxNB3pcDDq5nbe\" data-lark-html-role=\"root\" data-docx-has-block-data=\"false\"><div>Ustanowienie corocznego funduszu innowacji na wsparcie projekt\u00f3w badawczo-rozwojowych pracownik\u00f3w.<\/div><\/div>\t\t\t\t\t\t\t\t<\/div>\n\t\t\t\t<\/div>\n\t\t\t\t<\/div>\n\t\t\t\t<\/div>\n\t\t\t\t<\/div>\n\t\t<div class=\"elementor-element elementor-element-c25eca6 e-con-full e-flex e-con e-child\" data-id=\"c25eca6\" data-element_type=\"container\" data-settings=\"{&quot;ekit_has_onepagescroll_dot&quot;:&quot;yes&quot;}\">\n\t\t<div class=\"elementor-element elementor-element-ca69f97 e-con-full e-flex e-con e-child\" data-id=\"ca69f97\" data-element_type=\"container\" data-settings=\"{&quot;ekit_has_onepagescroll_dot&quot;:&quot;yes&quot;}\">\n\t\t\t\t<div class=\"elementor-element elementor-element-3a58a66 elementor-widget elementor-widget-image\" data-id=\"3a58a66\" data-element_type=\"widget\" data-settings=\"{&quot;ekit_we_effect_on&quot;:&quot;none&quot;}\" data-widget_type=\"image.default\">\n\t\t\t\t<div class=\"elementor-widget-container\">\n\t\t\t\t\t\t\t\t\t\t\t\t\t\t\t<img decoding=\"async\" width=\"800\" height=\"533\" src=\"https:\/\/landuchem.com\/wp-content\/uploads\/2025\/04\/promotion-at-work-or-social-status-present-an-employee-with-a-promotion--1024x682.jpg\" class=\"attachment-large size-large wp-image-10333\" alt=\"Awans zawodowy lub spo\u0142eczny. Przedstawienie pracownika z awansem.\" srcset=\"https:\/\/landuchem.com\/wp-content\/uploads\/2025\/04\/promotion-at-work-or-social-status-present-an-employee-with-a-promotion--1024x682.jpg 1024w, https:\/\/landuchem.com\/wp-content\/uploads\/2025\/04\/promotion-at-work-or-social-status-present-an-employee-with-a-promotion--300x200.jpg 300w, https:\/\/landuchem.com\/wp-content\/uploads\/2025\/04\/promotion-at-work-or-social-status-present-an-employee-with-a-promotion--768x512.jpg 768w, https:\/\/landuchem.com\/wp-content\/uploads\/2025\/04\/promotion-at-work-or-social-status-present-an-employee-with-a-promotion--1536x1024.jpg 1536w, https:\/\/landuchem.com\/wp-content\/uploads\/2025\/04\/promotion-at-work-or-social-status-present-an-employee-with-a-promotion-.jpg 2000w\" sizes=\"(max-width: 800px) 100vw, 800px\" \/>\t\t\t\t\t\t\t\t\t\t\t\t\t\t\t<\/div>\n\t\t\t\t<\/div>\n\t\t\t\t<\/div>\n\t\t<div class=\"elementor-element elementor-element-d85c7c5 e-con-full e-flex e-con e-child\" data-id=\"d85c7c5\" data-element_type=\"container\" data-settings=\"{&quot;ekit_has_onepagescroll_dot&quot;:&quot;yes&quot;}\">\n\t\t<div class=\"elementor-element elementor-element-afe72e9 e-con-full e-flex e-con e-child\" data-id=\"afe72e9\" data-element_type=\"container\" data-settings=\"{&quot;ekit_has_onepagescroll_dot&quot;:&quot;yes&quot;}\">\n\t\t\t\t<div class=\"elementor-element elementor-element-ceeb5d7 elementor-view-default elementor-widget elementor-widget-icon\" data-id=\"ceeb5d7\" data-element_type=\"widget\" data-settings=\"{&quot;ekit_we_effect_on&quot;:&quot;none&quot;}\" data-widget_type=\"icon.default\">\n\t\t\t\t<div class=\"elementor-widget-container\">\n\t\t\t\t\t\t\t<div class=\"elementor-icon-wrapper\">\n\t\t\t<div class=\"elementor-icon\">\n\t\t\t<svg xmlns=\"http:\/\/www.w3.org\/2000\/svg\" id=\"_&#x56FE;&#x5C42;_2\" data-name=\"&#x56FE;&#x5C42; 2\" viewbox=\"0 0 111.69 167.53\"><defs><style>      .cls-1 {        fill: #fad8be;      }      .cls-1, .cls-2 {        stroke-width: 0px;      }      .cls-2 {        fill: #f47b25;      }    <\/style><\/defs><g id=\"_&#x56FE;&#x5C42;_1-2\" data-name=\"&#x56FE;&#x5C42; 1\"><g><circle class=\"cls-1\" cx=\"55.84\" cy=\"55.84\" r=\"55.84\"><\/circle><circle class=\"cls-2\" cx=\"55.84\" cy=\"111.69\" r=\"55.84\"><\/circle><\/g><\/g><\/svg>\t\t\t<\/div>\n\t\t<\/div>\n\t\t\t\t\t\t<\/div>\n\t\t\t\t<\/div>\n\t\t<div class=\"elementor-element elementor-element-6de34e1 e-con-full e-flex e-con e-child\" data-id=\"6de34e1\" data-element_type=\"container\" data-settings=\"{&quot;ekit_has_onepagescroll_dot&quot;:&quot;yes&quot;}\">\n\t\t\t\t<div class=\"elementor-element elementor-element-39146f3 elementor-widget elementor-widget-heading\" data-id=\"39146f3\" data-element_type=\"widget\" data-settings=\"{&quot;ekit_we_effect_on&quot;:&quot;none&quot;}\" data-widget_type=\"heading.default\">\n\t\t\t\t<div class=\"elementor-widget-container\">\n\t\t\t\t\t<h2 class=\"elementor-heading-title elementor-size-default\">Kompleksowe programy awansu i \u015bwiadcze\u0144 pracowniczych<\/h2>\t\t\t\t<\/div>\n\t\t\t\t<\/div>\n\t\t\t\t<\/div>\n\t\t\t\t<\/div>\n\t\t\t\t<div class=\"elementor-element elementor-element-4de7f03 elementor-widget elementor-widget-text-editor\" data-id=\"4de7f03\" data-element_type=\"widget\" data-settings=\"{&quot;ekit_we_effect_on&quot;:&quot;none&quot;}\" data-widget_type=\"text-editor.default\">\n\t\t\t\t<div class=\"elementor-widget-container\">\n\t\t\t\t\t\t\t\t\t<p>Wprowadzamy r\u00f3wnoleg\u0142y mechanizm awans\u00f3w \u201e\u015bcie\u017cka zawodowa + \u015bcie\u017cka mened\u017cerska\u201d. Talenty techniczne i specjalistyczne mog\u0105 awansowa\u0107 na stanowiska g\u0142\u00f3wnych ekspert\u00f3w, a talenty mened\u017cerskie mog\u0105 wej\u015b\u0107 na szybki kana\u0142 awansu poprzez coroczn\u0105 ocen\u0119 talent\u00f3w. Wszystkie stanowiska s\u0105 otwarte na konkurencj\u0119, aby zapewni\u0107 uczciwo\u015b\u0107 i przejrzysto\u015b\u0107.<\/p><p>Oferujemy pakiet wynagrodze\u0144 i \u015bwiadcze\u0144 \u201epi\u0119\u0107 w jednym\u201d, aby zapewni\u0107 pracownikom udzia\u0142 w owocach rozwoju, obejmuj\u0105cy konkurencyjne wynagrodzenie, plan ochrony zdrowia, system zabezpieczenia \u017cycia, elastyczny pakiet benefit\u00f3w oraz projekty opieki humanitarnej.<\/p>\t\t\t\t\t\t\t\t<\/div>\n\t\t\t\t<\/div>\n\t\t\t\t<\/div>\n\t\t\t\t<\/div>\n\t\t\t\t\t<\/div>\n\t\t\t\t<\/div>\n\t\t\t\t<\/div>","protected":false},"excerpt":{"rendered":"<p>Employee Safety and Development At NOVASTAR, what you gain is not only a salary figure but also career achievements that you can be proud of for a lifetime. Commitment to Workplace Safety &amp; Health At NOVASTAR, &#8220;Safety First&#8221; is not just a slogan. It is a daily practice that protects our people, our partners, and [&hellip;]<\/p>","protected":false},"author":1,"featured_media":0,"parent":4745,"menu_order":0,"comment_status":"closed","ping_status":"closed","template":"elementor_header_footer","meta":{"footnotes":""},"class_list":["post-10307","page","type-page","status-publish","hentry"],"_links":{"self":[{"href":"https:\/\/landuchem.com\/pl\/wp-json\/wp\/v2\/pages\/10307","targetHints":{"allow":["GET"]}}],"collection":[{"href":"https:\/\/landuchem.com\/pl\/wp-json\/wp\/v2\/pages"}],"about":[{"href":"https:\/\/landuchem.com\/pl\/wp-json\/wp\/v2\/types\/page"}],"author":[{"embeddable":true,"href":"https:\/\/landuchem.com\/pl\/wp-json\/wp\/v2\/users\/1"}],"replies":[{"embeddable":true,"href":"https:\/\/landuchem.com\/pl\/wp-json\/wp\/v2\/comments?post=10307"}],"version-history":[{"count":14,"href":"https:\/\/landuchem.com\/pl\/wp-json\/wp\/v2\/pages\/10307\/revisions"}],"predecessor-version":[{"id":12977,"href":"https:\/\/landuchem.com\/pl\/wp-json\/wp\/v2\/pages\/10307\/revisions\/12977"}],"up":[{"embeddable":true,"href":"https:\/\/landuchem.com\/pl\/wp-json\/wp\/v2\/pages\/4745"}],"wp:attachment":[{"href":"https:\/\/landuchem.com\/pl\/wp-json\/wp\/v2\/media?parent=10307"}],"curies":[{"name":"wp","href":"https:\/\/api.w.org\/{rel}","templated":true}]}}