{"id":10274,"date":"2025-04-28T12:45:28","date_gmt":"2025-04-28T12:45:28","guid":{"rendered":"https:\/\/landuchem.com\/?page_id=10274"},"modified":"2025-08-26T08:15:18","modified_gmt":"2025-08-26T08:15:18","slug":"zaangazowanie-spolecznosci-i-wklad","status":"publish","type":"page","link":"https:\/\/landuchem.com\/pl\/zrownowazony-rozwoj\/ludzie-ktorym-jestesmy-zobowiazani-zapewnic-opieke\/zaangazowanie-spolecznosci-i-wklad\/","title":{"rendered":"Zaanga\u017cowanie spo\u0142eczno\u015bci i wk\u0142ad"},"content":{"rendered":"<div data-elementor-type=\"wp-page\" data-elementor-id=\"10274\" class=\"elementor elementor-10274\" data-elementor-post-type=\"page\">\n\t\t\t\t<div class=\"elementor-element elementor-element-b8ed35a e-flex e-con-boxed e-con e-parent\" data-id=\"b8ed35a\" data-element_type=\"container\" data-settings=\"{&quot;background_background&quot;:&quot;classic&quot;,&quot;ekit_has_onepagescroll_dot&quot;:&quot;yes&quot;}\">\n\t\t\t\t\t<div class=\"e-con-inner\">\n\t\t\t\t<div class=\"elementor-element elementor-element-a72b32f elementor-widget elementor-widget-heading\" data-id=\"a72b32f\" data-element_type=\"widget\" data-settings=\"{&quot;ekit_we_effect_on&quot;:&quot;none&quot;}\" data-widget_type=\"heading.default\">\n\t\t\t\t<div class=\"elementor-widget-container\">\n\t\t\t\t\t<h1 class=\"elementor-heading-title elementor-size-default\">Zaanga\u017cowanie spo\u0142eczno\u015bci i wk\u0142ad<\/h1>\t\t\t\t<\/div>\n\t\t\t\t<\/div>\n\t\t\t\t<div class=\"elementor-element elementor-element-c986241 elementor-widget__width-initial elementor-widget elementor-widget-text-editor\" data-id=\"c986241\" data-element_type=\"widget\" data-settings=\"{&quot;ekit_we_effect_on&quot;:&quot;none&quot;}\" data-widget_type=\"text-editor.default\">\n\t\t\t\t<div class=\"elementor-widget-container\">\n\t\t\t\t\t\t\t\t\t<p>Nasza spo\u0142eczna odpowiedzialno\u015b\u0107 biznesu (CSR) jest podstawowym elementem naszego zaanga\u017cowania i wk\u0142adu w zr\u00f3wnowa\u017con\u0105 przysz\u0142o\u015b\u0107.<\/p>\t\t\t\t\t\t\t\t<\/div>\n\t\t\t\t<\/div>\n\t\t\t\t\t<\/div>\n\t\t\t\t<\/div>\n\t\t<div class=\"elementor-element elementor-element-01a78e7 e-flex e-con-boxed e-con e-parent\" data-id=\"01a78e7\" data-element_type=\"container\" data-settings=\"{&quot;ekit_has_onepagescroll_dot&quot;:&quot;yes&quot;}\">\n\t\t\t\t\t<div class=\"e-con-inner\">\n\t\t<div class=\"elementor-element elementor-element-01b9b7e e-con-full e-flex e-con e-child\" data-id=\"01b9b7e\" data-element_type=\"container\" data-settings=\"{&quot;ekit_has_onepagescroll_dot&quot;:&quot;yes&quot;}\">\n\t\t<div class=\"elementor-element elementor-element-def1aae e-con-full e-flex e-con e-child\" data-id=\"def1aae\" data-element_type=\"container\" data-settings=\"{&quot;ekit_has_onepagescroll_dot&quot;:&quot;yes&quot;}\">\n\t\t\t\t<div class=\"elementor-element elementor-element-011bb68 elementor-view-default elementor-widget elementor-widget-icon\" data-id=\"011bb68\" data-element_type=\"widget\" data-settings=\"{&quot;ekit_we_effect_on&quot;:&quot;none&quot;}\" data-widget_type=\"icon.default\">\n\t\t\t\t<div class=\"elementor-widget-container\">\n\t\t\t\t\t\t\t<div class=\"elementor-icon-wrapper\">\n\t\t\t<div class=\"elementor-icon\">\n\t\t\t<svg xmlns=\"http:\/\/www.w3.org\/2000\/svg\" id=\"_&#x56FE;&#x5C42;_2\" data-name=\"&#x56FE;&#x5C42; 2\" viewbox=\"0 0 111.69 167.53\"><defs><style>      .cls-1 {        fill: #fad8be;      }      .cls-1, .cls-2 {        stroke-width: 0px;      }      .cls-2 {        fill: #f47b25;      }    <\/style><\/defs><g id=\"_&#x56FE;&#x5C42;_1-2\" data-name=\"&#x56FE;&#x5C42; 1\"><g><circle class=\"cls-1\" cx=\"55.84\" cy=\"55.84\" r=\"55.84\"><\/circle><circle class=\"cls-2\" cx=\"55.84\" cy=\"111.69\" r=\"55.84\"><\/circle><\/g><\/g><\/svg>\t\t\t<\/div>\n\t\t<\/div>\n\t\t\t\t\t\t<\/div>\n\t\t\t\t<\/div>\n\t\t<div class=\"elementor-element elementor-element-62e1097 e-con-full e-flex e-con e-child\" data-id=\"62e1097\" data-element_type=\"container\" data-settings=\"{&quot;ekit_has_onepagescroll_dot&quot;:&quot;yes&quot;}\">\n\t\t\t\t<div class=\"elementor-element elementor-element-82bfbfc elementor-widget elementor-widget-heading\" data-id=\"82bfbfc\" data-element_type=\"widget\" data-settings=\"{&quot;ekit_we_effect_on&quot;:&quot;none&quot;}\" data-widget_type=\"heading.default\">\n\t\t\t\t<div class=\"elementor-widget-container\">\n\t\t\t\t\t<h2 class=\"elementor-heading-title elementor-size-default\">Odpowiedzialna dzia\u0142alno\u015b\u0107 produkcyjna<\/h2>\t\t\t\t<\/div>\n\t\t\t\t<\/div>\n\t\t\t\t<\/div>\n\t\t\t\t<\/div>\n\t\t\t\t<div class=\"elementor-element elementor-element-ba9c8c1 elementor-widget__width-initial elementor-widget elementor-widget-text-editor\" data-id=\"ba9c8c1\" data-element_type=\"widget\" data-settings=\"{&quot;ekit_we_effect_on&quot;:&quot;none&quot;}\" data-widget_type=\"text-editor.default\">\n\t\t\t\t<div class=\"elementor-widget-container\">\n\t\t\t\t\t\t\t\t\t<p>Pierwszym punktem realizacji spo\u0142ecznej odpowiedzialno\u015bci jest w\u0142a\u015bciwe wype\u0142nianie obowi\u0105zk\u00f3w przedsi\u0119biorstwa. \u015aci\u015ble przestrzegamy wymaga\u0144 dotycz\u0105cych operacji produkcyjnych okre\u015blonych przez lokalne prawo i przepisy, zobowi\u0105zujemy si\u0119 do ograniczania zanieczyszczenia \u015brodowiska w lokalnym obszarze oraz staramy si\u0119 dobrze zarz\u0105dza\u0107 relacjami ze spo\u0142eczno\u015bci\u0105 lokaln\u0105.<\/p>\t\t\t\t\t\t\t\t<\/div>\n\t\t\t\t<\/div>\n\t\t\t\t<\/div>\n\t\t<div class=\"elementor-element elementor-element-f1217bf e-con-full e-flex e-con e-child\" data-id=\"f1217bf\" data-element_type=\"container\" data-settings=\"{&quot;ekit_has_onepagescroll_dot&quot;:&quot;yes&quot;}\">\n\t\t\t\t<div class=\"elementor-element elementor-element-0b1d572 elementor-widget elementor-widget-image\" data-id=\"0b1d572\" data-element_type=\"widget\" data-settings=\"{&quot;ekit_we_effect_on&quot;:&quot;none&quot;}\" data-widget_type=\"image.default\">\n\t\t\t\t<div class=\"elementor-widget-container\">\n\t\t\t\t\t\t\t\t\t\t\t\t\t\t\t<img fetchpriority=\"high\" decoding=\"async\" width=\"800\" height=\"533\" src=\"https:\/\/landuchem.com\/wp-content\/uploads\/2025\/04\/esg-environmental-social-management-policy-green-heart-in-the-palms--1024x682.jpg\" class=\"attachment-large size-large wp-image-10289\" alt=\"Polityka zarz\u0105dzania ESG \u015brodowiskowego, spo\u0142ecznego i \u0142adu korporacyjnego. Zielone serce w d\u0142oniach.\" srcset=\"https:\/\/landuchem.com\/wp-content\/uploads\/2025\/04\/esg-environmental-social-management-policy-green-heart-in-the-palms--1024x682.jpg 1024w, https:\/\/landuchem.com\/wp-content\/uploads\/2025\/04\/esg-environmental-social-management-policy-green-heart-in-the-palms--300x200.jpg 300w, https:\/\/landuchem.com\/wp-content\/uploads\/2025\/04\/esg-environmental-social-management-policy-green-heart-in-the-palms--768x512.jpg 768w, https:\/\/landuchem.com\/wp-content\/uploads\/2025\/04\/esg-environmental-social-management-policy-green-heart-in-the-palms--1536x1024.jpg 1536w, https:\/\/landuchem.com\/wp-content\/uploads\/2025\/04\/esg-environmental-social-management-policy-green-heart-in-the-palms-.jpg 2000w\" sizes=\"(max-width: 800px) 100vw, 800px\" \/>\t\t\t\t\t\t\t\t\t\t\t\t\t\t\t<\/div>\n\t\t\t\t<\/div>\n\t\t\t\t<\/div>\n\t\t\t\t\t<\/div>\n\t\t\t\t<\/div>\n\t\t<div class=\"elementor-element elementor-element-b294607 e-grid e-con-boxed e-con e-parent\" data-id=\"b294607\" data-element_type=\"container\" data-settings=\"{&quot;ekit_has_onepagescroll_dot&quot;:&quot;yes&quot;}\">\n\t\t\t\t\t<div class=\"e-con-inner\">\n\t\t<div class=\"elementor-element elementor-element-d5d513c e-con-full e-flex e-con e-child\" data-id=\"d5d513c\" data-element_type=\"container\" data-settings=\"{&quot;ekit_has_onepagescroll_dot&quot;:&quot;yes&quot;}\">\n\t\t\t\t<div class=\"elementor-element elementor-element-5060f06 elementor-widget elementor-widget-text-editor\" data-id=\"5060f06\" data-element_type=\"widget\" data-settings=\"{&quot;ekit_we_effect_on&quot;:&quot;none&quot;}\" data-widget_type=\"text-editor.default\">\n\t\t\t\t<div class=\"elementor-widget-container\">\n\t\t\t\t\t\t\t\t\tNasze przedsi\u0119biorstwo \u015bci\u015ble przestrzega prawa i regulacji obowi\u0105zuj\u0105cych w lokalnej dzia\u0142alno\u015bci.\t\t\t\t\t\t\t\t<\/div>\n\t\t\t\t<\/div>\n\t\t\t\t<\/div>\n\t\t<div class=\"elementor-element elementor-element-9840be3 e-con-full e-flex e-con e-child\" data-id=\"9840be3\" data-element_type=\"container\" data-settings=\"{&quot;ekit_has_onepagescroll_dot&quot;:&quot;yes&quot;}\">\n\t\t\t\t<div class=\"elementor-element elementor-element-e3c90a5 elementor-widget elementor-widget-text-editor\" data-id=\"e3c90a5\" data-element_type=\"widget\" data-settings=\"{&quot;ekit_we_effect_on&quot;:&quot;none&quot;}\" data-widget_type=\"text-editor.default\">\n\t\t\t\t<div class=\"elementor-widget-container\">\n\t\t\t\t\t\t\t\t\tZjednoczeni w walce z lokalnym zanieczyszczeniem. Pracownicy zg\u0142aszaj\u0105 si\u0119 na ochotnika, aby pom\u00f3c w recyklingu odpad\u00f3w produkcyjnych i dziel\u0105 si\u0119 najlepszymi praktykami z przemys\u0142u chemicznego, aby proces recyklingu by\u0142 bezpieczniejszy dla wszystkich wolontariuszy stowarzyszenia.\t\t\t\t\t\t\t\t<\/div>\n\t\t\t\t<\/div>\n\t\t\t\t<\/div>\n\t\t<div class=\"elementor-element elementor-element-a218f3b e-con-full e-flex e-con e-child\" data-id=\"a218f3b\" data-element_type=\"container\" data-settings=\"{&quot;ekit_has_onepagescroll_dot&quot;:&quot;yes&quot;}\">\n\t\t\t\t<div class=\"elementor-element elementor-element-7044946 elementor-widget elementor-widget-text-editor\" data-id=\"7044946\" data-element_type=\"widget\" data-settings=\"{&quot;ekit_we_effect_on&quot;:&quot;none&quot;}\" data-widget_type=\"text-editor.default\">\n\t\t\t\t<div class=\"elementor-widget-container\">\n\t\t\t\t\t\t\t\t\tW NOVASTAR k\u0142adziemy du\u017cy nacisk na nasze relacje ze spo\u0142eczno\u015bciami lokalnymi, szczeg\u00f3lnie tam, gdzie znajduj\u0105 si\u0119 nasze zak\u0142ady i fabryki. Regularnie przeprowadzamy audyty wydajno\u015bci ka\u017cdej fabryki, aby zapewni\u0107, \u017ce spo\u0142eczno\u015b\u0107 lokalna jest poinformowana i zaanga\u017cowana. \t\t\t\t\t\t\t\t<\/div>\n\t\t\t\t<\/div>\n\t\t\t\t<\/div>\n\t\t\t\t\t<\/div>\n\t\t\t\t<\/div>\n\t\t<div class=\"elementor-element elementor-element-cd21dbe e-flex e-con-boxed e-con e-parent\" data-id=\"cd21dbe\" data-element_type=\"container\" data-settings=\"{&quot;background_background&quot;:&quot;classic&quot;,&quot;ekit_has_onepagescroll_dot&quot;:&quot;yes&quot;}\">\n\t\t\t\t\t<div class=\"e-con-inner\">\n\t\t<div class=\"elementor-element elementor-element-0b32905 e-con-full e-flex e-con e-child\" data-id=\"0b32905\" data-element_type=\"container\" data-settings=\"{&quot;ekit_has_onepagescroll_dot&quot;:&quot;yes&quot;}\">\n\t\t\t\t<div class=\"elementor-element elementor-element-7fcd2ec elementor-view-default elementor-widget elementor-widget-icon\" data-id=\"7fcd2ec\" data-element_type=\"widget\" data-settings=\"{&quot;ekit_we_effect_on&quot;:&quot;none&quot;}\" data-widget_type=\"icon.default\">\n\t\t\t\t<div class=\"elementor-widget-container\">\n\t\t\t\t\t\t\t<div class=\"elementor-icon-wrapper\">\n\t\t\t<div class=\"elementor-icon\">\n\t\t\t<svg xmlns=\"http:\/\/www.w3.org\/2000\/svg\" id=\"_&#x56FE;&#x5C42;_2\" data-name=\"&#x56FE;&#x5C42; 2\" viewbox=\"0 0 111.69 167.53\"><defs><style>      .cls-1 {        fill: #fad8be;      }      .cls-1, .cls-2 {        stroke-width: 0px;      }      .cls-2 {        fill: #f47b25;      }    <\/style><\/defs><g id=\"_&#x56FE;&#x5C42;_1-2\" data-name=\"&#x56FE;&#x5C42; 1\"><g><circle class=\"cls-1\" cx=\"55.84\" cy=\"55.84\" r=\"55.84\"><\/circle><circle class=\"cls-2\" cx=\"55.84\" cy=\"111.69\" r=\"55.84\"><\/circle><\/g><\/g><\/svg>\t\t\t<\/div>\n\t\t<\/div>\n\t\t\t\t\t\t<\/div>\n\t\t\t\t<\/div>\n\t\t<div class=\"elementor-element elementor-element-31d6f28 e-con-full e-flex e-con e-child\" data-id=\"31d6f28\" data-element_type=\"container\" data-settings=\"{&quot;ekit_has_onepagescroll_dot&quot;:&quot;yes&quot;}\">\n\t\t\t\t<div class=\"elementor-element elementor-element-a93371c elementor-widget elementor-widget-heading\" data-id=\"a93371c\" data-element_type=\"widget\" data-settings=\"{&quot;ekit_we_effect_on&quot;:&quot;none&quot;}\" data-widget_type=\"heading.default\">\n\t\t\t\t<div class=\"elementor-widget-container\">\n\t\t\t\t\t<h2 class=\"elementor-heading-title elementor-size-default\">Wsparcie dla lokalnej budowy i rozwoju<\/h2>\t\t\t\t<\/div>\n\t\t\t\t<\/div>\n\t\t\t\t<\/div>\n\t\t\t\t<\/div>\n\t\t\t\t<div class=\"elementor-element elementor-element-8b8497c elementor-widget__width-initial elementor-widget elementor-widget-text-editor\" data-id=\"8b8497c\" data-element_type=\"widget\" data-settings=\"{&quot;ekit_we_effect_on&quot;:&quot;none&quot;}\" data-widget_type=\"text-editor.default\">\n\t\t\t\t<div class=\"elementor-widget-container\">\n\t\t\t\t\t\t\t\t\tW NOVASTAR rozpoznajemy, \u017ce nasz sukces jest g\u0142\u0119boko powi\u0105zany z dobrobytem spo\u0142eczno\u015bci, w kt\u00f3rych dzia\u0142amy. Poza rozwojem biznesu, anga\u017cujemy si\u0119 w tworzenie trwa\u0142ej warto\u015bci spo\u0142ecznej poprzez inwestycje w lokaln\u0105 infrastruktur\u0119 i edukacj\u0119. Nasze inicjatywy koncentruj\u0105 si\u0119 na budowaniu odpornych spo\u0142eczno\u015bci, wspieraniu inkluzywnego wzrostu i zapewnianiu zr\u00f3wnowa\u017conego rozwoju dla przysz\u0142ych pokole\u0144.\t\t\t\t\t\t\t\t<\/div>\n\t\t\t\t<\/div>\n\t\t<div class=\"elementor-element elementor-element-5db46b7 e-con-full e-flex e-con e-child\" data-id=\"5db46b7\" data-element_type=\"container\" data-settings=\"{&quot;ekit_has_onepagescroll_dot&quot;:&quot;yes&quot;}\">\n\t\t<div class=\"elementor-element elementor-element-15c8607 e-con-full e-flex e-con e-child\" data-id=\"15c8607\" data-element_type=\"container\" data-settings=\"{&quot;ekit_has_onepagescroll_dot&quot;:&quot;yes&quot;}\">\n\t\t\t\t<div class=\"elementor-element elementor-element-3d8989a elementor-widget elementor-widget-image\" data-id=\"3d8989a\" data-element_type=\"widget\" data-settings=\"{&quot;ekit_we_effect_on&quot;:&quot;none&quot;}\" data-widget_type=\"image.default\">\n\t\t\t\t<div class=\"elementor-widget-container\">\n\t\t\t\t\t\t\t\t\t\t\t\t\t\t\t<img decoding=\"async\" width=\"800\" height=\"532\" src=\"https:\/\/landuchem.com\/wp-content\/uploads\/2025\/04\/workers-operating-asphalt-paver-machine-during-road-construction-and-repairing-works-1024x681.jpg\" class=\"attachment-large size-large wp-image-10293\" alt=\"Pracownicy obs\u0142uguj\u0105cy maszyn\u0119 do uk\u0142adania asfaltu podczas prac drogowych i naprawczych\" srcset=\"https:\/\/landuchem.com\/wp-content\/uploads\/2025\/04\/workers-operating-asphalt-paver-machine-during-road-construction-and-repairing-works-1024x681.jpg 1024w, https:\/\/landuchem.com\/wp-content\/uploads\/2025\/04\/workers-operating-asphalt-paver-machine-during-road-construction-and-repairing-works-300x200.jpg 300w, https:\/\/landuchem.com\/wp-content\/uploads\/2025\/04\/workers-operating-asphalt-paver-machine-during-road-construction-and-repairing-works-768x511.jpg 768w, https:\/\/landuchem.com\/wp-content\/uploads\/2025\/04\/workers-operating-asphalt-paver-machine-during-road-construction-and-repairing-works-1536x1021.jpg 1536w, https:\/\/landuchem.com\/wp-content\/uploads\/2025\/04\/workers-operating-asphalt-paver-machine-during-road-construction-and-repairing-works.jpg 2000w\" sizes=\"(max-width: 800px) 100vw, 800px\" \/>\t\t\t\t\t\t\t\t\t\t\t\t\t\t\t<\/div>\n\t\t\t\t<\/div>\n\t\t\t\t<\/div>\n\t\t<div class=\"elementor-element elementor-element-406f415 e-con-full e-flex e-con e-child\" data-id=\"406f415\" data-element_type=\"container\" data-settings=\"{&quot;ekit_has_onepagescroll_dot&quot;:&quot;yes&quot;}\">\n\t\t\t\t<div class=\"elementor-element elementor-element-c9e63f6 elementor-widget elementor-widget-heading\" data-id=\"c9e63f6\" data-element_type=\"widget\" data-settings=\"{&quot;ekit_we_effect_on&quot;:&quot;none&quot;}\" data-widget_type=\"heading.default\">\n\t\t\t\t<div class=\"elementor-widget-container\">\n\t\t\t\t\t<h3 class=\"elementor-heading-title elementor-size-default\">1. Wzmacnianie lokalnej infrastruktury<\/h3>\t\t\t\t<\/div>\n\t\t\t\t<\/div>\n\t\t\t\t<div class=\"elementor-element elementor-element-2b7c194 elementor-widget elementor-widget-text-editor\" data-id=\"2b7c194\" data-element_type=\"widget\" data-settings=\"{&quot;ekit_we_effect_on&quot;:&quot;none&quot;}\" data-widget_type=\"text-editor.default\">\n\t\t\t\t<div class=\"elementor-widget-container\">\n\t\t\t\t\t\t\t\t\tWsp\u00f3\u0142pracujemy z rz\u0105dami i organizacjami pozarz\u0105dowymi w celu modernizacji kluczowej infrastruktury, zapewniaj\u0105c spo\u0142eczno\u015bciom dost\u0119p do podstawowych us\u0142ug. Partnerujemy przy budowie dr\u00f3g i naprawie most\u00f3w, aby poprawi\u0107 mobilno\u015b\u0107 i dost\u0119p do gospodarki.\t\t\t\t\t\t\t\t<\/div>\n\t\t\t\t<\/div>\n\t\t\t\t<\/div>\n\t\t\t\t<\/div>\n\t\t<div class=\"elementor-element elementor-element-b50e368 e-con-full e-flex e-con e-child\" data-id=\"b50e368\" data-element_type=\"container\" data-settings=\"{&quot;ekit_has_onepagescroll_dot&quot;:&quot;yes&quot;}\">\n\t\t<div class=\"elementor-element elementor-element-b5ae74a e-con-full e-flex e-con e-child\" data-id=\"b5ae74a\" data-element_type=\"container\" data-settings=\"{&quot;ekit_has_onepagescroll_dot&quot;:&quot;yes&quot;}\">\n\t\t\t\t<div class=\"elementor-element elementor-element-094dca1 elementor-widget elementor-widget-image\" data-id=\"094dca1\" data-element_type=\"widget\" data-settings=\"{&quot;ekit_we_effect_on&quot;:&quot;none&quot;}\" data-widget_type=\"image.default\">\n\t\t\t\t<div class=\"elementor-widget-container\">\n\t\t\t\t\t\t\t\t\t\t\t\t\t\t\t<img decoding=\"async\" width=\"800\" height=\"533\" src=\"https:\/\/landuchem.com\/wp-content\/uploads\/2025\/04\/happy-asian-children-girl-with-wind-turbine-in-the-garden-1024x682.jpg\" class=\"attachment-large size-large wp-image-10294\" alt=\"Szcz\u0119\u015bliwa azjatycka dziewczynka z turbin\u0105 wiatrow\u0105 w ogrodzie\" srcset=\"https:\/\/landuchem.com\/wp-content\/uploads\/2025\/04\/happy-asian-children-girl-with-wind-turbine-in-the-garden-1024x682.jpg 1024w, https:\/\/landuchem.com\/wp-content\/uploads\/2025\/04\/happy-asian-children-girl-with-wind-turbine-in-the-garden-300x200.jpg 300w, https:\/\/landuchem.com\/wp-content\/uploads\/2025\/04\/happy-asian-children-girl-with-wind-turbine-in-the-garden-768x512.jpg 768w, https:\/\/landuchem.com\/wp-content\/uploads\/2025\/04\/happy-asian-children-girl-with-wind-turbine-in-the-garden-1536x1024.jpg 1536w, https:\/\/landuchem.com\/wp-content\/uploads\/2025\/04\/happy-asian-children-girl-with-wind-turbine-in-the-garden.jpg 2000w\" sizes=\"(max-width: 800px) 100vw, 800px\" \/>\t\t\t\t\t\t\t\t\t\t\t\t\t\t\t<\/div>\n\t\t\t\t<\/div>\n\t\t\t\t<\/div>\n\t\t<div class=\"elementor-element elementor-element-1442c75 e-con-full e-flex e-con e-child\" data-id=\"1442c75\" data-element_type=\"container\" data-settings=\"{&quot;ekit_has_onepagescroll_dot&quot;:&quot;yes&quot;}\">\n\t\t\t\t<div class=\"elementor-element elementor-element-60bf04f elementor-widget elementor-widget-heading\" data-id=\"60bf04f\" data-element_type=\"widget\" data-settings=\"{&quot;ekit_we_effect_on&quot;:&quot;none&quot;}\" data-widget_type=\"heading.default\">\n\t\t\t\t<div class=\"elementor-widget-container\">\n\t\t\t\t\t<h3 class=\"elementor-heading-title elementor-size-default\">2. Wspieranie edukacji i rozwoju umiej\u0119tno\u015bci<\/h3>\t\t\t\t<\/div>\n\t\t\t\t<\/div>\n\t\t\t\t<div class=\"elementor-element elementor-element-16960ac elementor-widget elementor-widget-text-editor\" data-id=\"16960ac\" data-element_type=\"widget\" data-settings=\"{&quot;ekit_we_effect_on&quot;:&quot;none&quot;}\" data-widget_type=\"text-editor.default\">\n\t\t\t\t<div class=\"elementor-widget-container\">\n\t\t\t\t\t\t\t\t\tEdukacja jest fundamentem rozwoju spo\u0142ecznego. Inwestujemy w przysz\u0142o\u015bciowe nauczanie, zapewniaj\u0105c pomoc finansow\u0105 i mentoring dla utalentowanych uczni\u00f3w w dziedzinach technicznych i zawodowych. Wsp\u00f3\u0142pracujemy z instytutami zawodowymi, oferuj\u0105c certyfikowane programy umiej\u0119tno\u015bci (np. odnawialne \u017ar\u00f3d\u0142a energii, zaawansowane technologie produkcji), kt\u00f3re odpowiadaj\u0105 potrzebom przemys\u0142u.\t\t\t\t\t\t\t\t<\/div>\n\t\t\t\t<\/div>\n\t\t\t\t<\/div>\n\t\t\t\t<\/div>\n\t\t\t\t\t<\/div>\n\t\t\t\t<\/div>\n\t\t\t\t<\/div>","protected":false},"excerpt":{"rendered":"<p>Community Engagement and Contribution Our corporate social responsibility (CSR) is a fundamental element of our commitment to and contribution towards a sustainable future. Responsible Manufacturing Operation The first point of fulfilling social responsibility is to fulfill the duties of the enterprise itself well. We strictly abide by the production operation requirements for enterprises stipulated by [&hellip;]<\/p>","protected":false},"author":1,"featured_media":0,"parent":4745,"menu_order":0,"comment_status":"closed","ping_status":"closed","template":"elementor_header_footer","meta":{"footnotes":""},"class_list":["post-10274","page","type-page","status-publish","hentry"],"_links":{"self":[{"href":"https:\/\/landuchem.com\/pl\/wp-json\/wp\/v2\/pages\/10274","targetHints":{"allow":["GET"]}}],"collection":[{"href":"https:\/\/landuchem.com\/pl\/wp-json\/wp\/v2\/pages"}],"about":[{"href":"https:\/\/landuchem.com\/pl\/wp-json\/wp\/v2\/types\/page"}],"author":[{"embeddable":true,"href":"https:\/\/landuchem.com\/pl\/wp-json\/wp\/v2\/users\/1"}],"replies":[{"embeddable":true,"href":"https:\/\/landuchem.com\/pl\/wp-json\/wp\/v2\/comments?post=10274"}],"version-history":[{"count":11,"href":"https:\/\/landuchem.com\/pl\/wp-json\/wp\/v2\/pages\/10274\/revisions"}],"predecessor-version":[{"id":12980,"href":"https:\/\/landuchem.com\/pl\/wp-json\/wp\/v2\/pages\/10274\/revisions\/12980"}],"up":[{"embeddable":true,"href":"https:\/\/landuchem.com\/pl\/wp-json\/wp\/v2\/pages\/4745"}],"wp:attachment":[{"href":"https:\/\/landuchem.com\/pl\/wp-json\/wp\/v2\/media?parent=10274"}],"curies":[{"name":"wp","href":"https:\/\/api.w.org\/{rel}","templated":true}]}}