{"id":10152,"date":"2025-04-28T10:27:10","date_gmt":"2025-04-28T10:27:10","guid":{"rendered":"https:\/\/landuchem.com\/?page_id=10152"},"modified":"2025-08-27T02:08:56","modified_gmt":"2025-08-27T02:08:56","slug":"samarbeide-om-utdanning-partnerskap-for-kunnskap","status":"publish","type":"page","link":"https:\/\/landuchem.com\/nb\/baerekraft\/velstandsokende-samfunn-og-okonomi\/samarbeide-om-utdanning-partnerskap-for-kunnskap\/","title":{"rendered":"Samarbeid om Utdanning: Partnerskap for Kunnskap"},"content":{"rendered":"<div data-elementor-type=\"wp-page\" data-elementor-id=\"10152\" class=\"elementor elementor-10152\" data-elementor-post-type=\"page\">\n\t\t\t\t<div class=\"elementor-element elementor-element-b8ed35a e-flex e-con-boxed e-con e-parent\" data-id=\"b8ed35a\" data-element_type=\"container\" data-settings=\"{&quot;background_background&quot;:&quot;classic&quot;,&quot;ekit_has_onepagescroll_dot&quot;:&quot;yes&quot;}\">\n\t\t\t\t\t<div class=\"e-con-inner\">\n\t\t\t\t<div class=\"elementor-element elementor-element-a72b32f elementor-widget elementor-widget-heading\" data-id=\"a72b32f\" data-element_type=\"widget\" data-settings=\"{&quot;ekit_we_effect_on&quot;:&quot;none&quot;}\" data-widget_type=\"heading.default\">\n\t\t\t\t<div class=\"elementor-widget-container\">\n\t\t\t\t\t<h1 class=\"elementor-heading-title elementor-size-default\">Samarbeid om Utdanning: Partnerskap for Kunnskap<\/h1>\t\t\t\t<\/div>\n\t\t\t\t<\/div>\n\t\t\t\t\t<\/div>\n\t\t\t\t<\/div>\n\t\t<div class=\"elementor-element elementor-element-01a78e7 e-flex e-con-boxed e-con e-parent\" data-id=\"01a78e7\" data-element_type=\"container\" data-settings=\"{&quot;ekit_has_onepagescroll_dot&quot;:&quot;yes&quot;}\">\n\t\t\t\t\t<div class=\"e-con-inner\">\n\t\t<div class=\"elementor-element elementor-element-f1217bf e-con-full e-flex e-con e-child\" data-id=\"f1217bf\" data-element_type=\"container\" data-settings=\"{&quot;ekit_has_onepagescroll_dot&quot;:&quot;yes&quot;}\">\n\t\t\t\t<div class=\"elementor-element elementor-element-3153a80 elementor-widget elementor-widget-image\" data-id=\"3153a80\" data-element_type=\"widget\" data-settings=\"{&quot;ekit_we_effect_on&quot;:&quot;none&quot;}\" data-widget_type=\"image.default\">\n\t\t\t\t<div class=\"elementor-widget-container\">\n\t\t\t\t\t\t\t\t\t\t\t\t\t\t\t<img fetchpriority=\"high\" decoding=\"async\" width=\"800\" height=\"533\" src=\"https:\/\/landuchem.com\/wp-content\/uploads\/2025\/04\/analysis-presentation-diverse-business-team-strategy-meeting-professional-training-seminar-1024x682.jpg\" class=\"attachment-large size-large wp-image-10163\" alt=\"analysepresentasjon mangfoldig forretningsgruppe strategim\u00f8te profesjonell oppl\u00e6ringsseminar\" srcset=\"https:\/\/landuchem.com\/wp-content\/uploads\/2025\/04\/analysis-presentation-diverse-business-team-strategy-meeting-professional-training-seminar-1024x682.jpg 1024w, https:\/\/landuchem.com\/wp-content\/uploads\/2025\/04\/analysis-presentation-diverse-business-team-strategy-meeting-professional-training-seminar-300x200.jpg 300w, https:\/\/landuchem.com\/wp-content\/uploads\/2025\/04\/analysis-presentation-diverse-business-team-strategy-meeting-professional-training-seminar-768x512.jpg 768w, https:\/\/landuchem.com\/wp-content\/uploads\/2025\/04\/analysis-presentation-diverse-business-team-strategy-meeting-professional-training-seminar-1536x1024.jpg 1536w, https:\/\/landuchem.com\/wp-content\/uploads\/2025\/04\/analysis-presentation-diverse-business-team-strategy-meeting-professional-training-seminar.jpg 2000w\" sizes=\"(max-width: 800px) 100vw, 800px\" \/>\t\t\t\t\t\t\t\t\t\t\t\t\t\t\t<\/div>\n\t\t\t\t<\/div>\n\t\t\t\t<\/div>\n\t\t<div class=\"elementor-element elementor-element-01b9b7e e-con-full e-flex e-con e-child\" data-id=\"01b9b7e\" data-element_type=\"container\" data-settings=\"{&quot;ekit_has_onepagescroll_dot&quot;:&quot;yes&quot;}\">\n\t\t<div class=\"elementor-element elementor-element-def1aae e-con-full e-flex e-con e-child\" data-id=\"def1aae\" data-element_type=\"container\" data-settings=\"{&quot;ekit_has_onepagescroll_dot&quot;:&quot;yes&quot;}\">\n\t\t\t\t<div class=\"elementor-element elementor-element-011bb68 elementor-view-default elementor-widget elementor-widget-icon\" data-id=\"011bb68\" data-element_type=\"widget\" data-settings=\"{&quot;ekit_we_effect_on&quot;:&quot;none&quot;}\" data-widget_type=\"icon.default\">\n\t\t\t\t<div class=\"elementor-widget-container\">\n\t\t\t\t\t\t\t<div class=\"elementor-icon-wrapper\">\n\t\t\t<div class=\"elementor-icon\">\n\t\t\t<svg xmlns=\"http:\/\/www.w3.org\/2000\/svg\" id=\"_&#x56FE;&#x5C42;_2\" data-name=\"&#x56FE;&#x5C42; 2\" viewbox=\"0 0 111.69 167.53\"><defs><style>      .cls-1 {        fill: #fad8be;      }      .cls-1, .cls-2 {        stroke-width: 0px;      }      .cls-2 {        fill: #f47b25;      }    <\/style><\/defs><g id=\"_&#x56FE;&#x5C42;_1-2\" data-name=\"&#x56FE;&#x5C42; 1\"><g><circle class=\"cls-1\" cx=\"55.84\" cy=\"55.84\" r=\"55.84\"><\/circle><circle class=\"cls-2\" cx=\"55.84\" cy=\"111.69\" r=\"55.84\"><\/circle><\/g><\/g><\/svg>\t\t\t<\/div>\n\t\t<\/div>\n\t\t\t\t\t\t<\/div>\n\t\t\t\t<\/div>\n\t\t<div class=\"elementor-element elementor-element-62e1097 e-con-full e-flex e-con e-child\" data-id=\"62e1097\" data-element_type=\"container\" data-settings=\"{&quot;ekit_has_onepagescroll_dot&quot;:&quot;yes&quot;}\">\n\t\t\t\t<div class=\"elementor-element elementor-element-82bfbfc elementor-widget elementor-widget-heading\" data-id=\"82bfbfc\" data-element_type=\"widget\" data-settings=\"{&quot;ekit_we_effect_on&quot;:&quot;none&quot;}\" data-widget_type=\"heading.default\">\n\t\t\t\t<div class=\"elementor-widget-container\">\n\t\t\t\t\t<h2 class=\"elementor-heading-title elementor-size-default\">LANDU Utdanning og Oppl\u00e6ring<\/h2>\t\t\t\t<\/div>\n\t\t\t\t<\/div>\n\t\t\t\t<\/div>\n\t\t\t\t<\/div>\n\t\t\t\t<div class=\"elementor-element elementor-element-ba9c8c1 elementor-widget__width-initial elementor-widget elementor-widget-text-editor\" data-id=\"ba9c8c1\" data-element_type=\"widget\" data-settings=\"{&quot;ekit_we_effect_on&quot;:&quot;none&quot;}\" data-widget_type=\"text-editor.default\">\n\t\t\t\t<div class=\"elementor-widget-container\">\n\t\t\t\t\t\t\t\t\t<p>Hos LANDU mener vi at utdanning, yrkesoppl\u00e6ring og livslang l\u00e6ring er sentrale pilarer for ansettbarhet, sysselsetting av arbeidere og b\u00e6rekraftig n\u00e6ringsutvikling. V\u00e5r utfordring som utdannere er imidlertid hvordan vi kan gj\u00f8re ressurser mer tilgjengelige for flere mennesker over hele verden.<\/p>\t\t\t\t\t\t\t\t<\/div>\n\t\t\t\t<\/div>\n\t\t\t\t<\/div>\n\t\t\t\t\t<\/div>\n\t\t\t\t<\/div>\n\t\t<div class=\"elementor-element elementor-element-cdd4f62 e-flex e-con-boxed e-con e-child\" data-id=\"cdd4f62\" data-element_type=\"container\" data-settings=\"{&quot;background_background&quot;:&quot;classic&quot;,&quot;ekit_has_onepagescroll_dot&quot;:&quot;yes&quot;}\">\n\t\t\t\t\t<div class=\"e-con-inner\">\n\t\t\t\t<div class=\"elementor-element elementor-element-2fd94f0 elementor-view-default elementor-widget elementor-widget-icon\" data-id=\"2fd94f0\" data-element_type=\"widget\" data-settings=\"{&quot;ekit_we_effect_on&quot;:&quot;none&quot;}\" data-widget_type=\"icon.default\">\n\t\t\t\t<div class=\"elementor-widget-container\">\n\t\t\t\t\t\t\t<div class=\"elementor-icon-wrapper\">\n\t\t\t<div class=\"elementor-icon\">\n\t\t\t<svg xmlns=\"http:\/\/www.w3.org\/2000\/svg\" id=\"_&#x56FE;&#x5C42;_2\" data-name=\"&#x56FE;&#x5C42; 2\" viewbox=\"0 0 111.69 167.53\"><defs><style>      .cls-1 {        fill: #fad8be;      }      .cls-1, .cls-2 {        stroke-width: 0px;      }      .cls-2 {        fill: #f47b25;      }    <\/style><\/defs><g id=\"_&#x56FE;&#x5C42;_1-2\" data-name=\"&#x56FE;&#x5C42; 1\"><g><circle class=\"cls-1\" cx=\"55.84\" cy=\"55.84\" r=\"55.84\"><\/circle><circle class=\"cls-2\" cx=\"55.84\" cy=\"111.69\" r=\"55.84\"><\/circle><\/g><\/g><\/svg>\t\t\t<\/div>\n\t\t<\/div>\n\t\t\t\t\t\t<\/div>\n\t\t\t\t<\/div>\n\t\t<div class=\"elementor-element elementor-element-ce91f25 e-con-full e-flex e-con e-child\" data-id=\"ce91f25\" data-element_type=\"container\" data-settings=\"{&quot;ekit_has_onepagescroll_dot&quot;:&quot;yes&quot;}\">\n\t\t\t\t<div class=\"elementor-element elementor-element-f6e1022 elementor-widget elementor-widget-heading\" data-id=\"f6e1022\" data-element_type=\"widget\" data-settings=\"{&quot;ekit_we_effect_on&quot;:&quot;none&quot;}\" data-widget_type=\"heading.default\">\n\t\t\t\t<div class=\"elementor-widget-container\">\n\t\t\t\t\t<h2 class=\"elementor-heading-title elementor-size-default\">Implementering av utdanningsprosjekter gjennom partnerskap og samarbeid<\/h2>\t\t\t\t<\/div>\n\t\t\t\t<\/div>\n\t\t\t\t<\/div>\n\t\t\t\t\t<\/div>\n\t\t\t\t<\/div>\n\t\t<div class=\"elementor-element elementor-element-67131e5 e-grid e-con-boxed e-con e-parent\" data-id=\"67131e5\" data-element_type=\"container\" data-settings=\"{&quot;background_background&quot;:&quot;classic&quot;,&quot;ekit_has_onepagescroll_dot&quot;:&quot;yes&quot;}\">\n\t\t\t\t\t<div class=\"e-con-inner\">\n\t\t<div class=\"elementor-element elementor-element-eb6d371 e-con-full e-flex e-con e-child\" data-id=\"eb6d371\" data-element_type=\"container\" data-settings=\"{&quot;ekit_has_onepagescroll_dot&quot;:&quot;yes&quot;}\">\n\t\t<div class=\"elementor-element elementor-element-7f28e32 e-con-full e-flex e-con e-child\" data-id=\"7f28e32\" data-element_type=\"container\" data-settings=\"{&quot;ekit_has_onepagescroll_dot&quot;:&quot;yes&quot;}\">\n\t\t\t\t<div class=\"elementor-element elementor-element-b4ff7a4 elementor-widget elementor-widget-heading\" data-id=\"b4ff7a4\" data-element_type=\"widget\" data-settings=\"{&quot;ekit_we_effect_on&quot;:&quot;none&quot;}\" data-widget_type=\"heading.default\">\n\t\t\t\t<div class=\"elementor-widget-container\">\n\t\t\t\t\t<h3 class=\"elementor-heading-title elementor-size-default\">Offline offentlig forelesning<\/h3>\t\t\t\t<\/div>\n\t\t\t\t<\/div>\n\t\t\t\t<div class=\"elementor-element elementor-element-74ba137 elementor-widget elementor-widget-text-editor\" data-id=\"74ba137\" data-element_type=\"widget\" data-settings=\"{&quot;ekit_we_effect_on&quot;:&quot;none&quot;}\" data-widget_type=\"text-editor.default\">\n\t\t\t\t<div class=\"elementor-widget-container\">\n\t\t\t\t\t\t\t\t\tGjennom \u00e5pning av samfunnets utdanningsform for offentlig forelesning gjennomf\u00f8rte LANDU \u2018landbruksbygningens forelesningssal\u2019 og organiserte ingeni\u00f8rer fra LANDU NOVASTAR-teamet og v\u00e5rt partnerskapsnettverk for \u00e5 tilby teknisk oppl\u00e6ring for fylkesbyggelag, med en prosjektomarbeidingsrate redusert med 35%.\t\t\t\t\t\t\t\t<\/div>\n\t\t\t\t<\/div>\n\t\t\t\t<\/div>\n\t\t<div class=\"elementor-element elementor-element-bbb340f e-con-full e-flex e-con e-child\" data-id=\"bbb340f\" data-element_type=\"container\" data-settings=\"{&quot;ekit_has_onepagescroll_dot&quot;:&quot;yes&quot;}\">\n\t\t\t\t<div class=\"elementor-element elementor-element-a88ab2c elementor-widget elementor-widget-image\" data-id=\"a88ab2c\" data-element_type=\"widget\" data-settings=\"{&quot;ekit_we_effect_on&quot;:&quot;none&quot;}\" data-widget_type=\"image.default\">\n\t\t\t\t<div class=\"elementor-widget-container\">\n\t\t\t\t\t\t\t\t\t\t\t\t\t\t\t<img decoding=\"async\" width=\"800\" height=\"533\" src=\"https:\/\/landuchem.com\/wp-content\/uploads\/2025\/04\/rear-view-of-caucasian-businessman-giving-presentation-in-front-of-audience-in-auditorium-1024x682.jpg\" class=\"attachment-large size-large wp-image-10165\" alt=\"Baksiden av en kaukasisk forretningsmann som holder presentasjon foran publikum i auditorium\" srcset=\"https:\/\/landuchem.com\/wp-content\/uploads\/2025\/04\/rear-view-of-caucasian-businessman-giving-presentation-in-front-of-audience-in-auditorium-1024x682.jpg 1024w, https:\/\/landuchem.com\/wp-content\/uploads\/2025\/04\/rear-view-of-caucasian-businessman-giving-presentation-in-front-of-audience-in-auditorium-300x200.jpg 300w, https:\/\/landuchem.com\/wp-content\/uploads\/2025\/04\/rear-view-of-caucasian-businessman-giving-presentation-in-front-of-audience-in-auditorium-768x512.jpg 768w, https:\/\/landuchem.com\/wp-content\/uploads\/2025\/04\/rear-view-of-caucasian-businessman-giving-presentation-in-front-of-audience-in-auditorium-1536x1024.jpg 1536w, https:\/\/landuchem.com\/wp-content\/uploads\/2025\/04\/rear-view-of-caucasian-businessman-giving-presentation-in-front-of-audience-in-auditorium.jpg 2000w\" sizes=\"(max-width: 800px) 100vw, 800px\" \/>\t\t\t\t\t\t\t\t\t\t\t\t\t\t\t<\/div>\n\t\t\t\t<\/div>\n\t\t\t\t<\/div>\n\t\t\t\t<\/div>\n\t\t<div class=\"elementor-element elementor-element-244d1a6 e-con-full e-flex e-con e-child\" data-id=\"244d1a6\" data-element_type=\"container\" data-settings=\"{&quot;ekit_has_onepagescroll_dot&quot;:&quot;yes&quot;}\">\n\t\t<div class=\"elementor-element elementor-element-02d49eb e-con-full e-flex e-con e-child\" data-id=\"02d49eb\" data-element_type=\"container\" data-settings=\"{&quot;ekit_has_onepagescroll_dot&quot;:&quot;yes&quot;}\">\n\t\t\t\t<div class=\"elementor-element elementor-element-fdb449b elementor-widget elementor-widget-heading\" data-id=\"fdb449b\" data-element_type=\"widget\" data-settings=\"{&quot;ekit_we_effect_on&quot;:&quot;none&quot;}\" data-widget_type=\"heading.default\">\n\t\t\t\t<div class=\"elementor-widget-container\">\n\t\t\t\t\t<h3 class=\"elementor-heading-title elementor-size-default\">Online utdanningssamarbeid Meta-rom<\/h3>\t\t\t\t<\/div>\n\t\t\t\t<\/div>\n\t\t\t\t<div class=\"elementor-element elementor-element-b316769 elementor-widget elementor-widget-text-editor\" data-id=\"b316769\" data-element_type=\"widget\" data-settings=\"{&quot;ekit_we_effect_on&quot;:&quot;none&quot;}\" data-widget_type=\"text-editor.default\">\n\t\t\t\t<div class=\"elementor-widget-container\">\n\t\t\t\t\t\t\t\t\tLANDU skal bygge en korridor om tilsetningsstoffenes historie for byggematerialer for studenter som spesialiserer seg i Materialkjemi, eller alle som er interesserte i denne industrien. Vi \u00f8nsker \u00e5 fungere som en bro for \u00e5 fylle gapet mellom v\u00e5r praktiske kunnskap og tankene til den yngre generasjonen for \u00e5 skape flere innovative og effektive gjennombrudd.\t\t\t\t\t\t\t\t<\/div>\n\t\t\t\t<\/div>\n\t\t\t\t<\/div>\n\t\t<div class=\"elementor-element elementor-element-7ff3826 e-con-full e-flex e-con e-child\" data-id=\"7ff3826\" data-element_type=\"container\" data-settings=\"{&quot;ekit_has_onepagescroll_dot&quot;:&quot;yes&quot;}\">\n\t\t\t\t<div class=\"elementor-element elementor-element-5ecc432 elementor-widget elementor-widget-image\" data-id=\"5ecc432\" data-element_type=\"widget\" data-settings=\"{&quot;ekit_we_effect_on&quot;:&quot;none&quot;}\" data-widget_type=\"image.default\">\n\t\t\t\t<div class=\"elementor-widget-container\">\n\t\t\t\t\t\t\t\t\t\t\t\t\t\t\t<img decoding=\"async\" width=\"800\" height=\"533\" src=\"https:\/\/landuchem.com\/wp-content\/uploads\/2025\/04\/online-education--1024x682.jpg\" class=\"attachment-large size-large wp-image-10166\" alt=\"online utdanning.\" srcset=\"https:\/\/landuchem.com\/wp-content\/uploads\/2025\/04\/online-education--1024x682.jpg 1024w, https:\/\/landuchem.com\/wp-content\/uploads\/2025\/04\/online-education--300x200.jpg 300w, https:\/\/landuchem.com\/wp-content\/uploads\/2025\/04\/online-education--768x512.jpg 768w, https:\/\/landuchem.com\/wp-content\/uploads\/2025\/04\/online-education--1536x1024.jpg 1536w, https:\/\/landuchem.com\/wp-content\/uploads\/2025\/04\/online-education-.jpg 2000w\" sizes=\"(max-width: 800px) 100vw, 800px\" \/>\t\t\t\t\t\t\t\t\t\t\t\t\t\t\t<\/div>\n\t\t\t\t<\/div>\n\t\t\t\t<\/div>\n\t\t\t\t<\/div>\n\t\t\t\t\t<\/div>\n\t\t\t\t<\/div>\n\t\t\t\t<\/div>","protected":false},"excerpt":{"rendered":"<p>Collaborate on Education: Partnering for Knowledge LANDU Education and Training At LANDU, we believe that education, vocational training, and lifelong learning are central pillars of employability, employment of workers, and sustainable enterprise development. However, our challenge as educators is how to make resources more accessible to more people across the world. Implementing Education Projects Through [&hellip;]<\/p>","protected":false},"author":1,"featured_media":0,"parent":10136,"menu_order":0,"comment_status":"closed","ping_status":"closed","template":"elementor_header_footer","meta":{"footnotes":""},"class_list":["post-10152","page","type-page","status-publish","hentry"],"_links":{"self":[{"href":"https:\/\/landuchem.com\/nb\/wp-json\/wp\/v2\/pages\/10152","targetHints":{"allow":["GET"]}}],"collection":[{"href":"https:\/\/landuchem.com\/nb\/wp-json\/wp\/v2\/pages"}],"about":[{"href":"https:\/\/landuchem.com\/nb\/wp-json\/wp\/v2\/types\/page"}],"author":[{"embeddable":true,"href":"https:\/\/landuchem.com\/nb\/wp-json\/wp\/v2\/users\/1"}],"replies":[{"embeddable":true,"href":"https:\/\/landuchem.com\/nb\/wp-json\/wp\/v2\/comments?post=10152"}],"version-history":[{"count":20,"href":"https:\/\/landuchem.com\/nb\/wp-json\/wp\/v2\/pages\/10152\/revisions"}],"predecessor-version":[{"id":13003,"href":"https:\/\/landuchem.com\/nb\/wp-json\/wp\/v2\/pages\/10152\/revisions\/13003"}],"up":[{"embeddable":true,"href":"https:\/\/landuchem.com\/nb\/wp-json\/wp\/v2\/pages\/10136"}],"wp:attachment":[{"href":"https:\/\/landuchem.com\/nb\/wp-json\/wp\/v2\/media?parent=10152"}],"curies":[{"name":"wp","href":"https:\/\/api.w.org\/{rel}","templated":true}]}}