{"id":4745,"date":"2025-04-22T07:46:20","date_gmt":"2025-04-22T07:46:20","guid":{"rendered":"https:\/\/landuchem.com\/?page_id=4745"},"modified":"2025-08-27T03:08:08","modified_gmt":"2025-08-27T03:08:08","slug":"cilveki-par-kuriem-mes-esam-apnemusies-rupeties","status":"publish","type":"page","link":"https:\/\/landuchem.com\/lv\/ilgtspeja\/cilveki-par-kuriem-mes-esam-apnemusies-rupeties\/","title":{"rendered":"Cilv\u0113ki \u2013 M\u0113s esam ap\u0146\u0113mu\u0161ies r\u016bp\u0113ties"},"content":{"rendered":"<div data-elementor-type=\"wp-page\" data-elementor-id=\"4745\" class=\"elementor elementor-4745\" data-elementor-post-type=\"page\">\n\t\t\t\t<div class=\"elementor-element elementor-element-4f03674 e-flex e-con-boxed e-con e-parent\" data-id=\"4f03674\" data-element_type=\"container\" data-settings=\"{&quot;background_background&quot;:&quot;classic&quot;,&quot;ekit_has_onepagescroll_dot&quot;:&quot;yes&quot;}\">\n\t\t\t\t\t<div class=\"e-con-inner\">\n\t\t\t\t<div class=\"elementor-element elementor-element-4757a89 elementor-widget__width-initial elementor-widget-mobile__width-initial elementor-widget elementor-widget-text-editor\" data-id=\"4757a89\" data-element_type=\"widget\" data-settings=\"{&quot;ekit_we_effect_on&quot;:&quot;none&quot;}\" data-widget_type=\"text-editor.default\">\n\t\t\t\t<div class=\"elementor-widget-container\">\n\t\t\t\t\t\t\t\t\t<p>Papildus tam, ka izmantojam vesel\u012bgas izejvielas un pie\u0146emam zema oglek\u013ca emisijas ra\u017eo\u0161anas metodes, NOVASTAR ir veicis ar\u012b vair\u0101kus pas\u0101kumus no humanit\u0101ras r\u016bp\u0113\u0161an\u0101s skatpunkta, lai nodro\u0161in\u0101tu lab\u0101ko apr\u016bpi klientiem, darbiniekiem un kopienai, pal\u012bdzot \u012bstenot ilgtsp\u0113j\u012bgu att\u012bst\u012bbu.<\/p>\t\t\t\t\t\t\t\t<\/div>\n\t\t\t\t<\/div>\n\t\t\t\t\t<\/div>\n\t\t\t\t<\/div>\n\t\t<div class=\"elementor-element elementor-element-8b0be1e e-flex e-con-boxed e-con e-parent\" data-id=\"8b0be1e\" data-element_type=\"container\" data-settings=\"{&quot;ekit_has_onepagescroll_dot&quot;:&quot;yes&quot;}\">\n\t\t\t\t\t<div class=\"e-con-inner\">\n\t\t<div class=\"elementor-element elementor-element-aeba605 e-con-full e-flex e-con e-child\" data-id=\"aeba605\" data-element_type=\"container\" data-settings=\"{&quot;ekit_has_onepagescroll_dot&quot;:&quot;yes&quot;}\">\n\t\t\t\t<div class=\"elementor-element elementor-element-a37c2ef elementor-widget elementor-widget-image\" data-id=\"a37c2ef\" data-element_type=\"widget\" data-settings=\"{&quot;ekit_we_effect_on&quot;:&quot;none&quot;}\" data-widget_type=\"image.default\">\n\t\t\t\t<div class=\"elementor-widget-container\">\n\t\t\t\t\t\t\t\t\t\t\t\t\t\t\t<img fetchpriority=\"high\" decoding=\"async\" width=\"800\" height=\"569\" src=\"https:\/\/landuchem.com\/wp-content\/uploads\/2025\/04\/landu-European-Coatings-Show-ECS-2025-1-e1745307073541-1024x728.jpg\" class=\"attachment-large size-large wp-image-4973\" alt=\"landu-Eiropas-Coatings-Show-ECS-2025-1\" srcset=\"https:\/\/landuchem.com\/wp-content\/uploads\/2025\/04\/landu-European-Coatings-Show-ECS-2025-1-e1745307073541-1024x728.jpg 1024w, https:\/\/landuchem.com\/wp-content\/uploads\/2025\/04\/landu-European-Coatings-Show-ECS-2025-1-e1745307073541-300x213.jpg 300w, https:\/\/landuchem.com\/wp-content\/uploads\/2025\/04\/landu-European-Coatings-Show-ECS-2025-1-e1745307073541-768x546.jpg 768w, https:\/\/landuchem.com\/wp-content\/uploads\/2025\/04\/landu-European-Coatings-Show-ECS-2025-1-e1745307073541.jpg 1280w\" sizes=\"(max-width: 800px) 100vw, 800px\" \/>\t\t\t\t\t\t\t\t\t\t\t\t\t\t\t<\/div>\n\t\t\t\t<\/div>\n\t\t\t\t<\/div>\n\t\t<div class=\"elementor-element elementor-element-0c7b97d e-con-full e-flex e-con e-child\" data-id=\"0c7b97d\" data-element_type=\"container\" data-settings=\"{&quot;ekit_has_onepagescroll_dot&quot;:&quot;yes&quot;}\">\n\t\t<div class=\"elementor-element elementor-element-e8482de e-con-full e-flex e-con e-child\" data-id=\"e8482de\" data-element_type=\"container\" data-settings=\"{&quot;ekit_has_onepagescroll_dot&quot;:&quot;yes&quot;}\">\n\t\t\t\t<div class=\"elementor-element elementor-element-a60e49f elementor-view-default elementor-widget elementor-widget-icon\" data-id=\"a60e49f\" data-element_type=\"widget\" data-settings=\"{&quot;ekit_we_effect_on&quot;:&quot;none&quot;}\" data-widget_type=\"icon.default\">\n\t\t\t\t<div class=\"elementor-widget-container\">\n\t\t\t\t\t\t\t<div class=\"elementor-icon-wrapper\">\n\t\t\t<div class=\"elementor-icon\">\n\t\t\t<svg xmlns=\"http:\/\/www.w3.org\/2000\/svg\" id=\"_&#x56FE;&#x5C42;_2\" data-name=\"&#x56FE;&#x5C42; 2\" viewbox=\"0 0 111.69 167.53\"><defs><style>      .cls-1 {        fill: #fad8be;      }      .cls-1, .cls-2 {        stroke-width: 0px;      }      .cls-2 {        fill: #f47b25;      }    <\/style><\/defs><g id=\"_&#x56FE;&#x5C42;_1-2\" data-name=\"&#x56FE;&#x5C42; 1\"><g><circle class=\"cls-1\" cx=\"55.84\" cy=\"55.84\" r=\"55.84\"><\/circle><circle class=\"cls-2\" cx=\"55.84\" cy=\"111.69\" r=\"55.84\"><\/circle><\/g><\/g><\/svg>\t\t\t<\/div>\n\t\t<\/div>\n\t\t\t\t\t\t<\/div>\n\t\t\t\t<\/div>\n\t\t<div class=\"elementor-element elementor-element-44d4061 e-con-full e-flex e-con e-child\" data-id=\"44d4061\" data-element_type=\"container\" data-settings=\"{&quot;ekit_has_onepagescroll_dot&quot;:&quot;yes&quot;}\">\n\t\t\t\t<div class=\"elementor-element elementor-element-a073801 elementor-widget elementor-widget-heading\" data-id=\"a073801\" data-element_type=\"widget\" data-settings=\"{&quot;ekit_we_effect_on&quot;:&quot;none&quot;}\" data-widget_type=\"heading.default\">\n\t\t\t\t<div class=\"elementor-widget-container\">\n\t\t\t\t\t<h2 class=\"elementor-heading-title elementor-size-default\">Darbinieku dro\u0161\u012bba un att\u012bst\u012bba<\/h2>\t\t\t\t<\/div>\n\t\t\t\t<\/div>\n\t\t\t\t<\/div>\n\t\t\t\t<\/div>\n\t\t\t\t<div class=\"elementor-element elementor-element-e3be923 elementor-widget elementor-widget-text-editor\" data-id=\"e3be923\" data-element_type=\"widget\" data-settings=\"{&quot;ekit_we_effect_on&quot;:&quot;none&quot;}\" data-widget_type=\"text-editor.default\">\n\t\t\t\t<div class=\"elementor-widget-container\">\n\t\t\t\t\t\t\t\t\t<p>Dro\u0161a un vesel\u012bga darba vide ir pamats ilgtsp\u0113j\u012bgas uz\u0146\u0113m\u0113jdarb\u012bbas nodro\u0161in\u0101\u0161anai un talanta pirmajai priorit\u0101tei. Darbinieku att\u012bst\u012bba nosaka uz\u0146\u0113muma att\u012bst\u012bbas ilgumu un dzi\u013cumu. Abi ir neat\u0146emamas sast\u0101vda\u013cas gan darbiniekiem, gan uz\u0146\u0113mumam.<\/p>\t\t\t\t\t\t\t\t<\/div>\n\t\t\t\t<\/div>\n\t\t\t\t<div class=\"elementor-element elementor-element-294c5c4 elementor-widget elementor-widget-button\" data-id=\"294c5c4\" data-element_type=\"widget\" data-settings=\"{&quot;ekit_we_effect_on&quot;:&quot;none&quot;}\" data-widget_type=\"button.default\">\n\t\t\t\t<div class=\"elementor-widget-container\">\n\t\t\t\t\t\t\t\t\t<div class=\"elementor-button-wrapper\">\n\t\t\t\t\t<a class=\"elementor-button elementor-button-link elementor-size-sm\" href=\"https:\/\/landuchem.com\/lv\/ilgtspeja\/cilveki-par-kuriem-mes-esam-apnemusies-rupeties\/darbinieku-drosiba-un-attistiba\/\" target=\"_blank\">\n\t\t\t\t\t\t<span class=\"elementor-button-content-wrapper\">\n\t\t\t\t\t\t\t\t\t<span class=\"elementor-button-text\">Uzzin\u0101t vair\u0101k<\/span>\n\t\t\t\t\t<\/span>\n\t\t\t\t\t<\/a>\n\t\t\t\t<\/div>\n\t\t\t\t\t\t\t\t<\/div>\n\t\t\t\t<\/div>\n\t\t\t\t<\/div>\n\t\t\t\t\t<\/div>\n\t\t\t\t<\/div>\n\t\t<div class=\"elementor-element elementor-element-b18179c e-flex e-con-boxed e-con e-parent\" data-id=\"b18179c\" data-element_type=\"container\" data-settings=\"{&quot;ekit_has_onepagescroll_dot&quot;:&quot;yes&quot;}\">\n\t\t\t\t\t<div class=\"e-con-inner\">\n\t\t<div class=\"elementor-element elementor-element-35dbb8e e-con-full e-flex e-con e-child\" data-id=\"35dbb8e\" data-element_type=\"container\" data-settings=\"{&quot;ekit_has_onepagescroll_dot&quot;:&quot;yes&quot;}\">\n\t\t<div class=\"elementor-element elementor-element-9a2ea83 e-con-full e-flex e-con e-child\" data-id=\"9a2ea83\" data-element_type=\"container\" data-settings=\"{&quot;ekit_has_onepagescroll_dot&quot;:&quot;yes&quot;}\">\n\t\t\t\t<div class=\"elementor-element elementor-element-b00b943 elementor-view-default elementor-widget elementor-widget-icon\" data-id=\"b00b943\" data-element_type=\"widget\" data-settings=\"{&quot;ekit_we_effect_on&quot;:&quot;none&quot;}\" data-widget_type=\"icon.default\">\n\t\t\t\t<div class=\"elementor-widget-container\">\n\t\t\t\t\t\t\t<div class=\"elementor-icon-wrapper\">\n\t\t\t<div class=\"elementor-icon\">\n\t\t\t<svg xmlns=\"http:\/\/www.w3.org\/2000\/svg\" id=\"_&#x56FE;&#x5C42;_2\" data-name=\"&#x56FE;&#x5C42; 2\" viewbox=\"0 0 111.69 167.53\"><defs><style>      .cls-1 {        fill: #fad8be;      }      .cls-1, .cls-2 {        stroke-width: 0px;      }      .cls-2 {        fill: #f47b25;      }    <\/style><\/defs><g id=\"_&#x56FE;&#x5C42;_1-2\" data-name=\"&#x56FE;&#x5C42; 1\"><g><circle class=\"cls-1\" cx=\"55.84\" cy=\"55.84\" r=\"55.84\"><\/circle><circle class=\"cls-2\" cx=\"55.84\" cy=\"111.69\" r=\"55.84\"><\/circle><\/g><\/g><\/svg>\t\t\t<\/div>\n\t\t<\/div>\n\t\t\t\t\t\t<\/div>\n\t\t\t\t<\/div>\n\t\t<div class=\"elementor-element elementor-element-476eacd e-con-full e-flex e-con e-child\" data-id=\"476eacd\" data-element_type=\"container\" data-settings=\"{&quot;ekit_has_onepagescroll_dot&quot;:&quot;yes&quot;}\">\n\t\t\t\t<div class=\"elementor-element elementor-element-0c1172f elementor-widget elementor-widget-heading\" data-id=\"0c1172f\" data-element_type=\"widget\" data-settings=\"{&quot;ekit_we_effect_on&quot;:&quot;none&quot;}\" data-widget_type=\"heading.default\">\n\t\t\t\t<div class=\"elementor-widget-container\">\n\t\t\t\t\t<h2 class=\"elementor-heading-title elementor-size-default\">Kopienas iesaist\u012b\u0161an\u0101s un ieguld\u012bjums<\/h2>\t\t\t\t<\/div>\n\t\t\t\t<\/div>\n\t\t\t\t<\/div>\n\t\t\t\t<\/div>\n\t\t\t\t<div class=\"elementor-element elementor-element-d7d57bd elementor-widget elementor-widget-text-editor\" data-id=\"d7d57bd\" data-element_type=\"widget\" data-settings=\"{&quot;ekit_we_effect_on&quot;:&quot;none&quot;}\" data-widget_type=\"text-editor.default\">\n\t\t\t\t<div class=\"elementor-widget-container\">\n\t\t\t\t\t\t\t\t\tM\u016bsu korporat\u012bv\u0101 soci\u0101l\u0101 atbild\u012bba kalpo k\u0101 m\u016bsu strat\u0113\u0123isk\u0101s ap\u0146em\u0161an\u0101s pamats veicin\u0101t ilgtsp\u0113j\u012bgu att\u012bst\u012bbu. Akt\u012bvi sadarbojoties ar darbiniekiem, kopienas ieinteres\u0113taj\u0101m pus\u0113m un sabiedr\u012bbas partneriem, m\u0113s v\u0113lamies kop\u012bgi rad\u012bt kop\u012bgu v\u0113rt\u012bbu un veicin\u0101t noz\u012bm\u012bgu progresu.\t\t\t\t\t\t\t\t<\/div>\n\t\t\t\t<\/div>\n\t\t\t\t<div class=\"elementor-element elementor-element-9599849 elementor-widget elementor-widget-button\" data-id=\"9599849\" data-element_type=\"widget\" data-settings=\"{&quot;ekit_we_effect_on&quot;:&quot;none&quot;}\" data-widget_type=\"button.default\">\n\t\t\t\t<div class=\"elementor-widget-container\">\n\t\t\t\t\t\t\t\t\t<div class=\"elementor-button-wrapper\">\n\t\t\t\t\t<a class=\"elementor-button elementor-button-link elementor-size-sm\" href=\"https:\/\/landuchem.com\/lv\/ilgtspeja\/cilveki-par-kuriem-mes-esam-apnemusies-rupeties\/kopienas-iesaistisanas-un-ieguldijums\/\" target=\"_blank\">\n\t\t\t\t\t\t<span class=\"elementor-button-content-wrapper\">\n\t\t\t\t\t\t\t\t\t<span class=\"elementor-button-text\">Uzzin\u0101t vair\u0101k<\/span>\n\t\t\t\t\t<\/span>\n\t\t\t\t\t<\/a>\n\t\t\t\t<\/div>\n\t\t\t\t\t\t\t\t<\/div>\n\t\t\t\t<\/div>\n\t\t\t\t<\/div>\n\t\t<div class=\"elementor-element elementor-element-4fcd5a1 e-con-full e-flex e-con e-child\" data-id=\"4fcd5a1\" data-element_type=\"container\" data-settings=\"{&quot;ekit_has_onepagescroll_dot&quot;:&quot;yes&quot;}\">\n\t\t\t\t<div class=\"elementor-element elementor-element-7aaa934 elementor-widget elementor-widget-image\" data-id=\"7aaa934\" data-element_type=\"widget\" data-settings=\"{&quot;ekit_we_effect_on&quot;:&quot;none&quot;}\" data-widget_type=\"image.default\">\n\t\t\t\t<div class=\"elementor-widget-container\">\n\t\t\t\t\t\t\t\t\t\t\t\t\t\t\t<img decoding=\"async\" width=\"768\" height=\"1024\" src=\"https:\/\/landuchem.com\/wp-content\/uploads\/2025\/04\/landu-Coatings-Show-ECS-768x1024.jpg\" class=\"attachment-large size-large wp-image-4995\" alt=\"landu-Coatings-Show-ECS\" srcset=\"https:\/\/landuchem.com\/wp-content\/uploads\/2025\/04\/landu-Coatings-Show-ECS-768x1024.jpg 768w, https:\/\/landuchem.com\/wp-content\/uploads\/2025\/04\/landu-Coatings-Show-ECS-225x300.jpg 225w, https:\/\/landuchem.com\/wp-content\/uploads\/2025\/04\/landu-Coatings-Show-ECS.jpg 1080w\" sizes=\"(max-width: 768px) 100vw, 768px\" \/>\t\t\t\t\t\t\t\t\t\t\t\t\t\t\t<\/div>\n\t\t\t\t<\/div>\n\t\t\t\t<\/div>\n\t\t\t\t\t<\/div>\n\t\t\t\t<\/div>\n\t\t<div class=\"elementor-element elementor-element-1cdd0e8 e-flex e-con-boxed e-con e-parent\" data-id=\"1cdd0e8\" data-element_type=\"container\" data-settings=\"{&quot;ekit_has_onepagescroll_dot&quot;:&quot;yes&quot;}\">\n\t\t\t\t\t<div class=\"e-con-inner\">\n\t\t<div class=\"elementor-element elementor-element-7602c9e e-con-full e-flex e-con e-child\" data-id=\"7602c9e\" data-element_type=\"container\" data-settings=\"{&quot;ekit_has_onepagescroll_dot&quot;:&quot;yes&quot;}\">\n\t\t\t\t<div class=\"elementor-element elementor-element-277e62e elementor-widget elementor-widget-image\" data-id=\"277e62e\" data-element_type=\"widget\" data-settings=\"{&quot;ekit_we_effect_on&quot;:&quot;none&quot;}\" data-widget_type=\"image.default\">\n\t\t\t\t<div class=\"elementor-widget-container\">\n\t\t\t\t\t\t\t\t\t\t\t\t\t\t\t<img decoding=\"async\" width=\"800\" height=\"533\" src=\"https:\/\/landuchem.com\/wp-content\/uploads\/2025\/04\/LANDU-Innovative-Spirit-1024x682.jpg\" class=\"attachment-large size-large wp-image-5024\" alt=\"LANDU-Inovat\u012bvais-Gars\" srcset=\"https:\/\/landuchem.com\/wp-content\/uploads\/2025\/04\/LANDU-Innovative-Spirit-1024x682.jpg 1024w, https:\/\/landuchem.com\/wp-content\/uploads\/2025\/04\/LANDU-Innovative-Spirit-300x200.jpg 300w, https:\/\/landuchem.com\/wp-content\/uploads\/2025\/04\/LANDU-Innovative-Spirit-768x512.jpg 768w, https:\/\/landuchem.com\/wp-content\/uploads\/2025\/04\/LANDU-Innovative-Spirit.jpg 1400w\" sizes=\"(max-width: 800px) 100vw, 800px\" \/>\t\t\t\t\t\t\t\t\t\t\t\t\t\t\t<\/div>\n\t\t\t\t<\/div>\n\t\t\t\t<\/div>\n\t\t<div class=\"elementor-element elementor-element-16ba0c5 e-con-full e-flex e-con e-child\" data-id=\"16ba0c5\" data-element_type=\"container\" data-settings=\"{&quot;ekit_has_onepagescroll_dot&quot;:&quot;yes&quot;}\">\n\t\t<div class=\"elementor-element elementor-element-4c44e88 e-con-full e-flex e-con e-child\" data-id=\"4c44e88\" data-element_type=\"container\" data-settings=\"{&quot;ekit_has_onepagescroll_dot&quot;:&quot;yes&quot;}\">\n\t\t\t\t<div class=\"elementor-element elementor-element-a3251ff elementor-view-default elementor-widget elementor-widget-icon\" data-id=\"a3251ff\" data-element_type=\"widget\" data-settings=\"{&quot;ekit_we_effect_on&quot;:&quot;none&quot;}\" data-widget_type=\"icon.default\">\n\t\t\t\t<div class=\"elementor-widget-container\">\n\t\t\t\t\t\t\t<div class=\"elementor-icon-wrapper\">\n\t\t\t<div class=\"elementor-icon\">\n\t\t\t<svg xmlns=\"http:\/\/www.w3.org\/2000\/svg\" id=\"_&#x56FE;&#x5C42;_2\" data-name=\"&#x56FE;&#x5C42; 2\" viewbox=\"0 0 111.69 167.53\"><defs><style>      .cls-1 {        fill: #fad8be;      }      .cls-1, .cls-2 {        stroke-width: 0px;      }      .cls-2 {        fill: #f47b25;      }    <\/style><\/defs><g id=\"_&#x56FE;&#x5C42;_1-2\" data-name=\"&#x56FE;&#x5C42; 1\"><g><circle class=\"cls-1\" cx=\"55.84\" cy=\"55.84\" r=\"55.84\"><\/circle><circle class=\"cls-2\" cx=\"55.84\" cy=\"111.69\" r=\"55.84\"><\/circle><\/g><\/g><\/svg>\t\t\t<\/div>\n\t\t<\/div>\n\t\t\t\t\t\t<\/div>\n\t\t\t\t<\/div>\n\t\t<div class=\"elementor-element elementor-element-0c1363c e-con-full e-flex e-con e-child\" data-id=\"0c1363c\" data-element_type=\"container\" data-settings=\"{&quot;ekit_has_onepagescroll_dot&quot;:&quot;yes&quot;}\">\n\t\t\t\t<div class=\"elementor-element elementor-element-579b740 elementor-widget elementor-widget-heading\" data-id=\"579b740\" data-element_type=\"widget\" data-settings=\"{&quot;ekit_we_effect_on&quot;:&quot;none&quot;}\" data-widget_type=\"heading.default\">\n\t\t\t\t<div class=\"elementor-widget-container\">\n\t\t\t\t\t<h2 class=\"elementor-heading-title elementor-size-default\">Korporat\u012bv\u0101 \u0113tika un caursp\u012bd\u012bgums<\/h2>\t\t\t\t<\/div>\n\t\t\t\t<\/div>\n\t\t\t\t<\/div>\n\t\t\t\t<\/div>\n\t\t\t\t<div class=\"elementor-element elementor-element-a737fd5 elementor-widget elementor-widget-text-editor\" data-id=\"a737fd5\" data-element_type=\"widget\" data-settings=\"{&quot;ekit_we_effect_on&quot;:&quot;none&quot;}\" data-widget_type=\"text-editor.default\">\n\t\t\t\t<div class=\"elementor-widget-container\">\n\t\t\t\t\t\t\t\t\t<p>M\u0113s akt\u012bvi iev\u0113rojam atv\u0113rt\u012bbas, caursp\u012bd\u012bguma, \u0113tiskas integrit\u0101tes un stingru zi\u0146o\u0161anas protokolu kult\u016bru \u2013 katrs elements ir izstr\u0101d\u0101ts, lai nodro\u0161in\u0101tu atbild\u012bbu pret organiz\u0101cijas, partneru un darbinieku ieinteres\u0113taj\u0101m pus\u0113m.<\/p>\t\t\t\t\t\t\t\t<\/div>\n\t\t\t\t<\/div>\n\t\t\t\t<div class=\"elementor-element elementor-element-21fbb7a elementor-widget elementor-widget-button\" data-id=\"21fbb7a\" data-element_type=\"widget\" data-settings=\"{&quot;ekit_we_effect_on&quot;:&quot;none&quot;}\" data-widget_type=\"button.default\">\n\t\t\t\t<div class=\"elementor-widget-container\">\n\t\t\t\t\t\t\t\t\t<div class=\"elementor-button-wrapper\">\n\t\t\t\t\t<a class=\"elementor-button elementor-button-link elementor-size-sm\" href=\"https:\/\/landuchem.com\/lv\/ilgtspeja\/cilveki-par-kuriem-mes-esam-apnemusies-rupeties\/uznemuma-etika-un-caurspidigums\/\" target=\"_blank\">\n\t\t\t\t\t\t<span class=\"elementor-button-content-wrapper\">\n\t\t\t\t\t\t\t\t\t<span class=\"elementor-button-text\">Uzzin\u0101t vair\u0101k<\/span>\n\t\t\t\t\t<\/span>\n\t\t\t\t\t<\/a>\n\t\t\t\t<\/div>\n\t\t\t\t\t\t\t\t<\/div>\n\t\t\t\t<\/div>\n\t\t\t\t<\/div>\n\t\t\t\t\t<\/div>\n\t\t\t\t<\/div>\n\t\t\t\t<\/div>","protected":false},"excerpt":{"rendered":"<p>In addition to using healthy raw materials and adopting low-carbon production methods, NOVASTAR has also taken multiple measures from a humanistic care perspective to achieve the best care for customers, employees, and the entire community, helping to realize sustainable development. Employee Safety and Development A safe and healthy work environment is the basis for ensuring [&hellip;]<\/p>","protected":false},"author":1,"featured_media":0,"parent":496,"menu_order":0,"comment_status":"closed","ping_status":"closed","template":"elementor_header_footer","meta":{"footnotes":""},"class_list":["post-4745","page","type-page","status-publish","hentry"],"_links":{"self":[{"href":"https:\/\/landuchem.com\/lv\/wp-json\/wp\/v2\/pages\/4745","targetHints":{"allow":["GET"]}}],"collection":[{"href":"https:\/\/landuchem.com\/lv\/wp-json\/wp\/v2\/pages"}],"about":[{"href":"https:\/\/landuchem.com\/lv\/wp-json\/wp\/v2\/types\/page"}],"author":[{"embeddable":true,"href":"https:\/\/landuchem.com\/lv\/wp-json\/wp\/v2\/users\/1"}],"replies":[{"embeddable":true,"href":"https:\/\/landuchem.com\/lv\/wp-json\/wp\/v2\/comments?post=4745"}],"version-history":[{"count":23,"href":"https:\/\/landuchem.com\/lv\/wp-json\/wp\/v2\/pages\/4745\/revisions"}],"predecessor-version":[{"id":13066,"href":"https:\/\/landuchem.com\/lv\/wp-json\/wp\/v2\/pages\/4745\/revisions\/13066"}],"up":[{"embeddable":true,"href":"https:\/\/landuchem.com\/lv\/wp-json\/wp\/v2\/pages\/496"}],"wp:attachment":[{"href":"https:\/\/landuchem.com\/lv\/wp-json\/wp\/v2\/media?parent=4745"}],"curies":[{"name":"wp","href":"https:\/\/api.w.org\/{rel}","templated":true}]}}