{"id":6121,"date":"2025-04-23T09:59:38","date_gmt":"2025-04-23T09:59:38","guid":{"rendered":"https:\/\/landuchem.com\/?page_id=6121"},"modified":"2025-08-27T02:47:51","modified_gmt":"2025-08-27T02:47:51","slug":"aspetti-di-sostenibilita-nelle-soluzioni-per-i-clienti","status":"publish","type":"page","link":"https:\/\/landuchem.com\/it\/sostenibilita\/pianeta-il-nostro-impegno-per-uno-stile-di-vita-sostenibile\/aspetti-di-sostenibilita-nelle-soluzioni-per-i-clienti\/","title":{"rendered":"Aspetti di Sostenibilit\u00e0 nelle Soluzioni per i Clienti"},"content":{"rendered":"<div data-elementor-type=\"wp-page\" data-elementor-id=\"6121\" class=\"elementor elementor-6121\" data-elementor-post-type=\"page\">\n\t\t\t\t<div class=\"elementor-element elementor-element-4f03674 e-flex e-con-boxed e-con e-parent\" data-id=\"4f03674\" data-element_type=\"container\" data-settings=\"{&quot;background_background&quot;:&quot;classic&quot;,&quot;ekit_has_onepagescroll_dot&quot;:&quot;yes&quot;}\">\n\t\t\t\t\t<div class=\"e-con-inner\">\n\t\t\t\t\t<\/div>\n\t\t\t\t<\/div>\n\t\t<div class=\"elementor-element elementor-element-7f3f3d2 e-flex e-con-boxed e-con e-parent\" data-id=\"7f3f3d2\" data-element_type=\"container\" data-settings=\"{&quot;background_background&quot;:&quot;classic&quot;,&quot;ekit_has_onepagescroll_dot&quot;:&quot;yes&quot;}\">\n\t\t\t\t\t<div class=\"e-con-inner\">\n\t\t\t\t<div class=\"elementor-element elementor-element-1bd67c3 elementor-widget elementor-widget-heading\" data-id=\"1bd67c3\" data-element_type=\"widget\" data-settings=\"{&quot;ekit_we_effect_on&quot;:&quot;none&quot;}\" data-widget_type=\"heading.default\">\n\t\t\t\t<div class=\"elementor-widget-container\">\n\t\t\t\t\t<h2 class=\"elementor-heading-title elementor-size-default\">Integrare la sostenibilit\u00e0 nel successo del cliente<\/h2>\t\t\t\t<\/div>\n\t\t\t\t<\/div>\n\t\t\t\t<div class=\"elementor-element elementor-element-0c99e3c elementor-widget__width-initial elementor-widget-mobile__width-initial elementor-widget elementor-widget-text-editor\" data-id=\"0c99e3c\" data-element_type=\"widget\" data-settings=\"{&quot;ekit_we_effect_on&quot;:&quot;none&quot;}\" data-widget_type=\"text-editor.default\">\n\t\t\t\t<div class=\"elementor-widget-container\">\n\t\t\t\t\t\t\t\t\t<p>In LANDU NOVASTAR, riconosciamo che la sostenibilit\u00e0 \u00e8 un percorso condiviso. Man mano che aumenta la nostra consapevolezza dei rischi climatici e della vulnerabilit\u00e0 delle risorse, LANDU adotta approcci alle soluzioni per i clienti profondamente radicati nella collaborazione, lavorando fianco a fianco con i clienti per integrare pratiche ecocompatibili nelle loro operazioni.<\/p>\t\t\t\t\t\t\t\t<\/div>\n\t\t\t\t<\/div>\n\t\t\t\t\t<\/div>\n\t\t\t\t<\/div>\n\t\t<div class=\"elementor-element elementor-element-e2329f5 e-flex e-con-boxed e-con e-parent\" data-id=\"e2329f5\" data-element_type=\"container\" data-settings=\"{&quot;ekit_has_onepagescroll_dot&quot;:&quot;yes&quot;}\">\n\t\t\t\t\t<div class=\"e-con-inner\">\n\t\t<div class=\"elementor-element elementor-element-afb98b7 e-con-full e-flex e-con e-child\" data-id=\"afb98b7\" data-element_type=\"container\" data-settings=\"{&quot;ekit_has_onepagescroll_dot&quot;:&quot;yes&quot;}\">\n\t\t\t\t<div class=\"elementor-element elementor-element-aaf0bfe elementor-view-default elementor-widget elementor-widget-icon\" data-id=\"aaf0bfe\" data-element_type=\"widget\" data-settings=\"{&quot;ekit_we_effect_on&quot;:&quot;none&quot;}\" data-widget_type=\"icon.default\">\n\t\t\t\t<div class=\"elementor-widget-container\">\n\t\t\t\t\t\t\t<div class=\"elementor-icon-wrapper\">\n\t\t\t<div class=\"elementor-icon\">\n\t\t\t<svg xmlns=\"http:\/\/www.w3.org\/2000\/svg\" id=\"_&#x56FE;&#x5C42;_2\" data-name=\"&#x56FE;&#x5C42; 2\" viewbox=\"0 0 111.69 167.53\"><defs><style>      .cls-1 {        fill: #fad8be;      }      .cls-1, .cls-2 {        stroke-width: 0px;      }      .cls-2 {        fill: #f47b25;      }    <\/style><\/defs><g id=\"_&#x56FE;&#x5C42;_1-2\" data-name=\"&#x56FE;&#x5C42; 1\"><g><circle class=\"cls-1\" cx=\"55.84\" cy=\"55.84\" r=\"55.84\"><\/circle><circle class=\"cls-2\" cx=\"55.84\" cy=\"111.69\" r=\"55.84\"><\/circle><\/g><\/g><\/svg>\t\t\t<\/div>\n\t\t<\/div>\n\t\t\t\t\t\t<\/div>\n\t\t\t\t<\/div>\n\t\t<div class=\"elementor-element elementor-element-3053e06 e-con-full e-flex e-con e-child\" data-id=\"3053e06\" data-element_type=\"container\" data-settings=\"{&quot;ekit_has_onepagescroll_dot&quot;:&quot;yes&quot;}\">\n\t\t\t\t<div class=\"elementor-element elementor-element-2cc2f4a elementor-widget elementor-widget-heading\" data-id=\"2cc2f4a\" data-element_type=\"widget\" data-settings=\"{&quot;ekit_we_effect_on&quot;:&quot;none&quot;}\" data-widget_type=\"heading.default\">\n\t\t\t\t<div class=\"elementor-widget-container\">\n\t\t\t\t\t<h2 class=\"elementor-heading-title elementor-size-default\">L'approccio collaborativo di LANDU NOVASTAR allo sviluppo sostenibile<\/h2>\t\t\t\t<\/div>\n\t\t\t\t<\/div>\n\t\t\t\t<\/div>\n\t\t\t\t<\/div>\n\t\t\t\t\t<\/div>\n\t\t\t\t<\/div>\n\t\t<div class=\"elementor-element elementor-element-62d5ac7 e-flex e-con-boxed e-con e-parent\" data-id=\"62d5ac7\" data-element_type=\"container\" data-settings=\"{&quot;ekit_has_onepagescroll_dot&quot;:&quot;yes&quot;}\">\n\t\t\t\t\t<div class=\"e-con-inner\">\n\t\t<div class=\"elementor-element elementor-element-225ac59 e-con-full e-flex e-con e-child\" data-id=\"225ac59\" data-element_type=\"container\" data-settings=\"{&quot;background_background&quot;:&quot;classic&quot;,&quot;ekit_has_onepagescroll_dot&quot;:&quot;yes&quot;}\">\n\t\t<div class=\"elementor-element elementor-element-4de87ac e-con-full e-flex e-con e-child\" data-id=\"4de87ac\" data-element_type=\"container\" data-settings=\"{&quot;ekit_has_onepagescroll_dot&quot;:&quot;yes&quot;}\">\n\t\t\t\t<div class=\"elementor-element elementor-element-5a452d8 elementor-widget__width-inherit elementor-widget elementor-widget-image\" data-id=\"5a452d8\" data-element_type=\"widget\" data-settings=\"{&quot;ekit_we_effect_on&quot;:&quot;none&quot;}\" data-widget_type=\"image.default\">\n\t\t\t\t<div class=\"elementor-widget-container\">\n\t\t\t\t\t\t\t\t\t\t\t\t\t\t\t<img fetchpriority=\"high\" decoding=\"async\" width=\"800\" height=\"533\" src=\"https:\/\/landuchem.com\/wp-content\/uploads\/2025\/04\/business-people-working-examining-waste-recyclable-separation-divided-bin-in-the-office--1024x682.jpg\" class=\"attachment-large size-large wp-image-6202\" alt=\"Persone d&#039;affari che lavorano esaminando la separazione dei rifiuti riciclabili in contenitori divisi in ufficio,\" srcset=\"https:\/\/landuchem.com\/wp-content\/uploads\/2025\/04\/business-people-working-examining-waste-recyclable-separation-divided-bin-in-the-office--1024x682.jpg 1024w, https:\/\/landuchem.com\/wp-content\/uploads\/2025\/04\/business-people-working-examining-waste-recyclable-separation-divided-bin-in-the-office--300x200.jpg 300w, https:\/\/landuchem.com\/wp-content\/uploads\/2025\/04\/business-people-working-examining-waste-recyclable-separation-divided-bin-in-the-office--768x512.jpg 768w, https:\/\/landuchem.com\/wp-content\/uploads\/2025\/04\/business-people-working-examining-waste-recyclable-separation-divided-bin-in-the-office--1536x1024.jpg 1536w, https:\/\/landuchem.com\/wp-content\/uploads\/2025\/04\/business-people-working-examining-waste-recyclable-separation-divided-bin-in-the-office-.jpg 2000w\" sizes=\"(max-width: 800px) 100vw, 800px\" \/>\t\t\t\t\t\t\t\t\t\t\t\t\t\t\t<\/div>\n\t\t\t\t<\/div>\n\t\t\t\t<\/div>\n\t\t<div class=\"elementor-element elementor-element-283f9c0 e-con-full e-flex e-con e-child\" data-id=\"283f9c0\" data-element_type=\"container\" data-settings=\"{&quot;ekit_has_onepagescroll_dot&quot;:&quot;yes&quot;}\">\n\t\t\t\t<div class=\"elementor-element elementor-element-595dc2e elementor-widget elementor-widget-heading\" data-id=\"595dc2e\" data-element_type=\"widget\" data-settings=\"{&quot;ekit_we_effect_on&quot;:&quot;none&quot;}\" data-widget_type=\"heading.default\">\n\t\t\t\t<div class=\"elementor-widget-container\">\n\t\t\t\t\t<h3 class=\"elementor-heading-title elementor-size-default\">Pratiche aziendali sostenibili<\/h3>\t\t\t\t<\/div>\n\t\t\t\t<\/div>\n\t\t\t\t<div class=\"elementor-element elementor-element-426973a elementor-widget-mobile__width-initial elementor-widget elementor-widget-text-editor\" data-id=\"426973a\" data-element_type=\"widget\" data-settings=\"{&quot;ekit_we_effect_on&quot;:&quot;none&quot;}\" data-widget_type=\"text-editor.default\">\n\t\t\t\t<div class=\"elementor-widget-container\">\n\t\t\t\t\t\t\t\t\tLANDU si sta muovendo in diverse direzioni verso prodotti, servizi e pratiche ecocompatibili che affrontano le preoccupazioni dei consumatori, beneficiando anche l'ambiente. LANDU continua a esplorare la gestione del ciclo di vita del prodotto, incoraggiando il riciclo, il riutilizzo o lo smaltimento responsabile. Queste iniziative ci aiutano a contribuire a un'economia circolare soddisfacendo le esigenze dei clienti.\t\t\t\t\t\t\t\t<\/div>\n\t\t\t\t<\/div>\n\t\t\t\t<\/div>\n\t\t\t\t<\/div>\n\t\t\t\t\t<\/div>\n\t\t\t\t<\/div>\n\t\t<div class=\"elementor-element elementor-element-9c629ba e-flex e-con-boxed e-con e-parent\" data-id=\"9c629ba\" data-element_type=\"container\" data-settings=\"{&quot;ekit_has_onepagescroll_dot&quot;:&quot;yes&quot;}\">\n\t\t\t\t\t<div class=\"e-con-inner\">\n\t\t<div class=\"elementor-element elementor-element-83e462a e-con-full e-flex e-con e-child\" data-id=\"83e462a\" data-element_type=\"container\" data-settings=\"{&quot;background_background&quot;:&quot;classic&quot;,&quot;ekit_has_onepagescroll_dot&quot;:&quot;yes&quot;}\">\n\t\t<div class=\"elementor-element elementor-element-c9d4dba e-con-full e-flex e-con e-child\" data-id=\"c9d4dba\" data-element_type=\"container\" data-settings=\"{&quot;ekit_has_onepagescroll_dot&quot;:&quot;yes&quot;}\">\n\t\t\t\t<div class=\"elementor-element elementor-element-32047ef elementor-widget__width-inherit elementor-widget elementor-widget-image\" data-id=\"32047ef\" data-element_type=\"widget\" data-settings=\"{&quot;ekit_we_effect_on&quot;:&quot;none&quot;}\" data-widget_type=\"image.default\">\n\t\t\t\t<div class=\"elementor-widget-container\">\n\t\t\t\t\t\t\t\t\t\t\t\t\t\t\t<img decoding=\"async\" width=\"800\" height=\"533\" src=\"https:\/\/landuchem.com\/wp-content\/uploads\/2025\/04\/aerial-view-of-blue-colored-forest-lake-in-poland-1024x682.jpg\" class=\"attachment-large size-large wp-image-6203\" alt=\"Vista aerea di un lago boscoso di colore blu in Polonia\" srcset=\"https:\/\/landuchem.com\/wp-content\/uploads\/2025\/04\/aerial-view-of-blue-colored-forest-lake-in-poland-1024x682.jpg 1024w, https:\/\/landuchem.com\/wp-content\/uploads\/2025\/04\/aerial-view-of-blue-colored-forest-lake-in-poland-300x200.jpg 300w, https:\/\/landuchem.com\/wp-content\/uploads\/2025\/04\/aerial-view-of-blue-colored-forest-lake-in-poland-768x512.jpg 768w, https:\/\/landuchem.com\/wp-content\/uploads\/2025\/04\/aerial-view-of-blue-colored-forest-lake-in-poland-1536x1024.jpg 1536w, https:\/\/landuchem.com\/wp-content\/uploads\/2025\/04\/aerial-view-of-blue-colored-forest-lake-in-poland.jpg 2000w\" sizes=\"(max-width: 800px) 100vw, 800px\" \/>\t\t\t\t\t\t\t\t\t\t\t\t\t\t\t<\/div>\n\t\t\t\t<\/div>\n\t\t\t\t<\/div>\n\t\t<div class=\"elementor-element elementor-element-8055f6f e-con-full e-flex e-con e-child\" data-id=\"8055f6f\" data-element_type=\"container\" data-settings=\"{&quot;ekit_has_onepagescroll_dot&quot;:&quot;yes&quot;}\">\n\t\t\t\t<div class=\"elementor-element elementor-element-661c207 elementor-widget elementor-widget-heading\" data-id=\"661c207\" data-element_type=\"widget\" data-settings=\"{&quot;ekit_we_effect_on&quot;:&quot;none&quot;}\" data-widget_type=\"heading.default\">\n\t\t\t\t<div class=\"elementor-widget-container\">\n\t\t\t\t\t<h3 class=\"elementor-heading-title elementor-size-default\">Advocacy e supporto<\/h3>\t\t\t\t<\/div>\n\t\t\t\t<\/div>\n\t\t\t\t<div class=\"elementor-element elementor-element-f4bca92 elementor-widget elementor-widget-text-editor\" data-id=\"f4bca92\" data-element_type=\"widget\" data-settings=\"{&quot;ekit_we_effect_on&quot;:&quot;none&quot;}\" data-widget_type=\"text-editor.default\">\n\t\t\t\t<div class=\"elementor-widget-container\">\n\t\t\t\t\t\t\t\t\tLANDU ha promosso la sostenibilit\u00e0 per migliorare il valore a vita del cliente e ridurre l'impatto ambientale. Attraverso questi sforzi, costruiamo e coltiviamo relazioni con i nostri clienti permettendo loro di raggiungere la sostenibilit\u00e0, garantendo standard ecologici e potenziando le organizzazioni per una crescita verde.\t\t\t\t\t\t\t\t<\/div>\n\t\t\t\t<\/div>\n\t\t\t\t<\/div>\n\t\t\t\t<\/div>\n\t\t\t\t\t<\/div>\n\t\t\t\t<\/div>\n\t\t<div class=\"elementor-element elementor-element-05d8508 e-flex e-con-boxed e-con e-parent\" data-id=\"05d8508\" data-element_type=\"container\" data-settings=\"{&quot;ekit_has_onepagescroll_dot&quot;:&quot;yes&quot;}\">\n\t\t\t\t\t<div class=\"e-con-inner\">\n\t\t<div class=\"elementor-element elementor-element-d48beec e-con-full e-flex e-con e-child\" data-id=\"d48beec\" data-element_type=\"container\" data-settings=\"{&quot;background_background&quot;:&quot;classic&quot;,&quot;ekit_has_onepagescroll_dot&quot;:&quot;yes&quot;}\">\n\t\t<div class=\"elementor-element elementor-element-7a93235 e-con-full e-flex e-con e-child\" data-id=\"7a93235\" data-element_type=\"container\" data-settings=\"{&quot;ekit_has_onepagescroll_dot&quot;:&quot;yes&quot;}\">\n\t\t\t\t<div class=\"elementor-element elementor-element-16b5d17 elementor-widget__width-inherit elementor-widget elementor-widget-image\" data-id=\"16b5d17\" data-element_type=\"widget\" data-settings=\"{&quot;ekit_we_effect_on&quot;:&quot;none&quot;}\" data-widget_type=\"image.default\">\n\t\t\t\t<div class=\"elementor-widget-container\">\n\t\t\t\t\t\t\t\t\t\t\t\t\t\t\t<img decoding=\"async\" width=\"800\" height=\"534\" src=\"https:\/\/landuchem.com\/wp-content\/uploads\/2025\/04\/landu-factory-1024x683.jpg\" class=\"attachment-large size-large wp-image-6204\" alt=\"landu-factory\" srcset=\"https:\/\/landuchem.com\/wp-content\/uploads\/2025\/04\/landu-factory-1024x683.jpg 1024w, https:\/\/landuchem.com\/wp-content\/uploads\/2025\/04\/landu-factory-300x200.jpg 300w, https:\/\/landuchem.com\/wp-content\/uploads\/2025\/04\/landu-factory-768x512.jpg 768w, https:\/\/landuchem.com\/wp-content\/uploads\/2025\/04\/landu-factory-1536x1024.jpg 1536w, https:\/\/landuchem.com\/wp-content\/uploads\/2025\/04\/landu-factory-2048x1365.jpg 2048w\" sizes=\"(max-width: 800px) 100vw, 800px\" \/>\t\t\t\t\t\t\t\t\t\t\t\t\t\t\t<\/div>\n\t\t\t\t<\/div>\n\t\t\t\t<\/div>\n\t\t<div class=\"elementor-element elementor-element-58614c6 e-con-full e-flex e-con e-child\" data-id=\"58614c6\" data-element_type=\"container\" data-settings=\"{&quot;ekit_has_onepagescroll_dot&quot;:&quot;yes&quot;}\">\n\t\t\t\t<div class=\"elementor-element elementor-element-5ce2663 elementor-widget elementor-widget-heading\" data-id=\"5ce2663\" data-element_type=\"widget\" data-settings=\"{&quot;ekit_we_effect_on&quot;:&quot;none&quot;}\" data-widget_type=\"heading.default\">\n\t\t\t\t<div class=\"elementor-widget-container\">\n\t\t\t\t\t<h3 class=\"elementor-heading-title elementor-size-default\">Percorsi di investimento<\/h3>\t\t\t\t<\/div>\n\t\t\t\t<\/div>\n\t\t\t\t<div class=\"elementor-element elementor-element-8f48361 elementor-widget elementor-widget-text-editor\" data-id=\"8f48361\" data-element_type=\"widget\" data-settings=\"{&quot;ekit_we_effect_on&quot;:&quot;none&quot;}\" data-widget_type=\"text-editor.default\">\n\t\t\t\t<div class=\"elementor-widget-container\">\n\t\t\t\t\t\t\t\t\tLANDU rimane all'avanguardia di un percorso a lungo termine per soddisfare la domanda di investimenti sostenibili. Le sponsorizzazioni possono avere un impatto positivo sull'ambiente e dimostrare il nostro impegno verso clienti e partner. Siamo stati responsabili nel fare differenze quantificabili contro il cambiamento climatico, come sovvenzionare progetti di piantumazione e investire in attrezzature per il trattamento di gas di scarto e acque reflue.\t\t\t\t\t\t\t\t<\/div>\n\t\t\t\t<\/div>\n\t\t\t\t<\/div>\n\t\t\t\t<\/div>\n\t\t\t\t\t<\/div>\n\t\t\t\t<\/div>\n\t\t\t\t<\/div>","protected":false},"excerpt":{"rendered":"<p>Integrating Sustainability into Customer Success At LANDU NOVASTAR, we recognize that sustainability is a shared journey. As our awareness of climate risks and resource vulnerability is increasing, LANDU carries approaches to customer solutions that are deeply rooted in collaboration, where we work hand-in-hand with clients to integrate eco-friendly practices into their operations. LANDU NOVASTAR&#8217;s Collaborative [&hellip;]<\/p>","protected":false},"author":1,"featured_media":0,"parent":4553,"menu_order":0,"comment_status":"closed","ping_status":"closed","template":"elementor_header_footer","meta":{"footnotes":""},"class_list":["post-6121","page","type-page","status-publish","hentry"],"_links":{"self":[{"href":"https:\/\/landuchem.com\/it\/wp-json\/wp\/v2\/pages\/6121","targetHints":{"allow":["GET"]}}],"collection":[{"href":"https:\/\/landuchem.com\/it\/wp-json\/wp\/v2\/pages"}],"about":[{"href":"https:\/\/landuchem.com\/it\/wp-json\/wp\/v2\/types\/page"}],"author":[{"embeddable":true,"href":"https:\/\/landuchem.com\/it\/wp-json\/wp\/v2\/users\/1"}],"replies":[{"embeddable":true,"href":"https:\/\/landuchem.com\/it\/wp-json\/wp\/v2\/comments?post=6121"}],"version-history":[{"count":13,"href":"https:\/\/landuchem.com\/it\/wp-json\/wp\/v2\/pages\/6121\/revisions"}],"predecessor-version":[{"id":13047,"href":"https:\/\/landuchem.com\/it\/wp-json\/wp\/v2\/pages\/6121\/revisions\/13047"}],"up":[{"embeddable":true,"href":"https:\/\/landuchem.com\/it\/wp-json\/wp\/v2\/pages\/4553"}],"wp:attachment":[{"href":"https:\/\/landuchem.com\/it\/wp-json\/wp\/v2\/media?parent=6121"}],"curies":[{"name":"wp","href":"https:\/\/api.w.org\/{rel}","templated":true}]}}