{"id":5261,"date":"2025-04-22T10:20:08","date_gmt":"2025-04-22T10:20:08","guid":{"rendered":"https:\/\/landuchem.com\/?page_id=5261"},"modified":"2025-08-27T02:50:36","modified_gmt":"2025-08-27T02:50:36","slug":"prodotti-con-comprovate-basse-impronte-ambientali","status":"publish","type":"page","link":"https:\/\/landuchem.com\/it\/sostenibilita\/pianeta-il-nostro-impegno-per-uno-stile-di-vita-sostenibile\/prodotti-con-comprovate-basse-impronte-ambientali\/","title":{"rendered":"Prodotti con Impronte Ambientali Dimostrabilmente Basse"},"content":{"rendered":"<div data-elementor-type=\"wp-page\" data-elementor-id=\"5261\" class=\"elementor elementor-5261\" data-elementor-post-type=\"page\">\n\t\t\t\t<div class=\"elementor-element elementor-element-4f03674 e-flex e-con-boxed e-con e-parent\" data-id=\"4f03674\" data-element_type=\"container\" data-settings=\"{&quot;background_background&quot;:&quot;classic&quot;,&quot;ekit_has_onepagescroll_dot&quot;:&quot;yes&quot;}\">\n\t\t\t\t\t<div class=\"e-con-inner\">\n\t\t\t\t\t<\/div>\n\t\t\t\t<\/div>\n\t\t<div class=\"elementor-element elementor-element-81264fc e-flex e-con-boxed e-con e-parent\" data-id=\"81264fc\" data-element_type=\"container\" data-settings=\"{&quot;background_background&quot;:&quot;classic&quot;,&quot;ekit_has_onepagescroll_dot&quot;:&quot;yes&quot;}\">\n\t\t\t\t\t<div class=\"e-con-inner\">\n\t\t\t\t<div class=\"elementor-element elementor-element-0977cad elementor-widget elementor-widget-heading\" data-id=\"0977cad\" data-element_type=\"widget\" data-settings=\"{&quot;ekit_we_effect_on&quot;:&quot;none&quot;}\" data-widget_type=\"heading.default\">\n\t\t\t\t<div class=\"elementor-widget-container\">\n\t\t\t\t\t<h2 class=\"elementor-heading-title elementor-size-default\">Additivi ecocompatibili con impatto ambientale minimo<\/h2>\t\t\t\t<\/div>\n\t\t\t\t<\/div>\n\t\t\t\t<div class=\"elementor-element elementor-element-247cd03 elementor-widget__width-initial elementor-widget-mobile__width-initial elementor-widget elementor-widget-text-editor\" data-id=\"247cd03\" data-element_type=\"widget\" data-settings=\"{&quot;ekit_we_effect_on&quot;:&quot;none&quot;}\" data-widget_type=\"text-editor.default\">\n\t\t\t\t<div class=\"elementor-widget-container\">\n\t\t\t\t\t\t\t\t\tIn un'epoca in cui la consapevolezza ambientale \u00e8 al centro delle discussioni industriali, il settore della produzione di additivi chimici affronta un crescente scrutinio. Gli additivi ecocompatibili LANDU NOVASTAR sono una stella nascente grazie alla loro natura biodegradabile senza contribuire all'inquinamento, offrendo una speranza di impatto ambientale minimo.\t\t\t\t\t\t\t\t<\/div>\n\t\t\t\t<\/div>\n\t\t\t\t\t<\/div>\n\t\t\t\t<\/div>\n\t\t<div class=\"elementor-element elementor-element-d73a14d e-flex e-con-boxed e-con e-child\" data-id=\"d73a14d\" data-element_type=\"container\" data-settings=\"{&quot;ekit_has_onepagescroll_dot&quot;:&quot;yes&quot;}\">\n\t\t\t\t\t<div class=\"e-con-inner\">\n\t\t\t\t<div class=\"elementor-element elementor-element-4cedc72 elementor-view-default elementor-widget elementor-widget-icon\" data-id=\"4cedc72\" data-element_type=\"widget\" data-settings=\"{&quot;ekit_we_effect_on&quot;:&quot;none&quot;}\" data-widget_type=\"icon.default\">\n\t\t\t\t<div class=\"elementor-widget-container\">\n\t\t\t\t\t\t\t<div class=\"elementor-icon-wrapper\">\n\t\t\t<div class=\"elementor-icon\">\n\t\t\t<svg xmlns=\"http:\/\/www.w3.org\/2000\/svg\" id=\"_&#x56FE;&#x5C42;_2\" data-name=\"&#x56FE;&#x5C42; 2\" viewbox=\"0 0 111.69 167.53\"><defs><style>      .cls-1 {        fill: #fad8be;      }      .cls-1, .cls-2 {        stroke-width: 0px;      }      .cls-2 {        fill: #f47b25;      }    <\/style><\/defs><g id=\"_&#x56FE;&#x5C42;_1-2\" data-name=\"&#x56FE;&#x5C42; 1\"><g><circle class=\"cls-1\" cx=\"55.84\" cy=\"55.84\" r=\"55.84\"><\/circle><circle class=\"cls-2\" cx=\"55.84\" cy=\"111.69\" r=\"55.84\"><\/circle><\/g><\/g><\/svg>\t\t\t<\/div>\n\t\t<\/div>\n\t\t\t\t\t\t<\/div>\n\t\t\t\t<\/div>\n\t\t<div class=\"elementor-element elementor-element-7d8835c e-con-full e-flex e-con e-child\" data-id=\"7d8835c\" data-element_type=\"container\" data-settings=\"{&quot;ekit_has_onepagescroll_dot&quot;:&quot;yes&quot;}\">\n\t\t\t\t<div class=\"elementor-element elementor-element-6682c51 elementor-widget elementor-widget-heading\" data-id=\"6682c51\" data-element_type=\"widget\" data-settings=\"{&quot;ekit_we_effect_on&quot;:&quot;none&quot;}\" data-widget_type=\"heading.default\">\n\t\t\t\t<div class=\"elementor-widget-container\">\n\t\t\t\t\t<h2 class=\"elementor-heading-title elementor-size-default\">L'impegno di LANDU NOVASTAR per la chimica verde<\/h2>\t\t\t\t<\/div>\n\t\t\t\t<\/div>\n\t\t\t\t<\/div>\n\t\t\t\t\t<\/div>\n\t\t\t\t<\/div>\n\t\t<div class=\"elementor-element elementor-element-831378a e-flex e-con-boxed e-con e-parent\" data-id=\"831378a\" data-element_type=\"container\" data-settings=\"{&quot;ekit_has_onepagescroll_dot&quot;:&quot;yes&quot;}\">\n\t\t\t\t\t<div class=\"e-con-inner\">\n\t\t<div class=\"elementor-element elementor-element-ade1c49 e-con-full e-flex e-con e-child\" data-id=\"ade1c49\" data-element_type=\"container\" data-settings=\"{&quot;ekit_has_onepagescroll_dot&quot;:&quot;yes&quot;}\">\n\t\t\t\t<div class=\"elementor-element elementor-element-79a58a6 elementor-widget elementor-widget-image\" data-id=\"79a58a6\" data-element_type=\"widget\" data-settings=\"{&quot;ekit_we_effect_on&quot;:&quot;none&quot;}\" data-widget_type=\"image.default\">\n\t\t\t\t<div class=\"elementor-widget-container\">\n\t\t\t\t\t\t\t\t\t\t\t\t\t\t\t<img fetchpriority=\"high\" decoding=\"async\" width=\"800\" height=\"533\" src=\"https:\/\/landuchem.com\/wp-content\/uploads\/2025\/04\/construction-worker-pouring-a-wet-concret-1024x682.jpg\" class=\"attachment-large size-large wp-image-5331\" alt=\"Operaio edile che versa calcestruzzo bagnato\" srcset=\"https:\/\/landuchem.com\/wp-content\/uploads\/2025\/04\/construction-worker-pouring-a-wet-concret-1024x682.jpg 1024w, https:\/\/landuchem.com\/wp-content\/uploads\/2025\/04\/construction-worker-pouring-a-wet-concret-300x200.jpg 300w, https:\/\/landuchem.com\/wp-content\/uploads\/2025\/04\/construction-worker-pouring-a-wet-concret-768x512.jpg 768w, https:\/\/landuchem.com\/wp-content\/uploads\/2025\/04\/construction-worker-pouring-a-wet-concret-1536x1024.jpg 1536w, https:\/\/landuchem.com\/wp-content\/uploads\/2025\/04\/construction-worker-pouring-a-wet-concret.jpg 2000w\" sizes=\"(max-width: 800px) 100vw, 800px\" \/>\t\t\t\t\t\t\t\t\t\t\t\t\t\t\t<\/div>\n\t\t\t\t<\/div>\n\t\t\t\t<\/div>\n\t\t<div class=\"elementor-element elementor-element-60e0c4c e-con-full e-flex e-con e-child\" data-id=\"60e0c4c\" data-element_type=\"container\" data-settings=\"{&quot;ekit_has_onepagescroll_dot&quot;:&quot;yes&quot;}\">\n\t\t\t\t<div class=\"elementor-element elementor-element-476d542 elementor-widget elementor-widget-heading\" data-id=\"476d542\" data-element_type=\"widget\" data-settings=\"{&quot;ekit_we_effect_on&quot;:&quot;none&quot;}\" data-widget_type=\"heading.default\">\n\t\t\t\t<div class=\"elementor-widget-container\">\n\t\t\t\t\t<h3 class=\"elementor-heading-title elementor-size-default\">Gli additivi rinnovabili NOVASTAR riducono le emissioni di carbonio<\/h3>\t\t\t\t<\/div>\n\t\t\t\t<\/div>\n\t\t\t\t<div class=\"elementor-element elementor-element-88b352d elementor-widget elementor-widget-text-editor\" data-id=\"88b352d\" data-element_type=\"widget\" data-settings=\"{&quot;ekit_we_effect_on&quot;:&quot;none&quot;}\" data-widget_type=\"text-editor.default\">\n\t\t\t\t<div class=\"elementor-widget-container\">\n\t\t\t\t\t\t\t\t\t<p>La produzione di additivi NOVASTAR sfrutta la potenza delle risorse rinnovabili invece di materiali a base di petrolio, offrendo un grande potenziale per ridurre le emissioni di carbonio. Ad esempio, i nostri <em><strong>Superfluidificanti policarbossilati senza formaldeide<\/strong><\/em> sono progettati per ottimizzare le prestazioni del calcestruzzo riducendo al minimo l'uso di acqua e migliorando la durabilit\u00e0. Ci\u00f2 si traduce in un minor consumo energetico e in emissioni di gas serra pi\u00f9 basse durante la produzione e l'applicazione.<\/p>\t\t\t\t\t\t\t\t<\/div>\n\t\t\t\t<\/div>\n\t\t\t\t<\/div>\n\t\t\t\t\t<\/div>\n\t\t\t\t<\/div>\n\t\t<div class=\"elementor-element elementor-element-b257c80 e-flex e-con-boxed e-con e-parent\" data-id=\"b257c80\" data-element_type=\"container\" data-settings=\"{&quot;ekit_has_onepagescroll_dot&quot;:&quot;yes&quot;}\">\n\t\t\t\t\t<div class=\"e-con-inner\">\n\t\t<div class=\"elementor-element elementor-element-41eaf3d e-con-full e-flex e-con e-child\" data-id=\"41eaf3d\" data-element_type=\"container\" data-settings=\"{&quot;ekit_has_onepagescroll_dot&quot;:&quot;yes&quot;}\">\n\t\t\t\t<div class=\"elementor-element elementor-element-7728410 elementor-widget elementor-widget-image\" data-id=\"7728410\" data-element_type=\"widget\" data-settings=\"{&quot;ekit_we_effect_on&quot;:&quot;none&quot;}\" data-widget_type=\"image.default\">\n\t\t\t\t<div class=\"elementor-widget-container\">\n\t\t\t\t\t\t\t\t\t\t\t\t\t\t\t<img decoding=\"async\" width=\"800\" height=\"450\" src=\"https:\/\/landuchem.com\/wp-content\/uploads\/2025\/04\/Sustainable-development-1024x576.jpg\" class=\"attachment-large size-large wp-image-5334\" alt=\"Sviluppo sostenibile\" srcset=\"https:\/\/landuchem.com\/wp-content\/uploads\/2025\/04\/Sustainable-development-1024x576.jpg 1024w, https:\/\/landuchem.com\/wp-content\/uploads\/2025\/04\/Sustainable-development-300x169.jpg 300w, https:\/\/landuchem.com\/wp-content\/uploads\/2025\/04\/Sustainable-development-768x432.jpg 768w, https:\/\/landuchem.com\/wp-content\/uploads\/2025\/04\/Sustainable-development-1536x864.jpg 1536w, https:\/\/landuchem.com\/wp-content\/uploads\/2025\/04\/Sustainable-development.jpg 1920w\" sizes=\"(max-width: 800px) 100vw, 800px\" \/>\t\t\t\t\t\t\t\t\t\t\t\t\t\t\t<\/div>\n\t\t\t\t<\/div>\n\t\t\t\t<\/div>\n\t\t<div class=\"elementor-element elementor-element-dfb0fbd e-con-full e-flex e-con e-child\" data-id=\"dfb0fbd\" data-element_type=\"container\" data-settings=\"{&quot;ekit_has_onepagescroll_dot&quot;:&quot;yes&quot;}\">\n\t\t\t\t<div class=\"elementor-element elementor-element-ff0208a elementor-widget elementor-widget-heading\" data-id=\"ff0208a\" data-element_type=\"widget\" data-settings=\"{&quot;ekit_we_effect_on&quot;:&quot;none&quot;}\" data-widget_type=\"heading.default\">\n\t\t\t\t<div class=\"elementor-widget-container\">\n\t\t\t\t\t<h3 class=\"elementor-heading-title elementor-size-default\">Dagli obiettivi Net-Zero a zero rifiuti<\/h3>\t\t\t\t<\/div>\n\t\t\t\t<\/div>\n\t\t\t\t<div class=\"elementor-element elementor-element-7473d0a elementor-widget elementor-widget-text-editor\" data-id=\"7473d0a\" data-element_type=\"widget\" data-settings=\"{&quot;ekit_we_effect_on&quot;:&quot;none&quot;}\" data-widget_type=\"text-editor.default\">\n\t\t\t\t<div class=\"elementor-widget-container\">\n\t\t\t\t\t\t\t\t\t<p>Miriamo affinch\u00e9 la nostra catena di approvvigionamento stabilisca obiettivi di riduzione delle emissioni e di zero emissioni nette. Le fabbriche LANDU hanno introdotto <em><strong>trattamenti MVR<\/strong><\/em> per emissioni di rifiuti zero e conformit\u00e0 alla ISO 14000. Questa struttura avanzata raggiunge risparmi energetici fino a 50% a 80% rispetto ai metodi di evaporazione tradizionali, minimizzando rifiuti ed emissioni e dimostrando il supporto di LANDU agli obiettivi di zero scarico di liquidi nel trattamento delle acque.<\/p>\t\t\t\t\t\t\t\t<\/div>\n\t\t\t\t<\/div>\n\t\t\t\t<\/div>\n\t\t\t\t\t<\/div>\n\t\t\t\t<\/div>\n\t\t<div class=\"elementor-element elementor-element-1ab39d1 e-flex e-con-boxed e-con e-parent\" data-id=\"1ab39d1\" data-element_type=\"container\" data-settings=\"{&quot;ekit_has_onepagescroll_dot&quot;:&quot;yes&quot;}\">\n\t\t\t\t\t<div class=\"e-con-inner\">\n\t\t<div class=\"elementor-element elementor-element-5463735 e-con-full e-flex e-con e-child\" data-id=\"5463735\" data-element_type=\"container\" data-settings=\"{&quot;ekit_has_onepagescroll_dot&quot;:&quot;yes&quot;}\">\n\t\t\t\t<div class=\"elementor-element elementor-element-197bfca elementor-widget elementor-widget-image\" data-id=\"197bfca\" data-element_type=\"widget\" data-settings=\"{&quot;ekit_we_effect_on&quot;:&quot;none&quot;}\" data-widget_type=\"image.default\">\n\t\t\t\t<div class=\"elementor-widget-container\">\n\t\t\t\t\t\t\t\t\t\t\t\t\t\t\t<img decoding=\"async\" width=\"800\" height=\"533\" src=\"https:\/\/landuchem.com\/wp-content\/uploads\/2025\/04\/environmental-concept-crystal-earth-on-forest-moss-with-fern-and-sunlight-environment-1024x682.jpg\" class=\"attachment-large size-large wp-image-5335\" alt=\"Concetto ambientale - Terra di cristallo su muschio di foresta con felce e luce solare - ambiente\" srcset=\"https:\/\/landuchem.com\/wp-content\/uploads\/2025\/04\/environmental-concept-crystal-earth-on-forest-moss-with-fern-and-sunlight-environment-1024x682.jpg 1024w, https:\/\/landuchem.com\/wp-content\/uploads\/2025\/04\/environmental-concept-crystal-earth-on-forest-moss-with-fern-and-sunlight-environment-300x200.jpg 300w, https:\/\/landuchem.com\/wp-content\/uploads\/2025\/04\/environmental-concept-crystal-earth-on-forest-moss-with-fern-and-sunlight-environment-768x511.jpg 768w, https:\/\/landuchem.com\/wp-content\/uploads\/2025\/04\/environmental-concept-crystal-earth-on-forest-moss-with-fern-and-sunlight-environment-1536x1023.jpg 1536w, https:\/\/landuchem.com\/wp-content\/uploads\/2025\/04\/environmental-concept-crystal-earth-on-forest-moss-with-fern-and-sunlight-environment.jpg 2000w\" sizes=\"(max-width: 800px) 100vw, 800px\" \/>\t\t\t\t\t\t\t\t\t\t\t\t\t\t\t<\/div>\n\t\t\t\t<\/div>\n\t\t\t\t<\/div>\n\t\t<div class=\"elementor-element elementor-element-09f8348 e-con-full e-flex e-con e-child\" data-id=\"09f8348\" data-element_type=\"container\" data-settings=\"{&quot;ekit_has_onepagescroll_dot&quot;:&quot;yes&quot;}\">\n\t\t\t\t<div class=\"elementor-element elementor-element-f806b7d elementor-widget elementor-widget-heading\" data-id=\"f806b7d\" data-element_type=\"widget\" data-settings=\"{&quot;ekit_we_effect_on&quot;:&quot;none&quot;}\" data-widget_type=\"heading.default\">\n\t\t\t\t<div class=\"elementor-widget-container\">\n\t\t\t\t\t<h3 class=\"elementor-heading-title elementor-size-default\">Conoscenza condivisa, responsabilit\u00e0 condivisa<\/h3>\t\t\t\t<\/div>\n\t\t\t\t<\/div>\n\t\t\t\t<div class=\"elementor-element elementor-element-5677614 elementor-widget elementor-widget-text-editor\" data-id=\"5677614\" data-element_type=\"widget\" data-settings=\"{&quot;ekit_we_effect_on&quot;:&quot;none&quot;}\" data-widget_type=\"text-editor.default\">\n\t\t\t\t<div class=\"elementor-widget-container\">\n\t\t\t\t\t\t\t\t\t  In linea con i nostri obiettivi di sostenibilit\u00e0 globale, LANDU riconosce il ruolo critico dei fornitori nel footprint ambientale complessivo delle sue operazioni. Per questo motivo, li aiutiamo attivamente a implementare strategie e tecnologie efficaci per ridurre le emissioni di gas serra. Non risparmiamo sforzi nel condividere le nostre conoscenze e l'accesso a strumenti innovativi, creando una rete che lavora congiuntamente per un futuro pi\u00f9 verde e zero emissioni.\t\t\t\t\t\t\t\t<\/div>\n\t\t\t\t<\/div>\n\t\t\t\t<\/div>\n\t\t\t\t\t<\/div>\n\t\t\t\t<\/div>\n\t\t\t\t<\/div>","protected":false},"excerpt":{"rendered":"<p>Eco-Friendly Additives with Minimal Environmental Impact In an era where environmental consciousness is at the forefront of industry discussion, the chemical additive manufacturing sector faces growing scrutiny. LANDU NOVASTAR eco-friendly additives are a rising star due to their biodegradable nature without contributing to pollution, offering a glimmer of hope for minimal environmental impact. LANDU NOVASTAR&#8217;s [&hellip;]<\/p>","protected":false},"author":1,"featured_media":0,"parent":4553,"menu_order":0,"comment_status":"closed","ping_status":"closed","template":"elementor_header_footer","meta":{"footnotes":""},"class_list":["post-5261","page","type-page","status-publish","hentry"],"_links":{"self":[{"href":"https:\/\/landuchem.com\/it\/wp-json\/wp\/v2\/pages\/5261","targetHints":{"allow":["GET"]}}],"collection":[{"href":"https:\/\/landuchem.com\/it\/wp-json\/wp\/v2\/pages"}],"about":[{"href":"https:\/\/landuchem.com\/it\/wp-json\/wp\/v2\/types\/page"}],"author":[{"embeddable":true,"href":"https:\/\/landuchem.com\/it\/wp-json\/wp\/v2\/users\/1"}],"replies":[{"embeddable":true,"href":"https:\/\/landuchem.com\/it\/wp-json\/wp\/v2\/comments?post=5261"}],"version-history":[{"count":22,"href":"https:\/\/landuchem.com\/it\/wp-json\/wp\/v2\/pages\/5261\/revisions"}],"predecessor-version":[{"id":13051,"href":"https:\/\/landuchem.com\/it\/wp-json\/wp\/v2\/pages\/5261\/revisions\/13051"}],"up":[{"embeddable":true,"href":"https:\/\/landuchem.com\/it\/wp-json\/wp\/v2\/pages\/4553"}],"wp:attachment":[{"href":"https:\/\/landuchem.com\/it\/wp-json\/wp\/v2\/media?parent=5261"}],"curies":[{"name":"wp","href":"https:\/\/api.w.org\/{rel}","templated":true}]}}