{"id":5143,"date":"2025-04-22T09:21:12","date_gmt":"2025-04-22T09:21:12","guid":{"rendered":"https:\/\/landuchem.com\/?page_id=5143"},"modified":"2025-08-27T03:05:08","modified_gmt":"2025-08-27T03:05:08","slug":"globalis-kihivasok-es-fenntarthato-megoldasok","status":"publish","type":"page","link":"https:\/\/landuchem.com\/hu\/fenntarthatosag\/a-bolygo-amelyhez-elkotelezettek-vagyunk-a-fenntarthato-eletmod-irant\/globalis-kihivasok-es-fenntarthato-megoldasok\/","title":{"rendered":"Glob\u00e1lis Kih\u00edv\u00e1sok \u00e9s Fenntarthat\u00f3 Megold\u00e1sok"},"content":{"rendered":"<div data-elementor-type=\"wp-page\" data-elementor-id=\"5143\" class=\"elementor elementor-5143\" data-elementor-post-type=\"page\">\n\t\t\t\t<div class=\"elementor-element elementor-element-4f03674 e-flex e-con-boxed e-con e-parent\" data-id=\"4f03674\" data-element_type=\"container\" data-settings=\"{&quot;background_background&quot;:&quot;classic&quot;,&quot;ekit_has_onepagescroll_dot&quot;:&quot;yes&quot;}\">\n\t\t\t\t\t<div class=\"e-con-inner\">\n\t\t\t\t\t<\/div>\n\t\t\t\t<\/div>\n\t\t<div class=\"elementor-element elementor-element-6df1b60 e-flex e-con-boxed e-con e-parent\" data-id=\"6df1b60\" data-element_type=\"container\" data-settings=\"{&quot;ekit_has_onepagescroll_dot&quot;:&quot;yes&quot;}\">\n\t\t\t\t\t<div class=\"e-con-inner\">\n\t\t<div class=\"elementor-element elementor-element-c51a482 e-con-full e-flex e-con e-child\" data-id=\"c51a482\" data-element_type=\"container\" data-settings=\"{&quot;ekit_has_onepagescroll_dot&quot;:&quot;yes&quot;}\">\n\t\t<div class=\"elementor-element elementor-element-5e3bead e-con-full e-flex e-con e-child\" data-id=\"5e3bead\" data-element_type=\"container\" data-settings=\"{&quot;ekit_has_onepagescroll_dot&quot;:&quot;yes&quot;}\">\n\t\t\t\t<div class=\"elementor-element elementor-element-7936fad elementor-view-default elementor-widget elementor-widget-icon\" data-id=\"7936fad\" data-element_type=\"widget\" data-settings=\"{&quot;ekit_we_effect_on&quot;:&quot;none&quot;}\" data-widget_type=\"icon.default\">\n\t\t\t\t<div class=\"elementor-widget-container\">\n\t\t\t\t\t\t\t<div class=\"elementor-icon-wrapper\">\n\t\t\t<div class=\"elementor-icon\">\n\t\t\t<svg xmlns=\"http:\/\/www.w3.org\/2000\/svg\" id=\"_&#x56FE;&#x5C42;_2\" data-name=\"&#x56FE;&#x5C42; 2\" viewbox=\"0 0 111.69 167.53\"><defs><style>      .cls-1 {        fill: #fad8be;      }      .cls-1, .cls-2 {        stroke-width: 0px;      }      .cls-2 {        fill: #f47b25;      }    <\/style><\/defs><g id=\"_&#x56FE;&#x5C42;_1-2\" data-name=\"&#x56FE;&#x5C42; 1\"><g><circle class=\"cls-1\" cx=\"55.84\" cy=\"55.84\" r=\"55.84\"><\/circle><circle class=\"cls-2\" cx=\"55.84\" cy=\"111.69\" r=\"55.84\"><\/circle><\/g><\/g><\/svg>\t\t\t<\/div>\n\t\t<\/div>\n\t\t\t\t\t\t<\/div>\n\t\t\t\t<\/div>\n\t\t<div class=\"elementor-element elementor-element-2131a80 e-con-full e-flex e-con e-child\" data-id=\"2131a80\" data-element_type=\"container\" data-settings=\"{&quot;ekit_has_onepagescroll_dot&quot;:&quot;yes&quot;}\">\n\t\t\t\t<div class=\"elementor-element elementor-element-7589b6d elementor-widget elementor-widget-heading\" data-id=\"7589b6d\" data-element_type=\"widget\" data-settings=\"{&quot;ekit_we_effect_on&quot;:&quot;none&quot;}\" data-widget_type=\"heading.default\">\n\t\t\t\t<div class=\"elementor-widget-container\">\n\t\t\t\t\t<h2 class=\"elementor-heading-title elementor-size-default\">Fenntarthat\u00f3 megold\u00e1sokkal val\u00f3 glob\u00e1lis kih\u00edv\u00e1sok kezel\u00e9se<\/h2>\t\t\t\t<\/div>\n\t\t\t\t<\/div>\n\t\t\t\t<\/div>\n\t\t\t\t<\/div>\n\t\t\t\t<div class=\"elementor-element elementor-element-bf97e5e elementor-widget elementor-widget-text-editor\" data-id=\"bf97e5e\" data-element_type=\"widget\" data-settings=\"{&quot;ekit_we_effect_on&quot;:&quot;none&quot;}\" data-widget_type=\"text-editor.default\">\n\t\t\t\t<div class=\"elementor-widget-container\">\n\t\t\t\t\t\t\t\t\t<p>Az EPA 2020-as AirToxScreen adatai szerint mintegy 320 milli\u00f3 ember szenved a formaldehid k\u00fcls\u0151 expoz\u00edci\u00f3j\u00e1b\u00f3l ered\u0151 \u00e9letre sz\u00f3l\u00f3 r\u00e1kkock\u00e1zatt\u00f3l. Ez nem az egyetlen probl\u00e9ma, amivel szembes\u00fcl\u00fcnk. A glob\u00e1lis kih\u00edv\u00e1sok, bele\u00e9rtve a n\u00f6vekv\u0151 h\u0151m\u00e9rs\u00e9kletet, a v\u00edzmin\u0151s\u00e9gi probl\u00e9m\u00e1kat \u00e9s az acidifik\u00e1ci\u00f3t, egyre nagyobb fenyeget\u00e9st jelentenek. Ez\u00e9rt a LANDU v\u00e1llalja a felel\u0151ss\u00e9get, hogy fenntarthat\u00f3 megold\u00e1sokat k\u00edn\u00e1ljon, amelyek v\u00e1ltoz\u00e1st hoznak.<\/p>\t\t\t\t\t\t\t\t<\/div>\n\t\t\t\t<\/div>\n\t\t\t\t<div class=\"elementor-element elementor-element-b6d9cce elementor-widget elementor-widget-heading\" data-id=\"b6d9cce\" data-element_type=\"widget\" data-settings=\"{&quot;ekit_we_effect_on&quot;:&quot;none&quot;}\" data-widget_type=\"heading.default\">\n\t\t\t\t<div class=\"elementor-widget-container\">\n\t\t\t\t\t<h2 class=\"elementor-heading-title elementor-size-default\">A LANDU NOVASTAR k\u00f6rnyezetv\u00e9delmi elk\u00f6telezetts\u00e9ge <\/h2>\t\t\t\t<\/div>\n\t\t\t\t<\/div>\n\t\t\t\t<div class=\"elementor-element elementor-element-0f3da64 elementor-widget elementor-widget-text-editor\" data-id=\"0f3da64\" data-element_type=\"widget\" data-settings=\"{&quot;ekit_we_effect_on&quot;:&quot;none&quot;}\" data-widget_type=\"text-editor.default\">\n\t\t\t\t<div class=\"elementor-widget-container\">\n\t\t\t\t\t\t\t\t\t<p>\u201cKor\u00e1bbi munk\u00e1nk megmutatta, hogy a beton teljes\u00edtm\u00e9ny\u00e9t dr\u00e1maian n\u00f6velheti, ha mind\u00f6ssze 0,01 \u2013 0,1 sz\u00e1zal\u00e9k NOVASTAR Polycarboxylate Szuperplasztik\u00e1t adunk hozz\u00e1\u201d \u2013 mondta a LANDU CTO-ja, Mr. Sun, aki a fenntarthat\u00f3 megold\u00e1sok kutat\u00e1s\u00e1val \u00e9s fejleszt\u00e9s\u00e9vel foglalkozik. Ez egy p\u00e9ld\u00e1ja annak, hogy val\u00f3ban v\u00e1ltoz\u00e1sokat \u00e9r\u00fcnk el, \u00e9s ez az optimaliz\u00e1ci\u00f3 sz\u00e1mos el\u0151nnyel j\u00e1r, bele\u00e9rtve a formaldehidmentes szerkezetet.<\/p>\t\t\t\t\t\t\t\t<\/div>\n\t\t\t\t<\/div>\n\t\t\t\t<\/div>\n\t\t<div class=\"elementor-element elementor-element-7a593ba e-con-full e-flex e-con e-child\" data-id=\"7a593ba\" data-element_type=\"container\" data-settings=\"{&quot;ekit_has_onepagescroll_dot&quot;:&quot;yes&quot;}\">\n\t\t\t\t<div class=\"elementor-element elementor-element-27a574f elementor-widget elementor-widget-image\" data-id=\"27a574f\" data-element_type=\"widget\" data-settings=\"{&quot;ekit_we_effect_on&quot;:&quot;none&quot;}\" data-widget_type=\"image.default\">\n\t\t\t\t<div class=\"elementor-widget-container\">\n\t\t\t\t\t\t\t\t\t\t\t\t\t\t\t<img fetchpriority=\"high\" decoding=\"async\" width=\"800\" height=\"533\" src=\"https:\/\/landuchem.com\/wp-content\/uploads\/2025\/04\/coal-power-plant-high-pipes-emitting-black-poisonous-smoke-moving-upwards-1024x682.jpg\" class=\"attachment-large size-large wp-image-5235\" alt=\"Sz\u00e9n-dioxid er\u0151m\u0171 magas k\u00e9m\u00e9nyei, amelyek fekete m\u00e9rgez\u0151 f\u00fcst\u00f6t bocs\u00e1tanak ki \u00e9s felfel\u00e9 mozognak\" srcset=\"https:\/\/landuchem.com\/wp-content\/uploads\/2025\/04\/coal-power-plant-high-pipes-emitting-black-poisonous-smoke-moving-upwards-1024x682.jpg 1024w, https:\/\/landuchem.com\/wp-content\/uploads\/2025\/04\/coal-power-plant-high-pipes-emitting-black-poisonous-smoke-moving-upwards-300x200.jpg 300w, https:\/\/landuchem.com\/wp-content\/uploads\/2025\/04\/coal-power-plant-high-pipes-emitting-black-poisonous-smoke-moving-upwards-768x512.jpg 768w, https:\/\/landuchem.com\/wp-content\/uploads\/2025\/04\/coal-power-plant-high-pipes-emitting-black-poisonous-smoke-moving-upwards-1536x1024.jpg 1536w, https:\/\/landuchem.com\/wp-content\/uploads\/2025\/04\/coal-power-plant-high-pipes-emitting-black-poisonous-smoke-moving-upwards.jpg 2000w\" sizes=\"(max-width: 800px) 100vw, 800px\" \/>\t\t\t\t\t\t\t\t\t\t\t\t\t\t\t<\/div>\n\t\t\t\t<\/div>\n\t\t\t\t<\/div>\n\t\t\t\t\t<\/div>\n\t\t\t\t<\/div>\n\t\t<div class=\"elementor-element elementor-element-62d5ac7 e-flex e-con-boxed e-con e-parent\" data-id=\"62d5ac7\" data-element_type=\"container\" data-settings=\"{&quot;ekit_has_onepagescroll_dot&quot;:&quot;yes&quot;}\">\n\t\t\t\t\t<div class=\"e-con-inner\">\n\t\t<div class=\"elementor-element elementor-element-225ac59 e-con-full e-flex e-con e-child\" data-id=\"225ac59\" data-element_type=\"container\" data-settings=\"{&quot;background_background&quot;:&quot;classic&quot;,&quot;ekit_has_onepagescroll_dot&quot;:&quot;yes&quot;}\">\n\t\t<div class=\"elementor-element elementor-element-4de87ac e-con-full e-flex e-con e-child\" data-id=\"4de87ac\" data-element_type=\"container\" data-settings=\"{&quot;ekit_has_onepagescroll_dot&quot;:&quot;yes&quot;}\">\n\t\t\t\t<div class=\"elementor-element elementor-element-5a452d8 elementor-widget elementor-widget-image\" data-id=\"5a452d8\" data-element_type=\"widget\" data-settings=\"{&quot;ekit_we_effect_on&quot;:&quot;none&quot;}\" data-widget_type=\"image.default\">\n\t\t\t\t<div class=\"elementor-widget-container\">\n\t\t\t\t\t\t\t\t\t\t\t\t\t\t\t<img decoding=\"async\" width=\"800\" height=\"533\" src=\"https:\/\/landuchem.com\/wp-content\/uploads\/2025\/04\/Innovative-Solution-Non-Surface-Treated-1024x682.jpg\" class=\"attachment-large size-large wp-image-6415\" alt=\"Innovat\u00edv-megold\u00e1s-Nem-Fel\u00fcletkezelt\" srcset=\"https:\/\/landuchem.com\/wp-content\/uploads\/2025\/04\/Innovative-Solution-Non-Surface-Treated-1024x682.jpg 1024w, https:\/\/landuchem.com\/wp-content\/uploads\/2025\/04\/Innovative-Solution-Non-Surface-Treated-300x200.jpg 300w, https:\/\/landuchem.com\/wp-content\/uploads\/2025\/04\/Innovative-Solution-Non-Surface-Treated-768x512.jpg 768w, https:\/\/landuchem.com\/wp-content\/uploads\/2025\/04\/Innovative-Solution-Non-Surface-Treated.jpg 1400w\" sizes=\"(max-width: 800px) 100vw, 800px\" \/>\t\t\t\t\t\t\t\t\t\t\t\t\t\t\t<\/div>\n\t\t\t\t<\/div>\n\t\t\t\t<\/div>\n\t\t<div class=\"elementor-element elementor-element-283f9c0 e-con-full e-flex e-con e-child\" data-id=\"283f9c0\" data-element_type=\"container\" data-settings=\"{&quot;ekit_has_onepagescroll_dot&quot;:&quot;yes&quot;}\">\n\t\t\t\t<div class=\"elementor-element elementor-element-426973a elementor-widget-mobile__width-initial elementor-widget elementor-widget-text-editor\" data-id=\"426973a\" data-element_type=\"widget\" data-settings=\"{&quot;ekit_we_effect_on&quot;:&quot;none&quot;}\" data-widget_type=\"text-editor.default\">\n\t\t\t\t<div class=\"elementor-widget-container\">\n\t\t\t\t\t\t\t\t\t<p>A NOVASTAR k\u00e9miai \u00e9s k\u00f6rnyezeti tud\u00f3sokb\u00f3l \u00e1ll\u00f3 csapata egy\u00fctt dolgozik azon, hogy tervezzen, szintetiz\u00e1ljon \u00e9s teszteljen kiv\u00e1l\u00f3 jel\u00f6lteket, amelyek hat\u00e9konyan jav\u00edtj\u00e1k az \u00e9p\u00edt\u0151anyagok, p\u00e9ld\u00e1ul sz\u00e1raz kever\u00e9k habarcs \u00e9s csemperagaszt\u00f3 teljes\u00edtm\u00e9ny\u00e9t an\u00e9lk\u00fcl, hogy szennyez\u00e9st vagy k\u00f6rnyezeti terhet okozn\u00e1nak. Tov\u00e1bb\u00e1, hogy meghat\u00e1rozz\u00e1k az adal\u00e9kanyagok k\u00f6rnyezeti hat\u00e1s\u00e1t, a LANDU toxikol\u00f3giai \u00e9s biol\u00f3giai leboml\u00e1si teszteket v\u00e9gzett K\u00f6rnyezeti Toxikol\u00f3giai Laborat\u00f3rium\u00e1ban.<\/p><div data-page-id=\"FDBjdBSK0o1BaAx0VMAc12Pwnjb\" data-lark-html-role=\"root\" data-docx-has-block-data=\"false\"><div class=\"ace-line ace-line old-record-id-AIo9diD9joC0EIxPkz8cEPhQngf\">Z\u00f6ld k\u00e9mia ir\u00e1nti elk\u00f6telezetts\u00e9g\u00fcnkkel a LANDU v\u00e1llalja, hogy anyagtud\u00f3sok \u00e9s k\u00f6rnyezettud\u00f3sok k\u00e9pess\u00e9geit egy egy\u00fcttm\u0171k\u00f6d\u0151, eredm\u00e9nyes m\u00f3don \u00f6tv\u00f6zi a fenntarthat\u00f3 megold\u00e1sok el\u00e9r\u00e9s\u00e9\u00e9rt.<\/div><\/div>\t\t\t\t\t\t\t\t<\/div>\n\t\t\t\t<\/div>\n\t\t\t\t<\/div>\n\t\t\t\t<\/div>\n\t\t\t\t\t<\/div>\n\t\t\t\t<\/div>\n\t\t\t\t<\/div>","protected":false},"excerpt":{"rendered":"<p>Addressing Global Challenges with Sustainable Solutions According to EPA&#8217;s 2020 AirToxScreen data, some 320 million people suffer from a lifetime cancer risk from outdoor exposure to formaldehyde. This is not the only problem we are facing. Global challenges, including rising temperatures, water quality issues, and acidification, are increasingly threatening. Therefore, LANDU shoulders the responsibility to [&hellip;]<\/p>","protected":false},"author":1,"featured_media":0,"parent":4553,"menu_order":0,"comment_status":"closed","ping_status":"closed","template":"elementor_header_footer","meta":{"footnotes":""},"class_list":["post-5143","page","type-page","status-publish","hentry"],"_links":{"self":[{"href":"https:\/\/landuchem.com\/hu\/wp-json\/wp\/v2\/pages\/5143","targetHints":{"allow":["GET"]}}],"collection":[{"href":"https:\/\/landuchem.com\/hu\/wp-json\/wp\/v2\/pages"}],"about":[{"href":"https:\/\/landuchem.com\/hu\/wp-json\/wp\/v2\/types\/page"}],"author":[{"embeddable":true,"href":"https:\/\/landuchem.com\/hu\/wp-json\/wp\/v2\/users\/1"}],"replies":[{"embeddable":true,"href":"https:\/\/landuchem.com\/hu\/wp-json\/wp\/v2\/comments?post=5143"}],"version-history":[{"count":26,"href":"https:\/\/landuchem.com\/hu\/wp-json\/wp\/v2\/pages\/5143\/revisions"}],"predecessor-version":[{"id":13061,"href":"https:\/\/landuchem.com\/hu\/wp-json\/wp\/v2\/pages\/5143\/revisions\/13061"}],"up":[{"embeddable":true,"href":"https:\/\/landuchem.com\/hu\/wp-json\/wp\/v2\/pages\/4553"}],"wp:attachment":[{"href":"https:\/\/landuchem.com\/hu\/wp-json\/wp\/v2\/media?parent=5143"}],"curies":[{"name":"wp","href":"https:\/\/api.w.org\/{rel}","templated":true}]}}