{"id":3648,"date":"2025-04-19T05:09:54","date_gmt":"2025-04-19T05:09:54","guid":{"rendered":"https:\/\/landuchem.com\/?page_id=3648"},"modified":"2025-08-27T03:38:24","modified_gmt":"2025-08-27T03:38:24","slug":"ertekesites-elotti-szolgaltatas","status":"publish","type":"page","link":"https:\/\/landuchem.com\/hu\/a-nova-star-rol\/szolgaltatas\/ertekesites-elotti-szolgaltatas\/","title":{"rendered":"El\u0151\u00e9rt\u00e9kes\u00edt\u00e9si Szolg\u00e1ltat\u00e1s"},"content":{"rendered":"<div data-elementor-type=\"wp-page\" data-elementor-id=\"3648\" class=\"elementor elementor-3648\" data-elementor-post-type=\"page\">\n\t\t\t\t<div class=\"elementor-element elementor-element-2051b3c e-flex e-con-boxed e-con e-parent\" data-id=\"2051b3c\" data-element_type=\"container\" data-settings=\"{&quot;background_background&quot;:&quot;classic&quot;,&quot;ekit_has_onepagescroll_dot&quot;:&quot;yes&quot;}\">\n\t\t\t\t\t<div class=\"e-con-inner\">\n\t\t\t\t<div class=\"elementor-element elementor-element-a2226f6 elementor-widget__width-initial elementor-widget elementor-widget-text-editor\" data-id=\"a2226f6\" data-element_type=\"widget\" data-settings=\"{&quot;ekit_we_effect_on&quot;:&quot;none&quot;}\" data-widget_type=\"text-editor.default\">\n\t\t\t\t<div class=\"elementor-widget-container\">\n\t\t\t\t\t\t\t\t\t<div data-page-id=\"YXfCd6cw3oQsfux4mvLca0jFnpU\" data-lark-html-role=\"root\" data-docx-has-block-data=\"false\"><div class=\"ace-line ace-line old-record-id-DJqBdNgAJoMSUvxGlbPchTibnVc\">A LANDU-n\u00e1l az \u00fcgyf\u00e9l-el\u00e9gedetts\u00e9g minden tev\u00e9kenys\u00e9g\u00fcnk k\u00f6z\u00e9ppontj\u00e1ban \u00e1ll. Elk\u00f6telezett csapatunk szem\u00e9lyre szabott \u00e9rt\u00e9kes\u00edt\u00e9s el\u0151tti tan\u00e1csad\u00e1st ny\u00fajt, hogy seg\u00edtsen a t\u00f6k\u00e9letes v\u00e1laszt\u00e1sban.<\/div><\/div>\t\t\t\t\t\t\t\t<\/div>\n\t\t\t\t<\/div>\n\t\t\t\t\t<\/div>\n\t\t\t\t<\/div>\n\t\t<div class=\"elementor-element elementor-element-0474ee4 e-grid e-con-boxed e-con e-parent\" data-id=\"0474ee4\" data-element_type=\"container\" data-settings=\"{&quot;ekit_has_onepagescroll_dot&quot;:&quot;yes&quot;}\">\n\t\t\t\t\t<div class=\"e-con-inner\">\n\t\t<div class=\"elementor-element elementor-element-1966395 e-con-full e-flex e-con e-child\" data-id=\"1966395\" data-element_type=\"container\" data-settings=\"{&quot;ekit_has_onepagescroll_dot&quot;:&quot;yes&quot;}\">\n\t\t\t\t<div class=\"elementor-element elementor-element-4daccdc elementor-widget__width-initial elementor-widget-mobile__width-initial elementor-widget elementor-widget-image\" data-id=\"4daccdc\" data-element_type=\"widget\" data-settings=\"{&quot;ekit_we_effect_on&quot;:&quot;none&quot;}\" data-widget_type=\"image.default\">\n\t\t\t\t<div class=\"elementor-widget-container\">\n\t\t\t\t\t\t\t\t\t\t\t\t\t\t\t<img fetchpriority=\"high\" decoding=\"async\" width=\"800\" height=\"533\" src=\"https:\/\/landuchem.com\/wp-content\/uploads\/2025\/04\/Innovative-Solution-Non-Surface-Treated-1024x682.jpg\" class=\"attachment-large size-large wp-image-6415\" alt=\"Innovat\u00edv-megold\u00e1s-Nem-Fel\u00fcletkezelt\" srcset=\"https:\/\/landuchem.com\/wp-content\/uploads\/2025\/04\/Innovative-Solution-Non-Surface-Treated-1024x682.jpg 1024w, https:\/\/landuchem.com\/wp-content\/uploads\/2025\/04\/Innovative-Solution-Non-Surface-Treated-300x200.jpg 300w, https:\/\/landuchem.com\/wp-content\/uploads\/2025\/04\/Innovative-Solution-Non-Surface-Treated-768x512.jpg 768w, https:\/\/landuchem.com\/wp-content\/uploads\/2025\/04\/Innovative-Solution-Non-Surface-Treated.jpg 1400w\" sizes=\"(max-width: 800px) 100vw, 800px\" \/>\t\t\t\t\t\t\t\t\t\t\t\t\t\t\t<\/div>\n\t\t\t\t<\/div>\n\t\t<div class=\"elementor-element elementor-element-da4a131 e-con-full e-flex e-con e-child\" data-id=\"da4a131\" data-element_type=\"container\" data-settings=\"{&quot;ekit_has_onepagescroll_dot&quot;:&quot;yes&quot;}\">\n\t\t\t\t<div class=\"elementor-element elementor-element-a2edb21 elementor-widget elementor-widget-heading\" data-id=\"a2edb21\" data-element_type=\"widget\" data-settings=\"{&quot;ekit_we_effect_on&quot;:&quot;none&quot;}\" data-widget_type=\"heading.default\">\n\t\t\t\t<div class=\"elementor-widget-container\">\n\t\t\t\t\t<h2 class=\"elementor-heading-title elementor-size-default\">Ingyenes Tan\u00e1csad\u00e1s \u00e9s Technikai T\u00e1mogat\u00e1s<\/h2>\t\t\t\t<\/div>\n\t\t\t\t<\/div>\n\t\t\t\t<div class=\"elementor-element elementor-element-56c6c3b elementor-widget elementor-widget-text-editor\" data-id=\"56c6c3b\" data-element_type=\"widget\" data-settings=\"{&quot;ekit_we_effect_on&quot;:&quot;none&quot;}\" data-widget_type=\"text-editor.default\">\n\t\t\t\t<div class=\"elementor-widget-container\">\n\t\t\t\t\t\t\t\t\t<p>A LANDU region\u00e1lis \u00e9rt\u00e9kes\u00edt\u00e9si menedzsereket jel\u00f6lt ki a prec\u00edzi\u00f3s k\u00f6rzeti jellemz\u0151k, p\u00e9ld\u00e1ul id\u0151j\u00e1r\u00e1s, f\u00f6ldrajz, kereskedelmi politik\u00e1k \u00e9s term\u00e9khajt\u00e1sok \u00e9s tendenci\u00e1k figyelembev\u00e9tel\u00e9re. A NOVASTAR \u00e1tfog\u00f3 t\u00e1mogat\u00e1si rendszert \u00e9p\u00edt szakmai vegy\u00e9szeinkkel, akik az adal\u00e9kanyag m\u00f3dos\u00edt\u00e1s\u00e1ba \u00e9s formul\u00e1ci\u00f3 fejleszt\u00e9s\u00e9be mer\u00fclnek el. A legfontosabb azonban, hogy a LANDU NOVASTAR INGYENES tan\u00e1csad\u00e1st \u00e9s m\u0171szaki t\u00e1mogat\u00e1st k\u00edn\u00e1l, hogy megoldja probl\u00e9m\u00e1j\u00e1t megrendel\u00e9s el\u0151tt.<\/p>\t\t\t\t\t\t\t\t<\/div>\n\t\t\t\t<\/div>\n\t\t\t\t<div class=\"elementor-element elementor-element-7c81fb9 elementor-align-left elementor-widget elementor-widget-button\" data-id=\"7c81fb9\" data-element_type=\"widget\" data-settings=\"{&quot;ekit_we_effect_on&quot;:&quot;none&quot;}\" data-widget_type=\"button.default\">\n\t\t\t\t<div class=\"elementor-widget-container\">\n\t\t\t\t\t\t\t\t\t<div class=\"elementor-button-wrapper\">\n\t\t\t\t\t<a class=\"elementor-button elementor-button-link elementor-size-sm\" href=\"https:\/\/landuchem.com\/hu\/lepjen-kapcsolatba-velunk\/\" target=\"_blank\">\n\t\t\t\t\t\t<span class=\"elementor-button-content-wrapper\">\n\t\t\t\t\t\t\t\t\t<span class=\"elementor-button-text\">Kapcsolat most!<\/span>\n\t\t\t\t\t<\/span>\n\t\t\t\t\t<\/a>\n\t\t\t\t<\/div>\n\t\t\t\t\t\t\t\t<\/div>\n\t\t\t\t<\/div>\n\t\t\t\t<\/div>\n\t\t\t\t<\/div>\n\t\t<div class=\"elementor-element elementor-element-31d3051 e-con-full e-flex e-con e-child\" data-id=\"31d3051\" data-element_type=\"container\" data-settings=\"{&quot;ekit_has_onepagescroll_dot&quot;:&quot;yes&quot;}\">\n\t\t\t\t<div class=\"elementor-element elementor-element-4c17855 elementor-widget__width-initial elementor-widget-mobile__width-initial elementor-widget elementor-widget-image\" data-id=\"4c17855\" data-element_type=\"widget\" data-settings=\"{&quot;ekit_we_effect_on&quot;:&quot;none&quot;}\" data-widget_type=\"image.default\">\n\t\t\t\t<div class=\"elementor-widget-container\">\n\t\t\t\t\t\t\t\t\t\t\t\t\t\t\t<img decoding=\"async\" width=\"800\" height=\"451\" src=\"https:\/\/landuchem.com\/wp-content\/uploads\/2025\/04\/Detailed-Guidance-Through-Documents-and-Videos-1024x577.jpg\" class=\"attachment-large size-large wp-image-7083\" alt=\"R\u00e9szletes \u00datmutat\u00f3 Dokumentumokon \u00e9s Vide\u00f3kon kereszt\u00fcl\" srcset=\"https:\/\/landuchem.com\/wp-content\/uploads\/2025\/04\/Detailed-Guidance-Through-Documents-and-Videos-1024x577.jpg 1024w, https:\/\/landuchem.com\/wp-content\/uploads\/2025\/04\/Detailed-Guidance-Through-Documents-and-Videos-300x169.jpg 300w, https:\/\/landuchem.com\/wp-content\/uploads\/2025\/04\/Detailed-Guidance-Through-Documents-and-Videos-768x432.jpg 768w, https:\/\/landuchem.com\/wp-content\/uploads\/2025\/04\/Detailed-Guidance-Through-Documents-and-Videos-1536x865.jpg 1536w, https:\/\/landuchem.com\/wp-content\/uploads\/2025\/04\/Detailed-Guidance-Through-Documents-and-Videos.jpg 1920w\" sizes=\"(max-width: 800px) 100vw, 800px\" \/>\t\t\t\t\t\t\t\t\t\t\t\t\t\t\t<\/div>\n\t\t\t\t<\/div>\n\t\t<div class=\"elementor-element elementor-element-41b4587 e-con-full e-flex e-con e-child\" data-id=\"41b4587\" data-element_type=\"container\" data-settings=\"{&quot;ekit_has_onepagescroll_dot&quot;:&quot;yes&quot;}\">\n\t\t\t\t<div class=\"elementor-element elementor-element-1a2b382 elementor-widget elementor-widget-heading\" data-id=\"1a2b382\" data-element_type=\"widget\" data-settings=\"{&quot;ekit_we_effect_on&quot;:&quot;none&quot;}\" data-widget_type=\"heading.default\">\n\t\t\t\t<div class=\"elementor-widget-container\">\n\t\t\t\t\t<h2 class=\"elementor-heading-title elementor-size-default\">R\u00e9szletes \u00datmutat\u00f3 Dokumentumokon \u00e9s Vide\u00f3kon kereszt\u00fcl<\/h2>\t\t\t\t<\/div>\n\t\t\t\t<\/div>\n\t\t\t\t<div class=\"elementor-element elementor-element-4e13482 elementor-widget elementor-widget-text-editor\" data-id=\"4e13482\" data-element_type=\"widget\" data-settings=\"{&quot;ekit_we_effect_on&quot;:&quot;none&quot;}\" data-widget_type=\"text-editor.default\">\n\t\t\t\t<div class=\"elementor-widget-container\">\n\t\t\t\t\t\t\t\t\tA LANDU alap szolg\u00e1ltat\u00e1sa r\u00e9szletes dokumentumokat biztos\u00edt, p\u00e9ld\u00e1ul tesztjelent\u00e9seket \u00e9s m\u0171szaki adatlapokat. Tov\u00e1bb\u00e1, hogy minimaliz\u00e1ljuk a neh\u00e9zs\u00e9geket az \u00d6n sz\u00e1m\u00e1ra a NOVASTAR term\u00e9kek megismer\u00e9s\u00e9ben, a LANDU k\u00fcl\u00f6n szolg\u00e1ltat\u00e1st ind\u00edtott vide\u00f3k k\u00e9sz\u00edt\u00e9s\u00e9re az \u00d6n ig\u00e9nyei alapj\u00e1n. Egyszer\u0171 \u00e9s k\u00f6nnyen \u00e9rthet\u0151, ezek a vide\u00f3k tartalmaznak haszn\u00e1lati \u00fatmutat\u00f3kat, teljes\u00edtm\u00e9nybemutat\u00f3kat, \u00e9rt\u00e9kel\u00e9seket \u00e9s \u00f6sszehasonl\u00edt\u00e1sokat k\u00fcl\u00f6nb\u00f6z\u0151 term\u00e9kek k\u00f6z\u00f6tt, p\u00e9ld\u00e1ul aminosav- \u00e9s citromsav-alap\u00fa gipsz retarderek k\u00f6z\u00f6tt.\t\t\t\t\t\t\t\t<\/div>\n\t\t\t\t<\/div>\n\t\t\t\t<div class=\"elementor-element elementor-element-9c67579 elementor-align-left elementor-widget elementor-widget-button\" data-id=\"9c67579\" data-element_type=\"widget\" data-settings=\"{&quot;ekit_we_effect_on&quot;:&quot;none&quot;}\" data-widget_type=\"button.default\">\n\t\t\t\t<div class=\"elementor-widget-container\">\n\t\t\t\t\t\t\t\t\t<div class=\"elementor-button-wrapper\">\n\t\t\t\t\t<a class=\"elementor-button elementor-button-link elementor-size-sm\" href=\"https:\/\/landuchem.com\/hu\/a-nova-star-rol\/video\/\" target=\"_blank\">\n\t\t\t\t\t\t<span class=\"elementor-button-content-wrapper\">\n\t\t\t\t\t\t\t\t\t<span class=\"elementor-button-text\">N\u00e9zze meg a Novastar\u2122 vide\u00f3t<\/span>\n\t\t\t\t\t<\/span>\n\t\t\t\t\t<\/a>\n\t\t\t\t<\/div>\n\t\t\t\t\t\t\t\t<\/div>\n\t\t\t\t<\/div>\n\t\t\t\t<\/div>\n\t\t\t\t<\/div>\n\t\t<div class=\"elementor-element elementor-element-11ce1f6 e-con-full e-flex e-con e-child\" data-id=\"11ce1f6\" data-element_type=\"container\" data-settings=\"{&quot;ekit_has_onepagescroll_dot&quot;:&quot;yes&quot;}\">\n\t\t\t\t<div class=\"elementor-element elementor-element-7b18b6a elementor-widget__width-initial elementor-widget-mobile__width-initial elementor-widget elementor-widget-image\" data-id=\"7b18b6a\" data-element_type=\"widget\" data-settings=\"{&quot;ekit_we_effect_on&quot;:&quot;none&quot;}\" data-widget_type=\"image.default\">\n\t\t\t\t<div class=\"elementor-widget-container\">\n\t\t\t\t\t\t\t\t\t\t\t\t\t\t\t<img decoding=\"async\" width=\"800\" height=\"533\" src=\"https:\/\/landuchem.com\/wp-content\/uploads\/2025\/04\/NOVASTAR-product-family-1024x682.jpg\" class=\"attachment-large size-large wp-image-6864\" alt=\"NOVASTAR-term\u00e9kcsal\u00e1d\" srcset=\"https:\/\/landuchem.com\/wp-content\/uploads\/2025\/04\/NOVASTAR-product-family-1024x682.jpg 1024w, https:\/\/landuchem.com\/wp-content\/uploads\/2025\/04\/NOVASTAR-product-family-300x200.jpg 300w, https:\/\/landuchem.com\/wp-content\/uploads\/2025\/04\/NOVASTAR-product-family-768x512.jpg 768w, https:\/\/landuchem.com\/wp-content\/uploads\/2025\/04\/NOVASTAR-product-family.jpg 1400w\" sizes=\"(max-width: 800px) 100vw, 800px\" \/>\t\t\t\t\t\t\t\t\t\t\t\t\t\t\t<\/div>\n\t\t\t\t<\/div>\n\t\t<div class=\"elementor-element elementor-element-c1e1c35 e-con-full e-flex e-con e-child\" data-id=\"c1e1c35\" data-element_type=\"container\" data-settings=\"{&quot;ekit_has_onepagescroll_dot&quot;:&quot;yes&quot;}\">\n\t\t\t\t<div class=\"elementor-element elementor-element-bfc9a00 elementor-widget elementor-widget-heading\" data-id=\"bfc9a00\" data-element_type=\"widget\" data-settings=\"{&quot;ekit_we_effect_on&quot;:&quot;none&quot;}\" data-widget_type=\"heading.default\">\n\t\t\t\t<div class=\"elementor-widget-container\">\n\t\t\t\t\t<h2 class=\"elementor-heading-title elementor-size-default\">Ingyenes Minta \u00e9s Tesztjelent\u00e9s<\/h2>\t\t\t\t<\/div>\n\t\t\t\t<\/div>\n\t\t\t\t<div class=\"elementor-element elementor-element-1cf0a6c elementor-widget elementor-widget-text-editor\" data-id=\"1cf0a6c\" data-element_type=\"widget\" data-settings=\"{&quot;ekit_we_effect_on&quot;:&quot;none&quot;}\" data-widget_type=\"text-editor.default\">\n\t\t\t\t<div class=\"elementor-widget-container\">\n\t\t\t\t\t\t\t\t\t<p>A LANDU ingyenes mint\u00e1kat biztos\u00edt ingyenes sz\u00e1ll\u00edt\u00e1ssal, jelezve, hogy nincs k\u00f6lts\u00e9g a NOVASTAR adal\u00e9kanyagok kipr\u00f3b\u00e1l\u00e1s\u00e1ra \u00e9s tapasztalatszerz\u00e9sre. Ha a minta nem felel meg az elv\u00e1r\u00e1sainak, ingyenes optimaliz\u00e1l\u00e1st \u00e9s m\u00f3dos\u00edt\u00e1st k\u00edn\u00e1lunk, am\u00edg a NOVASTAR adal\u00e9kanyagok megfelel\u0151en m\u0171k\u00f6dnek. Az \u00fcgyfelek sz\u00e1m\u00e1ra, akik bizonyos specifik\u00e1ci\u00f3k szerint tesztjelent\u00e9st ig\u00e9nyelnek, sz\u00edvesen bemutatjuk innovat\u00edv er\u0151nket a teljes \u00e9s teljes k\u00f6r\u0171 egy\u00fcttm\u0171k\u00f6d\u00e9shez.<\/p>\t\t\t\t\t\t\t\t<\/div>\n\t\t\t\t<\/div>\n\t\t\t\t<div class=\"elementor-element elementor-element-339a272 elementor-align-left elementor-widget elementor-widget-button\" data-id=\"339a272\" data-element_type=\"widget\" data-settings=\"{&quot;ekit_we_effect_on&quot;:&quot;none&quot;}\" data-widget_type=\"button.default\">\n\t\t\t\t<div class=\"elementor-widget-container\">\n\t\t\t\t\t\t\t\t\t<div class=\"elementor-button-wrapper\">\n\t\t\t\t\t<a class=\"elementor-button elementor-button-link elementor-size-sm\" href=\"https:\/\/landuchem.com\/hu\/lepjen-kapcsolatba-velunk\/\" target=\"_blank\">\n\t\t\t\t\t\t<span class=\"elementor-button-content-wrapper\">\n\t\t\t\t\t\t\t\t\t<span class=\"elementor-button-text\">Szerezzen ingyenes mint\u00e1kat<\/span>\n\t\t\t\t\t<\/span>\n\t\t\t\t\t<\/a>\n\t\t\t\t<\/div>\n\t\t\t\t\t\t\t\t<\/div>\n\t\t\t\t<\/div>\n\t\t\t\t<\/div>\n\t\t\t\t<\/div>\n\t\t\t\t\t<\/div>\n\t\t\t\t<\/div>\n\t\t<div class=\"elementor-element elementor-element-a1d8283 e-flex e-con-boxed e-con e-parent\" data-id=\"a1d8283\" data-element_type=\"container\" data-settings=\"{&quot;ekit_has_onepagescroll_dot&quot;:&quot;yes&quot;}\">\n\t\t\t\t\t<div class=\"e-con-inner\">\n\t\t<div class=\"elementor-element elementor-element-1ff1f3a e-con-full e-flex e-con e-child\" data-id=\"1ff1f3a\" data-element_type=\"container\" data-settings=\"{&quot;ekit_has_onepagescroll_dot&quot;:&quot;yes&quot;}\">\n\t\t\t\t<div class=\"elementor-element elementor-element-ad0f2a2 elementor-widget elementor-widget-heading\" data-id=\"ad0f2a2\" data-element_type=\"widget\" data-settings=\"{&quot;ekit_we_effect_on&quot;:&quot;none&quot;}\" data-widget_type=\"heading.default\">\n\t\t\t\t<div class=\"elementor-widget-container\">\n\t\t\t\t\t<h3 class=\"elementor-heading-title elementor-size-default\">\u00c9rt\u00e9kes\u00edt\u00e9s el\u0151tti szolg\u00e1ltat\u00e1s helyesen: Okosabb d\u00f6nt\u00e9sek, er\u0151sebb partners\u00e9gek<\/h3>\t\t\t\t<\/div>\n\t\t\t\t<\/div>\n\t\t\t\t<div class=\"elementor-element elementor-element-3c892d1 elementor-widget elementor-widget-text-editor\" data-id=\"3c892d1\" data-element_type=\"widget\" data-settings=\"{&quot;ekit_we_effect_on&quot;:&quot;none&quot;}\" data-widget_type=\"text-editor.default\">\n\t\t\t\t<div class=\"elementor-widget-container\">\n\t\t\t\t\t\t\t\t\tA LANDU nem csup\u00e1n term\u00e9kekkel foglalkozik \u2013 a kezdetekt\u0151l fogva partnerk\u00e9nt \u00e1llunk melletted. Szak\u00e9rt\u0151 \u00e9rt\u00e9kes\u00edt\u00e9s el\u0151tti szolg\u00e1ltat\u00e1saink seg\u00edtenek magabiztos d\u00f6nt\u00e9seket hozni, hossz\u00fa t\u00e1v\u00fa sikert biztos\u00edtva a min\u0151s\u00e9g, szak\u00e9rtelem \u00e9s rend\u00edthetetlen t\u00e1mogat\u00e1s r\u00e9v\u00e9n.\t\t\t\t\t\t\t\t<\/div>\n\t\t\t\t<\/div>\n\t\t\t\t<\/div>\n\t\t<div class=\"elementor-element elementor-element-dba4949 e-con-full e-flex e-con e-child\" data-id=\"dba4949\" data-element_type=\"container\" data-settings=\"{&quot;ekit_has_onepagescroll_dot&quot;:&quot;yes&quot;}\">\n\t\t\t\t<div class=\"elementor-element elementor-element-ff23a43 elementor-align-right elementor-mobile-align-center elementor-widget elementor-widget-button\" data-id=\"ff23a43\" data-element_type=\"widget\" data-settings=\"{&quot;ekit_we_effect_on&quot;:&quot;none&quot;}\" data-widget_type=\"button.default\">\n\t\t\t\t<div class=\"elementor-widget-container\">\n\t\t\t\t\t\t\t\t\t<div class=\"elementor-button-wrapper\">\n\t\t\t\t\t<a class=\"elementor-button elementor-button-link elementor-size-sm\" href=\"https:\/\/landuchem.com\/hu\/lepjen-kapcsolatba-velunk\/\" target=\"_blank\">\n\t\t\t\t\t\t<span class=\"elementor-button-content-wrapper\">\n\t\t\t\t\t\t\t\t\t<span class=\"elementor-button-text\">Adj visszajelz\u00e9st<\/span>\n\t\t\t\t\t<\/span>\n\t\t\t\t\t<\/a>\n\t\t\t\t<\/div>\n\t\t\t\t\t\t\t\t<\/div>\n\t\t\t\t<\/div>\n\t\t\t\t<\/div>\n\t\t\t\t\t<\/div>\n\t\t\t\t<\/div>\n\t\t\t\t<\/div>","protected":false},"excerpt":{"rendered":"<p>At LANDU, customer satisfaction is at the heart of everything we do. Our dedicated team provides personalized pre-sale consultations to help you make the perfect choice. Free Consultation and Technical Support LANDU assigned regional sales managers for precision district characteristics, such as weather, geography, trade policies, and product habits and tendencies. NOVASTAR builds a comprehensive [&hellip;]<\/p>","protected":false},"author":1,"featured_media":0,"parent":494,"menu_order":0,"comment_status":"closed","ping_status":"closed","template":"elementor_header_footer","meta":{"footnotes":""},"class_list":["post-3648","page","type-page","status-publish","hentry"],"_links":{"self":[{"href":"https:\/\/landuchem.com\/hu\/wp-json\/wp\/v2\/pages\/3648","targetHints":{"allow":["GET"]}}],"collection":[{"href":"https:\/\/landuchem.com\/hu\/wp-json\/wp\/v2\/pages"}],"about":[{"href":"https:\/\/landuchem.com\/hu\/wp-json\/wp\/v2\/types\/page"}],"author":[{"embeddable":true,"href":"https:\/\/landuchem.com\/hu\/wp-json\/wp\/v2\/users\/1"}],"replies":[{"embeddable":true,"href":"https:\/\/landuchem.com\/hu\/wp-json\/wp\/v2\/comments?post=3648"}],"version-history":[{"count":20,"href":"https:\/\/landuchem.com\/hu\/wp-json\/wp\/v2\/pages\/3648\/revisions"}],"predecessor-version":[{"id":13111,"href":"https:\/\/landuchem.com\/hu\/wp-json\/wp\/v2\/pages\/3648\/revisions\/13111"}],"up":[{"embeddable":true,"href":"https:\/\/landuchem.com\/hu\/wp-json\/wp\/v2\/pages\/494"}],"wp:attachment":[{"href":"https:\/\/landuchem.com\/hu\/wp-json\/wp\/v2\/media?parent=3648"}],"curies":[{"name":"wp","href":"https:\/\/api.w.org\/{rel}","templated":true}]}}