{"id":10308,"date":"2025-04-28T13:03:30","date_gmt":"2025-04-28T13:03:30","guid":{"rendered":"https:\/\/landuchem.com\/?page_id=10308"},"modified":"2025-08-26T08:06:02","modified_gmt":"2025-08-26T08:06:02","slug":"vallalati-etika-es-atlathatosag","status":"publish","type":"page","link":"https:\/\/landuchem.com\/hu\/fenntarthatosag\/emberek-akikert-elkotelezettek-vagyunk-a-gondoskodasban\/vallalati-etika-es-atlathatosag\/","title":{"rendered":"V\u00e1llalati Etika \u00e9s \u00c1tl\u00e1that\u00f3s\u00e1g"},"content":{"rendered":"<div data-elementor-type=\"wp-page\" data-elementor-id=\"10308\" class=\"elementor elementor-10308\" data-elementor-post-type=\"page\">\n\t\t\t\t<div class=\"elementor-element elementor-element-b8ed35a e-flex e-con-boxed e-con e-parent\" data-id=\"b8ed35a\" data-element_type=\"container\" data-settings=\"{&quot;background_background&quot;:&quot;classic&quot;,&quot;ekit_has_onepagescroll_dot&quot;:&quot;yes&quot;}\">\n\t\t\t\t\t<div class=\"e-con-inner\">\n\t\t\t\t<div class=\"elementor-element elementor-element-a72b32f elementor-widget elementor-widget-heading\" data-id=\"a72b32f\" data-element_type=\"widget\" data-settings=\"{&quot;ekit_we_effect_on&quot;:&quot;none&quot;}\" data-widget_type=\"heading.default\">\n\t\t\t\t<div class=\"elementor-widget-container\">\n\t\t\t\t\t<h1 class=\"elementor-heading-title elementor-size-default\">V\u00e1llalati Etika \u00e9s \u00c1tl\u00e1that\u00f3s\u00e1g<\/h1>\t\t\t\t<\/div>\n\t\t\t\t<\/div>\n\t\t\t\t<div class=\"elementor-element elementor-element-c986241 elementor-widget__width-initial elementor-widget elementor-widget-text-editor\" data-id=\"c986241\" data-element_type=\"widget\" data-settings=\"{&quot;ekit_we_effect_on&quot;:&quot;none&quot;}\" data-widget_type=\"text-editor.default\">\n\t\t\t\t<div class=\"elementor-widget-container\">\n\t\t\t\t\t\t\t\t\t<p>A NOVASTAR betartja az \u0151szintes\u00e9g, megb\u00edzhat\u00f3s\u00e1g \u00e9s etikus m\u0171k\u00f6d\u00e9s alapelveit, \u00e9s elk\u00f6telezett a m\u0171k\u00f6d\u00e9si \u00e1tl\u00e1that\u00f3s\u00e1g n\u00f6vel\u00e9se ir\u00e1nt, hogy elnyerje a t\u00e1rsadalmi bizalmat.<\/p>\t\t\t\t\t\t\t\t<\/div>\n\t\t\t\t<\/div>\n\t\t\t\t\t<\/div>\n\t\t\t\t<\/div>\n\t\t<div class=\"elementor-element elementor-element-01a78e7 e-flex e-con-boxed e-con e-parent\" data-id=\"01a78e7\" data-element_type=\"container\" data-settings=\"{&quot;ekit_has_onepagescroll_dot&quot;:&quot;yes&quot;}\">\n\t\t\t\t\t<div class=\"e-con-inner\">\n\t\t<div class=\"elementor-element elementor-element-01b9b7e e-con-full e-flex e-con e-child\" data-id=\"01b9b7e\" data-element_type=\"container\" data-settings=\"{&quot;ekit_has_onepagescroll_dot&quot;:&quot;yes&quot;}\">\n\t\t<div class=\"elementor-element elementor-element-def1aae e-con-full e-flex e-con e-child\" data-id=\"def1aae\" data-element_type=\"container\" data-settings=\"{&quot;ekit_has_onepagescroll_dot&quot;:&quot;yes&quot;}\">\n\t\t\t\t<div class=\"elementor-element elementor-element-011bb68 elementor-view-default elementor-widget elementor-widget-icon\" data-id=\"011bb68\" data-element_type=\"widget\" data-settings=\"{&quot;ekit_we_effect_on&quot;:&quot;none&quot;}\" data-widget_type=\"icon.default\">\n\t\t\t\t<div class=\"elementor-widget-container\">\n\t\t\t\t\t\t\t<div class=\"elementor-icon-wrapper\">\n\t\t\t<div class=\"elementor-icon\">\n\t\t\t<svg xmlns=\"http:\/\/www.w3.org\/2000\/svg\" id=\"_&#x56FE;&#x5C42;_2\" data-name=\"&#x56FE;&#x5C42; 2\" viewbox=\"0 0 111.69 167.53\"><defs><style>      .cls-1 {        fill: #fad8be;      }      .cls-1, .cls-2 {        stroke-width: 0px;      }      .cls-2 {        fill: #f47b25;      }    <\/style><\/defs><g id=\"_&#x56FE;&#x5C42;_1-2\" data-name=\"&#x56FE;&#x5C42; 1\"><g><circle class=\"cls-1\" cx=\"55.84\" cy=\"55.84\" r=\"55.84\"><\/circle><circle class=\"cls-2\" cx=\"55.84\" cy=\"111.69\" r=\"55.84\"><\/circle><\/g><\/g><\/svg>\t\t\t<\/div>\n\t\t<\/div>\n\t\t\t\t\t\t<\/div>\n\t\t\t\t<\/div>\n\t\t<div class=\"elementor-element elementor-element-62e1097 e-con-full e-flex e-con e-child\" data-id=\"62e1097\" data-element_type=\"container\" data-settings=\"{&quot;ekit_has_onepagescroll_dot&quot;:&quot;yes&quot;}\">\n\t\t\t\t<div class=\"elementor-element elementor-element-82bfbfc elementor-widget elementor-widget-heading\" data-id=\"82bfbfc\" data-element_type=\"widget\" data-settings=\"{&quot;ekit_we_effect_on&quot;:&quot;none&quot;}\" data-widget_type=\"heading.default\">\n\t\t\t\t<div class=\"elementor-widget-container\">\n\t\t\t\t\t<h2 class=\"elementor-heading-title elementor-size-default\">\u0150szintes\u00e9g \u00e9s \u00c1tl\u00e1that\u00f3s\u00e1g: \u00dcgyfelekkel \u00e9s Munkat\u00e1rsakkal szemben<\/h2>\t\t\t\t<\/div>\n\t\t\t\t<\/div>\n\t\t\t\t<\/div>\n\t\t\t\t<\/div>\n\t\t<div class=\"elementor-element elementor-element-f1217bf e-con-full e-flex e-con e-child\" data-id=\"f1217bf\" data-element_type=\"container\" data-settings=\"{&quot;ekit_has_onepagescroll_dot&quot;:&quot;yes&quot;}\">\n\t\t\t\t<div class=\"elementor-element elementor-element-bd38386 elementor-widget__width-initial elementor-widget elementor-widget-text-editor\" data-id=\"bd38386\" data-element_type=\"widget\" data-settings=\"{&quot;ekit_we_effect_on&quot;:&quot;none&quot;}\" data-widget_type=\"text-editor.default\">\n\t\t\t\t<div class=\"elementor-widget-container\">\n\t\t\t\t\t\t\t\t\t<p>A NOVASTAR-n\u00e1l szil\u00e1rdan hissz\u00fck, hogy az inform\u00e1ci\u00f3k visszatart\u00e1sa erod\u00e1lja a bizalmat, ak\u00e1r az \u00fcgyfelekkel, ak\u00e1r a csapatunkkal szemben. Ez\u00e9rt minden tranzakci\u00f3s folyamatban a teljes \u00e1tl\u00e1that\u00f3s\u00e1got helyezz\u00fck el\u0151t\u00e9rbe, ny\u00edltan megosztva az adatokat.<\/p>\t\t\t\t\t\t\t\t<\/div>\n\t\t\t\t<\/div>\n\t\t\t\t<\/div>\n\t\t\t\t<\/div>\n\t\t<div class=\"elementor-element elementor-element-8c2f8c6 e-con-full e-flex e-con e-child\" data-id=\"8c2f8c6\" data-element_type=\"container\" data-settings=\"{&quot;ekit_has_onepagescroll_dot&quot;:&quot;yes&quot;}\">\n\t\t<div class=\"elementor-element elementor-element-2a77d75 e-con-full e-flex e-con e-child\" data-id=\"2a77d75\" data-element_type=\"container\" data-settings=\"{&quot;ekit_has_onepagescroll_dot&quot;:&quot;yes&quot;}\">\n\t\t\t\t<div class=\"elementor-element elementor-element-6242198 elementor-widget elementor-widget-image\" data-id=\"6242198\" data-element_type=\"widget\" data-settings=\"{&quot;ekit_we_effect_on&quot;:&quot;none&quot;}\" data-widget_type=\"image.default\">\n\t\t\t\t<div class=\"elementor-widget-container\">\n\t\t\t\t\t\t\t\t\t\t\t\t\t\t\t<img fetchpriority=\"high\" decoding=\"async\" width=\"800\" height=\"533\" src=\"https:\/\/landuchem.com\/wp-content\/uploads\/2025\/04\/business-executives-shaking-hands-1024x682.jpg\" class=\"attachment-large size-large wp-image-10318\" alt=\"\u00dczleti vezet\u0151k k\u00e9zfog\u00e1sa\" srcset=\"https:\/\/landuchem.com\/wp-content\/uploads\/2025\/04\/business-executives-shaking-hands-1024x682.jpg 1024w, https:\/\/landuchem.com\/wp-content\/uploads\/2025\/04\/business-executives-shaking-hands-300x200.jpg 300w, https:\/\/landuchem.com\/wp-content\/uploads\/2025\/04\/business-executives-shaking-hands-768x512.jpg 768w, https:\/\/landuchem.com\/wp-content\/uploads\/2025\/04\/business-executives-shaking-hands-1536x1024.jpg 1536w, https:\/\/landuchem.com\/wp-content\/uploads\/2025\/04\/business-executives-shaking-hands.jpg 2000w\" sizes=\"(max-width: 800px) 100vw, 800px\" \/>\t\t\t\t\t\t\t\t\t\t\t\t\t\t\t<\/div>\n\t\t\t\t<\/div>\n\t\t\t\t<\/div>\n\t\t<div class=\"elementor-element elementor-element-4578461 e-con-full e-flex e-con e-child\" data-id=\"4578461\" data-element_type=\"container\" data-settings=\"{&quot;ekit_has_onepagescroll_dot&quot;:&quot;yes&quot;}\">\n\t\t\t\t<div class=\"elementor-element elementor-element-3977fe3 elementor-widget__width-initial elementor-widget elementor-widget-text-editor\" data-id=\"3977fe3\" data-element_type=\"widget\" data-settings=\"{&quot;ekit_we_effect_on&quot;:&quot;none&quot;}\" data-widget_type=\"text-editor.default\">\n\t\t\t\t<div class=\"elementor-widget-container\">\n\t\t\t\t\t\t\t\t\tAz \u00fcgyfelekkel val\u00f3 \u0151szintes\u00e9g t\u00f6bb mint az igazs\u00e1g k\u00f6zl\u00e9se. Ide tartozik az \u00e1tl\u00e1that\u00f3s\u00e1g, integrit\u00e1s \u00e9s megb\u00edzhat\u00f3s\u00e1g, amelyek mind alapvet\u0151ek az \u00fcgyf\u00e9l bizalm\u00e1nak megszerz\u00e9s\u00e9hez. Az \u00fcgyfeleink sz\u00e1m\u00e1ra az al\u00e1bbi inform\u00e1ci\u00f3kat biztos\u00edtjuk a tranzakci\u00f3 \u00e1tl\u00e1that\u00f3s\u00e1g\u00e1nak \u00e9s integrit\u00e1s\u00e1nak garant\u00e1l\u00e1sa \u00e9rdek\u00e9ben. \t\t\t\t\t\t\t\t<\/div>\n\t\t\t\t<\/div>\n\t\t\t\t<div class=\"elementor-element elementor-element-0be5ace elementor-icon-list--layout-traditional elementor-list-item-link-full_width elementor-widget elementor-widget-icon-list\" data-id=\"0be5ace\" data-element_type=\"widget\" data-settings=\"{&quot;ekit_we_effect_on&quot;:&quot;none&quot;}\" data-widget_type=\"icon-list.default\">\n\t\t\t\t<div class=\"elementor-widget-container\">\n\t\t\t\t\t\t\t<ul class=\"elementor-icon-list-items\">\n\t\t\t\t\t\t\t<li class=\"elementor-icon-list-item\">\n\t\t\t\t\t\t\t\t\t\t\t<span class=\"elementor-icon-list-icon\">\n\t\t\t\t\t\t\t<svg aria-hidden=\"true\" class=\"e-font-icon-svg e-fas-check\" viewbox=\"0 0 512 512\" xmlns=\"http:\/\/www.w3.org\/2000\/svg\"><path d=\"M173.898 439.404l-166.4-166.4c-9.997-9.997-9.997-26.206 0-36.204l36.203-36.204c9.997-9.998 26.207-9.998 36.204 0L192 312.69 432.095 72.596c9.997-9.997 26.207-9.997 36.204 0l36.203 36.204c9.997 9.997 9.997 26.206 0 36.204l-294.4 294.401c-9.998 9.997-26.207 9.997-36.204-.001z\"><\/path><\/svg>\t\t\t\t\t\t<\/span>\n\t\t\t\t\t\t\t\t\t\t<span class=\"elementor-icon-list-text\">Vil\u00e1gos \u00e1rk\u00e9pz\u00e9si strukt\u00far\u00e1k rejtett k\u00f6lts\u00e9gek n\u00e9lk\u00fcl<\/span>\n\t\t\t\t\t\t\t\t\t<\/li>\n\t\t\t\t\t\t\t\t<li class=\"elementor-icon-list-item\">\n\t\t\t\t\t\t\t\t\t\t\t<span class=\"elementor-icon-list-icon\">\n\t\t\t\t\t\t\t<svg aria-hidden=\"true\" class=\"e-font-icon-svg e-fas-check\" viewbox=\"0 0 512 512\" xmlns=\"http:\/\/www.w3.org\/2000\/svg\"><path d=\"M173.898 439.404l-166.4-166.4c-9.997-9.997-9.997-26.206 0-36.204l36.203-36.204c9.997-9.998 26.207-9.998 36.204 0L192 312.69 432.095 72.596c9.997-9.997 26.207-9.997 36.204 0l36.203 36.204c9.997 9.997 9.997 26.206 0 36.204l-294.4 294.401c-9.998 9.997-26.207 9.997-36.204-.001z\"><\/path><\/svg>\t\t\t\t\t\t<\/span>\n\t\t\t\t\t\t\t\t\t\t<span class=\"elementor-icon-list-text\">\u00c1tfog\u00f3 term\u00e9kinform\u00e1ci\u00f3k (bele\u00e9rtve a m\u0171szaki adatlapokat)<\/span>\n\t\t\t\t\t\t\t\t\t<\/li>\n\t\t\t\t\t\t\t\t<li class=\"elementor-icon-list-item\">\n\t\t\t\t\t\t\t\t\t\t\t<span class=\"elementor-icon-list-icon\">\n\t\t\t\t\t\t\t<svg aria-hidden=\"true\" class=\"e-font-icon-svg e-fas-check\" viewbox=\"0 0 512 512\" xmlns=\"http:\/\/www.w3.org\/2000\/svg\"><path d=\"M173.898 439.404l-166.4-166.4c-9.997-9.997-9.997-26.206 0-36.204l36.203-36.204c9.997-9.998 26.207-9.998 36.204 0L192 312.69 432.095 72.596c9.997-9.997 26.207-9.997 36.204 0l36.203 36.204c9.997 9.997 9.997 26.206 0 36.204l-294.4 294.401c-9.998 9.997-26.207 9.997-36.204-.001z\"><\/path><\/svg>\t\t\t\t\t\t<\/span>\n\t\t\t\t\t\t\t\t\t\t<span class=\"elementor-icon-list-text\">Etikus munka- \u00e9s fenntarthat\u00f3s\u00e1gi gyakorlatok<\/span>\n\t\t\t\t\t\t\t\t\t<\/li>\n\t\t\t\t\t\t<\/ul>\n\t\t\t\t\t\t<\/div>\n\t\t\t\t<\/div>\n\t\t\t\t<\/div>\n\t\t\t\t<\/div>\n\t\t<div class=\"elementor-element elementor-element-f23d88e e-con-full e-flex e-con e-child\" data-id=\"f23d88e\" data-element_type=\"container\" data-settings=\"{&quot;ekit_has_onepagescroll_dot&quot;:&quot;yes&quot;}\">\n\t\t<div class=\"elementor-element elementor-element-652ee15 e-con-full e-flex e-con e-child\" data-id=\"652ee15\" data-element_type=\"container\" data-settings=\"{&quot;ekit_has_onepagescroll_dot&quot;:&quot;yes&quot;}\">\n\t\t\t\t<div class=\"elementor-element elementor-element-e91b27a elementor-widget elementor-widget-image\" data-id=\"e91b27a\" data-element_type=\"widget\" data-settings=\"{&quot;ekit_we_effect_on&quot;:&quot;none&quot;}\" data-widget_type=\"image.default\">\n\t\t\t\t<div class=\"elementor-widget-container\">\n\t\t\t\t\t\t\t\t\t\t\t\t\t\t\t<img decoding=\"async\" width=\"800\" height=\"534\" src=\"https:\/\/landuchem.com\/wp-content\/uploads\/2025\/04\/hands-community-and-link-team-together-global-community-of-cooperation-on-blue-sky-group-diversit-1024x683.jpg\" class=\"attachment-large size-large wp-image-10367\" alt=\"K\u00e9z, k\u00f6z\u00f6ss\u00e9g \u00e9s \u00f6sszek\u00f6t\u0151 csapat a vil\u00e1g k\u00f6z\u00f6ss\u00e9g\u00e9ben a k\u00e9k \u00e9g alatt. Csoport soksz\u00edn\u0171s\u00e9g\" srcset=\"https:\/\/landuchem.com\/wp-content\/uploads\/2025\/04\/hands-community-and-link-team-together-global-community-of-cooperation-on-blue-sky-group-diversit-1024x683.jpg 1024w, https:\/\/landuchem.com\/wp-content\/uploads\/2025\/04\/hands-community-and-link-team-together-global-community-of-cooperation-on-blue-sky-group-diversit-300x200.jpg 300w, https:\/\/landuchem.com\/wp-content\/uploads\/2025\/04\/hands-community-and-link-team-together-global-community-of-cooperation-on-blue-sky-group-diversit-768x512.jpg 768w, https:\/\/landuchem.com\/wp-content\/uploads\/2025\/04\/hands-community-and-link-team-together-global-community-of-cooperation-on-blue-sky-group-diversit-1536x1025.jpg 1536w, https:\/\/landuchem.com\/wp-content\/uploads\/2025\/04\/hands-community-and-link-team-together-global-community-of-cooperation-on-blue-sky-group-diversit.jpg 2000w\" sizes=\"(max-width: 800px) 100vw, 800px\" \/>\t\t\t\t\t\t\t\t\t\t\t\t\t\t\t<\/div>\n\t\t\t\t<\/div>\n\t\t\t\t<\/div>\n\t\t<div class=\"elementor-element elementor-element-0c2bb50 e-con-full e-flex e-con e-child\" data-id=\"0c2bb50\" data-element_type=\"container\" data-settings=\"{&quot;ekit_has_onepagescroll_dot&quot;:&quot;yes&quot;}\">\n\t\t\t\t<div class=\"elementor-element elementor-element-8a4cd0d elementor-widget__width-initial elementor-widget elementor-widget-text-editor\" data-id=\"8a4cd0d\" data-element_type=\"widget\" data-settings=\"{&quot;ekit_we_effect_on&quot;:&quot;none&quot;}\" data-widget_type=\"text-editor.default\">\n\t\t\t\t<div class=\"elementor-widget-container\">\n\t\t\t\t\t\t\t\t\tBels\u0151leg t\u00e1mogatjuk az inform\u00e1ci\u00f3k ny\u00edlt hozz\u00e1f\u00e9r\u00e9s\u00e9t, biztos\u00edtva, hogy minden alkalmazott egyenl\u0151 l\u00e1that\u00f3s\u00e1ggal rendelkezzen a relev\u00e1ns adatokhoz. Hissz\u00fck, hogy az egyenl\u0151 es\u00e9lyek biztos\u00edt\u00e1s\u00e1val felhatalmazhatjuk csapatunkat, hogy b\u00f6lcsebb d\u00f6nt\u00e9seket hozzanak. A megk\u00f6zel\u00edt\u00e9sek k\u00f6z\u00e9 tartozik:\t\t\t\t\t\t\t\t<\/div>\n\t\t\t\t<\/div>\n\t\t\t\t<div class=\"elementor-element elementor-element-88040a1 elementor-icon-list--layout-traditional elementor-list-item-link-full_width elementor-widget elementor-widget-icon-list\" data-id=\"88040a1\" data-element_type=\"widget\" data-settings=\"{&quot;ekit_we_effect_on&quot;:&quot;none&quot;}\" data-widget_type=\"icon-list.default\">\n\t\t\t\t<div class=\"elementor-widget-container\">\n\t\t\t\t\t\t\t<ul class=\"elementor-icon-list-items\">\n\t\t\t\t\t\t\t<li class=\"elementor-icon-list-item\">\n\t\t\t\t\t\t\t\t\t\t\t<span class=\"elementor-icon-list-icon\">\n\t\t\t\t\t\t\t<svg aria-hidden=\"true\" class=\"e-font-icon-svg e-fas-check\" viewbox=\"0 0 512 512\" xmlns=\"http:\/\/www.w3.org\/2000\/svg\"><path d=\"M173.898 439.404l-166.4-166.4c-9.997-9.997-9.997-26.206 0-36.204l36.203-36.204c9.997-9.998 26.207-9.998 36.204 0L192 312.69 432.095 72.596c9.997-9.997 26.207-9.997 36.204 0l36.203 36.204c9.997 9.997 9.997 26.206 0 36.204l-294.4 294.401c-9.998 9.997-26.207 9.997-36.204-.001z\"><\/path><\/svg>\t\t\t\t\t\t<\/span>\n\t\t\t\t\t\t\t\t\t\t<span class=\"elementor-icon-list-text\">Felesleges munka kik\u00fcsz\u00f6b\u00f6l\u00e9se az ismeretszerz\u00e9s egyszer\u0171s\u00edt\u00e9s\u00e9vel.<\/span>\n\t\t\t\t\t\t\t\t\t<\/li>\n\t\t\t\t\t\t\t\t<li class=\"elementor-icon-list-item\">\n\t\t\t\t\t\t\t\t\t\t\t<span class=\"elementor-icon-list-icon\">\n\t\t\t\t\t\t\t<svg aria-hidden=\"true\" class=\"e-font-icon-svg e-fas-check\" viewbox=\"0 0 512 512\" xmlns=\"http:\/\/www.w3.org\/2000\/svg\"><path d=\"M173.898 439.404l-166.4-166.4c-9.997-9.997-9.997-26.206 0-36.204l36.203-36.204c9.997-9.998 26.207-9.998 36.204 0L192 312.69 432.095 72.596c9.997-9.997 26.207-9.997 36.204 0l36.203 36.204c9.997 9.997 9.997 26.206 0 36.204l-294.4 294.401c-9.998 9.997-26.207 9.997-36.204-.001z\"><\/path><\/svg>\t\t\t\t\t\t<\/span>\n\t\t\t\t\t\t\t\t\t\t<span class=\"elementor-icon-list-text\">Az egy\u00fcttm\u0171k\u00f6d\u00e9s er\u0151s\u00edt\u00e9se hat\u00e9kony, \u00e1tl\u00e1that\u00f3 kommunik\u00e1ci\u00f3val.<\/span>\n\t\t\t\t\t\t\t\t\t<\/li>\n\t\t\t\t\t\t<\/ul>\n\t\t\t\t\t\t<\/div>\n\t\t\t\t<\/div>\n\t\t\t\t<div class=\"elementor-element elementor-element-14037d0 elementor-widget__width-initial elementor-widget elementor-widget-text-editor\" data-id=\"14037d0\" data-element_type=\"widget\" data-settings=\"{&quot;ekit_we_effect_on&quot;:&quot;none&quot;}\" data-widget_type=\"text-editor.default\">\n\t\t\t\t<div class=\"elementor-widget-container\">\n\t\t\t\t\t\t\t\t\tAz inform\u00e1ci\u00f3s akad\u00e1lyok elt\u00e1vol\u00edt\u00e1s\u00e1val nemcsak a bizalomr\u00f3l besz\u00e9l\u00fcnk \u2013 hanem be\u00e9p\u00edtj\u00fck azt minden interakci\u00f3ba, \u00edgy er\u0151sebb kapcsolatok \u00e9s fenntarthat\u00f3 siker alapj\u00e1t teremtj\u00fck.\t\t\t\t\t\t\t\t<\/div>\n\t\t\t\t<\/div>\n\t\t\t\t<\/div>\n\t\t\t\t<\/div>\n\t\t\t\t\t<\/div>\n\t\t\t\t<\/div>\n\t\t<div class=\"elementor-element elementor-element-e9cc026 e-flex e-con-boxed e-con e-parent\" data-id=\"e9cc026\" data-element_type=\"container\" data-settings=\"{&quot;background_background&quot;:&quot;classic&quot;,&quot;ekit_has_onepagescroll_dot&quot;:&quot;yes&quot;}\">\n\t\t\t\t\t<div class=\"e-con-inner\">\n\t\t<div class=\"elementor-element elementor-element-e7dc99c e-con-full e-flex e-con e-child\" data-id=\"e7dc99c\" data-element_type=\"container\" data-settings=\"{&quot;ekit_has_onepagescroll_dot&quot;:&quot;yes&quot;}\">\n\t\t<div class=\"elementor-element elementor-element-33c459c e-con-full e-flex e-con e-child\" data-id=\"33c459c\" data-element_type=\"container\" data-settings=\"{&quot;ekit_has_onepagescroll_dot&quot;:&quot;yes&quot;}\">\n\t\t\t\t<div class=\"elementor-element elementor-element-204de90 elementor-view-default elementor-widget elementor-widget-icon\" data-id=\"204de90\" data-element_type=\"widget\" data-settings=\"{&quot;ekit_we_effect_on&quot;:&quot;none&quot;}\" data-widget_type=\"icon.default\">\n\t\t\t\t<div class=\"elementor-widget-container\">\n\t\t\t\t\t\t\t<div class=\"elementor-icon-wrapper\">\n\t\t\t<div class=\"elementor-icon\">\n\t\t\t<svg xmlns=\"http:\/\/www.w3.org\/2000\/svg\" id=\"_&#x56FE;&#x5C42;_2\" data-name=\"&#x56FE;&#x5C42; 2\" viewbox=\"0 0 111.69 167.53\"><defs><style>      .cls-1 {        fill: #fad8be;      }      .cls-1, .cls-2 {        stroke-width: 0px;      }      .cls-2 {        fill: #f47b25;      }    <\/style><\/defs><g id=\"_&#x56FE;&#x5C42;_1-2\" data-name=\"&#x56FE;&#x5C42; 1\"><g><circle class=\"cls-1\" cx=\"55.84\" cy=\"55.84\" r=\"55.84\"><\/circle><circle class=\"cls-2\" cx=\"55.84\" cy=\"111.69\" r=\"55.84\"><\/circle><\/g><\/g><\/svg>\t\t\t<\/div>\n\t\t<\/div>\n\t\t\t\t\t\t<\/div>\n\t\t\t\t<\/div>\n\t\t<div class=\"elementor-element elementor-element-da94fb9 e-con-full e-flex e-con e-child\" data-id=\"da94fb9\" data-element_type=\"container\" data-settings=\"{&quot;ekit_has_onepagescroll_dot&quot;:&quot;yes&quot;}\">\n\t\t\t\t<div class=\"elementor-element elementor-element-deab8e4 elementor-widget elementor-widget-heading\" data-id=\"deab8e4\" data-element_type=\"widget\" data-settings=\"{&quot;ekit_we_effect_on&quot;:&quot;none&quot;}\" data-widget_type=\"heading.default\">\n\t\t\t\t<div class=\"elementor-widget-container\">\n\t\t\t\t\t<h2 class=\"elementor-heading-title elementor-size-default\">Emberi jogok tisztelete \u00e9s v\u00e9delme<\/h2>\t\t\t\t<\/div>\n\t\t\t\t<\/div>\n\t\t\t\t<\/div>\n\t\t\t\t<\/div>\n\t\t\t\t<div class=\"elementor-element elementor-element-c90155b elementor-widget elementor-widget-text-editor\" data-id=\"c90155b\" data-element_type=\"widget\" data-settings=\"{&quot;ekit_we_effect_on&quot;:&quot;none&quot;}\" data-widget_type=\"text-editor.default\">\n\t\t\t\t<div class=\"elementor-widget-container\">\n\t\t\t\t\t\t\t\t\t<p>A NOVASTAR elk\u00f6telezett egy biztons\u00e1gos, soksz\u00edn\u0171 \u00e9s befogad\u00f3 munkahely kialak\u00edt\u00e1sa ir\u00e1nt, amely lehet\u0151v\u00e9 teszi glob\u00e1lis csapatunk sz\u00e1m\u00e1ra, hogy vir\u00e1gozzon. Olyan k\u00f6rnyezetet teremt\u00fcnk, ahol minden egy\u00e9n \u00e9rt\u00e9kesnek \u00e9rzi mag\u00e1t, b\u00e1tor\u00edtjuk az \u00f6tletek megoszt\u00e1s\u00e1t, \u00e9s \u00f6szt\u00f6n\u00f6zz\u00fck a konvenci\u00f3k kih\u00edv\u00e1s\u00e1t. Elk\u00f6telezetts\u00e9g\u00fcnk meger\u0151s\u00edti az egyenl\u0151 b\u00e1n\u00e1sm\u00f3d fontoss\u00e1g\u00e1t minden alkalmazott sz\u00e1m\u00e1ra, kort\u00f3l, fajt\u00f3l, nemzetis\u00e9gt\u0151l, nemi identit\u00e1st\u00f3l vagy szexu\u00e1lis orient\u00e1ci\u00f3t\u00f3l f\u00fcggetlen\u00fcl.<\/p><p>P\u00e9ld\u00e1ul, felismerve a nemek k\u00f6z\u00f6tti egyenl\u0151s\u00e9get mint alapvet\u0151 emberi jogot, akt\u00edvan t\u00e1mogatjuk a n\u0151k gazdas\u00e1gi meger\u0151s\u00edt\u00e9s\u00e9t \u00e9s az egyenl\u0151 lehet\u0151s\u00e9geket. A NOVASTAR-n\u00e1l fenntartjuk az egyenl\u0151 fizet\u00e9s elv\u00e9t azonos munk\u00e1\u00e9rt, \u00e9s zero-tolerancia politik\u00e1t alkalmazunk minden fizikai vagy szexu\u00e1lis zaklat\u00e1s ellen.<\/p>\t\t\t\t\t\t\t\t<\/div>\n\t\t\t\t<\/div>\n\t\t\t\t<\/div>\n\t\t<div class=\"elementor-element elementor-element-45676c6 e-con-full e-flex e-con e-child\" data-id=\"45676c6\" data-element_type=\"container\" data-settings=\"{&quot;ekit_has_onepagescroll_dot&quot;:&quot;yes&quot;}\">\n\t\t\t\t<div class=\"elementor-element elementor-element-1895703 elementor-widget elementor-widget-image\" data-id=\"1895703\" data-element_type=\"widget\" data-settings=\"{&quot;ekit_we_effect_on&quot;:&quot;none&quot;}\" data-widget_type=\"image.default\">\n\t\t\t\t<div class=\"elementor-widget-container\">\n\t\t\t\t\t\t\t\t\t\t\t\t\t\t\t<img decoding=\"async\" width=\"800\" height=\"504\" src=\"https:\/\/landuchem.com\/wp-content\/uploads\/2025\/04\/people-connected-by-a-network-business-structure-interaction-between-employees-or-community-members-1024x645.jpg\" class=\"attachment-large size-large wp-image-10185\" alt=\"Emberek h\u00e1l\u00f3zati \u00fczleti strukt\u00far\u00e1val \u00f6sszek\u00f6tve. Munkat\u00e1rsak vagy k\u00f6z\u00f6ss\u00e9gi tagok k\u00f6z\u00f6tti interakci\u00f3\" srcset=\"https:\/\/landuchem.com\/wp-content\/uploads\/2025\/04\/people-connected-by-a-network-business-structure-interaction-between-employees-or-community-members-1024x645.jpg 1024w, https:\/\/landuchem.com\/wp-content\/uploads\/2025\/04\/people-connected-by-a-network-business-structure-interaction-between-employees-or-community-members-300x189.jpg 300w, https:\/\/landuchem.com\/wp-content\/uploads\/2025\/04\/people-connected-by-a-network-business-structure-interaction-between-employees-or-community-members-768x484.jpg 768w, https:\/\/landuchem.com\/wp-content\/uploads\/2025\/04\/people-connected-by-a-network-business-structure-interaction-between-employees-or-community-members-1536x968.jpg 1536w, https:\/\/landuchem.com\/wp-content\/uploads\/2025\/04\/people-connected-by-a-network-business-structure-interaction-between-employees-or-community-members.jpg 2000w\" sizes=\"(max-width: 800px) 100vw, 800px\" \/>\t\t\t\t\t\t\t\t\t\t\t\t\t\t\t<\/div>\n\t\t\t\t<\/div>\n\t\t\t\t<\/div>\n\t\t\t\t\t<\/div>\n\t\t\t\t<\/div>\n\t\t\t\t<\/div>","protected":false},"excerpt":{"rendered":"<p>Corporate Ethics and Transparency NOVASTAR adheres to the principles of honesty, trustworthiness, and ethical operation, and is committed to enhancing operational transparency to win social trust. Honesty and Transparency: Towards Customers and Employees At NOVASTAR, we firmly believe that withholding information erodes trust, whether with customers or our team. That\u2019s why we prioritize full transparency [&hellip;]<\/p>","protected":false},"author":1,"featured_media":0,"parent":4745,"menu_order":0,"comment_status":"closed","ping_status":"closed","template":"elementor_header_footer","meta":{"footnotes":""},"class_list":["post-10308","page","type-page","status-publish","hentry"],"_links":{"self":[{"href":"https:\/\/landuchem.com\/hu\/wp-json\/wp\/v2\/pages\/10308","targetHints":{"allow":["GET"]}}],"collection":[{"href":"https:\/\/landuchem.com\/hu\/wp-json\/wp\/v2\/pages"}],"about":[{"href":"https:\/\/landuchem.com\/hu\/wp-json\/wp\/v2\/types\/page"}],"author":[{"embeddable":true,"href":"https:\/\/landuchem.com\/hu\/wp-json\/wp\/v2\/users\/1"}],"replies":[{"embeddable":true,"href":"https:\/\/landuchem.com\/hu\/wp-json\/wp\/v2\/comments?post=10308"}],"version-history":[{"count":18,"href":"https:\/\/landuchem.com\/hu\/wp-json\/wp\/v2\/pages\/10308\/revisions"}],"predecessor-version":[{"id":12978,"href":"https:\/\/landuchem.com\/hu\/wp-json\/wp\/v2\/pages\/10308\/revisions\/12978"}],"up":[{"embeddable":true,"href":"https:\/\/landuchem.com\/hu\/wp-json\/wp\/v2\/pages\/4745"}],"wp:attachment":[{"href":"https:\/\/landuchem.com\/hu\/wp-json\/wp\/v2\/media?parent=10308"}],"curies":[{"name":"wp","href":"https:\/\/api.w.org\/{rel}","templated":true}]}}