{"id":10136,"date":"2025-04-28T10:07:23","date_gmt":"2025-04-28T10:07:23","guid":{"rendered":"https:\/\/landuchem.com\/?page_id=10136"},"modified":"2025-08-27T02:10:01","modified_gmt":"2025-08-27T02:10:01","slug":"jolet-novelo-tarsadalom-es-gazdasag","status":"publish","type":"page","link":"https:\/\/landuchem.com\/hu\/fenntarthatosag\/jolet-novelo-tarsadalom-es-gazdasag\/","title":{"rendered":"J\u00f3l\u00e9t: T\u00e1rsadalom \u00e9s Gazdas\u00e1g Fejleszt\u00e9se"},"content":{"rendered":"<div data-elementor-type=\"wp-page\" data-elementor-id=\"10136\" class=\"elementor elementor-10136\" data-elementor-post-type=\"page\">\n\t\t\t\t\t\t<section class=\"elementor-section elementor-top-section elementor-element elementor-element-ee3f289 elementor-reverse-mobile elementor-section-boxed elementor-section-height-default elementor-section-height-default\" data-id=\"ee3f289\" data-element_type=\"section\" data-settings=\"{&quot;background_background&quot;:&quot;classic&quot;,&quot;ekit_has_onepagescroll_dot&quot;:&quot;yes&quot;}\">\n\t\t\t\t\t\t\t<div class=\"elementor-background-overlay\"><\/div>\n\t\t\t\t\t\t\t<div class=\"elementor-container elementor-column-gap-default\">\n\t\t\t\t\t<div class=\"elementor-column elementor-col-100 elementor-top-column elementor-element elementor-element-eb28f2f\" data-id=\"eb28f2f\" data-element_type=\"column\">\n\t\t\t<div class=\"elementor-widget-wrap elementor-element-populated\">\n\t\t\t\t\t\t<section class=\"elementor-section elementor-inner-section elementor-element elementor-element-848d030 elementor-section-content-middle elementor-section-boxed elementor-section-height-default elementor-section-height-default\" data-id=\"848d030\" data-element_type=\"section\" data-settings=\"{&quot;ekit_has_onepagescroll_dot&quot;:&quot;yes&quot;}\">\n\t\t\t\t\t\t<div class=\"elementor-container elementor-column-gap-default\">\n\t\t\t\t\t<div class=\"elementor-column elementor-col-100 elementor-inner-column elementor-element elementor-element-13769ef\" data-id=\"13769ef\" data-element_type=\"column\">\n\t\t\t<div class=\"elementor-widget-wrap elementor-element-populated\">\n\t\t\t\t\t\t\t<\/div>\n\t\t<\/div>\n\t\t\t\t\t<\/div>\n\t\t<\/section>\n\t\t\t\t\t<\/div>\n\t\t<\/div>\n\t\t\t\t\t<\/div>\n\t\t<\/section>\n\t\t<div class=\"elementor-element elementor-element-e22da7a e-flex e-con-boxed e-con e-parent\" data-id=\"e22da7a\" data-element_type=\"container\" data-settings=\"{&quot;background_background&quot;:&quot;classic&quot;,&quot;ekit_has_onepagescroll_dot&quot;:&quot;yes&quot;}\">\n\t\t\t\t\t<div class=\"e-con-inner\">\n\t\t<div class=\"elementor-element elementor-element-df462c4 e-grid e-con-full e-con e-child\" data-id=\"df462c4\" data-element_type=\"container\" data-settings=\"{&quot;ekit_has_onepagescroll_dot&quot;:&quot;yes&quot;}\">\n\t\t<div class=\"elementor-element elementor-element-e674372 e-con-full e-flex e-con e-child\" data-id=\"e674372\" data-element_type=\"container\" data-settings=\"{&quot;ekit_has_onepagescroll_dot&quot;:&quot;yes&quot;}\">\n\t\t\t\t<div class=\"elementor-element elementor-element-fa6598c elementor-widget elementor-widget-image\" data-id=\"fa6598c\" data-element_type=\"widget\" data-settings=\"{&quot;ekit_we_effect_on&quot;:&quot;none&quot;}\" data-widget_type=\"image.default\">\n\t\t\t\t<div class=\"elementor-widget-container\">\n\t\t\t\t\t\t\t\t\t\t\t\t\t\t\t<img fetchpriority=\"high\" decoding=\"async\" width=\"800\" height=\"533\" src=\"https:\/\/landuchem.com\/wp-content\/uploads\/2025\/04\/kids-playing-1024x682.jpg\" class=\"attachment-large size-large wp-image-10146\" alt=\"Gyerekek j\u00e1tszanak\" srcset=\"https:\/\/landuchem.com\/wp-content\/uploads\/2025\/04\/kids-playing-1024x682.jpg 1024w, https:\/\/landuchem.com\/wp-content\/uploads\/2025\/04\/kids-playing-300x200.jpg 300w, https:\/\/landuchem.com\/wp-content\/uploads\/2025\/04\/kids-playing-768x512.jpg 768w, https:\/\/landuchem.com\/wp-content\/uploads\/2025\/04\/kids-playing-1536x1024.jpg 1536w, https:\/\/landuchem.com\/wp-content\/uploads\/2025\/04\/kids-playing.jpg 2000w\" sizes=\"(max-width: 800px) 100vw, 800px\" \/>\t\t\t\t\t\t\t\t\t\t\t\t\t\t\t<\/div>\n\t\t\t\t<\/div>\n\t\t\t\t<div class=\"elementor-element elementor-element-3f23be0 elementor-widget elementor-widget-heading\" data-id=\"3f23be0\" data-element_type=\"widget\" data-settings=\"{&quot;ekit_we_effect_on&quot;:&quot;none&quot;}\" data-widget_type=\"heading.default\">\n\t\t\t\t<div class=\"elementor-widget-container\">\n\t\t\t\t\t<h2 class=\"elementor-heading-title elementor-size-default\">Oktat\u00e1sban Egy\u00fcttm\u0171k\u00f6d\u00e9s: Tud\u00e1s\u00e9rt Partners\u00e9g<\/h2>\t\t\t\t<\/div>\n\t\t\t\t<\/div>\n\t\t\t\t<div class=\"elementor-element elementor-element-9fc114b elementor-widget elementor-widget-text-editor\" data-id=\"9fc114b\" data-element_type=\"widget\" data-settings=\"{&quot;ekit_we_effect_on&quot;:&quot;none&quot;}\" data-widget_type=\"text-editor.default\">\n\t\t\t\t<div class=\"elementor-widget-container\">\n\t\t\t\t\t\t\t\t\tLANDU a j\u00f3l\u00e9tet az oktat\u00e1si partners\u00e9gek r\u00e9v\u00e9n hajtja el\u0151re: offline el\u0151ad\u00e1sok cs\u00f6kkentik az \u00fajrakezd\u00e9st 35%, online meta-t\u00e9r hidakat \u00e9p\u00edtenek az ipar-akad\u00e9mia innov\u00e1ci\u00f3j\u00e1hoz.\t\t\t\t\t\t\t\t<\/div>\n\t\t\t\t<\/div>\n\t\t\t\t<div class=\"elementor-element elementor-element-d040c4e elementor-widget elementor-widget-button\" data-id=\"d040c4e\" data-element_type=\"widget\" data-settings=\"{&quot;ekit_we_effect_on&quot;:&quot;none&quot;}\" data-widget_type=\"button.default\">\n\t\t\t\t<div class=\"elementor-widget-container\">\n\t\t\t\t\t\t\t\t\t<div class=\"elementor-button-wrapper\">\n\t\t\t\t\t<a class=\"elementor-button elementor-button-link elementor-size-sm\" href=\"https:\/\/landuchem.com\/hu\/fenntarthatosag\/jolet-novelo-tarsadalom-es-gazdasag\/egyuttmukodes-az-oktatasban-tudasert-valo-partnerseg\/\" target=\"_blank\">\n\t\t\t\t\t\t<span class=\"elementor-button-content-wrapper\">\n\t\t\t\t\t\t\t\t\t<span class=\"elementor-button-text\">T\u00f6bbet megtudni<\/span>\n\t\t\t\t\t<\/span>\n\t\t\t\t\t<\/a>\n\t\t\t\t<\/div>\n\t\t\t\t\t\t\t\t<\/div>\n\t\t\t\t<\/div>\n\t\t\t\t<\/div>\n\t\t<div class=\"elementor-element elementor-element-17111b8 e-con-full e-flex e-con e-child\" data-id=\"17111b8\" data-element_type=\"container\" data-settings=\"{&quot;ekit_has_onepagescroll_dot&quot;:&quot;yes&quot;}\">\n\t\t\t\t<div class=\"elementor-element elementor-element-011e6e8 elementor-widget elementor-widget-image\" data-id=\"011e6e8\" data-element_type=\"widget\" data-settings=\"{&quot;ekit_we_effect_on&quot;:&quot;none&quot;}\" data-widget_type=\"image.default\">\n\t\t\t\t<div class=\"elementor-widget-container\">\n\t\t\t\t\t\t\t\t\t\t\t\t\t\t\t<img decoding=\"async\" width=\"800\" height=\"535\" src=\"https:\/\/landuchem.com\/wp-content\/uploads\/2025\/04\/leader-influencer-role-model-followers-concept--1024x685.jpg\" class=\"attachment-large size-large wp-image-10147\" alt=\"Vezet\u0151, befoly\u00e1sol\u00f3, p\u00e9ldak\u00e9p, k\u00f6vet\u0151k fogalma.\" srcset=\"https:\/\/landuchem.com\/wp-content\/uploads\/2025\/04\/leader-influencer-role-model-followers-concept--1024x685.jpg 1024w, https:\/\/landuchem.com\/wp-content\/uploads\/2025\/04\/leader-influencer-role-model-followers-concept--300x201.jpg 300w, https:\/\/landuchem.com\/wp-content\/uploads\/2025\/04\/leader-influencer-role-model-followers-concept--768x513.jpg 768w, https:\/\/landuchem.com\/wp-content\/uploads\/2025\/04\/leader-influencer-role-model-followers-concept--1536x1027.jpg 1536w, https:\/\/landuchem.com\/wp-content\/uploads\/2025\/04\/leader-influencer-role-model-followers-concept-.jpg 2000w\" sizes=\"(max-width: 800px) 100vw, 800px\" \/>\t\t\t\t\t\t\t\t\t\t\t\t\t\t\t<\/div>\n\t\t\t\t<\/div>\n\t\t\t\t<div class=\"elementor-element elementor-element-725bc0c elementor-widget elementor-widget-heading\" data-id=\"725bc0c\" data-element_type=\"widget\" data-settings=\"{&quot;ekit_we_effect_on&quot;:&quot;none&quot;}\" data-widget_type=\"heading.default\">\n\t\t\t\t<div class=\"elementor-widget-container\">\n\t\t\t\t\t<h2 class=\"elementor-heading-title elementor-size-default\">Munkahelyek \u00e9s Gazdas\u00e1gi Hat\u00e1sok<\/h2>\t\t\t\t<\/div>\n\t\t\t\t<\/div>\n\t\t\t\t<div class=\"elementor-element elementor-element-f6d18b0 elementor-widget elementor-widget-text-editor\" data-id=\"f6d18b0\" data-element_type=\"widget\" data-settings=\"{&quot;ekit_we_effect_on&quot;:&quot;none&quot;}\" data-widget_type=\"text-editor.default\">\n\t\t\t\t<div class=\"elementor-widget-container\">\n\t\t\t\t\t\t\t\t\tA LANDU Helyi Foglalkoztat\u00e1si \u00e9s K\u00e9szs\u00e9gfejleszt\u00e9si Programja a munkaer\u0151hi\u00e1nyt, az \u00f6reged\u0151 n\u00e9pess\u00e9get \u00e9s a region\u00e1lis r\u00e9sek kezel\u00e9s\u00e9t c\u00e9lozza meg c\u00e9lzott k\u00e9pz\u00e9sekkel \u00e9s ipari fejleszt\u00e9sekkel.\t\t\t\t\t\t\t\t<\/div>\n\t\t\t\t<\/div>\n\t\t\t\t<div class=\"elementor-element elementor-element-93bcf42 elementor-widget elementor-widget-button\" data-id=\"93bcf42\" data-element_type=\"widget\" data-settings=\"{&quot;ekit_we_effect_on&quot;:&quot;none&quot;}\" data-widget_type=\"button.default\">\n\t\t\t\t<div class=\"elementor-widget-container\">\n\t\t\t\t\t\t\t\t\t<div class=\"elementor-button-wrapper\">\n\t\t\t\t\t<a class=\"elementor-button elementor-button-link elementor-size-sm\" href=\"https:\/\/landuchem.com\/hu\/fenntarthatosag\/jolet-novelo-tarsadalom-es-gazdasag\/allasok-es-gazdasagi-hullamhatasok\/\" target=\"_blank\">\n\t\t\t\t\t\t<span class=\"elementor-button-content-wrapper\">\n\t\t\t\t\t\t\t\t\t<span class=\"elementor-button-text\">T\u00f6bbet megtudni<\/span>\n\t\t\t\t\t<\/span>\n\t\t\t\t\t<\/a>\n\t\t\t\t<\/div>\n\t\t\t\t\t\t\t\t<\/div>\n\t\t\t\t<\/div>\n\t\t\t\t<\/div>\n\t\t<div class=\"elementor-element elementor-element-0356a07 e-con-full e-flex e-con e-child\" data-id=\"0356a07\" data-element_type=\"container\" data-settings=\"{&quot;ekit_has_onepagescroll_dot&quot;:&quot;yes&quot;}\">\n\t\t\t\t<div class=\"elementor-element elementor-element-8799a05 elementor-widget elementor-widget-image\" data-id=\"8799a05\" data-element_type=\"widget\" data-settings=\"{&quot;ekit_we_effect_on&quot;:&quot;none&quot;}\" data-widget_type=\"image.default\">\n\t\t\t\t<div class=\"elementor-widget-container\">\n\t\t\t\t\t\t\t\t\t\t\t\t\t\t\t<img decoding=\"async\" width=\"800\" height=\"533\" src=\"https:\/\/landuchem.com\/wp-content\/uploads\/2025\/04\/support-young-asian-businessman-shaking-hands-with-partner-after-completion-and-successful-financia-1024x682.jpg\" class=\"attachment-large size-large wp-image-10148\" alt=\"T\u00e1mogat\u00e1s, fiatal \u00e1zsiai \u00fczletember kezet fog partner\u00e9vel a befejez\u00e9s \u00e9s a sikeres p\u00e9nz\u00fcgyi z\u00e1r\u00e1s ut\u00e1n\" srcset=\"https:\/\/landuchem.com\/wp-content\/uploads\/2025\/04\/support-young-asian-businessman-shaking-hands-with-partner-after-completion-and-successful-financia-1024x682.jpg 1024w, https:\/\/landuchem.com\/wp-content\/uploads\/2025\/04\/support-young-asian-businessman-shaking-hands-with-partner-after-completion-and-successful-financia-300x200.jpg 300w, https:\/\/landuchem.com\/wp-content\/uploads\/2025\/04\/support-young-asian-businessman-shaking-hands-with-partner-after-completion-and-successful-financia-768x512.jpg 768w, https:\/\/landuchem.com\/wp-content\/uploads\/2025\/04\/support-young-asian-businessman-shaking-hands-with-partner-after-completion-and-successful-financia-1536x1024.jpg 1536w, https:\/\/landuchem.com\/wp-content\/uploads\/2025\/04\/support-young-asian-businessman-shaking-hands-with-partner-after-completion-and-successful-financia.jpg 2000w\" sizes=\"(max-width: 800px) 100vw, 800px\" \/>\t\t\t\t\t\t\t\t\t\t\t\t\t\t\t<\/div>\n\t\t\t\t<\/div>\n\t\t\t\t<div class=\"elementor-element elementor-element-65b9b1c elementor-widget elementor-widget-heading\" data-id=\"65b9b1c\" data-element_type=\"widget\" data-settings=\"{&quot;ekit_we_effect_on&quot;:&quot;none&quot;}\" data-widget_type=\"heading.default\">\n\t\t\t\t<div class=\"elementor-widget-container\">\n\t\t\t\t\t<h2 class=\"elementor-heading-title elementor-size-default\">Szponzor\u00e1ci\u00f3: T\u00e1mogat\u00e1s \u00e9s Partners\u00e9g<\/h2>\t\t\t\t<\/div>\n\t\t\t\t<\/div>\n\t\t\t\t<div class=\"elementor-element elementor-element-285a4b9 elementor-widget elementor-widget-text-editor\" data-id=\"285a4b9\" data-element_type=\"widget\" data-settings=\"{&quot;ekit_we_effect_on&quot;:&quot;none&quot;}\" data-widget_type=\"text-editor.default\">\n\t\t\t\t<div class=\"elementor-widget-container\">\n\t\t\t\t\t\t\t\t\tLANDU a j\u00f3l\u00e9tet alacsony sz\u00e9n-dioxid-kibocs\u00e1t\u00e1s\u00fa technol\u00f3gi\u00e1k, vid\u00e9ki ellen\u00e1ll\u00f3k\u00e9pess\u00e9gi programok \u00e9s z\u00f6ld k\u00e9mia k\u00e9pz\u00e9sek r\u00e9v\u00e9n hajtja el\u0151re a fenntarthat\u00f3 fejl\u0151d\u00e9st.\t\t\t\t\t\t\t\t<\/div>\n\t\t\t\t<\/div>\n\t\t\t\t<div class=\"elementor-element elementor-element-4d3f660 elementor-widget elementor-widget-button\" data-id=\"4d3f660\" data-element_type=\"widget\" data-settings=\"{&quot;ekit_we_effect_on&quot;:&quot;none&quot;}\" data-widget_type=\"button.default\">\n\t\t\t\t<div class=\"elementor-widget-container\">\n\t\t\t\t\t\t\t\t\t<div class=\"elementor-button-wrapper\">\n\t\t\t\t\t<a class=\"elementor-button elementor-button-link elementor-size-sm\" href=\"https:\/\/landuchem.com\/hu\/fenntarthatosag\/jolet-novelo-tarsadalom-es-gazdasag\/szponzoracio-tamogatas-es-partnerseg\/\" target=\"_blank\">\n\t\t\t\t\t\t<span class=\"elementor-button-content-wrapper\">\n\t\t\t\t\t\t\t\t\t<span class=\"elementor-button-text\">T\u00f6bbet megtudni<\/span>\n\t\t\t\t\t<\/span>\n\t\t\t\t\t<\/a>\n\t\t\t\t<\/div>\n\t\t\t\t\t\t\t\t<\/div>\n\t\t\t\t<\/div>\n\t\t\t\t<\/div>\n\t\t\t\t<\/div>\n\t\t\t\t\t<\/div>\n\t\t\t\t<\/div>\n\t\t\t\t<\/div>","protected":false},"excerpt":{"rendered":"<p>Collaborate on Education: Partnering for Knowledge LANDU drives prosperity through education partnerships: offline lectures cut rework 35%, online meta-space bridges industry-academia innovation. Learn more Jobs and Economic Ripple Effects LANDU&#8217;s Local Employment and Skill Development Program tackles workforce shortages, aging populations, and regional gaps through targeted training and industrial upgrades. Learn more Sponsorship: Supporting and [&hellip;]<\/p>","protected":false},"author":1,"featured_media":0,"parent":496,"menu_order":0,"comment_status":"closed","ping_status":"closed","template":"elementor_header_footer","meta":{"footnotes":""},"class_list":["post-10136","page","type-page","status-publish","hentry"],"_links":{"self":[{"href":"https:\/\/landuchem.com\/hu\/wp-json\/wp\/v2\/pages\/10136","targetHints":{"allow":["GET"]}}],"collection":[{"href":"https:\/\/landuchem.com\/hu\/wp-json\/wp\/v2\/pages"}],"about":[{"href":"https:\/\/landuchem.com\/hu\/wp-json\/wp\/v2\/types\/page"}],"author":[{"embeddable":true,"href":"https:\/\/landuchem.com\/hu\/wp-json\/wp\/v2\/users\/1"}],"replies":[{"embeddable":true,"href":"https:\/\/landuchem.com\/hu\/wp-json\/wp\/v2\/comments?post=10136"}],"version-history":[{"count":14,"href":"https:\/\/landuchem.com\/hu\/wp-json\/wp\/v2\/pages\/10136\/revisions"}],"predecessor-version":[{"id":13004,"href":"https:\/\/landuchem.com\/hu\/wp-json\/wp\/v2\/pages\/10136\/revisions\/13004"}],"up":[{"embeddable":true,"href":"https:\/\/landuchem.com\/hu\/wp-json\/wp\/v2\/pages\/496"}],"wp:attachment":[{"href":"https:\/\/landuchem.com\/hu\/wp-json\/wp\/v2\/media?parent=10136"}],"curies":[{"name":"wp","href":"https:\/\/api.w.org\/{rel}","templated":true}]}}