{"id":5143,"date":"2025-04-22T09:21:12","date_gmt":"2025-04-22T09:21:12","guid":{"rendered":"https:\/\/landuchem.com\/?page_id=5143"},"modified":"2025-08-27T03:05:08","modified_gmt":"2025-08-27T03:05:08","slug":"globaaleja-haasteita-ja-kestavia-ratkaisuja","status":"publish","type":"page","link":"https:\/\/landuchem.com\/fi\/kestavyys\/planeettamme-sitoutuminen-kestavaan-elamaan\/globaaleja-haasteita-ja-kestavia-ratkaisuja\/","title":{"rendered":"Globaaleja haasteita ja kest\u00e4vi\u00e4 ratkaisuja"},"content":{"rendered":"<div data-elementor-type=\"wp-page\" data-elementor-id=\"5143\" class=\"elementor elementor-5143\" data-elementor-post-type=\"page\">\n\t\t\t\t<div class=\"elementor-element elementor-element-4f03674 e-flex e-con-boxed e-con e-parent\" data-id=\"4f03674\" data-element_type=\"container\" data-settings=\"{&quot;background_background&quot;:&quot;classic&quot;,&quot;ekit_has_onepagescroll_dot&quot;:&quot;yes&quot;}\">\n\t\t\t\t\t<div class=\"e-con-inner\">\n\t\t\t\t\t<\/div>\n\t\t\t\t<\/div>\n\t\t<div class=\"elementor-element elementor-element-6df1b60 e-flex e-con-boxed e-con e-parent\" data-id=\"6df1b60\" data-element_type=\"container\" data-settings=\"{&quot;ekit_has_onepagescroll_dot&quot;:&quot;yes&quot;}\">\n\t\t\t\t\t<div class=\"e-con-inner\">\n\t\t<div class=\"elementor-element elementor-element-c51a482 e-con-full e-flex e-con e-child\" data-id=\"c51a482\" data-element_type=\"container\" data-settings=\"{&quot;ekit_has_onepagescroll_dot&quot;:&quot;yes&quot;}\">\n\t\t<div class=\"elementor-element elementor-element-5e3bead e-con-full e-flex e-con e-child\" data-id=\"5e3bead\" data-element_type=\"container\" data-settings=\"{&quot;ekit_has_onepagescroll_dot&quot;:&quot;yes&quot;}\">\n\t\t\t\t<div class=\"elementor-element elementor-element-7936fad elementor-view-default elementor-widget elementor-widget-icon\" data-id=\"7936fad\" data-element_type=\"widget\" data-settings=\"{&quot;ekit_we_effect_on&quot;:&quot;none&quot;}\" data-widget_type=\"icon.default\">\n\t\t\t\t<div class=\"elementor-widget-container\">\n\t\t\t\t\t\t\t<div class=\"elementor-icon-wrapper\">\n\t\t\t<div class=\"elementor-icon\">\n\t\t\t<svg xmlns=\"http:\/\/www.w3.org\/2000\/svg\" id=\"_&#x56FE;&#x5C42;_2\" data-name=\"&#x56FE;&#x5C42; 2\" viewbox=\"0 0 111.69 167.53\"><defs><style>      .cls-1 {        fill: #fad8be;      }      .cls-1, .cls-2 {        stroke-width: 0px;      }      .cls-2 {        fill: #f47b25;      }    <\/style><\/defs><g id=\"_&#x56FE;&#x5C42;_1-2\" data-name=\"&#x56FE;&#x5C42; 1\"><g><circle class=\"cls-1\" cx=\"55.84\" cy=\"55.84\" r=\"55.84\"><\/circle><circle class=\"cls-2\" cx=\"55.84\" cy=\"111.69\" r=\"55.84\"><\/circle><\/g><\/g><\/svg>\t\t\t<\/div>\n\t\t<\/div>\n\t\t\t\t\t\t<\/div>\n\t\t\t\t<\/div>\n\t\t<div class=\"elementor-element elementor-element-2131a80 e-con-full e-flex e-con e-child\" data-id=\"2131a80\" data-element_type=\"container\" data-settings=\"{&quot;ekit_has_onepagescroll_dot&quot;:&quot;yes&quot;}\">\n\t\t\t\t<div class=\"elementor-element elementor-element-7589b6d elementor-widget elementor-widget-heading\" data-id=\"7589b6d\" data-element_type=\"widget\" data-settings=\"{&quot;ekit_we_effect_on&quot;:&quot;none&quot;}\" data-widget_type=\"heading.default\">\n\t\t\t\t<div class=\"elementor-widget-container\">\n\t\t\t\t\t<h2 class=\"elementor-heading-title elementor-size-default\">Kest\u00e4vill\u00e4 ratkaisuilla globaaleihin haasteisiin<\/h2>\t\t\t\t<\/div>\n\t\t\t\t<\/div>\n\t\t\t\t<\/div>\n\t\t\t\t<\/div>\n\t\t\t\t<div class=\"elementor-element elementor-element-bf97e5e elementor-widget elementor-widget-text-editor\" data-id=\"bf97e5e\" data-element_type=\"widget\" data-settings=\"{&quot;ekit_we_effect_on&quot;:&quot;none&quot;}\" data-widget_type=\"text-editor.default\">\n\t\t\t\t<div class=\"elementor-widget-container\">\n\t\t\t\t\t\t\t\t\t<p>EPA:n vuoden 2020 AirToxScreen-tietojen mukaan noin 320 miljoonaa ihmist\u00e4 k\u00e4rsii elinik\u00e4isest\u00e4 sy\u00f6p\u00e4riskist\u00e4 ulkoilman formaldehydialtistuksesta. T\u00e4m\u00e4 ei ole ainoa ongelma, jonka kanssa kamppailemme. Globaalit haasteet, kuten l\u00e4mp\u00f6tilan nousu, vedenlaatuongelmat ja happamoituminen, uhkaavat yh\u00e4 enemm\u00e4n. Siksi LANDU kantaa vastuunsa tarjota kest\u00e4vi\u00e4 ratkaisuja, jotka voivat tehd\u00e4 eron.<\/p>\t\t\t\t\t\t\t\t<\/div>\n\t\t\t\t<\/div>\n\t\t\t\t<div class=\"elementor-element elementor-element-b6d9cce elementor-widget elementor-widget-heading\" data-id=\"b6d9cce\" data-element_type=\"widget\" data-settings=\"{&quot;ekit_we_effect_on&quot;:&quot;none&quot;}\" data-widget_type=\"heading.default\">\n\t\t\t\t<div class=\"elementor-widget-container\">\n\t\t\t\t\t<h2 class=\"elementor-heading-title elementor-size-default\">LANDU NOVASTARin sitoutuminen ymp\u00e4rist\u00f6nsuojeluun <\/h2>\t\t\t\t<\/div>\n\t\t\t\t<\/div>\n\t\t\t\t<div class=\"elementor-element elementor-element-0f3da64 elementor-widget elementor-widget-text-editor\" data-id=\"0f3da64\" data-element_type=\"widget\" data-settings=\"{&quot;ekit_we_effect_on&quot;:&quot;none&quot;}\" data-widget_type=\"text-editor.default\">\n\t\t\t\t<div class=\"elementor-widget-container\">\n\t\t\t\t\t\t\t\t\t<p>\u201cAiempi ty\u00f6mme osoitti, ett\u00e4 betonin suorituskyky\u00e4 voi dramaattisesti parantaa lis\u00e4\u00e4m\u00e4ll\u00e4 vain 0,01 \u2013 0,1 prosenttia NOVASTAR Polykarboksylaattia superplastisoijaa\u201d, sanoi LANDU:n teknologiajohtaja herra Sun, joka johtaa kest\u00e4vien ratkaisujen tutkimus- ja kehitysty\u00f6t\u00e4. T\u00e4m\u00e4 on esimerkki todellisista muutoksista, ja t\u00e4m\u00e4 optimointi tuo mukanaan monia etuja, mukaan lukien formaldehydivapaa rakenne.<\/p>\t\t\t\t\t\t\t\t<\/div>\n\t\t\t\t<\/div>\n\t\t\t\t<\/div>\n\t\t<div class=\"elementor-element elementor-element-7a593ba e-con-full e-flex e-con e-child\" data-id=\"7a593ba\" data-element_type=\"container\" data-settings=\"{&quot;ekit_has_onepagescroll_dot&quot;:&quot;yes&quot;}\">\n\t\t\t\t<div class=\"elementor-element elementor-element-27a574f elementor-widget elementor-widget-image\" data-id=\"27a574f\" data-element_type=\"widget\" data-settings=\"{&quot;ekit_we_effect_on&quot;:&quot;none&quot;}\" data-widget_type=\"image.default\">\n\t\t\t\t<div class=\"elementor-widget-container\">\n\t\t\t\t\t\t\t\t\t\t\t\t\t\t\t<img fetchpriority=\"high\" decoding=\"async\" width=\"800\" height=\"533\" src=\"https:\/\/landuchem.com\/wp-content\/uploads\/2025\/04\/coal-power-plant-high-pipes-emitting-black-poisonous-smoke-moving-upwards-1024x682.jpg\" class=\"attachment-large size-large wp-image-5235\" alt=\"Hiilivoimalan korkeat savupiiput, jotka p\u00e4\u00e4st\u00e4v\u00e4t mustaa myrkyllist\u00e4 savua yl\u00f6sp\u00e4in\" srcset=\"https:\/\/landuchem.com\/wp-content\/uploads\/2025\/04\/coal-power-plant-high-pipes-emitting-black-poisonous-smoke-moving-upwards-1024x682.jpg 1024w, https:\/\/landuchem.com\/wp-content\/uploads\/2025\/04\/coal-power-plant-high-pipes-emitting-black-poisonous-smoke-moving-upwards-300x200.jpg 300w, https:\/\/landuchem.com\/wp-content\/uploads\/2025\/04\/coal-power-plant-high-pipes-emitting-black-poisonous-smoke-moving-upwards-768x512.jpg 768w, https:\/\/landuchem.com\/wp-content\/uploads\/2025\/04\/coal-power-plant-high-pipes-emitting-black-poisonous-smoke-moving-upwards-1536x1024.jpg 1536w, https:\/\/landuchem.com\/wp-content\/uploads\/2025\/04\/coal-power-plant-high-pipes-emitting-black-poisonous-smoke-moving-upwards.jpg 2000w\" sizes=\"(max-width: 800px) 100vw, 800px\" \/>\t\t\t\t\t\t\t\t\t\t\t\t\t\t\t<\/div>\n\t\t\t\t<\/div>\n\t\t\t\t<\/div>\n\t\t\t\t\t<\/div>\n\t\t\t\t<\/div>\n\t\t<div class=\"elementor-element elementor-element-62d5ac7 e-flex e-con-boxed e-con e-parent\" data-id=\"62d5ac7\" data-element_type=\"container\" data-settings=\"{&quot;ekit_has_onepagescroll_dot&quot;:&quot;yes&quot;}\">\n\t\t\t\t\t<div class=\"e-con-inner\">\n\t\t<div class=\"elementor-element elementor-element-225ac59 e-con-full e-flex e-con e-child\" data-id=\"225ac59\" data-element_type=\"container\" data-settings=\"{&quot;background_background&quot;:&quot;classic&quot;,&quot;ekit_has_onepagescroll_dot&quot;:&quot;yes&quot;}\">\n\t\t<div class=\"elementor-element elementor-element-4de87ac e-con-full e-flex e-con e-child\" data-id=\"4de87ac\" data-element_type=\"container\" data-settings=\"{&quot;ekit_has_onepagescroll_dot&quot;:&quot;yes&quot;}\">\n\t\t\t\t<div class=\"elementor-element elementor-element-5a452d8 elementor-widget elementor-widget-image\" data-id=\"5a452d8\" data-element_type=\"widget\" data-settings=\"{&quot;ekit_we_effect_on&quot;:&quot;none&quot;}\" data-widget_type=\"image.default\">\n\t\t\t\t<div class=\"elementor-widget-container\">\n\t\t\t\t\t\t\t\t\t\t\t\t\t\t\t<img decoding=\"async\" width=\"800\" height=\"533\" src=\"https:\/\/landuchem.com\/wp-content\/uploads\/2025\/04\/Innovative-Solution-Non-Surface-Treated-1024x682.jpg\" class=\"attachment-large size-large wp-image-6415\" alt=\"Innovatiivinen-ratkaisu-Ei-Pintak\u00e4sitelty\" srcset=\"https:\/\/landuchem.com\/wp-content\/uploads\/2025\/04\/Innovative-Solution-Non-Surface-Treated-1024x682.jpg 1024w, https:\/\/landuchem.com\/wp-content\/uploads\/2025\/04\/Innovative-Solution-Non-Surface-Treated-300x200.jpg 300w, https:\/\/landuchem.com\/wp-content\/uploads\/2025\/04\/Innovative-Solution-Non-Surface-Treated-768x512.jpg 768w, https:\/\/landuchem.com\/wp-content\/uploads\/2025\/04\/Innovative-Solution-Non-Surface-Treated.jpg 1400w\" sizes=\"(max-width: 800px) 100vw, 800px\" \/>\t\t\t\t\t\t\t\t\t\t\t\t\t\t\t<\/div>\n\t\t\t\t<\/div>\n\t\t\t\t<\/div>\n\t\t<div class=\"elementor-element elementor-element-283f9c0 e-con-full e-flex e-con e-child\" data-id=\"283f9c0\" data-element_type=\"container\" data-settings=\"{&quot;ekit_has_onepagescroll_dot&quot;:&quot;yes&quot;}\">\n\t\t\t\t<div class=\"elementor-element elementor-element-426973a elementor-widget-mobile__width-initial elementor-widget elementor-widget-text-editor\" data-id=\"426973a\" data-element_type=\"widget\" data-settings=\"{&quot;ekit_we_effect_on&quot;:&quot;none&quot;}\" data-widget_type=\"text-editor.default\">\n\t\t\t\t<div class=\"elementor-widget-container\">\n\t\t\t\t\t\t\t\t\t<p>NOVASTARin kemian ja ymp\u00e4rist\u00f6tieteen asiantuntijatiimi ty\u00f6skentelee yhdess\u00e4 suunnitellakseen, synnytt\u00e4\u00e4kseen ja testatakseen parhaat ehdokkaat tehokkaasti parantaakseen rakennusmateriaalien, kuten kuivasekoituslaastin ja laattojen liiman, suorituskyky\u00e4 ilman saastumista ja ymp\u00e4rist\u00f6kuormitusta. Lis\u00e4ksi LANDU suoritti myrkyllisyys- ja biokorjattavuustestit ymp\u00e4rist\u00f6myrkyllisyystestilaboratoriossamme arvioidakseen lis\u00e4aineiden ymp\u00e4rist\u00f6vaikutuksia.<\/p><div data-page-id=\"FDBjdBSK0o1BaAx0VMAc12Pwnjb\" data-lark-html-role=\"root\" data-docx-has-block-data=\"false\"><div class=\"ace-line ace-line old-record-id-AIo9diD9joC0EIxPkz8cEPhQngf\">Etsien vihre\u00e4\u00e4 kemiaa koko matkan ajan, LANDU lupaa yhdist\u00e4\u00e4 materiaalitieteilij\u00f6iden ja ymp\u00e4rist\u00f6tieteilij\u00f6iden kyvyn l\u00f6yt\u00e4\u00e4 kest\u00e4vi\u00e4 ratkaisuja yhteisty\u00f6ss\u00e4 ja tuottavalla tavalla.<\/div><\/div>\t\t\t\t\t\t\t\t<\/div>\n\t\t\t\t<\/div>\n\t\t\t\t<\/div>\n\t\t\t\t<\/div>\n\t\t\t\t\t<\/div>\n\t\t\t\t<\/div>\n\t\t\t\t<\/div>","protected":false},"excerpt":{"rendered":"<p>Addressing Global Challenges with Sustainable Solutions According to EPA&#8217;s 2020 AirToxScreen data, some 320 million people suffer from a lifetime cancer risk from outdoor exposure to formaldehyde. This is not the only problem we are facing. Global challenges, including rising temperatures, water quality issues, and acidification, are increasingly threatening. Therefore, LANDU shoulders the responsibility to [&hellip;]<\/p>","protected":false},"author":1,"featured_media":0,"parent":4553,"menu_order":0,"comment_status":"closed","ping_status":"closed","template":"elementor_header_footer","meta":{"footnotes":""},"class_list":["post-5143","page","type-page","status-publish","hentry"],"_links":{"self":[{"href":"https:\/\/landuchem.com\/fi\/wp-json\/wp\/v2\/pages\/5143","targetHints":{"allow":["GET"]}}],"collection":[{"href":"https:\/\/landuchem.com\/fi\/wp-json\/wp\/v2\/pages"}],"about":[{"href":"https:\/\/landuchem.com\/fi\/wp-json\/wp\/v2\/types\/page"}],"author":[{"embeddable":true,"href":"https:\/\/landuchem.com\/fi\/wp-json\/wp\/v2\/users\/1"}],"replies":[{"embeddable":true,"href":"https:\/\/landuchem.com\/fi\/wp-json\/wp\/v2\/comments?post=5143"}],"version-history":[{"count":26,"href":"https:\/\/landuchem.com\/fi\/wp-json\/wp\/v2\/pages\/5143\/revisions"}],"predecessor-version":[{"id":13061,"href":"https:\/\/landuchem.com\/fi\/wp-json\/wp\/v2\/pages\/5143\/revisions\/13061"}],"up":[{"embeddable":true,"href":"https:\/\/landuchem.com\/fi\/wp-json\/wp\/v2\/pages\/4553"}],"wp:attachment":[{"href":"https:\/\/landuchem.com\/fi\/wp-json\/wp\/v2\/media?parent=5143"}],"curies":[{"name":"wp","href":"https:\/\/api.w.org\/{rel}","templated":true}]}}