{"id":5261,"date":"2025-04-22T10:20:08","date_gmt":"2025-04-22T10:20:08","guid":{"rendered":"https:\/\/landuchem.com\/?page_id=5261"},"modified":"2025-08-27T02:50:36","modified_gmt":"2025-08-27T02:50:36","slug":"tooted-millel-on-toestatud-madal-keskkonnamoju","status":"publish","type":"page","link":"https:\/\/landuchem.com\/et\/jatkusuutlikkus\/planeet-meie-puhendumus-jatkusuutlikule-elule\/tooted-millel-on-toestatud-madal-keskkonnamoju\/","title":{"rendered":"Tooted, millel on t\u00f5estatud madal keskkonnam\u00f5ju"},"content":{"rendered":"<div data-elementor-type=\"wp-page\" data-elementor-id=\"5261\" class=\"elementor elementor-5261\" data-elementor-post-type=\"page\">\n\t\t\t\t<div class=\"elementor-element elementor-element-4f03674 e-flex e-con-boxed e-con e-parent\" data-id=\"4f03674\" data-element_type=\"container\" data-settings=\"{&quot;background_background&quot;:&quot;classic&quot;,&quot;ekit_has_onepagescroll_dot&quot;:&quot;yes&quot;}\">\n\t\t\t\t\t<div class=\"e-con-inner\">\n\t\t\t\t\t<\/div>\n\t\t\t\t<\/div>\n\t\t<div class=\"elementor-element elementor-element-81264fc e-flex e-con-boxed e-con e-parent\" data-id=\"81264fc\" data-element_type=\"container\" data-settings=\"{&quot;background_background&quot;:&quot;classic&quot;,&quot;ekit_has_onepagescroll_dot&quot;:&quot;yes&quot;}\">\n\t\t\t\t\t<div class=\"e-con-inner\">\n\t\t\t\t<div class=\"elementor-element elementor-element-0977cad elementor-widget elementor-widget-heading\" data-id=\"0977cad\" data-element_type=\"widget\" data-settings=\"{&quot;ekit_we_effect_on&quot;:&quot;none&quot;}\" data-widget_type=\"heading.default\">\n\t\t\t\t<div class=\"elementor-widget-container\">\n\t\t\t\t\t<h2 class=\"elementor-heading-title elementor-size-default\">Keskkonnas\u00f5bralikud lisandid minimaalse keskkonnam\u00f5juga<\/h2>\t\t\t\t<\/div>\n\t\t\t\t<\/div>\n\t\t\t\t<div class=\"elementor-element elementor-element-247cd03 elementor-widget__width-initial elementor-widget-mobile__width-initial elementor-widget elementor-widget-text-editor\" data-id=\"247cd03\" data-element_type=\"widget\" data-settings=\"{&quot;ekit_we_effect_on&quot;:&quot;none&quot;}\" data-widget_type=\"text-editor.default\">\n\t\t\t\t<div class=\"elementor-widget-container\">\n\t\t\t\t\t\t\t\t\tAjastul, kus keskkonnateadlikkus on t\u00f6\u00f6stuse arutelude esirinnas, seisab keemiliste lisandite tootmise sektor silmitsi kasvava kontrolliga. LANDU NOVASTARi keskkonnas\u00f5bralikud lisandid on t\u00f5usev t\u00e4ht t\u00e4nu oma biolagunevale olemusele, mis ei p\u00f5hjusta reostust, pakkudes lootuskiirt minimaalsele keskkonnam\u00f5jule.\t\t\t\t\t\t\t\t<\/div>\n\t\t\t\t<\/div>\n\t\t\t\t\t<\/div>\n\t\t\t\t<\/div>\n\t\t<div class=\"elementor-element elementor-element-d73a14d e-flex e-con-boxed e-con e-child\" data-id=\"d73a14d\" data-element_type=\"container\" data-settings=\"{&quot;ekit_has_onepagescroll_dot&quot;:&quot;yes&quot;}\">\n\t\t\t\t\t<div class=\"e-con-inner\">\n\t\t\t\t<div class=\"elementor-element elementor-element-4cedc72 elementor-view-default elementor-widget elementor-widget-icon\" data-id=\"4cedc72\" data-element_type=\"widget\" data-settings=\"{&quot;ekit_we_effect_on&quot;:&quot;none&quot;}\" data-widget_type=\"icon.default\">\n\t\t\t\t<div class=\"elementor-widget-container\">\n\t\t\t\t\t\t\t<div class=\"elementor-icon-wrapper\">\n\t\t\t<div class=\"elementor-icon\">\n\t\t\t<svg xmlns=\"http:\/\/www.w3.org\/2000\/svg\" id=\"_&#x56FE;&#x5C42;_2\" data-name=\"&#x56FE;&#x5C42; 2\" viewbox=\"0 0 111.69 167.53\"><defs><style>      .cls-1 {        fill: #fad8be;      }      .cls-1, .cls-2 {        stroke-width: 0px;      }      .cls-2 {        fill: #f47b25;      }    <\/style><\/defs><g id=\"_&#x56FE;&#x5C42;_1-2\" data-name=\"&#x56FE;&#x5C42; 1\"><g><circle class=\"cls-1\" cx=\"55.84\" cy=\"55.84\" r=\"55.84\"><\/circle><circle class=\"cls-2\" cx=\"55.84\" cy=\"111.69\" r=\"55.84\"><\/circle><\/g><\/g><\/svg>\t\t\t<\/div>\n\t\t<\/div>\n\t\t\t\t\t\t<\/div>\n\t\t\t\t<\/div>\n\t\t<div class=\"elementor-element elementor-element-7d8835c e-con-full e-flex e-con e-child\" data-id=\"7d8835c\" data-element_type=\"container\" data-settings=\"{&quot;ekit_has_onepagescroll_dot&quot;:&quot;yes&quot;}\">\n\t\t\t\t<div class=\"elementor-element elementor-element-6682c51 elementor-widget elementor-widget-heading\" data-id=\"6682c51\" data-element_type=\"widget\" data-settings=\"{&quot;ekit_we_effect_on&quot;:&quot;none&quot;}\" data-widget_type=\"heading.default\">\n\t\t\t\t<div class=\"elementor-widget-container\">\n\t\t\t\t\t<h2 class=\"elementor-heading-title elementor-size-default\">LANDU NOVASTARi p\u00fchendumus rohelisele keemiale<\/h2>\t\t\t\t<\/div>\n\t\t\t\t<\/div>\n\t\t\t\t<\/div>\n\t\t\t\t\t<\/div>\n\t\t\t\t<\/div>\n\t\t<div class=\"elementor-element elementor-element-831378a e-flex e-con-boxed e-con e-parent\" data-id=\"831378a\" data-element_type=\"container\" data-settings=\"{&quot;ekit_has_onepagescroll_dot&quot;:&quot;yes&quot;}\">\n\t\t\t\t\t<div class=\"e-con-inner\">\n\t\t<div class=\"elementor-element elementor-element-ade1c49 e-con-full e-flex e-con e-child\" data-id=\"ade1c49\" data-element_type=\"container\" data-settings=\"{&quot;ekit_has_onepagescroll_dot&quot;:&quot;yes&quot;}\">\n\t\t\t\t<div class=\"elementor-element elementor-element-79a58a6 elementor-widget elementor-widget-image\" data-id=\"79a58a6\" data-element_type=\"widget\" data-settings=\"{&quot;ekit_we_effect_on&quot;:&quot;none&quot;}\" data-widget_type=\"image.default\">\n\t\t\t\t<div class=\"elementor-widget-container\">\n\t\t\t\t\t\t\t\t\t\t\t\t\t\t\t<img fetchpriority=\"high\" decoding=\"async\" width=\"800\" height=\"533\" src=\"https:\/\/landuchem.com\/wp-content\/uploads\/2025\/04\/construction-worker-pouring-a-wet-concret-1024x682.jpg\" class=\"attachment-large size-large wp-image-5331\" alt=\"Ehitust\u00f6\u00f6line valab m\u00e4rga betooni\" srcset=\"https:\/\/landuchem.com\/wp-content\/uploads\/2025\/04\/construction-worker-pouring-a-wet-concret-1024x682.jpg 1024w, https:\/\/landuchem.com\/wp-content\/uploads\/2025\/04\/construction-worker-pouring-a-wet-concret-300x200.jpg 300w, https:\/\/landuchem.com\/wp-content\/uploads\/2025\/04\/construction-worker-pouring-a-wet-concret-768x512.jpg 768w, https:\/\/landuchem.com\/wp-content\/uploads\/2025\/04\/construction-worker-pouring-a-wet-concret-1536x1024.jpg 1536w, https:\/\/landuchem.com\/wp-content\/uploads\/2025\/04\/construction-worker-pouring-a-wet-concret.jpg 2000w\" sizes=\"(max-width: 800px) 100vw, 800px\" \/>\t\t\t\t\t\t\t\t\t\t\t\t\t\t\t<\/div>\n\t\t\t\t<\/div>\n\t\t\t\t<\/div>\n\t\t<div class=\"elementor-element elementor-element-60e0c4c e-con-full e-flex e-con e-child\" data-id=\"60e0c4c\" data-element_type=\"container\" data-settings=\"{&quot;ekit_has_onepagescroll_dot&quot;:&quot;yes&quot;}\">\n\t\t\t\t<div class=\"elementor-element elementor-element-476d542 elementor-widget elementor-widget-heading\" data-id=\"476d542\" data-element_type=\"widget\" data-settings=\"{&quot;ekit_we_effect_on&quot;:&quot;none&quot;}\" data-widget_type=\"heading.default\">\n\t\t\t\t<div class=\"elementor-widget-container\">\n\t\t\t\t\t<h3 class=\"elementor-heading-title elementor-size-default\">NOVASTARi taastuvad lisandid v\u00e4hendavad s\u00fcsinikdioksiidi<\/h3>\t\t\t\t<\/div>\n\t\t\t\t<\/div>\n\t\t\t\t<div class=\"elementor-element elementor-element-88b352d elementor-widget elementor-widget-text-editor\" data-id=\"88b352d\" data-element_type=\"widget\" data-settings=\"{&quot;ekit_we_effect_on&quot;:&quot;none&quot;}\" data-widget_type=\"text-editor.default\">\n\t\t\t\t<div class=\"elementor-widget-container\">\n\t\t\t\t\t\t\t\t\t<p>NOVASTARi lisandite tootmine kasutab taastuvate ressursside j\u00f5udu naftap\u00f5histe materjalide asemel, andes suure potentsiaali s\u00fcsinikdioksiidi heitmete v\u00e4hendamiseks. N\u00e4iteks meie <em><strong>Formaldeh\u00fc\u00fcdivabad pol\u00fckarboks\u00fclaat-superplastifikaatorid<\/strong><\/em> on loodud betooni j\u00f5udluse optimeerimiseks, minimeerides samal ajal veekasutust ja suurendades vastupidavust. See toob kaasa v\u00e4iksema energiatarbimise ja madalamad kasvuhoonegaaside heitmed tootmise ja kasutamise ajal.<\/p>\t\t\t\t\t\t\t\t<\/div>\n\t\t\t\t<\/div>\n\t\t\t\t<\/div>\n\t\t\t\t\t<\/div>\n\t\t\t\t<\/div>\n\t\t<div class=\"elementor-element elementor-element-b257c80 e-flex e-con-boxed e-con e-parent\" data-id=\"b257c80\" data-element_type=\"container\" data-settings=\"{&quot;ekit_has_onepagescroll_dot&quot;:&quot;yes&quot;}\">\n\t\t\t\t\t<div class=\"e-con-inner\">\n\t\t<div class=\"elementor-element elementor-element-41eaf3d e-con-full e-flex e-con e-child\" data-id=\"41eaf3d\" data-element_type=\"container\" data-settings=\"{&quot;ekit_has_onepagescroll_dot&quot;:&quot;yes&quot;}\">\n\t\t\t\t<div class=\"elementor-element elementor-element-7728410 elementor-widget elementor-widget-image\" data-id=\"7728410\" data-element_type=\"widget\" data-settings=\"{&quot;ekit_we_effect_on&quot;:&quot;none&quot;}\" data-widget_type=\"image.default\">\n\t\t\t\t<div class=\"elementor-widget-container\">\n\t\t\t\t\t\t\t\t\t\t\t\t\t\t\t<img decoding=\"async\" width=\"800\" height=\"450\" src=\"https:\/\/landuchem.com\/wp-content\/uploads\/2025\/04\/Sustainable-development-1024x576.jpg\" class=\"attachment-large size-large wp-image-5334\" alt=\"S\u00e4\u00e4stev areng\" srcset=\"https:\/\/landuchem.com\/wp-content\/uploads\/2025\/04\/Sustainable-development-1024x576.jpg 1024w, https:\/\/landuchem.com\/wp-content\/uploads\/2025\/04\/Sustainable-development-300x169.jpg 300w, https:\/\/landuchem.com\/wp-content\/uploads\/2025\/04\/Sustainable-development-768x432.jpg 768w, https:\/\/landuchem.com\/wp-content\/uploads\/2025\/04\/Sustainable-development-1536x864.jpg 1536w, https:\/\/landuchem.com\/wp-content\/uploads\/2025\/04\/Sustainable-development.jpg 1920w\" sizes=\"(max-width: 800px) 100vw, 800px\" \/>\t\t\t\t\t\t\t\t\t\t\t\t\t\t\t<\/div>\n\t\t\t\t<\/div>\n\t\t\t\t<\/div>\n\t\t<div class=\"elementor-element elementor-element-dfb0fbd e-con-full e-flex e-con e-child\" data-id=\"dfb0fbd\" data-element_type=\"container\" data-settings=\"{&quot;ekit_has_onepagescroll_dot&quot;:&quot;yes&quot;}\">\n\t\t\t\t<div class=\"elementor-element elementor-element-ff0208a elementor-widget elementor-widget-heading\" data-id=\"ff0208a\" data-element_type=\"widget\" data-settings=\"{&quot;ekit_we_effect_on&quot;:&quot;none&quot;}\" data-widget_type=\"heading.default\">\n\t\t\t\t<div class=\"elementor-widget-container\">\n\t\t\t\t\t<h3 class=\"elementor-heading-title elementor-size-default\">Null-neto eesm\u00e4rkidest j\u00e4\u00e4tmevabaduseni<\/h3>\t\t\t\t<\/div>\n\t\t\t\t<\/div>\n\t\t\t\t<div class=\"elementor-element elementor-element-7473d0a elementor-widget elementor-widget-text-editor\" data-id=\"7473d0a\" data-element_type=\"widget\" data-settings=\"{&quot;ekit_we_effect_on&quot;:&quot;none&quot;}\" data-widget_type=\"text-editor.default\">\n\t\t\t\t<div class=\"elementor-widget-container\">\n\t\t\t\t\t\t\t\t\t<p>Meie eesm\u00e4rk on, et meie tarneahel seaks heitkoguste v\u00e4hendamise ja null-neto eesm\u00e4rgid. LANDU tehased on kasutusele v\u00f5tnud <em><strong>MVR-t\u00f6\u00f6tlused<\/strong><\/em> j\u00e4\u00e4tmevabade heitmete ja ISO 14000 n\u00f5uetele vastavuse tagamiseks. See t\u00e4iustatud tehas saavutab energias\u00e4\u00e4stu kuni 50\u201380% v\u00f5rreldes traditsiooniliste aurustamismeetoditega, minimeerides j\u00e4\u00e4tmeid ja heitmeid ning n\u00e4idates LANDU toetust vedelikuheitmete nullimise eesm\u00e4rkidele veepuhastuses.<\/p>\t\t\t\t\t\t\t\t<\/div>\n\t\t\t\t<\/div>\n\t\t\t\t<\/div>\n\t\t\t\t\t<\/div>\n\t\t\t\t<\/div>\n\t\t<div class=\"elementor-element elementor-element-1ab39d1 e-flex e-con-boxed e-con e-parent\" data-id=\"1ab39d1\" data-element_type=\"container\" data-settings=\"{&quot;ekit_has_onepagescroll_dot&quot;:&quot;yes&quot;}\">\n\t\t\t\t\t<div class=\"e-con-inner\">\n\t\t<div class=\"elementor-element elementor-element-5463735 e-con-full e-flex e-con e-child\" data-id=\"5463735\" data-element_type=\"container\" data-settings=\"{&quot;ekit_has_onepagescroll_dot&quot;:&quot;yes&quot;}\">\n\t\t\t\t<div class=\"elementor-element elementor-element-197bfca elementor-widget elementor-widget-image\" data-id=\"197bfca\" data-element_type=\"widget\" data-settings=\"{&quot;ekit_we_effect_on&quot;:&quot;none&quot;}\" data-widget_type=\"image.default\">\n\t\t\t\t<div class=\"elementor-widget-container\">\n\t\t\t\t\t\t\t\t\t\t\t\t\t\t\t<img decoding=\"async\" width=\"800\" height=\"533\" src=\"https:\/\/landuchem.com\/wp-content\/uploads\/2025\/04\/environmental-concept-crystal-earth-on-forest-moss-with-fern-and-sunlight-environment-1024x682.jpg\" class=\"attachment-large size-large wp-image-5335\" alt=\"Keskkonnakontseptsioon \u2013 kristall Maa metsasamblal s\u00f5najala ja p\u00e4ikesevalgusega \u2013 keskkond\" srcset=\"https:\/\/landuchem.com\/wp-content\/uploads\/2025\/04\/environmental-concept-crystal-earth-on-forest-moss-with-fern-and-sunlight-environment-1024x682.jpg 1024w, https:\/\/landuchem.com\/wp-content\/uploads\/2025\/04\/environmental-concept-crystal-earth-on-forest-moss-with-fern-and-sunlight-environment-300x200.jpg 300w, https:\/\/landuchem.com\/wp-content\/uploads\/2025\/04\/environmental-concept-crystal-earth-on-forest-moss-with-fern-and-sunlight-environment-768x511.jpg 768w, https:\/\/landuchem.com\/wp-content\/uploads\/2025\/04\/environmental-concept-crystal-earth-on-forest-moss-with-fern-and-sunlight-environment-1536x1023.jpg 1536w, https:\/\/landuchem.com\/wp-content\/uploads\/2025\/04\/environmental-concept-crystal-earth-on-forest-moss-with-fern-and-sunlight-environment.jpg 2000w\" sizes=\"(max-width: 800px) 100vw, 800px\" \/>\t\t\t\t\t\t\t\t\t\t\t\t\t\t\t<\/div>\n\t\t\t\t<\/div>\n\t\t\t\t<\/div>\n\t\t<div class=\"elementor-element elementor-element-09f8348 e-con-full e-flex e-con e-child\" data-id=\"09f8348\" data-element_type=\"container\" data-settings=\"{&quot;ekit_has_onepagescroll_dot&quot;:&quot;yes&quot;}\">\n\t\t\t\t<div class=\"elementor-element elementor-element-f806b7d elementor-widget elementor-widget-heading\" data-id=\"f806b7d\" data-element_type=\"widget\" data-settings=\"{&quot;ekit_we_effect_on&quot;:&quot;none&quot;}\" data-widget_type=\"heading.default\">\n\t\t\t\t<div class=\"elementor-widget-container\">\n\t\t\t\t\t<h3 class=\"elementor-heading-title elementor-size-default\">Jagatud teadmised, jagatud vastutus<\/h3>\t\t\t\t<\/div>\n\t\t\t\t<\/div>\n\t\t\t\t<div class=\"elementor-element elementor-element-5677614 elementor-widget elementor-widget-text-editor\" data-id=\"5677614\" data-element_type=\"widget\" data-settings=\"{&quot;ekit_we_effect_on&quot;:&quot;none&quot;}\" data-widget_type=\"text-editor.default\">\n\t\t\t\t<div class=\"elementor-widget-container\">\n\t\t\t\t\t\t\t\t\t  Koosk\u00f5las meie \u00fclemaailmsete j\u00e4tkusuutlikkuse eesm\u00e4rkidega tunnistab LANDU tarnijate kriitilist rolli oma tegevuse \u00fcldises keskkonnajalaj\u00e4ljes. Seet\u00f5ttu aitame neid aktiivselt rakendada t\u00f5husaid strateegiaid ja tehnoloogiaid kasvuhoonegaaside heitmete v\u00e4hendamiseks. Me ei s\u00e4\u00e4sta j\u00f5upingutusi, et jagada oma teadmisi ja juurdep\u00e4\u00e4su uuenduslikele t\u00f6\u00f6riistadele, luues v\u00f5rgustiku, mis \u00fchiselt p\u00fc\u00fcdleb null-neto ja rohelisema tuleviku poole.\t\t\t\t\t\t\t\t<\/div>\n\t\t\t\t<\/div>\n\t\t\t\t<\/div>\n\t\t\t\t\t<\/div>\n\t\t\t\t<\/div>\n\t\t\t\t<\/div>","protected":false},"excerpt":{"rendered":"<p>Eco-Friendly Additives with Minimal Environmental Impact In an era where environmental consciousness is at the forefront of industry discussion, the chemical additive manufacturing sector faces growing scrutiny. LANDU NOVASTAR eco-friendly additives are a rising star due to their biodegradable nature without contributing to pollution, offering a glimmer of hope for minimal environmental impact. LANDU NOVASTAR&#8217;s [&hellip;]<\/p>","protected":false},"author":1,"featured_media":0,"parent":4553,"menu_order":0,"comment_status":"closed","ping_status":"closed","template":"elementor_header_footer","meta":{"footnotes":""},"class_list":["post-5261","page","type-page","status-publish","hentry"],"_links":{"self":[{"href":"https:\/\/landuchem.com\/et\/wp-json\/wp\/v2\/pages\/5261","targetHints":{"allow":["GET"]}}],"collection":[{"href":"https:\/\/landuchem.com\/et\/wp-json\/wp\/v2\/pages"}],"about":[{"href":"https:\/\/landuchem.com\/et\/wp-json\/wp\/v2\/types\/page"}],"author":[{"embeddable":true,"href":"https:\/\/landuchem.com\/et\/wp-json\/wp\/v2\/users\/1"}],"replies":[{"embeddable":true,"href":"https:\/\/landuchem.com\/et\/wp-json\/wp\/v2\/comments?post=5261"}],"version-history":[{"count":22,"href":"https:\/\/landuchem.com\/et\/wp-json\/wp\/v2\/pages\/5261\/revisions"}],"predecessor-version":[{"id":13051,"href":"https:\/\/landuchem.com\/et\/wp-json\/wp\/v2\/pages\/5261\/revisions\/13051"}],"up":[{"embeddable":true,"href":"https:\/\/landuchem.com\/et\/wp-json\/wp\/v2\/pages\/4553"}],"wp:attachment":[{"href":"https:\/\/landuchem.com\/et\/wp-json\/wp\/v2\/media?parent=5261"}],"curies":[{"name":"wp","href":"https:\/\/api.w.org\/{rel}","templated":true}]}}