{"id":10307,"date":"2025-04-28T13:05:39","date_gmt":"2025-04-28T13:05:39","guid":{"rendered":"https:\/\/landuchem.com\/?page_id=10307"},"modified":"2025-08-26T08:00:13","modified_gmt":"2025-08-26T08:00:13","slug":"seguridad-y-desarrollo-de-los-empleados","status":"publish","type":"page","link":"https:\/\/landuchem.com\/es\/sostenibilidad\/personas-a-las-que-estamos-comprometidos-a-cuidar\/seguridad-y-desarrollo-de-los-empleados\/","title":{"rendered":"Seguridad y Desarrollo de Empleados"},"content":{"rendered":"<div data-elementor-type=\"wp-page\" data-elementor-id=\"10307\" class=\"elementor elementor-10307\" data-elementor-post-type=\"page\">\n\t\t\t\t<div class=\"elementor-element elementor-element-b8ed35a e-flex e-con-boxed e-con e-parent\" data-id=\"b8ed35a\" data-element_type=\"container\" data-settings=\"{&quot;background_background&quot;:&quot;classic&quot;,&quot;ekit_has_onepagescroll_dot&quot;:&quot;yes&quot;}\">\n\t\t\t\t\t<div class=\"e-con-inner\">\n\t\t\t\t<div class=\"elementor-element elementor-element-a72b32f elementor-widget elementor-widget-heading\" data-id=\"a72b32f\" data-element_type=\"widget\" data-settings=\"{&quot;ekit_we_effect_on&quot;:&quot;none&quot;}\" data-widget_type=\"heading.default\">\n\t\t\t\t<div class=\"elementor-widget-container\">\n\t\t\t\t\t<h1 class=\"elementor-heading-title elementor-size-default\">Seguridad y Desarrollo de Empleados<\/h1>\t\t\t\t<\/div>\n\t\t\t\t<\/div>\n\t\t\t\t<div class=\"elementor-element elementor-element-c986241 elementor-widget__width-initial elementor-widget elementor-widget-text-editor\" data-id=\"c986241\" data-element_type=\"widget\" data-settings=\"{&quot;ekit_we_effect_on&quot;:&quot;none&quot;}\" data-widget_type=\"text-editor.default\">\n\t\t\t\t<div class=\"elementor-widget-container\">\n\t\t\t\t\t\t\t\t\tEn NOVASTAR, lo que obtienes no es solo una cifra salarial, sino tambi\u00e9n logros profesionales de los que puedes estar orgulloso toda la vida.\t\t\t\t\t\t\t\t<\/div>\n\t\t\t\t<\/div>\n\t\t\t\t\t<\/div>\n\t\t\t\t<\/div>\n\t\t<div class=\"elementor-element elementor-element-008e414 e-flex e-con-boxed e-con e-child\" data-id=\"008e414\" data-element_type=\"container\" data-settings=\"{&quot;ekit_has_onepagescroll_dot&quot;:&quot;yes&quot;}\">\n\t\t\t\t\t<div class=\"e-con-inner\">\n\t\t<div class=\"elementor-element elementor-element-10e7543 e-con-full e-flex e-con e-child\" data-id=\"10e7543\" data-element_type=\"container\" data-settings=\"{&quot;ekit_has_onepagescroll_dot&quot;:&quot;yes&quot;}\">\n\t\t<div class=\"elementor-element elementor-element-f67fb1c e-con-full e-flex e-con e-child\" data-id=\"f67fb1c\" data-element_type=\"container\" data-settings=\"{&quot;ekit_has_onepagescroll_dot&quot;:&quot;yes&quot;}\">\n\t\t\t\t<div class=\"elementor-element elementor-element-d962b87 elementor-view-default elementor-widget elementor-widget-icon\" data-id=\"d962b87\" data-element_type=\"widget\" data-settings=\"{&quot;ekit_we_effect_on&quot;:&quot;none&quot;}\" data-widget_type=\"icon.default\">\n\t\t\t\t<div class=\"elementor-widget-container\">\n\t\t\t\t\t\t\t<div class=\"elementor-icon-wrapper\">\n\t\t\t<div class=\"elementor-icon\">\n\t\t\t<svg xmlns=\"http:\/\/www.w3.org\/2000\/svg\" id=\"_&#x56FE;&#x5C42;_2\" data-name=\"&#x56FE;&#x5C42; 2\" viewbox=\"0 0 111.69 167.53\"><defs><style>      .cls-1 {        fill: #fad8be;      }      .cls-1, .cls-2 {        stroke-width: 0px;      }      .cls-2 {        fill: #f47b25;      }    <\/style><\/defs><g id=\"_&#x56FE;&#x5C42;_1-2\" data-name=\"&#x56FE;&#x5C42; 1\"><g><circle class=\"cls-1\" cx=\"55.84\" cy=\"55.84\" r=\"55.84\"><\/circle><circle class=\"cls-2\" cx=\"55.84\" cy=\"111.69\" r=\"55.84\"><\/circle><\/g><\/g><\/svg>\t\t\t<\/div>\n\t\t<\/div>\n\t\t\t\t\t\t<\/div>\n\t\t\t\t<\/div>\n\t\t<div class=\"elementor-element elementor-element-f66089b e-con-full e-flex e-con e-child\" data-id=\"f66089b\" data-element_type=\"container\" data-settings=\"{&quot;ekit_has_onepagescroll_dot&quot;:&quot;yes&quot;}\">\n\t\t\t\t<div class=\"elementor-element elementor-element-1f81126 elementor-widget elementor-widget-heading\" data-id=\"1f81126\" data-element_type=\"widget\" data-settings=\"{&quot;ekit_we_effect_on&quot;:&quot;none&quot;}\" data-widget_type=\"heading.default\">\n\t\t\t\t<div class=\"elementor-widget-container\">\n\t\t\t\t\t<h2 class=\"elementor-heading-title elementor-size-default\">Compromiso con la Seguridad y Salud en el Trabajo<\/h2>\t\t\t\t<\/div>\n\t\t\t\t<\/div>\n\t\t\t\t<\/div>\n\t\t\t\t<\/div>\n\t\t\t\t<div class=\"elementor-element elementor-element-146d27f elementor-widget elementor-widget-text-editor\" data-id=\"146d27f\" data-element_type=\"widget\" data-settings=\"{&quot;ekit_we_effect_on&quot;:&quot;none&quot;}\" data-widget_type=\"text-editor.default\">\n\t\t\t\t<div class=\"elementor-widget-container\">\n\t\t\t\t\t\t\t\t\tEn NOVASTAR, \u201cSeguridad Primero\u201d no es solo un lema. Es una pr\u00e1ctica diaria que protege a nuestra gente, nuestros socios y nuestro negocio. Fomentando una cultura de responsabilidad compartida y vigilancia, aseguramos que cada miembro del equipo regrese a casa de manera segura mientras contribuye a un lugar de trabajo productivo y sostenible. Nuestro compromiso con la seguridad va m\u00e1s all\u00e1 del cumplimiento: es un valor fundamental integrado en todos los aspectos de nuestras operaciones.\t\t\t\t\t\t\t\t<\/div>\n\t\t\t\t<\/div>\n\t\t\t\t<div class=\"elementor-element elementor-element-04fbf21 elementor-icon-list--layout-traditional elementor-list-item-link-full_width elementor-widget elementor-widget-icon-list\" data-id=\"04fbf21\" data-element_type=\"widget\" data-settings=\"{&quot;ekit_we_effect_on&quot;:&quot;none&quot;}\" data-widget_type=\"icon-list.default\">\n\t\t\t\t<div class=\"elementor-widget-container\">\n\t\t\t\t\t\t\t<ul class=\"elementor-icon-list-items\">\n\t\t\t\t\t\t\t<li class=\"elementor-icon-list-item\">\n\t\t\t\t\t\t\t\t\t\t\t<span class=\"elementor-icon-list-icon\">\n\t\t\t\t\t\t\t<svg aria-hidden=\"true\" class=\"e-font-icon-svg e-fas-check\" viewbox=\"0 0 512 512\" xmlns=\"http:\/\/www.w3.org\/2000\/svg\"><path d=\"M173.898 439.404l-166.4-166.4c-9.997-9.997-9.997-26.206 0-36.204l36.203-36.204c9.997-9.998 26.207-9.998 36.204 0L192 312.69 432.095 72.596c9.997-9.997 26.207-9.997 36.204 0l36.203 36.204c9.997 9.997 9.997 26.206 0 36.204l-294.4 294.401c-9.998 9.997-26.207 9.997-36.204-.001z\"><\/path><\/svg>\t\t\t\t\t\t<\/span>\n\t\t\t\t\t\t\t\t\t\t<span class=\"elementor-icon-list-text\">Adherencia estricta a las normas de seguridad globales y locales, asegurando el cumplimiento de las \u00faltimas regulaciones de la industria.<\/span>\n\t\t\t\t\t\t\t\t\t<\/li>\n\t\t\t\t\t\t\t\t<li class=\"elementor-icon-list-item\">\n\t\t\t\t\t\t\t\t\t\t\t<span class=\"elementor-icon-list-icon\">\n\t\t\t\t\t\t\t<svg aria-hidden=\"true\" class=\"e-font-icon-svg e-fas-check\" viewbox=\"0 0 512 512\" xmlns=\"http:\/\/www.w3.org\/2000\/svg\"><path d=\"M173.898 439.404l-166.4-166.4c-9.997-9.997-9.997-26.206 0-36.204l36.203-36.204c9.997-9.998 26.207-9.998 36.204 0L192 312.69 432.095 72.596c9.997-9.997 26.207-9.997 36.204 0l36.203 36.204c9.997 9.997 9.997 26.206 0 36.204l-294.4 294.401c-9.998 9.997-26.207 9.997-36.204-.001z\"><\/path><\/svg>\t\t\t\t\t\t<\/span>\n\t\t\t\t\t\t\t\t\t\t<span class=\"elementor-icon-list-text\">Talleres de seguridad obligatorios, simulacros de emergencia y programas de concienciaci\u00f3n sobre peligros espec\u00edficos para cada rol, para capacitar a los empleados con el conocimiento necesario para trabajar de manera segura.<\/span>\n\t\t\t\t\t\t\t\t\t<\/li>\n\t\t\t\t\t\t\t\t<li class=\"elementor-icon-list-item\">\n\t\t\t\t\t\t\t\t\t\t\t<span class=\"elementor-icon-list-icon\">\n\t\t\t\t\t\t\t<svg aria-hidden=\"true\" class=\"e-font-icon-svg e-fas-check\" viewbox=\"0 0 512 512\" xmlns=\"http:\/\/www.w3.org\/2000\/svg\"><path d=\"M173.898 439.404l-166.4-166.4c-9.997-9.997-9.997-26.206 0-36.204l36.203-36.204c9.997-9.998 26.207-9.998 36.204 0L192 312.69 432.095 72.596c9.997-9.997 26.207-9.997 36.204 0l36.203 36.204c9.997 9.997 9.997 26.206 0 36.204l-294.4 294.401c-9.998 9.997-26.207 9.997-36.204-.001z\"><\/path><\/svg>\t\t\t\t\t\t<\/span>\n\t\t\t\t\t\t\t\t\t\t<span class=\"elementor-icon-list-text\">Implementaci\u00f3n de an\u00e1lisis de trabajos seguros, barreras de seguridad y \"Autoridad para Detener el Trabajo\"\u2014asegurando que cada empleado tenga el derecho de detener las operaciones si surgen condiciones inseguras.<\/span>\n\t\t\t\t\t\t\t\t\t<\/li>\n\t\t\t\t\t\t<\/ul>\n\t\t\t\t\t\t<\/div>\n\t\t\t\t<\/div>\n\t\t\t\t<\/div>\n\t\t<div class=\"elementor-element elementor-element-5e60c29 e-con-full e-flex e-con e-child\" data-id=\"5e60c29\" data-element_type=\"container\" data-settings=\"{&quot;ekit_has_onepagescroll_dot&quot;:&quot;yes&quot;}\">\n\t\t\t\t<div class=\"elementor-element elementor-element-07df2eb elementor-widget elementor-widget-image\" data-id=\"07df2eb\" data-element_type=\"widget\" data-settings=\"{&quot;ekit_we_effect_on&quot;:&quot;none&quot;}\" data-widget_type=\"image.default\">\n\t\t\t\t<div class=\"elementor-widget-container\">\n\t\t\t\t\t\t\t\t\t\t\t\t\t\t\t<img fetchpriority=\"high\" decoding=\"async\" width=\"800\" height=\"600\" src=\"https:\/\/landuchem.com\/wp-content\/uploads\/2025\/04\/Novastar-European-Coatings-Show.jpg\" class=\"attachment-large size-large wp-image-8205\" alt=\"Novastar-Feria Europea de Revestimientos\" srcset=\"https:\/\/landuchem.com\/wp-content\/uploads\/2025\/04\/Novastar-European-Coatings-Show.jpg 1000w, https:\/\/landuchem.com\/wp-content\/uploads\/2025\/04\/Novastar-European-Coatings-Show-300x225.jpg 300w, https:\/\/landuchem.com\/wp-content\/uploads\/2025\/04\/Novastar-European-Coatings-Show-768x576.jpg 768w\" sizes=\"(max-width: 800px) 100vw, 800px\" \/>\t\t\t\t\t\t\t\t\t\t\t\t\t\t\t<\/div>\n\t\t\t\t<\/div>\n\t\t\t\t<\/div>\n\t\t\t\t\t<\/div>\n\t\t\t\t<\/div>\n\t\t<div class=\"elementor-element elementor-element-cd21dbe e-flex e-con-boxed e-con e-parent\" data-id=\"cd21dbe\" data-element_type=\"container\" data-settings=\"{&quot;background_background&quot;:&quot;classic&quot;,&quot;ekit_has_onepagescroll_dot&quot;:&quot;yes&quot;}\">\n\t\t\t\t\t<div class=\"e-con-inner\">\n\t\t<div class=\"elementor-element elementor-element-b50e368 e-con-full e-flex e-con e-child\" data-id=\"b50e368\" data-element_type=\"container\" data-settings=\"{&quot;ekit_has_onepagescroll_dot&quot;:&quot;yes&quot;}\">\n\t\t<div class=\"elementor-element elementor-element-c424513 e-con-full e-flex e-con e-child\" data-id=\"c424513\" data-element_type=\"container\" data-settings=\"{&quot;ekit_has_onepagescroll_dot&quot;:&quot;yes&quot;}\">\n\t\t\t\t<div class=\"elementor-element elementor-element-a7fdd7a elementor-view-default elementor-widget elementor-widget-icon\" data-id=\"a7fdd7a\" data-element_type=\"widget\" data-settings=\"{&quot;ekit_we_effect_on&quot;:&quot;none&quot;}\" data-widget_type=\"icon.default\">\n\t\t\t\t<div class=\"elementor-widget-container\">\n\t\t\t\t\t\t\t<div class=\"elementor-icon-wrapper\">\n\t\t\t<div class=\"elementor-icon\">\n\t\t\t<svg xmlns=\"http:\/\/www.w3.org\/2000\/svg\" id=\"_&#x56FE;&#x5C42;_2\" data-name=\"&#x56FE;&#x5C42; 2\" viewbox=\"0 0 111.69 167.53\"><defs><style>      .cls-1 {        fill: #fad8be;      }      .cls-1, .cls-2 {        stroke-width: 0px;      }      .cls-2 {        fill: #f47b25;      }    <\/style><\/defs><g id=\"_&#x56FE;&#x5C42;_1-2\" data-name=\"&#x56FE;&#x5C42; 1\"><g><circle class=\"cls-1\" cx=\"55.84\" cy=\"55.84\" r=\"55.84\"><\/circle><circle class=\"cls-2\" cx=\"55.84\" cy=\"111.69\" r=\"55.84\"><\/circle><\/g><\/g><\/svg>\t\t\t<\/div>\n\t\t<\/div>\n\t\t\t\t\t\t<\/div>\n\t\t\t\t<\/div>\n\t\t<div class=\"elementor-element elementor-element-7bb10c3 e-con-full e-flex e-con e-child\" data-id=\"7bb10c3\" data-element_type=\"container\" data-settings=\"{&quot;ekit_has_onepagescroll_dot&quot;:&quot;yes&quot;}\">\n\t\t\t\t<div class=\"elementor-element elementor-element-95758a9 elementor-widget elementor-widget-heading\" data-id=\"95758a9\" data-element_type=\"widget\" data-settings=\"{&quot;ekit_we_effect_on&quot;:&quot;none&quot;}\" data-widget_type=\"heading.default\">\n\t\t\t\t<div class=\"elementor-widget-container\">\n\t\t\t\t\t<h2 class=\"elementor-heading-title elementor-size-default\">Acelerar el Desarrollo Profesional de los Empleados <\/h2>\t\t\t\t<\/div>\n\t\t\t\t<\/div>\n\t\t\t\t<\/div>\n\t\t\t\t<\/div>\n\t\t\t\t<div class=\"elementor-element elementor-element-16960ac elementor-widget__width-initial elementor-widget elementor-widget-text-editor\" data-id=\"16960ac\" data-element_type=\"widget\" data-settings=\"{&quot;ekit_we_effect_on&quot;:&quot;none&quot;}\" data-widget_type=\"text-editor.default\">\n\t\t\t\t<div class=\"elementor-widget-container\">\n\t\t\t\t\t\t\t\t\tSomos conscientes de que el talento es la fuerza motriz principal para el desarrollo de una empresa. Por ello, la compa\u00f1\u00eda ha establecido una serie de acciones para ofrecer a los empleados caminos de crecimiento diversificados: \t\t\t\t\t\t\t\t<\/div>\n\t\t\t\t<\/div>\n\t\t<div class=\"elementor-element elementor-element-1360721 e-grid e-con-full e-con e-child\" data-id=\"1360721\" data-element_type=\"container\" data-settings=\"{&quot;ekit_has_onepagescroll_dot&quot;:&quot;yes&quot;}\">\n\t\t<div class=\"elementor-element elementor-element-81083f3 e-con-full e-flex e-con e-child\" data-id=\"81083f3\" data-element_type=\"container\" data-settings=\"{&quot;ekit_has_onepagescroll_dot&quot;:&quot;yes&quot;}\">\n\t\t\t\t<div class=\"elementor-element elementor-element-ec1e398 elementor-widget elementor-widget-text-editor\" data-id=\"ec1e398\" data-element_type=\"widget\" data-settings=\"{&quot;ekit_we_effect_on&quot;:&quot;none&quot;}\" data-widget_type=\"text-editor.default\">\n\t\t\t\t<div class=\"elementor-widget-container\">\n\t\t\t\t\t\t\t\t\t<div data-page-id=\"QfiFdHk0mo0NOdxNB3pcDDq5nbe\" data-lark-html-role=\"root\" data-docx-has-block-data=\"false\"><div>Asignar fondos especiales de formaci\u00f3n anualmente para proporcionar a los empleados capacitaci\u00f3n en tecnolog\u00edas de vanguardia de la industria.<\/div><\/div>\t\t\t\t\t\t\t\t<\/div>\n\t\t\t\t<\/div>\n\t\t\t\t<\/div>\n\t\t<div class=\"elementor-element elementor-element-d630cf2 e-con-full e-flex e-con e-child\" data-id=\"d630cf2\" data-element_type=\"container\" data-settings=\"{&quot;ekit_has_onepagescroll_dot&quot;:&quot;yes&quot;}\">\n\t\t\t\t<div class=\"elementor-element elementor-element-cb0ac7f elementor-widget elementor-widget-text-editor\" data-id=\"cb0ac7f\" data-element_type=\"widget\" data-settings=\"{&quot;ekit_we_effect_on&quot;:&quot;none&quot;}\" data-widget_type=\"text-editor.default\">\n\t\t\t\t<div class=\"elementor-widget-container\">\n\t\t\t\t\t\t\t\t\t<div data-page-id=\"QfiFdHk0mo0NOdxNB3pcDDq5nbe\" data-lark-html-role=\"root\" data-docx-has-block-data=\"false\"><div>Establecer un sistema interno de mentor\u00eda, con el equipo de alta direcci\u00f3n sirviendo como asesores en el desarrollo profesional.<\/div><\/div>\t\t\t\t\t\t\t\t<\/div>\n\t\t\t\t<\/div>\n\t\t\t\t<\/div>\n\t\t<div class=\"elementor-element elementor-element-fe92ca9 e-con-full e-flex e-con e-child\" data-id=\"fe92ca9\" data-element_type=\"container\" data-settings=\"{&quot;ekit_has_onepagescroll_dot&quot;:&quot;yes&quot;}\">\n\t\t\t\t<div class=\"elementor-element elementor-element-152f7d2 elementor-widget elementor-widget-text-editor\" data-id=\"152f7d2\" data-element_type=\"widget\" data-settings=\"{&quot;ekit_we_effect_on&quot;:&quot;none&quot;}\" data-widget_type=\"text-editor.default\">\n\t\t\t\t<div class=\"elementor-widget-container\">\n\t\t\t\t\t\t\t\t\t<div data-page-id=\"QfiFdHk0mo0NOdxNB3pcDDq5nbe\" data-lark-html-role=\"root\" data-docx-has-block-data=\"false\"><div>Crear un fondo de innovaci\u00f3n anual para apoyar proyectos de investigaci\u00f3n y desarrollo de los empleados.<\/div><\/div>\t\t\t\t\t\t\t\t<\/div>\n\t\t\t\t<\/div>\n\t\t\t\t<\/div>\n\t\t\t\t<\/div>\n\t\t\t\t<\/div>\n\t\t<div class=\"elementor-element elementor-element-c25eca6 e-con-full e-flex e-con e-child\" data-id=\"c25eca6\" data-element_type=\"container\" data-settings=\"{&quot;ekit_has_onepagescroll_dot&quot;:&quot;yes&quot;}\">\n\t\t<div class=\"elementor-element elementor-element-ca69f97 e-con-full e-flex e-con e-child\" data-id=\"ca69f97\" data-element_type=\"container\" data-settings=\"{&quot;ekit_has_onepagescroll_dot&quot;:&quot;yes&quot;}\">\n\t\t\t\t<div class=\"elementor-element elementor-element-3a58a66 elementor-widget elementor-widget-image\" data-id=\"3a58a66\" data-element_type=\"widget\" data-settings=\"{&quot;ekit_we_effect_on&quot;:&quot;none&quot;}\" data-widget_type=\"image.default\">\n\t\t\t\t<div class=\"elementor-widget-container\">\n\t\t\t\t\t\t\t\t\t\t\t\t\t\t\t<img decoding=\"async\" width=\"800\" height=\"533\" src=\"https:\/\/landuchem.com\/wp-content\/uploads\/2025\/04\/promotion-at-work-or-social-status-present-an-employee-with-a-promotion--1024x682.jpg\" class=\"attachment-large size-large wp-image-10333\" alt=\"Promoci\u00f3n en el trabajo o en el estatus social. Presentar una promoci\u00f3n a un empleado.\" srcset=\"https:\/\/landuchem.com\/wp-content\/uploads\/2025\/04\/promotion-at-work-or-social-status-present-an-employee-with-a-promotion--1024x682.jpg 1024w, https:\/\/landuchem.com\/wp-content\/uploads\/2025\/04\/promotion-at-work-or-social-status-present-an-employee-with-a-promotion--300x200.jpg 300w, https:\/\/landuchem.com\/wp-content\/uploads\/2025\/04\/promotion-at-work-or-social-status-present-an-employee-with-a-promotion--768x512.jpg 768w, https:\/\/landuchem.com\/wp-content\/uploads\/2025\/04\/promotion-at-work-or-social-status-present-an-employee-with-a-promotion--1536x1024.jpg 1536w, https:\/\/landuchem.com\/wp-content\/uploads\/2025\/04\/promotion-at-work-or-social-status-present-an-employee-with-a-promotion-.jpg 2000w\" sizes=\"(max-width: 800px) 100vw, 800px\" \/>\t\t\t\t\t\t\t\t\t\t\t\t\t\t\t<\/div>\n\t\t\t\t<\/div>\n\t\t\t\t<\/div>\n\t\t<div class=\"elementor-element elementor-element-d85c7c5 e-con-full e-flex e-con e-child\" data-id=\"d85c7c5\" data-element_type=\"container\" data-settings=\"{&quot;ekit_has_onepagescroll_dot&quot;:&quot;yes&quot;}\">\n\t\t<div class=\"elementor-element elementor-element-afe72e9 e-con-full e-flex e-con e-child\" data-id=\"afe72e9\" data-element_type=\"container\" data-settings=\"{&quot;ekit_has_onepagescroll_dot&quot;:&quot;yes&quot;}\">\n\t\t\t\t<div class=\"elementor-element elementor-element-ceeb5d7 elementor-view-default elementor-widget elementor-widget-icon\" data-id=\"ceeb5d7\" data-element_type=\"widget\" data-settings=\"{&quot;ekit_we_effect_on&quot;:&quot;none&quot;}\" data-widget_type=\"icon.default\">\n\t\t\t\t<div class=\"elementor-widget-container\">\n\t\t\t\t\t\t\t<div class=\"elementor-icon-wrapper\">\n\t\t\t<div class=\"elementor-icon\">\n\t\t\t<svg xmlns=\"http:\/\/www.w3.org\/2000\/svg\" id=\"_&#x56FE;&#x5C42;_2\" data-name=\"&#x56FE;&#x5C42; 2\" viewbox=\"0 0 111.69 167.53\"><defs><style>      .cls-1 {        fill: #fad8be;      }      .cls-1, .cls-2 {        stroke-width: 0px;      }      .cls-2 {        fill: #f47b25;      }    <\/style><\/defs><g id=\"_&#x56FE;&#x5C42;_1-2\" data-name=\"&#x56FE;&#x5C42; 1\"><g><circle class=\"cls-1\" cx=\"55.84\" cy=\"55.84\" r=\"55.84\"><\/circle><circle class=\"cls-2\" cx=\"55.84\" cy=\"111.69\" r=\"55.84\"><\/circle><\/g><\/g><\/svg>\t\t\t<\/div>\n\t\t<\/div>\n\t\t\t\t\t\t<\/div>\n\t\t\t\t<\/div>\n\t\t<div class=\"elementor-element elementor-element-6de34e1 e-con-full e-flex e-con e-child\" data-id=\"6de34e1\" data-element_type=\"container\" data-settings=\"{&quot;ekit_has_onepagescroll_dot&quot;:&quot;yes&quot;}\">\n\t\t\t\t<div class=\"elementor-element elementor-element-39146f3 elementor-widget elementor-widget-heading\" data-id=\"39146f3\" data-element_type=\"widget\" data-settings=\"{&quot;ekit_we_effect_on&quot;:&quot;none&quot;}\" data-widget_type=\"heading.default\">\n\t\t\t\t<div class=\"elementor-widget-container\">\n\t\t\t\t\t<h2 class=\"elementor-heading-title elementor-size-default\">Promoci\u00f3n y Beneficios Integrales para los Empleados<\/h2>\t\t\t\t<\/div>\n\t\t\t\t<\/div>\n\t\t\t\t<\/div>\n\t\t\t\t<\/div>\n\t\t\t\t<div class=\"elementor-element elementor-element-4de7f03 elementor-widget elementor-widget-text-editor\" data-id=\"4de7f03\" data-element_type=\"widget\" data-settings=\"{&quot;ekit_we_effect_on&quot;:&quot;none&quot;}\" data-widget_type=\"text-editor.default\">\n\t\t\t\t<div class=\"elementor-widget-container\">\n\t\t\t\t\t\t\t\t\t<p>Implementamos un mecanismo de promoci\u00f3n paralelo de \u201csecuencia profesional + secuencia gerencial\u201d. Los talentos profesionales y t\u00e9cnicos pueden ascender a experto principal, y los talentos gerenciales pueden ingresar en el canal de promoci\u00f3n r\u00e1pida a trav\u00e9s de la revisi\u00f3n anual de talento. Todos los puestos est\u00e1n abiertos a la competencia para garantizar la equidad y transparencia.<\/p><p>Ofrecemos un paquete de compensaci\u00f3n y beneficios \u201ccinco en uno\u201d para asegurar que los empleados compartan los frutos del desarrollo, incluyendo una remuneraci\u00f3n competitiva, un plan de protecci\u00f3n de salud, un sistema de seguridad de vida, un paquete de beneficios flexible y proyectos de atenci\u00f3n humanitaria.<\/p>\t\t\t\t\t\t\t\t<\/div>\n\t\t\t\t<\/div>\n\t\t\t\t<\/div>\n\t\t\t\t<\/div>\n\t\t\t\t\t<\/div>\n\t\t\t\t<\/div>\n\t\t\t\t<\/div>","protected":false},"excerpt":{"rendered":"<p>Employee Safety and Development At NOVASTAR, what you gain is not only a salary figure but also career achievements that you can be proud of for a lifetime. Commitment to Workplace Safety &amp; Health At NOVASTAR, &#8220;Safety First&#8221; is not just a slogan. It is a daily practice that protects our people, our partners, and [&hellip;]<\/p>","protected":false},"author":1,"featured_media":0,"parent":4745,"menu_order":0,"comment_status":"closed","ping_status":"closed","template":"elementor_header_footer","meta":{"footnotes":""},"class_list":["post-10307","page","type-page","status-publish","hentry"],"_links":{"self":[{"href":"https:\/\/landuchem.com\/es\/wp-json\/wp\/v2\/pages\/10307","targetHints":{"allow":["GET"]}}],"collection":[{"href":"https:\/\/landuchem.com\/es\/wp-json\/wp\/v2\/pages"}],"about":[{"href":"https:\/\/landuchem.com\/es\/wp-json\/wp\/v2\/types\/page"}],"author":[{"embeddable":true,"href":"https:\/\/landuchem.com\/es\/wp-json\/wp\/v2\/users\/1"}],"replies":[{"embeddable":true,"href":"https:\/\/landuchem.com\/es\/wp-json\/wp\/v2\/comments?post=10307"}],"version-history":[{"count":14,"href":"https:\/\/landuchem.com\/es\/wp-json\/wp\/v2\/pages\/10307\/revisions"}],"predecessor-version":[{"id":12977,"href":"https:\/\/landuchem.com\/es\/wp-json\/wp\/v2\/pages\/10307\/revisions\/12977"}],"up":[{"embeddable":true,"href":"https:\/\/landuchem.com\/es\/wp-json\/wp\/v2\/pages\/4745"}],"wp:attachment":[{"href":"https:\/\/landuchem.com\/es\/wp-json\/wp\/v2\/media?parent=10307"}],"curies":[{"name":"wp","href":"https:\/\/api.w.org\/{rel}","templated":true}]}}