{"id":10274,"date":"2025-04-28T12:45:28","date_gmt":"2025-04-28T12:45:28","guid":{"rendered":"https:\/\/landuchem.com\/?page_id=10274"},"modified":"2025-08-26T08:15:18","modified_gmt":"2025-08-26T08:15:18","slug":"participacion-y-contribucion-comunitaria","status":"publish","type":"page","link":"https:\/\/landuchem.com\/es\/sostenibilidad\/personas-a-las-que-estamos-comprometidos-a-cuidar\/participacion-y-contribucion-comunitaria\/","title":{"rendered":"Participaci\u00f3n y Contribuci\u00f3n Comunitaria"},"content":{"rendered":"<div data-elementor-type=\"wp-page\" data-elementor-id=\"10274\" class=\"elementor elementor-10274\" data-elementor-post-type=\"page\">\n\t\t\t\t<div class=\"elementor-element elementor-element-b8ed35a e-flex e-con-boxed e-con e-parent\" data-id=\"b8ed35a\" data-element_type=\"container\" data-settings=\"{&quot;background_background&quot;:&quot;classic&quot;,&quot;ekit_has_onepagescroll_dot&quot;:&quot;yes&quot;}\">\n\t\t\t\t\t<div class=\"e-con-inner\">\n\t\t\t\t<div class=\"elementor-element elementor-element-a72b32f elementor-widget elementor-widget-heading\" data-id=\"a72b32f\" data-element_type=\"widget\" data-settings=\"{&quot;ekit_we_effect_on&quot;:&quot;none&quot;}\" data-widget_type=\"heading.default\">\n\t\t\t\t<div class=\"elementor-widget-container\">\n\t\t\t\t\t<h1 class=\"elementor-heading-title elementor-size-default\">Participaci\u00f3n y Contribuci\u00f3n Comunitaria<\/h1>\t\t\t\t<\/div>\n\t\t\t\t<\/div>\n\t\t\t\t<div class=\"elementor-element elementor-element-c986241 elementor-widget__width-initial elementor-widget elementor-widget-text-editor\" data-id=\"c986241\" data-element_type=\"widget\" data-settings=\"{&quot;ekit_we_effect_on&quot;:&quot;none&quot;}\" data-widget_type=\"text-editor.default\">\n\t\t\t\t<div class=\"elementor-widget-container\">\n\t\t\t\t\t\t\t\t\t<p>Nuestra responsabilidad social corporativa (RSC) es un elemento fundamental de nuestro compromiso y contribuci\u00f3n hacia un futuro sostenible.<\/p>\t\t\t\t\t\t\t\t<\/div>\n\t\t\t\t<\/div>\n\t\t\t\t\t<\/div>\n\t\t\t\t<\/div>\n\t\t<div class=\"elementor-element elementor-element-01a78e7 e-flex e-con-boxed e-con e-parent\" data-id=\"01a78e7\" data-element_type=\"container\" data-settings=\"{&quot;ekit_has_onepagescroll_dot&quot;:&quot;yes&quot;}\">\n\t\t\t\t\t<div class=\"e-con-inner\">\n\t\t<div class=\"elementor-element elementor-element-01b9b7e e-con-full e-flex e-con e-child\" data-id=\"01b9b7e\" data-element_type=\"container\" data-settings=\"{&quot;ekit_has_onepagescroll_dot&quot;:&quot;yes&quot;}\">\n\t\t<div class=\"elementor-element elementor-element-def1aae e-con-full e-flex e-con e-child\" data-id=\"def1aae\" data-element_type=\"container\" data-settings=\"{&quot;ekit_has_onepagescroll_dot&quot;:&quot;yes&quot;}\">\n\t\t\t\t<div class=\"elementor-element elementor-element-011bb68 elementor-view-default elementor-widget elementor-widget-icon\" data-id=\"011bb68\" data-element_type=\"widget\" data-settings=\"{&quot;ekit_we_effect_on&quot;:&quot;none&quot;}\" data-widget_type=\"icon.default\">\n\t\t\t\t<div class=\"elementor-widget-container\">\n\t\t\t\t\t\t\t<div class=\"elementor-icon-wrapper\">\n\t\t\t<div class=\"elementor-icon\">\n\t\t\t<svg xmlns=\"http:\/\/www.w3.org\/2000\/svg\" id=\"_&#x56FE;&#x5C42;_2\" data-name=\"&#x56FE;&#x5C42; 2\" viewbox=\"0 0 111.69 167.53\"><defs><style>      .cls-1 {        fill: #fad8be;      }      .cls-1, .cls-2 {        stroke-width: 0px;      }      .cls-2 {        fill: #f47b25;      }    <\/style><\/defs><g id=\"_&#x56FE;&#x5C42;_1-2\" data-name=\"&#x56FE;&#x5C42; 1\"><g><circle class=\"cls-1\" cx=\"55.84\" cy=\"55.84\" r=\"55.84\"><\/circle><circle class=\"cls-2\" cx=\"55.84\" cy=\"111.69\" r=\"55.84\"><\/circle><\/g><\/g><\/svg>\t\t\t<\/div>\n\t\t<\/div>\n\t\t\t\t\t\t<\/div>\n\t\t\t\t<\/div>\n\t\t<div class=\"elementor-element elementor-element-62e1097 e-con-full e-flex e-con e-child\" data-id=\"62e1097\" data-element_type=\"container\" data-settings=\"{&quot;ekit_has_onepagescroll_dot&quot;:&quot;yes&quot;}\">\n\t\t\t\t<div class=\"elementor-element elementor-element-82bfbfc elementor-widget elementor-widget-heading\" data-id=\"82bfbfc\" data-element_type=\"widget\" data-settings=\"{&quot;ekit_we_effect_on&quot;:&quot;none&quot;}\" data-widget_type=\"heading.default\">\n\t\t\t\t<div class=\"elementor-widget-container\">\n\t\t\t\t\t<h2 class=\"elementor-heading-title elementor-size-default\">Operaci\u00f3n de fabricaci\u00f3n responsable<\/h2>\t\t\t\t<\/div>\n\t\t\t\t<\/div>\n\t\t\t\t<\/div>\n\t\t\t\t<\/div>\n\t\t\t\t<div class=\"elementor-element elementor-element-ba9c8c1 elementor-widget__width-initial elementor-widget elementor-widget-text-editor\" data-id=\"ba9c8c1\" data-element_type=\"widget\" data-settings=\"{&quot;ekit_we_effect_on&quot;:&quot;none&quot;}\" data-widget_type=\"text-editor.default\">\n\t\t\t\t<div class=\"elementor-widget-container\">\n\t\t\t\t\t\t\t\t\t<p>El primer punto para cumplir con la responsabilidad social es cumplir bien con los deberes de la empresa. Cumplimos estrictamente con los requisitos de operaci\u00f3n de producci\u00f3n establecidos por las leyes y regulaciones locales, estamos comprometidos a reducir la contaminaci\u00f3n ambiental en la zona y nos esforzamos por gestionar bien la relaci\u00f3n con la comunidad local.<\/p>\t\t\t\t\t\t\t\t<\/div>\n\t\t\t\t<\/div>\n\t\t\t\t<\/div>\n\t\t<div class=\"elementor-element elementor-element-f1217bf e-con-full e-flex e-con e-child\" data-id=\"f1217bf\" data-element_type=\"container\" data-settings=\"{&quot;ekit_has_onepagescroll_dot&quot;:&quot;yes&quot;}\">\n\t\t\t\t<div class=\"elementor-element elementor-element-0b1d572 elementor-widget elementor-widget-image\" data-id=\"0b1d572\" data-element_type=\"widget\" data-settings=\"{&quot;ekit_we_effect_on&quot;:&quot;none&quot;}\" data-widget_type=\"image.default\">\n\t\t\t\t<div class=\"elementor-widget-container\">\n\t\t\t\t\t\t\t\t\t\t\t\t\t\t\t<img fetchpriority=\"high\" decoding=\"async\" width=\"800\" height=\"533\" src=\"https:\/\/landuchem.com\/wp-content\/uploads\/2025\/04\/esg-environmental-social-management-policy-green-heart-in-the-palms--1024x682.jpg\" class=\"attachment-large size-large wp-image-10289\" alt=\"Pol\u00edtica de gesti\u00f3n ambiental, social y de gobernanza (ESG). Coraz\u00f3n verde en las palmas.\" srcset=\"https:\/\/landuchem.com\/wp-content\/uploads\/2025\/04\/esg-environmental-social-management-policy-green-heart-in-the-palms--1024x682.jpg 1024w, https:\/\/landuchem.com\/wp-content\/uploads\/2025\/04\/esg-environmental-social-management-policy-green-heart-in-the-palms--300x200.jpg 300w, https:\/\/landuchem.com\/wp-content\/uploads\/2025\/04\/esg-environmental-social-management-policy-green-heart-in-the-palms--768x512.jpg 768w, https:\/\/landuchem.com\/wp-content\/uploads\/2025\/04\/esg-environmental-social-management-policy-green-heart-in-the-palms--1536x1024.jpg 1536w, https:\/\/landuchem.com\/wp-content\/uploads\/2025\/04\/esg-environmental-social-management-policy-green-heart-in-the-palms-.jpg 2000w\" sizes=\"(max-width: 800px) 100vw, 800px\" \/>\t\t\t\t\t\t\t\t\t\t\t\t\t\t\t<\/div>\n\t\t\t\t<\/div>\n\t\t\t\t<\/div>\n\t\t\t\t\t<\/div>\n\t\t\t\t<\/div>\n\t\t<div class=\"elementor-element elementor-element-b294607 e-grid e-con-boxed e-con e-parent\" data-id=\"b294607\" data-element_type=\"container\" data-settings=\"{&quot;ekit_has_onepagescroll_dot&quot;:&quot;yes&quot;}\">\n\t\t\t\t\t<div class=\"e-con-inner\">\n\t\t<div class=\"elementor-element elementor-element-d5d513c e-con-full e-flex e-con e-child\" data-id=\"d5d513c\" data-element_type=\"container\" data-settings=\"{&quot;ekit_has_onepagescroll_dot&quot;:&quot;yes&quot;}\">\n\t\t\t\t<div class=\"elementor-element elementor-element-5060f06 elementor-widget elementor-widget-text-editor\" data-id=\"5060f06\" data-element_type=\"widget\" data-settings=\"{&quot;ekit_we_effect_on&quot;:&quot;none&quot;}\" data-widget_type=\"text-editor.default\">\n\t\t\t\t<div class=\"elementor-widget-container\">\n\t\t\t\t\t\t\t\t\tNuestra empresa cumple estrictamente con las leyes y regulaciones en las operaciones locales.\t\t\t\t\t\t\t\t<\/div>\n\t\t\t\t<\/div>\n\t\t\t\t<\/div>\n\t\t<div class=\"elementor-element elementor-element-9840be3 e-con-full e-flex e-con e-child\" data-id=\"9840be3\" data-element_type=\"container\" data-settings=\"{&quot;ekit_has_onepagescroll_dot&quot;:&quot;yes&quot;}\">\n\t\t\t\t<div class=\"elementor-element elementor-element-e3c90a5 elementor-widget elementor-widget-text-editor\" data-id=\"e3c90a5\" data-element_type=\"widget\" data-settings=\"{&quot;ekit_we_effect_on&quot;:&quot;none&quot;}\" data-widget_type=\"text-editor.default\">\n\t\t\t\t<div class=\"elementor-widget-container\">\n\t\t\t\t\t\t\t\t\tUnidos para combatir la contaminaci\u00f3n local. Los empleados se ofrecen como voluntarios para ayudar con el reciclaje de residuos de producci\u00f3n y comparten las mejores pr\u00e1cticas de la industria qu\u00edmica para hacer que el proceso de reciclaje sea m\u00e1s seguro para todos los voluntarios de la asociaci\u00f3n.\t\t\t\t\t\t\t\t<\/div>\n\t\t\t\t<\/div>\n\t\t\t\t<\/div>\n\t\t<div class=\"elementor-element elementor-element-a218f3b e-con-full e-flex e-con e-child\" data-id=\"a218f3b\" data-element_type=\"container\" data-settings=\"{&quot;ekit_has_onepagescroll_dot&quot;:&quot;yes&quot;}\">\n\t\t\t\t<div class=\"elementor-element elementor-element-7044946 elementor-widget elementor-widget-text-editor\" data-id=\"7044946\" data-element_type=\"widget\" data-settings=\"{&quot;ekit_we_effect_on&quot;:&quot;none&quot;}\" data-widget_type=\"text-editor.default\">\n\t\t\t\t<div class=\"elementor-widget-container\">\n\t\t\t\t\t\t\t\t\tEn NOVASTAR, damos gran importancia a nuestras relaciones con las comunidades locales, especialmente donde se encuentran nuestras operaciones y f\u00e1bricas. Auditamos regularmente el rendimiento de cada f\u00e1brica para garantizar que la comunidad local est\u00e9 informada e involucrada. \t\t\t\t\t\t\t\t<\/div>\n\t\t\t\t<\/div>\n\t\t\t\t<\/div>\n\t\t\t\t\t<\/div>\n\t\t\t\t<\/div>\n\t\t<div class=\"elementor-element elementor-element-cd21dbe e-flex e-con-boxed e-con e-parent\" data-id=\"cd21dbe\" data-element_type=\"container\" data-settings=\"{&quot;background_background&quot;:&quot;classic&quot;,&quot;ekit_has_onepagescroll_dot&quot;:&quot;yes&quot;}\">\n\t\t\t\t\t<div class=\"e-con-inner\">\n\t\t<div class=\"elementor-element elementor-element-0b32905 e-con-full e-flex e-con e-child\" data-id=\"0b32905\" data-element_type=\"container\" data-settings=\"{&quot;ekit_has_onepagescroll_dot&quot;:&quot;yes&quot;}\">\n\t\t\t\t<div class=\"elementor-element elementor-element-7fcd2ec elementor-view-default elementor-widget elementor-widget-icon\" data-id=\"7fcd2ec\" data-element_type=\"widget\" data-settings=\"{&quot;ekit_we_effect_on&quot;:&quot;none&quot;}\" data-widget_type=\"icon.default\">\n\t\t\t\t<div class=\"elementor-widget-container\">\n\t\t\t\t\t\t\t<div class=\"elementor-icon-wrapper\">\n\t\t\t<div class=\"elementor-icon\">\n\t\t\t<svg xmlns=\"http:\/\/www.w3.org\/2000\/svg\" id=\"_&#x56FE;&#x5C42;_2\" data-name=\"&#x56FE;&#x5C42; 2\" viewbox=\"0 0 111.69 167.53\"><defs><style>      .cls-1 {        fill: #fad8be;      }      .cls-1, .cls-2 {        stroke-width: 0px;      }      .cls-2 {        fill: #f47b25;      }    <\/style><\/defs><g id=\"_&#x56FE;&#x5C42;_1-2\" data-name=\"&#x56FE;&#x5C42; 1\"><g><circle class=\"cls-1\" cx=\"55.84\" cy=\"55.84\" r=\"55.84\"><\/circle><circle class=\"cls-2\" cx=\"55.84\" cy=\"111.69\" r=\"55.84\"><\/circle><\/g><\/g><\/svg>\t\t\t<\/div>\n\t\t<\/div>\n\t\t\t\t\t\t<\/div>\n\t\t\t\t<\/div>\n\t\t<div class=\"elementor-element elementor-element-31d6f28 e-con-full e-flex e-con e-child\" data-id=\"31d6f28\" data-element_type=\"container\" data-settings=\"{&quot;ekit_has_onepagescroll_dot&quot;:&quot;yes&quot;}\">\n\t\t\t\t<div class=\"elementor-element elementor-element-a93371c elementor-widget elementor-widget-heading\" data-id=\"a93371c\" data-element_type=\"widget\" data-settings=\"{&quot;ekit_we_effect_on&quot;:&quot;none&quot;}\" data-widget_type=\"heading.default\">\n\t\t\t\t<div class=\"elementor-widget-container\">\n\t\t\t\t\t<h2 class=\"elementor-heading-title elementor-size-default\">Apoyo a la construcci\u00f3n y desarrollo local<\/h2>\t\t\t\t<\/div>\n\t\t\t\t<\/div>\n\t\t\t\t<\/div>\n\t\t\t\t<\/div>\n\t\t\t\t<div class=\"elementor-element elementor-element-8b8497c elementor-widget__width-initial elementor-widget elementor-widget-text-editor\" data-id=\"8b8497c\" data-element_type=\"widget\" data-settings=\"{&quot;ekit_we_effect_on&quot;:&quot;none&quot;}\" data-widget_type=\"text-editor.default\">\n\t\t\t\t<div class=\"elementor-widget-container\">\n\t\t\t\t\t\t\t\t\tEn NOVASTAR, reconocemos que nuestro \u00e9xito est\u00e1 profundamente ligado a la prosperidad de las comunidades donde operamos. M\u00e1s all\u00e1 del crecimiento empresarial, estamos dedicados a crear un valor social duradero invirtiendo en infraestructura local y en la capacitaci\u00f3n educativa. Nuestras iniciativas se centran en construir comunidades resilientes, fomentar un crecimiento inclusivo y garantizar un desarrollo sostenible para las futuras generaciones.\t\t\t\t\t\t\t\t<\/div>\n\t\t\t\t<\/div>\n\t\t<div class=\"elementor-element elementor-element-5db46b7 e-con-full e-flex e-con e-child\" data-id=\"5db46b7\" data-element_type=\"container\" data-settings=\"{&quot;ekit_has_onepagescroll_dot&quot;:&quot;yes&quot;}\">\n\t\t<div class=\"elementor-element elementor-element-15c8607 e-con-full e-flex e-con e-child\" data-id=\"15c8607\" data-element_type=\"container\" data-settings=\"{&quot;ekit_has_onepagescroll_dot&quot;:&quot;yes&quot;}\">\n\t\t\t\t<div class=\"elementor-element elementor-element-3d8989a elementor-widget elementor-widget-image\" data-id=\"3d8989a\" data-element_type=\"widget\" data-settings=\"{&quot;ekit_we_effect_on&quot;:&quot;none&quot;}\" data-widget_type=\"image.default\">\n\t\t\t\t<div class=\"elementor-widget-container\">\n\t\t\t\t\t\t\t\t\t\t\t\t\t\t\t<img decoding=\"async\" width=\"800\" height=\"532\" src=\"https:\/\/landuchem.com\/wp-content\/uploads\/2025\/04\/workers-operating-asphalt-paver-machine-during-road-construction-and-repairing-works-1024x681.jpg\" class=\"attachment-large size-large wp-image-10293\" alt=\"Trabajadores operando una m\u00e1quina pavimentadora de asfalto durante trabajos de construcci\u00f3n y reparaci\u00f3n de carreteras\" srcset=\"https:\/\/landuchem.com\/wp-content\/uploads\/2025\/04\/workers-operating-asphalt-paver-machine-during-road-construction-and-repairing-works-1024x681.jpg 1024w, https:\/\/landuchem.com\/wp-content\/uploads\/2025\/04\/workers-operating-asphalt-paver-machine-during-road-construction-and-repairing-works-300x200.jpg 300w, https:\/\/landuchem.com\/wp-content\/uploads\/2025\/04\/workers-operating-asphalt-paver-machine-during-road-construction-and-repairing-works-768x511.jpg 768w, https:\/\/landuchem.com\/wp-content\/uploads\/2025\/04\/workers-operating-asphalt-paver-machine-during-road-construction-and-repairing-works-1536x1021.jpg 1536w, https:\/\/landuchem.com\/wp-content\/uploads\/2025\/04\/workers-operating-asphalt-paver-machine-during-road-construction-and-repairing-works.jpg 2000w\" sizes=\"(max-width: 800px) 100vw, 800px\" \/>\t\t\t\t\t\t\t\t\t\t\t\t\t\t\t<\/div>\n\t\t\t\t<\/div>\n\t\t\t\t<\/div>\n\t\t<div class=\"elementor-element elementor-element-406f415 e-con-full e-flex e-con e-child\" data-id=\"406f415\" data-element_type=\"container\" data-settings=\"{&quot;ekit_has_onepagescroll_dot&quot;:&quot;yes&quot;}\">\n\t\t\t\t<div class=\"elementor-element elementor-element-c9e63f6 elementor-widget elementor-widget-heading\" data-id=\"c9e63f6\" data-element_type=\"widget\" data-settings=\"{&quot;ekit_we_effect_on&quot;:&quot;none&quot;}\" data-widget_type=\"heading.default\">\n\t\t\t\t<div class=\"elementor-widget-container\">\n\t\t\t\t\t<h3 class=\"elementor-heading-title elementor-size-default\">1. Fortalecimiento de la infraestructura local<\/h3>\t\t\t\t<\/div>\n\t\t\t\t<\/div>\n\t\t\t\t<div class=\"elementor-element elementor-element-2b7c194 elementor-widget elementor-widget-text-editor\" data-id=\"2b7c194\" data-element_type=\"widget\" data-settings=\"{&quot;ekit_we_effect_on&quot;:&quot;none&quot;}\" data-widget_type=\"text-editor.default\">\n\t\t\t\t<div class=\"elementor-widget-container\">\n\t\t\t\t\t\t\t\t\tColaboramos con gobiernos y ONG para mejorar infraestructuras cr\u00edticas, asegurando que las comunidades tengan acceso a servicios esenciales. Participamos en la construcci\u00f3n de carreteras y reparaciones de puentes para mejorar la movilidad y el acceso econ\u00f3mico.\t\t\t\t\t\t\t\t<\/div>\n\t\t\t\t<\/div>\n\t\t\t\t<\/div>\n\t\t\t\t<\/div>\n\t\t<div class=\"elementor-element elementor-element-b50e368 e-con-full e-flex e-con e-child\" data-id=\"b50e368\" data-element_type=\"container\" data-settings=\"{&quot;ekit_has_onepagescroll_dot&quot;:&quot;yes&quot;}\">\n\t\t<div class=\"elementor-element elementor-element-b5ae74a e-con-full e-flex e-con e-child\" data-id=\"b5ae74a\" data-element_type=\"container\" data-settings=\"{&quot;ekit_has_onepagescroll_dot&quot;:&quot;yes&quot;}\">\n\t\t\t\t<div class=\"elementor-element elementor-element-094dca1 elementor-widget elementor-widget-image\" data-id=\"094dca1\" data-element_type=\"widget\" data-settings=\"{&quot;ekit_we_effect_on&quot;:&quot;none&quot;}\" data-widget_type=\"image.default\">\n\t\t\t\t<div class=\"elementor-widget-container\">\n\t\t\t\t\t\t\t\t\t\t\t\t\t\t\t<img decoding=\"async\" width=\"800\" height=\"533\" src=\"https:\/\/landuchem.com\/wp-content\/uploads\/2025\/04\/happy-asian-children-girl-with-wind-turbine-in-the-garden-1024x682.jpg\" class=\"attachment-large size-large wp-image-10294\" alt=\"Ni\u00f1a asi\u00e1tica feliz con aerogenerador en el jard\u00edn\" srcset=\"https:\/\/landuchem.com\/wp-content\/uploads\/2025\/04\/happy-asian-children-girl-with-wind-turbine-in-the-garden-1024x682.jpg 1024w, https:\/\/landuchem.com\/wp-content\/uploads\/2025\/04\/happy-asian-children-girl-with-wind-turbine-in-the-garden-300x200.jpg 300w, https:\/\/landuchem.com\/wp-content\/uploads\/2025\/04\/happy-asian-children-girl-with-wind-turbine-in-the-garden-768x512.jpg 768w, https:\/\/landuchem.com\/wp-content\/uploads\/2025\/04\/happy-asian-children-girl-with-wind-turbine-in-the-garden-1536x1024.jpg 1536w, https:\/\/landuchem.com\/wp-content\/uploads\/2025\/04\/happy-asian-children-girl-with-wind-turbine-in-the-garden.jpg 2000w\" sizes=\"(max-width: 800px) 100vw, 800px\" \/>\t\t\t\t\t\t\t\t\t\t\t\t\t\t\t<\/div>\n\t\t\t\t<\/div>\n\t\t\t\t<\/div>\n\t\t<div class=\"elementor-element elementor-element-1442c75 e-con-full e-flex e-con e-child\" data-id=\"1442c75\" data-element_type=\"container\" data-settings=\"{&quot;ekit_has_onepagescroll_dot&quot;:&quot;yes&quot;}\">\n\t\t\t\t<div class=\"elementor-element elementor-element-60bf04f elementor-widget elementor-widget-heading\" data-id=\"60bf04f\" data-element_type=\"widget\" data-settings=\"{&quot;ekit_we_effect_on&quot;:&quot;none&quot;}\" data-widget_type=\"heading.default\">\n\t\t\t\t<div class=\"elementor-widget-container\">\n\t\t\t\t\t<h3 class=\"elementor-heading-title elementor-size-default\">2. Potenciaci\u00f3n de la educaci\u00f3n y desarrollo de habilidades<\/h3>\t\t\t\t<\/div>\n\t\t\t\t<\/div>\n\t\t\t\t<div class=\"elementor-element elementor-element-16960ac elementor-widget elementor-widget-text-editor\" data-id=\"16960ac\" data-element_type=\"widget\" data-settings=\"{&quot;ekit_we_effect_on&quot;:&quot;none&quot;}\" data-widget_type=\"text-editor.default\">\n\t\t\t\t<div class=\"elementor-widget-container\">\n\t\t\t\t\t\t\t\t\tLa educaci\u00f3n es la base del desarrollo social. Invertimos en un aprendizaje preparado para el futuro, proporcionando ayuda financiera y mentor\u00eda a estudiantes con alto potencial en campos t\u00e9cnicos y vocacionales. Colaboramos con institutos vocacionales para ofrecer programas de habilidades certificadas (por ejemplo, energ\u00edas renovables, fabricaci\u00f3n avanzada) que se alineen con las necesidades de la industria.\t\t\t\t\t\t\t\t<\/div>\n\t\t\t\t<\/div>\n\t\t\t\t<\/div>\n\t\t\t\t<\/div>\n\t\t\t\t\t<\/div>\n\t\t\t\t<\/div>\n\t\t\t\t<\/div>","protected":false},"excerpt":{"rendered":"<p>Community Engagement and Contribution Our corporate social responsibility (CSR) is a fundamental element of our commitment to and contribution towards a sustainable future. Responsible Manufacturing Operation The first point of fulfilling social responsibility is to fulfill the duties of the enterprise itself well. We strictly abide by the production operation requirements for enterprises stipulated by [&hellip;]<\/p>","protected":false},"author":1,"featured_media":0,"parent":4745,"menu_order":0,"comment_status":"closed","ping_status":"closed","template":"elementor_header_footer","meta":{"footnotes":""},"class_list":["post-10274","page","type-page","status-publish","hentry"],"_links":{"self":[{"href":"https:\/\/landuchem.com\/es\/wp-json\/wp\/v2\/pages\/10274","targetHints":{"allow":["GET"]}}],"collection":[{"href":"https:\/\/landuchem.com\/es\/wp-json\/wp\/v2\/pages"}],"about":[{"href":"https:\/\/landuchem.com\/es\/wp-json\/wp\/v2\/types\/page"}],"author":[{"embeddable":true,"href":"https:\/\/landuchem.com\/es\/wp-json\/wp\/v2\/users\/1"}],"replies":[{"embeddable":true,"href":"https:\/\/landuchem.com\/es\/wp-json\/wp\/v2\/comments?post=10274"}],"version-history":[{"count":11,"href":"https:\/\/landuchem.com\/es\/wp-json\/wp\/v2\/pages\/10274\/revisions"}],"predecessor-version":[{"id":12980,"href":"https:\/\/landuchem.com\/es\/wp-json\/wp\/v2\/pages\/10274\/revisions\/12980"}],"up":[{"embeddable":true,"href":"https:\/\/landuchem.com\/es\/wp-json\/wp\/v2\/pages\/4745"}],"wp:attachment":[{"href":"https:\/\/landuchem.com\/es\/wp-json\/wp\/v2\/media?parent=10274"}],"curies":[{"name":"wp","href":"https:\/\/api.w.org\/{rel}","templated":true}]}}