{"id":8957,"date":"2025-04-27T10:05:06","date_gmt":"2025-04-27T10:05:06","guid":{"rendered":"https:\/\/landuchem.com\/?page_id=8957"},"modified":"2025-08-27T02:13:36","modified_gmt":"2025-08-27T02:13:36","slug":"arbeitsplatze-und-wirtschaftliche-impulse","status":"publish","type":"page","link":"https:\/\/landuchem.com\/de\/nachhaltigkeit\/wohlstandsforderung-gesellschaft-und-wirtschaft\/arbeitsplatze-und-wirtschaftliche-impulse\/","title":{"rendered":"Arbeitspl\u00e4tze und wirtschaftliche Impulse"},"content":{"rendered":"<div data-elementor-type=\"wp-page\" data-elementor-id=\"8957\" class=\"elementor elementor-8957\" data-elementor-post-type=\"page\">\n\t\t\t\t<div class=\"elementor-element elementor-element-b8ed35a e-flex e-con-boxed e-con e-parent\" data-id=\"b8ed35a\" data-element_type=\"container\" data-settings=\"{&quot;background_background&quot;:&quot;classic&quot;,&quot;ekit_has_onepagescroll_dot&quot;:&quot;yes&quot;}\">\n\t\t\t\t\t<div class=\"e-con-inner\">\n\t\t\t\t<div class=\"elementor-element elementor-element-a72b32f elementor-widget elementor-widget-heading\" data-id=\"a72b32f\" data-element_type=\"widget\" data-settings=\"{&quot;ekit_we_effect_on&quot;:&quot;none&quot;}\" data-widget_type=\"heading.default\">\n\t\t\t\t<div class=\"elementor-widget-container\">\n\t\t\t\t\t<h1 class=\"elementor-heading-title elementor-size-default\">Arbeitspl\u00e4tze und wirtschaftliche Impulse<\/h1>\t\t\t\t<\/div>\n\t\t\t\t<\/div>\n\t\t\t\t\t<\/div>\n\t\t\t\t<\/div>\n\t\t<div class=\"elementor-element elementor-element-fab71a8 e-flex e-con-boxed e-con e-child\" data-id=\"fab71a8\" data-element_type=\"container\" data-settings=\"{&quot;ekit_has_onepagescroll_dot&quot;:&quot;yes&quot;}\">\n\t\t\t\t\t<div class=\"e-con-inner\">\n\t\t<div class=\"elementor-element elementor-element-d2ef574 e-con-full e-flex e-con e-child\" data-id=\"d2ef574\" data-element_type=\"container\" data-settings=\"{&quot;ekit_has_onepagescroll_dot&quot;:&quot;yes&quot;}\">\n\t\t<div class=\"elementor-element elementor-element-43f9e23 e-con-full e-flex e-con e-child\" data-id=\"43f9e23\" data-element_type=\"container\" data-settings=\"{&quot;ekit_has_onepagescroll_dot&quot;:&quot;yes&quot;}\">\n\t\t\t\t<div class=\"elementor-element elementor-element-7efc05d elementor-view-default elementor-widget elementor-widget-icon\" data-id=\"7efc05d\" data-element_type=\"widget\" data-settings=\"{&quot;ekit_we_effect_on&quot;:&quot;none&quot;}\" data-widget_type=\"icon.default\">\n\t\t\t\t<div class=\"elementor-widget-container\">\n\t\t\t\t\t\t\t<div class=\"elementor-icon-wrapper\">\n\t\t\t<div class=\"elementor-icon\">\n\t\t\t<svg xmlns=\"http:\/\/www.w3.org\/2000\/svg\" id=\"_&#x56FE;&#x5C42;_2\" data-name=\"&#x56FE;&#x5C42; 2\" viewbox=\"0 0 111.69 167.53\"><defs><style>      .cls-1 {        fill: #fad8be;      }      .cls-1, .cls-2 {        stroke-width: 0px;      }      .cls-2 {        fill: #f47b25;      }    <\/style><\/defs><g id=\"_&#x56FE;&#x5C42;_1-2\" data-name=\"&#x56FE;&#x5C42; 1\"><g><circle class=\"cls-1\" cx=\"55.84\" cy=\"55.84\" r=\"55.84\"><\/circle><circle class=\"cls-2\" cx=\"55.84\" cy=\"111.69\" r=\"55.84\"><\/circle><\/g><\/g><\/svg>\t\t\t<\/div>\n\t\t<\/div>\n\t\t\t\t\t\t<\/div>\n\t\t\t\t<\/div>\n\t\t<div class=\"elementor-element elementor-element-a3a2d73 e-con-full e-flex e-con e-child\" data-id=\"a3a2d73\" data-element_type=\"container\" data-settings=\"{&quot;ekit_has_onepagescroll_dot&quot;:&quot;yes&quot;}\">\n\t\t\t\t<div class=\"elementor-element elementor-element-0595a9b elementor-widget elementor-widget-heading\" data-id=\"0595a9b\" data-element_type=\"widget\" data-settings=\"{&quot;ekit_we_effect_on&quot;:&quot;none&quot;}\" data-widget_type=\"heading.default\">\n\t\t\t\t<div class=\"elementor-widget-container\">\n\t\t\t\t\t<h2 class=\"elementor-heading-title elementor-size-default\">Lokales Besch\u00e4ftigungs- und Qualifizierungsprogramm<\/h2>\t\t\t\t<\/div>\n\t\t\t\t<\/div>\n\t\t\t\t<\/div>\n\t\t\t\t<\/div>\n\t\t\t\t<div class=\"elementor-element elementor-element-fe25c6b elementor-widget__width-initial elementor-widget elementor-widget-text-editor\" data-id=\"fe25c6b\" data-element_type=\"widget\" data-settings=\"{&quot;ekit_we_effect_on&quot;:&quot;none&quot;}\" data-widget_type=\"text-editor.default\">\n\t\t\t\t<div class=\"elementor-widget-container\">\n\t\t\t\t\t\t\t\t\tLANDU hat ein tiefgehendes Verst\u00e4ndnis und Bedenken hinsichtlich der Probleme der modernen Gesellschaft, einschlie\u00dflich einer alternden Belegschaft, niedrigem Wachstum der Arbeitsproduktivit\u00e4t, anhaltender regionaler Unterschiede und allgegenw\u00e4rtigem Arbeitskr\u00e4ftemangel. Wir haben beschlossen, konkrete Ma\u00dfnahmen zu ergreifen, um einen Unterschied zu machen, und haben daher das Lokale Besch\u00e4ftigungs- und Qualifizierungsprogramm umgesetzt.\t\t\t\t\t\t\t\t<\/div>\n\t\t\t\t<\/div>\n\t\t\t\t<div class=\"elementor-element elementor-element-5c8eed4 elementor-widget-divider--view-line elementor-widget elementor-widget-divider\" data-id=\"5c8eed4\" data-element_type=\"widget\" data-settings=\"{&quot;ekit_we_effect_on&quot;:&quot;none&quot;}\" data-widget_type=\"divider.default\">\n\t\t\t\t<div class=\"elementor-widget-container\">\n\t\t\t\t\t\t\t<div class=\"elementor-divider\">\n\t\t\t<span class=\"elementor-divider-separator\">\n\t\t\t\t\t\t<\/span>\n\t\t<\/div>\n\t\t\t\t\t\t<\/div>\n\t\t\t\t<\/div>\n\t\t\t\t<\/div>\n\t\t<div class=\"elementor-element elementor-element-f7d65ca e-con-full e-flex e-con e-child\" data-id=\"f7d65ca\" data-element_type=\"container\" data-settings=\"{&quot;ekit_has_onepagescroll_dot&quot;:&quot;yes&quot;}\">\n\t\t\t\t<div class=\"elementor-element elementor-element-244deb1 elementor-widget elementor-widget-image\" data-id=\"244deb1\" data-element_type=\"widget\" data-settings=\"{&quot;ekit_we_effect_on&quot;:&quot;none&quot;}\" data-widget_type=\"image.default\">\n\t\t\t\t<div class=\"elementor-widget-container\">\n\t\t\t\t\t\t\t\t\t\t\t\t\t\t\t<img fetchpriority=\"high\" decoding=\"async\" width=\"800\" height=\"534\" src=\"https:\/\/landuchem.com\/wp-content\/uploads\/2025\/04\/lgbt-community-in-society-1024x684.jpg\" class=\"attachment-large size-large wp-image-10140\" alt=\"LGBT+ Gemeinschaft in der Gesellschaft\" srcset=\"https:\/\/landuchem.com\/wp-content\/uploads\/2025\/04\/lgbt-community-in-society-1024x684.jpg 1024w, https:\/\/landuchem.com\/wp-content\/uploads\/2025\/04\/lgbt-community-in-society-300x200.jpg 300w, https:\/\/landuchem.com\/wp-content\/uploads\/2025\/04\/lgbt-community-in-society-768x513.jpg 768w, https:\/\/landuchem.com\/wp-content\/uploads\/2025\/04\/lgbt-community-in-society-1536x1026.jpg 1536w, https:\/\/landuchem.com\/wp-content\/uploads\/2025\/04\/lgbt-community-in-society.jpg 2000w\" sizes=\"(max-width: 800px) 100vw, 800px\" \/>\t\t\t\t\t\t\t\t\t\t\t\t\t\t\t<\/div>\n\t\t\t\t<\/div>\n\t\t\t\t<\/div>\n\t\t\t\t\t<\/div>\n\t\t\t\t<\/div>\n\t\t<div class=\"elementor-element elementor-element-163bac2 e-flex e-con-boxed e-con e-parent\" data-id=\"163bac2\" data-element_type=\"container\" data-settings=\"{&quot;background_background&quot;:&quot;classic&quot;,&quot;ekit_has_onepagescroll_dot&quot;:&quot;yes&quot;}\">\n\t\t\t\t\t<div class=\"e-con-inner\">\n\t\t<div class=\"elementor-element elementor-element-545c506 e-con-full e-flex e-con e-child\" data-id=\"545c506\" data-element_type=\"container\" data-settings=\"{&quot;ekit_has_onepagescroll_dot&quot;:&quot;yes&quot;}\">\n\t\t\t\t<div class=\"elementor-element elementor-element-b7acf18 elementor-widget elementor-widget-image\" data-id=\"b7acf18\" data-element_type=\"widget\" data-settings=\"{&quot;ekit_we_effect_on&quot;:&quot;none&quot;}\" data-widget_type=\"image.default\">\n\t\t\t\t<div class=\"elementor-widget-container\">\n\t\t\t\t\t\t\t\t\t\t\t\t\t\t\t<img decoding=\"async\" width=\"800\" height=\"533\" src=\"https:\/\/landuchem.com\/wp-content\/uploads\/2025\/04\/digital-illustration-of-the-network-and-data-concept-in-the-hands-in-3d-1024x682.jpg\" class=\"attachment-large size-large wp-image-10139\" alt=\"Digitale Illustration des Netzwerks- und Datenkonzepts in den H\u00e4nden in 3D\" srcset=\"https:\/\/landuchem.com\/wp-content\/uploads\/2025\/04\/digital-illustration-of-the-network-and-data-concept-in-the-hands-in-3d-1024x682.jpg 1024w, https:\/\/landuchem.com\/wp-content\/uploads\/2025\/04\/digital-illustration-of-the-network-and-data-concept-in-the-hands-in-3d-300x200.jpg 300w, https:\/\/landuchem.com\/wp-content\/uploads\/2025\/04\/digital-illustration-of-the-network-and-data-concept-in-the-hands-in-3d-768x512.jpg 768w, https:\/\/landuchem.com\/wp-content\/uploads\/2025\/04\/digital-illustration-of-the-network-and-data-concept-in-the-hands-in-3d-1536x1024.jpg 1536w, https:\/\/landuchem.com\/wp-content\/uploads\/2025\/04\/digital-illustration-of-the-network-and-data-concept-in-the-hands-in-3d.jpg 2000w\" sizes=\"(max-width: 800px) 100vw, 800px\" \/>\t\t\t\t\t\t\t\t\t\t\t\t\t\t\t<\/div>\n\t\t\t\t<\/div>\n\t\t\t\t<\/div>\n\t\t<div class=\"elementor-element elementor-element-4722480 e-con-full e-flex e-con e-child\" data-id=\"4722480\" data-element_type=\"container\" data-settings=\"{&quot;ekit_has_onepagescroll_dot&quot;:&quot;yes&quot;}\">\n\t\t\t\t<div class=\"elementor-element elementor-element-901a9e8 elementor-widget elementor-widget-text-editor\" data-id=\"901a9e8\" data-element_type=\"widget\" data-settings=\"{&quot;ekit_we_effect_on&quot;:&quot;none&quot;}\" data-widget_type=\"text-editor.default\">\n\t\t\t\t<div class=\"elementor-widget-container\">\n\t\t\t\t\t\t\t\t\t<p>LANDU ist der Ansicht, dass lokale Besch\u00e4ftigung ein wirksames Mittel ist, um die industrielle Aufr\u00fcstung zu f\u00f6rdern, die hochqualifizierte Fertigungstalente anzieht, sich niederzulassen. Insbesondere hat LANDU zusammen mit unseren zuverl\u00e4ssigen Partnern innerhalb von drei Jahren 12 Unternehmen aus der vorgelagerten und nachgelagerten Wertsch\u00f6pfungskette durch gezielte Schulungspl\u00e4ne gewonnen.<\/p>\t\t\t\t\t\t\t\t<\/div>\n\t\t\t\t<\/div>\n\t\t\t\t<div class=\"elementor-element elementor-element-44f82b4 elementor-widget-divider--view-line elementor-widget elementor-widget-divider\" data-id=\"44f82b4\" data-element_type=\"widget\" data-settings=\"{&quot;ekit_we_effect_on&quot;:&quot;none&quot;}\" data-widget_type=\"divider.default\">\n\t\t\t\t<div class=\"elementor-widget-container\">\n\t\t\t\t\t\t\t<div class=\"elementor-divider\">\n\t\t\t<span class=\"elementor-divider-separator\">\n\t\t\t\t\t\t<\/span>\n\t\t<\/div>\n\t\t\t\t\t\t<\/div>\n\t\t\t\t<\/div>\n\t\t\t\t<div class=\"elementor-element elementor-element-b472c50 elementor-widget elementor-widget-text-editor\" data-id=\"b472c50\" data-element_type=\"widget\" data-settings=\"{&quot;ekit_we_effect_on&quot;:&quot;none&quot;}\" data-widget_type=\"text-editor.default\">\n\t\t\t\t<div class=\"elementor-widget-container\">\n\t\t\t\t\t\t\t\t\tWir behaupten, dass die Entwicklung von F\u00e4higkeiten wesentlich ist, um die Chancen und Herausforderungen zu bew\u00e4ltigen, die sich aus den neuen Anforderungen sich wandelnder Volkswirtschaften und neuer Technologien im Kontext der Globalisierung ergeben. Die Prinzipien und Werte anst\u00e4ndiger Arbeit leiten die Gestaltung und Umsetzung der Qualifizierungsentwicklung und sind ein wirksames Mittel, um sozial gerechte \u00dcberg\u00e4nge effizient zu steuern. \t\t\t\t\t\t\t\t<\/div>\n\t\t\t\t<\/div>\n\t\t\t\t<\/div>\n\t\t\t\t\t<\/div>\n\t\t\t\t<\/div>\n\t\t\t\t<\/div>","protected":false},"excerpt":{"rendered":"<p>Jobs and Economic Ripple Effects Local Employment and Skill Development Program LANDU has a deep understanding and concerns about modern society facing problems, including an aging workforce, low labor productivity growth, persistent regional disparities, and pervasive labor shortage. We decided to take concrete actions to make a difference, and thus implemented the Local Employment and [&hellip;]<\/p>","protected":false},"author":1,"featured_media":0,"parent":10136,"menu_order":0,"comment_status":"closed","ping_status":"closed","template":"elementor_header_footer","meta":{"footnotes":""},"class_list":["post-8957","page","type-page","status-publish","hentry"],"_links":{"self":[{"href":"https:\/\/landuchem.com\/de\/wp-json\/wp\/v2\/pages\/8957","targetHints":{"allow":["GET"]}}],"collection":[{"href":"https:\/\/landuchem.com\/de\/wp-json\/wp\/v2\/pages"}],"about":[{"href":"https:\/\/landuchem.com\/de\/wp-json\/wp\/v2\/types\/page"}],"author":[{"embeddable":true,"href":"https:\/\/landuchem.com\/de\/wp-json\/wp\/v2\/users\/1"}],"replies":[{"embeddable":true,"href":"https:\/\/landuchem.com\/de\/wp-json\/wp\/v2\/comments?post=8957"}],"version-history":[{"count":20,"href":"https:\/\/landuchem.com\/de\/wp-json\/wp\/v2\/pages\/8957\/revisions"}],"predecessor-version":[{"id":13007,"href":"https:\/\/landuchem.com\/de\/wp-json\/wp\/v2\/pages\/8957\/revisions\/13007"}],"up":[{"embeddable":true,"href":"https:\/\/landuchem.com\/de\/wp-json\/wp\/v2\/pages\/10136"}],"wp:attachment":[{"href":"https:\/\/landuchem.com\/de\/wp-json\/wp\/v2\/media?parent=8957"}],"curies":[{"name":"wp","href":"https:\/\/api.w.org\/{rel}","templated":true}]}}