{"id":5143,"date":"2025-04-22T09:21:12","date_gmt":"2025-04-22T09:21:12","guid":{"rendered":"https:\/\/landuchem.com\/?page_id=5143"},"modified":"2025-08-27T03:05:08","modified_gmt":"2025-08-27T03:05:08","slug":"globale-herausforderungen-und-nachhaltige-losungen","status":"publish","type":"page","link":"https:\/\/landuchem.com\/de\/nachhaltigkeit\/planet-unser-engagement-fur-nachhaltiges-leben\/globale-herausforderungen-und-nachhaltige-losungen\/","title":{"rendered":"Globale Herausforderungen und nachhaltige L\u00f6sungen"},"content":{"rendered":"<div data-elementor-type=\"wp-page\" data-elementor-id=\"5143\" class=\"elementor elementor-5143\" data-elementor-post-type=\"page\">\n\t\t\t\t<div class=\"elementor-element elementor-element-4f03674 e-flex e-con-boxed e-con e-parent\" data-id=\"4f03674\" data-element_type=\"container\" data-settings=\"{&quot;background_background&quot;:&quot;classic&quot;,&quot;ekit_has_onepagescroll_dot&quot;:&quot;yes&quot;}\">\n\t\t\t\t\t<div class=\"e-con-inner\">\n\t\t\t\t\t<\/div>\n\t\t\t\t<\/div>\n\t\t<div class=\"elementor-element elementor-element-6df1b60 e-flex e-con-boxed e-con e-parent\" data-id=\"6df1b60\" data-element_type=\"container\" data-settings=\"{&quot;ekit_has_onepagescroll_dot&quot;:&quot;yes&quot;}\">\n\t\t\t\t\t<div class=\"e-con-inner\">\n\t\t<div class=\"elementor-element elementor-element-c51a482 e-con-full e-flex e-con e-child\" data-id=\"c51a482\" data-element_type=\"container\" data-settings=\"{&quot;ekit_has_onepagescroll_dot&quot;:&quot;yes&quot;}\">\n\t\t<div class=\"elementor-element elementor-element-5e3bead e-con-full e-flex e-con e-child\" data-id=\"5e3bead\" data-element_type=\"container\" data-settings=\"{&quot;ekit_has_onepagescroll_dot&quot;:&quot;yes&quot;}\">\n\t\t\t\t<div class=\"elementor-element elementor-element-7936fad elementor-view-default elementor-widget elementor-widget-icon\" data-id=\"7936fad\" data-element_type=\"widget\" data-settings=\"{&quot;ekit_we_effect_on&quot;:&quot;none&quot;}\" data-widget_type=\"icon.default\">\n\t\t\t\t<div class=\"elementor-widget-container\">\n\t\t\t\t\t\t\t<div class=\"elementor-icon-wrapper\">\n\t\t\t<div class=\"elementor-icon\">\n\t\t\t<svg xmlns=\"http:\/\/www.w3.org\/2000\/svg\" id=\"_&#x56FE;&#x5C42;_2\" data-name=\"&#x56FE;&#x5C42; 2\" viewbox=\"0 0 111.69 167.53\"><defs><style>      .cls-1 {        fill: #fad8be;      }      .cls-1, .cls-2 {        stroke-width: 0px;      }      .cls-2 {        fill: #f47b25;      }    <\/style><\/defs><g id=\"_&#x56FE;&#x5C42;_1-2\" data-name=\"&#x56FE;&#x5C42; 1\"><g><circle class=\"cls-1\" cx=\"55.84\" cy=\"55.84\" r=\"55.84\"><\/circle><circle class=\"cls-2\" cx=\"55.84\" cy=\"111.69\" r=\"55.84\"><\/circle><\/g><\/g><\/svg>\t\t\t<\/div>\n\t\t<\/div>\n\t\t\t\t\t\t<\/div>\n\t\t\t\t<\/div>\n\t\t<div class=\"elementor-element elementor-element-2131a80 e-con-full e-flex e-con e-child\" data-id=\"2131a80\" data-element_type=\"container\" data-settings=\"{&quot;ekit_has_onepagescroll_dot&quot;:&quot;yes&quot;}\">\n\t\t\t\t<div class=\"elementor-element elementor-element-7589b6d elementor-widget elementor-widget-heading\" data-id=\"7589b6d\" data-element_type=\"widget\" data-settings=\"{&quot;ekit_we_effect_on&quot;:&quot;none&quot;}\" data-widget_type=\"heading.default\">\n\t\t\t\t<div class=\"elementor-widget-container\">\n\t\t\t\t\t<h2 class=\"elementor-heading-title elementor-size-default\">Adressierung globaler Herausforderungen mit nachhaltigen L\u00f6sungen<\/h2>\t\t\t\t<\/div>\n\t\t\t\t<\/div>\n\t\t\t\t<\/div>\n\t\t\t\t<\/div>\n\t\t\t\t<div class=\"elementor-element elementor-element-bf97e5e elementor-widget elementor-widget-text-editor\" data-id=\"bf97e5e\" data-element_type=\"widget\" data-settings=\"{&quot;ekit_we_effect_on&quot;:&quot;none&quot;}\" data-widget_type=\"text-editor.default\">\n\t\t\t\t<div class=\"elementor-widget-container\">\n\t\t\t\t\t\t\t\t\t<p>Laut den EPA-Daten von 2020 zum AirToxScreen leiden etwa 320 Millionen Menschen an einem lebenslangen Krebsrisiko durch outdoor-Exposition gegen\u00fcber Formaldehyd. Dies ist nicht das einzige Problem, dem wir gegen\u00fcberstehen. Globale Herausforderungen, einschlie\u00dflich steigender Temperaturen, Wasserqualit\u00e4tsprobleme und Versauerung, bedrohen zunehmend. Daher \u00fcbernimmt LANDU die Verantwortung, nachhaltige L\u00f6sungen anzubieten, um einen Unterschied zu machen.<\/p>\t\t\t\t\t\t\t\t<\/div>\n\t\t\t\t<\/div>\n\t\t\t\t<div class=\"elementor-element elementor-element-b6d9cce elementor-widget elementor-widget-heading\" data-id=\"b6d9cce\" data-element_type=\"widget\" data-settings=\"{&quot;ekit_we_effect_on&quot;:&quot;none&quot;}\" data-widget_type=\"heading.default\">\n\t\t\t\t<div class=\"elementor-widget-container\">\n\t\t\t\t\t<h2 class=\"elementor-heading-title elementor-size-default\">LANDU NOVASTARs Engagement f\u00fcr Umweltverantwortung <\/h2>\t\t\t\t<\/div>\n\t\t\t\t<\/div>\n\t\t\t\t<div class=\"elementor-element elementor-element-0f3da64 elementor-widget elementor-widget-text-editor\" data-id=\"0f3da64\" data-element_type=\"widget\" data-settings=\"{&quot;ekit_we_effect_on&quot;:&quot;none&quot;}\" data-widget_type=\"text-editor.default\">\n\t\t\t\t<div class=\"elementor-widget-container\">\n\t\t\t\t\t\t\t\t\t<p>\u201cUnsere fr\u00fchere Arbeit hat gezeigt, dass man die Leistung von Beton mit der Zugabe von nur 0,01 \u2013 0,1 Prozent NOVASTAR Polycarboxylat-Superplastifizierer dramatisch steigern kann\u201d, sagte LANDU CTO Herr Sun, der die Forschung und Entwicklung nachhaltiger L\u00f6sungen leitet. Dies ist ein Beispiel f\u00fcr tats\u00e4chliche Ver\u00e4nderungen, und diese Optimierung bringt eine Reihe von Vorteilen mit sich, einschlie\u00dflich einer formaldehydfreien Struktur.<\/p>\t\t\t\t\t\t\t\t<\/div>\n\t\t\t\t<\/div>\n\t\t\t\t<\/div>\n\t\t<div class=\"elementor-element elementor-element-7a593ba e-con-full e-flex e-con e-child\" data-id=\"7a593ba\" data-element_type=\"container\" data-settings=\"{&quot;ekit_has_onepagescroll_dot&quot;:&quot;yes&quot;}\">\n\t\t\t\t<div class=\"elementor-element elementor-element-27a574f elementor-widget elementor-widget-image\" data-id=\"27a574f\" data-element_type=\"widget\" data-settings=\"{&quot;ekit_we_effect_on&quot;:&quot;none&quot;}\" data-widget_type=\"image.default\">\n\t\t\t\t<div class=\"elementor-widget-container\">\n\t\t\t\t\t\t\t\t\t\t\t\t\t\t\t<img fetchpriority=\"high\" decoding=\"async\" width=\"800\" height=\"533\" src=\"https:\/\/landuchem.com\/wp-content\/uploads\/2025\/04\/coal-power-plant-high-pipes-emitting-black-poisonous-smoke-moving-upwards-1024x682.jpg\" class=\"attachment-large size-large wp-image-5235\" alt=\"Kohlekraftwerk hohe Schornsteine, die schwarzen giftigen Rauch nach oben aussto\u00dfen\" srcset=\"https:\/\/landuchem.com\/wp-content\/uploads\/2025\/04\/coal-power-plant-high-pipes-emitting-black-poisonous-smoke-moving-upwards-1024x682.jpg 1024w, https:\/\/landuchem.com\/wp-content\/uploads\/2025\/04\/coal-power-plant-high-pipes-emitting-black-poisonous-smoke-moving-upwards-300x200.jpg 300w, https:\/\/landuchem.com\/wp-content\/uploads\/2025\/04\/coal-power-plant-high-pipes-emitting-black-poisonous-smoke-moving-upwards-768x512.jpg 768w, https:\/\/landuchem.com\/wp-content\/uploads\/2025\/04\/coal-power-plant-high-pipes-emitting-black-poisonous-smoke-moving-upwards-1536x1024.jpg 1536w, https:\/\/landuchem.com\/wp-content\/uploads\/2025\/04\/coal-power-plant-high-pipes-emitting-black-poisonous-smoke-moving-upwards.jpg 2000w\" sizes=\"(max-width: 800px) 100vw, 800px\" \/>\t\t\t\t\t\t\t\t\t\t\t\t\t\t\t<\/div>\n\t\t\t\t<\/div>\n\t\t\t\t<\/div>\n\t\t\t\t\t<\/div>\n\t\t\t\t<\/div>\n\t\t<div class=\"elementor-element elementor-element-62d5ac7 e-flex e-con-boxed e-con e-parent\" data-id=\"62d5ac7\" data-element_type=\"container\" data-settings=\"{&quot;ekit_has_onepagescroll_dot&quot;:&quot;yes&quot;}\">\n\t\t\t\t\t<div class=\"e-con-inner\">\n\t\t<div class=\"elementor-element elementor-element-225ac59 e-con-full e-flex e-con e-child\" data-id=\"225ac59\" data-element_type=\"container\" data-settings=\"{&quot;background_background&quot;:&quot;classic&quot;,&quot;ekit_has_onepagescroll_dot&quot;:&quot;yes&quot;}\">\n\t\t<div class=\"elementor-element elementor-element-4de87ac e-con-full e-flex e-con e-child\" data-id=\"4de87ac\" data-element_type=\"container\" data-settings=\"{&quot;ekit_has_onepagescroll_dot&quot;:&quot;yes&quot;}\">\n\t\t\t\t<div class=\"elementor-element elementor-element-5a452d8 elementor-widget elementor-widget-image\" data-id=\"5a452d8\" data-element_type=\"widget\" data-settings=\"{&quot;ekit_we_effect_on&quot;:&quot;none&quot;}\" data-widget_type=\"image.default\">\n\t\t\t\t<div class=\"elementor-widget-container\">\n\t\t\t\t\t\t\t\t\t\t\t\t\t\t\t<img decoding=\"async\" width=\"800\" height=\"533\" src=\"https:\/\/landuchem.com\/wp-content\/uploads\/2025\/04\/Innovative-Solution-Non-Surface-Treated-1024x682.jpg\" class=\"attachment-large size-large wp-image-6415\" alt=\"Innovative-L\u00f6sung-Nicht-Oberfl\u00e4chenbehandelt\" srcset=\"https:\/\/landuchem.com\/wp-content\/uploads\/2025\/04\/Innovative-Solution-Non-Surface-Treated-1024x682.jpg 1024w, https:\/\/landuchem.com\/wp-content\/uploads\/2025\/04\/Innovative-Solution-Non-Surface-Treated-300x200.jpg 300w, https:\/\/landuchem.com\/wp-content\/uploads\/2025\/04\/Innovative-Solution-Non-Surface-Treated-768x512.jpg 768w, https:\/\/landuchem.com\/wp-content\/uploads\/2025\/04\/Innovative-Solution-Non-Surface-Treated.jpg 1400w\" sizes=\"(max-width: 800px) 100vw, 800px\" \/>\t\t\t\t\t\t\t\t\t\t\t\t\t\t\t<\/div>\n\t\t\t\t<\/div>\n\t\t\t\t<\/div>\n\t\t<div class=\"elementor-element elementor-element-283f9c0 e-con-full e-flex e-con e-child\" data-id=\"283f9c0\" data-element_type=\"container\" data-settings=\"{&quot;ekit_has_onepagescroll_dot&quot;:&quot;yes&quot;}\">\n\t\t\t\t<div class=\"elementor-element elementor-element-426973a elementor-widget-mobile__width-initial elementor-widget elementor-widget-text-editor\" data-id=\"426973a\" data-element_type=\"widget\" data-settings=\"{&quot;ekit_we_effect_on&quot;:&quot;none&quot;}\" data-widget_type=\"text-editor.default\">\n\t\t\t\t<div class=\"elementor-widget-container\">\n\t\t\t\t\t\t\t\t\t<p>Ein Team von chemischen und Umweltwissenschaftlern bei NOVASTAR arbeitet gemeinsam daran, Top-Kandidaten zu entwerfen, zu synthetisieren und zu testen, um die Leistung von Baustoffen wie Trockenm\u00f6rtel und Fliesenkleber effektiv zu verbessern, ohne Umweltverschmutzung und Umweltbelastung zu verursachen. Dar\u00fcber hinaus hat LANDU in unserem Umwelttoxikologielabor Toxizit\u00e4ts- und Biodegradabilit\u00e4tstests durchgef\u00fchrt, um die Umweltwirkungen der Additive zu bestimmen.<\/p><div data-page-id=\"FDBjdBSK0o1BaAx0VMAc12Pwnjb\" data-lark-html-role=\"root\" data-docx-has-block-data=\"false\"><div class=\"ace-line ace-line old-record-id-AIo9diD9joC0EIxPkz8cEPhQngf\">Auf der Suche nach gr\u00fcner Chemie verpflichtet sich LANDU, die F\u00e4higkeit von Materialwissenschaftlern und Umweltwissenschaftlern zu nutzen, um nachhaltige L\u00f6sungen auf kollaborative und produktive Weise zu entwickeln.<\/div><\/div>\t\t\t\t\t\t\t\t<\/div>\n\t\t\t\t<\/div>\n\t\t\t\t<\/div>\n\t\t\t\t<\/div>\n\t\t\t\t\t<\/div>\n\t\t\t\t<\/div>\n\t\t\t\t<\/div>","protected":false},"excerpt":{"rendered":"<p>Addressing Global Challenges with Sustainable Solutions According to EPA&#8217;s 2020 AirToxScreen data, some 320 million people suffer from a lifetime cancer risk from outdoor exposure to formaldehyde. This is not the only problem we are facing. Global challenges, including rising temperatures, water quality issues, and acidification, are increasingly threatening. Therefore, LANDU shoulders the responsibility to [&hellip;]<\/p>","protected":false},"author":1,"featured_media":0,"parent":4553,"menu_order":0,"comment_status":"closed","ping_status":"closed","template":"elementor_header_footer","meta":{"footnotes":""},"class_list":["post-5143","page","type-page","status-publish","hentry"],"_links":{"self":[{"href":"https:\/\/landuchem.com\/de\/wp-json\/wp\/v2\/pages\/5143","targetHints":{"allow":["GET"]}}],"collection":[{"href":"https:\/\/landuchem.com\/de\/wp-json\/wp\/v2\/pages"}],"about":[{"href":"https:\/\/landuchem.com\/de\/wp-json\/wp\/v2\/types\/page"}],"author":[{"embeddable":true,"href":"https:\/\/landuchem.com\/de\/wp-json\/wp\/v2\/users\/1"}],"replies":[{"embeddable":true,"href":"https:\/\/landuchem.com\/de\/wp-json\/wp\/v2\/comments?post=5143"}],"version-history":[{"count":26,"href":"https:\/\/landuchem.com\/de\/wp-json\/wp\/v2\/pages\/5143\/revisions"}],"predecessor-version":[{"id":13061,"href":"https:\/\/landuchem.com\/de\/wp-json\/wp\/v2\/pages\/5143\/revisions\/13061"}],"up":[{"embeddable":true,"href":"https:\/\/landuchem.com\/de\/wp-json\/wp\/v2\/pages\/4553"}],"wp:attachment":[{"href":"https:\/\/landuchem.com\/de\/wp-json\/wp\/v2\/media?parent=5143"}],"curies":[{"name":"wp","href":"https:\/\/api.w.org\/{rel}","templated":true}]}}