{"id":7089,"date":"2025-04-24T12:03:09","date_gmt":"2025-04-24T12:03:09","guid":{"rendered":"https:\/\/landuchem.com\/?page_id=7089"},"modified":"2025-08-27T02:34:14","modified_gmt":"2025-08-27T02:34:14","slug":"kontraktfremstillingsservice","status":"publish","type":"page","link":"https:\/\/landuchem.com\/da\/om-nova-star\/service\/kontraktfremstillingsservice\/","title":{"rendered":"Kontraktfremstillingsservice"},"content":{"rendered":"<div data-elementor-type=\"wp-page\" data-elementor-id=\"7089\" class=\"elementor elementor-7089\" data-elementor-post-type=\"page\">\n\t\t\t\t<div class=\"elementor-element elementor-element-2051b3c e-flex e-con-boxed e-con e-parent\" data-id=\"2051b3c\" data-element_type=\"container\" data-settings=\"{&quot;background_background&quot;:&quot;classic&quot;,&quot;ekit_has_onepagescroll_dot&quot;:&quot;yes&quot;}\">\n\t\t\t\t\t<div class=\"e-con-inner\">\n\t\t\t\t\t<\/div>\n\t\t\t\t<\/div>\n\t\t<div class=\"elementor-element elementor-element-756ee92 e-flex e-con-boxed e-con e-parent\" data-id=\"756ee92\" data-element_type=\"container\" data-settings=\"{&quot;ekit_has_onepagescroll_dot&quot;:&quot;yes&quot;}\">\n\t\t\t\t\t<div class=\"e-con-inner\">\n\t\t<div class=\"elementor-element elementor-element-86844c5 e-con-full e-flex e-con e-child\" data-id=\"86844c5\" data-element_type=\"container\" data-settings=\"{&quot;ekit_has_onepagescroll_dot&quot;:&quot;yes&quot;}\">\n\t\t<div class=\"elementor-element elementor-element-bb01686 e-con-full e-flex e-con e-child\" data-id=\"bb01686\" data-element_type=\"container\" data-settings=\"{&quot;ekit_has_onepagescroll_dot&quot;:&quot;yes&quot;}\">\n\t\t\t\t<div class=\"elementor-element elementor-element-7ee3621 elementor-view-default elementor-widget elementor-widget-icon\" data-id=\"7ee3621\" data-element_type=\"widget\" data-settings=\"{&quot;ekit_we_effect_on&quot;:&quot;none&quot;}\" data-widget_type=\"icon.default\">\n\t\t\t\t<div class=\"elementor-widget-container\">\n\t\t\t\t\t\t\t<div class=\"elementor-icon-wrapper\">\n\t\t\t<div class=\"elementor-icon\">\n\t\t\t<svg xmlns=\"http:\/\/www.w3.org\/2000\/svg\" id=\"_&#x56FE;&#x5C42;_2\" data-name=\"&#x56FE;&#x5C42; 2\" viewbox=\"0 0 111.69 167.53\"><defs><style>      .cls-1 {        fill: #fad8be;      }      .cls-1, .cls-2 {        stroke-width: 0px;      }      .cls-2 {        fill: #f47b25;      }    <\/style><\/defs><g id=\"_&#x56FE;&#x5C42;_1-2\" data-name=\"&#x56FE;&#x5C42; 1\"><g><circle class=\"cls-1\" cx=\"55.84\" cy=\"55.84\" r=\"55.84\"><\/circle><circle class=\"cls-2\" cx=\"55.84\" cy=\"111.69\" r=\"55.84\"><\/circle><\/g><\/g><\/svg>\t\t\t<\/div>\n\t\t<\/div>\n\t\t\t\t\t\t<\/div>\n\t\t\t\t<\/div>\n\t\t<div class=\"elementor-element elementor-element-1aa069b e-con-full e-flex e-con e-child\" data-id=\"1aa069b\" data-element_type=\"container\" data-settings=\"{&quot;ekit_has_onepagescroll_dot&quot;:&quot;yes&quot;}\">\n\t\t\t\t<div class=\"elementor-element elementor-element-8bab612 elementor-widget elementor-widget-heading\" data-id=\"8bab612\" data-element_type=\"widget\" data-settings=\"{&quot;ekit_we_effect_on&quot;:&quot;none&quot;}\" data-widget_type=\"heading.default\">\n\t\t\t\t<div class=\"elementor-widget-container\">\n\t\t\t\t\t<h2 class=\"elementor-heading-title elementor-size-default\">Uovertruffen kvalitet og service<\/h2>\t\t\t\t<\/div>\n\t\t\t\t<\/div>\n\t\t\t\t<\/div>\n\t\t\t\t<\/div>\n\t\t\t\t<div class=\"elementor-element elementor-element-9474a03 elementor-widget elementor-widget-text-editor\" data-id=\"9474a03\" data-element_type=\"widget\" data-settings=\"{&quot;ekit_we_effect_on&quot;:&quot;none&quot;}\" data-widget_type=\"text-editor.default\">\n\t\t\t\t<div class=\"elementor-widget-container\">\n\t\t\t\t\t\t\t\t\t<p>LANDU satte en stopper for kvalitetsproblemer fra to perspektiver, r\u00e5vareudv\u00e6lgelse og overv\u00e5gning af produktionsprocessen. Vi arbejder med p\u00e5lidelige partnere, som vi har haft gennem \u00e5rene, hvilket sikrer en p\u00e5lidelig forsyning af r\u00e5materialer og eliminerer d\u00e5rlig kvalitet i starten. Derudover har LANDU indf\u00f8rt avancerede faciliteter til en stabil, b\u00e6redygtig og kontrollerbar produktion af vores NOVASTAR-additiver.<\/p>\t\t\t\t\t\t\t\t<\/div>\n\t\t\t\t<\/div>\n\t\t\t\t<div class=\"elementor-element elementor-element-f5c57f2 elementor-widget elementor-widget-button\" data-id=\"f5c57f2\" data-element_type=\"widget\" data-settings=\"{&quot;ekit_we_effect_on&quot;:&quot;none&quot;}\" data-widget_type=\"button.default\">\n\t\t\t\t<div class=\"elementor-widget-container\">\n\t\t\t\t\t\t\t\t\t<div class=\"elementor-button-wrapper\">\n\t\t\t\t\t<a class=\"elementor-button elementor-button-link elementor-size-sm\" href=\"https:\/\/landuchem.com\/da\/kontakt-os\/\" target=\"_blank\">\n\t\t\t\t\t\t<span class=\"elementor-button-content-wrapper\">\n\t\t\t\t\t\t\t\t\t<span class=\"elementor-button-text\">Kontakt Landu nu<\/span>\n\t\t\t\t\t<\/span>\n\t\t\t\t\t<\/a>\n\t\t\t\t<\/div>\n\t\t\t\t\t\t\t\t<\/div>\n\t\t\t\t<\/div>\n\t\t\t\t<\/div>\n\t\t<div class=\"elementor-element elementor-element-dfdb166 e-con-full e-flex e-con e-child\" data-id=\"dfdb166\" data-element_type=\"container\" data-settings=\"{&quot;ekit_has_onepagescroll_dot&quot;:&quot;yes&quot;}\">\n\t\t<div class=\"elementor-element elementor-element-cf9a6d7 e-con-full e-flex e-con e-child\" data-id=\"cf9a6d7\" data-element_type=\"container\" data-settings=\"{&quot;ekit_has_onepagescroll_dot&quot;:&quot;yes&quot;}\">\n\t\t\t\t<div class=\"elementor-element elementor-element-115a662 elementor-widget elementor-widget-image\" data-id=\"115a662\" data-element_type=\"widget\" data-settings=\"{&quot;ekit_we_effect_on&quot;:&quot;none&quot;}\" data-widget_type=\"image.default\">\n\t\t\t\t<div class=\"elementor-widget-container\">\n\t\t\t\t\t\t\t\t\t\t\t\t\t\t\t<img fetchpriority=\"high\" decoding=\"async\" width=\"800\" height=\"533\" src=\"https:\/\/landuchem.com\/wp-content\/uploads\/2025\/04\/NOVASTAR-Factory-3.webp\" class=\"attachment-large size-large wp-image-7093\" alt=\"NOVASTAR-Fabrik\" srcset=\"https:\/\/landuchem.com\/wp-content\/uploads\/2025\/04\/NOVASTAR-Factory-3.webp 800w, https:\/\/landuchem.com\/wp-content\/uploads\/2025\/04\/NOVASTAR-Factory-3-300x200.webp 300w, https:\/\/landuchem.com\/wp-content\/uploads\/2025\/04\/NOVASTAR-Factory-3-768x512.webp 768w\" sizes=\"(max-width: 800px) 100vw, 800px\" \/>\t\t\t\t\t\t\t\t\t\t\t\t\t\t\t<\/div>\n\t\t\t\t<\/div>\n\t\t\t\t<\/div>\n\t\t<div class=\"elementor-element elementor-element-c811f6a e-con-full e-flex e-con e-child\" data-id=\"c811f6a\" data-element_type=\"container\" data-settings=\"{&quot;ekit_has_onepagescroll_dot&quot;:&quot;yes&quot;}\">\n\t\t\t\t<div class=\"elementor-element elementor-element-9bcf0bb elementor-widget elementor-widget-image\" data-id=\"9bcf0bb\" data-element_type=\"widget\" data-settings=\"{&quot;ekit_we_effect_on&quot;:&quot;none&quot;}\" data-widget_type=\"image.default\">\n\t\t\t\t<div class=\"elementor-widget-container\">\n\t\t\t\t\t\t\t\t\t\t\t\t\t\t\t<img decoding=\"async\" width=\"800\" height=\"533\" src=\"https:\/\/landuchem.com\/wp-content\/uploads\/2025\/04\/NOVASTAR-Factory-2-1.webp\" class=\"attachment-large size-large wp-image-7092\" alt=\"NOVASTAR-Fabrik-2\" srcset=\"https:\/\/landuchem.com\/wp-content\/uploads\/2025\/04\/NOVASTAR-Factory-2-1.webp 800w, https:\/\/landuchem.com\/wp-content\/uploads\/2025\/04\/NOVASTAR-Factory-2-1-300x200.webp 300w, https:\/\/landuchem.com\/wp-content\/uploads\/2025\/04\/NOVASTAR-Factory-2-1-768x512.webp 768w\" sizes=\"(max-width: 800px) 100vw, 800px\" \/>\t\t\t\t\t\t\t\t\t\t\t\t\t\t\t<\/div>\n\t\t\t\t<\/div>\n\t\t\t\t<div class=\"elementor-element elementor-element-228f1c9 elementor-widget elementor-widget-image\" data-id=\"228f1c9\" data-element_type=\"widget\" data-settings=\"{&quot;ekit_we_effect_on&quot;:&quot;none&quot;}\" data-widget_type=\"image.default\">\n\t\t\t\t<div class=\"elementor-widget-container\">\n\t\t\t\t\t\t\t\t\t\t\t\t\t\t\t<img decoding=\"async\" width=\"800\" height=\"533\" src=\"https:\/\/landuchem.com\/wp-content\/uploads\/2025\/04\/NOVASTAR-Factory-1-1.webp\" class=\"attachment-large size-large wp-image-7094\" alt=\"NOVASTAR-Fabrik-1\" srcset=\"https:\/\/landuchem.com\/wp-content\/uploads\/2025\/04\/NOVASTAR-Factory-1-1.webp 800w, https:\/\/landuchem.com\/wp-content\/uploads\/2025\/04\/NOVASTAR-Factory-1-1-300x200.webp 300w, https:\/\/landuchem.com\/wp-content\/uploads\/2025\/04\/NOVASTAR-Factory-1-1-768x512.webp 768w\" sizes=\"(max-width: 800px) 100vw, 800px\" \/>\t\t\t\t\t\t\t\t\t\t\t\t\t\t\t<\/div>\n\t\t\t\t<\/div>\n\t\t\t\t<\/div>\n\t\t\t\t<\/div>\n\t\t\t\t\t<\/div>\n\t\t\t\t<\/div>\n\t\t<div class=\"elementor-element elementor-element-9b38b49 e-grid e-con-boxed e-con e-parent\" data-id=\"9b38b49\" data-element_type=\"container\" data-settings=\"{&quot;background_background&quot;:&quot;classic&quot;,&quot;ekit_has_onepagescroll_dot&quot;:&quot;yes&quot;}\">\n\t\t\t\t\t<div class=\"e-con-inner\">\n\t\t<div class=\"elementor-element elementor-element-ff57437 e-con-full e-flex e-con e-child\" data-id=\"ff57437\" data-element_type=\"container\" data-settings=\"{&quot;ekit_has_onepagescroll_dot&quot;:&quot;yes&quot;}\">\n\t\t\t\t<div class=\"elementor-element elementor-element-445fe64 elementor-widget__width-initial elementor-widget-mobile__width-initial elementor-widget elementor-widget-image\" data-id=\"445fe64\" data-element_type=\"widget\" data-settings=\"{&quot;ekit_we_effect_on&quot;:&quot;none&quot;}\" data-widget_type=\"image.default\">\n\t\t\t\t<div class=\"elementor-widget-container\">\n\t\t\t\t\t\t\t\t\t\t\t\t\t\t\t<img loading=\"lazy\" decoding=\"async\" width=\"800\" height=\"534\" src=\"https:\/\/landuchem.com\/wp-content\/uploads\/2025\/04\/Novastar-Product-Shipment-1024x683.jpg\" class=\"attachment-large size-large wp-image-7096\" alt=\"Novastar-Produkt - Forsendelse\" srcset=\"https:\/\/landuchem.com\/wp-content\/uploads\/2025\/04\/Novastar-Product-Shipment-1024x683.jpg 1024w, https:\/\/landuchem.com\/wp-content\/uploads\/2025\/04\/Novastar-Product-Shipment-300x200.jpg 300w, https:\/\/landuchem.com\/wp-content\/uploads\/2025\/04\/Novastar-Product-Shipment-768x512.jpg 768w, https:\/\/landuchem.com\/wp-content\/uploads\/2025\/04\/Novastar-Product-Shipment-1536x1024.jpg 1536w, https:\/\/landuchem.com\/wp-content\/uploads\/2025\/04\/Novastar-Product-Shipment.jpg 1920w\" sizes=\"(max-width: 800px) 100vw, 800px\" \/>\t\t\t\t\t\t\t\t\t\t\t\t\t\t\t<\/div>\n\t\t\t\t<\/div>\n\t\t<div class=\"elementor-element elementor-element-e8c55b8 e-con-full e-flex e-con e-child\" data-id=\"e8c55b8\" data-element_type=\"container\" data-settings=\"{&quot;ekit_has_onepagescroll_dot&quot;:&quot;yes&quot;}\">\n\t\t\t\t<div class=\"elementor-element elementor-element-bec81ed elementor-widget elementor-widget-heading\" data-id=\"bec81ed\" data-element_type=\"widget\" data-settings=\"{&quot;ekit_we_effect_on&quot;:&quot;none&quot;}\" data-widget_type=\"heading.default\">\n\t\t\t\t<div class=\"elementor-widget-container\">\n\t\t\t\t\t<h2 class=\"elementor-heading-title elementor-size-default\">Fleksible Betalinger &amp; Hurtig Levering<\/h2>\t\t\t\t<\/div>\n\t\t\t\t<\/div>\n\t\t\t\t<div class=\"elementor-element elementor-element-4447262 elementor-widget elementor-widget-text-editor\" data-id=\"4447262\" data-element_type=\"widget\" data-settings=\"{&quot;ekit_we_effect_on&quot;:&quot;none&quot;}\" data-widget_type=\"text-editor.default\">\n\t\t\t\t<div class=\"elementor-widget-container\">\n\t\t\t\t\t\t\t\t\t<p>LANDU's \u00e5nd i kontrakten f\u00e5r os til at udforske flere betalingskanaler i henhold til nationale forhold, samtidig med at vi sikrer hurtig og punktlig levering. Med kernev\u00e6rdier som trov\u00e6rdighed, omhu og hengivenhed i LANDU's virksomhedskultur, har vi nul tolerance over for forsinkelser i projekter for\u00e5rsaget af vores ineffektive logistikstyring.<\/p>\t\t\t\t\t\t\t\t<\/div>\n\t\t\t\t<\/div>\n\t\t\t\t<\/div>\n\t\t\t\t<\/div>\n\t\t<div class=\"elementor-element elementor-element-fc8866c e-con-full e-flex e-con e-child\" data-id=\"fc8866c\" data-element_type=\"container\" data-settings=\"{&quot;ekit_has_onepagescroll_dot&quot;:&quot;yes&quot;}\">\n\t\t\t\t<div class=\"elementor-element elementor-element-3d68df3 elementor-widget__width-initial elementor-widget-mobile__width-initial elementor-widget elementor-widget-image\" data-id=\"3d68df3\" data-element_type=\"widget\" data-settings=\"{&quot;ekit_we_effect_on&quot;:&quot;none&quot;}\" data-widget_type=\"image.default\">\n\t\t\t\t<div class=\"elementor-widget-container\">\n\t\t\t\t\t\t\t\t\t\t\t\t\t\t\t<img loading=\"lazy\" decoding=\"async\" width=\"800\" height=\"533\" src=\"https:\/\/landuchem.com\/wp-content\/uploads\/2025\/04\/NOVASTAR-Innovative-Spirit-1-1024x682.jpg\" class=\"attachment-large size-large wp-image-7098\" alt=\"NOVASTAR-Innovativ-\u00c5nd-1\" srcset=\"https:\/\/landuchem.com\/wp-content\/uploads\/2025\/04\/NOVASTAR-Innovative-Spirit-1-1024x682.jpg 1024w, https:\/\/landuchem.com\/wp-content\/uploads\/2025\/04\/NOVASTAR-Innovative-Spirit-1-300x200.jpg 300w, https:\/\/landuchem.com\/wp-content\/uploads\/2025\/04\/NOVASTAR-Innovative-Spirit-1-768x512.jpg 768w, https:\/\/landuchem.com\/wp-content\/uploads\/2025\/04\/NOVASTAR-Innovative-Spirit-1.jpg 1400w\" sizes=\"(max-width: 800px) 100vw, 800px\" \/>\t\t\t\t\t\t\t\t\t\t\t\t\t\t\t<\/div>\n\t\t\t\t<\/div>\n\t\t<div class=\"elementor-element elementor-element-323538b e-con-full e-flex e-con e-child\" data-id=\"323538b\" data-element_type=\"container\" data-settings=\"{&quot;ekit_has_onepagescroll_dot&quot;:&quot;yes&quot;}\">\n\t\t\t\t<div class=\"elementor-element elementor-element-77a40a1 elementor-widget elementor-widget-heading\" data-id=\"77a40a1\" data-element_type=\"widget\" data-settings=\"{&quot;ekit_we_effect_on&quot;:&quot;none&quot;}\" data-widget_type=\"heading.default\">\n\t\t\t\t<div class=\"elementor-widget-container\">\n\t\t\t\t\t<h2 class=\"elementor-heading-title elementor-size-default\">Teknisk Support<\/h2>\t\t\t\t<\/div>\n\t\t\t\t<\/div>\n\t\t\t\t<div class=\"elementor-element elementor-element-4883b01 elementor-widget elementor-widget-text-editor\" data-id=\"4883b01\" data-element_type=\"widget\" data-settings=\"{&quot;ekit_we_effect_on&quot;:&quot;none&quot;}\" data-widget_type=\"text-editor.default\">\n\t\t\t\t<div class=\"elementor-widget-container\">\n\t\t\t\t\t\t\t\t\tUd over simple transaktioner l\u00e6gger LANDU den samme opm\u00e6rksomhed p\u00e5 dine specifikke krav. LANDU NOVASTAR teknisk support forvandler din vision til virkelighed, uanset om du har brug for en unik kemisk strukturdesign eller specialiseret formulering. Med NOVASTARs omfattende produktionskompetence sikrer vi, at dine produkter opfylder de h\u00f8jeste kvalitetsstandarder, samtidig med at vi f\u00f8lger med i din udviklende forretning.\t\t\t\t\t\t\t\t<\/div>\n\t\t\t\t<\/div>\n\t\t\t\t<\/div>\n\t\t\t\t<\/div>\n\t\t<div class=\"elementor-element elementor-element-8aba3a3 e-con-full e-flex e-con e-child\" data-id=\"8aba3a3\" data-element_type=\"container\" data-settings=\"{&quot;ekit_has_onepagescroll_dot&quot;:&quot;yes&quot;}\">\n\t\t\t\t<div class=\"elementor-element elementor-element-3f12d8d elementor-widget__width-initial elementor-widget-mobile__width-initial elementor-widget elementor-widget-image\" data-id=\"3f12d8d\" data-element_type=\"widget\" data-settings=\"{&quot;ekit_we_effect_on&quot;:&quot;none&quot;}\" data-widget_type=\"image.default\">\n\t\t\t\t<div class=\"elementor-widget-container\">\n\t\t\t\t\t\t\t\t\t\t\t\t\t\t\t<img loading=\"lazy\" decoding=\"async\" width=\"800\" height=\"534\" src=\"https:\/\/landuchem.com\/wp-content\/uploads\/2025\/04\/LANDU-Warehouse-1024x683.jpg\" class=\"attachment-large size-large wp-image-7097\" alt=\"LANDU-Lager\" srcset=\"https:\/\/landuchem.com\/wp-content\/uploads\/2025\/04\/LANDU-Warehouse-1024x683.jpg 1024w, https:\/\/landuchem.com\/wp-content\/uploads\/2025\/04\/LANDU-Warehouse-300x200.jpg 300w, https:\/\/landuchem.com\/wp-content\/uploads\/2025\/04\/LANDU-Warehouse-768x512.jpg 768w, https:\/\/landuchem.com\/wp-content\/uploads\/2025\/04\/LANDU-Warehouse-1536x1024.jpg 1536w, https:\/\/landuchem.com\/wp-content\/uploads\/2025\/04\/LANDU-Warehouse.jpg 1920w\" sizes=\"(max-width: 800px) 100vw, 800px\" \/>\t\t\t\t\t\t\t\t\t\t\t\t\t\t\t<\/div>\n\t\t\t\t<\/div>\n\t\t<div class=\"elementor-element elementor-element-55fde7c e-con-full e-flex e-con e-child\" data-id=\"55fde7c\" data-element_type=\"container\" data-settings=\"{&quot;ekit_has_onepagescroll_dot&quot;:&quot;yes&quot;}\">\n\t\t\t\t<div class=\"elementor-element elementor-element-df25396 elementor-widget elementor-widget-heading\" data-id=\"df25396\" data-element_type=\"widget\" data-settings=\"{&quot;ekit_we_effect_on&quot;:&quot;none&quot;}\" data-widget_type=\"heading.default\">\n\t\t\t\t<div class=\"elementor-widget-container\">\n\t\t\t\t\t<h2 class=\"elementor-heading-title elementor-size-default\">Stork\u00f8b<\/h2>\t\t\t\t<\/div>\n\t\t\t\t<\/div>\n\t\t\t\t<div class=\"elementor-element elementor-element-844eac1 elementor-widget elementor-widget-text-editor\" data-id=\"844eac1\" data-element_type=\"widget\" data-settings=\"{&quot;ekit_we_effect_on&quot;:&quot;none&quot;}\" data-widget_type=\"text-editor.default\">\n\t\t\t\t<div class=\"elementor-widget-container\">\n\t\t\t\t\t\t\t\t\tMed store lagre p\u00e5 15.000 kvadratmeter for at underst\u00f8tte vores st\u00e6rke produktivitet med en \u00e5rlig kapacitet p\u00e5 75.000 tons, er LANDU NOVASTAR fuldt ud i stand til at h\u00e5ndtere enhver stork\u00f8b uden forsinket levering eller inkonsistente produkter.\t\t\t\t\t\t\t\t<\/div>\n\t\t\t\t<\/div>\n\t\t\t\t<\/div>\n\t\t\t\t<\/div>\n\t\t<div class=\"elementor-element elementor-element-ed24156 e-con-full e-flex e-con e-child\" data-id=\"ed24156\" data-element_type=\"container\" data-settings=\"{&quot;ekit_has_onepagescroll_dot&quot;:&quot;yes&quot;}\">\n\t\t\t\t<div class=\"elementor-element elementor-element-2f7b903 elementor-widget__width-initial elementor-widget-mobile__width-initial elementor-widget elementor-widget-image\" data-id=\"2f7b903\" data-element_type=\"widget\" data-settings=\"{&quot;ekit_we_effect_on&quot;:&quot;none&quot;}\" data-widget_type=\"image.default\">\n\t\t\t\t<div class=\"elementor-widget-container\">\n\t\t\t\t\t\t\t\t\t\t\t\t\t\t\t<img loading=\"lazy\" decoding=\"async\" width=\"800\" height=\"600\" src=\"https:\/\/landuchem.com\/wp-content\/uploads\/2025\/04\/Novastar-European-Coatings-Show-ECS-2025-1024x768.jpg\" class=\"attachment-large size-large wp-image-6418\" alt=\"Novastar-Europ\u00e6iske-Coatings-Show-ECS-2025\" srcset=\"https:\/\/landuchem.com\/wp-content\/uploads\/2025\/04\/Novastar-European-Coatings-Show-ECS-2025-1024x768.jpg 1024w, https:\/\/landuchem.com\/wp-content\/uploads\/2025\/04\/Novastar-European-Coatings-Show-ECS-2025-300x225.jpg 300w, https:\/\/landuchem.com\/wp-content\/uploads\/2025\/04\/Novastar-European-Coatings-Show-ECS-2025-768x576.jpg 768w, https:\/\/landuchem.com\/wp-content\/uploads\/2025\/04\/Novastar-European-Coatings-Show-ECS-2025-1536x1152.jpg 1536w, https:\/\/landuchem.com\/wp-content\/uploads\/2025\/04\/Novastar-European-Coatings-Show-ECS-2025-2048x1536.jpg 2048w\" sizes=\"(max-width: 800px) 100vw, 800px\" \/>\t\t\t\t\t\t\t\t\t\t\t\t\t\t\t<\/div>\n\t\t\t\t<\/div>\n\t\t<div class=\"elementor-element elementor-element-fea4c27 e-con-full e-flex e-con e-child\" data-id=\"fea4c27\" data-element_type=\"container\" data-settings=\"{&quot;ekit_has_onepagescroll_dot&quot;:&quot;yes&quot;}\">\n\t\t\t\t<div class=\"elementor-element elementor-element-6e7e2d7 elementor-widget elementor-widget-heading\" data-id=\"6e7e2d7\" data-element_type=\"widget\" data-settings=\"{&quot;ekit_we_effect_on&quot;:&quot;none&quot;}\" data-widget_type=\"heading.default\">\n\t\t\t\t<div class=\"elementor-widget-container\">\n\t\t\t\t\t<h2 class=\"elementor-heading-title elementor-size-default\">Distribut\u00f8rnetv\u00e6rk<\/h2>\t\t\t\t<\/div>\n\t\t\t\t<\/div>\n\t\t\t\t<div class=\"elementor-element elementor-element-025b0f2 elementor-widget elementor-widget-text-editor\" data-id=\"025b0f2\" data-element_type=\"widget\" data-settings=\"{&quot;ekit_we_effect_on&quot;:&quot;none&quot;}\" data-widget_type=\"text-editor.default\">\n\t\t\t\t<div class=\"elementor-widget-container\">\n\t\t\t\t\t\t\t\t\tLANDU NOVASTAR har mere end et \u00e5rti erfaring med samarbejde p\u00e5 det internationale marked. Vores modne distributionsnetv\u00e6rk er udvidet til at d\u00e6kke mere end 60 lande og regioner, herunder Latinamerika, Rusland, Europa, Afrika og Mellem\u00f8sten. Velkommen til at kontakte os for at h\u00f8re om vores agenturpolitikker og blive en af vores partnere.\t\t\t\t\t\t\t\t<\/div>\n\t\t\t\t<\/div>\n\t\t\t\t<\/div>\n\t\t\t\t<\/div>\n\t\t\t\t\t<\/div>\n\t\t\t\t<\/div>\n\t\t\t\t<\/div>","protected":false},"excerpt":{"rendered":"<p>Unmatched Quality and Service LANDU put an end to quality issues from two perspectives, raw material selection and production process monitoring. We work with trustworthy partners that we&#8217;ve had over the years, ensuring a reliable supply of raw materials and eliminating poor quality at the beginning. Besides, LANDU has introduced sophisticated facilities for a stable, [&hellip;]<\/p>","protected":false},"author":1,"featured_media":0,"parent":494,"menu_order":0,"comment_status":"closed","ping_status":"closed","template":"elementor_header_footer","meta":{"footnotes":""},"class_list":["post-7089","page","type-page","status-publish","hentry"],"_links":{"self":[{"href":"https:\/\/landuchem.com\/da\/wp-json\/wp\/v2\/pages\/7089","targetHints":{"allow":["GET"]}}],"collection":[{"href":"https:\/\/landuchem.com\/da\/wp-json\/wp\/v2\/pages"}],"about":[{"href":"https:\/\/landuchem.com\/da\/wp-json\/wp\/v2\/types\/page"}],"author":[{"embeddable":true,"href":"https:\/\/landuchem.com\/da\/wp-json\/wp\/v2\/users\/1"}],"replies":[{"embeddable":true,"href":"https:\/\/landuchem.com\/da\/wp-json\/wp\/v2\/comments?post=7089"}],"version-history":[{"count":26,"href":"https:\/\/landuchem.com\/da\/wp-json\/wp\/v2\/pages\/7089\/revisions"}],"predecessor-version":[{"id":13032,"href":"https:\/\/landuchem.com\/da\/wp-json\/wp\/v2\/pages\/7089\/revisions\/13032"}],"up":[{"embeddable":true,"href":"https:\/\/landuchem.com\/da\/wp-json\/wp\/v2\/pages\/494"}],"wp:attachment":[{"href":"https:\/\/landuchem.com\/da\/wp-json\/wp\/v2\/media?parent=7089"}],"curies":[{"name":"wp","href":"https:\/\/api.w.org\/{rel}","templated":true}]}}