{"id":6121,"date":"2025-04-23T09:59:38","date_gmt":"2025-04-23T09:59:38","guid":{"rendered":"https:\/\/landuchem.com\/?page_id=6121"},"modified":"2025-08-27T02:47:51","modified_gmt":"2025-08-27T02:47:51","slug":"udrzitelnostni-aspekty-v-zakaznickych-resenich","status":"publish","type":"page","link":"https:\/\/landuchem.com\/cs\/udrzitelnost\/planeta-nas-zavazek-k-udrzitelnemu-zivotu\/udrzitelnostni-aspekty-v-zakaznickych-resenich\/","title":{"rendered":"Udr\u017eitelnostn\u00ed aspekty v z\u00e1kaznick\u00fdch \u0159e\u0161en\u00edch"},"content":{"rendered":"<div data-elementor-type=\"wp-page\" data-elementor-id=\"6121\" class=\"elementor elementor-6121\" data-elementor-post-type=\"page\">\n\t\t\t\t<div class=\"elementor-element elementor-element-4f03674 e-flex e-con-boxed e-con e-parent\" data-id=\"4f03674\" data-element_type=\"container\" data-settings=\"{&quot;background_background&quot;:&quot;classic&quot;,&quot;ekit_has_onepagescroll_dot&quot;:&quot;yes&quot;}\">\n\t\t\t\t\t<div class=\"e-con-inner\">\n\t\t\t\t\t<\/div>\n\t\t\t\t<\/div>\n\t\t<div class=\"elementor-element elementor-element-7f3f3d2 e-flex e-con-boxed e-con e-parent\" data-id=\"7f3f3d2\" data-element_type=\"container\" data-settings=\"{&quot;background_background&quot;:&quot;classic&quot;,&quot;ekit_has_onepagescroll_dot&quot;:&quot;yes&quot;}\">\n\t\t\t\t\t<div class=\"e-con-inner\">\n\t\t\t\t<div class=\"elementor-element elementor-element-1bd67c3 elementor-widget elementor-widget-heading\" data-id=\"1bd67c3\" data-element_type=\"widget\" data-settings=\"{&quot;ekit_we_effect_on&quot;:&quot;none&quot;}\" data-widget_type=\"heading.default\">\n\t\t\t\t<div class=\"elementor-widget-container\">\n\t\t\t\t\t<h2 class=\"elementor-heading-title elementor-size-default\">Integrace udr\u017eitelnosti do z\u00e1kaznick\u00e9ho \u00fasp\u011bchu<\/h2>\t\t\t\t<\/div>\n\t\t\t\t<\/div>\n\t\t\t\t<div class=\"elementor-element elementor-element-0c99e3c elementor-widget__width-initial elementor-widget-mobile__width-initial elementor-widget elementor-widget-text-editor\" data-id=\"0c99e3c\" data-element_type=\"widget\" data-settings=\"{&quot;ekit_we_effect_on&quot;:&quot;none&quot;}\" data-widget_type=\"text-editor.default\">\n\t\t\t\t<div class=\"elementor-widget-container\">\n\t\t\t\t\t\t\t\t\t<p>V LANDU NOVASTAR ch\u00e1peme, \u017ee udr\u017eitelnost je spole\u010dn\u00e1 cesta. Jak se na\u0161e pov\u011bdom\u00ed o klimatick\u00fdch rizic\u00edch a zranitelnosti zdroj\u016f zvy\u0161uje, LANDU p\u0159istupuje k \u0159e\u0161en\u00edm pro z\u00e1kazn\u00edky, kter\u00e1 jsou hluboce zako\u0159en\u011bn\u00e1 ve spolupr\u00e1ci, kde pracujeme ruku v ruce s klienty na za\u010dle\u0148ov\u00e1n\u00ed ekologick\u00fdch praktik do jejich operac\u00ed.<\/p>\t\t\t\t\t\t\t\t<\/div>\n\t\t\t\t<\/div>\n\t\t\t\t\t<\/div>\n\t\t\t\t<\/div>\n\t\t<div class=\"elementor-element elementor-element-e2329f5 e-flex e-con-boxed e-con e-parent\" data-id=\"e2329f5\" data-element_type=\"container\" data-settings=\"{&quot;ekit_has_onepagescroll_dot&quot;:&quot;yes&quot;}\">\n\t\t\t\t\t<div class=\"e-con-inner\">\n\t\t<div class=\"elementor-element elementor-element-afb98b7 e-con-full e-flex e-con e-child\" data-id=\"afb98b7\" data-element_type=\"container\" data-settings=\"{&quot;ekit_has_onepagescroll_dot&quot;:&quot;yes&quot;}\">\n\t\t\t\t<div class=\"elementor-element elementor-element-aaf0bfe elementor-view-default elementor-widget elementor-widget-icon\" data-id=\"aaf0bfe\" data-element_type=\"widget\" data-settings=\"{&quot;ekit_we_effect_on&quot;:&quot;none&quot;}\" data-widget_type=\"icon.default\">\n\t\t\t\t<div class=\"elementor-widget-container\">\n\t\t\t\t\t\t\t<div class=\"elementor-icon-wrapper\">\n\t\t\t<div class=\"elementor-icon\">\n\t\t\t<svg xmlns=\"http:\/\/www.w3.org\/2000\/svg\" id=\"_&#x56FE;&#x5C42;_2\" data-name=\"&#x56FE;&#x5C42; 2\" viewbox=\"0 0 111.69 167.53\"><defs><style>      .cls-1 {        fill: #fad8be;      }      .cls-1, .cls-2 {        stroke-width: 0px;      }      .cls-2 {        fill: #f47b25;      }    <\/style><\/defs><g id=\"_&#x56FE;&#x5C42;_1-2\" data-name=\"&#x56FE;&#x5C42; 1\"><g><circle class=\"cls-1\" cx=\"55.84\" cy=\"55.84\" r=\"55.84\"><\/circle><circle class=\"cls-2\" cx=\"55.84\" cy=\"111.69\" r=\"55.84\"><\/circle><\/g><\/g><\/svg>\t\t\t<\/div>\n\t\t<\/div>\n\t\t\t\t\t\t<\/div>\n\t\t\t\t<\/div>\n\t\t<div class=\"elementor-element elementor-element-3053e06 e-con-full e-flex e-con e-child\" data-id=\"3053e06\" data-element_type=\"container\" data-settings=\"{&quot;ekit_has_onepagescroll_dot&quot;:&quot;yes&quot;}\">\n\t\t\t\t<div class=\"elementor-element elementor-element-2cc2f4a elementor-widget elementor-widget-heading\" data-id=\"2cc2f4a\" data-element_type=\"widget\" data-settings=\"{&quot;ekit_we_effect_on&quot;:&quot;none&quot;}\" data-widget_type=\"heading.default\">\n\t\t\t\t<div class=\"elementor-widget-container\">\n\t\t\t\t\t<h2 class=\"elementor-heading-title elementor-size-default\">Spolupr\u00e1ce LANDU NOVASTAR na udr\u017eiteln\u00e9m rozvoji<\/h2>\t\t\t\t<\/div>\n\t\t\t\t<\/div>\n\t\t\t\t<\/div>\n\t\t\t\t<\/div>\n\t\t\t\t\t<\/div>\n\t\t\t\t<\/div>\n\t\t<div class=\"elementor-element elementor-element-62d5ac7 e-flex e-con-boxed e-con e-parent\" data-id=\"62d5ac7\" data-element_type=\"container\" data-settings=\"{&quot;ekit_has_onepagescroll_dot&quot;:&quot;yes&quot;}\">\n\t\t\t\t\t<div class=\"e-con-inner\">\n\t\t<div class=\"elementor-element elementor-element-225ac59 e-con-full e-flex e-con e-child\" data-id=\"225ac59\" data-element_type=\"container\" data-settings=\"{&quot;background_background&quot;:&quot;classic&quot;,&quot;ekit_has_onepagescroll_dot&quot;:&quot;yes&quot;}\">\n\t\t<div class=\"elementor-element elementor-element-4de87ac e-con-full e-flex e-con e-child\" data-id=\"4de87ac\" data-element_type=\"container\" data-settings=\"{&quot;ekit_has_onepagescroll_dot&quot;:&quot;yes&quot;}\">\n\t\t\t\t<div class=\"elementor-element elementor-element-5a452d8 elementor-widget__width-inherit elementor-widget elementor-widget-image\" data-id=\"5a452d8\" data-element_type=\"widget\" data-settings=\"{&quot;ekit_we_effect_on&quot;:&quot;none&quot;}\" data-widget_type=\"image.default\">\n\t\t\t\t<div class=\"elementor-widget-container\">\n\t\t\t\t\t\t\t\t\t\t\t\t\t\t\t<img fetchpriority=\"high\" decoding=\"async\" width=\"800\" height=\"533\" src=\"https:\/\/landuchem.com\/wp-content\/uploads\/2025\/04\/business-people-working-examining-waste-recyclable-separation-divided-bin-in-the-office--1024x682.jpg\" class=\"attachment-large size-large wp-image-6202\" alt=\"Obchodn\u00edci pracuj\u00edc\u00ed na t\u0159\u00edd\u011bn\u00ed odpadu, odd\u011blen\u00e9 kontejnery v kancel\u00e1\u0159i,\" srcset=\"https:\/\/landuchem.com\/wp-content\/uploads\/2025\/04\/business-people-working-examining-waste-recyclable-separation-divided-bin-in-the-office--1024x682.jpg 1024w, https:\/\/landuchem.com\/wp-content\/uploads\/2025\/04\/business-people-working-examining-waste-recyclable-separation-divided-bin-in-the-office--300x200.jpg 300w, https:\/\/landuchem.com\/wp-content\/uploads\/2025\/04\/business-people-working-examining-waste-recyclable-separation-divided-bin-in-the-office--768x512.jpg 768w, https:\/\/landuchem.com\/wp-content\/uploads\/2025\/04\/business-people-working-examining-waste-recyclable-separation-divided-bin-in-the-office--1536x1024.jpg 1536w, https:\/\/landuchem.com\/wp-content\/uploads\/2025\/04\/business-people-working-examining-waste-recyclable-separation-divided-bin-in-the-office-.jpg 2000w\" sizes=\"(max-width: 800px) 100vw, 800px\" \/>\t\t\t\t\t\t\t\t\t\t\t\t\t\t\t<\/div>\n\t\t\t\t<\/div>\n\t\t\t\t<\/div>\n\t\t<div class=\"elementor-element elementor-element-283f9c0 e-con-full e-flex e-con e-child\" data-id=\"283f9c0\" data-element_type=\"container\" data-settings=\"{&quot;ekit_has_onepagescroll_dot&quot;:&quot;yes&quot;}\">\n\t\t\t\t<div class=\"elementor-element elementor-element-595dc2e elementor-widget elementor-widget-heading\" data-id=\"595dc2e\" data-element_type=\"widget\" data-settings=\"{&quot;ekit_we_effect_on&quot;:&quot;none&quot;}\" data-widget_type=\"heading.default\">\n\t\t\t\t<div class=\"elementor-widget-container\">\n\t\t\t\t\t<h3 class=\"elementor-heading-title elementor-size-default\">Udr\u017eiteln\u00e9 podnikatelsk\u00e9 praktiky<\/h3>\t\t\t\t<\/div>\n\t\t\t\t<\/div>\n\t\t\t\t<div class=\"elementor-element elementor-element-426973a elementor-widget-mobile__width-initial elementor-widget elementor-widget-text-editor\" data-id=\"426973a\" data-element_type=\"widget\" data-settings=\"{&quot;ekit_we_effect_on&quot;:&quot;none&quot;}\" data-widget_type=\"text-editor.default\">\n\t\t\t\t<div class=\"elementor-widget-container\">\n\t\t\t\t\t\t\t\t\tLANDU se ub\u00edr\u00e1 r\u016fzn\u00fdmi sm\u011bry k ekologick\u00fdm produkt\u016fm, slu\u017eb\u00e1m a praktik\u00e1m, kter\u00e9 \u0159e\u0161\u00ed obavy spot\u0159ebitel\u016f a z\u00e1rove\u0148 prosp\u00edvaj\u00ed \u017eivotn\u00edmu prost\u0159ed\u00ed. LANDU st\u00e1le zkoum\u00e1 spr\u00e1vu \u017eivotn\u00edho cyklu produkt\u016f, podporuje recyklaci, znovupou\u017eit\u00ed nebo odpov\u011bdn\u00e9 likvidace. Tyto iniciativy n\u00e1m pom\u00e1haj\u00ed p\u0159isp\u00edvat k cirkul\u00e1rn\u00ed ekonomice a z\u00e1rove\u0148 splnit po\u017eadavky klient\u016f.\t\t\t\t\t\t\t\t<\/div>\n\t\t\t\t<\/div>\n\t\t\t\t<\/div>\n\t\t\t\t<\/div>\n\t\t\t\t\t<\/div>\n\t\t\t\t<\/div>\n\t\t<div class=\"elementor-element elementor-element-9c629ba e-flex e-con-boxed e-con e-parent\" data-id=\"9c629ba\" data-element_type=\"container\" data-settings=\"{&quot;ekit_has_onepagescroll_dot&quot;:&quot;yes&quot;}\">\n\t\t\t\t\t<div class=\"e-con-inner\">\n\t\t<div class=\"elementor-element elementor-element-83e462a e-con-full e-flex e-con e-child\" data-id=\"83e462a\" data-element_type=\"container\" data-settings=\"{&quot;background_background&quot;:&quot;classic&quot;,&quot;ekit_has_onepagescroll_dot&quot;:&quot;yes&quot;}\">\n\t\t<div class=\"elementor-element elementor-element-c9d4dba e-con-full e-flex e-con e-child\" data-id=\"c9d4dba\" data-element_type=\"container\" data-settings=\"{&quot;ekit_has_onepagescroll_dot&quot;:&quot;yes&quot;}\">\n\t\t\t\t<div class=\"elementor-element elementor-element-32047ef elementor-widget__width-inherit elementor-widget elementor-widget-image\" data-id=\"32047ef\" data-element_type=\"widget\" data-settings=\"{&quot;ekit_we_effect_on&quot;:&quot;none&quot;}\" data-widget_type=\"image.default\">\n\t\t\t\t<div class=\"elementor-widget-container\">\n\t\t\t\t\t\t\t\t\t\t\t\t\t\t\t<img decoding=\"async\" width=\"800\" height=\"533\" src=\"https:\/\/landuchem.com\/wp-content\/uploads\/2025\/04\/aerial-view-of-blue-colored-forest-lake-in-poland-1024x682.jpg\" class=\"attachment-large size-large wp-image-6203\" alt=\"Leteck\u00fd pohled na modr\u00fd lesn\u00ed jezero v Polsku\" srcset=\"https:\/\/landuchem.com\/wp-content\/uploads\/2025\/04\/aerial-view-of-blue-colored-forest-lake-in-poland-1024x682.jpg 1024w, https:\/\/landuchem.com\/wp-content\/uploads\/2025\/04\/aerial-view-of-blue-colored-forest-lake-in-poland-300x200.jpg 300w, https:\/\/landuchem.com\/wp-content\/uploads\/2025\/04\/aerial-view-of-blue-colored-forest-lake-in-poland-768x512.jpg 768w, https:\/\/landuchem.com\/wp-content\/uploads\/2025\/04\/aerial-view-of-blue-colored-forest-lake-in-poland-1536x1024.jpg 1536w, https:\/\/landuchem.com\/wp-content\/uploads\/2025\/04\/aerial-view-of-blue-colored-forest-lake-in-poland.jpg 2000w\" sizes=\"(max-width: 800px) 100vw, 800px\" \/>\t\t\t\t\t\t\t\t\t\t\t\t\t\t\t<\/div>\n\t\t\t\t<\/div>\n\t\t\t\t<\/div>\n\t\t<div class=\"elementor-element elementor-element-8055f6f e-con-full e-flex e-con e-child\" data-id=\"8055f6f\" data-element_type=\"container\" data-settings=\"{&quot;ekit_has_onepagescroll_dot&quot;:&quot;yes&quot;}\">\n\t\t\t\t<div class=\"elementor-element elementor-element-661c207 elementor-widget elementor-widget-heading\" data-id=\"661c207\" data-element_type=\"widget\" data-settings=\"{&quot;ekit_we_effect_on&quot;:&quot;none&quot;}\" data-widget_type=\"heading.default\">\n\t\t\t\t<div class=\"elementor-widget-container\">\n\t\t\t\t\t<h3 class=\"elementor-heading-title elementor-size-default\">Obhajoba a podpora<\/h3>\t\t\t\t<\/div>\n\t\t\t\t<\/div>\n\t\t\t\t<div class=\"elementor-element elementor-element-f4bca92 elementor-widget elementor-widget-text-editor\" data-id=\"f4bca92\" data-element_type=\"widget\" data-settings=\"{&quot;ekit_we_effect_on&quot;:&quot;none&quot;}\" data-widget_type=\"text-editor.default\">\n\t\t\t\t<div class=\"elementor-widget-container\">\n\t\t\t\t\t\t\t\t\tLANDU prosazuje udr\u017eitelnost s c\u00edlem zlep\u0161it hodnotu z\u00e1kazn\u00edka b\u011bhem jeho \u017eivotnosti a sn\u00ed\u017eit dopad na \u017eivotn\u00ed prost\u0159ed\u00ed. D\u00edky t\u011bmto snah\u00e1m budujeme a rozv\u00edj\u00edme vztahy s na\u0161imi z\u00e1kazn\u00edky t\u00edm, \u017ee jim umo\u017e\u0148ujeme dos\u00e1hnout udr\u017eitelnosti, zaji\u0161\u0165ujeme zelen\u00e9 standardy a posilujeme organizace k zelen\u00e9mu r\u016fstu.\t\t\t\t\t\t\t\t<\/div>\n\t\t\t\t<\/div>\n\t\t\t\t<\/div>\n\t\t\t\t<\/div>\n\t\t\t\t\t<\/div>\n\t\t\t\t<\/div>\n\t\t<div class=\"elementor-element elementor-element-05d8508 e-flex e-con-boxed e-con e-parent\" data-id=\"05d8508\" data-element_type=\"container\" data-settings=\"{&quot;ekit_has_onepagescroll_dot&quot;:&quot;yes&quot;}\">\n\t\t\t\t\t<div class=\"e-con-inner\">\n\t\t<div class=\"elementor-element elementor-element-d48beec e-con-full e-flex e-con e-child\" data-id=\"d48beec\" data-element_type=\"container\" data-settings=\"{&quot;background_background&quot;:&quot;classic&quot;,&quot;ekit_has_onepagescroll_dot&quot;:&quot;yes&quot;}\">\n\t\t<div class=\"elementor-element elementor-element-7a93235 e-con-full e-flex e-con e-child\" data-id=\"7a93235\" data-element_type=\"container\" data-settings=\"{&quot;ekit_has_onepagescroll_dot&quot;:&quot;yes&quot;}\">\n\t\t\t\t<div class=\"elementor-element elementor-element-16b5d17 elementor-widget__width-inherit elementor-widget elementor-widget-image\" data-id=\"16b5d17\" data-element_type=\"widget\" data-settings=\"{&quot;ekit_we_effect_on&quot;:&quot;none&quot;}\" data-widget_type=\"image.default\">\n\t\t\t\t<div class=\"elementor-widget-container\">\n\t\t\t\t\t\t\t\t\t\t\t\t\t\t\t<img decoding=\"async\" width=\"800\" height=\"534\" src=\"https:\/\/landuchem.com\/wp-content\/uploads\/2025\/04\/landu-factory-1024x683.jpg\" class=\"attachment-large size-large wp-image-6204\" alt=\"landu-factory\" srcset=\"https:\/\/landuchem.com\/wp-content\/uploads\/2025\/04\/landu-factory-1024x683.jpg 1024w, https:\/\/landuchem.com\/wp-content\/uploads\/2025\/04\/landu-factory-300x200.jpg 300w, https:\/\/landuchem.com\/wp-content\/uploads\/2025\/04\/landu-factory-768x512.jpg 768w, https:\/\/landuchem.com\/wp-content\/uploads\/2025\/04\/landu-factory-1536x1024.jpg 1536w, https:\/\/landuchem.com\/wp-content\/uploads\/2025\/04\/landu-factory-2048x1365.jpg 2048w\" sizes=\"(max-width: 800px) 100vw, 800px\" \/>\t\t\t\t\t\t\t\t\t\t\t\t\t\t\t<\/div>\n\t\t\t\t<\/div>\n\t\t\t\t<\/div>\n\t\t<div class=\"elementor-element elementor-element-58614c6 e-con-full e-flex e-con e-child\" data-id=\"58614c6\" data-element_type=\"container\" data-settings=\"{&quot;ekit_has_onepagescroll_dot&quot;:&quot;yes&quot;}\">\n\t\t\t\t<div class=\"elementor-element elementor-element-5ce2663 elementor-widget elementor-widget-heading\" data-id=\"5ce2663\" data-element_type=\"widget\" data-settings=\"{&quot;ekit_we_effect_on&quot;:&quot;none&quot;}\" data-widget_type=\"heading.default\">\n\t\t\t\t<div class=\"elementor-widget-container\">\n\t\t\t\t\t<h3 class=\"elementor-heading-title elementor-size-default\">Investi\u010dn\u00ed cesty<\/h3>\t\t\t\t<\/div>\n\t\t\t\t<\/div>\n\t\t\t\t<div class=\"elementor-element elementor-element-8f48361 elementor-widget elementor-widget-text-editor\" data-id=\"8f48361\" data-element_type=\"widget\" data-settings=\"{&quot;ekit_we_effect_on&quot;:&quot;none&quot;}\" data-widget_type=\"text-editor.default\">\n\t\t\t\t<div class=\"elementor-widget-container\">\n\t\t\t\t\t\t\t\t\tLANDU z\u016fst\u00e1v\u00e1 na \u0161pici dlouhodob\u00e9 cesty k napln\u011bn\u00ed popt\u00e1vky po udr\u017eiteln\u00fdch investic\u00edch. Sponzorstv\u00ed mohou pozitivn\u011b ovlivnit \u017eivotn\u00ed prost\u0159ed\u00ed a prok\u00e1zat n\u00e1\u0161 z\u00e1vazek v\u016f\u010di z\u00e1kazn\u00edk\u016fm a partner\u016fm. Jsme odpov\u011bdn\u00ed za vytv\u00e1\u0159en\u00ed m\u011b\u0159iteln\u00fdch rozd\u00edl\u016f v boji proti zm\u011bn\u011b klimatu, nap\u0159\u00edklad subvencov\u00e1n\u00edm projekt\u016f v\u00fdsadby nebo investicemi do za\u0159\u00edzen\u00ed na \u010di\u0161t\u011bn\u00ed odpadn\u00edho plynu a odpadn\u00edch vod.\t\t\t\t\t\t\t\t<\/div>\n\t\t\t\t<\/div>\n\t\t\t\t<\/div>\n\t\t\t\t<\/div>\n\t\t\t\t\t<\/div>\n\t\t\t\t<\/div>\n\t\t\t\t<\/div>","protected":false},"excerpt":{"rendered":"<p>Integrating Sustainability into Customer Success At LANDU NOVASTAR, we recognize that sustainability is a shared journey. As our awareness of climate risks and resource vulnerability is increasing, LANDU carries approaches to customer solutions that are deeply rooted in collaboration, where we work hand-in-hand with clients to integrate eco-friendly practices into their operations. LANDU NOVASTAR&#8217;s Collaborative [&hellip;]<\/p>","protected":false},"author":1,"featured_media":0,"parent":4553,"menu_order":0,"comment_status":"closed","ping_status":"closed","template":"elementor_header_footer","meta":{"footnotes":""},"class_list":["post-6121","page","type-page","status-publish","hentry"],"_links":{"self":[{"href":"https:\/\/landuchem.com\/cs\/wp-json\/wp\/v2\/pages\/6121","targetHints":{"allow":["GET"]}}],"collection":[{"href":"https:\/\/landuchem.com\/cs\/wp-json\/wp\/v2\/pages"}],"about":[{"href":"https:\/\/landuchem.com\/cs\/wp-json\/wp\/v2\/types\/page"}],"author":[{"embeddable":true,"href":"https:\/\/landuchem.com\/cs\/wp-json\/wp\/v2\/users\/1"}],"replies":[{"embeddable":true,"href":"https:\/\/landuchem.com\/cs\/wp-json\/wp\/v2\/comments?post=6121"}],"version-history":[{"count":13,"href":"https:\/\/landuchem.com\/cs\/wp-json\/wp\/v2\/pages\/6121\/revisions"}],"predecessor-version":[{"id":13047,"href":"https:\/\/landuchem.com\/cs\/wp-json\/wp\/v2\/pages\/6121\/revisions\/13047"}],"up":[{"embeddable":true,"href":"https:\/\/landuchem.com\/cs\/wp-json\/wp\/v2\/pages\/4553"}],"wp:attachment":[{"href":"https:\/\/landuchem.com\/cs\/wp-json\/wp\/v2\/media?parent=6121"}],"curies":[{"name":"wp","href":"https:\/\/api.w.org\/{rel}","templated":true}]}}