{"id":10136,"date":"2025-04-28T10:07:23","date_gmt":"2025-04-28T10:07:23","guid":{"rendered":"https:\/\/landuchem.com\/?page_id=10136"},"modified":"2025-08-27T02:10:01","modified_gmt":"2025-08-27T02:10:01","slug":"podpora-prosperity-spolecnosti-a-ekonomiky","status":"publish","type":"page","link":"https:\/\/landuchem.com\/cs\/udrzitelnost\/podpora-prosperity-spolecnosti-a-ekonomiky\/","title":{"rendered":"Blaho: podpora spole\u010dnosti a ekonomiky"},"content":{"rendered":"<div data-elementor-type=\"wp-page\" data-elementor-id=\"10136\" class=\"elementor elementor-10136\" data-elementor-post-type=\"page\">\n\t\t\t\t\t\t<section class=\"elementor-section elementor-top-section elementor-element elementor-element-ee3f289 elementor-reverse-mobile elementor-section-boxed elementor-section-height-default elementor-section-height-default\" data-id=\"ee3f289\" data-element_type=\"section\" data-settings=\"{&quot;background_background&quot;:&quot;classic&quot;,&quot;ekit_has_onepagescroll_dot&quot;:&quot;yes&quot;}\">\n\t\t\t\t\t\t\t<div class=\"elementor-background-overlay\"><\/div>\n\t\t\t\t\t\t\t<div class=\"elementor-container elementor-column-gap-default\">\n\t\t\t\t\t<div class=\"elementor-column elementor-col-100 elementor-top-column elementor-element elementor-element-eb28f2f\" data-id=\"eb28f2f\" data-element_type=\"column\">\n\t\t\t<div class=\"elementor-widget-wrap elementor-element-populated\">\n\t\t\t\t\t\t<section class=\"elementor-section elementor-inner-section elementor-element elementor-element-848d030 elementor-section-content-middle elementor-section-boxed elementor-section-height-default elementor-section-height-default\" data-id=\"848d030\" data-element_type=\"section\" data-settings=\"{&quot;ekit_has_onepagescroll_dot&quot;:&quot;yes&quot;}\">\n\t\t\t\t\t\t<div class=\"elementor-container elementor-column-gap-default\">\n\t\t\t\t\t<div class=\"elementor-column elementor-col-100 elementor-inner-column elementor-element elementor-element-13769ef\" data-id=\"13769ef\" data-element_type=\"column\">\n\t\t\t<div class=\"elementor-widget-wrap elementor-element-populated\">\n\t\t\t\t\t\t\t<\/div>\n\t\t<\/div>\n\t\t\t\t\t<\/div>\n\t\t<\/section>\n\t\t\t\t\t<\/div>\n\t\t<\/div>\n\t\t\t\t\t<\/div>\n\t\t<\/section>\n\t\t<div class=\"elementor-element elementor-element-e22da7a e-flex e-con-boxed e-con e-parent\" data-id=\"e22da7a\" data-element_type=\"container\" data-settings=\"{&quot;background_background&quot;:&quot;classic&quot;,&quot;ekit_has_onepagescroll_dot&quot;:&quot;yes&quot;}\">\n\t\t\t\t\t<div class=\"e-con-inner\">\n\t\t<div class=\"elementor-element elementor-element-df462c4 e-grid e-con-full e-con e-child\" data-id=\"df462c4\" data-element_type=\"container\" data-settings=\"{&quot;ekit_has_onepagescroll_dot&quot;:&quot;yes&quot;}\">\n\t\t<div class=\"elementor-element elementor-element-e674372 e-con-full e-flex e-con e-child\" data-id=\"e674372\" data-element_type=\"container\" data-settings=\"{&quot;ekit_has_onepagescroll_dot&quot;:&quot;yes&quot;}\">\n\t\t\t\t<div class=\"elementor-element elementor-element-fa6598c elementor-widget elementor-widget-image\" data-id=\"fa6598c\" data-element_type=\"widget\" data-settings=\"{&quot;ekit_we_effect_on&quot;:&quot;none&quot;}\" data-widget_type=\"image.default\">\n\t\t\t\t<div class=\"elementor-widget-container\">\n\t\t\t\t\t\t\t\t\t\t\t\t\t\t\t<img fetchpriority=\"high\" decoding=\"async\" width=\"800\" height=\"533\" src=\"https:\/\/landuchem.com\/wp-content\/uploads\/2025\/04\/kids-playing-1024x682.jpg\" class=\"attachment-large size-large wp-image-10146\" alt=\"D\u011bti si hraj\u00ed\" srcset=\"https:\/\/landuchem.com\/wp-content\/uploads\/2025\/04\/kids-playing-1024x682.jpg 1024w, https:\/\/landuchem.com\/wp-content\/uploads\/2025\/04\/kids-playing-300x200.jpg 300w, https:\/\/landuchem.com\/wp-content\/uploads\/2025\/04\/kids-playing-768x512.jpg 768w, https:\/\/landuchem.com\/wp-content\/uploads\/2025\/04\/kids-playing-1536x1024.jpg 1536w, https:\/\/landuchem.com\/wp-content\/uploads\/2025\/04\/kids-playing.jpg 2000w\" sizes=\"(max-width: 800px) 100vw, 800px\" \/>\t\t\t\t\t\t\t\t\t\t\t\t\t\t\t<\/div>\n\t\t\t\t<\/div>\n\t\t\t\t<div class=\"elementor-element elementor-element-3f23be0 elementor-widget elementor-widget-heading\" data-id=\"3f23be0\" data-element_type=\"widget\" data-settings=\"{&quot;ekit_we_effect_on&quot;:&quot;none&quot;}\" data-widget_type=\"heading.default\">\n\t\t\t\t<div class=\"elementor-widget-container\">\n\t\t\t\t\t<h2 class=\"elementor-heading-title elementor-size-default\">Spolupr\u00e1ce na vzd\u011bl\u00e1v\u00e1n\u00ed: partnerstv\u00ed pro znalosti<\/h2>\t\t\t\t<\/div>\n\t\t\t\t<\/div>\n\t\t\t\t<div class=\"elementor-element elementor-element-9fc114b elementor-widget elementor-widget-text-editor\" data-id=\"9fc114b\" data-element_type=\"widget\" data-settings=\"{&quot;ekit_we_effect_on&quot;:&quot;none&quot;}\" data-widget_type=\"text-editor.default\">\n\t\t\t\t<div class=\"elementor-widget-container\">\n\t\t\t\t\t\t\t\t\tLANDU podporuje prosperitu prost\u0159ednictv\u00edm vzd\u011bl\u00e1vac\u00edch partnerstv\u00ed: offline p\u0159edn\u00e1\u0161ky sni\u017euj\u00ed opakov\u00e1n\u00ed pr\u00e1ce 35%, online meta-prostor spojuje pr\u016fmysl a akademickou sf\u00e9ru inovacemi.\t\t\t\t\t\t\t\t<\/div>\n\t\t\t\t<\/div>\n\t\t\t\t<div class=\"elementor-element elementor-element-d040c4e elementor-widget elementor-widget-button\" data-id=\"d040c4e\" data-element_type=\"widget\" data-settings=\"{&quot;ekit_we_effect_on&quot;:&quot;none&quot;}\" data-widget_type=\"button.default\">\n\t\t\t\t<div class=\"elementor-widget-container\">\n\t\t\t\t\t\t\t\t\t<div class=\"elementor-button-wrapper\">\n\t\t\t\t\t<a class=\"elementor-button elementor-button-link elementor-size-sm\" href=\"https:\/\/landuchem.com\/cs\/udrzitelnost\/podpora-prosperity-spolecnosti-a-ekonomiky\/spoluprace-na-vzdelavani-partnerstvi-pro-znalosti\/\" target=\"_blank\">\n\t\t\t\t\t\t<span class=\"elementor-button-content-wrapper\">\n\t\t\t\t\t\t\t\t\t<span class=\"elementor-button-text\">Zjistit v\u00edce<\/span>\n\t\t\t\t\t<\/span>\n\t\t\t\t\t<\/a>\n\t\t\t\t<\/div>\n\t\t\t\t\t\t\t\t<\/div>\n\t\t\t\t<\/div>\n\t\t\t\t<\/div>\n\t\t<div class=\"elementor-element elementor-element-17111b8 e-con-full e-flex e-con e-child\" data-id=\"17111b8\" data-element_type=\"container\" data-settings=\"{&quot;ekit_has_onepagescroll_dot&quot;:&quot;yes&quot;}\">\n\t\t\t\t<div class=\"elementor-element elementor-element-011e6e8 elementor-widget elementor-widget-image\" data-id=\"011e6e8\" data-element_type=\"widget\" data-settings=\"{&quot;ekit_we_effect_on&quot;:&quot;none&quot;}\" data-widget_type=\"image.default\">\n\t\t\t\t<div class=\"elementor-widget-container\">\n\t\t\t\t\t\t\t\t\t\t\t\t\t\t\t<img decoding=\"async\" width=\"800\" height=\"535\" src=\"https:\/\/landuchem.com\/wp-content\/uploads\/2025\/04\/leader-influencer-role-model-followers-concept--1024x685.jpg\" class=\"attachment-large size-large wp-image-10147\" alt=\"V\u016fdce, influencer, vzor, koncept n\u00e1sledovn\u00edk\u016f.\" srcset=\"https:\/\/landuchem.com\/wp-content\/uploads\/2025\/04\/leader-influencer-role-model-followers-concept--1024x685.jpg 1024w, https:\/\/landuchem.com\/wp-content\/uploads\/2025\/04\/leader-influencer-role-model-followers-concept--300x201.jpg 300w, https:\/\/landuchem.com\/wp-content\/uploads\/2025\/04\/leader-influencer-role-model-followers-concept--768x513.jpg 768w, https:\/\/landuchem.com\/wp-content\/uploads\/2025\/04\/leader-influencer-role-model-followers-concept--1536x1027.jpg 1536w, https:\/\/landuchem.com\/wp-content\/uploads\/2025\/04\/leader-influencer-role-model-followers-concept-.jpg 2000w\" sizes=\"(max-width: 800px) 100vw, 800px\" \/>\t\t\t\t\t\t\t\t\t\t\t\t\t\t\t<\/div>\n\t\t\t\t<\/div>\n\t\t\t\t<div class=\"elementor-element elementor-element-725bc0c elementor-widget elementor-widget-heading\" data-id=\"725bc0c\" data-element_type=\"widget\" data-settings=\"{&quot;ekit_we_effect_on&quot;:&quot;none&quot;}\" data-widget_type=\"heading.default\">\n\t\t\t\t<div class=\"elementor-widget-container\">\n\t\t\t\t\t<h2 class=\"elementor-heading-title elementor-size-default\">Pracovn\u00ed m\u00edsta a ekonomick\u00e9 dopady<\/h2>\t\t\t\t<\/div>\n\t\t\t\t<\/div>\n\t\t\t\t<div class=\"elementor-element elementor-element-f6d18b0 elementor-widget elementor-widget-text-editor\" data-id=\"f6d18b0\" data-element_type=\"widget\" data-settings=\"{&quot;ekit_we_effect_on&quot;:&quot;none&quot;}\" data-widget_type=\"text-editor.default\">\n\t\t\t\t<div class=\"elementor-widget-container\">\n\t\t\t\t\t\t\t\t\tProgram m\u00edstn\u00ed zam\u011bstnanosti a rozvoje dovednost\u00ed LANDU \u0159e\u0161\u00ed nedostatek pracovn\u00edch sil, st\u00e1rnut\u00ed populace a region\u00e1ln\u00ed mezery prost\u0159ednictv\u00edm c\u00edlen\u00e9ho \u0161kolen\u00ed a modernizace pr\u016fmyslu.\t\t\t\t\t\t\t\t<\/div>\n\t\t\t\t<\/div>\n\t\t\t\t<div class=\"elementor-element elementor-element-93bcf42 elementor-widget elementor-widget-button\" data-id=\"93bcf42\" data-element_type=\"widget\" data-settings=\"{&quot;ekit_we_effect_on&quot;:&quot;none&quot;}\" data-widget_type=\"button.default\">\n\t\t\t\t<div class=\"elementor-widget-container\">\n\t\t\t\t\t\t\t\t\t<div class=\"elementor-button-wrapper\">\n\t\t\t\t\t<a class=\"elementor-button elementor-button-link elementor-size-sm\" href=\"https:\/\/landuchem.com\/cs\/udrzitelnost\/podpora-prosperity-spolecnosti-a-ekonomiky\/pracovni-mista-a-ekonomicke-vlnove-efekty\/\" target=\"_blank\">\n\t\t\t\t\t\t<span class=\"elementor-button-content-wrapper\">\n\t\t\t\t\t\t\t\t\t<span class=\"elementor-button-text\">Zjistit v\u00edce<\/span>\n\t\t\t\t\t<\/span>\n\t\t\t\t\t<\/a>\n\t\t\t\t<\/div>\n\t\t\t\t\t\t\t\t<\/div>\n\t\t\t\t<\/div>\n\t\t\t\t<\/div>\n\t\t<div class=\"elementor-element elementor-element-0356a07 e-con-full e-flex e-con e-child\" data-id=\"0356a07\" data-element_type=\"container\" data-settings=\"{&quot;ekit_has_onepagescroll_dot&quot;:&quot;yes&quot;}\">\n\t\t\t\t<div class=\"elementor-element elementor-element-8799a05 elementor-widget elementor-widget-image\" data-id=\"8799a05\" data-element_type=\"widget\" data-settings=\"{&quot;ekit_we_effect_on&quot;:&quot;none&quot;}\" data-widget_type=\"image.default\">\n\t\t\t\t<div class=\"elementor-widget-container\">\n\t\t\t\t\t\t\t\t\t\t\t\t\t\t\t<img decoding=\"async\" width=\"800\" height=\"533\" src=\"https:\/\/landuchem.com\/wp-content\/uploads\/2025\/04\/support-young-asian-businessman-shaking-hands-with-partner-after-completion-and-successful-financia-1024x682.jpg\" class=\"attachment-large size-large wp-image-10148\" alt=\"Podpora, mlad\u00fd asijsk\u00fd podnikatel pod\u00e1v\u00e1 ruku partnerovi po dokon\u010den\u00ed a \u00fasp\u011b\u0161n\u00e9m financov\u00e1n\u00ed\" srcset=\"https:\/\/landuchem.com\/wp-content\/uploads\/2025\/04\/support-young-asian-businessman-shaking-hands-with-partner-after-completion-and-successful-financia-1024x682.jpg 1024w, https:\/\/landuchem.com\/wp-content\/uploads\/2025\/04\/support-young-asian-businessman-shaking-hands-with-partner-after-completion-and-successful-financia-300x200.jpg 300w, https:\/\/landuchem.com\/wp-content\/uploads\/2025\/04\/support-young-asian-businessman-shaking-hands-with-partner-after-completion-and-successful-financia-768x512.jpg 768w, https:\/\/landuchem.com\/wp-content\/uploads\/2025\/04\/support-young-asian-businessman-shaking-hands-with-partner-after-completion-and-successful-financia-1536x1024.jpg 1536w, https:\/\/landuchem.com\/wp-content\/uploads\/2025\/04\/support-young-asian-businessman-shaking-hands-with-partner-after-completion-and-successful-financia.jpg 2000w\" sizes=\"(max-width: 800px) 100vw, 800px\" \/>\t\t\t\t\t\t\t\t\t\t\t\t\t\t\t<\/div>\n\t\t\t\t<\/div>\n\t\t\t\t<div class=\"elementor-element elementor-element-65b9b1c elementor-widget elementor-widget-heading\" data-id=\"65b9b1c\" data-element_type=\"widget\" data-settings=\"{&quot;ekit_we_effect_on&quot;:&quot;none&quot;}\" data-widget_type=\"heading.default\">\n\t\t\t\t<div class=\"elementor-widget-container\">\n\t\t\t\t\t<h2 class=\"elementor-heading-title elementor-size-default\">Sponzorstv\u00ed: podpora a partnerstv\u00ed<\/h2>\t\t\t\t<\/div>\n\t\t\t\t<\/div>\n\t\t\t\t<div class=\"elementor-element elementor-element-285a4b9 elementor-widget elementor-widget-text-editor\" data-id=\"285a4b9\" data-element_type=\"widget\" data-settings=\"{&quot;ekit_we_effect_on&quot;:&quot;none&quot;}\" data-widget_type=\"text-editor.default\">\n\t\t\t\t<div class=\"elementor-widget-container\">\n\t\t\t\t\t\t\t\t\tLANDU podporuje prosperitu prost\u0159ednictv\u00edm technologi\u00ed s n\u00edzkou uhl\u00edkovou stopou, program\u016f odolnosti venkova a \u0161kolen\u00ed zelen\u00e9 chemie pro udr\u017eiteln\u00fd rozvoj.\t\t\t\t\t\t\t\t<\/div>\n\t\t\t\t<\/div>\n\t\t\t\t<div class=\"elementor-element elementor-element-4d3f660 elementor-widget elementor-widget-button\" data-id=\"4d3f660\" data-element_type=\"widget\" data-settings=\"{&quot;ekit_we_effect_on&quot;:&quot;none&quot;}\" data-widget_type=\"button.default\">\n\t\t\t\t<div class=\"elementor-widget-container\">\n\t\t\t\t\t\t\t\t\t<div class=\"elementor-button-wrapper\">\n\t\t\t\t\t<a class=\"elementor-button elementor-button-link elementor-size-sm\" href=\"https:\/\/landuchem.com\/cs\/udrzitelnost\/podpora-prosperity-spolecnosti-a-ekonomiky\/sponzorstvi-podpora-a-partnerstvi\/\" target=\"_blank\">\n\t\t\t\t\t\t<span class=\"elementor-button-content-wrapper\">\n\t\t\t\t\t\t\t\t\t<span class=\"elementor-button-text\">Zjistit v\u00edce<\/span>\n\t\t\t\t\t<\/span>\n\t\t\t\t\t<\/a>\n\t\t\t\t<\/div>\n\t\t\t\t\t\t\t\t<\/div>\n\t\t\t\t<\/div>\n\t\t\t\t<\/div>\n\t\t\t\t<\/div>\n\t\t\t\t\t<\/div>\n\t\t\t\t<\/div>\n\t\t\t\t<\/div>","protected":false},"excerpt":{"rendered":"<p>Collaborate on Education: Partnering for Knowledge LANDU drives prosperity through education partnerships: offline lectures cut rework 35%, online meta-space bridges industry-academia innovation. Learn more Jobs and Economic Ripple Effects LANDU&#8217;s Local Employment and Skill Development Program tackles workforce shortages, aging populations, and regional gaps through targeted training and industrial upgrades. Learn more Sponsorship: Supporting and [&hellip;]<\/p>","protected":false},"author":1,"featured_media":0,"parent":496,"menu_order":0,"comment_status":"closed","ping_status":"closed","template":"elementor_header_footer","meta":{"footnotes":""},"class_list":["post-10136","page","type-page","status-publish","hentry"],"_links":{"self":[{"href":"https:\/\/landuchem.com\/cs\/wp-json\/wp\/v2\/pages\/10136","targetHints":{"allow":["GET"]}}],"collection":[{"href":"https:\/\/landuchem.com\/cs\/wp-json\/wp\/v2\/pages"}],"about":[{"href":"https:\/\/landuchem.com\/cs\/wp-json\/wp\/v2\/types\/page"}],"author":[{"embeddable":true,"href":"https:\/\/landuchem.com\/cs\/wp-json\/wp\/v2\/users\/1"}],"replies":[{"embeddable":true,"href":"https:\/\/landuchem.com\/cs\/wp-json\/wp\/v2\/comments?post=10136"}],"version-history":[{"count":14,"href":"https:\/\/landuchem.com\/cs\/wp-json\/wp\/v2\/pages\/10136\/revisions"}],"predecessor-version":[{"id":13004,"href":"https:\/\/landuchem.com\/cs\/wp-json\/wp\/v2\/pages\/10136\/revisions\/13004"}],"up":[{"embeddable":true,"href":"https:\/\/landuchem.com\/cs\/wp-json\/wp\/v2\/pages\/496"}],"wp:attachment":[{"href":"https:\/\/landuchem.com\/cs\/wp-json\/wp\/v2\/media?parent=10136"}],"curies":[{"name":"wp","href":"https:\/\/api.w.org\/{rel}","templated":true}]}}